{"id":39330,"date":"2024-05-17T10:15:57","date_gmt":"2024-05-17T08:15:57","guid":{"rendered":"https:\/\/dev.93-93-113-41.plesk.page\/producto\/balon-intragastrico-12-meses-reajustable\/"},"modified":"2024-05-17T10:15:57","modified_gmt":"2024-05-17T08:15:57","slug":"balon-intragastrico-12-meses-reajustable","status":"publish","type":"product","link":"https:\/\/dev.93-93-113-41.plesk.page\/ru\/\u043f\u0440\u043e\u0434\u0443\u043a\u0442\/balon-intragastrico-12-meses-reajustable\/","title":{"rendered":"Bal\u00f3n Intrag\u00e1strico 12 meses reajustable"},"content":{"rendered":"<p>Est\u00e1 indicado para aquellas personas que han probado todo tipo de dietas para adelgazar y no han conseguido los resultados esperados.<\/p>\n<p>Sin cirug\u00eda, el Bal\u00f3n Intrag\u00e1strico consiste en introducir en el interior del est\u00f3mago, por v\u00eda endosc\u00f3pica, un globo de silicona con contenido de suero fisiol\u00f3gico, que se mantiene durante un m\u00e1ximo de 12 meses.<\/p>\n<p>La gran ventaja del Bal\u00f3n Intrag\u00e1strico Endosc\u00f3pico de 12 meses reajustable, es que permite ampliar el tiempo de permanencia dentro del est\u00f3mago del paciente, garantizando una mayor p\u00e9rdida de peso.<\/p>\n<p>Es reajustable y permite modificar su tama\u00f1o y volumen durante los meses de tratamiento, adapt\u00e1ndose a las caracter\u00edsticas particulares de cada paciente, recuperando en caso necesario, la sensaci\u00f3n de saciedad para continuar con la p\u00e9rdida de peso.<\/p>\n<p>Al ampliar el periodo de permanencia dentro del est\u00f3mago, el paciente dispone de tiempo suficiente no s\u00f3lo para perder peso, sino tambi\u00e9n para modificar los h\u00e1bitos diet\u00e9ticos y sociales que le provocan el aumento de peso.<\/p>\n<p>Tras este periodo, se extrae por v\u00eda endosc\u00f3pica y bajo anestesia profunda.<\/p>\n<p>Este tratamiento endosc\u00f3pico est\u00e1 indicado para pacientes con Sobrepeso y Obesidad tipo I, II y en algunos casos de Obesidad tipo III-IV que precisen someterse a un programa educacional de al menos un a\u00f1o de duraci\u00f3n.<\/p>\n<p>El equipo multidisciplinar de m\u00e9dicos especialistas en Aparato Digestivo-Endoscopia, Endocrinolog\u00eda, Nutrici\u00f3n y Diet\u00e9tica y Psicolog\u00eda Cl\u00ednica, valoran siempre la situaci\u00f3n personal y cl\u00ednica de cada paciente para determinar el mejor tratamiento, dependiendo del grado y nivel de Sobrepeso u Obesidad que presente.<\/p>\n<p><a href=\"https:\/\/dev.93-93-113-41.plesk.page\/ru\/%d0%bc%d0%b5%d0%b4%d0%b8%d1%86%d0%b8%d0%bd%d1%81%d0%ba%d0%b8%d0%b5-%d1%83%d1%81%d0%bb%d1%83%d0%b3%d0%b8-%d0%ba%d0%bb%d0%b8%d0%bd%d0%b8%d0%ba%d0%b0-%d1%81%d0%b5%d1%80%d0%b2%d0%b8%d0%b4%d0%b8%d0%b3\/izbytochnyj-ves-i-ozhirenie\/vnutrizheludochnyj-ballon\/\">Ampliar informaci\u00f3n sobre el Bal\u00f3n Intrag\u00e1strico<\/a><\/p>\n","protected":false},"excerpt":{"rendered":"<div class=\"mh-excerpt\"><p>Tratamiento endosc\u00f3pico para la obesidad.<\/p>\n<p>El Bal\u00f3n Intrag\u00e1strico es un globo de silicona de alta calidad que se coloca en el interior del est\u00f3mago por v\u00eda endosc\u00f3pica, produciendo sensaci\u00f3n de saciedad.<\/p>\n<p>En Cl\u00ednica ServiDigest ofrecemos financiaci\u00f3n personalizada y las mejores condiciones.<\/p>\n<p><a href=\"https:\/\/www.servidigest.com\/financiacion\/\" target=\"_blank\" rel=\"noopener noreferrer\">Financiaci\u00f3n<\/a><\/p>\n<p><a href=\"https:\/\/www.servidigest.com\/condiciones-generales-de-contratacion\/\" target=\"_blank\" rel=\"noopener noreferrer\">Condiciones de contrataci\u00f3n<\/a> <a class=\"mh-excerpt-more\" href=\"https:\/\/dev.93-93-113-41.plesk.page\/ru\/\u043f\u0440\u043e\u0434\u0443\u043a\u0442\/balon-intragastrico-12-meses-reajustable\/\" title=\"Bal\u00f3n Intrag\u00e1strico 12 meses reajustable\">[&#8230;]<\/a><\/p>\n<\/div>","protected":false},"featured_media":39326,"comment_status":"open","ping_status":"closed","template":"","meta":[],"product_cat":[928],"product_tag":[],"class_list":{"0":"post-39330","1":"product","2":"type-product","3":"status-publish","4":"has-post-thumbnail","6":"product_cat-928","8":"first","9":"instock","10":"shipping-taxable","11":"purchasable","12":"product-type-simple"},"yoast_head":"<!-- This site is optimized with the Yoast SEO plugin v22.6 - https:\/\/yoast.com\/wordpress\/plugins\/seo\/ -->\n<title>Bal\u00f3n Intrag\u00e1strico 12 meses reajustable - Servidigest<\/title>\n<meta name=\"robots\" content=\"index, follow, max-snippet:-1, max-image-preview:large, max-video-preview:-1\" \/>\n<link rel=\"canonical\" href=\"https:\/\/dev.93-93-113-41.plesk.page\/ru\/\u043f\u0440\u043e\u0434\u0443\u043a\u0442\/balon-intragastrico-12-meses-reajustable\/\" \/>\n<meta property=\"og:locale\" content=\"ru_RU\" \/>\n<meta property=\"og:type\" content=\"article\" \/>\n<meta property=\"og:title\" content=\"Bal\u00f3n Intrag\u00e1strico 12 meses reajustable - Servidigest\" \/>\n<meta property=\"og:description\" content=\"Tratamiento endosc\u00f3pico para la obesidad.  El Bal\u00f3n Intrag\u00e1strico es un globo de silicona de alta calidad que se coloca en el interior del est\u00f3mago por v\u00eda endosc\u00f3pica, produciendo sensaci\u00f3n de saciedad.  En Cl\u00ednica ServiDigest ofrecemos financiaci\u00f3n personalizada y las mejores condiciones.  Financiaci\u00f3n  Condiciones de contrataci\u00f3n [...]\" \/>\n<meta property=\"og:url\" content=\"https:\/\/dev.93-93-113-41.plesk.page\/ru\/\u043f\u0440\u043e\u0434\u0443\u043a\u0442\/balon-intragastrico-12-meses-reajustable\/\" \/>\n<meta property=\"og:site_name\" content=\"Servidigest\" \/>\n<meta property=\"article:publisher\" content=\"https:\/\/www.facebook.com\/servidigest\" \/>\n<meta property=\"og:image\" content=\"https:\/\/dev.93-93-113-41.plesk.page\/wp-content\/uploads\/2024\/05\/Balon-Intragastrico-12-meses-reajustable.jpg\" \/>\n\t<meta property=\"og:image:width\" content=\"700\" \/>\n\t<meta property=\"og:image:height\" content=\"495\" \/>\n\t<meta property=\"og:image:type\" content=\"image\/jpeg\" \/>\n<meta name=\"twitter:card\" content=\"summary_large_image\" \/>\n<meta name=\"twitter:site\" content=\"@servidigest\" \/>\n<meta name=\"twitter:label1\" content=\"Est. reading time\" \/>\n\t<meta name=\"twitter:data1\" content=\"1 minute\" \/>\n<script type=\"application\/ld+json\" class=\"yoast-schema-graph\">{\"@context\":\"https:\/\/schema.org\",\"@graph\":[{\"@type\":\"WebPage\",\"@id\":\"https:\/\/dev.93-93-113-41.plesk.page\/ru\/\u043f\u0440\u043e\u0434\u0443\u043a\u0442\/balon-intragastrico-12-meses-reajustable\/\",\"url\":\"https:\/\/dev.93-93-113-41.plesk.page\/ru\/\u043f\u0440\u043e\u0434\u0443\u043a\u0442\/balon-intragastrico-12-meses-reajustable\/\",\"name\":\"Bal\u00f3n Intrag\u00e1strico 12 meses reajustable - Servidigest\",\"isPartOf\":{\"@id\":\"https:\/\/dev.93-93-113-41.plesk.page\/ru\/#website\"},\"primaryImageOfPage\":{\"@id\":\"https:\/\/dev.93-93-113-41.plesk.page\/ru\/\u043f\u0440\u043e\u0434\u0443\u043a\u0442\/balon-intragastrico-12-meses-reajustable\/#primaryimage\"},\"image\":{\"@id\":\"https:\/\/dev.93-93-113-41.plesk.page\/ru\/\u043f\u0440\u043e\u0434\u0443\u043a\u0442\/balon-intragastrico-12-meses-reajustable\/#primaryimage\"},\"thumbnailUrl\":\"https:\/\/dev.93-93-113-41.plesk.page\/wp-content\/uploads\/2024\/05\/Balon-Intragastrico-12-meses-reajustable.jpg\",\"datePublished\":\"2024-05-17T08:15:57+00:00\",\"dateModified\":\"2024-05-17T08:15:57+00:00\",\"breadcrumb\":{\"@id\":\"https:\/\/dev.93-93-113-41.plesk.page\/ru\/\u043f\u0440\u043e\u0434\u0443\u043a\u0442\/balon-intragastrico-12-meses-reajustable\/#breadcrumb\"},\"inLanguage\":\"ru-RU\",\"potentialAction\":[{\"@type\":\"ReadAction\",\"target\":[\"https:\/\/dev.93-93-113-41.plesk.page\/ru\/\u043f\u0440\u043e\u0434\u0443\u043a\u0442\/balon-intragastrico-12-meses-reajustable\/\"]}]},{\"@type\":\"ImageObject\",\"inLanguage\":\"ru-RU\",\"@id\":\"https:\/\/dev.93-93-113-41.plesk.page\/ru\/\u043f\u0440\u043e\u0434\u0443\u043a\u0442\/balon-intragastrico-12-meses-reajustable\/#primaryimage\",\"url\":\"https:\/\/dev.93-93-113-41.plesk.page\/wp-content\/uploads\/2024\/05\/Balon-Intragastrico-12-meses-reajustable.jpg\",\"contentUrl\":\"https:\/\/dev.93-93-113-41.plesk.page\/wp-content\/uploads\/2024\/05\/Balon-Intragastrico-12-meses-reajustable.jpg\",\"width\":700,\"height\":495},{\"@type\":\"BreadcrumbList\",\"@id\":\"https:\/\/dev.93-93-113-41.plesk.page\/ru\/\u043f\u0440\u043e\u0434\u0443\u043a\u0442\/balon-intragastrico-12-meses-reajustable\/#breadcrumb\",\"itemListElement\":[{\"@type\":\"ListItem\",\"position\":1,\"name\":\"Tienda\",\"item\":\"https:\/\/dev.93-93-113-41.plesk.page\/tienda\/\"},{\"@type\":\"ListItem\",\"position\":2,\"name\":\"Bal\u00f3n Intrag\u00e1strico 12 meses reajustable\"}]},{\"@type\":\"WebSite\",\"@id\":\"https:\/\/dev.93-93-113-41.plesk.page\/ru\/#website\",\"url\":\"https:\/\/dev.93-93-113-41.plesk.page\/ru\/\",\"name\":\"Servidigest\",\"description\":\"\",\"publisher\":{\"@id\":\"https:\/\/dev.93-93-113-41.plesk.page\/ru\/#organization\"},\"potentialAction\":[{\"@type\":\"SearchAction\",\"target\":{\"@type\":\"EntryPoint\",\"urlTemplate\":\"https:\/\/dev.93-93-113-41.plesk.page\/ru\/?s={search_term_string}\"},\"query-input\":\"required name=search_term_string\"}],\"inLanguage\":\"ru-RU\"},{\"@type\":\"Organization\",\"@id\":\"https:\/\/dev.93-93-113-41.plesk.page\/ru\/#organization\",\"name\":\"Servidigest\",\"url\":\"https:\/\/dev.93-93-113-41.plesk.page\/ru\/\",\"logo\":{\"@type\":\"ImageObject\",\"inLanguage\":\"ru-RU\",\"@id\":\"https:\/\/dev.93-93-113-41.plesk.page\/ru\/#\/schema\/logo\/image\/\",\"url\":\"https:\/\/dev.93-93-113-41.plesk.page\/wp-content\/uploads\/2024\/01\/servidigest.png\",\"contentUrl\":\"https:\/\/dev.93-93-113-41.plesk.page\/wp-content\/uploads\/2024\/01\/servidigest.png\",\"width\":808,\"height\":88,\"caption\":\"Servidigest\"},\"image\":{\"@id\":\"https:\/\/dev.93-93-113-41.plesk.page\/ru\/#\/schema\/logo\/image\/\"},\"sameAs\":[\"https:\/\/www.facebook.com\/servidigest\",\"https:\/\/x.com\/servidigest\"]}]}<\/script>\n<!-- \/ Yoast SEO plugin. -->","yoast_head_json":{"title":"Bal\u00f3n Intrag\u00e1strico 12 meses reajustable - Servidigest","robots":{"index":"index","follow":"follow","max-snippet":"max-snippet:-1","max-image-preview":"max-image-preview:large","max-video-preview":"max-video-preview:-1"},"canonical":"https:\/\/dev.93-93-113-41.plesk.page\/ru\/\u043f\u0440\u043e\u0434\u0443\u043a\u0442\/balon-intragastrico-12-meses-reajustable\/","og_locale":"ru_RU","og_type":"article","og_title":"Bal\u00f3n Intrag\u00e1strico 12 meses reajustable - Servidigest","og_description":"Tratamiento endosc\u00f3pico para la obesidad.  El Bal\u00f3n Intrag\u00e1strico es un globo de silicona de alta calidad que se coloca en el interior del est\u00f3mago por v\u00eda endosc\u00f3pica, produciendo sensaci\u00f3n de saciedad.  En Cl\u00ednica ServiDigest ofrecemos financiaci\u00f3n personalizada y las mejores condiciones.  Financiaci\u00f3n  Condiciones de contrataci\u00f3n [...]","og_url":"https:\/\/dev.93-93-113-41.plesk.page\/ru\/\u043f\u0440\u043e\u0434\u0443\u043a\u0442\/balon-intragastrico-12-meses-reajustable\/","og_site_name":"Servidigest","article_publisher":"https:\/\/www.facebook.com\/servidigest","og_image":[{"width":700,"height":495,"url":"https:\/\/dev.93-93-113-41.plesk.page\/wp-content\/uploads\/2024\/05\/Balon-Intragastrico-12-meses-reajustable.jpg","type":"image\/jpeg"}],"twitter_card":"summary_large_image","twitter_site":"@servidigest","twitter_misc":{"Est. reading time":"1 minute"},"schema":{"@context":"https:\/\/schema.org","@graph":[{"@type":"WebPage","@id":"https:\/\/dev.93-93-113-41.plesk.page\/ru\/\u043f\u0440\u043e\u0434\u0443\u043a\u0442\/balon-intragastrico-12-meses-reajustable\/","url":"https:\/\/dev.93-93-113-41.plesk.page\/ru\/\u043f\u0440\u043e\u0434\u0443\u043a\u0442\/balon-intragastrico-12-meses-reajustable\/","name":"Bal\u00f3n Intrag\u00e1strico 12 meses reajustable - Servidigest","isPartOf":{"@id":"https:\/\/dev.93-93-113-41.plesk.page\/ru\/#website"},"primaryImageOfPage":{"@id":"https:\/\/dev.93-93-113-41.plesk.page\/ru\/\u043f\u0440\u043e\u0434\u0443\u043a\u0442\/balon-intragastrico-12-meses-reajustable\/#primaryimage"},"image":{"@id":"https:\/\/dev.93-93-113-41.plesk.page\/ru\/\u043f\u0440\u043e\u0434\u0443\u043a\u0442\/balon-intragastrico-12-meses-reajustable\/#primaryimage"},"thumbnailUrl":"https:\/\/dev.93-93-113-41.plesk.page\/wp-content\/uploads\/2024\/05\/Balon-Intragastrico-12-meses-reajustable.jpg","datePublished":"2024-05-17T08:15:57+00:00","dateModified":"2024-05-17T08:15:57+00:00","breadcrumb":{"@id":"https:\/\/dev.93-93-113-41.plesk.page\/ru\/\u043f\u0440\u043e\u0434\u0443\u043a\u0442\/balon-intragastrico-12-meses-reajustable\/#breadcrumb"},"inLanguage":"ru-RU","potentialAction":[{"@type":"ReadAction","target":["https:\/\/dev.93-93-113-41.plesk.page\/ru\/\u043f\u0440\u043e\u0434\u0443\u043a\u0442\/balon-intragastrico-12-meses-reajustable\/"]}]},{"@type":"ImageObject","inLanguage":"ru-RU","@id":"https:\/\/dev.93-93-113-41.plesk.page\/ru\/\u043f\u0440\u043e\u0434\u0443\u043a\u0442\/balon-intragastrico-12-meses-reajustable\/#primaryimage","url":"https:\/\/dev.93-93-113-41.plesk.page\/wp-content\/uploads\/2024\/05\/Balon-Intragastrico-12-meses-reajustable.jpg","contentUrl":"https:\/\/dev.93-93-113-41.plesk.page\/wp-content\/uploads\/2024\/05\/Balon-Intragastrico-12-meses-reajustable.jpg","width":700,"height":495},{"@type":"BreadcrumbList","@id":"https:\/\/dev.93-93-113-41.plesk.page\/ru\/\u043f\u0440\u043e\u0434\u0443\u043a\u0442\/balon-intragastrico-12-meses-reajustable\/#breadcrumb","itemListElement":[{"@type":"ListItem","position":1,"name":"Tienda","item":"https:\/\/dev.93-93-113-41.plesk.page\/tienda\/"},{"@type":"ListItem","position":2,"name":"Bal\u00f3n Intrag\u00e1strico 12 meses reajustable"}]},{"@type":"WebSite","@id":"https:\/\/dev.93-93-113-41.plesk.page\/ru\/#website","url":"https:\/\/dev.93-93-113-41.plesk.page\/ru\/","name":"Servidigest","description":"","publisher":{"@id":"https:\/\/dev.93-93-113-41.plesk.page\/ru\/#organization"},"potentialAction":[{"@type":"SearchAction","target":{"@type":"EntryPoint","urlTemplate":"https:\/\/dev.93-93-113-41.plesk.page\/ru\/?s={search_term_string}"},"query-input":"required name=search_term_string"}],"inLanguage":"ru-RU"},{"@type":"Organization","@id":"https:\/\/dev.93-93-113-41.plesk.page\/ru\/#organization","name":"Servidigest","url":"https:\/\/dev.93-93-113-41.plesk.page\/ru\/","logo":{"@type":"ImageObject","inLanguage":"ru-RU","@id":"https:\/\/dev.93-93-113-41.plesk.page\/ru\/#\/schema\/logo\/image\/","url":"https:\/\/dev.93-93-113-41.plesk.page\/wp-content\/uploads\/2024\/01\/servidigest.png","contentUrl":"https:\/\/dev.93-93-113-41.plesk.page\/wp-content\/uploads\/2024\/01\/servidigest.png","width":808,"height":88,"caption":"Servidigest"},"image":{"@id":"https:\/\/dev.93-93-113-41.plesk.page\/ru\/#\/schema\/logo\/image\/"},"sameAs":["https:\/\/www.facebook.com\/servidigest","https:\/\/x.com\/servidigest"]}]}},"_links":{"self":[{"href":"https:\/\/dev.93-93-113-41.plesk.page\/ru\/wp-json\/wp\/v2\/product\/39330","targetHints":{"allow":["GET"]}}],"collection":[{"href":"https:\/\/dev.93-93-113-41.plesk.page\/ru\/wp-json\/wp\/v2\/product"}],"about":[{"href":"https:\/\/dev.93-93-113-41.plesk.page\/ru\/wp-json\/wp\/v2\/types\/product"}],"replies":[{"embeddable":true,"href":"https:\/\/dev.93-93-113-41.plesk.page\/ru\/wp-json\/wp\/v2\/comments?post=39330"}],"wp:featuredmedia":[{"embeddable":true,"href":"https:\/\/dev.93-93-113-41.plesk.page\/ru\/wp-json\/wp\/v2\/media\/39326"}],"wp:attachment":[{"href":"https:\/\/dev.93-93-113-41.plesk.page\/ru\/wp-json\/wp\/v2\/media?parent=39330"}],"wp:term":[{"taxonomy":"product_cat","embeddable":true,"href":"https:\/\/dev.93-93-113-41.plesk.page\/ru\/wp-json\/wp\/v2\/product_cat?post=39330"},{"taxonomy":"product_tag","embeddable":true,"href":"https:\/\/dev.93-93-113-41.plesk.page\/ru\/wp-json\/wp\/v2\/product_tag?post=39330"}],"curies":[{"name":"wp","href":"https:\/\/api.w.org\/{rel}","templated":true}]}}