{"id":38403,"date":"2024-03-12T12:16:19","date_gmt":"2024-03-12T11:16:19","guid":{"rendered":"https:\/\/dev.93-93-113-41.plesk.page\/producto\/digestive-system-specialist-visit\/"},"modified":"2024-03-12T12:16:19","modified_gmt":"2024-03-12T11:16:19","slug":"digestive-system-specialist-visit","status":"publish","type":"product","link":"https:\/\/dev.93-93-113-41.plesk.page\/en\/producto\/digestive-system-specialist-visit\/","title":{"rendered":"Digestive system specialist visit"},"content":{"rendered":"<p>Consultation with a doctor specialized in Digestive System. Study and diagnostic evaluation.<\/p>\n<p>There are many digestive diseases that most frequently affect our organism: Gastroesophageal Reflux, Food Intolerance, Gastric Infection by Helicobacter Pylori, Irritable Bowel Syndrome, Inflammatory Bowel Disease or Colon Cancer, among others.<\/p>\n<p>La detecci\u00f3 preco\u00e7 \u00e9s un aspecte determinant per abordar aquestes patologies, per la qual cosa \u00e9s recomanable acudir anualment a l&#8217;especialista en Aparell Digestiu per fer revisions peri\u00f2diques.<\/p>\n<p>We have a large medical team specialized in each of the different units\/specialties of Cl\u00ednica ServiDigest.<\/p>\n<p><a href=\"https:\/\/dev.93-93-113-41.plesk.page\/en\/servicios\/aparato-digestivo\/\">M\u00e9s informaci\u00f3 sobre el servei d&#8217;aparell digestiu<\/a><\/p>\n","protected":false},"excerpt":{"rendered":"<div class=\"mh-excerpt\"><p>Visita amb metge especialista a Aparell Digestiu. Study and diagnostic evaluation.<\/p>\n<p><a href=\"https:\/\/dev.93-93-113-41.plesk.page\/financiacion\/\" target=\"_blank\" rel=\"noopener noreferrer\">Financing<\/a><\/p>\n<p><a href=\"https:\/\/dev.93-93-113-41.plesk.page\/condiciones-generales-de-contratacion\/\" target=\"_blank\" rel=\"noopener noreferrer\">Terms and conditions<\/a> <a class=\"mh-excerpt-more\" href=\"https:\/\/dev.93-93-113-41.plesk.page\/en\/producto\/digestive-system-specialist-visit\/\" title=\"Digestive system specialist visit\">[&#8230;]<\/a><\/p>\n<\/div>","protected":false},"featured_media":36775,"comment_status":"closed","ping_status":"closed","template":"","meta":[],"product_cat":[938],"product_tag":[],"class_list":{"0":"post-38403","1":"product","2":"type-product","3":"status-publish","4":"has-post-thumbnail","6":"product_cat-medical-visits","8":"first","9":"instock","10":"virtual","11":"purchasable","12":"product-type-simple"},"yoast_head":"<!-- This site is optimized with the Yoast SEO plugin v22.6 - https:\/\/yoast.com\/wordpress\/plugins\/seo\/ -->\n<title>Digestive system specialist visit - Servidigest<\/title>\n<meta name=\"robots\" content=\"index, follow, max-snippet:-1, max-image-preview:large, max-video-preview:-1\" \/>\n<link rel=\"canonical\" href=\"https:\/\/dev.93-93-113-41.plesk.page\/en\/producto\/digestive-system-specialist-visit\/\" \/>\n<meta property=\"og:locale\" content=\"en_US\" \/>\n<meta property=\"og:type\" content=\"article\" \/>\n<meta property=\"og:title\" content=\"Digestive system specialist visit - Servidigest\" \/>\n<meta property=\"og:description\" content=\"Visita amb metge especialista a Aparell Digestiu. Study and diagnostic evaluation.  Financing  Terms and conditions [...]\" \/>\n<meta property=\"og:url\" content=\"https:\/\/dev.93-93-113-41.plesk.page\/en\/producto\/digestive-system-specialist-visit\/\" \/>\n<meta property=\"og:site_name\" content=\"Servidigest\" \/>\n<meta property=\"article:publisher\" content=\"https:\/\/www.facebook.com\/servidigest\" \/>\n<meta property=\"og:image\" content=\"https:\/\/dev.93-93-113-41.plesk.page\/wp-content\/uploads\/2016\/02\/comprar-visita-especialista-aparato-digestivo.jpg\" \/>\n\t<meta property=\"og:image:width\" content=\"470\" \/>\n\t<meta property=\"og:image:height\" content=\"330\" \/>\n\t<meta property=\"og:image:type\" content=\"image\/jpeg\" \/>\n<meta name=\"twitter:card\" content=\"summary_large_image\" \/>\n<meta name=\"twitter:site\" content=\"@servidigest\" \/>\n<script type=\"application\/ld+json\" class=\"yoast-schema-graph\">{\"@context\":\"https:\/\/schema.org\",\"@graph\":[{\"@type\":\"WebPage\",\"@id\":\"https:\/\/dev.93-93-113-41.plesk.page\/en\/producto\/digestive-system-specialist-visit\/\",\"url\":\"https:\/\/dev.93-93-113-41.plesk.page\/en\/producto\/digestive-system-specialist-visit\/\",\"name\":\"Digestive system specialist visit - Servidigest\",\"isPartOf\":{\"@id\":\"https:\/\/dev.93-93-113-41.plesk.page\/en\/#website\"},\"primaryImageOfPage\":{\"@id\":\"https:\/\/dev.93-93-113-41.plesk.page\/en\/producto\/digestive-system-specialist-visit\/#primaryimage\"},\"image\":{\"@id\":\"https:\/\/dev.93-93-113-41.plesk.page\/en\/producto\/digestive-system-specialist-visit\/#primaryimage\"},\"thumbnailUrl\":\"https:\/\/dev.93-93-113-41.plesk.page\/wp-content\/uploads\/2016\/02\/comprar-visita-especialista-aparato-digestivo.jpg\",\"datePublished\":\"2024-03-12T11:16:19+00:00\",\"dateModified\":\"2024-03-12T11:16:19+00:00\",\"breadcrumb\":{\"@id\":\"https:\/\/dev.93-93-113-41.plesk.page\/en\/producto\/digestive-system-specialist-visit\/#breadcrumb\"},\"inLanguage\":\"en-US\",\"potentialAction\":[{\"@type\":\"ReadAction\",\"target\":[\"https:\/\/dev.93-93-113-41.plesk.page\/en\/producto\/digestive-system-specialist-visit\/\"]}]},{\"@type\":\"ImageObject\",\"inLanguage\":\"en-US\",\"@id\":\"https:\/\/dev.93-93-113-41.plesk.page\/en\/producto\/digestive-system-specialist-visit\/#primaryimage\",\"url\":\"https:\/\/dev.93-93-113-41.plesk.page\/wp-content\/uploads\/2016\/02\/comprar-visita-especialista-aparato-digestivo.jpg\",\"contentUrl\":\"https:\/\/dev.93-93-113-41.plesk.page\/wp-content\/uploads\/2016\/02\/comprar-visita-especialista-aparato-digestivo.jpg\",\"width\":470,\"height\":330},{\"@type\":\"BreadcrumbList\",\"@id\":\"https:\/\/dev.93-93-113-41.plesk.page\/en\/producto\/digestive-system-specialist-visit\/#breadcrumb\",\"itemListElement\":[{\"@type\":\"ListItem\",\"position\":1,\"name\":\"Shop\",\"item\":\"https:\/\/dev.93-93-113-41.plesk.page\/tienda\/\"},{\"@type\":\"ListItem\",\"position\":2,\"name\":\"Digestive system specialist visit\"}]},{\"@type\":\"WebSite\",\"@id\":\"https:\/\/dev.93-93-113-41.plesk.page\/en\/#website\",\"url\":\"https:\/\/dev.93-93-113-41.plesk.page\/en\/\",\"name\":\"Servidigest\",\"description\":\"\",\"publisher\":{\"@id\":\"https:\/\/dev.93-93-113-41.plesk.page\/en\/#organization\"},\"potentialAction\":[{\"@type\":\"SearchAction\",\"target\":{\"@type\":\"EntryPoint\",\"urlTemplate\":\"https:\/\/dev.93-93-113-41.plesk.page\/en\/?s={search_term_string}\"},\"query-input\":\"required name=search_term_string\"}],\"inLanguage\":\"en-US\"},{\"@type\":\"Organization\",\"@id\":\"https:\/\/dev.93-93-113-41.plesk.page\/en\/#organization\",\"name\":\"Servidigest\",\"url\":\"https:\/\/dev.93-93-113-41.plesk.page\/en\/\",\"logo\":{\"@type\":\"ImageObject\",\"inLanguage\":\"en-US\",\"@id\":\"https:\/\/dev.93-93-113-41.plesk.page\/en\/#\/schema\/logo\/image\/\",\"url\":\"https:\/\/dev.93-93-113-41.plesk.page\/wp-content\/uploads\/2024\/01\/servidigest.png\",\"contentUrl\":\"https:\/\/dev.93-93-113-41.plesk.page\/wp-content\/uploads\/2024\/01\/servidigest.png\",\"width\":808,\"height\":88,\"caption\":\"Servidigest\"},\"image\":{\"@id\":\"https:\/\/dev.93-93-113-41.plesk.page\/en\/#\/schema\/logo\/image\/\"},\"sameAs\":[\"https:\/\/www.facebook.com\/servidigest\",\"https:\/\/x.com\/servidigest\"]}]}<\/script>\n<!-- \/ Yoast SEO plugin. -->","yoast_head_json":{"title":"Digestive system specialist visit - Servidigest","robots":{"index":"index","follow":"follow","max-snippet":"max-snippet:-1","max-image-preview":"max-image-preview:large","max-video-preview":"max-video-preview:-1"},"canonical":"https:\/\/dev.93-93-113-41.plesk.page\/en\/producto\/digestive-system-specialist-visit\/","og_locale":"en_US","og_type":"article","og_title":"Digestive system specialist visit - Servidigest","og_description":"Visita amb metge especialista a Aparell Digestiu. Study and diagnostic evaluation.  Financing  Terms and conditions [...]","og_url":"https:\/\/dev.93-93-113-41.plesk.page\/en\/producto\/digestive-system-specialist-visit\/","og_site_name":"Servidigest","article_publisher":"https:\/\/www.facebook.com\/servidigest","og_image":[{"width":470,"height":330,"url":"https:\/\/dev.93-93-113-41.plesk.page\/wp-content\/uploads\/2016\/02\/comprar-visita-especialista-aparato-digestivo.jpg","type":"image\/jpeg"}],"twitter_card":"summary_large_image","twitter_site":"@servidigest","schema":{"@context":"https:\/\/schema.org","@graph":[{"@type":"WebPage","@id":"https:\/\/dev.93-93-113-41.plesk.page\/en\/producto\/digestive-system-specialist-visit\/","url":"https:\/\/dev.93-93-113-41.plesk.page\/en\/producto\/digestive-system-specialist-visit\/","name":"Digestive system specialist visit - Servidigest","isPartOf":{"@id":"https:\/\/dev.93-93-113-41.plesk.page\/en\/#website"},"primaryImageOfPage":{"@id":"https:\/\/dev.93-93-113-41.plesk.page\/en\/producto\/digestive-system-specialist-visit\/#primaryimage"},"image":{"@id":"https:\/\/dev.93-93-113-41.plesk.page\/en\/producto\/digestive-system-specialist-visit\/#primaryimage"},"thumbnailUrl":"https:\/\/dev.93-93-113-41.plesk.page\/wp-content\/uploads\/2016\/02\/comprar-visita-especialista-aparato-digestivo.jpg","datePublished":"2024-03-12T11:16:19+00:00","dateModified":"2024-03-12T11:16:19+00:00","breadcrumb":{"@id":"https:\/\/dev.93-93-113-41.plesk.page\/en\/producto\/digestive-system-specialist-visit\/#breadcrumb"},"inLanguage":"en-US","potentialAction":[{"@type":"ReadAction","target":["https:\/\/dev.93-93-113-41.plesk.page\/en\/producto\/digestive-system-specialist-visit\/"]}]},{"@type":"ImageObject","inLanguage":"en-US","@id":"https:\/\/dev.93-93-113-41.plesk.page\/en\/producto\/digestive-system-specialist-visit\/#primaryimage","url":"https:\/\/dev.93-93-113-41.plesk.page\/wp-content\/uploads\/2016\/02\/comprar-visita-especialista-aparato-digestivo.jpg","contentUrl":"https:\/\/dev.93-93-113-41.plesk.page\/wp-content\/uploads\/2016\/02\/comprar-visita-especialista-aparato-digestivo.jpg","width":470,"height":330},{"@type":"BreadcrumbList","@id":"https:\/\/dev.93-93-113-41.plesk.page\/en\/producto\/digestive-system-specialist-visit\/#breadcrumb","itemListElement":[{"@type":"ListItem","position":1,"name":"Shop","item":"https:\/\/dev.93-93-113-41.plesk.page\/tienda\/"},{"@type":"ListItem","position":2,"name":"Digestive system specialist visit"}]},{"@type":"WebSite","@id":"https:\/\/dev.93-93-113-41.plesk.page\/en\/#website","url":"https:\/\/dev.93-93-113-41.plesk.page\/en\/","name":"Servidigest","description":"","publisher":{"@id":"https:\/\/dev.93-93-113-41.plesk.page\/en\/#organization"},"potentialAction":[{"@type":"SearchAction","target":{"@type":"EntryPoint","urlTemplate":"https:\/\/dev.93-93-113-41.plesk.page\/en\/?s={search_term_string}"},"query-input":"required name=search_term_string"}],"inLanguage":"en-US"},{"@type":"Organization","@id":"https:\/\/dev.93-93-113-41.plesk.page\/en\/#organization","name":"Servidigest","url":"https:\/\/dev.93-93-113-41.plesk.page\/en\/","logo":{"@type":"ImageObject","inLanguage":"en-US","@id":"https:\/\/dev.93-93-113-41.plesk.page\/en\/#\/schema\/logo\/image\/","url":"https:\/\/dev.93-93-113-41.plesk.page\/wp-content\/uploads\/2024\/01\/servidigest.png","contentUrl":"https:\/\/dev.93-93-113-41.plesk.page\/wp-content\/uploads\/2024\/01\/servidigest.png","width":808,"height":88,"caption":"Servidigest"},"image":{"@id":"https:\/\/dev.93-93-113-41.plesk.page\/en\/#\/schema\/logo\/image\/"},"sameAs":["https:\/\/www.facebook.com\/servidigest","https:\/\/x.com\/servidigest"]}]}},"_links":{"self":[{"href":"https:\/\/dev.93-93-113-41.plesk.page\/en\/wp-json\/wp\/v2\/product\/38403","targetHints":{"allow":["GET"]}}],"collection":[{"href":"https:\/\/dev.93-93-113-41.plesk.page\/en\/wp-json\/wp\/v2\/product"}],"about":[{"href":"https:\/\/dev.93-93-113-41.plesk.page\/en\/wp-json\/wp\/v2\/types\/product"}],"replies":[{"embeddable":true,"href":"https:\/\/dev.93-93-113-41.plesk.page\/en\/wp-json\/wp\/v2\/comments?post=38403"}],"wp:featuredmedia":[{"embeddable":true,"href":"https:\/\/dev.93-93-113-41.plesk.page\/en\/wp-json\/wp\/v2\/media\/36775"}],"wp:attachment":[{"href":"https:\/\/dev.93-93-113-41.plesk.page\/en\/wp-json\/wp\/v2\/media?parent=38403"}],"wp:term":[{"taxonomy":"product_cat","embeddable":true,"href":"https:\/\/dev.93-93-113-41.plesk.page\/en\/wp-json\/wp\/v2\/product_cat?post=38403"},{"taxonomy":"product_tag","embeddable":true,"href":"https:\/\/dev.93-93-113-41.plesk.page\/en\/wp-json\/wp\/v2\/product_tag?post=38403"}],"curies":[{"name":"wp","href":"https:\/\/api.w.org\/{rel}","templated":true}]}}