{"id":1468,"date":"2014-06-30T08:35:00","date_gmt":"2014-06-30T06:35:00","guid":{"rendered":"https:\/\/dev.93-93-113-41.plesk.page\/?page_id=1468"},"modified":"2024-05-16T14:14:24","modified_gmt":"2024-05-16T12:14:24","slug":"intragastric-balloon","status":"publish","type":"page","link":"https:\/\/dev.93-93-113-41.plesk.page\/en\/services\/obesity\/intragastric-balloon\/","title":{"rendered":"Intragastric balloon"},"content":{"rendered":"<h2 id=\"presentacio\">The Intragastric Balloon: How to lose weight without going through surgery?<\/h2>\n<p>Overweight and obesity are chronic diseases with repercussion from both a physical and psychological point of view, often with serious consequences.<\/p>\n<p>Its resolution depends on a correct treatment, basically based on appropriate dietary measures complemented by regular, controlled physical exercise. For those cases where these measures are not sufficient, a series of therapeutic alternatives have been devised that can help and complement the medical treatment.<\/p>\n<p>When indicated, one of these alternatives is the <strong>Endoscopic Intragastric Balloon<\/strong> (EIB).<\/p>\n<h2 id=\"que-es-el-balo-intragastric\">What is an intragastric balloon?<\/h2>\n<p>The Intragastric Balloon consists of the introduction into the stomach of a soft, expandable and resistant silicone balloon, which is placed endoscopically and left floating freely inside the stomach, partially filling it and causing the sensation of fullness and satiety that facilitates the monitoring of an established nutritional and dietary guideline.<\/p>\n<p>The great value of the Intragastric Balloon or Gastric Balloon is that <strong>forces to regulate the amount of intake<\/strong>, preventing overeating and helping to follow one <strong>dietary re-education<\/strong> determined to acquire suitable dietary and nutritional habits that, in addition to losing weight, make it easier to maintain the weight lost once the balloon is removed.<\/p>\n<h2>Intragastric balloon 6 or 12 months<\/h2>\n<p>Indicated for patients who need to lose weight and have not been successful after trying multiple diets and have the ability to acquire new nutritional habits during this period.<\/p>\n<p>It combines the best technology of the intragastric balloon with the provision of assistance by a multidisciplinary team of experts and a personalized diet and exercise plan in one program.<\/p>\n<p>This comprehensive program combines the control part that the intragastric balloon offers, with our long-term counseling to help the patient adopt a healthy lifestyle that allows him to lose weight.<\/p>\n<h2 id=\"indicacions\">When is the intragastric balloon indicated?<\/h2>\n<p>Always under medical supervision, the Intragastric Balloon or BIE is <strong>indicated in those cases of patients who, having followed multiple dietary and\/or pharmacological treatments, have not achieved a significant reduction in their weight<\/strong> , mainly in those cases of moderate obesity and some situations overweight and mild obesity.<\/p>\n<p>The main <strong>indications for the Intragastric Balloon<\/strong> are:<\/p>\n<ul>\n<li>Patients who have tried multiple diets without success.<\/li>\n<li>Ability to understand the objectives of the treatment and the follow-up to be carried out.<\/li>\n<\/ul>\n<p>Criteria according to BMI:<\/p>\n<ul>\n<li>In some cases of overweight and mild obesity with BMI&lt; 30<\/li>\n<li>In moderate obesity with BMI between 30 \u2013 35.<\/li>\n<li>In some cases of severe obesity with BMI between 35 \u2013 40 without associated diseases.<\/li>\n<li>When BMI&gt; 40, the best treatment is bariatric surgery, although in certain patients who refuse surgery, it can be tried as a non-surgical alternative.<\/li>\n<\/ul>\n<p>The recommended age for intragastric balloon treatment is between 18 and 65 years.<\/p>\n<h2 id=\"collocacio\">How is the Intragastric Balloon placed?<\/h2>\n<p><strong>It is a simple, quick procedure with no adverse effects.<\/strong><\/p>\n<p>The procedure consists of endoscopically (non-surgically) placing the deflated balloon inside the stomach, filling it with a sterile saline solution and letting it float freely.<\/p>\n<p>It is a <strong>safe and quick procedure<\/strong> , which is performed under deep sedation, which is why <strong>the patient does not feel any discomfort or pain<\/strong> .<\/p>\n<p>In addition, it is an outpatient procedure, in such a way that <strong>once the placement of the balloon has been carried out, the patient returns to his home, being able to carry out his usual activity in the next few days<\/strong> .<\/p>\n<p>In general, it is normal for the first days of adaptation to the ball to have stomach discomfort, nausea and even initially some vomiting, which is why you must follow an established diet and medication.<\/p>\n<p><strong>It is a safe treatment and the complications are minimal and infrequent<\/strong> , despite the fact that they can occur exceptionally, it is advisable to check with the specialist doctor to individualize the risks and inform yourself appropriately.<\/p>\n<p>Before the procedure, each person must give their authorization in advance and in writing as they have received complete information to carry out this treatment.<\/p>\n<p><iframe title=\"Colocaci\u00f3n del bal\u00f3n intrag\u00e1strico en Cl\u00ednica ServiDigest\" width=\"500\" height=\"375\" src=\"https:\/\/www.youtube.com\/embed\/opzJnYxkl9k?feature=oembed\" frameborder=\"0\" allow=\"accelerometer; autoplay; clipboard-write; encrypted-media; gyroscope; picture-in-picture; web-share\" referrerpolicy=\"strict-origin-when-cross-origin\" allowfullscreen><\/iframe><\/p>\n<h2 id=\"contraindicacions\">Intragastric balloon contraindications<\/h2>\n<p>The main contraindications consist of some important digestive diseases, some previous surgical interventions, active alcoholism or drug addiction, pregnancy, some pharmacological treatments and some psychiatric diseases that the responsible doctor will be responsible for assessing.<\/p>\n<h2 id=\"evolucio\">What is the natural evolution of the Intragastric Balloon?<\/h2>\n<p>Once completed, <strong>its extraction is equally safe and simple<\/strong> , returning the gastric morphology to the characteristics and dimensions similar to the one it presented before placement, but accustomed to other eating habits.<\/p>\n<p>Although a certain weight loss cannot be guaranteed, <strong>the rate of good results ranges around 80% of treated patients<\/strong>, with one <strong>average weight reduction between 15 and 20 Kg<\/strong>, although variable according to the characteristics and correct monitoring of each person, being able to achieve lower or even higher results (up to 30 kg).<\/p>\n<p>However, the six months that the treatment lasts must serve as an <strong>incentive and motivation to re-educate the patient in his eating habits and in his lifestyle<\/strong> , thus helping him to maintain the lost weight.<\/p>\n<p>In this sense, it is advisable to propose a maintenance program for the lost weight, if possible controlled by specialists in endocrinology, nutrition, dietetics and\/or psychology if necessary.<\/p>\n<p><iframe title=\"Extracci\u00f3n del bal\u00f3n intrag\u00e1strico en Cl\u00ednica ServiDigest, Barcelona\" width=\"500\" height=\"375\" src=\"https:\/\/www.youtube.com\/embed\/KD_TcnbZuyM?feature=oembed\" frameborder=\"0\" allow=\"accelerometer; autoplay; clipboard-write; encrypted-media; gyroscope; picture-in-picture; web-share\" referrerpolicy=\"strict-origin-when-cross-origin\" allowfullscreen><\/iframe><\/p>\n<h2 id=\"preu-del-balo-intragastric\">What is the price of the intragastric balloon?<\/h2>\n<p>You can now buy your Intragastric Balloon treatment online at Cl\u00ednica ServiDigest.<\/p>\n<p><div class=\"woocommerce \"><ul class=\"products columns-4\">\n<li class=\"product type-product post-38414 status-publish first instock product_cat-obesity-treatments has-post-thumbnail virtual purchasable product-type-simple\">\n\t<a href=\"https:\/\/dev.93-93-113-41.plesk.page\/en\/producto\/intragastric-balloon\/\" class=\"woocommerce-LoopProduct-link woocommerce-loop-product__link\"><img fetchpriority=\"high\" decoding=\"async\" width=\"300\" height=\"300\" src=\"https:\/\/dev.93-93-113-41.plesk.page\/wp-content\/uploads\/2024\/03\/Balon-ecommerce-300x300.jpg\" class=\"attachment-woocommerce_thumbnail size-woocommerce_thumbnail\" alt=\"\" srcset=\"https:\/\/dev.93-93-113-41.plesk.page\/wp-content\/uploads\/2024\/03\/Balon-ecommerce-300x300.jpg 300w, https:\/\/dev.93-93-113-41.plesk.page\/wp-content\/uploads\/2024\/03\/Balon-ecommerce-150x150.jpg 150w, https:\/\/dev.93-93-113-41.plesk.page\/wp-content\/uploads\/2024\/03\/Balon-ecommerce-100x100.jpg 100w\" sizes=\"(max-width: 300px) 100vw, 300px\" \/><h2 class=\"woocommerce-loop-product__title\">Intragastric Balloon<\/h2>\n\t<span class=\"price\"><span class=\"woocommerce-Price-amount amount\"><bdi>4.800,00&nbsp;<span class=\"woocommerce-Price-currencySymbol\">&euro;<\/span><\/bdi><\/span><\/span>\n<\/a><a href=\"?add-to-cart=38414\" data-quantity=\"1\" class=\"button product_type_simple add_to_cart_button ajax_add_to_cart\" data-product_id=\"38414\" data-product_sku=\"BALON\" aria-label=\"Add to cart: &ldquo;Intragastric Balloon&rdquo;\" aria-describedby=\"\" rel=\"nofollow\">Add to cart<\/a><\/li>\n<\/ul>\n<\/div><div class=\"woocommerce \"><ul class=\"products columns-4\">\n<li class=\"product type-product post-39329 status-publish first instock product_cat-obesity-treatments has-post-thumbnail shipping-taxable purchasable product-type-simple\">\n\t<a href=\"https:\/\/dev.93-93-113-41.plesk.page\/en\/producto\/balon-intragastrico-12-meses-reajustable\/\" class=\"woocommerce-LoopProduct-link woocommerce-loop-product__link\"><img decoding=\"async\" width=\"300\" height=\"300\" src=\"https:\/\/dev.93-93-113-41.plesk.page\/wp-content\/uploads\/2024\/05\/Balon-Intragastrico-12-meses-reajustable-300x300.jpg\" class=\"attachment-woocommerce_thumbnail size-woocommerce_thumbnail\" alt=\"\" srcset=\"https:\/\/dev.93-93-113-41.plesk.page\/wp-content\/uploads\/2024\/05\/Balon-Intragastrico-12-meses-reajustable-300x300.jpg 300w, https:\/\/dev.93-93-113-41.plesk.page\/wp-content\/uploads\/2024\/05\/Balon-Intragastrico-12-meses-reajustable-150x150.jpg 150w, https:\/\/dev.93-93-113-41.plesk.page\/wp-content\/uploads\/2024\/05\/Balon-Intragastrico-12-meses-reajustable-100x100.jpg 100w\" sizes=\"(max-width: 300px) 100vw, 300px\" \/><h2 class=\"woocommerce-loop-product__title\">Bal\u00f3n Intrag\u00e1strico 12 meses reajustable<\/h2>\n\t<span class=\"price\"><span class=\"woocommerce-Price-amount amount\"><bdi>5.800,00&nbsp;<span class=\"woocommerce-Price-currencySymbol\">&euro;<\/span><\/bdi><\/span><\/span>\n<\/a><a href=\"?add-to-cart=39329\" data-quantity=\"1\" class=\"button product_type_simple add_to_cart_button ajax_add_to_cart\" data-product_id=\"39329\" data-product_sku=\"BALON12M\" aria-label=\"Add to cart: &ldquo;Bal\u00f3n Intrag\u00e1strico 12 meses reajustable&rdquo;\" aria-describedby=\"\" rel=\"nofollow\">Add to cart<\/a><\/li>\n<\/ul>\n<\/div><\/p>\n","protected":false},"excerpt":{"rendered":"<div class=\"mh-excerpt\"><p>The Intragastric Balloon: How to lose weight without going through surgery? Overweight and obesity are chronic diseases with repercussion from both a physical and psychological point of view, often with serious consequences. Its resolution depends <a class=\"mh-excerpt-more\" href=\"https:\/\/dev.93-93-113-41.plesk.page\/en\/services\/obesity\/intragastric-balloon\/\" title=\"Intragastric balloon\">[&#8230;]<\/a><\/p>\n<\/div>","protected":false},"author":1,"featured_media":0,"parent":1455,"menu_order":0,"comment_status":"closed","ping_status":"closed","template":"","meta":{"footnotes":""},"class_list":["post-1468","page","type-page","status-publish"],"yoast_head":"<!-- This site is optimized with the Yoast SEO plugin v22.6 - https:\/\/yoast.com\/wordpress\/plugins\/seo\/ -->\n<title>Intragastric balloon - Servidigest<\/title>\n<meta name=\"robots\" content=\"index, follow, max-snippet:-1, max-image-preview:large, max-video-preview:-1\" \/>\n<link rel=\"canonical\" href=\"https:\/\/dev.93-93-113-41.plesk.page\/en\/services\/obesity\/intragastric-balloon\/\" \/>\n<meta property=\"og:locale\" content=\"en_US\" \/>\n<meta property=\"og:type\" content=\"article\" \/>\n<meta property=\"og:title\" content=\"Intragastric balloon - Servidigest\" \/>\n<meta property=\"og:description\" content=\"The Intragastric Balloon: How to lose weight without going through surgery? Overweight and obesity are chronic diseases with repercussion from both a physical and psychological point of view, often with serious consequences. Its resolution depends [...]\" \/>\n<meta property=\"og:url\" content=\"https:\/\/dev.93-93-113-41.plesk.page\/en\/services\/obesity\/intragastric-balloon\/\" \/>\n<meta property=\"og:site_name\" content=\"Servidigest\" \/>\n<meta property=\"article:publisher\" content=\"https:\/\/www.facebook.com\/servidigest\" \/>\n<meta property=\"article:modified_time\" content=\"2024-05-16T12:14:24+00:00\" \/>\n<meta name=\"twitter:card\" content=\"summary_large_image\" \/>\n<meta name=\"twitter:site\" content=\"@servidigest\" \/>\n<meta name=\"twitter:label1\" content=\"Est. reading time\" \/>\n\t<meta name=\"twitter:data1\" content=\"4 minutes\" \/>\n<script type=\"application\/ld+json\" class=\"yoast-schema-graph\">{\"@context\":\"https:\/\/schema.org\",\"@graph\":[{\"@type\":\"WebPage\",\"@id\":\"https:\/\/dev.93-93-113-41.plesk.page\/en\/services\/obesity\/intragastric-balloon\/\",\"url\":\"https:\/\/dev.93-93-113-41.plesk.page\/en\/services\/obesity\/intragastric-balloon\/\",\"name\":\"Intragastric balloon - Servidigest\",\"isPartOf\":{\"@id\":\"https:\/\/dev.93-93-113-41.plesk.page\/en\/#website\"},\"datePublished\":\"2014-06-30T06:35:00+00:00\",\"dateModified\":\"2024-05-16T12:14:24+00:00\",\"breadcrumb\":{\"@id\":\"https:\/\/dev.93-93-113-41.plesk.page\/en\/services\/obesity\/intragastric-balloon\/#breadcrumb\"},\"inLanguage\":\"en-US\",\"potentialAction\":[{\"@type\":\"ReadAction\",\"target\":[\"https:\/\/dev.93-93-113-41.plesk.page\/en\/services\/obesity\/intragastric-balloon\/\"]}]},{\"@type\":\"BreadcrumbList\",\"@id\":\"https:\/\/dev.93-93-113-41.plesk.page\/en\/services\/obesity\/intragastric-balloon\/#breadcrumb\",\"itemListElement\":[{\"@type\":\"ListItem\",\"position\":1,\"name\":\"ServiDigest Clinic Medical Services\",\"item\":\"https:\/\/dev.93-93-113-41.plesk.page\/en\/servicios\/\"},{\"@type\":\"ListItem\",\"position\":2,\"name\":\"Treatment of Obesity\",\"item\":\"https:\/\/dev.93-93-113-41.plesk.page\/en\/servicios\/obesidad\/\"},{\"@type\":\"ListItem\",\"position\":3,\"name\":\"Intragastric balloon\"}]},{\"@type\":\"WebSite\",\"@id\":\"https:\/\/dev.93-93-113-41.plesk.page\/en\/#website\",\"url\":\"https:\/\/dev.93-93-113-41.plesk.page\/en\/\",\"name\":\"Servidigest\",\"description\":\"\",\"publisher\":{\"@id\":\"https:\/\/dev.93-93-113-41.plesk.page\/en\/#organization\"},\"potentialAction\":[{\"@type\":\"SearchAction\",\"target\":{\"@type\":\"EntryPoint\",\"urlTemplate\":\"https:\/\/dev.93-93-113-41.plesk.page\/en\/?s={search_term_string}\"},\"query-input\":\"required name=search_term_string\"}],\"inLanguage\":\"en-US\"},{\"@type\":\"Organization\",\"@id\":\"https:\/\/dev.93-93-113-41.plesk.page\/en\/#organization\",\"name\":\"Servidigest\",\"url\":\"https:\/\/dev.93-93-113-41.plesk.page\/en\/\",\"logo\":{\"@type\":\"ImageObject\",\"inLanguage\":\"en-US\",\"@id\":\"https:\/\/dev.93-93-113-41.plesk.page\/en\/#\/schema\/logo\/image\/\",\"url\":\"https:\/\/dev.93-93-113-41.plesk.page\/wp-content\/uploads\/2024\/01\/servidigest.png\",\"contentUrl\":\"https:\/\/dev.93-93-113-41.plesk.page\/wp-content\/uploads\/2024\/01\/servidigest.png\",\"width\":808,\"height\":88,\"caption\":\"Servidigest\"},\"image\":{\"@id\":\"https:\/\/dev.93-93-113-41.plesk.page\/en\/#\/schema\/logo\/image\/\"},\"sameAs\":[\"https:\/\/www.facebook.com\/servidigest\",\"https:\/\/x.com\/servidigest\"]}]}<\/script>\n<!-- \/ Yoast SEO plugin. -->","yoast_head_json":{"title":"Intragastric balloon - Servidigest","robots":{"index":"index","follow":"follow","max-snippet":"max-snippet:-1","max-image-preview":"max-image-preview:large","max-video-preview":"max-video-preview:-1"},"canonical":"https:\/\/dev.93-93-113-41.plesk.page\/en\/services\/obesity\/intragastric-balloon\/","og_locale":"en_US","og_type":"article","og_title":"Intragastric balloon - Servidigest","og_description":"The Intragastric Balloon: How to lose weight without going through surgery? Overweight and obesity are chronic diseases with repercussion from both a physical and psychological point of view, often with serious consequences. Its resolution depends [...]","og_url":"https:\/\/dev.93-93-113-41.plesk.page\/en\/services\/obesity\/intragastric-balloon\/","og_site_name":"Servidigest","article_publisher":"https:\/\/www.facebook.com\/servidigest","article_modified_time":"2024-05-16T12:14:24+00:00","twitter_card":"summary_large_image","twitter_site":"@servidigest","twitter_misc":{"Est. reading time":"4 minutes"},"schema":{"@context":"https:\/\/schema.org","@graph":[{"@type":"WebPage","@id":"https:\/\/dev.93-93-113-41.plesk.page\/en\/services\/obesity\/intragastric-balloon\/","url":"https:\/\/dev.93-93-113-41.plesk.page\/en\/services\/obesity\/intragastric-balloon\/","name":"Intragastric balloon - Servidigest","isPartOf":{"@id":"https:\/\/dev.93-93-113-41.plesk.page\/en\/#website"},"datePublished":"2014-06-30T06:35:00+00:00","dateModified":"2024-05-16T12:14:24+00:00","breadcrumb":{"@id":"https:\/\/dev.93-93-113-41.plesk.page\/en\/services\/obesity\/intragastric-balloon\/#breadcrumb"},"inLanguage":"en-US","potentialAction":[{"@type":"ReadAction","target":["https:\/\/dev.93-93-113-41.plesk.page\/en\/services\/obesity\/intragastric-balloon\/"]}]},{"@type":"BreadcrumbList","@id":"https:\/\/dev.93-93-113-41.plesk.page\/en\/services\/obesity\/intragastric-balloon\/#breadcrumb","itemListElement":[{"@type":"ListItem","position":1,"name":"ServiDigest Clinic Medical Services","item":"https:\/\/dev.93-93-113-41.plesk.page\/en\/servicios\/"},{"@type":"ListItem","position":2,"name":"Treatment of Obesity","item":"https:\/\/dev.93-93-113-41.plesk.page\/en\/servicios\/obesidad\/"},{"@type":"ListItem","position":3,"name":"Intragastric balloon"}]},{"@type":"WebSite","@id":"https:\/\/dev.93-93-113-41.plesk.page\/en\/#website","url":"https:\/\/dev.93-93-113-41.plesk.page\/en\/","name":"Servidigest","description":"","publisher":{"@id":"https:\/\/dev.93-93-113-41.plesk.page\/en\/#organization"},"potentialAction":[{"@type":"SearchAction","target":{"@type":"EntryPoint","urlTemplate":"https:\/\/dev.93-93-113-41.plesk.page\/en\/?s={search_term_string}"},"query-input":"required name=search_term_string"}],"inLanguage":"en-US"},{"@type":"Organization","@id":"https:\/\/dev.93-93-113-41.plesk.page\/en\/#organization","name":"Servidigest","url":"https:\/\/dev.93-93-113-41.plesk.page\/en\/","logo":{"@type":"ImageObject","inLanguage":"en-US","@id":"https:\/\/dev.93-93-113-41.plesk.page\/en\/#\/schema\/logo\/image\/","url":"https:\/\/dev.93-93-113-41.plesk.page\/wp-content\/uploads\/2024\/01\/servidigest.png","contentUrl":"https:\/\/dev.93-93-113-41.plesk.page\/wp-content\/uploads\/2024\/01\/servidigest.png","width":808,"height":88,"caption":"Servidigest"},"image":{"@id":"https:\/\/dev.93-93-113-41.plesk.page\/en\/#\/schema\/logo\/image\/"},"sameAs":["https:\/\/www.facebook.com\/servidigest","https:\/\/x.com\/servidigest"]}]}},"_links":{"self":[{"href":"https:\/\/dev.93-93-113-41.plesk.page\/en\/wp-json\/wp\/v2\/pages\/1468","targetHints":{"allow":["GET"]}}],"collection":[{"href":"https:\/\/dev.93-93-113-41.plesk.page\/en\/wp-json\/wp\/v2\/pages"}],"about":[{"href":"https:\/\/dev.93-93-113-41.plesk.page\/en\/wp-json\/wp\/v2\/types\/page"}],"author":[{"embeddable":true,"href":"https:\/\/dev.93-93-113-41.plesk.page\/en\/wp-json\/wp\/v2\/users\/1"}],"replies":[{"embeddable":true,"href":"https:\/\/dev.93-93-113-41.plesk.page\/en\/wp-json\/wp\/v2\/comments?post=1468"}],"version-history":[{"count":3,"href":"https:\/\/dev.93-93-113-41.plesk.page\/en\/wp-json\/wp\/v2\/pages\/1468\/revisions"}],"predecessor-version":[{"id":39315,"href":"https:\/\/dev.93-93-113-41.plesk.page\/en\/wp-json\/wp\/v2\/pages\/1468\/revisions\/39315"}],"up":[{"embeddable":true,"href":"https:\/\/dev.93-93-113-41.plesk.page\/en\/wp-json\/wp\/v2\/pages\/1455"}],"wp:attachment":[{"href":"https:\/\/dev.93-93-113-41.plesk.page\/en\/wp-json\/wp\/v2\/media?parent=1468"}],"curies":[{"name":"wp","href":"https:\/\/api.w.org\/{rel}","templated":true}]}}