{"id":39328,"date":"2024-05-17T10:15:57","date_gmt":"2024-05-17T08:15:57","guid":{"rendered":"https:\/\/dev.93-93-113-41.plesk.page\/producto\/balon-intragastrico-12-meses-reajustable\/"},"modified":"2024-05-17T10:35:32","modified_gmt":"2024-05-17T08:35:32","slug":"balo-intragastric-12-mesos-reajustable","status":"publish","type":"product","link":"https:\/\/dev.93-93-113-41.plesk.page\/ca\/producte\/balo-intragastric-12-mesos-reajustable\/","title":{"rendered":"Bal\u00f3 Intrag\u00e0stric 12 mesos reajustable"},"content":{"rendered":"<p>Est\u00e0 indicat per a aquelles persones que han provat tota mena de dietes per aprimar i no han aconseguit els resultats esperats.<\/p>\n<p>Sense cirurgia, el bal\u00f3 intrag\u00e0stric consisteix a introduir a l\u2019interior de l\u2019est\u00f3mac, per via endosc\u00f2pica, un globus de silicona amb contingut de s\u00e8rum fisiol\u00f2gic, que es mant\u00e9 durant un m\u00e0xim de 12 mesos.<\/p>\n<p>El gran avantatge del bal\u00f3 intrag\u00e0stric endosc\u00f2pic de 12 mesos reajustable, \u00e9s que permet ampliar el temps de perman\u00e8ncia dins de l\u2019est\u00f3mac del pacient, garantint una major p\u00e8rdua de pes.<\/p>\n<p>\u00c9s reajustable i permet modificar la seva grand\u00e0ria i volum durant els mesos de tractament, adaptant-se a les caracter\u00edstiques particulars de cada pacient, recuperant si cal la sensaci\u00f3 de sacietat per continuar amb la p\u00e8rdua de pes.<\/p>\n<p>En ampliar el per\u00edode de perman\u00e8ncia dins de l\u2019est\u00f3mac, el pacient disposa de temps suficient no nom\u00e9s per perdre pes, sin\u00f3 tamb\u00e9 per modificar els h\u00e0bits diet\u00e8tics i socials que li provoquen l\u2019augment de pes.<\/p>\n<p>Despr\u00e9s d\u2019aquest per\u00edode, s\u2019extreu per via endosc\u00f2pica i sota anest\u00e8sia profunda.<\/p>\n<p>Aquest tractament endosc\u00f2pic est\u00e0 indicat per a pacients amb Sobrep\u00e8s i Obesitat tipus I, II i en alguns casos de Obesitat tipus III-IV que necessitin sotmetre\u2019s a un programa educacional d\u2019almenys un any de durada.<\/p>\n<p>L\u2019equip multidisciplinari de metges especialistes en Aparell Digestiu-Endosc\u00f2pia, Endocrinologia, Nutrici\u00f3 i Diet\u00e8tica i Psicologia Cl\u00ednica, valoren sempre la situaci\u00f3 personal i cl\u00ednica de cada pacient per determinar el millor tractament, depenent del grau i nivell de Sobrep\u00e8s o Obesitat que presenti.<\/p>\n<p><a href=\"https:\/\/dev.93-93-113-41.plesk.page\/ca\/serveis\/obesitat\/balo-intragastric\/\">Ampliar informaci\u00f3 sobre el Bal\u00f3 Intrag\u00e0stric<\/a><\/p>\n","protected":false},"excerpt":{"rendered":"<div class=\"mh-excerpt\"><div class=\"woocommerce-product-details__short-description\">\n<p>Tractament endosc\u00f2pic per l\u2019obesitat.<\/p>\n<p>El Bal\u00f3 Intrag\u00e0stric \u00e9s un globus de silicona d\u2019alta qualitat que es col\u00b7loca a l\u2019interior de l\u2019est\u00f3mac per via endosc\u00f2pica, produint sensaci\u00f3 de sacietat.<\/p>\n<p>A Cl\u00ednica ServiDigest oferim finan\u00e7ament personalitzat i les millors condicions.<\/p>\n<p><a href=\"https:\/\/www.servidigest.com\/ca\/financament\/\" target=\"_blank\" rel=\"noopener noreferrer\">Finan\u00e7ament<\/a><\/p>\n<p><a href=\"https:\/\/www.servidigest.com\/ca\/condicions-generals-de-contractacio\/\" target=\"_blank\" rel=\"noopener noreferrer\">Condicions de contractaci\u00f3<\/a><\/p>\n<\/div>\n<p> <a class=\"mh-excerpt-more\" href=\"https:\/\/dev.93-93-113-41.plesk.page\/ca\/producte\/balo-intragastric-12-mesos-reajustable\/\" title=\"Bal\u00f3 Intrag\u00e0stric 12 mesos reajustable\">[&#8230;]<\/a><\/p>\n<\/div>","protected":false},"featured_media":39324,"comment_status":"open","ping_status":"closed","template":"","meta":[],"product_cat":[918],"product_tag":[],"class_list":{"0":"post-39328","1":"product","2":"type-product","3":"status-publish","4":"has-post-thumbnail","6":"product_cat-tractaments-obesitat","8":"first","9":"instock","10":"shipping-taxable","11":"purchasable","12":"product-type-simple"},"yoast_head":"<!-- This site is optimized with the Yoast SEO plugin v22.6 - https:\/\/yoast.com\/wordpress\/plugins\/seo\/ -->\n<title>Bal\u00f3 Intrag\u00e0stric 12 mesos reajustable - Servidigest<\/title>\n<meta name=\"robots\" content=\"index, follow, max-snippet:-1, max-image-preview:large, max-video-preview:-1\" \/>\n<link rel=\"canonical\" href=\"https:\/\/dev.93-93-113-41.plesk.page\/ca\/producte\/balo-intragastric-12-mesos-reajustable\/\" \/>\n<meta property=\"og:locale\" content=\"ca_ES\" \/>\n<meta property=\"og:type\" content=\"article\" \/>\n<meta property=\"og:title\" content=\"Bal\u00f3 Intrag\u00e0stric 12 mesos reajustable - Servidigest\" \/>\n<meta property=\"og:description\" content=\"Tractament endosc\u00f2pic per l\u2019obesitat.  El Bal\u00f3 Intrag\u00e0stric \u00e9s un globus de silicona d\u2019alta qualitat que es col\u00b7loca a l\u2019interior de l\u2019est\u00f3mac per via endosc\u00f2pica, produint sensaci\u00f3 de sacietat.  A Cl\u00ednica ServiDigest oferim finan\u00e7ament personalitzat i les millors condicions.  Finan\u00e7ament  Condicions de contractaci\u00f3   [...]\" \/>\n<meta property=\"og:url\" content=\"https:\/\/dev.93-93-113-41.plesk.page\/ca\/producte\/balo-intragastric-12-mesos-reajustable\/\" \/>\n<meta property=\"og:site_name\" content=\"Servidigest\" \/>\n<meta property=\"article:publisher\" content=\"https:\/\/www.facebook.com\/servidigest\" \/>\n<meta property=\"article:modified_time\" content=\"2024-05-17T08:35:32+00:00\" \/>\n<meta property=\"og:image\" content=\"https:\/\/dev.93-93-113-41.plesk.page\/wp-content\/uploads\/2024\/05\/Balon-Intragastrico-12-meses-reajustable.jpg\" \/>\n\t<meta property=\"og:image:width\" content=\"700\" \/>\n\t<meta property=\"og:image:height\" content=\"495\" \/>\n\t<meta property=\"og:image:type\" content=\"image\/jpeg\" \/>\n<meta name=\"twitter:card\" content=\"summary_large_image\" \/>\n<meta name=\"twitter:site\" content=\"@servidigest\" \/>\n<meta name=\"twitter:label1\" content=\"Est. reading time\" \/>\n\t<meta name=\"twitter:data1\" content=\"1 minute\" \/>\n<script type=\"application\/ld+json\" class=\"yoast-schema-graph\">{\"@context\":\"https:\/\/schema.org\",\"@graph\":[{\"@type\":\"WebPage\",\"@id\":\"https:\/\/dev.93-93-113-41.plesk.page\/ca\/producte\/balo-intragastric-12-mesos-reajustable\/\",\"url\":\"https:\/\/dev.93-93-113-41.plesk.page\/ca\/producte\/balo-intragastric-12-mesos-reajustable\/\",\"name\":\"Bal\u00f3 Intrag\u00e0stric 12 mesos reajustable - Servidigest\",\"isPartOf\":{\"@id\":\"https:\/\/dev.93-93-113-41.plesk.page\/ca\/#website\"},\"primaryImageOfPage\":{\"@id\":\"https:\/\/dev.93-93-113-41.plesk.page\/ca\/producte\/balo-intragastric-12-mesos-reajustable\/#primaryimage\"},\"image\":{\"@id\":\"https:\/\/dev.93-93-113-41.plesk.page\/ca\/producte\/balo-intragastric-12-mesos-reajustable\/#primaryimage\"},\"thumbnailUrl\":\"https:\/\/dev.93-93-113-41.plesk.page\/wp-content\/uploads\/2024\/05\/Balon-Intragastrico-12-meses-reajustable.jpg\",\"datePublished\":\"2024-05-17T08:15:57+00:00\",\"dateModified\":\"2024-05-17T08:35:32+00:00\",\"breadcrumb\":{\"@id\":\"https:\/\/dev.93-93-113-41.plesk.page\/ca\/producte\/balo-intragastric-12-mesos-reajustable\/#breadcrumb\"},\"inLanguage\":\"ca\",\"potentialAction\":[{\"@type\":\"ReadAction\",\"target\":[\"https:\/\/dev.93-93-113-41.plesk.page\/ca\/producte\/balo-intragastric-12-mesos-reajustable\/\"]}]},{\"@type\":\"ImageObject\",\"inLanguage\":\"ca\",\"@id\":\"https:\/\/dev.93-93-113-41.plesk.page\/ca\/producte\/balo-intragastric-12-mesos-reajustable\/#primaryimage\",\"url\":\"https:\/\/dev.93-93-113-41.plesk.page\/wp-content\/uploads\/2024\/05\/Balon-Intragastrico-12-meses-reajustable.jpg\",\"contentUrl\":\"https:\/\/dev.93-93-113-41.plesk.page\/wp-content\/uploads\/2024\/05\/Balon-Intragastrico-12-meses-reajustable.jpg\",\"width\":700,\"height\":495},{\"@type\":\"BreadcrumbList\",\"@id\":\"https:\/\/dev.93-93-113-41.plesk.page\/ca\/producte\/balo-intragastric-12-mesos-reajustable\/#breadcrumb\",\"itemListElement\":[{\"@type\":\"ListItem\",\"position\":1,\"name\":\"Tienda\",\"item\":\"https:\/\/dev.93-93-113-41.plesk.page\/ca\/tenda\/\"},{\"@type\":\"ListItem\",\"position\":2,\"name\":\"Bal\u00f3 Intrag\u00e0stric 12 mesos reajustable\"}]},{\"@type\":\"WebSite\",\"@id\":\"https:\/\/dev.93-93-113-41.plesk.page\/ca\/#website\",\"url\":\"https:\/\/dev.93-93-113-41.plesk.page\/ca\/\",\"name\":\"Servidigest\",\"description\":\"\",\"publisher\":{\"@id\":\"https:\/\/dev.93-93-113-41.plesk.page\/ca\/#organization\"},\"potentialAction\":[{\"@type\":\"SearchAction\",\"target\":{\"@type\":\"EntryPoint\",\"urlTemplate\":\"https:\/\/dev.93-93-113-41.plesk.page\/ca\/?s={search_term_string}\"},\"query-input\":\"required name=search_term_string\"}],\"inLanguage\":\"ca\"},{\"@type\":\"Organization\",\"@id\":\"https:\/\/dev.93-93-113-41.plesk.page\/ca\/#organization\",\"name\":\"Servidigest\",\"url\":\"https:\/\/dev.93-93-113-41.plesk.page\/ca\/\",\"logo\":{\"@type\":\"ImageObject\",\"inLanguage\":\"ca\",\"@id\":\"https:\/\/dev.93-93-113-41.plesk.page\/ca\/#\/schema\/logo\/image\/\",\"url\":\"https:\/\/dev.93-93-113-41.plesk.page\/wp-content\/uploads\/2024\/01\/servidigest.png\",\"contentUrl\":\"https:\/\/dev.93-93-113-41.plesk.page\/wp-content\/uploads\/2024\/01\/servidigest.png\",\"width\":808,\"height\":88,\"caption\":\"Servidigest\"},\"image\":{\"@id\":\"https:\/\/dev.93-93-113-41.plesk.page\/ca\/#\/schema\/logo\/image\/\"},\"sameAs\":[\"https:\/\/www.facebook.com\/servidigest\",\"https:\/\/x.com\/servidigest\"]}]}<\/script>\n<!-- \/ Yoast SEO plugin. -->","yoast_head_json":{"title":"Bal\u00f3 Intrag\u00e0stric 12 mesos reajustable - Servidigest","robots":{"index":"index","follow":"follow","max-snippet":"max-snippet:-1","max-image-preview":"max-image-preview:large","max-video-preview":"max-video-preview:-1"},"canonical":"https:\/\/dev.93-93-113-41.plesk.page\/ca\/producte\/balo-intragastric-12-mesos-reajustable\/","og_locale":"ca_ES","og_type":"article","og_title":"Bal\u00f3 Intrag\u00e0stric 12 mesos reajustable - Servidigest","og_description":"Tractament endosc\u00f2pic per l\u2019obesitat.  El Bal\u00f3 Intrag\u00e0stric \u00e9s un globus de silicona d\u2019alta qualitat que es col\u00b7loca a l\u2019interior de l\u2019est\u00f3mac per via endosc\u00f2pica, produint sensaci\u00f3 de sacietat.  A Cl\u00ednica ServiDigest oferim finan\u00e7ament personalitzat i les millors condicions.  Finan\u00e7ament  Condicions de contractaci\u00f3   [...]","og_url":"https:\/\/dev.93-93-113-41.plesk.page\/ca\/producte\/balo-intragastric-12-mesos-reajustable\/","og_site_name":"Servidigest","article_publisher":"https:\/\/www.facebook.com\/servidigest","article_modified_time":"2024-05-17T08:35:32+00:00","og_image":[{"width":700,"height":495,"url":"https:\/\/dev.93-93-113-41.plesk.page\/wp-content\/uploads\/2024\/05\/Balon-Intragastrico-12-meses-reajustable.jpg","type":"image\/jpeg"}],"twitter_card":"summary_large_image","twitter_site":"@servidigest","twitter_misc":{"Est. reading time":"1 minute"},"schema":{"@context":"https:\/\/schema.org","@graph":[{"@type":"WebPage","@id":"https:\/\/dev.93-93-113-41.plesk.page\/ca\/producte\/balo-intragastric-12-mesos-reajustable\/","url":"https:\/\/dev.93-93-113-41.plesk.page\/ca\/producte\/balo-intragastric-12-mesos-reajustable\/","name":"Bal\u00f3 Intrag\u00e0stric 12 mesos reajustable - Servidigest","isPartOf":{"@id":"https:\/\/dev.93-93-113-41.plesk.page\/ca\/#website"},"primaryImageOfPage":{"@id":"https:\/\/dev.93-93-113-41.plesk.page\/ca\/producte\/balo-intragastric-12-mesos-reajustable\/#primaryimage"},"image":{"@id":"https:\/\/dev.93-93-113-41.plesk.page\/ca\/producte\/balo-intragastric-12-mesos-reajustable\/#primaryimage"},"thumbnailUrl":"https:\/\/dev.93-93-113-41.plesk.page\/wp-content\/uploads\/2024\/05\/Balon-Intragastrico-12-meses-reajustable.jpg","datePublished":"2024-05-17T08:15:57+00:00","dateModified":"2024-05-17T08:35:32+00:00","breadcrumb":{"@id":"https:\/\/dev.93-93-113-41.plesk.page\/ca\/producte\/balo-intragastric-12-mesos-reajustable\/#breadcrumb"},"inLanguage":"ca","potentialAction":[{"@type":"ReadAction","target":["https:\/\/dev.93-93-113-41.plesk.page\/ca\/producte\/balo-intragastric-12-mesos-reajustable\/"]}]},{"@type":"ImageObject","inLanguage":"ca","@id":"https:\/\/dev.93-93-113-41.plesk.page\/ca\/producte\/balo-intragastric-12-mesos-reajustable\/#primaryimage","url":"https:\/\/dev.93-93-113-41.plesk.page\/wp-content\/uploads\/2024\/05\/Balon-Intragastrico-12-meses-reajustable.jpg","contentUrl":"https:\/\/dev.93-93-113-41.plesk.page\/wp-content\/uploads\/2024\/05\/Balon-Intragastrico-12-meses-reajustable.jpg","width":700,"height":495},{"@type":"BreadcrumbList","@id":"https:\/\/dev.93-93-113-41.plesk.page\/ca\/producte\/balo-intragastric-12-mesos-reajustable\/#breadcrumb","itemListElement":[{"@type":"ListItem","position":1,"name":"Tienda","item":"https:\/\/dev.93-93-113-41.plesk.page\/ca\/tenda\/"},{"@type":"ListItem","position":2,"name":"Bal\u00f3 Intrag\u00e0stric 12 mesos reajustable"}]},{"@type":"WebSite","@id":"https:\/\/dev.93-93-113-41.plesk.page\/ca\/#website","url":"https:\/\/dev.93-93-113-41.plesk.page\/ca\/","name":"Servidigest","description":"","publisher":{"@id":"https:\/\/dev.93-93-113-41.plesk.page\/ca\/#organization"},"potentialAction":[{"@type":"SearchAction","target":{"@type":"EntryPoint","urlTemplate":"https:\/\/dev.93-93-113-41.plesk.page\/ca\/?s={search_term_string}"},"query-input":"required name=search_term_string"}],"inLanguage":"ca"},{"@type":"Organization","@id":"https:\/\/dev.93-93-113-41.plesk.page\/ca\/#organization","name":"Servidigest","url":"https:\/\/dev.93-93-113-41.plesk.page\/ca\/","logo":{"@type":"ImageObject","inLanguage":"ca","@id":"https:\/\/dev.93-93-113-41.plesk.page\/ca\/#\/schema\/logo\/image\/","url":"https:\/\/dev.93-93-113-41.plesk.page\/wp-content\/uploads\/2024\/01\/servidigest.png","contentUrl":"https:\/\/dev.93-93-113-41.plesk.page\/wp-content\/uploads\/2024\/01\/servidigest.png","width":808,"height":88,"caption":"Servidigest"},"image":{"@id":"https:\/\/dev.93-93-113-41.plesk.page\/ca\/#\/schema\/logo\/image\/"},"sameAs":["https:\/\/www.facebook.com\/servidigest","https:\/\/x.com\/servidigest"]}]}},"_links":{"self":[{"href":"https:\/\/dev.93-93-113-41.plesk.page\/ca\/wp-json\/wp\/v2\/product\/39328","targetHints":{"allow":["GET"]}}],"collection":[{"href":"https:\/\/dev.93-93-113-41.plesk.page\/ca\/wp-json\/wp\/v2\/product"}],"about":[{"href":"https:\/\/dev.93-93-113-41.plesk.page\/ca\/wp-json\/wp\/v2\/types\/product"}],"replies":[{"embeddable":true,"href":"https:\/\/dev.93-93-113-41.plesk.page\/ca\/wp-json\/wp\/v2\/comments?post=39328"}],"wp:featuredmedia":[{"embeddable":true,"href":"https:\/\/dev.93-93-113-41.plesk.page\/ca\/wp-json\/wp\/v2\/media\/39324"}],"wp:attachment":[{"href":"https:\/\/dev.93-93-113-41.plesk.page\/ca\/wp-json\/wp\/v2\/media?parent=39328"}],"wp:term":[{"taxonomy":"product_cat","embeddable":true,"href":"https:\/\/dev.93-93-113-41.plesk.page\/ca\/wp-json\/wp\/v2\/product_cat?post=39328"},{"taxonomy":"product_tag","embeddable":true,"href":"https:\/\/dev.93-93-113-41.plesk.page\/ca\/wp-json\/wp\/v2\/product_tag?post=39328"}],"curies":[{"name":"wp","href":"https:\/\/api.w.org\/{rel}","templated":true}]}}