{"id":38376,"date":"2024-03-12T12:16:17","date_gmt":"2024-03-12T11:16:17","guid":{"rendered":"https:\/\/dev.93-93-113-41.plesk.page\/producto\/pilota-intragastric\/"},"modified":"2024-05-31T13:10:16","modified_gmt":"2024-05-31T11:10:16","slug":"balo-intragastric-obesitat","status":"publish","type":"product","link":"https:\/\/dev.93-93-113-41.plesk.page\/ca\/producte\/balo-intragastric-obesitat\/","title":{"rendered":"Bal\u00f3 Intrag\u00e0stric 6 mesos"},"content":{"rendered":"<p>El Bal\u00f3 Intrag\u00e0stric Endosc\u00f3pic (BIE), est\u00e0 indicat per a aquelles persones que han provat tot tipus de dietes per aprimar-se i no han aconseguit els resultats esperats.<\/p>\n<p>Molts dels nostres pacients ja han aconseguit assolir el seu pes ideal amb aquest tractament de Cl\u00ednica ServiDigest.<\/p>\n<p>Sense cirurgia, el Bal\u00f3 Intrag\u00e0stric consisteix a introduir a l&#8217;interior de l&#8217;est\u00f3mac, per via endosc\u00f2pica, un globus de silicona amb contingut de s\u00e8rum fisiol\u00f2gic, que es mant\u00e9 durant un m\u00e0xim de 6 mesos.<\/p>\n<p>Durant aquest per\u00edode, es reeduca el pacient de manera m\u00e9s efica\u00e7 a menjar m\u00e9s lleuger i menys quanti\u00f3s, gr\u00e0cies a la sensaci\u00f3 de sacietat que produeix el bal\u00f3 al seu interior.<\/p>\n<p>El Bal\u00f3 Intrag\u00e0stric \u00e9s un globus de silicona d&#8217;alta qualitat amb un sistema de v\u00e0lvula de m\u00e0xima seguretat. Est\u00e0 dissenyat per mantenir-se a l&#8217;est\u00f3mac durant 6 mesos amb l&#8217;objectiu de produir sensaci\u00f3 de plenitud i sacietat.<\/p>\n<p>Despr\u00e9s d&#8217;aquest per\u00edode s&#8217;extreu per via endosc\u00f2pica i sota anest\u00e8sia profunda.<\/p>\n<p>Aquest tractament endosc\u00f2pic est\u00e0 indicat per a pacients amb sobrep\u00e8s i obesitat tipus I, II i ocasionalment alguns casos d&#8217;obesitat tipus III-IV.<\/p>\n<p>L&#8217;equip multidisciplinari de metges especialistes en Aparell Digestiu-Endosc\u00f2pia, Endocrinologia, Nutrici\u00f3 i Diet\u00e8tica i Psicologia Cl\u00ednica, valoren sempre la situaci\u00f3 personal i cl\u00ednica de cada pacient per determinar el millor tractament, depenent del grau i nivell de Sobrep\u00e8s o Obesitat que presenti.<\/p>\n<p><a href=\"https:\/\/dev.93-93-113-41.plesk.page\/ca\/servicios\/obesidad\/balon-intragastrico\/\">Ampliar informaci\u00f3 sobre el Bal\u00f3 Intrag\u00e0stric<\/a><\/p>\n<p>&nbsp;<\/p>\n","protected":false},"excerpt":{"rendered":"<div class=\"mh-excerpt\"><p>Tractament endosc\u00f2pic per a l&#8217;obesitat. Bal\u00f3 g\u00e0stric 6 mesos.<\/p>\n<p>El Bal\u00f3 Intrag\u00e0stric \u00e9s un globus de silicona d&#8217;alta qualitat que es col\u00b7loca a l&#8217;interior de l&#8217;est\u00f3mac per via endosc\u00f2pica, produint sensaci\u00f3 de sacietat.<\/p>\n<p>A Cl\u00ednica ServiDigest oferim finan\u00e7ament personalitzat i les millors condicions.<\/p>\n<p><a href=\"https:\/\/dev.93-93-113-41.plesk.page\/financiacion\/\" target=\"_blank\" rel=\"noopener noreferrer\">Finan\u00e7ament<\/a><\/p>\n<p><a href=\"https:\/\/dev.93-93-113-41.plesk.page\/condiciones-generales-de-contratacion\/\" target=\"_blank\" rel=\"noopener noreferrer\">Condicions de contractaci\u00f3<\/a> <a class=\"mh-excerpt-more\" href=\"https:\/\/dev.93-93-113-41.plesk.page\/ca\/producte\/balo-intragastric-obesitat\/\" title=\"Bal\u00f3 Intrag\u00e0stric 6 mesos\">[&#8230;]<\/a><\/p>\n<\/div>","protected":false},"featured_media":39319,"comment_status":"closed","ping_status":"closed","template":"","meta":[],"product_cat":[918],"product_tag":[],"class_list":{"0":"post-38376","1":"product","2":"type-product","3":"status-publish","4":"has-post-thumbnail","6":"product_cat-tractaments-obesitat","8":"first","9":"instock","10":"virtual","11":"purchasable","12":"product-type-simple"},"yoast_head":"<!-- This site is optimized with the Yoast SEO plugin v22.6 - https:\/\/yoast.com\/wordpress\/plugins\/seo\/ -->\n<title>Bal\u00f3 Intrag\u00e0stric 6 mesos - Servidigest<\/title>\n<meta name=\"robots\" content=\"index, follow, max-snippet:-1, max-image-preview:large, max-video-preview:-1\" \/>\n<link rel=\"canonical\" href=\"https:\/\/dev.93-93-113-41.plesk.page\/ca\/producte\/balo-intragastric-obesitat\/\" \/>\n<meta property=\"og:locale\" content=\"ca_ES\" \/>\n<meta property=\"og:type\" content=\"article\" \/>\n<meta property=\"og:title\" content=\"Bal\u00f3 Intrag\u00e0stric 6 mesos - Servidigest\" \/>\n<meta property=\"og:description\" content=\"Tractament endosc\u00f2pic per a l&#039;obesitat. Bal\u00f3 g\u00e0stric 6 mesos.  El Bal\u00f3 Intrag\u00e0stric \u00e9s un globus de silicona d&#039;alta qualitat que es col\u00b7loca a l&#039;interior de l&#039;est\u00f3mac per via endosc\u00f2pica, produint sensaci\u00f3 de sacietat.  A Cl\u00ednica ServiDigest oferim finan\u00e7ament personalitzat i les millors condicions.  Finan\u00e7ament  Condicions de contractaci\u00f3 [...]\" \/>\n<meta property=\"og:url\" content=\"https:\/\/dev.93-93-113-41.plesk.page\/ca\/producte\/balo-intragastric-obesitat\/\" \/>\n<meta property=\"og:site_name\" content=\"Servidigest\" \/>\n<meta property=\"article:publisher\" content=\"https:\/\/www.facebook.com\/servidigest\" \/>\n<meta property=\"article:modified_time\" content=\"2024-05-31T11:10:16+00:00\" \/>\n<meta property=\"og:image\" content=\"https:\/\/dev.93-93-113-41.plesk.page\/wp-content\/uploads\/2024\/03\/Balon-ecommerce.jpg\" \/>\n\t<meta property=\"og:image:width\" content=\"500\" \/>\n\t<meta property=\"og:image:height\" content=\"333\" \/>\n\t<meta property=\"og:image:type\" content=\"image\/jpeg\" \/>\n<meta name=\"twitter:card\" content=\"summary_large_image\" \/>\n<meta name=\"twitter:site\" content=\"@servidigest\" \/>\n<meta name=\"twitter:label1\" content=\"Est. reading time\" \/>\n\t<meta name=\"twitter:data1\" content=\"1 minute\" \/>\n<script type=\"application\/ld+json\" class=\"yoast-schema-graph\">{\"@context\":\"https:\/\/schema.org\",\"@graph\":[{\"@type\":\"WebPage\",\"@id\":\"https:\/\/dev.93-93-113-41.plesk.page\/ca\/producte\/balo-intragastric-obesitat\/\",\"url\":\"https:\/\/dev.93-93-113-41.plesk.page\/ca\/producte\/balo-intragastric-obesitat\/\",\"name\":\"Bal\u00f3 Intrag\u00e0stric 6 mesos - Servidigest\",\"isPartOf\":{\"@id\":\"https:\/\/dev.93-93-113-41.plesk.page\/ca\/#website\"},\"primaryImageOfPage\":{\"@id\":\"https:\/\/dev.93-93-113-41.plesk.page\/ca\/producte\/balo-intragastric-obesitat\/#primaryimage\"},\"image\":{\"@id\":\"https:\/\/dev.93-93-113-41.plesk.page\/ca\/producte\/balo-intragastric-obesitat\/#primaryimage\"},\"thumbnailUrl\":\"https:\/\/dev.93-93-113-41.plesk.page\/wp-content\/uploads\/2024\/03\/Balon-ecommerce.jpg\",\"datePublished\":\"2024-03-12T11:16:17+00:00\",\"dateModified\":\"2024-05-31T11:10:16+00:00\",\"breadcrumb\":{\"@id\":\"https:\/\/dev.93-93-113-41.plesk.page\/ca\/producte\/balo-intragastric-obesitat\/#breadcrumb\"},\"inLanguage\":\"ca\",\"potentialAction\":[{\"@type\":\"ReadAction\",\"target\":[\"https:\/\/dev.93-93-113-41.plesk.page\/ca\/producte\/balo-intragastric-obesitat\/\"]}]},{\"@type\":\"ImageObject\",\"inLanguage\":\"ca\",\"@id\":\"https:\/\/dev.93-93-113-41.plesk.page\/ca\/producte\/balo-intragastric-obesitat\/#primaryimage\",\"url\":\"https:\/\/dev.93-93-113-41.plesk.page\/wp-content\/uploads\/2024\/03\/Balon-ecommerce.jpg\",\"contentUrl\":\"https:\/\/dev.93-93-113-41.plesk.page\/wp-content\/uploads\/2024\/03\/Balon-ecommerce.jpg\",\"width\":500,\"height\":333},{\"@type\":\"BreadcrumbList\",\"@id\":\"https:\/\/dev.93-93-113-41.plesk.page\/ca\/producte\/balo-intragastric-obesitat\/#breadcrumb\",\"itemListElement\":[{\"@type\":\"ListItem\",\"position\":1,\"name\":\"Tienda\",\"item\":\"https:\/\/dev.93-93-113-41.plesk.page\/ca\/tenda\/\"},{\"@type\":\"ListItem\",\"position\":2,\"name\":\"Bal\u00f3 Intrag\u00e0stric 6 mesos\"}]},{\"@type\":\"WebSite\",\"@id\":\"https:\/\/dev.93-93-113-41.plesk.page\/ca\/#website\",\"url\":\"https:\/\/dev.93-93-113-41.plesk.page\/ca\/\",\"name\":\"Servidigest\",\"description\":\"\",\"publisher\":{\"@id\":\"https:\/\/dev.93-93-113-41.plesk.page\/ca\/#organization\"},\"potentialAction\":[{\"@type\":\"SearchAction\",\"target\":{\"@type\":\"EntryPoint\",\"urlTemplate\":\"https:\/\/dev.93-93-113-41.plesk.page\/ca\/?s={search_term_string}\"},\"query-input\":\"required name=search_term_string\"}],\"inLanguage\":\"ca\"},{\"@type\":\"Organization\",\"@id\":\"https:\/\/dev.93-93-113-41.plesk.page\/ca\/#organization\",\"name\":\"Servidigest\",\"url\":\"https:\/\/dev.93-93-113-41.plesk.page\/ca\/\",\"logo\":{\"@type\":\"ImageObject\",\"inLanguage\":\"ca\",\"@id\":\"https:\/\/dev.93-93-113-41.plesk.page\/ca\/#\/schema\/logo\/image\/\",\"url\":\"https:\/\/dev.93-93-113-41.plesk.page\/wp-content\/uploads\/2024\/01\/servidigest.png\",\"contentUrl\":\"https:\/\/dev.93-93-113-41.plesk.page\/wp-content\/uploads\/2024\/01\/servidigest.png\",\"width\":808,\"height\":88,\"caption\":\"Servidigest\"},\"image\":{\"@id\":\"https:\/\/dev.93-93-113-41.plesk.page\/ca\/#\/schema\/logo\/image\/\"},\"sameAs\":[\"https:\/\/www.facebook.com\/servidigest\",\"https:\/\/x.com\/servidigest\"]}]}<\/script>\n<!-- \/ Yoast SEO plugin. -->","yoast_head_json":{"title":"Bal\u00f3 Intrag\u00e0stric 6 mesos - Servidigest","robots":{"index":"index","follow":"follow","max-snippet":"max-snippet:-1","max-image-preview":"max-image-preview:large","max-video-preview":"max-video-preview:-1"},"canonical":"https:\/\/dev.93-93-113-41.plesk.page\/ca\/producte\/balo-intragastric-obesitat\/","og_locale":"ca_ES","og_type":"article","og_title":"Bal\u00f3 Intrag\u00e0stric 6 mesos - Servidigest","og_description":"Tractament endosc\u00f2pic per a l'obesitat. Bal\u00f3 g\u00e0stric 6 mesos.  El Bal\u00f3 Intrag\u00e0stric \u00e9s un globus de silicona d'alta qualitat que es col\u00b7loca a l'interior de l'est\u00f3mac per via endosc\u00f2pica, produint sensaci\u00f3 de sacietat.  A Cl\u00ednica ServiDigest oferim finan\u00e7ament personalitzat i les millors condicions.  Finan\u00e7ament  Condicions de contractaci\u00f3 [...]","og_url":"https:\/\/dev.93-93-113-41.plesk.page\/ca\/producte\/balo-intragastric-obesitat\/","og_site_name":"Servidigest","article_publisher":"https:\/\/www.facebook.com\/servidigest","article_modified_time":"2024-05-31T11:10:16+00:00","og_image":[{"width":500,"height":333,"url":"https:\/\/dev.93-93-113-41.plesk.page\/wp-content\/uploads\/2024\/03\/Balon-ecommerce.jpg","type":"image\/jpeg"}],"twitter_card":"summary_large_image","twitter_site":"@servidigest","twitter_misc":{"Est. reading time":"1 minute"},"schema":{"@context":"https:\/\/schema.org","@graph":[{"@type":"WebPage","@id":"https:\/\/dev.93-93-113-41.plesk.page\/ca\/producte\/balo-intragastric-obesitat\/","url":"https:\/\/dev.93-93-113-41.plesk.page\/ca\/producte\/balo-intragastric-obesitat\/","name":"Bal\u00f3 Intrag\u00e0stric 6 mesos - Servidigest","isPartOf":{"@id":"https:\/\/dev.93-93-113-41.plesk.page\/ca\/#website"},"primaryImageOfPage":{"@id":"https:\/\/dev.93-93-113-41.plesk.page\/ca\/producte\/balo-intragastric-obesitat\/#primaryimage"},"image":{"@id":"https:\/\/dev.93-93-113-41.plesk.page\/ca\/producte\/balo-intragastric-obesitat\/#primaryimage"},"thumbnailUrl":"https:\/\/dev.93-93-113-41.plesk.page\/wp-content\/uploads\/2024\/03\/Balon-ecommerce.jpg","datePublished":"2024-03-12T11:16:17+00:00","dateModified":"2024-05-31T11:10:16+00:00","breadcrumb":{"@id":"https:\/\/dev.93-93-113-41.plesk.page\/ca\/producte\/balo-intragastric-obesitat\/#breadcrumb"},"inLanguage":"ca","potentialAction":[{"@type":"ReadAction","target":["https:\/\/dev.93-93-113-41.plesk.page\/ca\/producte\/balo-intragastric-obesitat\/"]}]},{"@type":"ImageObject","inLanguage":"ca","@id":"https:\/\/dev.93-93-113-41.plesk.page\/ca\/producte\/balo-intragastric-obesitat\/#primaryimage","url":"https:\/\/dev.93-93-113-41.plesk.page\/wp-content\/uploads\/2024\/03\/Balon-ecommerce.jpg","contentUrl":"https:\/\/dev.93-93-113-41.plesk.page\/wp-content\/uploads\/2024\/03\/Balon-ecommerce.jpg","width":500,"height":333},{"@type":"BreadcrumbList","@id":"https:\/\/dev.93-93-113-41.plesk.page\/ca\/producte\/balo-intragastric-obesitat\/#breadcrumb","itemListElement":[{"@type":"ListItem","position":1,"name":"Tienda","item":"https:\/\/dev.93-93-113-41.plesk.page\/ca\/tenda\/"},{"@type":"ListItem","position":2,"name":"Bal\u00f3 Intrag\u00e0stric 6 mesos"}]},{"@type":"WebSite","@id":"https:\/\/dev.93-93-113-41.plesk.page\/ca\/#website","url":"https:\/\/dev.93-93-113-41.plesk.page\/ca\/","name":"Servidigest","description":"","publisher":{"@id":"https:\/\/dev.93-93-113-41.plesk.page\/ca\/#organization"},"potentialAction":[{"@type":"SearchAction","target":{"@type":"EntryPoint","urlTemplate":"https:\/\/dev.93-93-113-41.plesk.page\/ca\/?s={search_term_string}"},"query-input":"required name=search_term_string"}],"inLanguage":"ca"},{"@type":"Organization","@id":"https:\/\/dev.93-93-113-41.plesk.page\/ca\/#organization","name":"Servidigest","url":"https:\/\/dev.93-93-113-41.plesk.page\/ca\/","logo":{"@type":"ImageObject","inLanguage":"ca","@id":"https:\/\/dev.93-93-113-41.plesk.page\/ca\/#\/schema\/logo\/image\/","url":"https:\/\/dev.93-93-113-41.plesk.page\/wp-content\/uploads\/2024\/01\/servidigest.png","contentUrl":"https:\/\/dev.93-93-113-41.plesk.page\/wp-content\/uploads\/2024\/01\/servidigest.png","width":808,"height":88,"caption":"Servidigest"},"image":{"@id":"https:\/\/dev.93-93-113-41.plesk.page\/ca\/#\/schema\/logo\/image\/"},"sameAs":["https:\/\/www.facebook.com\/servidigest","https:\/\/x.com\/servidigest"]}]}},"_links":{"self":[{"href":"https:\/\/dev.93-93-113-41.plesk.page\/ca\/wp-json\/wp\/v2\/product\/38376","targetHints":{"allow":["GET"]}}],"collection":[{"href":"https:\/\/dev.93-93-113-41.plesk.page\/ca\/wp-json\/wp\/v2\/product"}],"about":[{"href":"https:\/\/dev.93-93-113-41.plesk.page\/ca\/wp-json\/wp\/v2\/types\/product"}],"replies":[{"embeddable":true,"href":"https:\/\/dev.93-93-113-41.plesk.page\/ca\/wp-json\/wp\/v2\/comments?post=38376"}],"wp:featuredmedia":[{"embeddable":true,"href":"https:\/\/dev.93-93-113-41.plesk.page\/ca\/wp-json\/wp\/v2\/media\/39319"}],"wp:attachment":[{"href":"https:\/\/dev.93-93-113-41.plesk.page\/ca\/wp-json\/wp\/v2\/media?parent=38376"}],"wp:term":[{"taxonomy":"product_cat","embeddable":true,"href":"https:\/\/dev.93-93-113-41.plesk.page\/ca\/wp-json\/wp\/v2\/product_cat?post=38376"},{"taxonomy":"product_tag","embeddable":true,"href":"https:\/\/dev.93-93-113-41.plesk.page\/ca\/wp-json\/wp\/v2\/product_tag?post=38376"}],"curies":[{"name":"wp","href":"https:\/\/api.w.org\/{rel}","templated":true}]}}