{"id":38374,"date":"2024-03-12T12:16:18","date_gmt":"2024-03-12T11:16:18","guid":{"rendered":"https:\/\/dev.93-93-113-41.plesk.page\/producto\/reparacio-cirurgia-obesitat-metode-apollo-reco\/"},"modified":"2024-03-12T12:16:18","modified_gmt":"2024-03-12T11:16:18","slug":"reparacio-cirurgia-obesitat-metode-apollo-reco","status":"publish","type":"product","link":"https:\/\/dev.93-93-113-41.plesk.page\/ca\/producte\/reparacio-cirurgia-obesitat-metode-apollo-reco\/","title":{"rendered":"Reparaci\u00f3 Cirurgia Obesitat (M\u00e8tode Apollo RECO)"},"content":{"rendered":"<p>La <strong>Reparaci\u00f3 Endosc\u00f2pica d&#8217;un By-pass G\u00e0stric<\/strong> mitjan\u00e7ant el Sistema de Sutura Endosc\u00f2pica OverStitch d&#8217;Apollo Endosurgery, consisteix en la <strong>realitzaci\u00f3 d&#8217;una reducci\u00f3 per via endosc\u00f2pica de l&#8217;anastomosi gastroijunal dilatada<\/strong> , sense necessitat de fer incisions externes.<\/p>\n<p>A trav\u00e9s d&#8217;un endoscopi introdu\u00eft per la boca, es realitzen sutures a l&#8217;anastomosi gastroyeunal per reduir-ne la mida, aconseguint una lentitud m\u00e9s gran del pas de l&#8217;aliment, provocant sacietat preco\u00e7 i endarrerint l&#8217;aparici\u00f3 de sensaci\u00f3 de gana.<\/p>\n<p>Mitjan\u00e7ant aquest sistema de sutura endosc\u00f2pica tamb\u00e9 es pot reduir el mony\u00f3 o el reservori g\u00e0stric en el cas d&#8217;estar dilatat en exc\u00e9s.<\/p>\n<p><strong>El m\u00e8tode no \u00e9s dolor\u00f3s<\/strong> , si b\u00e9 pot generar algunes mol\u00e8sties a nivell g\u00e0stric, i habitualment comporta una r\u00e0pida recuperaci\u00f3 que permet al pacient, en la majoria dels casos, iniciar una vida pr\u00e0cticament normal a les 24-48 hores del procediment.<\/p>\n<p><a href=\"https:\/\/dev.93-93-113-41.plesk.page\/ca\/servicios\/sobrepeso-obesidad\/tratamientos\/metodo-apollo-endosurgery\/reco-reparacion-cirugia-obesidad\/\">Ampliar informaci\u00f3 sobre el M\u00e8tode Apollo RECO<\/a><\/p>\n","protected":false},"excerpt":{"rendered":"<div class=\"mh-excerpt\"><p>Aquest tractament endosc\u00f2pic est\u00e0 especialment indicat per a aquells pacients que s&#8217;han realitzat una intervenci\u00f3 quir\u00fargica de By-pass G\u00e0stric i que al cap d&#8217;uns anys tornen a augmentar de pes.<\/p>\n<p>A Cl\u00ednica ServiDigest oferim finan\u00e7ament personalitzat i les millors condicions.<\/p>\n<p><a href=\"https:\/\/dev.93-93-113-41.plesk.page\/financiacion\/\" target=\"_blank\" rel=\"noopener noreferrer\">Finan\u00e7ament<\/a><\/p>\n<p><a href=\"https:\/\/dev.93-93-113-41.plesk.page\/condiciones-generales-de-contratacion\/\" target=\"_blank\" rel=\"noopener noreferrer\">Condicions de contractaci\u00f3<\/a> <a class=\"mh-excerpt-more\" href=\"https:\/\/dev.93-93-113-41.plesk.page\/ca\/producte\/reparacio-cirurgia-obesitat-metode-apollo-reco\/\" title=\"Reparaci\u00f3 Cirurgia Obesitat (M\u00e8tode Apollo RECO)\">[&#8230;]<\/a><\/p>\n<\/div>","protected":false},"featured_media":16984,"comment_status":"closed","ping_status":"closed","template":"","meta":[],"product_cat":[918],"product_tag":[],"class_list":{"0":"post-38374","1":"product","2":"type-product","3":"status-publish","4":"has-post-thumbnail","6":"product_cat-tractaments-obesitat","8":"first","9":"instock","10":"sale","11":"virtual","12":"purchasable","13":"product-type-simple"},"yoast_head":"<!-- This site is optimized with the Yoast SEO plugin v22.6 - https:\/\/yoast.com\/wordpress\/plugins\/seo\/ -->\n<title>Reparaci\u00f3 Cirurgia Obesitat (M\u00e8tode Apollo RECO) - Servidigest<\/title>\n<meta name=\"robots\" content=\"index, follow, max-snippet:-1, max-image-preview:large, max-video-preview:-1\" \/>\n<link rel=\"canonical\" href=\"https:\/\/dev.93-93-113-41.plesk.page\/ca\/producte\/reparacio-cirurgia-obesitat-metode-apollo-reco\/\" \/>\n<meta property=\"og:locale\" content=\"ca_ES\" \/>\n<meta property=\"og:type\" content=\"article\" \/>\n<meta property=\"og:title\" content=\"Reparaci\u00f3 Cirurgia Obesitat (M\u00e8tode Apollo RECO) - Servidigest\" \/>\n<meta property=\"og:description\" content=\"Aquest tractament endosc\u00f2pic est\u00e0 especialment indicat per a aquells pacients que s&#039;han realitzat una intervenci\u00f3 quir\u00fargica de By-pass G\u00e0stric i que al cap d&#039;uns anys tornen a augmentar de pes.  A Cl\u00ednica ServiDigest oferim finan\u00e7ament personalitzat i les millors condicions.  Finan\u00e7ament  Condicions de contractaci\u00f3 [...]\" \/>\n<meta property=\"og:url\" content=\"https:\/\/dev.93-93-113-41.plesk.page\/ca\/producte\/reparacio-cirurgia-obesitat-metode-apollo-reco\/\" \/>\n<meta property=\"og:site_name\" content=\"Servidigest\" \/>\n<meta property=\"article:publisher\" content=\"https:\/\/www.facebook.com\/servidigest\" \/>\n<meta property=\"og:image\" content=\"https:\/\/dev.93-93-113-41.plesk.page\/wp-content\/uploads\/2016\/01\/comprar-reparacion-cirugia-obesidad-RECO.jpg\" \/>\n\t<meta property=\"og:image:width\" content=\"470\" \/>\n\t<meta property=\"og:image:height\" content=\"330\" \/>\n\t<meta property=\"og:image:type\" content=\"image\/jpeg\" \/>\n<meta name=\"twitter:card\" content=\"summary_large_image\" \/>\n<meta name=\"twitter:site\" content=\"@servidigest\" \/>\n<meta name=\"twitter:label1\" content=\"Est. reading time\" \/>\n\t<meta name=\"twitter:data1\" content=\"1 minute\" \/>\n<script type=\"application\/ld+json\" class=\"yoast-schema-graph\">{\"@context\":\"https:\/\/schema.org\",\"@graph\":[{\"@type\":\"WebPage\",\"@id\":\"https:\/\/dev.93-93-113-41.plesk.page\/ca\/producte\/reparacio-cirurgia-obesitat-metode-apollo-reco\/\",\"url\":\"https:\/\/dev.93-93-113-41.plesk.page\/ca\/producte\/reparacio-cirurgia-obesitat-metode-apollo-reco\/\",\"name\":\"Reparaci\u00f3 Cirurgia Obesitat (M\u00e8tode Apollo RECO) - Servidigest\",\"isPartOf\":{\"@id\":\"https:\/\/dev.93-93-113-41.plesk.page\/ca\/#website\"},\"primaryImageOfPage\":{\"@id\":\"https:\/\/dev.93-93-113-41.plesk.page\/ca\/producte\/reparacio-cirurgia-obesitat-metode-apollo-reco\/#primaryimage\"},\"image\":{\"@id\":\"https:\/\/dev.93-93-113-41.plesk.page\/ca\/producte\/reparacio-cirurgia-obesitat-metode-apollo-reco\/#primaryimage\"},\"thumbnailUrl\":\"https:\/\/dev.93-93-113-41.plesk.page\/wp-content\/uploads\/2016\/01\/comprar-reparacion-cirugia-obesidad-RECO.jpg\",\"datePublished\":\"2024-03-12T11:16:18+00:00\",\"dateModified\":\"2024-03-12T11:16:18+00:00\",\"breadcrumb\":{\"@id\":\"https:\/\/dev.93-93-113-41.plesk.page\/ca\/producte\/reparacio-cirurgia-obesitat-metode-apollo-reco\/#breadcrumb\"},\"inLanguage\":\"ca\",\"potentialAction\":[{\"@type\":\"ReadAction\",\"target\":[\"https:\/\/dev.93-93-113-41.plesk.page\/ca\/producte\/reparacio-cirurgia-obesitat-metode-apollo-reco\/\"]}]},{\"@type\":\"ImageObject\",\"inLanguage\":\"ca\",\"@id\":\"https:\/\/dev.93-93-113-41.plesk.page\/ca\/producte\/reparacio-cirurgia-obesitat-metode-apollo-reco\/#primaryimage\",\"url\":\"https:\/\/dev.93-93-113-41.plesk.page\/wp-content\/uploads\/2016\/01\/comprar-reparacion-cirugia-obesidad-RECO.jpg\",\"contentUrl\":\"https:\/\/dev.93-93-113-41.plesk.page\/wp-content\/uploads\/2016\/01\/comprar-reparacion-cirugia-obesidad-RECO.jpg\",\"width\":470,\"height\":330},{\"@type\":\"BreadcrumbList\",\"@id\":\"https:\/\/dev.93-93-113-41.plesk.page\/ca\/producte\/reparacio-cirurgia-obesitat-metode-apollo-reco\/#breadcrumb\",\"itemListElement\":[{\"@type\":\"ListItem\",\"position\":1,\"name\":\"Tienda\",\"item\":\"https:\/\/dev.93-93-113-41.plesk.page\/ca\/tenda\/\"},{\"@type\":\"ListItem\",\"position\":2,\"name\":\"Reparaci\u00f3 Cirurgia Obesitat (M\u00e8tode Apollo RECO)\"}]},{\"@type\":\"WebSite\",\"@id\":\"https:\/\/dev.93-93-113-41.plesk.page\/ca\/#website\",\"url\":\"https:\/\/dev.93-93-113-41.plesk.page\/ca\/\",\"name\":\"Servidigest\",\"description\":\"\",\"publisher\":{\"@id\":\"https:\/\/dev.93-93-113-41.plesk.page\/ca\/#organization\"},\"potentialAction\":[{\"@type\":\"SearchAction\",\"target\":{\"@type\":\"EntryPoint\",\"urlTemplate\":\"https:\/\/dev.93-93-113-41.plesk.page\/ca\/?s={search_term_string}\"},\"query-input\":\"required name=search_term_string\"}],\"inLanguage\":\"ca\"},{\"@type\":\"Organization\",\"@id\":\"https:\/\/dev.93-93-113-41.plesk.page\/ca\/#organization\",\"name\":\"Servidigest\",\"url\":\"https:\/\/dev.93-93-113-41.plesk.page\/ca\/\",\"logo\":{\"@type\":\"ImageObject\",\"inLanguage\":\"ca\",\"@id\":\"https:\/\/dev.93-93-113-41.plesk.page\/ca\/#\/schema\/logo\/image\/\",\"url\":\"https:\/\/dev.93-93-113-41.plesk.page\/wp-content\/uploads\/2024\/01\/servidigest.png\",\"contentUrl\":\"https:\/\/dev.93-93-113-41.plesk.page\/wp-content\/uploads\/2024\/01\/servidigest.png\",\"width\":808,\"height\":88,\"caption\":\"Servidigest\"},\"image\":{\"@id\":\"https:\/\/dev.93-93-113-41.plesk.page\/ca\/#\/schema\/logo\/image\/\"},\"sameAs\":[\"https:\/\/www.facebook.com\/servidigest\",\"https:\/\/x.com\/servidigest\"]}]}<\/script>\n<!-- \/ Yoast SEO plugin. -->","yoast_head_json":{"title":"Reparaci\u00f3 Cirurgia Obesitat (M\u00e8tode Apollo RECO) - Servidigest","robots":{"index":"index","follow":"follow","max-snippet":"max-snippet:-1","max-image-preview":"max-image-preview:large","max-video-preview":"max-video-preview:-1"},"canonical":"https:\/\/dev.93-93-113-41.plesk.page\/ca\/producte\/reparacio-cirurgia-obesitat-metode-apollo-reco\/","og_locale":"ca_ES","og_type":"article","og_title":"Reparaci\u00f3 Cirurgia Obesitat (M\u00e8tode Apollo RECO) - Servidigest","og_description":"Aquest tractament endosc\u00f2pic est\u00e0 especialment indicat per a aquells pacients que s'han realitzat una intervenci\u00f3 quir\u00fargica de By-pass G\u00e0stric i que al cap d'uns anys tornen a augmentar de pes.  A Cl\u00ednica ServiDigest oferim finan\u00e7ament personalitzat i les millors condicions.  Finan\u00e7ament  Condicions de contractaci\u00f3 [...]","og_url":"https:\/\/dev.93-93-113-41.plesk.page\/ca\/producte\/reparacio-cirurgia-obesitat-metode-apollo-reco\/","og_site_name":"Servidigest","article_publisher":"https:\/\/www.facebook.com\/servidigest","og_image":[{"width":470,"height":330,"url":"https:\/\/dev.93-93-113-41.plesk.page\/wp-content\/uploads\/2016\/01\/comprar-reparacion-cirugia-obesidad-RECO.jpg","type":"image\/jpeg"}],"twitter_card":"summary_large_image","twitter_site":"@servidigest","twitter_misc":{"Est. reading time":"1 minute"},"schema":{"@context":"https:\/\/schema.org","@graph":[{"@type":"WebPage","@id":"https:\/\/dev.93-93-113-41.plesk.page\/ca\/producte\/reparacio-cirurgia-obesitat-metode-apollo-reco\/","url":"https:\/\/dev.93-93-113-41.plesk.page\/ca\/producte\/reparacio-cirurgia-obesitat-metode-apollo-reco\/","name":"Reparaci\u00f3 Cirurgia Obesitat (M\u00e8tode Apollo RECO) - Servidigest","isPartOf":{"@id":"https:\/\/dev.93-93-113-41.plesk.page\/ca\/#website"},"primaryImageOfPage":{"@id":"https:\/\/dev.93-93-113-41.plesk.page\/ca\/producte\/reparacio-cirurgia-obesitat-metode-apollo-reco\/#primaryimage"},"image":{"@id":"https:\/\/dev.93-93-113-41.plesk.page\/ca\/producte\/reparacio-cirurgia-obesitat-metode-apollo-reco\/#primaryimage"},"thumbnailUrl":"https:\/\/dev.93-93-113-41.plesk.page\/wp-content\/uploads\/2016\/01\/comprar-reparacion-cirugia-obesidad-RECO.jpg","datePublished":"2024-03-12T11:16:18+00:00","dateModified":"2024-03-12T11:16:18+00:00","breadcrumb":{"@id":"https:\/\/dev.93-93-113-41.plesk.page\/ca\/producte\/reparacio-cirurgia-obesitat-metode-apollo-reco\/#breadcrumb"},"inLanguage":"ca","potentialAction":[{"@type":"ReadAction","target":["https:\/\/dev.93-93-113-41.plesk.page\/ca\/producte\/reparacio-cirurgia-obesitat-metode-apollo-reco\/"]}]},{"@type":"ImageObject","inLanguage":"ca","@id":"https:\/\/dev.93-93-113-41.plesk.page\/ca\/producte\/reparacio-cirurgia-obesitat-metode-apollo-reco\/#primaryimage","url":"https:\/\/dev.93-93-113-41.plesk.page\/wp-content\/uploads\/2016\/01\/comprar-reparacion-cirugia-obesidad-RECO.jpg","contentUrl":"https:\/\/dev.93-93-113-41.plesk.page\/wp-content\/uploads\/2016\/01\/comprar-reparacion-cirugia-obesidad-RECO.jpg","width":470,"height":330},{"@type":"BreadcrumbList","@id":"https:\/\/dev.93-93-113-41.plesk.page\/ca\/producte\/reparacio-cirurgia-obesitat-metode-apollo-reco\/#breadcrumb","itemListElement":[{"@type":"ListItem","position":1,"name":"Tienda","item":"https:\/\/dev.93-93-113-41.plesk.page\/ca\/tenda\/"},{"@type":"ListItem","position":2,"name":"Reparaci\u00f3 Cirurgia Obesitat (M\u00e8tode Apollo RECO)"}]},{"@type":"WebSite","@id":"https:\/\/dev.93-93-113-41.plesk.page\/ca\/#website","url":"https:\/\/dev.93-93-113-41.plesk.page\/ca\/","name":"Servidigest","description":"","publisher":{"@id":"https:\/\/dev.93-93-113-41.plesk.page\/ca\/#organization"},"potentialAction":[{"@type":"SearchAction","target":{"@type":"EntryPoint","urlTemplate":"https:\/\/dev.93-93-113-41.plesk.page\/ca\/?s={search_term_string}"},"query-input":"required name=search_term_string"}],"inLanguage":"ca"},{"@type":"Organization","@id":"https:\/\/dev.93-93-113-41.plesk.page\/ca\/#organization","name":"Servidigest","url":"https:\/\/dev.93-93-113-41.plesk.page\/ca\/","logo":{"@type":"ImageObject","inLanguage":"ca","@id":"https:\/\/dev.93-93-113-41.plesk.page\/ca\/#\/schema\/logo\/image\/","url":"https:\/\/dev.93-93-113-41.plesk.page\/wp-content\/uploads\/2024\/01\/servidigest.png","contentUrl":"https:\/\/dev.93-93-113-41.plesk.page\/wp-content\/uploads\/2024\/01\/servidigest.png","width":808,"height":88,"caption":"Servidigest"},"image":{"@id":"https:\/\/dev.93-93-113-41.plesk.page\/ca\/#\/schema\/logo\/image\/"},"sameAs":["https:\/\/www.facebook.com\/servidigest","https:\/\/x.com\/servidigest"]}]}},"_links":{"self":[{"href":"https:\/\/dev.93-93-113-41.plesk.page\/ca\/wp-json\/wp\/v2\/product\/38374","targetHints":{"allow":["GET"]}}],"collection":[{"href":"https:\/\/dev.93-93-113-41.plesk.page\/ca\/wp-json\/wp\/v2\/product"}],"about":[{"href":"https:\/\/dev.93-93-113-41.plesk.page\/ca\/wp-json\/wp\/v2\/types\/product"}],"replies":[{"embeddable":true,"href":"https:\/\/dev.93-93-113-41.plesk.page\/ca\/wp-json\/wp\/v2\/comments?post=38374"}],"wp:featuredmedia":[{"embeddable":true,"href":"https:\/\/dev.93-93-113-41.plesk.page\/ca\/wp-json\/wp\/v2\/media\/16984"}],"wp:attachment":[{"href":"https:\/\/dev.93-93-113-41.plesk.page\/ca\/wp-json\/wp\/v2\/media?parent=38374"}],"wp:term":[{"taxonomy":"product_cat","embeddable":true,"href":"https:\/\/dev.93-93-113-41.plesk.page\/ca\/wp-json\/wp\/v2\/product_cat?post=38374"},{"taxonomy":"product_tag","embeddable":true,"href":"https:\/\/dev.93-93-113-41.plesk.page\/ca\/wp-json\/wp\/v2\/product_tag?post=38374"}],"curies":[{"name":"wp","href":"https:\/\/api.w.org\/{rel}","templated":true}]}}