{"id":38372,"date":"2024-03-12T12:16:18","date_gmt":"2024-03-12T11:16:18","guid":{"rendered":"https:\/\/dev.93-93-113-41.plesk.page\/producto\/hidroterapia-de-colon-amb-ozo\/"},"modified":"2024-03-12T12:16:18","modified_gmt":"2024-03-12T11:16:18","slug":"hidroterapia-de-colon-amb-ozo","status":"publish","type":"product","link":"https:\/\/dev.93-93-113-41.plesk.page\/ca\/producte\/hidroterapia-de-colon-amb-ozo\/","title":{"rendered":"Hidroter\u00e0pia de C\u00f2lon \u200b\u200bamb Oz\u00f3"},"content":{"rendered":"<p>La <strong>Hidroter\u00e0pia de C\u00f2lon \u200b\u200bamb Oz\u00f3<\/strong> \u00e9s un tractament de neteja profunda de l&#8217;Intestino Grosso, del C\u00f2lon, irrigant aigua amb Oz\u00f3 per incrementar la depuraci\u00f3.<\/p>\n<p>Aquesta t\u00e8cnica consisteix en la introducci\u00f3 d&#8217;aigua, pr\u00e8viament filtrada i purificada, al c\u00f2lon mitjan\u00e7ant una c\u00e0nula per l&#8217;anus, regulant la temperatura i la pressi\u00f3 segons sigui necessari en cada cas.<\/p>\n<p>Al final de la sessi\u00f3, es rega l&#8217;intest\u00ed gruixut amb <strong>aigua enriquida amb Oz\u00f3 incrementant l&#8217;efecte de neteja i afavorint l&#8217;eliminaci\u00f3 de toxines.<\/strong><\/p>\n<p>L&#8217; <strong>Ozonoter\u00e0pia<\/strong> \u00e9s la irrigaci\u00f3 d&#8217;aigua enriquida amb Oz\u00f3, que exerceix funcions terap\u00e8utiques, tant a nivell cel\u00b7lular com a nivell de desinfecci\u00f3 del c\u00f2lon.<\/p>\n<p>Tant si hi ha restrenyiment com si no, sempre queden residus entre els plecs de Colom que no s&#8217;eliminen. Amb aquest tractament eliminem les restes m\u00e9s antigues adherides a les parets i plecs col\u00f2nics.<\/p>\n<p>La Hidroter\u00e0pia de C\u00f2lon \u200b\u200bamb Oz\u00f3 \u00e9s un tractament de salut <strong>c\u00f2mode, net, indolor i altament efectiu<\/strong> . Sol precisar d&#8217;uns <strong>50 minuts per sessi\u00f3<\/strong> .<\/p>\n<p>Immediatament despr\u00e9s de la Hidroter\u00e0pia de Colom amb Oz\u00f3 es pot fer una vida completament normal i atendre qualsevol comprom\u00eds social.<\/p>\n<p>\u00c9s recomanable un tractament complet cada 6-12 mesos per mantenir una higiene intestinal en perfecte estat.<\/p>\n<p>El tractament de la Hidroter\u00e0pia de C\u00f2lon \u200b\u200bamb Oz\u00f3 es realitza sempre sota el control de l&#8217;equip m\u00e8dic de Cl\u00ednica ServiDigest.<\/p>\n<p><a href=\"https:\/\/dev.93-93-113-41.plesk.page\/ca\/servicios\/hidroterapia-de-colon\/\">Ampliar informaci\u00f3 sobre la hidroter\u00e0pia de c\u00f2lon<\/a><\/p>\n<p><iframe src=\"https:\/\/www.youtube.com\/embed\/L5zLK6daSFY\" width=\"560\" height=\"315\" frameborder=\"0\" allowfullscreen=\"allowfullscreen\"><\/iframe><\/p>\n","protected":false},"excerpt":{"rendered":"<div class=\"mh-excerpt\"><p>Compra un tractament d&#8217;Hidroter\u00e0pia de C\u00f2lon \u200b\u200bamb Oz\u00f3 a Cl\u00ednica ServiDigest de Barcelona.<\/p>\n<p><a href=\"https:\/\/dev.93-93-113-41.plesk.page\/financiacion\/\" target=\"_blank\" rel=\"noopener noreferrer\">Finan\u00e7ament<\/a><\/p>\n<p><a href=\"https:\/\/dev.93-93-113-41.plesk.page\/condiciones-generales-de-contratacion\/\" target=\"_blank\" rel=\"noopener noreferrer\">Condicions de contractaci\u00f3<\/a> <a class=\"mh-excerpt-more\" href=\"https:\/\/dev.93-93-113-41.plesk.page\/ca\/producte\/hidroterapia-de-colon-amb-ozo\/\" title=\"Hidroter\u00e0pia de C\u00f2lon \u200b\u200bamb Oz\u00f3\">[&#8230;]<\/a><\/p>\n<\/div>","protected":false},"featured_media":17016,"comment_status":"closed","ping_status":"closed","template":"","meta":[],"product_cat":[915],"product_tag":[],"class_list":{"0":"post-38372","1":"product","2":"type-product","3":"status-publish","4":"has-post-thumbnail","6":"product_cat-hidroterapia-del-colon","8":"first","9":"instock","10":"virtual","11":"purchasable","12":"product-type-simple"},"yoast_head":"<!-- This site is optimized with the Yoast SEO plugin v22.6 - https:\/\/yoast.com\/wordpress\/plugins\/seo\/ -->\n<title>Hidroter\u00e0pia de C\u00f2lon \u200b\u200bamb Oz\u00f3 - Servidigest<\/title>\n<meta name=\"robots\" content=\"index, follow, max-snippet:-1, max-image-preview:large, max-video-preview:-1\" \/>\n<link rel=\"canonical\" href=\"https:\/\/dev.93-93-113-41.plesk.page\/ca\/producte\/hidroterapia-de-colon-amb-ozo\/\" \/>\n<meta property=\"og:locale\" content=\"ca_ES\" \/>\n<meta property=\"og:type\" content=\"article\" \/>\n<meta property=\"og:title\" content=\"Hidroter\u00e0pia de C\u00f2lon \u200b\u200bamb Oz\u00f3 - Servidigest\" \/>\n<meta property=\"og:description\" content=\"Compra un tractament d&#039;Hidroter\u00e0pia de C\u00f2lon \u200b\u200bamb Oz\u00f3 a Cl\u00ednica ServiDigest de Barcelona.  Finan\u00e7ament  Condicions de contractaci\u00f3 [...]\" \/>\n<meta property=\"og:url\" content=\"https:\/\/dev.93-93-113-41.plesk.page\/ca\/producte\/hidroterapia-de-colon-amb-ozo\/\" \/>\n<meta property=\"og:site_name\" content=\"Servidigest\" \/>\n<meta property=\"article:publisher\" content=\"https:\/\/www.facebook.com\/servidigest\" \/>\n<meta property=\"og:image\" content=\"https:\/\/dev.93-93-113-41.plesk.page\/wp-content\/uploads\/2016\/02\/comprar-hidroterapia-de-colon-con-ozono-1.jpg\" \/>\n\t<meta property=\"og:image:width\" content=\"470\" \/>\n\t<meta property=\"og:image:height\" content=\"330\" \/>\n\t<meta property=\"og:image:type\" content=\"image\/jpeg\" \/>\n<meta name=\"twitter:card\" content=\"summary_large_image\" \/>\n<meta name=\"twitter:site\" content=\"@servidigest\" \/>\n<meta name=\"twitter:label1\" content=\"Est. reading time\" \/>\n\t<meta name=\"twitter:data1\" content=\"1 minute\" \/>\n<script type=\"application\/ld+json\" class=\"yoast-schema-graph\">{\"@context\":\"https:\/\/schema.org\",\"@graph\":[{\"@type\":\"WebPage\",\"@id\":\"https:\/\/dev.93-93-113-41.plesk.page\/ca\/producte\/hidroterapia-de-colon-amb-ozo\/\",\"url\":\"https:\/\/dev.93-93-113-41.plesk.page\/ca\/producte\/hidroterapia-de-colon-amb-ozo\/\",\"name\":\"Hidroter\u00e0pia de C\u00f2lon \u200b\u200bamb Oz\u00f3 - Servidigest\",\"isPartOf\":{\"@id\":\"https:\/\/dev.93-93-113-41.plesk.page\/ca\/#website\"},\"primaryImageOfPage\":{\"@id\":\"https:\/\/dev.93-93-113-41.plesk.page\/ca\/producte\/hidroterapia-de-colon-amb-ozo\/#primaryimage\"},\"image\":{\"@id\":\"https:\/\/dev.93-93-113-41.plesk.page\/ca\/producte\/hidroterapia-de-colon-amb-ozo\/#primaryimage\"},\"thumbnailUrl\":\"https:\/\/dev.93-93-113-41.plesk.page\/wp-content\/uploads\/2016\/02\/comprar-hidroterapia-de-colon-con-ozono-1.jpg\",\"datePublished\":\"2024-03-12T11:16:18+00:00\",\"dateModified\":\"2024-03-12T11:16:18+00:00\",\"breadcrumb\":{\"@id\":\"https:\/\/dev.93-93-113-41.plesk.page\/ca\/producte\/hidroterapia-de-colon-amb-ozo\/#breadcrumb\"},\"inLanguage\":\"ca\",\"potentialAction\":[{\"@type\":\"ReadAction\",\"target\":[\"https:\/\/dev.93-93-113-41.plesk.page\/ca\/producte\/hidroterapia-de-colon-amb-ozo\/\"]}]},{\"@type\":\"ImageObject\",\"inLanguage\":\"ca\",\"@id\":\"https:\/\/dev.93-93-113-41.plesk.page\/ca\/producte\/hidroterapia-de-colon-amb-ozo\/#primaryimage\",\"url\":\"https:\/\/dev.93-93-113-41.plesk.page\/wp-content\/uploads\/2016\/02\/comprar-hidroterapia-de-colon-con-ozono-1.jpg\",\"contentUrl\":\"https:\/\/dev.93-93-113-41.plesk.page\/wp-content\/uploads\/2016\/02\/comprar-hidroterapia-de-colon-con-ozono-1.jpg\",\"width\":470,\"height\":330,\"caption\":\"comprar hidroter\u00e0pia de c\u00f2lon amb oz\u00f3\"},{\"@type\":\"BreadcrumbList\",\"@id\":\"https:\/\/dev.93-93-113-41.plesk.page\/ca\/producte\/hidroterapia-de-colon-amb-ozo\/#breadcrumb\",\"itemListElement\":[{\"@type\":\"ListItem\",\"position\":1,\"name\":\"Tienda\",\"item\":\"https:\/\/dev.93-93-113-41.plesk.page\/ca\/tenda\/\"},{\"@type\":\"ListItem\",\"position\":2,\"name\":\"Hidroter\u00e0pia de C\u00f2lon \u200b\u200bamb Oz\u00f3\"}]},{\"@type\":\"WebSite\",\"@id\":\"https:\/\/dev.93-93-113-41.plesk.page\/ca\/#website\",\"url\":\"https:\/\/dev.93-93-113-41.plesk.page\/ca\/\",\"name\":\"Servidigest\",\"description\":\"\",\"publisher\":{\"@id\":\"https:\/\/dev.93-93-113-41.plesk.page\/ca\/#organization\"},\"potentialAction\":[{\"@type\":\"SearchAction\",\"target\":{\"@type\":\"EntryPoint\",\"urlTemplate\":\"https:\/\/dev.93-93-113-41.plesk.page\/ca\/?s={search_term_string}\"},\"query-input\":\"required name=search_term_string\"}],\"inLanguage\":\"ca\"},{\"@type\":\"Organization\",\"@id\":\"https:\/\/dev.93-93-113-41.plesk.page\/ca\/#organization\",\"name\":\"Servidigest\",\"url\":\"https:\/\/dev.93-93-113-41.plesk.page\/ca\/\",\"logo\":{\"@type\":\"ImageObject\",\"inLanguage\":\"ca\",\"@id\":\"https:\/\/dev.93-93-113-41.plesk.page\/ca\/#\/schema\/logo\/image\/\",\"url\":\"https:\/\/dev.93-93-113-41.plesk.page\/wp-content\/uploads\/2024\/01\/servidigest.png\",\"contentUrl\":\"https:\/\/dev.93-93-113-41.plesk.page\/wp-content\/uploads\/2024\/01\/servidigest.png\",\"width\":808,\"height\":88,\"caption\":\"Servidigest\"},\"image\":{\"@id\":\"https:\/\/dev.93-93-113-41.plesk.page\/ca\/#\/schema\/logo\/image\/\"},\"sameAs\":[\"https:\/\/www.facebook.com\/servidigest\",\"https:\/\/x.com\/servidigest\"]}]}<\/script>\n<!-- \/ Yoast SEO plugin. -->","yoast_head_json":{"title":"Hidroter\u00e0pia de C\u00f2lon \u200b\u200bamb Oz\u00f3 - Servidigest","robots":{"index":"index","follow":"follow","max-snippet":"max-snippet:-1","max-image-preview":"max-image-preview:large","max-video-preview":"max-video-preview:-1"},"canonical":"https:\/\/dev.93-93-113-41.plesk.page\/ca\/producte\/hidroterapia-de-colon-amb-ozo\/","og_locale":"ca_ES","og_type":"article","og_title":"Hidroter\u00e0pia de C\u00f2lon \u200b\u200bamb Oz\u00f3 - Servidigest","og_description":"Compra un tractament d'Hidroter\u00e0pia de C\u00f2lon \u200b\u200bamb Oz\u00f3 a Cl\u00ednica ServiDigest de Barcelona.  Finan\u00e7ament  Condicions de contractaci\u00f3 [...]","og_url":"https:\/\/dev.93-93-113-41.plesk.page\/ca\/producte\/hidroterapia-de-colon-amb-ozo\/","og_site_name":"Servidigest","article_publisher":"https:\/\/www.facebook.com\/servidigest","og_image":[{"width":470,"height":330,"url":"https:\/\/dev.93-93-113-41.plesk.page\/wp-content\/uploads\/2016\/02\/comprar-hidroterapia-de-colon-con-ozono-1.jpg","type":"image\/jpeg"}],"twitter_card":"summary_large_image","twitter_site":"@servidigest","twitter_misc":{"Est. reading time":"1 minute"},"schema":{"@context":"https:\/\/schema.org","@graph":[{"@type":"WebPage","@id":"https:\/\/dev.93-93-113-41.plesk.page\/ca\/producte\/hidroterapia-de-colon-amb-ozo\/","url":"https:\/\/dev.93-93-113-41.plesk.page\/ca\/producte\/hidroterapia-de-colon-amb-ozo\/","name":"Hidroter\u00e0pia de C\u00f2lon \u200b\u200bamb Oz\u00f3 - Servidigest","isPartOf":{"@id":"https:\/\/dev.93-93-113-41.plesk.page\/ca\/#website"},"primaryImageOfPage":{"@id":"https:\/\/dev.93-93-113-41.plesk.page\/ca\/producte\/hidroterapia-de-colon-amb-ozo\/#primaryimage"},"image":{"@id":"https:\/\/dev.93-93-113-41.plesk.page\/ca\/producte\/hidroterapia-de-colon-amb-ozo\/#primaryimage"},"thumbnailUrl":"https:\/\/dev.93-93-113-41.plesk.page\/wp-content\/uploads\/2016\/02\/comprar-hidroterapia-de-colon-con-ozono-1.jpg","datePublished":"2024-03-12T11:16:18+00:00","dateModified":"2024-03-12T11:16:18+00:00","breadcrumb":{"@id":"https:\/\/dev.93-93-113-41.plesk.page\/ca\/producte\/hidroterapia-de-colon-amb-ozo\/#breadcrumb"},"inLanguage":"ca","potentialAction":[{"@type":"ReadAction","target":["https:\/\/dev.93-93-113-41.plesk.page\/ca\/producte\/hidroterapia-de-colon-amb-ozo\/"]}]},{"@type":"ImageObject","inLanguage":"ca","@id":"https:\/\/dev.93-93-113-41.plesk.page\/ca\/producte\/hidroterapia-de-colon-amb-ozo\/#primaryimage","url":"https:\/\/dev.93-93-113-41.plesk.page\/wp-content\/uploads\/2016\/02\/comprar-hidroterapia-de-colon-con-ozono-1.jpg","contentUrl":"https:\/\/dev.93-93-113-41.plesk.page\/wp-content\/uploads\/2016\/02\/comprar-hidroterapia-de-colon-con-ozono-1.jpg","width":470,"height":330,"caption":"comprar hidroter\u00e0pia de c\u00f2lon amb oz\u00f3"},{"@type":"BreadcrumbList","@id":"https:\/\/dev.93-93-113-41.plesk.page\/ca\/producte\/hidroterapia-de-colon-amb-ozo\/#breadcrumb","itemListElement":[{"@type":"ListItem","position":1,"name":"Tienda","item":"https:\/\/dev.93-93-113-41.plesk.page\/ca\/tenda\/"},{"@type":"ListItem","position":2,"name":"Hidroter\u00e0pia de C\u00f2lon \u200b\u200bamb Oz\u00f3"}]},{"@type":"WebSite","@id":"https:\/\/dev.93-93-113-41.plesk.page\/ca\/#website","url":"https:\/\/dev.93-93-113-41.plesk.page\/ca\/","name":"Servidigest","description":"","publisher":{"@id":"https:\/\/dev.93-93-113-41.plesk.page\/ca\/#organization"},"potentialAction":[{"@type":"SearchAction","target":{"@type":"EntryPoint","urlTemplate":"https:\/\/dev.93-93-113-41.plesk.page\/ca\/?s={search_term_string}"},"query-input":"required name=search_term_string"}],"inLanguage":"ca"},{"@type":"Organization","@id":"https:\/\/dev.93-93-113-41.plesk.page\/ca\/#organization","name":"Servidigest","url":"https:\/\/dev.93-93-113-41.plesk.page\/ca\/","logo":{"@type":"ImageObject","inLanguage":"ca","@id":"https:\/\/dev.93-93-113-41.plesk.page\/ca\/#\/schema\/logo\/image\/","url":"https:\/\/dev.93-93-113-41.plesk.page\/wp-content\/uploads\/2024\/01\/servidigest.png","contentUrl":"https:\/\/dev.93-93-113-41.plesk.page\/wp-content\/uploads\/2024\/01\/servidigest.png","width":808,"height":88,"caption":"Servidigest"},"image":{"@id":"https:\/\/dev.93-93-113-41.plesk.page\/ca\/#\/schema\/logo\/image\/"},"sameAs":["https:\/\/www.facebook.com\/servidigest","https:\/\/x.com\/servidigest"]}]}},"_links":{"self":[{"href":"https:\/\/dev.93-93-113-41.plesk.page\/ca\/wp-json\/wp\/v2\/product\/38372","targetHints":{"allow":["GET"]}}],"collection":[{"href":"https:\/\/dev.93-93-113-41.plesk.page\/ca\/wp-json\/wp\/v2\/product"}],"about":[{"href":"https:\/\/dev.93-93-113-41.plesk.page\/ca\/wp-json\/wp\/v2\/types\/product"}],"replies":[{"embeddable":true,"href":"https:\/\/dev.93-93-113-41.plesk.page\/ca\/wp-json\/wp\/v2\/comments?post=38372"}],"wp:featuredmedia":[{"embeddable":true,"href":"https:\/\/dev.93-93-113-41.plesk.page\/ca\/wp-json\/wp\/v2\/media\/17016"}],"wp:attachment":[{"href":"https:\/\/dev.93-93-113-41.plesk.page\/ca\/wp-json\/wp\/v2\/media?parent=38372"}],"wp:term":[{"taxonomy":"product_cat","embeddable":true,"href":"https:\/\/dev.93-93-113-41.plesk.page\/ca\/wp-json\/wp\/v2\/product_cat?post=38372"},{"taxonomy":"product_tag","embeddable":true,"href":"https:\/\/dev.93-93-113-41.plesk.page\/ca\/wp-json\/wp\/v2\/product_tag?post=38372"}],"curies":[{"name":"wp","href":"https:\/\/api.w.org\/{rel}","templated":true}]}}