{"id":38370,"date":"2024-03-12T12:16:18","date_gmt":"2024-03-12T11:16:18","guid":{"rendered":"https:\/\/dev.93-93-113-41.plesk.page\/producto\/colonoscopia\/"},"modified":"2024-03-12T12:16:18","modified_gmt":"2024-03-12T11:16:18","slug":"colonoscopia","status":"publish","type":"product","link":"https:\/\/dev.93-93-113-41.plesk.page\/ca\/producte\/colonoscopia\/","title":{"rendered":"Colonosc\u00f2pia"},"content":{"rendered":"<p>La  <strong>Colonosc\u00f2pia<\/strong>  o  <strong>Endosc\u00f2pia del c\u00f2lon<\/strong>, coneguda tamb\u00e9 com  <strong>Fibrocolonosc\u00f2pia<\/strong>, \u00e9s una prova de capital import\u00e0ncia en el diagn\u00f2stic i prevenci\u00f3 dels  <strong>p\u00f2lips de c\u00f2lon<\/strong>  i del  <strong>C\u00e0ncer Colorectal<\/strong>, possibilitant una exploraci\u00f3 detallada de tot el recorregut del c\u00f2lon identificant clarament les lesions que puguin existir, permetent la presa de bi\u00f2psies, i realitzar els procediments complementaris terap\u00e8utics que siguin necessaris.<\/p>\n<p>\u00c9s un procediment diagn\u00f2stic segur i efica\u00e7 que permet el diagn\u00f2stic de qualsevol malaltia de tipus inflamatori o tumoral del c\u00f2lon.<\/p>\n<p>Per a la pr\u00e0ctica de la Colonosc\u00f2pia s&#8217;utilitza un instrument tubular llarg i flexible que s&#8217;introdueix a trav\u00e9s de l&#8217;anus i que disposa d&#8217;una c\u00e0mera a l&#8217;extrem distal, capa\u00e7 de transmetre llum i imatge que reprodueix a temps real en un monitor. Porta incorporat un canal intern que permet introduir tot l&#8217;aparell necessari per fer qualsevol tipus de terap\u00e8utica.<\/p>\n<p>\u00c9s una t\u00e8cnica que es realitza de forma ambulat\u00f2ria i sota sedaci\u00f3 per la qual cosa el pacient no sent dolor durant el procediment.<\/p>\n<h3>Per qu\u00e8 \u00e9s tan important la Prevenci\u00f3 del C\u00e0ncer de C\u00f2lon?<\/h3>\n<p>Actualment, el C\u00e0ncer de C\u00f2lon \u200b\u200bafecta un elevat percentatge de la poblaci\u00f3 del nostre pa\u00eds, sent el primer c\u00e0ncer m\u00e9s com\u00fa entre dones i homes.<\/p>\n<p>Moltes persones amb C\u00e0ncer de C\u00f2lon \u200b\u200bno presenten cap signe ni s\u00edmptoma durant les primeres etapes de la malaltia. Per evitar-ne el desenvolupament cal prendre mesures preventives com la realitzaci\u00f3 peri\u00f2dica d&#8217;una Colonosc\u00f2pia (imprescindible per al diagn\u00f2stic preco\u00e7 i el tractament d&#8217;aquesta patologia).<\/p>\n<p>Les <strong>principals indicacions de la Colonosc\u00f2pia<\/strong> s\u00f3n la prevenci\u00f3 de C\u00e0ncer Colorectal, el control i l&#8217;extirpaci\u00f3 de p\u00f2lips, la sospita de malaltia inflamat\u00f2ria intestinal, els canvis en l&#8217;h\u00e0bit evacuatori i l&#8217;estudi dels s\u00edmptomes abdominals en general.<\/p>\n<p><a href=\"https:\/\/dev.93-93-113-41.plesk.page\/ca\/servicios\/endoscopia-digestiva\/colonoscopia\/\">M\u00e9s informaci\u00f3 sobre la colonosc\u00f2pia<\/a><\/p>\n","protected":false},"excerpt":{"rendered":"<div class=\"mh-excerpt\"><p>T\u00e8cnica diagn\u00f2stica per a la prevenci\u00f3 i detecci\u00f3 preco\u00e7 del c\u00e0ncer de c\u00f2lon i recte.<\/p>\n<p>El tractament m\u00e9s efica\u00e7 del c\u00e0ncer de c\u00f2lon rau en la prevenci\u00f3.<\/p>\n<p>La gran import\u00e0ncia de la prevenci\u00f3 inclou la detecci\u00f3 preco\u00e7 de lesions en estat premaligne mitjan\u00e7ant la realitzaci\u00f3 d&#8217;una Colonosc\u00f2pia, un estudi endosc\u00f2pic fonamental per determinar qualsevol malaltia del c\u00f2lon.<\/p>\n<p><a href=\"https:\/\/dev.93-93-113-41.plesk.page\/financiacion\/\" target=\"_blank\" rel=\"noopener noreferrer\">Finan\u00e7ament<\/a><\/p>\n<p><a href=\"https:\/\/dev.93-93-113-41.plesk.page\/condiciones-generales-de-contratacion\/\" target=\"_blank\" rel=\"noopener noreferrer\">Condicions de contractaci\u00f3<\/a> <a class=\"mh-excerpt-more\" href=\"https:\/\/dev.93-93-113-41.plesk.page\/ca\/producte\/colonoscopia\/\" title=\"Colonosc\u00f2pia\">[&#8230;]<\/a><\/p>\n<\/div>","protected":false},"featured_media":36767,"comment_status":"closed","ping_status":"closed","template":"","meta":[],"product_cat":[912],"product_tag":[],"class_list":{"0":"post-38370","1":"product","2":"type-product","3":"status-publish","4":"has-post-thumbnail","6":"product_cat-revisions-mediques","8":"first","9":"instock","10":"virtual","11":"purchasable","12":"product-type-simple"},"yoast_head":"<!-- This site is optimized with the Yoast SEO plugin v22.6 - https:\/\/yoast.com\/wordpress\/plugins\/seo\/ -->\n<title>Colonosc\u00f2pia - Servidigest<\/title>\n<meta name=\"robots\" content=\"index, follow, max-snippet:-1, max-image-preview:large, max-video-preview:-1\" \/>\n<link rel=\"canonical\" href=\"https:\/\/dev.93-93-113-41.plesk.page\/ca\/producte\/colonoscopia\/\" \/>\n<meta property=\"og:locale\" content=\"ca_ES\" \/>\n<meta property=\"og:type\" content=\"article\" \/>\n<meta property=\"og:title\" content=\"Colonosc\u00f2pia - Servidigest\" \/>\n<meta property=\"og:description\" content=\"T\u00e8cnica diagn\u00f2stica per a la prevenci\u00f3 i detecci\u00f3 preco\u00e7 del c\u00e0ncer de c\u00f2lon i recte.  El tractament m\u00e9s efica\u00e7 del c\u00e0ncer de c\u00f2lon rau en la prevenci\u00f3.  La gran import\u00e0ncia de la prevenci\u00f3 inclou la detecci\u00f3 preco\u00e7 de lesions en estat premaligne mitjan\u00e7ant la realitzaci\u00f3 d&#039;una Colonosc\u00f2pia, un estudi endosc\u00f2pic fonamental per determinar qualsevol malaltia del c\u00f2lon.  Finan\u00e7ament  Condicions de contractaci\u00f3 [...]\" \/>\n<meta property=\"og:url\" content=\"https:\/\/dev.93-93-113-41.plesk.page\/ca\/producte\/colonoscopia\/\" \/>\n<meta property=\"og:site_name\" content=\"Servidigest\" \/>\n<meta property=\"article:publisher\" content=\"https:\/\/www.facebook.com\/servidigest\" \/>\n<meta property=\"og:image\" content=\"https:\/\/dev.93-93-113-41.plesk.page\/wp-content\/uploads\/2016\/01\/comprar-colonoscopia.jpg\" \/>\n\t<meta property=\"og:image:width\" content=\"470\" \/>\n\t<meta property=\"og:image:height\" content=\"330\" \/>\n\t<meta property=\"og:image:type\" content=\"image\/jpeg\" \/>\n<meta name=\"twitter:card\" content=\"summary_large_image\" \/>\n<meta name=\"twitter:site\" content=\"@servidigest\" \/>\n<meta name=\"twitter:label1\" content=\"Est. reading time\" \/>\n\t<meta name=\"twitter:data1\" content=\"2 minutes\" \/>\n<script type=\"application\/ld+json\" class=\"yoast-schema-graph\">{\"@context\":\"https:\/\/schema.org\",\"@graph\":[{\"@type\":\"WebPage\",\"@id\":\"https:\/\/dev.93-93-113-41.plesk.page\/ca\/producte\/colonoscopia\/\",\"url\":\"https:\/\/dev.93-93-113-41.plesk.page\/ca\/producte\/colonoscopia\/\",\"name\":\"Colonosc\u00f2pia - Servidigest\",\"isPartOf\":{\"@id\":\"https:\/\/dev.93-93-113-41.plesk.page\/ca\/#website\"},\"primaryImageOfPage\":{\"@id\":\"https:\/\/dev.93-93-113-41.plesk.page\/ca\/producte\/colonoscopia\/#primaryimage\"},\"image\":{\"@id\":\"https:\/\/dev.93-93-113-41.plesk.page\/ca\/producte\/colonoscopia\/#primaryimage\"},\"thumbnailUrl\":\"https:\/\/dev.93-93-113-41.plesk.page\/wp-content\/uploads\/2016\/01\/comprar-colonoscopia.jpg\",\"datePublished\":\"2024-03-12T11:16:18+00:00\",\"dateModified\":\"2024-03-12T11:16:18+00:00\",\"breadcrumb\":{\"@id\":\"https:\/\/dev.93-93-113-41.plesk.page\/ca\/producte\/colonoscopia\/#breadcrumb\"},\"inLanguage\":\"ca\",\"potentialAction\":[{\"@type\":\"ReadAction\",\"target\":[\"https:\/\/dev.93-93-113-41.plesk.page\/ca\/producte\/colonoscopia\/\"]}]},{\"@type\":\"ImageObject\",\"inLanguage\":\"ca\",\"@id\":\"https:\/\/dev.93-93-113-41.plesk.page\/ca\/producte\/colonoscopia\/#primaryimage\",\"url\":\"https:\/\/dev.93-93-113-41.plesk.page\/wp-content\/uploads\/2016\/01\/comprar-colonoscopia.jpg\",\"contentUrl\":\"https:\/\/dev.93-93-113-41.plesk.page\/wp-content\/uploads\/2016\/01\/comprar-colonoscopia.jpg\",\"width\":470,\"height\":330,\"caption\":\"Comprar Colonosc\u00f2pia\"},{\"@type\":\"BreadcrumbList\",\"@id\":\"https:\/\/dev.93-93-113-41.plesk.page\/ca\/producte\/colonoscopia\/#breadcrumb\",\"itemListElement\":[{\"@type\":\"ListItem\",\"position\":1,\"name\":\"Tienda\",\"item\":\"https:\/\/dev.93-93-113-41.plesk.page\/ca\/tenda\/\"},{\"@type\":\"ListItem\",\"position\":2,\"name\":\"Colonosc\u00f2pia\"}]},{\"@type\":\"WebSite\",\"@id\":\"https:\/\/dev.93-93-113-41.plesk.page\/ca\/#website\",\"url\":\"https:\/\/dev.93-93-113-41.plesk.page\/ca\/\",\"name\":\"Servidigest\",\"description\":\"\",\"publisher\":{\"@id\":\"https:\/\/dev.93-93-113-41.plesk.page\/ca\/#organization\"},\"potentialAction\":[{\"@type\":\"SearchAction\",\"target\":{\"@type\":\"EntryPoint\",\"urlTemplate\":\"https:\/\/dev.93-93-113-41.plesk.page\/ca\/?s={search_term_string}\"},\"query-input\":\"required name=search_term_string\"}],\"inLanguage\":\"ca\"},{\"@type\":\"Organization\",\"@id\":\"https:\/\/dev.93-93-113-41.plesk.page\/ca\/#organization\",\"name\":\"Servidigest\",\"url\":\"https:\/\/dev.93-93-113-41.plesk.page\/ca\/\",\"logo\":{\"@type\":\"ImageObject\",\"inLanguage\":\"ca\",\"@id\":\"https:\/\/dev.93-93-113-41.plesk.page\/ca\/#\/schema\/logo\/image\/\",\"url\":\"https:\/\/dev.93-93-113-41.plesk.page\/wp-content\/uploads\/2024\/01\/servidigest.png\",\"contentUrl\":\"https:\/\/dev.93-93-113-41.plesk.page\/wp-content\/uploads\/2024\/01\/servidigest.png\",\"width\":808,\"height\":88,\"caption\":\"Servidigest\"},\"image\":{\"@id\":\"https:\/\/dev.93-93-113-41.plesk.page\/ca\/#\/schema\/logo\/image\/\"},\"sameAs\":[\"https:\/\/www.facebook.com\/servidigest\",\"https:\/\/x.com\/servidigest\"]}]}<\/script>\n<!-- \/ Yoast SEO plugin. -->","yoast_head_json":{"title":"Colonosc\u00f2pia - Servidigest","robots":{"index":"index","follow":"follow","max-snippet":"max-snippet:-1","max-image-preview":"max-image-preview:large","max-video-preview":"max-video-preview:-1"},"canonical":"https:\/\/dev.93-93-113-41.plesk.page\/ca\/producte\/colonoscopia\/","og_locale":"ca_ES","og_type":"article","og_title":"Colonosc\u00f2pia - Servidigest","og_description":"T\u00e8cnica diagn\u00f2stica per a la prevenci\u00f3 i detecci\u00f3 preco\u00e7 del c\u00e0ncer de c\u00f2lon i recte.  El tractament m\u00e9s efica\u00e7 del c\u00e0ncer de c\u00f2lon rau en la prevenci\u00f3.  La gran import\u00e0ncia de la prevenci\u00f3 inclou la detecci\u00f3 preco\u00e7 de lesions en estat premaligne mitjan\u00e7ant la realitzaci\u00f3 d'una Colonosc\u00f2pia, un estudi endosc\u00f2pic fonamental per determinar qualsevol malaltia del c\u00f2lon.  Finan\u00e7ament  Condicions de contractaci\u00f3 [...]","og_url":"https:\/\/dev.93-93-113-41.plesk.page\/ca\/producte\/colonoscopia\/","og_site_name":"Servidigest","article_publisher":"https:\/\/www.facebook.com\/servidigest","og_image":[{"width":470,"height":330,"url":"https:\/\/dev.93-93-113-41.plesk.page\/wp-content\/uploads\/2016\/01\/comprar-colonoscopia.jpg","type":"image\/jpeg"}],"twitter_card":"summary_large_image","twitter_site":"@servidigest","twitter_misc":{"Est. reading time":"2 minutes"},"schema":{"@context":"https:\/\/schema.org","@graph":[{"@type":"WebPage","@id":"https:\/\/dev.93-93-113-41.plesk.page\/ca\/producte\/colonoscopia\/","url":"https:\/\/dev.93-93-113-41.plesk.page\/ca\/producte\/colonoscopia\/","name":"Colonosc\u00f2pia - Servidigest","isPartOf":{"@id":"https:\/\/dev.93-93-113-41.plesk.page\/ca\/#website"},"primaryImageOfPage":{"@id":"https:\/\/dev.93-93-113-41.plesk.page\/ca\/producte\/colonoscopia\/#primaryimage"},"image":{"@id":"https:\/\/dev.93-93-113-41.plesk.page\/ca\/producte\/colonoscopia\/#primaryimage"},"thumbnailUrl":"https:\/\/dev.93-93-113-41.plesk.page\/wp-content\/uploads\/2016\/01\/comprar-colonoscopia.jpg","datePublished":"2024-03-12T11:16:18+00:00","dateModified":"2024-03-12T11:16:18+00:00","breadcrumb":{"@id":"https:\/\/dev.93-93-113-41.plesk.page\/ca\/producte\/colonoscopia\/#breadcrumb"},"inLanguage":"ca","potentialAction":[{"@type":"ReadAction","target":["https:\/\/dev.93-93-113-41.plesk.page\/ca\/producte\/colonoscopia\/"]}]},{"@type":"ImageObject","inLanguage":"ca","@id":"https:\/\/dev.93-93-113-41.plesk.page\/ca\/producte\/colonoscopia\/#primaryimage","url":"https:\/\/dev.93-93-113-41.plesk.page\/wp-content\/uploads\/2016\/01\/comprar-colonoscopia.jpg","contentUrl":"https:\/\/dev.93-93-113-41.plesk.page\/wp-content\/uploads\/2016\/01\/comprar-colonoscopia.jpg","width":470,"height":330,"caption":"Comprar Colonosc\u00f2pia"},{"@type":"BreadcrumbList","@id":"https:\/\/dev.93-93-113-41.plesk.page\/ca\/producte\/colonoscopia\/#breadcrumb","itemListElement":[{"@type":"ListItem","position":1,"name":"Tienda","item":"https:\/\/dev.93-93-113-41.plesk.page\/ca\/tenda\/"},{"@type":"ListItem","position":2,"name":"Colonosc\u00f2pia"}]},{"@type":"WebSite","@id":"https:\/\/dev.93-93-113-41.plesk.page\/ca\/#website","url":"https:\/\/dev.93-93-113-41.plesk.page\/ca\/","name":"Servidigest","description":"","publisher":{"@id":"https:\/\/dev.93-93-113-41.plesk.page\/ca\/#organization"},"potentialAction":[{"@type":"SearchAction","target":{"@type":"EntryPoint","urlTemplate":"https:\/\/dev.93-93-113-41.plesk.page\/ca\/?s={search_term_string}"},"query-input":"required name=search_term_string"}],"inLanguage":"ca"},{"@type":"Organization","@id":"https:\/\/dev.93-93-113-41.plesk.page\/ca\/#organization","name":"Servidigest","url":"https:\/\/dev.93-93-113-41.plesk.page\/ca\/","logo":{"@type":"ImageObject","inLanguage":"ca","@id":"https:\/\/dev.93-93-113-41.plesk.page\/ca\/#\/schema\/logo\/image\/","url":"https:\/\/dev.93-93-113-41.plesk.page\/wp-content\/uploads\/2024\/01\/servidigest.png","contentUrl":"https:\/\/dev.93-93-113-41.plesk.page\/wp-content\/uploads\/2024\/01\/servidigest.png","width":808,"height":88,"caption":"Servidigest"},"image":{"@id":"https:\/\/dev.93-93-113-41.plesk.page\/ca\/#\/schema\/logo\/image\/"},"sameAs":["https:\/\/www.facebook.com\/servidigest","https:\/\/x.com\/servidigest"]}]}},"_links":{"self":[{"href":"https:\/\/dev.93-93-113-41.plesk.page\/ca\/wp-json\/wp\/v2\/product\/38370","targetHints":{"allow":["GET"]}}],"collection":[{"href":"https:\/\/dev.93-93-113-41.plesk.page\/ca\/wp-json\/wp\/v2\/product"}],"about":[{"href":"https:\/\/dev.93-93-113-41.plesk.page\/ca\/wp-json\/wp\/v2\/types\/product"}],"replies":[{"embeddable":true,"href":"https:\/\/dev.93-93-113-41.plesk.page\/ca\/wp-json\/wp\/v2\/comments?post=38370"}],"wp:featuredmedia":[{"embeddable":true,"href":"https:\/\/dev.93-93-113-41.plesk.page\/ca\/wp-json\/wp\/v2\/media\/36767"}],"wp:attachment":[{"href":"https:\/\/dev.93-93-113-41.plesk.page\/ca\/wp-json\/wp\/v2\/media?parent=38370"}],"wp:term":[{"taxonomy":"product_cat","embeddable":true,"href":"https:\/\/dev.93-93-113-41.plesk.page\/ca\/wp-json\/wp\/v2\/product_cat?post=38370"},{"taxonomy":"product_tag","embeddable":true,"href":"https:\/\/dev.93-93-113-41.plesk.page\/ca\/wp-json\/wp\/v2\/product_tag?post=38370"}],"curies":[{"name":"wp","href":"https:\/\/api.w.org\/{rel}","templated":true}]}}