{"id":38368,"date":"2024-03-12T12:16:19","date_gmt":"2024-03-12T11:16:19","guid":{"rendered":"https:\/\/dev.93-93-113-41.plesk.page\/producto\/estudi-genetic-preventiu-obesitat-nutri-incode\/"},"modified":"2024-03-12T12:16:19","modified_gmt":"2024-03-12T11:16:19","slug":"estudi-genetic-preventiu-obesitat-nutri-incode","status":"publish","type":"product","link":"https:\/\/dev.93-93-113-41.plesk.page\/ca\/producte\/estudi-genetic-preventiu-obesitat-nutri-incode\/","title":{"rendered":"Estudi Gen\u00e8tic Preventiu Obesitat Nutri inCode"},"content":{"rendered":"<p>L&#8217;Estudi Gen\u00e8tic Preventiu Obesitat <strong>Nutri inCode ens proporciona una informaci\u00f3 clau per desenvolupar un programa integral de p\u00e8rdua de pes totalment personalitzat<\/strong> .<\/p>\n<p>Cl\u00ednica ServiDigest incorpora novament la tecnologia m\u00e9s avan\u00e7ada amb l&#8217;estudi del perfil gen\u00e8tic Nutri InCode, el complement ideal per a qualsevol persona que decideixi seguir una dieta personalitzada, ja que con\u00e8ixer el nostre perfil gen\u00e8tic ens proporciona una informaci\u00f3 clau per poder desenvolupar-la amb \u00e8xit.<\/p>\n<p><a href=\"https:\/\/dev.93-93-113-41.plesk.page\/ca\/servicios\/estudio-genetico-preventivo\/nutri-incode\/\">Veure m\u00e9s sobre l&#8217;estudi gen\u00e8tic Nutri inCode<\/a><\/p>\n","protected":false},"excerpt":{"rendered":"<div class=\"mh-excerpt\"><p>El 50% dels casos de Sobrep\u00e8s i Obesitat es deuen a factors gen\u00e8tics heretats.<\/p>\n<p>Cl\u00ednica ServiDigest incorpora la tecnologia m\u00e9s avan\u00e7ada amb l?estudi del perfil gen\u00e8tic Nutri InCode.<\/p>\n<p><a href=\"https:\/\/dev.93-93-113-41.plesk.page\/financiacion\/\" target=\"_blank\" rel=\"noopener noreferrer\">Finan\u00e7ament<\/a><\/p>\n<p><a href=\"https:\/\/dev.93-93-113-41.plesk.page\/condiciones-generales-de-contratacion\/\" target=\"_blank\" rel=\"noopener noreferrer\">Condicions de contractaci\u00f3<\/a> <a class=\"mh-excerpt-more\" href=\"https:\/\/dev.93-93-113-41.plesk.page\/ca\/producte\/estudi-genetic-preventiu-obesitat-nutri-incode\/\" title=\"Estudi Gen\u00e8tic Preventiu Obesitat Nutri inCode\">[&#8230;]<\/a><\/p>\n<\/div>","protected":false},"featured_media":17029,"comment_status":"closed","ping_status":"closed","template":"","meta":[],"product_cat":[914],"product_tag":[],"class_list":{"0":"post-38368","1":"product","2":"type-product","3":"status-publish","4":"has-post-thumbnail","6":"product_cat-estudis-genetics","8":"first","9":"instock","10":"shipping-taxable","11":"purchasable","12":"product-type-simple"},"yoast_head":"<!-- This site is optimized with the Yoast SEO plugin v22.6 - https:\/\/yoast.com\/wordpress\/plugins\/seo\/ -->\n<title>Estudi Gen\u00e8tic Preventiu Obesitat Nutri inCode - Servidigest<\/title>\n<meta name=\"robots\" content=\"index, follow, max-snippet:-1, max-image-preview:large, max-video-preview:-1\" \/>\n<link rel=\"canonical\" href=\"https:\/\/dev.93-93-113-41.plesk.page\/ca\/producte\/estudi-genetic-preventiu-obesitat-nutri-incode\/\" \/>\n<meta property=\"og:locale\" content=\"ca_ES\" \/>\n<meta property=\"og:type\" content=\"article\" \/>\n<meta property=\"og:title\" content=\"Estudi Gen\u00e8tic Preventiu Obesitat Nutri inCode - Servidigest\" \/>\n<meta property=\"og:description\" content=\"El 50% dels casos de Sobrep\u00e8s i Obesitat es deuen a factors gen\u00e8tics heretats.  Cl\u00ednica ServiDigest incorpora la tecnologia m\u00e9s avan\u00e7ada amb l?estudi del perfil gen\u00e8tic Nutri InCode.  Finan\u00e7ament  Condicions de contractaci\u00f3 [...]\" \/>\n<meta property=\"og:url\" content=\"https:\/\/dev.93-93-113-41.plesk.page\/ca\/producte\/estudi-genetic-preventiu-obesitat-nutri-incode\/\" \/>\n<meta property=\"og:site_name\" content=\"Servidigest\" \/>\n<meta property=\"article:publisher\" content=\"https:\/\/www.facebook.com\/servidigest\" \/>\n<meta property=\"og:image\" content=\"https:\/\/dev.93-93-113-41.plesk.page\/wp-content\/uploads\/2016\/02\/comprar-estudio-genetico-obesidad-1.jpg\" \/>\n\t<meta property=\"og:image:width\" content=\"470\" \/>\n\t<meta property=\"og:image:height\" content=\"330\" \/>\n\t<meta property=\"og:image:type\" content=\"image\/jpeg\" \/>\n<meta name=\"twitter:card\" content=\"summary_large_image\" \/>\n<meta name=\"twitter:site\" content=\"@servidigest\" \/>\n<script type=\"application\/ld+json\" class=\"yoast-schema-graph\">{\"@context\":\"https:\/\/schema.org\",\"@graph\":[{\"@type\":\"WebPage\",\"@id\":\"https:\/\/dev.93-93-113-41.plesk.page\/ca\/producte\/estudi-genetic-preventiu-obesitat-nutri-incode\/\",\"url\":\"https:\/\/dev.93-93-113-41.plesk.page\/ca\/producte\/estudi-genetic-preventiu-obesitat-nutri-incode\/\",\"name\":\"Estudi Gen\u00e8tic Preventiu Obesitat Nutri inCode - Servidigest\",\"isPartOf\":{\"@id\":\"https:\/\/dev.93-93-113-41.plesk.page\/ca\/#website\"},\"primaryImageOfPage\":{\"@id\":\"https:\/\/dev.93-93-113-41.plesk.page\/ca\/producte\/estudi-genetic-preventiu-obesitat-nutri-incode\/#primaryimage\"},\"image\":{\"@id\":\"https:\/\/dev.93-93-113-41.plesk.page\/ca\/producte\/estudi-genetic-preventiu-obesitat-nutri-incode\/#primaryimage\"},\"thumbnailUrl\":\"https:\/\/dev.93-93-113-41.plesk.page\/wp-content\/uploads\/2016\/02\/comprar-estudio-genetico-obesidad-1.jpg\",\"datePublished\":\"2024-03-12T11:16:19+00:00\",\"dateModified\":\"2024-03-12T11:16:19+00:00\",\"breadcrumb\":{\"@id\":\"https:\/\/dev.93-93-113-41.plesk.page\/ca\/producte\/estudi-genetic-preventiu-obesitat-nutri-incode\/#breadcrumb\"},\"inLanguage\":\"ca\",\"potentialAction\":[{\"@type\":\"ReadAction\",\"target\":[\"https:\/\/dev.93-93-113-41.plesk.page\/ca\/producte\/estudi-genetic-preventiu-obesitat-nutri-incode\/\"]}]},{\"@type\":\"ImageObject\",\"inLanguage\":\"ca\",\"@id\":\"https:\/\/dev.93-93-113-41.plesk.page\/ca\/producte\/estudi-genetic-preventiu-obesitat-nutri-incode\/#primaryimage\",\"url\":\"https:\/\/dev.93-93-113-41.plesk.page\/wp-content\/uploads\/2016\/02\/comprar-estudio-genetico-obesidad-1.jpg\",\"contentUrl\":\"https:\/\/dev.93-93-113-41.plesk.page\/wp-content\/uploads\/2016\/02\/comprar-estudio-genetico-obesidad-1.jpg\",\"width\":470,\"height\":330,\"caption\":\"Comprar Estudi Gen\u00e8tic Preventiu Obesitat\"},{\"@type\":\"BreadcrumbList\",\"@id\":\"https:\/\/dev.93-93-113-41.plesk.page\/ca\/producte\/estudi-genetic-preventiu-obesitat-nutri-incode\/#breadcrumb\",\"itemListElement\":[{\"@type\":\"ListItem\",\"position\":1,\"name\":\"Tienda\",\"item\":\"https:\/\/dev.93-93-113-41.plesk.page\/ca\/tenda\/\"},{\"@type\":\"ListItem\",\"position\":2,\"name\":\"Estudi Gen\u00e8tic Preventiu Obesitat Nutri inCode\"}]},{\"@type\":\"WebSite\",\"@id\":\"https:\/\/dev.93-93-113-41.plesk.page\/ca\/#website\",\"url\":\"https:\/\/dev.93-93-113-41.plesk.page\/ca\/\",\"name\":\"Servidigest\",\"description\":\"\",\"publisher\":{\"@id\":\"https:\/\/dev.93-93-113-41.plesk.page\/ca\/#organization\"},\"potentialAction\":[{\"@type\":\"SearchAction\",\"target\":{\"@type\":\"EntryPoint\",\"urlTemplate\":\"https:\/\/dev.93-93-113-41.plesk.page\/ca\/?s={search_term_string}\"},\"query-input\":\"required name=search_term_string\"}],\"inLanguage\":\"ca\"},{\"@type\":\"Organization\",\"@id\":\"https:\/\/dev.93-93-113-41.plesk.page\/ca\/#organization\",\"name\":\"Servidigest\",\"url\":\"https:\/\/dev.93-93-113-41.plesk.page\/ca\/\",\"logo\":{\"@type\":\"ImageObject\",\"inLanguage\":\"ca\",\"@id\":\"https:\/\/dev.93-93-113-41.plesk.page\/ca\/#\/schema\/logo\/image\/\",\"url\":\"https:\/\/dev.93-93-113-41.plesk.page\/wp-content\/uploads\/2024\/01\/servidigest.png\",\"contentUrl\":\"https:\/\/dev.93-93-113-41.plesk.page\/wp-content\/uploads\/2024\/01\/servidigest.png\",\"width\":808,\"height\":88,\"caption\":\"Servidigest\"},\"image\":{\"@id\":\"https:\/\/dev.93-93-113-41.plesk.page\/ca\/#\/schema\/logo\/image\/\"},\"sameAs\":[\"https:\/\/www.facebook.com\/servidigest\",\"https:\/\/x.com\/servidigest\"]}]}<\/script>\n<!-- \/ Yoast SEO plugin. -->","yoast_head_json":{"title":"Estudi Gen\u00e8tic Preventiu Obesitat Nutri inCode - Servidigest","robots":{"index":"index","follow":"follow","max-snippet":"max-snippet:-1","max-image-preview":"max-image-preview:large","max-video-preview":"max-video-preview:-1"},"canonical":"https:\/\/dev.93-93-113-41.plesk.page\/ca\/producte\/estudi-genetic-preventiu-obesitat-nutri-incode\/","og_locale":"ca_ES","og_type":"article","og_title":"Estudi Gen\u00e8tic Preventiu Obesitat Nutri inCode - Servidigest","og_description":"El 50% dels casos de Sobrep\u00e8s i Obesitat es deuen a factors gen\u00e8tics heretats.  Cl\u00ednica ServiDigest incorpora la tecnologia m\u00e9s avan\u00e7ada amb l?estudi del perfil gen\u00e8tic Nutri InCode.  Finan\u00e7ament  Condicions de contractaci\u00f3 [...]","og_url":"https:\/\/dev.93-93-113-41.plesk.page\/ca\/producte\/estudi-genetic-preventiu-obesitat-nutri-incode\/","og_site_name":"Servidigest","article_publisher":"https:\/\/www.facebook.com\/servidigest","og_image":[{"width":470,"height":330,"url":"https:\/\/dev.93-93-113-41.plesk.page\/wp-content\/uploads\/2016\/02\/comprar-estudio-genetico-obesidad-1.jpg","type":"image\/jpeg"}],"twitter_card":"summary_large_image","twitter_site":"@servidigest","schema":{"@context":"https:\/\/schema.org","@graph":[{"@type":"WebPage","@id":"https:\/\/dev.93-93-113-41.plesk.page\/ca\/producte\/estudi-genetic-preventiu-obesitat-nutri-incode\/","url":"https:\/\/dev.93-93-113-41.plesk.page\/ca\/producte\/estudi-genetic-preventiu-obesitat-nutri-incode\/","name":"Estudi Gen\u00e8tic Preventiu Obesitat Nutri inCode - Servidigest","isPartOf":{"@id":"https:\/\/dev.93-93-113-41.plesk.page\/ca\/#website"},"primaryImageOfPage":{"@id":"https:\/\/dev.93-93-113-41.plesk.page\/ca\/producte\/estudi-genetic-preventiu-obesitat-nutri-incode\/#primaryimage"},"image":{"@id":"https:\/\/dev.93-93-113-41.plesk.page\/ca\/producte\/estudi-genetic-preventiu-obesitat-nutri-incode\/#primaryimage"},"thumbnailUrl":"https:\/\/dev.93-93-113-41.plesk.page\/wp-content\/uploads\/2016\/02\/comprar-estudio-genetico-obesidad-1.jpg","datePublished":"2024-03-12T11:16:19+00:00","dateModified":"2024-03-12T11:16:19+00:00","breadcrumb":{"@id":"https:\/\/dev.93-93-113-41.plesk.page\/ca\/producte\/estudi-genetic-preventiu-obesitat-nutri-incode\/#breadcrumb"},"inLanguage":"ca","potentialAction":[{"@type":"ReadAction","target":["https:\/\/dev.93-93-113-41.plesk.page\/ca\/producte\/estudi-genetic-preventiu-obesitat-nutri-incode\/"]}]},{"@type":"ImageObject","inLanguage":"ca","@id":"https:\/\/dev.93-93-113-41.plesk.page\/ca\/producte\/estudi-genetic-preventiu-obesitat-nutri-incode\/#primaryimage","url":"https:\/\/dev.93-93-113-41.plesk.page\/wp-content\/uploads\/2016\/02\/comprar-estudio-genetico-obesidad-1.jpg","contentUrl":"https:\/\/dev.93-93-113-41.plesk.page\/wp-content\/uploads\/2016\/02\/comprar-estudio-genetico-obesidad-1.jpg","width":470,"height":330,"caption":"Comprar Estudi Gen\u00e8tic Preventiu Obesitat"},{"@type":"BreadcrumbList","@id":"https:\/\/dev.93-93-113-41.plesk.page\/ca\/producte\/estudi-genetic-preventiu-obesitat-nutri-incode\/#breadcrumb","itemListElement":[{"@type":"ListItem","position":1,"name":"Tienda","item":"https:\/\/dev.93-93-113-41.plesk.page\/ca\/tenda\/"},{"@type":"ListItem","position":2,"name":"Estudi Gen\u00e8tic Preventiu Obesitat Nutri inCode"}]},{"@type":"WebSite","@id":"https:\/\/dev.93-93-113-41.plesk.page\/ca\/#website","url":"https:\/\/dev.93-93-113-41.plesk.page\/ca\/","name":"Servidigest","description":"","publisher":{"@id":"https:\/\/dev.93-93-113-41.plesk.page\/ca\/#organization"},"potentialAction":[{"@type":"SearchAction","target":{"@type":"EntryPoint","urlTemplate":"https:\/\/dev.93-93-113-41.plesk.page\/ca\/?s={search_term_string}"},"query-input":"required name=search_term_string"}],"inLanguage":"ca"},{"@type":"Organization","@id":"https:\/\/dev.93-93-113-41.plesk.page\/ca\/#organization","name":"Servidigest","url":"https:\/\/dev.93-93-113-41.plesk.page\/ca\/","logo":{"@type":"ImageObject","inLanguage":"ca","@id":"https:\/\/dev.93-93-113-41.plesk.page\/ca\/#\/schema\/logo\/image\/","url":"https:\/\/dev.93-93-113-41.plesk.page\/wp-content\/uploads\/2024\/01\/servidigest.png","contentUrl":"https:\/\/dev.93-93-113-41.plesk.page\/wp-content\/uploads\/2024\/01\/servidigest.png","width":808,"height":88,"caption":"Servidigest"},"image":{"@id":"https:\/\/dev.93-93-113-41.plesk.page\/ca\/#\/schema\/logo\/image\/"},"sameAs":["https:\/\/www.facebook.com\/servidigest","https:\/\/x.com\/servidigest"]}]}},"_links":{"self":[{"href":"https:\/\/dev.93-93-113-41.plesk.page\/ca\/wp-json\/wp\/v2\/product\/38368","targetHints":{"allow":["GET"]}}],"collection":[{"href":"https:\/\/dev.93-93-113-41.plesk.page\/ca\/wp-json\/wp\/v2\/product"}],"about":[{"href":"https:\/\/dev.93-93-113-41.plesk.page\/ca\/wp-json\/wp\/v2\/types\/product"}],"replies":[{"embeddable":true,"href":"https:\/\/dev.93-93-113-41.plesk.page\/ca\/wp-json\/wp\/v2\/comments?post=38368"}],"wp:featuredmedia":[{"embeddable":true,"href":"https:\/\/dev.93-93-113-41.plesk.page\/ca\/wp-json\/wp\/v2\/media\/17029"}],"wp:attachment":[{"href":"https:\/\/dev.93-93-113-41.plesk.page\/ca\/wp-json\/wp\/v2\/media?parent=38368"}],"wp:term":[{"taxonomy":"product_cat","embeddable":true,"href":"https:\/\/dev.93-93-113-41.plesk.page\/ca\/wp-json\/wp\/v2\/product_cat?post=38368"},{"taxonomy":"product_tag","embeddable":true,"href":"https:\/\/dev.93-93-113-41.plesk.page\/ca\/wp-json\/wp\/v2\/product_tag?post=38368"}],"curies":[{"name":"wp","href":"https:\/\/api.w.org\/{rel}","templated":true}]}}