{"id":38366,"date":"2024-03-12T12:16:19","date_gmt":"2024-03-12T11:16:19","guid":{"rendered":"https:\/\/dev.93-93-113-41.plesk.page\/producto\/fibroscan-cap\/"},"modified":"2024-03-12T12:16:19","modified_gmt":"2024-03-12T11:16:19","slug":"fibroscan-cap","status":"publish","type":"product","link":"https:\/\/dev.93-93-113-41.plesk.page\/ca\/producte\/fibroscan-cap\/","title":{"rendered":"Fibroscan &amp; Cap"},"content":{"rendered":"<p>Fibroscan &amp; Cap, o FibroScan 502 Touch Cap, \u00e9s un dispositiu m\u00e8dic d&#8217;\u00faltima generaci\u00f3 que utilitza la <strong>tecnologia no invasiva<\/strong> m\u00e9s avan\u00e7ada.<\/p>\n<p>\u00c9s un m\u00e8tode no invasiu, indolor i reprodu\u00efble que proporciona informaci\u00f3 \u00fatil per <strong>avaluar el tractament, seguiment o pron\u00f2stic a curt o llarg termini de totes les fases de la malaltia hep\u00e0tica cr\u00f2nica<\/strong> .<\/p>\n<p>El volum hep\u00e0tic explorat amb la Sonda del FibroScan \u00e9s almenys 100 vegades m\u00e9s gran que amb una Bi\u00f2psia hep\u00e0tica.<\/p>\n<p>Cada pacient \u00e9s diferent i el nostre equip de FibroScan 502 Touch disposa de 2 Sondes ergon\u00f2miques per a adults, M-est\u00e0ndard i XL-sobrep\u00e8s connectades simult\u00e0niament, que garanteixen un diagn\u00f2stic efica\u00e7 en tot tipus de necessitats cl\u00edniques i morfol\u00f2giques de pacients que anteriorment no podien beneficiar-se de aquest examen.<\/p>\n<p><a href=\"https:\/\/dev.93-93-113-41.plesk.page\/ca\/servicios\/fibroscan\/\">Ampliar informaci\u00f3 sobre el Fibroscan<\/a><\/p>\n","protected":false},"excerpt":{"rendered":"<div class=\"mh-excerpt\"><p>Cl\u00ednica ServiDigest disposa de la tecnologia m\u00e9s innovadora per a l&#8217;estudi de les malalties hep\u00e0tiques, el Fibroscan &amp; Cap.<\/p>\n<p><a href=\"https:\/\/dev.93-93-113-41.plesk.page\/financiacion\/\" target=\"_blank\" rel=\"noopener noreferrer\">Finan\u00e7ament<\/a><\/p>\n<p><a href=\"https:\/\/dev.93-93-113-41.plesk.page\/condiciones-generales-de-contratacion\/\" target=\"_blank\" rel=\"noopener noreferrer\">Condicions de contractaci\u00f3<\/a> <a class=\"mh-excerpt-more\" href=\"https:\/\/dev.93-93-113-41.plesk.page\/ca\/producte\/fibroscan-cap\/\" title=\"Fibroscan &amp; Cap\">[&#8230;]<\/a><\/p>\n<\/div>","protected":false},"featured_media":17024,"comment_status":"closed","ping_status":"closed","template":"","meta":[],"product_cat":[916],"product_tag":[],"class_list":{"0":"post-38366","1":"product","2":"type-product","3":"status-publish","4":"has-post-thumbnail","6":"product_cat-proves-mediques","8":"first","9":"instock","10":"virtual","11":"purchasable","12":"product-type-simple"},"yoast_head":"<!-- This site is optimized with the Yoast SEO plugin v22.6 - https:\/\/yoast.com\/wordpress\/plugins\/seo\/ -->\n<title>Fibroscan &amp; Cap - Servidigest<\/title>\n<meta name=\"robots\" content=\"index, follow, max-snippet:-1, max-image-preview:large, max-video-preview:-1\" \/>\n<link rel=\"canonical\" href=\"https:\/\/dev.93-93-113-41.plesk.page\/ca\/producte\/fibroscan-cap\/\" \/>\n<meta property=\"og:locale\" content=\"ca_ES\" \/>\n<meta property=\"og:type\" content=\"article\" \/>\n<meta property=\"og:title\" content=\"Fibroscan &amp; Cap - Servidigest\" \/>\n<meta property=\"og:description\" content=\"Cl\u00ednica ServiDigest disposa de la tecnologia m\u00e9s innovadora per a l&#039;estudi de les malalties hep\u00e0tiques, el Fibroscan &amp; Cap.  Finan\u00e7ament  Condicions de contractaci\u00f3 [...]\" \/>\n<meta property=\"og:url\" content=\"https:\/\/dev.93-93-113-41.plesk.page\/ca\/producte\/fibroscan-cap\/\" \/>\n<meta property=\"og:site_name\" content=\"Servidigest\" \/>\n<meta property=\"article:publisher\" content=\"https:\/\/www.facebook.com\/servidigest\" \/>\n<meta property=\"og:image\" content=\"https:\/\/dev.93-93-113-41.plesk.page\/wp-content\/uploads\/2016\/02\/comprar-fibroscan-cap-1.jpg\" \/>\n\t<meta property=\"og:image:width\" content=\"470\" \/>\n\t<meta property=\"og:image:height\" content=\"330\" \/>\n\t<meta property=\"og:image:type\" content=\"image\/jpeg\" \/>\n<meta name=\"twitter:card\" content=\"summary_large_image\" \/>\n<meta name=\"twitter:site\" content=\"@servidigest\" \/>\n<meta name=\"twitter:label1\" content=\"Est. reading time\" \/>\n\t<meta name=\"twitter:data1\" content=\"1 minute\" \/>\n<script type=\"application\/ld+json\" class=\"yoast-schema-graph\">{\"@context\":\"https:\/\/schema.org\",\"@graph\":[{\"@type\":\"WebPage\",\"@id\":\"https:\/\/dev.93-93-113-41.plesk.page\/ca\/producte\/fibroscan-cap\/\",\"url\":\"https:\/\/dev.93-93-113-41.plesk.page\/ca\/producte\/fibroscan-cap\/\",\"name\":\"Fibroscan &amp; Cap - Servidigest\",\"isPartOf\":{\"@id\":\"https:\/\/dev.93-93-113-41.plesk.page\/ca\/#website\"},\"primaryImageOfPage\":{\"@id\":\"https:\/\/dev.93-93-113-41.plesk.page\/ca\/producte\/fibroscan-cap\/#primaryimage\"},\"image\":{\"@id\":\"https:\/\/dev.93-93-113-41.plesk.page\/ca\/producte\/fibroscan-cap\/#primaryimage\"},\"thumbnailUrl\":\"https:\/\/dev.93-93-113-41.plesk.page\/wp-content\/uploads\/2016\/02\/comprar-fibroscan-cap-1.jpg\",\"datePublished\":\"2024-03-12T11:16:19+00:00\",\"dateModified\":\"2024-03-12T11:16:19+00:00\",\"breadcrumb\":{\"@id\":\"https:\/\/dev.93-93-113-41.plesk.page\/ca\/producte\/fibroscan-cap\/#breadcrumb\"},\"inLanguage\":\"ca\",\"potentialAction\":[{\"@type\":\"ReadAction\",\"target\":[\"https:\/\/dev.93-93-113-41.plesk.page\/ca\/producte\/fibroscan-cap\/\"]}]},{\"@type\":\"ImageObject\",\"inLanguage\":\"ca\",\"@id\":\"https:\/\/dev.93-93-113-41.plesk.page\/ca\/producte\/fibroscan-cap\/#primaryimage\",\"url\":\"https:\/\/dev.93-93-113-41.plesk.page\/wp-content\/uploads\/2016\/02\/comprar-fibroscan-cap-1.jpg\",\"contentUrl\":\"https:\/\/dev.93-93-113-41.plesk.page\/wp-content\/uploads\/2016\/02\/comprar-fibroscan-cap-1.jpg\",\"width\":470,\"height\":330,\"caption\":\"Comprar Fibroscan &amp; Cap\"},{\"@type\":\"BreadcrumbList\",\"@id\":\"https:\/\/dev.93-93-113-41.plesk.page\/ca\/producte\/fibroscan-cap\/#breadcrumb\",\"itemListElement\":[{\"@type\":\"ListItem\",\"position\":1,\"name\":\"Tienda\",\"item\":\"https:\/\/dev.93-93-113-41.plesk.page\/ca\/tenda\/\"},{\"@type\":\"ListItem\",\"position\":2,\"name\":\"Fibroscan &amp; Cap\"}]},{\"@type\":\"WebSite\",\"@id\":\"https:\/\/dev.93-93-113-41.plesk.page\/ca\/#website\",\"url\":\"https:\/\/dev.93-93-113-41.plesk.page\/ca\/\",\"name\":\"Servidigest\",\"description\":\"\",\"publisher\":{\"@id\":\"https:\/\/dev.93-93-113-41.plesk.page\/ca\/#organization\"},\"potentialAction\":[{\"@type\":\"SearchAction\",\"target\":{\"@type\":\"EntryPoint\",\"urlTemplate\":\"https:\/\/dev.93-93-113-41.plesk.page\/ca\/?s={search_term_string}\"},\"query-input\":\"required name=search_term_string\"}],\"inLanguage\":\"ca\"},{\"@type\":\"Organization\",\"@id\":\"https:\/\/dev.93-93-113-41.plesk.page\/ca\/#organization\",\"name\":\"Servidigest\",\"url\":\"https:\/\/dev.93-93-113-41.plesk.page\/ca\/\",\"logo\":{\"@type\":\"ImageObject\",\"inLanguage\":\"ca\",\"@id\":\"https:\/\/dev.93-93-113-41.plesk.page\/ca\/#\/schema\/logo\/image\/\",\"url\":\"https:\/\/dev.93-93-113-41.plesk.page\/wp-content\/uploads\/2024\/01\/servidigest.png\",\"contentUrl\":\"https:\/\/dev.93-93-113-41.plesk.page\/wp-content\/uploads\/2024\/01\/servidigest.png\",\"width\":808,\"height\":88,\"caption\":\"Servidigest\"},\"image\":{\"@id\":\"https:\/\/dev.93-93-113-41.plesk.page\/ca\/#\/schema\/logo\/image\/\"},\"sameAs\":[\"https:\/\/www.facebook.com\/servidigest\",\"https:\/\/x.com\/servidigest\"]}]}<\/script>\n<!-- \/ Yoast SEO plugin. -->","yoast_head_json":{"title":"Fibroscan &amp; Cap - Servidigest","robots":{"index":"index","follow":"follow","max-snippet":"max-snippet:-1","max-image-preview":"max-image-preview:large","max-video-preview":"max-video-preview:-1"},"canonical":"https:\/\/dev.93-93-113-41.plesk.page\/ca\/producte\/fibroscan-cap\/","og_locale":"ca_ES","og_type":"article","og_title":"Fibroscan &amp; Cap - Servidigest","og_description":"Cl\u00ednica ServiDigest disposa de la tecnologia m\u00e9s innovadora per a l'estudi de les malalties hep\u00e0tiques, el Fibroscan &amp; Cap.  Finan\u00e7ament  Condicions de contractaci\u00f3 [...]","og_url":"https:\/\/dev.93-93-113-41.plesk.page\/ca\/producte\/fibroscan-cap\/","og_site_name":"Servidigest","article_publisher":"https:\/\/www.facebook.com\/servidigest","og_image":[{"width":470,"height":330,"url":"https:\/\/dev.93-93-113-41.plesk.page\/wp-content\/uploads\/2016\/02\/comprar-fibroscan-cap-1.jpg","type":"image\/jpeg"}],"twitter_card":"summary_large_image","twitter_site":"@servidigest","twitter_misc":{"Est. reading time":"1 minute"},"schema":{"@context":"https:\/\/schema.org","@graph":[{"@type":"WebPage","@id":"https:\/\/dev.93-93-113-41.plesk.page\/ca\/producte\/fibroscan-cap\/","url":"https:\/\/dev.93-93-113-41.plesk.page\/ca\/producte\/fibroscan-cap\/","name":"Fibroscan &amp; Cap - Servidigest","isPartOf":{"@id":"https:\/\/dev.93-93-113-41.plesk.page\/ca\/#website"},"primaryImageOfPage":{"@id":"https:\/\/dev.93-93-113-41.plesk.page\/ca\/producte\/fibroscan-cap\/#primaryimage"},"image":{"@id":"https:\/\/dev.93-93-113-41.plesk.page\/ca\/producte\/fibroscan-cap\/#primaryimage"},"thumbnailUrl":"https:\/\/dev.93-93-113-41.plesk.page\/wp-content\/uploads\/2016\/02\/comprar-fibroscan-cap-1.jpg","datePublished":"2024-03-12T11:16:19+00:00","dateModified":"2024-03-12T11:16:19+00:00","breadcrumb":{"@id":"https:\/\/dev.93-93-113-41.plesk.page\/ca\/producte\/fibroscan-cap\/#breadcrumb"},"inLanguage":"ca","potentialAction":[{"@type":"ReadAction","target":["https:\/\/dev.93-93-113-41.plesk.page\/ca\/producte\/fibroscan-cap\/"]}]},{"@type":"ImageObject","inLanguage":"ca","@id":"https:\/\/dev.93-93-113-41.plesk.page\/ca\/producte\/fibroscan-cap\/#primaryimage","url":"https:\/\/dev.93-93-113-41.plesk.page\/wp-content\/uploads\/2016\/02\/comprar-fibroscan-cap-1.jpg","contentUrl":"https:\/\/dev.93-93-113-41.plesk.page\/wp-content\/uploads\/2016\/02\/comprar-fibroscan-cap-1.jpg","width":470,"height":330,"caption":"Comprar Fibroscan &amp; Cap"},{"@type":"BreadcrumbList","@id":"https:\/\/dev.93-93-113-41.plesk.page\/ca\/producte\/fibroscan-cap\/#breadcrumb","itemListElement":[{"@type":"ListItem","position":1,"name":"Tienda","item":"https:\/\/dev.93-93-113-41.plesk.page\/ca\/tenda\/"},{"@type":"ListItem","position":2,"name":"Fibroscan &amp; Cap"}]},{"@type":"WebSite","@id":"https:\/\/dev.93-93-113-41.plesk.page\/ca\/#website","url":"https:\/\/dev.93-93-113-41.plesk.page\/ca\/","name":"Servidigest","description":"","publisher":{"@id":"https:\/\/dev.93-93-113-41.plesk.page\/ca\/#organization"},"potentialAction":[{"@type":"SearchAction","target":{"@type":"EntryPoint","urlTemplate":"https:\/\/dev.93-93-113-41.plesk.page\/ca\/?s={search_term_string}"},"query-input":"required name=search_term_string"}],"inLanguage":"ca"},{"@type":"Organization","@id":"https:\/\/dev.93-93-113-41.plesk.page\/ca\/#organization","name":"Servidigest","url":"https:\/\/dev.93-93-113-41.plesk.page\/ca\/","logo":{"@type":"ImageObject","inLanguage":"ca","@id":"https:\/\/dev.93-93-113-41.plesk.page\/ca\/#\/schema\/logo\/image\/","url":"https:\/\/dev.93-93-113-41.plesk.page\/wp-content\/uploads\/2024\/01\/servidigest.png","contentUrl":"https:\/\/dev.93-93-113-41.plesk.page\/wp-content\/uploads\/2024\/01\/servidigest.png","width":808,"height":88,"caption":"Servidigest"},"image":{"@id":"https:\/\/dev.93-93-113-41.plesk.page\/ca\/#\/schema\/logo\/image\/"},"sameAs":["https:\/\/www.facebook.com\/servidigest","https:\/\/x.com\/servidigest"]}]}},"_links":{"self":[{"href":"https:\/\/dev.93-93-113-41.plesk.page\/ca\/wp-json\/wp\/v2\/product\/38366","targetHints":{"allow":["GET"]}}],"collection":[{"href":"https:\/\/dev.93-93-113-41.plesk.page\/ca\/wp-json\/wp\/v2\/product"}],"about":[{"href":"https:\/\/dev.93-93-113-41.plesk.page\/ca\/wp-json\/wp\/v2\/types\/product"}],"replies":[{"embeddable":true,"href":"https:\/\/dev.93-93-113-41.plesk.page\/ca\/wp-json\/wp\/v2\/comments?post=38366"}],"wp:featuredmedia":[{"embeddable":true,"href":"https:\/\/dev.93-93-113-41.plesk.page\/ca\/wp-json\/wp\/v2\/media\/17024"}],"wp:attachment":[{"href":"https:\/\/dev.93-93-113-41.plesk.page\/ca\/wp-json\/wp\/v2\/media?parent=38366"}],"wp:term":[{"taxonomy":"product_cat","embeddable":true,"href":"https:\/\/dev.93-93-113-41.plesk.page\/ca\/wp-json\/wp\/v2\/product_cat?post=38366"},{"taxonomy":"product_tag","embeddable":true,"href":"https:\/\/dev.93-93-113-41.plesk.page\/ca\/wp-json\/wp\/v2\/product_tag?post=38366"}],"curies":[{"name":"wp","href":"https:\/\/api.w.org\/{rel}","templated":true}]}}