{"id":38360,"date":"2024-03-12T12:16:20","date_gmt":"2024-03-12T11:16:20","guid":{"rendered":"https:\/\/dev.93-93-113-41.plesk.page\/producto\/visita-especialista-nutricio-i-dietetica\/"},"modified":"2024-03-12T12:16:20","modified_gmt":"2024-03-12T11:16:20","slug":"visita-especialista-nutricio-i-dietetica","status":"publish","type":"product","link":"https:\/\/dev.93-93-113-41.plesk.page\/ca\/producte\/visita-especialista-nutricio-i-dietetica\/","title":{"rendered":"Visita especialista nutrici\u00f3 i diet\u00e8tica"},"content":{"rendered":"<p>Una bona salut nutricional \u00e9s imprescindible per mantenir el nostre organisme en perfecte estat. A m\u00e9s d&#8217;ajudar-nos a alleujar l&#8217;estr\u00e8s i fer-nos recuperar el bon \u00e0nim i l&#8217;energia.<\/p>\n<p>L&#8217;equip especialista en Nutrici\u00f3 i Diet\u00e8tica de Cl\u00ednica ServiDigest, realitza un  <strong>an\u00e0lisi dels factors de risc i h\u00e0bits poc saludables del pacient<\/strong>, per con\u00e8ixer les nostres fortaleses i debilitats, els aliments que s\u00f3n m\u00e9s adequats, els que m\u00e9s ens beneficien ia manejar aquests components externs (com l&#8217;estr\u00e8s) dels quals tamb\u00e9 dep\u00e8n el nostre benestar.<\/p>\n<h3>Per qu\u00e8 \u00e9s important la nutrici\u00f3?<\/h3>\n<p>L&#8217;alimentaci\u00f3 no ho \u00e9s tot quant a salut, per\u00f2 \u00e9s un fet que hi ha una relaci\u00f3 directa entre tots dos conceptes.<\/p>\n<p><strong>Reeducar els nostres h\u00e0bits nutricionals<\/strong> ens permet evitar totes aquelles patologies conegudes com les malalties de la civilitzaci\u00f3 desenvolupada: les coron\u00e0ries, les al\u00b7l\u00e8rgiques, les digestives com el c\u00e0ncer digestiu, les endocrinol\u00f2giques com la diabetis\u2026<\/p>\n<p>A Cl\u00ednica ServiDigest disposem d&#8217;un equip de professionals especialitzats per establir les estrat\u00e8gies necess\u00e0ries per combatre i prevenir aquest tipus de malalties.<\/p>\n<p><a href=\"https:\/\/dev.93-93-113-41.plesk.page\/ca\/servicios\/endocrinologia-nutricion\/\">Ampliar informaci\u00f3 sobre el servei d&#8217;endocrinologia i nutrici\u00f3<\/a><\/p>\n","protected":false},"excerpt":{"rendered":"<div class=\"mh-excerpt\"><p>Consulta amb nutricionista, especialista en Nutrici\u00f3 i Diet\u00e8tica.<\/p>\n<p><a href=\"https:\/\/dev.93-93-113-41.plesk.page\/financiacion\/\" target=\"_blank\" rel=\"noopener noreferrer\">Finan\u00e7ament<\/a><\/p>\n<p><a href=\"https:\/\/dev.93-93-113-41.plesk.page\/condiciones-generales-de-contratacion\/\" target=\"_blank\" rel=\"noopener noreferrer\">Condicions de contractaci\u00f3<\/a> <a class=\"mh-excerpt-more\" href=\"https:\/\/dev.93-93-113-41.plesk.page\/ca\/producte\/visita-especialista-nutricio-i-dietetica\/\" title=\"Visita especialista nutrici\u00f3 i diet\u00e8tica\">[&#8230;]<\/a><\/p>\n<\/div>","protected":false},"featured_media":17046,"comment_status":"closed","ping_status":"closed","template":"","meta":[],"product_cat":[920],"product_tag":[],"class_list":{"0":"post-38360","1":"product","2":"type-product","3":"status-publish","4":"has-post-thumbnail","6":"product_cat-visites-mediques","8":"first","9":"instock","10":"shipping-taxable","11":"purchasable","12":"product-type-simple"},"yoast_head":"<!-- This site is optimized with the Yoast SEO plugin v22.6 - https:\/\/yoast.com\/wordpress\/plugins\/seo\/ -->\n<title>Visita especialista nutrici\u00f3 i diet\u00e8tica - Servidigest<\/title>\n<meta name=\"robots\" content=\"index, follow, max-snippet:-1, max-image-preview:large, max-video-preview:-1\" \/>\n<link rel=\"canonical\" href=\"https:\/\/dev.93-93-113-41.plesk.page\/ca\/producte\/visita-especialista-nutricio-i-dietetica\/\" \/>\n<meta property=\"og:locale\" content=\"ca_ES\" \/>\n<meta property=\"og:type\" content=\"article\" \/>\n<meta property=\"og:title\" content=\"Visita especialista nutrici\u00f3 i diet\u00e8tica - Servidigest\" \/>\n<meta property=\"og:description\" content=\"Consulta amb nutricionista, especialista en Nutrici\u00f3 i Diet\u00e8tica.  Finan\u00e7ament  Condicions de contractaci\u00f3 [...]\" \/>\n<meta property=\"og:url\" content=\"https:\/\/dev.93-93-113-41.plesk.page\/ca\/producte\/visita-especialista-nutricio-i-dietetica\/\" \/>\n<meta property=\"og:site_name\" content=\"Servidigest\" \/>\n<meta property=\"article:publisher\" content=\"https:\/\/www.facebook.com\/servidigest\" \/>\n<meta property=\"og:image\" content=\"https:\/\/dev.93-93-113-41.plesk.page\/wp-content\/uploads\/2016\/02\/comprar-visita-nutricionista-1.jpg\" \/>\n\t<meta property=\"og:image:width\" content=\"470\" \/>\n\t<meta property=\"og:image:height\" content=\"330\" \/>\n\t<meta property=\"og:image:type\" content=\"image\/jpeg\" \/>\n<meta name=\"twitter:card\" content=\"summary_large_image\" \/>\n<meta name=\"twitter:site\" content=\"@servidigest\" \/>\n<meta name=\"twitter:label1\" content=\"Est. reading time\" \/>\n\t<meta name=\"twitter:data1\" content=\"1 minute\" \/>\n<script type=\"application\/ld+json\" class=\"yoast-schema-graph\">{\"@context\":\"https:\/\/schema.org\",\"@graph\":[{\"@type\":\"WebPage\",\"@id\":\"https:\/\/dev.93-93-113-41.plesk.page\/ca\/producte\/visita-especialista-nutricio-i-dietetica\/\",\"url\":\"https:\/\/dev.93-93-113-41.plesk.page\/ca\/producte\/visita-especialista-nutricio-i-dietetica\/\",\"name\":\"Visita especialista nutrici\u00f3 i diet\u00e8tica - Servidigest\",\"isPartOf\":{\"@id\":\"https:\/\/dev.93-93-113-41.plesk.page\/ca\/#website\"},\"primaryImageOfPage\":{\"@id\":\"https:\/\/dev.93-93-113-41.plesk.page\/ca\/producte\/visita-especialista-nutricio-i-dietetica\/#primaryimage\"},\"image\":{\"@id\":\"https:\/\/dev.93-93-113-41.plesk.page\/ca\/producte\/visita-especialista-nutricio-i-dietetica\/#primaryimage\"},\"thumbnailUrl\":\"https:\/\/dev.93-93-113-41.plesk.page\/wp-content\/uploads\/2016\/02\/comprar-visita-nutricionista-1.jpg\",\"datePublished\":\"2024-03-12T11:16:20+00:00\",\"dateModified\":\"2024-03-12T11:16:20+00:00\",\"breadcrumb\":{\"@id\":\"https:\/\/dev.93-93-113-41.plesk.page\/ca\/producte\/visita-especialista-nutricio-i-dietetica\/#breadcrumb\"},\"inLanguage\":\"ca\",\"potentialAction\":[{\"@type\":\"ReadAction\",\"target\":[\"https:\/\/dev.93-93-113-41.plesk.page\/ca\/producte\/visita-especialista-nutricio-i-dietetica\/\"]}]},{\"@type\":\"ImageObject\",\"inLanguage\":\"ca\",\"@id\":\"https:\/\/dev.93-93-113-41.plesk.page\/ca\/producte\/visita-especialista-nutricio-i-dietetica\/#primaryimage\",\"url\":\"https:\/\/dev.93-93-113-41.plesk.page\/wp-content\/uploads\/2016\/02\/comprar-visita-nutricionista-1.jpg\",\"contentUrl\":\"https:\/\/dev.93-93-113-41.plesk.page\/wp-content\/uploads\/2016\/02\/comprar-visita-nutricionista-1.jpg\",\"width\":470,\"height\":330,\"caption\":\"Comprar Visita especialista nutrici\u00f3 i diet\u00e8tica\"},{\"@type\":\"BreadcrumbList\",\"@id\":\"https:\/\/dev.93-93-113-41.plesk.page\/ca\/producte\/visita-especialista-nutricio-i-dietetica\/#breadcrumb\",\"itemListElement\":[{\"@type\":\"ListItem\",\"position\":1,\"name\":\"Tienda\",\"item\":\"https:\/\/dev.93-93-113-41.plesk.page\/ca\/tenda\/\"},{\"@type\":\"ListItem\",\"position\":2,\"name\":\"Visita especialista nutrici\u00f3 i diet\u00e8tica\"}]},{\"@type\":\"WebSite\",\"@id\":\"https:\/\/dev.93-93-113-41.plesk.page\/ca\/#website\",\"url\":\"https:\/\/dev.93-93-113-41.plesk.page\/ca\/\",\"name\":\"Servidigest\",\"description\":\"\",\"publisher\":{\"@id\":\"https:\/\/dev.93-93-113-41.plesk.page\/ca\/#organization\"},\"potentialAction\":[{\"@type\":\"SearchAction\",\"target\":{\"@type\":\"EntryPoint\",\"urlTemplate\":\"https:\/\/dev.93-93-113-41.plesk.page\/ca\/?s={search_term_string}\"},\"query-input\":\"required name=search_term_string\"}],\"inLanguage\":\"ca\"},{\"@type\":\"Organization\",\"@id\":\"https:\/\/dev.93-93-113-41.plesk.page\/ca\/#organization\",\"name\":\"Servidigest\",\"url\":\"https:\/\/dev.93-93-113-41.plesk.page\/ca\/\",\"logo\":{\"@type\":\"ImageObject\",\"inLanguage\":\"ca\",\"@id\":\"https:\/\/dev.93-93-113-41.plesk.page\/ca\/#\/schema\/logo\/image\/\",\"url\":\"https:\/\/dev.93-93-113-41.plesk.page\/wp-content\/uploads\/2024\/01\/servidigest.png\",\"contentUrl\":\"https:\/\/dev.93-93-113-41.plesk.page\/wp-content\/uploads\/2024\/01\/servidigest.png\",\"width\":808,\"height\":88,\"caption\":\"Servidigest\"},\"image\":{\"@id\":\"https:\/\/dev.93-93-113-41.plesk.page\/ca\/#\/schema\/logo\/image\/\"},\"sameAs\":[\"https:\/\/www.facebook.com\/servidigest\",\"https:\/\/x.com\/servidigest\"]}]}<\/script>\n<!-- \/ Yoast SEO plugin. -->","yoast_head_json":{"title":"Visita especialista nutrici\u00f3 i diet\u00e8tica - Servidigest","robots":{"index":"index","follow":"follow","max-snippet":"max-snippet:-1","max-image-preview":"max-image-preview:large","max-video-preview":"max-video-preview:-1"},"canonical":"https:\/\/dev.93-93-113-41.plesk.page\/ca\/producte\/visita-especialista-nutricio-i-dietetica\/","og_locale":"ca_ES","og_type":"article","og_title":"Visita especialista nutrici\u00f3 i diet\u00e8tica - Servidigest","og_description":"Consulta amb nutricionista, especialista en Nutrici\u00f3 i Diet\u00e8tica.  Finan\u00e7ament  Condicions de contractaci\u00f3 [...]","og_url":"https:\/\/dev.93-93-113-41.plesk.page\/ca\/producte\/visita-especialista-nutricio-i-dietetica\/","og_site_name":"Servidigest","article_publisher":"https:\/\/www.facebook.com\/servidigest","og_image":[{"width":470,"height":330,"url":"https:\/\/dev.93-93-113-41.plesk.page\/wp-content\/uploads\/2016\/02\/comprar-visita-nutricionista-1.jpg","type":"image\/jpeg"}],"twitter_card":"summary_large_image","twitter_site":"@servidigest","twitter_misc":{"Est. reading time":"1 minute"},"schema":{"@context":"https:\/\/schema.org","@graph":[{"@type":"WebPage","@id":"https:\/\/dev.93-93-113-41.plesk.page\/ca\/producte\/visita-especialista-nutricio-i-dietetica\/","url":"https:\/\/dev.93-93-113-41.plesk.page\/ca\/producte\/visita-especialista-nutricio-i-dietetica\/","name":"Visita especialista nutrici\u00f3 i diet\u00e8tica - Servidigest","isPartOf":{"@id":"https:\/\/dev.93-93-113-41.plesk.page\/ca\/#website"},"primaryImageOfPage":{"@id":"https:\/\/dev.93-93-113-41.plesk.page\/ca\/producte\/visita-especialista-nutricio-i-dietetica\/#primaryimage"},"image":{"@id":"https:\/\/dev.93-93-113-41.plesk.page\/ca\/producte\/visita-especialista-nutricio-i-dietetica\/#primaryimage"},"thumbnailUrl":"https:\/\/dev.93-93-113-41.plesk.page\/wp-content\/uploads\/2016\/02\/comprar-visita-nutricionista-1.jpg","datePublished":"2024-03-12T11:16:20+00:00","dateModified":"2024-03-12T11:16:20+00:00","breadcrumb":{"@id":"https:\/\/dev.93-93-113-41.plesk.page\/ca\/producte\/visita-especialista-nutricio-i-dietetica\/#breadcrumb"},"inLanguage":"ca","potentialAction":[{"@type":"ReadAction","target":["https:\/\/dev.93-93-113-41.plesk.page\/ca\/producte\/visita-especialista-nutricio-i-dietetica\/"]}]},{"@type":"ImageObject","inLanguage":"ca","@id":"https:\/\/dev.93-93-113-41.plesk.page\/ca\/producte\/visita-especialista-nutricio-i-dietetica\/#primaryimage","url":"https:\/\/dev.93-93-113-41.plesk.page\/wp-content\/uploads\/2016\/02\/comprar-visita-nutricionista-1.jpg","contentUrl":"https:\/\/dev.93-93-113-41.plesk.page\/wp-content\/uploads\/2016\/02\/comprar-visita-nutricionista-1.jpg","width":470,"height":330,"caption":"Comprar Visita especialista nutrici\u00f3 i diet\u00e8tica"},{"@type":"BreadcrumbList","@id":"https:\/\/dev.93-93-113-41.plesk.page\/ca\/producte\/visita-especialista-nutricio-i-dietetica\/#breadcrumb","itemListElement":[{"@type":"ListItem","position":1,"name":"Tienda","item":"https:\/\/dev.93-93-113-41.plesk.page\/ca\/tenda\/"},{"@type":"ListItem","position":2,"name":"Visita especialista nutrici\u00f3 i diet\u00e8tica"}]},{"@type":"WebSite","@id":"https:\/\/dev.93-93-113-41.plesk.page\/ca\/#website","url":"https:\/\/dev.93-93-113-41.plesk.page\/ca\/","name":"Servidigest","description":"","publisher":{"@id":"https:\/\/dev.93-93-113-41.plesk.page\/ca\/#organization"},"potentialAction":[{"@type":"SearchAction","target":{"@type":"EntryPoint","urlTemplate":"https:\/\/dev.93-93-113-41.plesk.page\/ca\/?s={search_term_string}"},"query-input":"required name=search_term_string"}],"inLanguage":"ca"},{"@type":"Organization","@id":"https:\/\/dev.93-93-113-41.plesk.page\/ca\/#organization","name":"Servidigest","url":"https:\/\/dev.93-93-113-41.plesk.page\/ca\/","logo":{"@type":"ImageObject","inLanguage":"ca","@id":"https:\/\/dev.93-93-113-41.plesk.page\/ca\/#\/schema\/logo\/image\/","url":"https:\/\/dev.93-93-113-41.plesk.page\/wp-content\/uploads\/2024\/01\/servidigest.png","contentUrl":"https:\/\/dev.93-93-113-41.plesk.page\/wp-content\/uploads\/2024\/01\/servidigest.png","width":808,"height":88,"caption":"Servidigest"},"image":{"@id":"https:\/\/dev.93-93-113-41.plesk.page\/ca\/#\/schema\/logo\/image\/"},"sameAs":["https:\/\/www.facebook.com\/servidigest","https:\/\/x.com\/servidigest"]}]}},"_links":{"self":[{"href":"https:\/\/dev.93-93-113-41.plesk.page\/ca\/wp-json\/wp\/v2\/product\/38360","targetHints":{"allow":["GET"]}}],"collection":[{"href":"https:\/\/dev.93-93-113-41.plesk.page\/ca\/wp-json\/wp\/v2\/product"}],"about":[{"href":"https:\/\/dev.93-93-113-41.plesk.page\/ca\/wp-json\/wp\/v2\/types\/product"}],"replies":[{"embeddable":true,"href":"https:\/\/dev.93-93-113-41.plesk.page\/ca\/wp-json\/wp\/v2\/comments?post=38360"}],"wp:featuredmedia":[{"embeddable":true,"href":"https:\/\/dev.93-93-113-41.plesk.page\/ca\/wp-json\/wp\/v2\/media\/17046"}],"wp:attachment":[{"href":"https:\/\/dev.93-93-113-41.plesk.page\/ca\/wp-json\/wp\/v2\/media?parent=38360"}],"wp:term":[{"taxonomy":"product_cat","embeddable":true,"href":"https:\/\/dev.93-93-113-41.plesk.page\/ca\/wp-json\/wp\/v2\/product_cat?post=38360"},{"taxonomy":"product_tag","embeddable":true,"href":"https:\/\/dev.93-93-113-41.plesk.page\/ca\/wp-json\/wp\/v2\/product_tag?post=38360"}],"curies":[{"name":"wp","href":"https:\/\/api.w.org\/{rel}","templated":true}]}}