{"id":38347,"date":"2024-03-12T12:16:53","date_gmt":"2024-03-12T11:16:53","guid":{"rendered":"https:\/\/dev.93-93-113-41.plesk.page\/producto\/capsula-endoscopica-de-colon\/"},"modified":"2024-03-12T12:16:53","modified_gmt":"2024-03-12T11:16:53","slug":"capsula-endoscopica-de-colon","status":"publish","type":"product","link":"https:\/\/dev.93-93-113-41.plesk.page\/ca\/producte\/capsula-endoscopica-de-colon\/","title":{"rendered":"C\u00e0psula Endosc\u00f2pica de C\u00f2lon"},"content":{"rendered":"<p>La <strong>c\u00e0psula endosc\u00f2pica de c\u00f2lon<\/strong> mesura 31&#215;11 mil\u00b7l\u00edmetres i disposa de dues microc\u00e0meres que permeten captar imatges per a l&#8217;estudi del c\u00f2lon.<\/p>\n<p>La ingesta de la c\u00e0psula es realitza per <strong>via oral<\/strong> .<\/p>\n<p>En arribar a Cl\u00ednica ServiDigest, se li col\u00b7loquen al pacient uns sensors a l&#8217;abdomen que seran els encarregats de registrar les imatges. Les imatges gravades seran posteriorment descarregades en un ordinador perqu\u00e8 el metge especialista les estudi\u00ef, valori i emeti un informe.<\/p>\n<p>El proc\u00e9s de preparaci\u00f3 i ingesti\u00f3 de la c\u00e0psula requereix que el pacient acudeixi al Servei de Digestiu en dej\u00fa de 6-8 hores (pr\u00e8via preparaci\u00f3 espec\u00edfica amb una dieta i uns sobres amb acci\u00f3 evacuant per aconseguir una neteja intestinal).<\/p>\n<p>Finalment, la C\u00e0psula Endosc\u00f2pica s&#8217;eliminar\u00e0 pel recte durant la primera setmana.<\/p>\n<p><a href=\"https:\/\/dev.93-93-113-41.plesk.page\/ca\/servicios\/capsula-endoscopica\/\">M\u00e9s informaci\u00f3 sobre la c\u00e0psula endosc\u00f2pica<\/a><\/p>\n","protected":false},"excerpt":{"rendered":"<div class=\"mh-excerpt\"><p>La C\u00e0psula Endosc\u00f2pica \u00e9s un m\u00e8tode diagn\u00f2stic no invasiu que explora l&#8217;intest\u00ed gruixut de forma m\u00ednimament invasiva, sense necessitat de sedaci\u00f3 ni ingr\u00e9s ambulatori.<\/p>\n<p>La C\u00e0psula Endosc\u00f2pica ha suposat un gran aven\u00e7 en permetre la visualitzaci\u00f3 de l&#8217;intest\u00ed gruixut, aconseguint diagnosticar moltes lesions que fins ara passaven desapercebudes.<\/p>\n<p><a href=\"https:\/\/dev.93-93-113-41.plesk.page\/financiacion\/\" target=\"_blank\" rel=\"noopener noreferrer\">Finan\u00e7ament<\/a><\/p>\n<p><a href=\"https:\/\/dev.93-93-113-41.plesk.page\/condiciones-generales-de-contratacion\/\" target=\"_blank\" rel=\"noopener noreferrer\">Condicions de contractaci\u00f3<\/a> <a class=\"mh-excerpt-more\" href=\"https:\/\/dev.93-93-113-41.plesk.page\/ca\/producte\/capsula-endoscopica-de-colon\/\" title=\"C\u00e0psula Endosc\u00f2pica de C\u00f2lon\">[&#8230;]<\/a><\/p>\n<\/div>","protected":false},"featured_media":36835,"comment_status":"closed","ping_status":"closed","template":"","meta":[],"product_cat":[913],"product_tag":[],"class_list":{"0":"post-38347","1":"product","2":"type-product","3":"status-publish","4":"has-post-thumbnail","6":"product_cat-capsules-endoscopiques","8":"first","9":"instock","10":"virtual","11":"purchasable","12":"product-type-simple"},"yoast_head":"<!-- This site is optimized with the Yoast SEO plugin v22.6 - https:\/\/yoast.com\/wordpress\/plugins\/seo\/ -->\n<title>C\u00e0psula Endosc\u00f2pica de C\u00f2lon - Servidigest<\/title>\n<meta name=\"robots\" content=\"index, follow, max-snippet:-1, max-image-preview:large, max-video-preview:-1\" \/>\n<link rel=\"canonical\" href=\"https:\/\/dev.93-93-113-41.plesk.page\/ca\/producte\/capsula-endoscopica-de-colon\/\" \/>\n<meta property=\"og:locale\" content=\"ca_ES\" \/>\n<meta property=\"og:type\" content=\"article\" \/>\n<meta property=\"og:title\" content=\"C\u00e0psula Endosc\u00f2pica de C\u00f2lon - Servidigest\" \/>\n<meta property=\"og:description\" content=\"La C\u00e0psula Endosc\u00f2pica \u00e9s un m\u00e8tode diagn\u00f2stic no invasiu que explora l&#039;intest\u00ed gruixut de forma m\u00ednimament invasiva, sense necessitat de sedaci\u00f3 ni ingr\u00e9s ambulatori.  La C\u00e0psula Endosc\u00f2pica ha suposat un gran aven\u00e7 en permetre la visualitzaci\u00f3 de l&#039;intest\u00ed gruixut, aconseguint diagnosticar moltes lesions que fins ara passaven desapercebudes.  Finan\u00e7ament  Condicions de contractaci\u00f3 [...]\" \/>\n<meta property=\"og:url\" content=\"https:\/\/dev.93-93-113-41.plesk.page\/ca\/producte\/capsula-endoscopica-de-colon\/\" \/>\n<meta property=\"og:site_name\" content=\"Servidigest\" \/>\n<meta property=\"article:publisher\" content=\"https:\/\/www.facebook.com\/servidigest\" \/>\n<meta property=\"og:image\" content=\"https:\/\/dev.93-93-113-41.plesk.page\/wp-content\/uploads\/2018\/03\/capsula-endoscopica-de-colon.jpg\" \/>\n\t<meta property=\"og:image:width\" content=\"470\" \/>\n\t<meta property=\"og:image:height\" content=\"330\" \/>\n\t<meta property=\"og:image:type\" content=\"image\/jpeg\" \/>\n<meta name=\"twitter:card\" content=\"summary_large_image\" \/>\n<meta name=\"twitter:site\" content=\"@servidigest\" \/>\n<meta name=\"twitter:label1\" content=\"Est. reading time\" \/>\n\t<meta name=\"twitter:data1\" content=\"1 minute\" \/>\n<script type=\"application\/ld+json\" class=\"yoast-schema-graph\">{\"@context\":\"https:\/\/schema.org\",\"@graph\":[{\"@type\":\"WebPage\",\"@id\":\"https:\/\/dev.93-93-113-41.plesk.page\/ca\/producte\/capsula-endoscopica-de-colon\/\",\"url\":\"https:\/\/dev.93-93-113-41.plesk.page\/ca\/producte\/capsula-endoscopica-de-colon\/\",\"name\":\"C\u00e0psula Endosc\u00f2pica de C\u00f2lon - Servidigest\",\"isPartOf\":{\"@id\":\"https:\/\/dev.93-93-113-41.plesk.page\/ca\/#website\"},\"primaryImageOfPage\":{\"@id\":\"https:\/\/dev.93-93-113-41.plesk.page\/ca\/producte\/capsula-endoscopica-de-colon\/#primaryimage\"},\"image\":{\"@id\":\"https:\/\/dev.93-93-113-41.plesk.page\/ca\/producte\/capsula-endoscopica-de-colon\/#primaryimage\"},\"thumbnailUrl\":\"https:\/\/dev.93-93-113-41.plesk.page\/wp-content\/uploads\/2018\/03\/capsula-endoscopica-de-colon.jpg\",\"datePublished\":\"2024-03-12T11:16:53+00:00\",\"dateModified\":\"2024-03-12T11:16:53+00:00\",\"breadcrumb\":{\"@id\":\"https:\/\/dev.93-93-113-41.plesk.page\/ca\/producte\/capsula-endoscopica-de-colon\/#breadcrumb\"},\"inLanguage\":\"ca\",\"potentialAction\":[{\"@type\":\"ReadAction\",\"target\":[\"https:\/\/dev.93-93-113-41.plesk.page\/ca\/producte\/capsula-endoscopica-de-colon\/\"]}]},{\"@type\":\"ImageObject\",\"inLanguage\":\"ca\",\"@id\":\"https:\/\/dev.93-93-113-41.plesk.page\/ca\/producte\/capsula-endoscopica-de-colon\/#primaryimage\",\"url\":\"https:\/\/dev.93-93-113-41.plesk.page\/wp-content\/uploads\/2018\/03\/capsula-endoscopica-de-colon.jpg\",\"contentUrl\":\"https:\/\/dev.93-93-113-41.plesk.page\/wp-content\/uploads\/2018\/03\/capsula-endoscopica-de-colon.jpg\",\"width\":470,\"height\":330,\"caption\":\"c\u00e0psula endosc\u00f2pica de c\u00f2lon\"},{\"@type\":\"BreadcrumbList\",\"@id\":\"https:\/\/dev.93-93-113-41.plesk.page\/ca\/producte\/capsula-endoscopica-de-colon\/#breadcrumb\",\"itemListElement\":[{\"@type\":\"ListItem\",\"position\":1,\"name\":\"Tienda\",\"item\":\"https:\/\/dev.93-93-113-41.plesk.page\/ca\/tenda\/\"},{\"@type\":\"ListItem\",\"position\":2,\"name\":\"C\u00e0psula Endosc\u00f2pica de C\u00f2lon\"}]},{\"@type\":\"WebSite\",\"@id\":\"https:\/\/dev.93-93-113-41.plesk.page\/ca\/#website\",\"url\":\"https:\/\/dev.93-93-113-41.plesk.page\/ca\/\",\"name\":\"Servidigest\",\"description\":\"\",\"publisher\":{\"@id\":\"https:\/\/dev.93-93-113-41.plesk.page\/ca\/#organization\"},\"potentialAction\":[{\"@type\":\"SearchAction\",\"target\":{\"@type\":\"EntryPoint\",\"urlTemplate\":\"https:\/\/dev.93-93-113-41.plesk.page\/ca\/?s={search_term_string}\"},\"query-input\":\"required name=search_term_string\"}],\"inLanguage\":\"ca\"},{\"@type\":\"Organization\",\"@id\":\"https:\/\/dev.93-93-113-41.plesk.page\/ca\/#organization\",\"name\":\"Servidigest\",\"url\":\"https:\/\/dev.93-93-113-41.plesk.page\/ca\/\",\"logo\":{\"@type\":\"ImageObject\",\"inLanguage\":\"ca\",\"@id\":\"https:\/\/dev.93-93-113-41.plesk.page\/ca\/#\/schema\/logo\/image\/\",\"url\":\"https:\/\/dev.93-93-113-41.plesk.page\/wp-content\/uploads\/2024\/01\/servidigest.png\",\"contentUrl\":\"https:\/\/dev.93-93-113-41.plesk.page\/wp-content\/uploads\/2024\/01\/servidigest.png\",\"width\":808,\"height\":88,\"caption\":\"Servidigest\"},\"image\":{\"@id\":\"https:\/\/dev.93-93-113-41.plesk.page\/ca\/#\/schema\/logo\/image\/\"},\"sameAs\":[\"https:\/\/www.facebook.com\/servidigest\",\"https:\/\/x.com\/servidigest\"]}]}<\/script>\n<!-- \/ Yoast SEO plugin. -->","yoast_head_json":{"title":"C\u00e0psula Endosc\u00f2pica de C\u00f2lon - Servidigest","robots":{"index":"index","follow":"follow","max-snippet":"max-snippet:-1","max-image-preview":"max-image-preview:large","max-video-preview":"max-video-preview:-1"},"canonical":"https:\/\/dev.93-93-113-41.plesk.page\/ca\/producte\/capsula-endoscopica-de-colon\/","og_locale":"ca_ES","og_type":"article","og_title":"C\u00e0psula Endosc\u00f2pica de C\u00f2lon - Servidigest","og_description":"La C\u00e0psula Endosc\u00f2pica \u00e9s un m\u00e8tode diagn\u00f2stic no invasiu que explora l'intest\u00ed gruixut de forma m\u00ednimament invasiva, sense necessitat de sedaci\u00f3 ni ingr\u00e9s ambulatori.  La C\u00e0psula Endosc\u00f2pica ha suposat un gran aven\u00e7 en permetre la visualitzaci\u00f3 de l'intest\u00ed gruixut, aconseguint diagnosticar moltes lesions que fins ara passaven desapercebudes.  Finan\u00e7ament  Condicions de contractaci\u00f3 [...]","og_url":"https:\/\/dev.93-93-113-41.plesk.page\/ca\/producte\/capsula-endoscopica-de-colon\/","og_site_name":"Servidigest","article_publisher":"https:\/\/www.facebook.com\/servidigest","og_image":[{"width":470,"height":330,"url":"https:\/\/dev.93-93-113-41.plesk.page\/wp-content\/uploads\/2018\/03\/capsula-endoscopica-de-colon.jpg","type":"image\/jpeg"}],"twitter_card":"summary_large_image","twitter_site":"@servidigest","twitter_misc":{"Est. reading time":"1 minute"},"schema":{"@context":"https:\/\/schema.org","@graph":[{"@type":"WebPage","@id":"https:\/\/dev.93-93-113-41.plesk.page\/ca\/producte\/capsula-endoscopica-de-colon\/","url":"https:\/\/dev.93-93-113-41.plesk.page\/ca\/producte\/capsula-endoscopica-de-colon\/","name":"C\u00e0psula Endosc\u00f2pica de C\u00f2lon - Servidigest","isPartOf":{"@id":"https:\/\/dev.93-93-113-41.plesk.page\/ca\/#website"},"primaryImageOfPage":{"@id":"https:\/\/dev.93-93-113-41.plesk.page\/ca\/producte\/capsula-endoscopica-de-colon\/#primaryimage"},"image":{"@id":"https:\/\/dev.93-93-113-41.plesk.page\/ca\/producte\/capsula-endoscopica-de-colon\/#primaryimage"},"thumbnailUrl":"https:\/\/dev.93-93-113-41.plesk.page\/wp-content\/uploads\/2018\/03\/capsula-endoscopica-de-colon.jpg","datePublished":"2024-03-12T11:16:53+00:00","dateModified":"2024-03-12T11:16:53+00:00","breadcrumb":{"@id":"https:\/\/dev.93-93-113-41.plesk.page\/ca\/producte\/capsula-endoscopica-de-colon\/#breadcrumb"},"inLanguage":"ca","potentialAction":[{"@type":"ReadAction","target":["https:\/\/dev.93-93-113-41.plesk.page\/ca\/producte\/capsula-endoscopica-de-colon\/"]}]},{"@type":"ImageObject","inLanguage":"ca","@id":"https:\/\/dev.93-93-113-41.plesk.page\/ca\/producte\/capsula-endoscopica-de-colon\/#primaryimage","url":"https:\/\/dev.93-93-113-41.plesk.page\/wp-content\/uploads\/2018\/03\/capsula-endoscopica-de-colon.jpg","contentUrl":"https:\/\/dev.93-93-113-41.plesk.page\/wp-content\/uploads\/2018\/03\/capsula-endoscopica-de-colon.jpg","width":470,"height":330,"caption":"c\u00e0psula endosc\u00f2pica de c\u00f2lon"},{"@type":"BreadcrumbList","@id":"https:\/\/dev.93-93-113-41.plesk.page\/ca\/producte\/capsula-endoscopica-de-colon\/#breadcrumb","itemListElement":[{"@type":"ListItem","position":1,"name":"Tienda","item":"https:\/\/dev.93-93-113-41.plesk.page\/ca\/tenda\/"},{"@type":"ListItem","position":2,"name":"C\u00e0psula Endosc\u00f2pica de C\u00f2lon"}]},{"@type":"WebSite","@id":"https:\/\/dev.93-93-113-41.plesk.page\/ca\/#website","url":"https:\/\/dev.93-93-113-41.plesk.page\/ca\/","name":"Servidigest","description":"","publisher":{"@id":"https:\/\/dev.93-93-113-41.plesk.page\/ca\/#organization"},"potentialAction":[{"@type":"SearchAction","target":{"@type":"EntryPoint","urlTemplate":"https:\/\/dev.93-93-113-41.plesk.page\/ca\/?s={search_term_string}"},"query-input":"required name=search_term_string"}],"inLanguage":"ca"},{"@type":"Organization","@id":"https:\/\/dev.93-93-113-41.plesk.page\/ca\/#organization","name":"Servidigest","url":"https:\/\/dev.93-93-113-41.plesk.page\/ca\/","logo":{"@type":"ImageObject","inLanguage":"ca","@id":"https:\/\/dev.93-93-113-41.plesk.page\/ca\/#\/schema\/logo\/image\/","url":"https:\/\/dev.93-93-113-41.plesk.page\/wp-content\/uploads\/2024\/01\/servidigest.png","contentUrl":"https:\/\/dev.93-93-113-41.plesk.page\/wp-content\/uploads\/2024\/01\/servidigest.png","width":808,"height":88,"caption":"Servidigest"},"image":{"@id":"https:\/\/dev.93-93-113-41.plesk.page\/ca\/#\/schema\/logo\/image\/"},"sameAs":["https:\/\/www.facebook.com\/servidigest","https:\/\/x.com\/servidigest"]}]}},"_links":{"self":[{"href":"https:\/\/dev.93-93-113-41.plesk.page\/ca\/wp-json\/wp\/v2\/product\/38347","targetHints":{"allow":["GET"]}}],"collection":[{"href":"https:\/\/dev.93-93-113-41.plesk.page\/ca\/wp-json\/wp\/v2\/product"}],"about":[{"href":"https:\/\/dev.93-93-113-41.plesk.page\/ca\/wp-json\/wp\/v2\/types\/product"}],"replies":[{"embeddable":true,"href":"https:\/\/dev.93-93-113-41.plesk.page\/ca\/wp-json\/wp\/v2\/comments?post=38347"}],"wp:featuredmedia":[{"embeddable":true,"href":"https:\/\/dev.93-93-113-41.plesk.page\/ca\/wp-json\/wp\/v2\/media\/36835"}],"wp:attachment":[{"href":"https:\/\/dev.93-93-113-41.plesk.page\/ca\/wp-json\/wp\/v2\/media?parent=38347"}],"wp:term":[{"taxonomy":"product_cat","embeddable":true,"href":"https:\/\/dev.93-93-113-41.plesk.page\/ca\/wp-json\/wp\/v2\/product_cat?post=38347"},{"taxonomy":"product_tag","embeddable":true,"href":"https:\/\/dev.93-93-113-41.plesk.page\/ca\/wp-json\/wp\/v2\/product_tag?post=38347"}],"curies":[{"name":"wp","href":"https:\/\/api.w.org\/{rel}","templated":true}]}}