{"id":38345,"date":"2024-03-12T12:16:54","date_gmt":"2024-03-12T11:16:54","guid":{"rendered":"https:\/\/dev.93-93-113-41.plesk.page\/producto\/gastroscopia-digestiva-colonoscopia\/"},"modified":"2024-03-12T12:16:54","modified_gmt":"2024-03-12T11:16:54","slug":"gastroscopia-digestiva-colonoscopia","status":"publish","type":"product","link":"https:\/\/dev.93-93-113-41.plesk.page\/ca\/producte\/gastroscopia-digestiva-colonoscopia\/","title":{"rendered":"Gastrosc\u00f2pia digestiva + Colonosc\u00f2pia"},"content":{"rendered":"<h2>Gastrosc\u00f2pia digestiva + Colonosc\u00f2pia<\/h2>\n<p>La <strong>Gastrosc\u00f2pia<\/strong> i la <strong>Colonosc\u00f2pia<\/strong> s\u00f3n unes proves de capital import\u00e0ncia en el diagn\u00f2stic i la prevenci\u00f3 del c\u00e0ncer digestiu possibilitant una exploraci\u00f3 detallada aconseguint identificar clarament les lesions que puguin existir, permetent la presa de bi\u00f2psies i realitzar els procediments complementaris terap\u00e8utics que siguin necessaris.<\/p>\n<p>S\u00f3n procediments diagn\u00f2stics segurs i efica\u00e7os que permeten el diagn\u00f2stic de malalties digestives.<\/p>\n<h2><strong>Per qu\u00e8 \u00e9s tan important la Prevenci\u00f3 del c\u00e0ncer digestiu?<\/strong><\/h2>\n<p>La prevenci\u00f3 de les malalties digestives i metab\u00f2liques s\u00f3n de vital import\u00e0ncia per identificar els senyals d&#8217;alarma davant d&#8217;aquestes patologies i per mantenir un estat de salut favorable.<\/p>\n<p>Aquestes t\u00e8cniques es realitzen de forma ambulat\u00f2ria i sota sedaci\u00f3, per la qual cosa el pacient no sent dolor durant el procediment.<\/p>\n<p><a href=\"https:\/\/dev.93-93-113-41.plesk.page\/ca\/servicios\/endoscopia-digestiva\/gastroscopia\/\">M\u00e9s informaci\u00f3 sobre la Gastrosc\u00f2pia<\/a><\/p>\n<p><a href=\"https:\/\/dev.93-93-113-41.plesk.page\/ca\/servicios\/endoscopia-digestiva\/colonoscopia\/\">M\u00e9s informaci\u00f3 sobre la Colonosc\u00f2pia<\/a><\/p>\n","protected":false},"excerpt":{"rendered":"<div class=\"mh-excerpt\"><p>T\u00e8cniques diagn\u00f2stiques per a la prevenci\u00f3 i detecci\u00f3 preco\u00e7 del c\u00e0ncer digestiu.<\/p>\n<p>El tractament m\u00e9s efica\u00e7 del c\u00e0ncer digestiu rau en la prevenci\u00f3.<\/p>\n<p>La gran import\u00e0ncia de la prevenci\u00f3 inclou la detecci\u00f3 preco\u00e7 de lesions en estat premaligne mitjan\u00e7ant la realitzaci\u00f3 d&#8217;una gastrosc\u00f2pia i una colonosc\u00f2pia, estudis endosc\u00f2pics fonamentals per determinar malalties digestives.<\/p>\n<p><a href=\"https:\/\/dev.93-93-113-41.plesk.page\/financiacion\/\" target=\"_blank\" rel=\"noopener noreferrer\">Finan\u00e7ament<\/a><\/p>\n<p><a href=\"https:\/\/dev.93-93-113-41.plesk.page\/condiciones-generales-de-contratacion\/\" target=\"_blank\" rel=\"noopener noreferrer\">Condicions de contractaci\u00f3<\/a> <a class=\"mh-excerpt-more\" href=\"https:\/\/dev.93-93-113-41.plesk.page\/ca\/producte\/gastroscopia-digestiva-colonoscopia\/\" title=\"Gastrosc\u00f2pia digestiva + Colonosc\u00f2pia\">[&#8230;]<\/a><\/p>\n<\/div>","protected":false},"featured_media":22956,"comment_status":"closed","ping_status":"closed","template":"","meta":[],"product_cat":[912],"product_tag":[],"class_list":{"0":"post-38345","1":"product","2":"type-product","3":"status-publish","4":"has-post-thumbnail","6":"product_cat-revisions-mediques","8":"first","9":"instock","10":"virtual","11":"purchasable","12":"product-type-simple"},"yoast_head":"<!-- This site is optimized with the Yoast SEO plugin v22.6 - https:\/\/yoast.com\/wordpress\/plugins\/seo\/ -->\n<title>Gastrosc\u00f2pia digestiva + Colonosc\u00f2pia - Servidigest<\/title>\n<meta name=\"robots\" content=\"index, follow, max-snippet:-1, max-image-preview:large, max-video-preview:-1\" \/>\n<link rel=\"canonical\" href=\"https:\/\/dev.93-93-113-41.plesk.page\/ca\/producte\/gastroscopia-digestiva-colonoscopia\/\" \/>\n<meta property=\"og:locale\" content=\"ca_ES\" \/>\n<meta property=\"og:type\" content=\"article\" \/>\n<meta property=\"og:title\" content=\"Gastrosc\u00f2pia digestiva + Colonosc\u00f2pia - Servidigest\" \/>\n<meta property=\"og:description\" content=\"T\u00e8cniques diagn\u00f2stiques per a la prevenci\u00f3 i detecci\u00f3 preco\u00e7 del c\u00e0ncer digestiu.  El tractament m\u00e9s efica\u00e7 del c\u00e0ncer digestiu rau en la prevenci\u00f3.  La gran import\u00e0ncia de la prevenci\u00f3 inclou la detecci\u00f3 preco\u00e7 de lesions en estat premaligne mitjan\u00e7ant la realitzaci\u00f3 d&#039;una gastrosc\u00f2pia i una colonosc\u00f2pia, estudis endosc\u00f2pics fonamentals per determinar malalties digestives.  Finan\u00e7ament  Condicions de contractaci\u00f3 [...]\" \/>\n<meta property=\"og:url\" content=\"https:\/\/dev.93-93-113-41.plesk.page\/ca\/producte\/gastroscopia-digestiva-colonoscopia\/\" \/>\n<meta property=\"og:site_name\" content=\"Servidigest\" \/>\n<meta property=\"article:publisher\" content=\"https:\/\/www.facebook.com\/servidigest\" \/>\n<meta property=\"og:image\" content=\"https:\/\/dev.93-93-113-41.plesk.page\/wp-content\/uploads\/2018\/11\/PANENDO-COLONO-1-1-1.jpg\" \/>\n\t<meta property=\"og:image:width\" content=\"470\" \/>\n\t<meta property=\"og:image:height\" content=\"330\" \/>\n\t<meta property=\"og:image:type\" content=\"image\/jpeg\" \/>\n<meta name=\"twitter:card\" content=\"summary_large_image\" \/>\n<meta name=\"twitter:site\" content=\"@servidigest\" \/>\n<meta name=\"twitter:label1\" content=\"Est. reading time\" \/>\n\t<meta name=\"twitter:data1\" content=\"1 minute\" \/>\n<script type=\"application\/ld+json\" class=\"yoast-schema-graph\">{\"@context\":\"https:\/\/schema.org\",\"@graph\":[{\"@type\":\"WebPage\",\"@id\":\"https:\/\/dev.93-93-113-41.plesk.page\/ca\/producte\/gastroscopia-digestiva-colonoscopia\/\",\"url\":\"https:\/\/dev.93-93-113-41.plesk.page\/ca\/producte\/gastroscopia-digestiva-colonoscopia\/\",\"name\":\"Gastrosc\u00f2pia digestiva + Colonosc\u00f2pia - Servidigest\",\"isPartOf\":{\"@id\":\"https:\/\/dev.93-93-113-41.plesk.page\/ca\/#website\"},\"primaryImageOfPage\":{\"@id\":\"https:\/\/dev.93-93-113-41.plesk.page\/ca\/producte\/gastroscopia-digestiva-colonoscopia\/#primaryimage\"},\"image\":{\"@id\":\"https:\/\/dev.93-93-113-41.plesk.page\/ca\/producte\/gastroscopia-digestiva-colonoscopia\/#primaryimage\"},\"thumbnailUrl\":\"https:\/\/dev.93-93-113-41.plesk.page\/wp-content\/uploads\/2018\/11\/PANENDO-COLONO-1-1-1.jpg\",\"datePublished\":\"2024-03-12T11:16:54+00:00\",\"dateModified\":\"2024-03-12T11:16:54+00:00\",\"breadcrumb\":{\"@id\":\"https:\/\/dev.93-93-113-41.plesk.page\/ca\/producte\/gastroscopia-digestiva-colonoscopia\/#breadcrumb\"},\"inLanguage\":\"ca\",\"potentialAction\":[{\"@type\":\"ReadAction\",\"target\":[\"https:\/\/dev.93-93-113-41.plesk.page\/ca\/producte\/gastroscopia-digestiva-colonoscopia\/\"]}]},{\"@type\":\"ImageObject\",\"inLanguage\":\"ca\",\"@id\":\"https:\/\/dev.93-93-113-41.plesk.page\/ca\/producte\/gastroscopia-digestiva-colonoscopia\/#primaryimage\",\"url\":\"https:\/\/dev.93-93-113-41.plesk.page\/wp-content\/uploads\/2018\/11\/PANENDO-COLONO-1-1-1.jpg\",\"contentUrl\":\"https:\/\/dev.93-93-113-41.plesk.page\/wp-content\/uploads\/2018\/11\/PANENDO-COLONO-1-1-1.jpg\",\"width\":470,\"height\":330,\"caption\":\"Gastrosc\u00f2pia + Colonosc\u00f2pia a Barcelona. Cl\u00ednica Servidigest.\"},{\"@type\":\"BreadcrumbList\",\"@id\":\"https:\/\/dev.93-93-113-41.plesk.page\/ca\/producte\/gastroscopia-digestiva-colonoscopia\/#breadcrumb\",\"itemListElement\":[{\"@type\":\"ListItem\",\"position\":1,\"name\":\"Tienda\",\"item\":\"https:\/\/dev.93-93-113-41.plesk.page\/ca\/tenda\/\"},{\"@type\":\"ListItem\",\"position\":2,\"name\":\"Gastrosc\u00f2pia digestiva + Colonosc\u00f2pia\"}]},{\"@type\":\"WebSite\",\"@id\":\"https:\/\/dev.93-93-113-41.plesk.page\/ca\/#website\",\"url\":\"https:\/\/dev.93-93-113-41.plesk.page\/ca\/\",\"name\":\"Servidigest\",\"description\":\"\",\"publisher\":{\"@id\":\"https:\/\/dev.93-93-113-41.plesk.page\/ca\/#organization\"},\"potentialAction\":[{\"@type\":\"SearchAction\",\"target\":{\"@type\":\"EntryPoint\",\"urlTemplate\":\"https:\/\/dev.93-93-113-41.plesk.page\/ca\/?s={search_term_string}\"},\"query-input\":\"required name=search_term_string\"}],\"inLanguage\":\"ca\"},{\"@type\":\"Organization\",\"@id\":\"https:\/\/dev.93-93-113-41.plesk.page\/ca\/#organization\",\"name\":\"Servidigest\",\"url\":\"https:\/\/dev.93-93-113-41.plesk.page\/ca\/\",\"logo\":{\"@type\":\"ImageObject\",\"inLanguage\":\"ca\",\"@id\":\"https:\/\/dev.93-93-113-41.plesk.page\/ca\/#\/schema\/logo\/image\/\",\"url\":\"https:\/\/dev.93-93-113-41.plesk.page\/wp-content\/uploads\/2024\/01\/servidigest.png\",\"contentUrl\":\"https:\/\/dev.93-93-113-41.plesk.page\/wp-content\/uploads\/2024\/01\/servidigest.png\",\"width\":808,\"height\":88,\"caption\":\"Servidigest\"},\"image\":{\"@id\":\"https:\/\/dev.93-93-113-41.plesk.page\/ca\/#\/schema\/logo\/image\/\"},\"sameAs\":[\"https:\/\/www.facebook.com\/servidigest\",\"https:\/\/x.com\/servidigest\"]}]}<\/script>\n<!-- \/ Yoast SEO plugin. -->","yoast_head_json":{"title":"Gastrosc\u00f2pia digestiva + Colonosc\u00f2pia - Servidigest","robots":{"index":"index","follow":"follow","max-snippet":"max-snippet:-1","max-image-preview":"max-image-preview:large","max-video-preview":"max-video-preview:-1"},"canonical":"https:\/\/dev.93-93-113-41.plesk.page\/ca\/producte\/gastroscopia-digestiva-colonoscopia\/","og_locale":"ca_ES","og_type":"article","og_title":"Gastrosc\u00f2pia digestiva + Colonosc\u00f2pia - Servidigest","og_description":"T\u00e8cniques diagn\u00f2stiques per a la prevenci\u00f3 i detecci\u00f3 preco\u00e7 del c\u00e0ncer digestiu.  El tractament m\u00e9s efica\u00e7 del c\u00e0ncer digestiu rau en la prevenci\u00f3.  La gran import\u00e0ncia de la prevenci\u00f3 inclou la detecci\u00f3 preco\u00e7 de lesions en estat premaligne mitjan\u00e7ant la realitzaci\u00f3 d'una gastrosc\u00f2pia i una colonosc\u00f2pia, estudis endosc\u00f2pics fonamentals per determinar malalties digestives.  Finan\u00e7ament  Condicions de contractaci\u00f3 [...]","og_url":"https:\/\/dev.93-93-113-41.plesk.page\/ca\/producte\/gastroscopia-digestiva-colonoscopia\/","og_site_name":"Servidigest","article_publisher":"https:\/\/www.facebook.com\/servidigest","og_image":[{"width":470,"height":330,"url":"https:\/\/dev.93-93-113-41.plesk.page\/wp-content\/uploads\/2018\/11\/PANENDO-COLONO-1-1-1.jpg","type":"image\/jpeg"}],"twitter_card":"summary_large_image","twitter_site":"@servidigest","twitter_misc":{"Est. reading time":"1 minute"},"schema":{"@context":"https:\/\/schema.org","@graph":[{"@type":"WebPage","@id":"https:\/\/dev.93-93-113-41.plesk.page\/ca\/producte\/gastroscopia-digestiva-colonoscopia\/","url":"https:\/\/dev.93-93-113-41.plesk.page\/ca\/producte\/gastroscopia-digestiva-colonoscopia\/","name":"Gastrosc\u00f2pia digestiva + Colonosc\u00f2pia - Servidigest","isPartOf":{"@id":"https:\/\/dev.93-93-113-41.plesk.page\/ca\/#website"},"primaryImageOfPage":{"@id":"https:\/\/dev.93-93-113-41.plesk.page\/ca\/producte\/gastroscopia-digestiva-colonoscopia\/#primaryimage"},"image":{"@id":"https:\/\/dev.93-93-113-41.plesk.page\/ca\/producte\/gastroscopia-digestiva-colonoscopia\/#primaryimage"},"thumbnailUrl":"https:\/\/dev.93-93-113-41.plesk.page\/wp-content\/uploads\/2018\/11\/PANENDO-COLONO-1-1-1.jpg","datePublished":"2024-03-12T11:16:54+00:00","dateModified":"2024-03-12T11:16:54+00:00","breadcrumb":{"@id":"https:\/\/dev.93-93-113-41.plesk.page\/ca\/producte\/gastroscopia-digestiva-colonoscopia\/#breadcrumb"},"inLanguage":"ca","potentialAction":[{"@type":"ReadAction","target":["https:\/\/dev.93-93-113-41.plesk.page\/ca\/producte\/gastroscopia-digestiva-colonoscopia\/"]}]},{"@type":"ImageObject","inLanguage":"ca","@id":"https:\/\/dev.93-93-113-41.plesk.page\/ca\/producte\/gastroscopia-digestiva-colonoscopia\/#primaryimage","url":"https:\/\/dev.93-93-113-41.plesk.page\/wp-content\/uploads\/2018\/11\/PANENDO-COLONO-1-1-1.jpg","contentUrl":"https:\/\/dev.93-93-113-41.plesk.page\/wp-content\/uploads\/2018\/11\/PANENDO-COLONO-1-1-1.jpg","width":470,"height":330,"caption":"Gastrosc\u00f2pia + Colonosc\u00f2pia a Barcelona. Cl\u00ednica Servidigest."},{"@type":"BreadcrumbList","@id":"https:\/\/dev.93-93-113-41.plesk.page\/ca\/producte\/gastroscopia-digestiva-colonoscopia\/#breadcrumb","itemListElement":[{"@type":"ListItem","position":1,"name":"Tienda","item":"https:\/\/dev.93-93-113-41.plesk.page\/ca\/tenda\/"},{"@type":"ListItem","position":2,"name":"Gastrosc\u00f2pia digestiva + Colonosc\u00f2pia"}]},{"@type":"WebSite","@id":"https:\/\/dev.93-93-113-41.plesk.page\/ca\/#website","url":"https:\/\/dev.93-93-113-41.plesk.page\/ca\/","name":"Servidigest","description":"","publisher":{"@id":"https:\/\/dev.93-93-113-41.plesk.page\/ca\/#organization"},"potentialAction":[{"@type":"SearchAction","target":{"@type":"EntryPoint","urlTemplate":"https:\/\/dev.93-93-113-41.plesk.page\/ca\/?s={search_term_string}"},"query-input":"required name=search_term_string"}],"inLanguage":"ca"},{"@type":"Organization","@id":"https:\/\/dev.93-93-113-41.plesk.page\/ca\/#organization","name":"Servidigest","url":"https:\/\/dev.93-93-113-41.plesk.page\/ca\/","logo":{"@type":"ImageObject","inLanguage":"ca","@id":"https:\/\/dev.93-93-113-41.plesk.page\/ca\/#\/schema\/logo\/image\/","url":"https:\/\/dev.93-93-113-41.plesk.page\/wp-content\/uploads\/2024\/01\/servidigest.png","contentUrl":"https:\/\/dev.93-93-113-41.plesk.page\/wp-content\/uploads\/2024\/01\/servidigest.png","width":808,"height":88,"caption":"Servidigest"},"image":{"@id":"https:\/\/dev.93-93-113-41.plesk.page\/ca\/#\/schema\/logo\/image\/"},"sameAs":["https:\/\/www.facebook.com\/servidigest","https:\/\/x.com\/servidigest"]}]}},"_links":{"self":[{"href":"https:\/\/dev.93-93-113-41.plesk.page\/ca\/wp-json\/wp\/v2\/product\/38345","targetHints":{"allow":["GET"]}}],"collection":[{"href":"https:\/\/dev.93-93-113-41.plesk.page\/ca\/wp-json\/wp\/v2\/product"}],"about":[{"href":"https:\/\/dev.93-93-113-41.plesk.page\/ca\/wp-json\/wp\/v2\/types\/product"}],"replies":[{"embeddable":true,"href":"https:\/\/dev.93-93-113-41.plesk.page\/ca\/wp-json\/wp\/v2\/comments?post=38345"}],"wp:featuredmedia":[{"embeddable":true,"href":"https:\/\/dev.93-93-113-41.plesk.page\/ca\/wp-json\/wp\/v2\/media\/22956"}],"wp:attachment":[{"href":"https:\/\/dev.93-93-113-41.plesk.page\/ca\/wp-json\/wp\/v2\/media?parent=38345"}],"wp:term":[{"taxonomy":"product_cat","embeddable":true,"href":"https:\/\/dev.93-93-113-41.plesk.page\/ca\/wp-json\/wp\/v2\/product_cat?post=38345"},{"taxonomy":"product_tag","embeddable":true,"href":"https:\/\/dev.93-93-113-41.plesk.page\/ca\/wp-json\/wp\/v2\/product_tag?post=38345"}],"curies":[{"name":"wp","href":"https:\/\/api.w.org\/{rel}","templated":true}]}}