{"id":38343,"date":"2024-03-12T12:16:54","date_gmt":"2024-03-12T11:16:54","guid":{"rendered":"https:\/\/dev.93-93-113-41.plesk.page\/producto\/estudi-genetic-lipid-incode\/"},"modified":"2024-03-12T12:16:54","modified_gmt":"2024-03-12T11:16:54","slug":"estudi-genetic-lipid-incode","status":"publish","type":"product","link":"https:\/\/dev.93-93-113-41.plesk.page\/ca\/producte\/estudi-genetic-lipid-incode\/","title":{"rendered":"Estudi gen\u00e8tic Lipid inCode"},"content":{"rendered":"<p><strong>La Hipercolesterol\u00e8mia Familiar \u00e9s un trastorn gen\u00e8tic freq\u00fcent<\/strong> , que es manifesta per nivells elevats de colesterol LDL a la sang.<\/p>\n<p>Els individus amb aquesta patologia s\u00f3n considerats pacients d&#8217;alt risc cardiovascular, ja que solen presentar malalties cardiovasculars a edat primerenca (&lt; 55 anys), com ara infart de miocardi i ictus.<\/p>\n<p><strong>Lipid inCode<\/strong> analitza els gens d&#8217;inter\u00e8s lligats a Hipercolesterol\u00e8mia Familiar, Hipercolesterol\u00e8mia Autos\u00f2mica Recessiva i Defici\u00e8ncia en Lipasa \u00c0cida Lisos\u00f2mica, i els caracteritza a nivell funcional.<\/p>\n<p>En cas que, en la primera persona d&#8217;una fam\u00edlia a analitzar-se (anomenat Cas \u00cdndex), s&#8217;hagi identificat una o diverses variants gen\u00e8tiques d&#8217;inter\u00e8s, es recomana fer sempre un diagn\u00f2stic en cascada familiar.<\/p>\n<p>An\u00e0lisi de Familiars per al diagn\u00f2stic de la Hipercolesterol\u00e8mia Familiar 200 \u20ac<\/p>\n<p><a href=\"https:\/\/dev.93-93-113-41.plesk.page\/ca\/servicios\/estudio-genetico-preventivo\/lipid-incode\/\">Veure m\u00e9s sobre lestudi gen\u00e8tic Lipid inCode<\/a><\/p>\n","protected":false},"excerpt":{"rendered":"<div class=\"mh-excerpt\"><p>Cl\u00ednica ServiDigest incorpora el Lipid inCode a la Unitat de Gen\u00e8tica, un estudi gen\u00e8tic per al diagn\u00f2stic de la Hipercolesterol\u00e8mia Familiar.<\/p>\n<p><a href=\"https:\/\/dev.93-93-113-41.plesk.page\/financiacion\/\" target=\"_blank\" rel=\"noopener noreferrer\">Finan\u00e7ament<\/a><\/p>\n<p><a href=\"https:\/\/dev.93-93-113-41.plesk.page\/condiciones-generales-de-contratacion\/\" target=\"_blank\" rel=\"noopener noreferrer\">Condicions de contractaci\u00f3<\/a> <a class=\"mh-excerpt-more\" href=\"https:\/\/dev.93-93-113-41.plesk.page\/ca\/producte\/estudi-genetic-lipid-incode\/\" title=\"Estudi gen\u00e8tic Lipid inCode\">[&#8230;]<\/a><\/p>\n<\/div>","protected":false},"featured_media":36846,"comment_status":"closed","ping_status":"closed","template":"","meta":[],"product_cat":[914],"product_tag":[898,899,897,900,901],"class_list":{"0":"post-38343","1":"product","2":"type-product","3":"status-publish","4":"has-post-thumbnail","6":"product_cat-estudis-genetics","7":"product_tag-colesterol-ca","8":"product_tag-estudi-genetic","9":"product_tag-hipercolesterolemia-ca","10":"product_tag-lipid-incode-ca","11":"product_tag-risc-cardiovascular","13":"first","14":"instock","15":"shipping-taxable","16":"purchasable","17":"product-type-simple"},"yoast_head":"<!-- This site is optimized with the Yoast SEO plugin v22.6 - https:\/\/yoast.com\/wordpress\/plugins\/seo\/ -->\n<title>Estudi gen\u00e8tic Lipid inCode - Servidigest<\/title>\n<meta name=\"robots\" content=\"index, follow, max-snippet:-1, max-image-preview:large, max-video-preview:-1\" \/>\n<link rel=\"canonical\" href=\"https:\/\/dev.93-93-113-41.plesk.page\/ca\/producte\/estudi-genetic-lipid-incode\/\" \/>\n<meta property=\"og:locale\" content=\"ca_ES\" \/>\n<meta property=\"og:type\" content=\"article\" \/>\n<meta property=\"og:title\" content=\"Estudi gen\u00e8tic Lipid inCode - Servidigest\" \/>\n<meta property=\"og:description\" content=\"Cl\u00ednica ServiDigest incorpora el Lipid inCode a la Unitat de Gen\u00e8tica, un estudi gen\u00e8tic per al diagn\u00f2stic de la Hipercolesterol\u00e8mia Familiar.  Finan\u00e7ament  Condicions de contractaci\u00f3 [...]\" \/>\n<meta property=\"og:url\" content=\"https:\/\/dev.93-93-113-41.plesk.page\/ca\/producte\/estudi-genetic-lipid-incode\/\" \/>\n<meta property=\"og:site_name\" content=\"Servidigest\" \/>\n<meta property=\"article:publisher\" content=\"https:\/\/www.facebook.com\/servidigest\" \/>\n<meta property=\"og:image\" content=\"https:\/\/dev.93-93-113-41.plesk.page\/wp-content\/uploads\/2020\/01\/Lipid_inCode.jpg\" \/>\n\t<meta property=\"og:image:width\" content=\"1000\" \/>\n\t<meta property=\"og:image:height\" content=\"550\" \/>\n\t<meta property=\"og:image:type\" content=\"image\/jpeg\" \/>\n<meta name=\"twitter:card\" content=\"summary_large_image\" \/>\n<meta name=\"twitter:site\" content=\"@servidigest\" \/>\n<meta name=\"twitter:label1\" content=\"Est. reading time\" \/>\n\t<meta name=\"twitter:data1\" content=\"1 minute\" \/>\n<script type=\"application\/ld+json\" class=\"yoast-schema-graph\">{\"@context\":\"https:\/\/schema.org\",\"@graph\":[{\"@type\":\"WebPage\",\"@id\":\"https:\/\/dev.93-93-113-41.plesk.page\/ca\/producte\/estudi-genetic-lipid-incode\/\",\"url\":\"https:\/\/dev.93-93-113-41.plesk.page\/ca\/producte\/estudi-genetic-lipid-incode\/\",\"name\":\"Estudi gen\u00e8tic Lipid inCode - Servidigest\",\"isPartOf\":{\"@id\":\"https:\/\/dev.93-93-113-41.plesk.page\/ca\/#website\"},\"primaryImageOfPage\":{\"@id\":\"https:\/\/dev.93-93-113-41.plesk.page\/ca\/producte\/estudi-genetic-lipid-incode\/#primaryimage\"},\"image\":{\"@id\":\"https:\/\/dev.93-93-113-41.plesk.page\/ca\/producte\/estudi-genetic-lipid-incode\/#primaryimage\"},\"thumbnailUrl\":\"https:\/\/dev.93-93-113-41.plesk.page\/wp-content\/uploads\/2020\/01\/Lipid_inCode.jpg\",\"datePublished\":\"2024-03-12T11:16:54+00:00\",\"dateModified\":\"2024-03-12T11:16:54+00:00\",\"breadcrumb\":{\"@id\":\"https:\/\/dev.93-93-113-41.plesk.page\/ca\/producte\/estudi-genetic-lipid-incode\/#breadcrumb\"},\"inLanguage\":\"ca\",\"potentialAction\":[{\"@type\":\"ReadAction\",\"target\":[\"https:\/\/dev.93-93-113-41.plesk.page\/ca\/producte\/estudi-genetic-lipid-incode\/\"]}]},{\"@type\":\"ImageObject\",\"inLanguage\":\"ca\",\"@id\":\"https:\/\/dev.93-93-113-41.plesk.page\/ca\/producte\/estudi-genetic-lipid-incode\/#primaryimage\",\"url\":\"https:\/\/dev.93-93-113-41.plesk.page\/wp-content\/uploads\/2020\/01\/Lipid_inCode.jpg\",\"contentUrl\":\"https:\/\/dev.93-93-113-41.plesk.page\/wp-content\/uploads\/2020\/01\/Lipid_inCode.jpg\",\"width\":1000,\"height\":550},{\"@type\":\"BreadcrumbList\",\"@id\":\"https:\/\/dev.93-93-113-41.plesk.page\/ca\/producte\/estudi-genetic-lipid-incode\/#breadcrumb\",\"itemListElement\":[{\"@type\":\"ListItem\",\"position\":1,\"name\":\"Tienda\",\"item\":\"https:\/\/dev.93-93-113-41.plesk.page\/ca\/tenda\/\"},{\"@type\":\"ListItem\",\"position\":2,\"name\":\"Estudi gen\u00e8tic Lipid inCode\"}]},{\"@type\":\"WebSite\",\"@id\":\"https:\/\/dev.93-93-113-41.plesk.page\/ca\/#website\",\"url\":\"https:\/\/dev.93-93-113-41.plesk.page\/ca\/\",\"name\":\"Servidigest\",\"description\":\"\",\"publisher\":{\"@id\":\"https:\/\/dev.93-93-113-41.plesk.page\/ca\/#organization\"},\"potentialAction\":[{\"@type\":\"SearchAction\",\"target\":{\"@type\":\"EntryPoint\",\"urlTemplate\":\"https:\/\/dev.93-93-113-41.plesk.page\/ca\/?s={search_term_string}\"},\"query-input\":\"required name=search_term_string\"}],\"inLanguage\":\"ca\"},{\"@type\":\"Organization\",\"@id\":\"https:\/\/dev.93-93-113-41.plesk.page\/ca\/#organization\",\"name\":\"Servidigest\",\"url\":\"https:\/\/dev.93-93-113-41.plesk.page\/ca\/\",\"logo\":{\"@type\":\"ImageObject\",\"inLanguage\":\"ca\",\"@id\":\"https:\/\/dev.93-93-113-41.plesk.page\/ca\/#\/schema\/logo\/image\/\",\"url\":\"https:\/\/dev.93-93-113-41.plesk.page\/wp-content\/uploads\/2024\/01\/servidigest.png\",\"contentUrl\":\"https:\/\/dev.93-93-113-41.plesk.page\/wp-content\/uploads\/2024\/01\/servidigest.png\",\"width\":808,\"height\":88,\"caption\":\"Servidigest\"},\"image\":{\"@id\":\"https:\/\/dev.93-93-113-41.plesk.page\/ca\/#\/schema\/logo\/image\/\"},\"sameAs\":[\"https:\/\/www.facebook.com\/servidigest\",\"https:\/\/x.com\/servidigest\"]}]}<\/script>\n<!-- \/ Yoast SEO plugin. -->","yoast_head_json":{"title":"Estudi gen\u00e8tic Lipid inCode - Servidigest","robots":{"index":"index","follow":"follow","max-snippet":"max-snippet:-1","max-image-preview":"max-image-preview:large","max-video-preview":"max-video-preview:-1"},"canonical":"https:\/\/dev.93-93-113-41.plesk.page\/ca\/producte\/estudi-genetic-lipid-incode\/","og_locale":"ca_ES","og_type":"article","og_title":"Estudi gen\u00e8tic Lipid inCode - Servidigest","og_description":"Cl\u00ednica ServiDigest incorpora el Lipid inCode a la Unitat de Gen\u00e8tica, un estudi gen\u00e8tic per al diagn\u00f2stic de la Hipercolesterol\u00e8mia Familiar.  Finan\u00e7ament  Condicions de contractaci\u00f3 [...]","og_url":"https:\/\/dev.93-93-113-41.plesk.page\/ca\/producte\/estudi-genetic-lipid-incode\/","og_site_name":"Servidigest","article_publisher":"https:\/\/www.facebook.com\/servidigest","og_image":[{"width":1000,"height":550,"url":"https:\/\/dev.93-93-113-41.plesk.page\/wp-content\/uploads\/2020\/01\/Lipid_inCode.jpg","type":"image\/jpeg"}],"twitter_card":"summary_large_image","twitter_site":"@servidigest","twitter_misc":{"Est. reading time":"1 minute"},"schema":{"@context":"https:\/\/schema.org","@graph":[{"@type":"WebPage","@id":"https:\/\/dev.93-93-113-41.plesk.page\/ca\/producte\/estudi-genetic-lipid-incode\/","url":"https:\/\/dev.93-93-113-41.plesk.page\/ca\/producte\/estudi-genetic-lipid-incode\/","name":"Estudi gen\u00e8tic Lipid inCode - Servidigest","isPartOf":{"@id":"https:\/\/dev.93-93-113-41.plesk.page\/ca\/#website"},"primaryImageOfPage":{"@id":"https:\/\/dev.93-93-113-41.plesk.page\/ca\/producte\/estudi-genetic-lipid-incode\/#primaryimage"},"image":{"@id":"https:\/\/dev.93-93-113-41.plesk.page\/ca\/producte\/estudi-genetic-lipid-incode\/#primaryimage"},"thumbnailUrl":"https:\/\/dev.93-93-113-41.plesk.page\/wp-content\/uploads\/2020\/01\/Lipid_inCode.jpg","datePublished":"2024-03-12T11:16:54+00:00","dateModified":"2024-03-12T11:16:54+00:00","breadcrumb":{"@id":"https:\/\/dev.93-93-113-41.plesk.page\/ca\/producte\/estudi-genetic-lipid-incode\/#breadcrumb"},"inLanguage":"ca","potentialAction":[{"@type":"ReadAction","target":["https:\/\/dev.93-93-113-41.plesk.page\/ca\/producte\/estudi-genetic-lipid-incode\/"]}]},{"@type":"ImageObject","inLanguage":"ca","@id":"https:\/\/dev.93-93-113-41.plesk.page\/ca\/producte\/estudi-genetic-lipid-incode\/#primaryimage","url":"https:\/\/dev.93-93-113-41.plesk.page\/wp-content\/uploads\/2020\/01\/Lipid_inCode.jpg","contentUrl":"https:\/\/dev.93-93-113-41.plesk.page\/wp-content\/uploads\/2020\/01\/Lipid_inCode.jpg","width":1000,"height":550},{"@type":"BreadcrumbList","@id":"https:\/\/dev.93-93-113-41.plesk.page\/ca\/producte\/estudi-genetic-lipid-incode\/#breadcrumb","itemListElement":[{"@type":"ListItem","position":1,"name":"Tienda","item":"https:\/\/dev.93-93-113-41.plesk.page\/ca\/tenda\/"},{"@type":"ListItem","position":2,"name":"Estudi gen\u00e8tic Lipid inCode"}]},{"@type":"WebSite","@id":"https:\/\/dev.93-93-113-41.plesk.page\/ca\/#website","url":"https:\/\/dev.93-93-113-41.plesk.page\/ca\/","name":"Servidigest","description":"","publisher":{"@id":"https:\/\/dev.93-93-113-41.plesk.page\/ca\/#organization"},"potentialAction":[{"@type":"SearchAction","target":{"@type":"EntryPoint","urlTemplate":"https:\/\/dev.93-93-113-41.plesk.page\/ca\/?s={search_term_string}"},"query-input":"required name=search_term_string"}],"inLanguage":"ca"},{"@type":"Organization","@id":"https:\/\/dev.93-93-113-41.plesk.page\/ca\/#organization","name":"Servidigest","url":"https:\/\/dev.93-93-113-41.plesk.page\/ca\/","logo":{"@type":"ImageObject","inLanguage":"ca","@id":"https:\/\/dev.93-93-113-41.plesk.page\/ca\/#\/schema\/logo\/image\/","url":"https:\/\/dev.93-93-113-41.plesk.page\/wp-content\/uploads\/2024\/01\/servidigest.png","contentUrl":"https:\/\/dev.93-93-113-41.plesk.page\/wp-content\/uploads\/2024\/01\/servidigest.png","width":808,"height":88,"caption":"Servidigest"},"image":{"@id":"https:\/\/dev.93-93-113-41.plesk.page\/ca\/#\/schema\/logo\/image\/"},"sameAs":["https:\/\/www.facebook.com\/servidigest","https:\/\/x.com\/servidigest"]}]}},"_links":{"self":[{"href":"https:\/\/dev.93-93-113-41.plesk.page\/ca\/wp-json\/wp\/v2\/product\/38343","targetHints":{"allow":["GET"]}}],"collection":[{"href":"https:\/\/dev.93-93-113-41.plesk.page\/ca\/wp-json\/wp\/v2\/product"}],"about":[{"href":"https:\/\/dev.93-93-113-41.plesk.page\/ca\/wp-json\/wp\/v2\/types\/product"}],"replies":[{"embeddable":true,"href":"https:\/\/dev.93-93-113-41.plesk.page\/ca\/wp-json\/wp\/v2\/comments?post=38343"}],"wp:featuredmedia":[{"embeddable":true,"href":"https:\/\/dev.93-93-113-41.plesk.page\/ca\/wp-json\/wp\/v2\/media\/36846"}],"wp:attachment":[{"href":"https:\/\/dev.93-93-113-41.plesk.page\/ca\/wp-json\/wp\/v2\/media?parent=38343"}],"wp:term":[{"taxonomy":"product_cat","embeddable":true,"href":"https:\/\/dev.93-93-113-41.plesk.page\/ca\/wp-json\/wp\/v2\/product_cat?post=38343"},{"taxonomy":"product_tag","embeddable":true,"href":"https:\/\/dev.93-93-113-41.plesk.page\/ca\/wp-json\/wp\/v2\/product_tag?post=38343"}],"curies":[{"name":"wp","href":"https:\/\/api.w.org\/{rel}","templated":true}]}}