{"id":38342,"date":"2024-03-12T12:16:54","date_gmt":"2024-03-12T11:16:54","guid":{"rendered":"https:\/\/dev.93-93-113-41.plesk.page\/producto\/manometria-esofagica-dalta-resolucio\/"},"modified":"2024-03-12T12:16:54","modified_gmt":"2024-03-12T11:16:54","slug":"manometria-esofagica-dalta-resolucio","status":"publish","type":"product","link":"https:\/\/dev.93-93-113-41.plesk.page\/ca\/producte\/manometria-esofagica-dalta-resolucio\/","title":{"rendered":"Manometria Esof\u00e0gica d&#8217;Alta Resoluci\u00f3"},"content":{"rendered":"<p>La Manometria d&#8217;Alta Resoluci\u00f3 (MAR) es realitza amb un Cat\u00e8ter d&#8217;avan\u00e7ada tecnologia que disposa de 36 sensors de pressi\u00f3 a menys de dos cent\u00edmetres de dist\u00e0ncia, amb qu\u00e8 s&#8217;estudia la fisiologia anat\u00f2mica de la peristalsi esof\u00e0gica, obtenint un mapa espai-temporal de l&#8217;activitat motora de l&#8217;es\u00f2fag, tant del cos com dels dos esf\u00ednters (inferior i superior) alhora i identifica millor els trastorns motors segmentaris i les relaxacions transit\u00f2ries. En definitiva, aporta nous par\u00e0metres de valoraci\u00f3 i nous criteris de classificaci\u00f3 dels trastorns motors primaris.<\/p>\n<p><a href=\"https:\/\/dev.93-93-113-41.plesk.page\/ca\/servicios\/pruebas-funcionales-digestivas\/manometria-esofagica-alta-resolucion\/\">Ampliar informaci\u00f3 sobre la Manometria Esof\u00e0gica d&#8217;Alta Resoluci\u00f3  <\/a><\/p>\n","protected":false},"excerpt":{"rendered":"<div class=\"mh-excerpt\"><p>Els avantatges de la Manometria Esof\u00e0gica d&#8217;Alta Resoluci\u00f3 respecte als sistemes de manometria convencional per perfusi\u00f3 s\u00f3n, entre d&#8217;altres, un nombre m\u00e9s gran de punts de registre i de par\u00e0metres analitzables amb m\u00e9s eines de c\u00e0lcul.<\/p>\n<p><a href=\"https:\/\/dev.93-93-113-41.plesk.page\/financiacion\/\" target=\"_blank\" rel=\"noopener noreferrer\">Finan\u00e7ament<\/a><\/p>\n<p><a href=\"https:\/\/dev.93-93-113-41.plesk.page\/condiciones-generales-de-contratacion\/\" target=\"_blank\" rel=\"noopener noreferrer\">Condicions de contractaci\u00f3<\/a> <a class=\"mh-excerpt-more\" href=\"https:\/\/dev.93-93-113-41.plesk.page\/ca\/producte\/manometria-esofagica-dalta-resolucio\/\" title=\"Manometria Esof\u00e0gica d&#8217;Alta Resoluci\u00f3\">[&#8230;]<\/a><\/p>\n<\/div>","protected":false},"featured_media":36849,"comment_status":"closed","ping_status":"closed","template":"","meta":[],"product_cat":[916],"product_tag":[],"class_list":{"0":"post-38342","1":"product","2":"type-product","3":"status-publish","4":"has-post-thumbnail","6":"product_cat-proves-mediques","8":"first","9":"instock","10":"virtual","11":"purchasable","12":"product-type-simple"},"yoast_head":"<!-- This site is optimized with the Yoast SEO plugin v22.6 - https:\/\/yoast.com\/wordpress\/plugins\/seo\/ -->\n<title>Manometria Esof\u00e0gica d&#039;Alta Resoluci\u00f3 - Servidigest<\/title>\n<meta name=\"robots\" content=\"index, follow, max-snippet:-1, max-image-preview:large, max-video-preview:-1\" \/>\n<link rel=\"canonical\" href=\"https:\/\/dev.93-93-113-41.plesk.page\/ca\/producte\/manometria-esofagica-dalta-resolucio\/\" \/>\n<meta property=\"og:locale\" content=\"ca_ES\" \/>\n<meta property=\"og:type\" content=\"article\" \/>\n<meta property=\"og:title\" content=\"Manometria Esof\u00e0gica d&#039;Alta Resoluci\u00f3 - Servidigest\" \/>\n<meta property=\"og:description\" content=\"Els avantatges de la Manometria Esof\u00e0gica d&#039;Alta Resoluci\u00f3 respecte als sistemes de manometria convencional per perfusi\u00f3 s\u00f3n, entre d&#039;altres, un nombre m\u00e9s gran de punts de registre i de par\u00e0metres analitzables amb m\u00e9s eines de c\u00e0lcul.  Finan\u00e7ament  Condicions de contractaci\u00f3 [...]\" \/>\n<meta property=\"og:url\" content=\"https:\/\/dev.93-93-113-41.plesk.page\/ca\/producte\/manometria-esofagica-dalta-resolucio\/\" \/>\n<meta property=\"og:site_name\" content=\"Servidigest\" \/>\n<meta property=\"article:publisher\" content=\"https:\/\/www.facebook.com\/servidigest\" \/>\n<meta property=\"og:image\" content=\"https:\/\/dev.93-93-113-41.plesk.page\/wp-content\/uploads\/2020\/01\/manometria-esofagica-alta-resolucion.jpg\" \/>\n\t<meta property=\"og:image:width\" content=\"507\" \/>\n\t<meta property=\"og:image:height\" content=\"338\" \/>\n\t<meta property=\"og:image:type\" content=\"image\/jpeg\" \/>\n<meta name=\"twitter:card\" content=\"summary_large_image\" \/>\n<meta name=\"twitter:site\" content=\"@servidigest\" \/>\n<meta name=\"twitter:label1\" content=\"Est. reading time\" \/>\n\t<meta name=\"twitter:data1\" content=\"1 minute\" \/>\n<script type=\"application\/ld+json\" class=\"yoast-schema-graph\">{\"@context\":\"https:\/\/schema.org\",\"@graph\":[{\"@type\":\"WebPage\",\"@id\":\"https:\/\/dev.93-93-113-41.plesk.page\/ca\/producte\/manometria-esofagica-dalta-resolucio\/\",\"url\":\"https:\/\/dev.93-93-113-41.plesk.page\/ca\/producte\/manometria-esofagica-dalta-resolucio\/\",\"name\":\"Manometria Esof\u00e0gica d'Alta Resoluci\u00f3 - Servidigest\",\"isPartOf\":{\"@id\":\"https:\/\/dev.93-93-113-41.plesk.page\/ca\/#website\"},\"primaryImageOfPage\":{\"@id\":\"https:\/\/dev.93-93-113-41.plesk.page\/ca\/producte\/manometria-esofagica-dalta-resolucio\/#primaryimage\"},\"image\":{\"@id\":\"https:\/\/dev.93-93-113-41.plesk.page\/ca\/producte\/manometria-esofagica-dalta-resolucio\/#primaryimage\"},\"thumbnailUrl\":\"https:\/\/dev.93-93-113-41.plesk.page\/wp-content\/uploads\/2020\/01\/manometria-esofagica-alta-resolucion.jpg\",\"datePublished\":\"2024-03-12T11:16:54+00:00\",\"dateModified\":\"2024-03-12T11:16:54+00:00\",\"breadcrumb\":{\"@id\":\"https:\/\/dev.93-93-113-41.plesk.page\/ca\/producte\/manometria-esofagica-dalta-resolucio\/#breadcrumb\"},\"inLanguage\":\"ca\",\"potentialAction\":[{\"@type\":\"ReadAction\",\"target\":[\"https:\/\/dev.93-93-113-41.plesk.page\/ca\/producte\/manometria-esofagica-dalta-resolucio\/\"]}]},{\"@type\":\"ImageObject\",\"inLanguage\":\"ca\",\"@id\":\"https:\/\/dev.93-93-113-41.plesk.page\/ca\/producte\/manometria-esofagica-dalta-resolucio\/#primaryimage\",\"url\":\"https:\/\/dev.93-93-113-41.plesk.page\/wp-content\/uploads\/2020\/01\/manometria-esofagica-alta-resolucion.jpg\",\"contentUrl\":\"https:\/\/dev.93-93-113-41.plesk.page\/wp-content\/uploads\/2020\/01\/manometria-esofagica-alta-resolucion.jpg\",\"width\":507,\"height\":338},{\"@type\":\"BreadcrumbList\",\"@id\":\"https:\/\/dev.93-93-113-41.plesk.page\/ca\/producte\/manometria-esofagica-dalta-resolucio\/#breadcrumb\",\"itemListElement\":[{\"@type\":\"ListItem\",\"position\":1,\"name\":\"Tienda\",\"item\":\"https:\/\/dev.93-93-113-41.plesk.page\/ca\/tenda\/\"},{\"@type\":\"ListItem\",\"position\":2,\"name\":\"Manometria Esof\u00e0gica d'Alta Resoluci\u00f3\"}]},{\"@type\":\"WebSite\",\"@id\":\"https:\/\/dev.93-93-113-41.plesk.page\/ca\/#website\",\"url\":\"https:\/\/dev.93-93-113-41.plesk.page\/ca\/\",\"name\":\"Servidigest\",\"description\":\"\",\"publisher\":{\"@id\":\"https:\/\/dev.93-93-113-41.plesk.page\/ca\/#organization\"},\"potentialAction\":[{\"@type\":\"SearchAction\",\"target\":{\"@type\":\"EntryPoint\",\"urlTemplate\":\"https:\/\/dev.93-93-113-41.plesk.page\/ca\/?s={search_term_string}\"},\"query-input\":\"required name=search_term_string\"}],\"inLanguage\":\"ca\"},{\"@type\":\"Organization\",\"@id\":\"https:\/\/dev.93-93-113-41.plesk.page\/ca\/#organization\",\"name\":\"Servidigest\",\"url\":\"https:\/\/dev.93-93-113-41.plesk.page\/ca\/\",\"logo\":{\"@type\":\"ImageObject\",\"inLanguage\":\"ca\",\"@id\":\"https:\/\/dev.93-93-113-41.plesk.page\/ca\/#\/schema\/logo\/image\/\",\"url\":\"https:\/\/dev.93-93-113-41.plesk.page\/wp-content\/uploads\/2024\/01\/servidigest.png\",\"contentUrl\":\"https:\/\/dev.93-93-113-41.plesk.page\/wp-content\/uploads\/2024\/01\/servidigest.png\",\"width\":808,\"height\":88,\"caption\":\"Servidigest\"},\"image\":{\"@id\":\"https:\/\/dev.93-93-113-41.plesk.page\/ca\/#\/schema\/logo\/image\/\"},\"sameAs\":[\"https:\/\/www.facebook.com\/servidigest\",\"https:\/\/x.com\/servidigest\"]}]}<\/script>\n<!-- \/ Yoast SEO plugin. -->","yoast_head_json":{"title":"Manometria Esof\u00e0gica d'Alta Resoluci\u00f3 - Servidigest","robots":{"index":"index","follow":"follow","max-snippet":"max-snippet:-1","max-image-preview":"max-image-preview:large","max-video-preview":"max-video-preview:-1"},"canonical":"https:\/\/dev.93-93-113-41.plesk.page\/ca\/producte\/manometria-esofagica-dalta-resolucio\/","og_locale":"ca_ES","og_type":"article","og_title":"Manometria Esof\u00e0gica d'Alta Resoluci\u00f3 - Servidigest","og_description":"Els avantatges de la Manometria Esof\u00e0gica d'Alta Resoluci\u00f3 respecte als sistemes de manometria convencional per perfusi\u00f3 s\u00f3n, entre d'altres, un nombre m\u00e9s gran de punts de registre i de par\u00e0metres analitzables amb m\u00e9s eines de c\u00e0lcul.  Finan\u00e7ament  Condicions de contractaci\u00f3 [...]","og_url":"https:\/\/dev.93-93-113-41.plesk.page\/ca\/producte\/manometria-esofagica-dalta-resolucio\/","og_site_name":"Servidigest","article_publisher":"https:\/\/www.facebook.com\/servidigest","og_image":[{"width":507,"height":338,"url":"https:\/\/dev.93-93-113-41.plesk.page\/wp-content\/uploads\/2020\/01\/manometria-esofagica-alta-resolucion.jpg","type":"image\/jpeg"}],"twitter_card":"summary_large_image","twitter_site":"@servidigest","twitter_misc":{"Est. reading time":"1 minute"},"schema":{"@context":"https:\/\/schema.org","@graph":[{"@type":"WebPage","@id":"https:\/\/dev.93-93-113-41.plesk.page\/ca\/producte\/manometria-esofagica-dalta-resolucio\/","url":"https:\/\/dev.93-93-113-41.plesk.page\/ca\/producte\/manometria-esofagica-dalta-resolucio\/","name":"Manometria Esof\u00e0gica d'Alta Resoluci\u00f3 - Servidigest","isPartOf":{"@id":"https:\/\/dev.93-93-113-41.plesk.page\/ca\/#website"},"primaryImageOfPage":{"@id":"https:\/\/dev.93-93-113-41.plesk.page\/ca\/producte\/manometria-esofagica-dalta-resolucio\/#primaryimage"},"image":{"@id":"https:\/\/dev.93-93-113-41.plesk.page\/ca\/producte\/manometria-esofagica-dalta-resolucio\/#primaryimage"},"thumbnailUrl":"https:\/\/dev.93-93-113-41.plesk.page\/wp-content\/uploads\/2020\/01\/manometria-esofagica-alta-resolucion.jpg","datePublished":"2024-03-12T11:16:54+00:00","dateModified":"2024-03-12T11:16:54+00:00","breadcrumb":{"@id":"https:\/\/dev.93-93-113-41.plesk.page\/ca\/producte\/manometria-esofagica-dalta-resolucio\/#breadcrumb"},"inLanguage":"ca","potentialAction":[{"@type":"ReadAction","target":["https:\/\/dev.93-93-113-41.plesk.page\/ca\/producte\/manometria-esofagica-dalta-resolucio\/"]}]},{"@type":"ImageObject","inLanguage":"ca","@id":"https:\/\/dev.93-93-113-41.plesk.page\/ca\/producte\/manometria-esofagica-dalta-resolucio\/#primaryimage","url":"https:\/\/dev.93-93-113-41.plesk.page\/wp-content\/uploads\/2020\/01\/manometria-esofagica-alta-resolucion.jpg","contentUrl":"https:\/\/dev.93-93-113-41.plesk.page\/wp-content\/uploads\/2020\/01\/manometria-esofagica-alta-resolucion.jpg","width":507,"height":338},{"@type":"BreadcrumbList","@id":"https:\/\/dev.93-93-113-41.plesk.page\/ca\/producte\/manometria-esofagica-dalta-resolucio\/#breadcrumb","itemListElement":[{"@type":"ListItem","position":1,"name":"Tienda","item":"https:\/\/dev.93-93-113-41.plesk.page\/ca\/tenda\/"},{"@type":"ListItem","position":2,"name":"Manometria Esof\u00e0gica d'Alta Resoluci\u00f3"}]},{"@type":"WebSite","@id":"https:\/\/dev.93-93-113-41.plesk.page\/ca\/#website","url":"https:\/\/dev.93-93-113-41.plesk.page\/ca\/","name":"Servidigest","description":"","publisher":{"@id":"https:\/\/dev.93-93-113-41.plesk.page\/ca\/#organization"},"potentialAction":[{"@type":"SearchAction","target":{"@type":"EntryPoint","urlTemplate":"https:\/\/dev.93-93-113-41.plesk.page\/ca\/?s={search_term_string}"},"query-input":"required name=search_term_string"}],"inLanguage":"ca"},{"@type":"Organization","@id":"https:\/\/dev.93-93-113-41.plesk.page\/ca\/#organization","name":"Servidigest","url":"https:\/\/dev.93-93-113-41.plesk.page\/ca\/","logo":{"@type":"ImageObject","inLanguage":"ca","@id":"https:\/\/dev.93-93-113-41.plesk.page\/ca\/#\/schema\/logo\/image\/","url":"https:\/\/dev.93-93-113-41.plesk.page\/wp-content\/uploads\/2024\/01\/servidigest.png","contentUrl":"https:\/\/dev.93-93-113-41.plesk.page\/wp-content\/uploads\/2024\/01\/servidigest.png","width":808,"height":88,"caption":"Servidigest"},"image":{"@id":"https:\/\/dev.93-93-113-41.plesk.page\/ca\/#\/schema\/logo\/image\/"},"sameAs":["https:\/\/www.facebook.com\/servidigest","https:\/\/x.com\/servidigest"]}]}},"_links":{"self":[{"href":"https:\/\/dev.93-93-113-41.plesk.page\/ca\/wp-json\/wp\/v2\/product\/38342","targetHints":{"allow":["GET"]}}],"collection":[{"href":"https:\/\/dev.93-93-113-41.plesk.page\/ca\/wp-json\/wp\/v2\/product"}],"about":[{"href":"https:\/\/dev.93-93-113-41.plesk.page\/ca\/wp-json\/wp\/v2\/types\/product"}],"replies":[{"embeddable":true,"href":"https:\/\/dev.93-93-113-41.plesk.page\/ca\/wp-json\/wp\/v2\/comments?post=38342"}],"wp:featuredmedia":[{"embeddable":true,"href":"https:\/\/dev.93-93-113-41.plesk.page\/ca\/wp-json\/wp\/v2\/media\/36849"}],"wp:attachment":[{"href":"https:\/\/dev.93-93-113-41.plesk.page\/ca\/wp-json\/wp\/v2\/media?parent=38342"}],"wp:term":[{"taxonomy":"product_cat","embeddable":true,"href":"https:\/\/dev.93-93-113-41.plesk.page\/ca\/wp-json\/wp\/v2\/product_cat?post=38342"},{"taxonomy":"product_tag","embeddable":true,"href":"https:\/\/dev.93-93-113-41.plesk.page\/ca\/wp-json\/wp\/v2\/product_tag?post=38342"}],"curies":[{"name":"wp","href":"https:\/\/api.w.org\/{rel}","templated":true}]}}