{"id":38340,"date":"2024-03-12T12:21:13","date_gmt":"2024-03-12T11:21:13","guid":{"rendered":"https:\/\/dev.93-93-113-41.plesk.page\/producto\/analisi-de-composicio-corporal\/"},"modified":"2024-03-12T12:21:13","modified_gmt":"2024-03-12T11:21:13","slug":"analisi-de-composicio-corporal","status":"publish","type":"product","link":"https:\/\/dev.93-93-113-41.plesk.page\/ca\/producte\/analisi-de-composicio-corporal\/","title":{"rendered":"An\u00e0lisi de Composici\u00f3 Corporal"},"content":{"rendered":"<p>Amb l&#8217; <strong>An\u00e0lisi de Composici\u00f3 Corporal<\/strong> de Cl\u00ednica ServiDigest, un model multicompartimental amb enfocament al nivell IV, valorem i mesurem:<\/p>\n<table>\n<tbody>\n<tr>\n<td width=\"320\">Pes-IMC<\/td>\n<td width=\"247\">Tipologia Fisiol\u00f2gica 9 nivells<\/td>\n<\/tr>\n<tr>\n<td width=\"320\">Massa de Greix Total i Segmental<\/td>\n<td width=\"247\">Angle Fase<\/td>\n<\/tr>\n<tr>\n<td width=\"320\">Massa Lliure de Greix<\/td>\n<td width=\"247\">Nivell de Greix Visceral<\/td>\n<\/tr>\n<tr>\n<td width=\"320\">Massa Muscular Total i Segmental<\/td>\n<td width=\"247\">Edat Metab\u00f2lica<\/td>\n<\/tr>\n<tr>\n<td width=\"320\">Aigua Corporal Total i Segmental<\/td>\n<td width=\"247\">Aigua Extra Intracel\u00b7lular<\/td>\n<\/tr>\n<tr>\n<td width=\"320\">Mineral Osi<\/td>\n<td width=\"247\">Metabolisme Basal<\/td>\n<\/tr>\n<tr>\n<td width=\"320\">Massa Cel\u00b7lular<\/td>\n<td width=\"247\">Valor de React\u00e0ncia<\/td>\n<\/tr>\n<tr>\n<td width=\"320\">Qualitat Muscular<\/td>\n<td width=\"247\">Valor de Resist\u00e8ncia<\/td>\n<\/tr>\n<tr>\n<td width=\"320\">\u00cdndex Sarcop\u00e8nia<\/td>\n<td width=\"247\">Prote\u00efnes<\/td>\n<\/tr>\n<tr>\n<td width=\"320\">Massa Muscular Esquel\u00e8tica Apendicular<\/td>\n<td width=\"247\"><\/td>\n<\/tr>\n<\/tbody>\n<\/table>\n<p>Els percentatges en la composici\u00f3 de cada element varien segons el sexe, l&#8217;edat, el nivell d&#8217;activitat f\u00edsica, el tipus de dieta i en certes malalties.<\/p>\n<p>Si vols una valoraci\u00f3 de la teva composici\u00f3 corporal, tenint en compte les teves caracter\u00edstiques f\u00edsiques personals, sol\u00b7licita cita pr\u00e8via a Cl\u00ednica ServiDigest.<\/p>\n<p><strong>M\u00e9s informaci\u00f3 sobre l&#8217;An\u00e0lisi de Composici\u00f3 Corporal<\/strong><\/p>\n<p>Es basa en la resist\u00e8ncia dun medi biol\u00f2gic al pas dun corrent el\u00e8ctric. La resist\u00e8ncia est\u00e0 condicionada per la resistivitat dels diferents teixits a la conducci\u00f3 del corrent el\u00e8ctric. Els teixits gras i ossi s\u00f3n mals conductors; en canvi, la massa lliure de greix oposa escassa resist\u00e8ncia a causa de la conductivitat de l&#8217;aigua.<\/p>\n<p><a href=\"https:\/\/dev.93-93-113-41.plesk.page\/ca\/an-lisis-de-la-composici-n-corporal\/\">Ampliar informaci\u00f3 sobre l&#8217;An\u00e0lisi de Composici\u00f3 Corporal<\/a><\/p>\n","protected":false},"excerpt":{"rendered":"<div class=\"mh-excerpt\"><p>L&#8217;An\u00e0lisi de la Composici\u00f3 Corporal \u00e9s fonamental per delimitar els diferents components del cos.<\/p>\n<p><a href=\"https:\/\/dev.93-93-113-41.plesk.page\/financiacion\/\" target=\"_blank\" rel=\"noopener noreferrer\">Finan\u00e7ament<\/a><\/p>\n<p><a href=\"https:\/\/dev.93-93-113-41.plesk.page\/condiciones-generales-de-contratacion\/\" target=\"_blank\" rel=\"noopener noreferrer\">Condicions de contractaci\u00f3<\/a> <a class=\"mh-excerpt-more\" href=\"https:\/\/dev.93-93-113-41.plesk.page\/ca\/producte\/analisi-de-composicio-corporal\/\" title=\"An\u00e0lisi de Composici\u00f3 Corporal\">[&#8230;]<\/a><\/p>\n<\/div>","protected":false},"featured_media":36864,"comment_status":"closed","ping_status":"closed","template":"","meta":[],"product_cat":[916],"product_tag":[],"class_list":{"0":"post-38340","1":"product","2":"type-product","3":"status-publish","4":"has-post-thumbnail","6":"product_cat-proves-mediques","8":"first","9":"instock","10":"shipping-taxable","11":"purchasable","12":"product-type-simple"},"yoast_head":"<!-- This site is optimized with the Yoast SEO plugin v22.6 - https:\/\/yoast.com\/wordpress\/plugins\/seo\/ -->\n<title>An\u00e0lisi de Composici\u00f3 Corporal - Servidigest<\/title>\n<meta name=\"robots\" content=\"index, follow, max-snippet:-1, max-image-preview:large, max-video-preview:-1\" \/>\n<link rel=\"canonical\" href=\"https:\/\/dev.93-93-113-41.plesk.page\/ca\/producte\/analisi-de-composicio-corporal\/\" \/>\n<meta property=\"og:locale\" content=\"ca_ES\" \/>\n<meta property=\"og:type\" content=\"article\" \/>\n<meta property=\"og:title\" content=\"An\u00e0lisi de Composici\u00f3 Corporal - Servidigest\" \/>\n<meta property=\"og:description\" content=\"L&#039;An\u00e0lisi de la Composici\u00f3 Corporal \u00e9s fonamental per delimitar els diferents components del cos.  Finan\u00e7ament  Condicions de contractaci\u00f3 [...]\" \/>\n<meta property=\"og:url\" content=\"https:\/\/dev.93-93-113-41.plesk.page\/ca\/producte\/analisi-de-composicio-corporal\/\" \/>\n<meta property=\"og:site_name\" content=\"Servidigest\" \/>\n<meta property=\"article:publisher\" content=\"https:\/\/www.facebook.com\/servidigest\" \/>\n<meta property=\"og:image\" content=\"https:\/\/dev.93-93-113-41.plesk.page\/wp-content\/uploads\/2024\/03\/Analisi-Composicio-Corporal.jpg\" \/>\n\t<meta property=\"og:image:width\" content=\"509\" \/>\n\t<meta property=\"og:image:height\" content=\"339\" \/>\n\t<meta property=\"og:image:type\" content=\"image\/jpeg\" \/>\n<meta name=\"twitter:card\" content=\"summary_large_image\" \/>\n<meta name=\"twitter:site\" content=\"@servidigest\" \/>\n<meta name=\"twitter:label1\" content=\"Est. reading time\" \/>\n\t<meta name=\"twitter:data1\" content=\"1 minute\" \/>\n<script type=\"application\/ld+json\" class=\"yoast-schema-graph\">{\"@context\":\"https:\/\/schema.org\",\"@graph\":[{\"@type\":\"WebPage\",\"@id\":\"https:\/\/dev.93-93-113-41.plesk.page\/ca\/producte\/analisi-de-composicio-corporal\/\",\"url\":\"https:\/\/dev.93-93-113-41.plesk.page\/ca\/producte\/analisi-de-composicio-corporal\/\",\"name\":\"An\u00e0lisi de Composici\u00f3 Corporal - Servidigest\",\"isPartOf\":{\"@id\":\"https:\/\/dev.93-93-113-41.plesk.page\/ca\/#website\"},\"primaryImageOfPage\":{\"@id\":\"https:\/\/dev.93-93-113-41.plesk.page\/ca\/producte\/analisi-de-composicio-corporal\/#primaryimage\"},\"image\":{\"@id\":\"https:\/\/dev.93-93-113-41.plesk.page\/ca\/producte\/analisi-de-composicio-corporal\/#primaryimage\"},\"thumbnailUrl\":\"https:\/\/dev.93-93-113-41.plesk.page\/wp-content\/uploads\/2024\/03\/Analisi-Composicio-Corporal.jpg\",\"datePublished\":\"2024-03-12T11:21:13+00:00\",\"dateModified\":\"2024-03-12T11:21:13+00:00\",\"breadcrumb\":{\"@id\":\"https:\/\/dev.93-93-113-41.plesk.page\/ca\/producte\/analisi-de-composicio-corporal\/#breadcrumb\"},\"inLanguage\":\"ca\",\"potentialAction\":[{\"@type\":\"ReadAction\",\"target\":[\"https:\/\/dev.93-93-113-41.plesk.page\/ca\/producte\/analisi-de-composicio-corporal\/\"]}]},{\"@type\":\"ImageObject\",\"inLanguage\":\"ca\",\"@id\":\"https:\/\/dev.93-93-113-41.plesk.page\/ca\/producte\/analisi-de-composicio-corporal\/#primaryimage\",\"url\":\"https:\/\/dev.93-93-113-41.plesk.page\/wp-content\/uploads\/2024\/03\/Analisi-Composicio-Corporal.jpg\",\"contentUrl\":\"https:\/\/dev.93-93-113-41.plesk.page\/wp-content\/uploads\/2024\/03\/Analisi-Composicio-Corporal.jpg\",\"width\":509,\"height\":339},{\"@type\":\"BreadcrumbList\",\"@id\":\"https:\/\/dev.93-93-113-41.plesk.page\/ca\/producte\/analisi-de-composicio-corporal\/#breadcrumb\",\"itemListElement\":[{\"@type\":\"ListItem\",\"position\":1,\"name\":\"Tienda\",\"item\":\"https:\/\/dev.93-93-113-41.plesk.page\/ca\/tenda\/\"},{\"@type\":\"ListItem\",\"position\":2,\"name\":\"An\u00e0lisi de Composici\u00f3 Corporal\"}]},{\"@type\":\"WebSite\",\"@id\":\"https:\/\/dev.93-93-113-41.plesk.page\/ca\/#website\",\"url\":\"https:\/\/dev.93-93-113-41.plesk.page\/ca\/\",\"name\":\"Servidigest\",\"description\":\"\",\"publisher\":{\"@id\":\"https:\/\/dev.93-93-113-41.plesk.page\/ca\/#organization\"},\"potentialAction\":[{\"@type\":\"SearchAction\",\"target\":{\"@type\":\"EntryPoint\",\"urlTemplate\":\"https:\/\/dev.93-93-113-41.plesk.page\/ca\/?s={search_term_string}\"},\"query-input\":\"required name=search_term_string\"}],\"inLanguage\":\"ca\"},{\"@type\":\"Organization\",\"@id\":\"https:\/\/dev.93-93-113-41.plesk.page\/ca\/#organization\",\"name\":\"Servidigest\",\"url\":\"https:\/\/dev.93-93-113-41.plesk.page\/ca\/\",\"logo\":{\"@type\":\"ImageObject\",\"inLanguage\":\"ca\",\"@id\":\"https:\/\/dev.93-93-113-41.plesk.page\/ca\/#\/schema\/logo\/image\/\",\"url\":\"https:\/\/dev.93-93-113-41.plesk.page\/wp-content\/uploads\/2024\/01\/servidigest.png\",\"contentUrl\":\"https:\/\/dev.93-93-113-41.plesk.page\/wp-content\/uploads\/2024\/01\/servidigest.png\",\"width\":808,\"height\":88,\"caption\":\"Servidigest\"},\"image\":{\"@id\":\"https:\/\/dev.93-93-113-41.plesk.page\/ca\/#\/schema\/logo\/image\/\"},\"sameAs\":[\"https:\/\/www.facebook.com\/servidigest\",\"https:\/\/x.com\/servidigest\"]}]}<\/script>\n<!-- \/ Yoast SEO plugin. -->","yoast_head_json":{"title":"An\u00e0lisi de Composici\u00f3 Corporal - Servidigest","robots":{"index":"index","follow":"follow","max-snippet":"max-snippet:-1","max-image-preview":"max-image-preview:large","max-video-preview":"max-video-preview:-1"},"canonical":"https:\/\/dev.93-93-113-41.plesk.page\/ca\/producte\/analisi-de-composicio-corporal\/","og_locale":"ca_ES","og_type":"article","og_title":"An\u00e0lisi de Composici\u00f3 Corporal - Servidigest","og_description":"L'An\u00e0lisi de la Composici\u00f3 Corporal \u00e9s fonamental per delimitar els diferents components del cos.  Finan\u00e7ament  Condicions de contractaci\u00f3 [...]","og_url":"https:\/\/dev.93-93-113-41.plesk.page\/ca\/producte\/analisi-de-composicio-corporal\/","og_site_name":"Servidigest","article_publisher":"https:\/\/www.facebook.com\/servidigest","og_image":[{"width":509,"height":339,"url":"https:\/\/dev.93-93-113-41.plesk.page\/wp-content\/uploads\/2024\/03\/Analisi-Composicio-Corporal.jpg","type":"image\/jpeg"}],"twitter_card":"summary_large_image","twitter_site":"@servidigest","twitter_misc":{"Est. reading time":"1 minute"},"schema":{"@context":"https:\/\/schema.org","@graph":[{"@type":"WebPage","@id":"https:\/\/dev.93-93-113-41.plesk.page\/ca\/producte\/analisi-de-composicio-corporal\/","url":"https:\/\/dev.93-93-113-41.plesk.page\/ca\/producte\/analisi-de-composicio-corporal\/","name":"An\u00e0lisi de Composici\u00f3 Corporal - Servidigest","isPartOf":{"@id":"https:\/\/dev.93-93-113-41.plesk.page\/ca\/#website"},"primaryImageOfPage":{"@id":"https:\/\/dev.93-93-113-41.plesk.page\/ca\/producte\/analisi-de-composicio-corporal\/#primaryimage"},"image":{"@id":"https:\/\/dev.93-93-113-41.plesk.page\/ca\/producte\/analisi-de-composicio-corporal\/#primaryimage"},"thumbnailUrl":"https:\/\/dev.93-93-113-41.plesk.page\/wp-content\/uploads\/2024\/03\/Analisi-Composicio-Corporal.jpg","datePublished":"2024-03-12T11:21:13+00:00","dateModified":"2024-03-12T11:21:13+00:00","breadcrumb":{"@id":"https:\/\/dev.93-93-113-41.plesk.page\/ca\/producte\/analisi-de-composicio-corporal\/#breadcrumb"},"inLanguage":"ca","potentialAction":[{"@type":"ReadAction","target":["https:\/\/dev.93-93-113-41.plesk.page\/ca\/producte\/analisi-de-composicio-corporal\/"]}]},{"@type":"ImageObject","inLanguage":"ca","@id":"https:\/\/dev.93-93-113-41.plesk.page\/ca\/producte\/analisi-de-composicio-corporal\/#primaryimage","url":"https:\/\/dev.93-93-113-41.plesk.page\/wp-content\/uploads\/2024\/03\/Analisi-Composicio-Corporal.jpg","contentUrl":"https:\/\/dev.93-93-113-41.plesk.page\/wp-content\/uploads\/2024\/03\/Analisi-Composicio-Corporal.jpg","width":509,"height":339},{"@type":"BreadcrumbList","@id":"https:\/\/dev.93-93-113-41.plesk.page\/ca\/producte\/analisi-de-composicio-corporal\/#breadcrumb","itemListElement":[{"@type":"ListItem","position":1,"name":"Tienda","item":"https:\/\/dev.93-93-113-41.plesk.page\/ca\/tenda\/"},{"@type":"ListItem","position":2,"name":"An\u00e0lisi de Composici\u00f3 Corporal"}]},{"@type":"WebSite","@id":"https:\/\/dev.93-93-113-41.plesk.page\/ca\/#website","url":"https:\/\/dev.93-93-113-41.plesk.page\/ca\/","name":"Servidigest","description":"","publisher":{"@id":"https:\/\/dev.93-93-113-41.plesk.page\/ca\/#organization"},"potentialAction":[{"@type":"SearchAction","target":{"@type":"EntryPoint","urlTemplate":"https:\/\/dev.93-93-113-41.plesk.page\/ca\/?s={search_term_string}"},"query-input":"required name=search_term_string"}],"inLanguage":"ca"},{"@type":"Organization","@id":"https:\/\/dev.93-93-113-41.plesk.page\/ca\/#organization","name":"Servidigest","url":"https:\/\/dev.93-93-113-41.plesk.page\/ca\/","logo":{"@type":"ImageObject","inLanguage":"ca","@id":"https:\/\/dev.93-93-113-41.plesk.page\/ca\/#\/schema\/logo\/image\/","url":"https:\/\/dev.93-93-113-41.plesk.page\/wp-content\/uploads\/2024\/01\/servidigest.png","contentUrl":"https:\/\/dev.93-93-113-41.plesk.page\/wp-content\/uploads\/2024\/01\/servidigest.png","width":808,"height":88,"caption":"Servidigest"},"image":{"@id":"https:\/\/dev.93-93-113-41.plesk.page\/ca\/#\/schema\/logo\/image\/"},"sameAs":["https:\/\/www.facebook.com\/servidigest","https:\/\/x.com\/servidigest"]}]}},"_links":{"self":[{"href":"https:\/\/dev.93-93-113-41.plesk.page\/ca\/wp-json\/wp\/v2\/product\/38340","targetHints":{"allow":["GET"]}}],"collection":[{"href":"https:\/\/dev.93-93-113-41.plesk.page\/ca\/wp-json\/wp\/v2\/product"}],"about":[{"href":"https:\/\/dev.93-93-113-41.plesk.page\/ca\/wp-json\/wp\/v2\/types\/product"}],"replies":[{"embeddable":true,"href":"https:\/\/dev.93-93-113-41.plesk.page\/ca\/wp-json\/wp\/v2\/comments?post=38340"}],"wp:featuredmedia":[{"embeddable":true,"href":"https:\/\/dev.93-93-113-41.plesk.page\/ca\/wp-json\/wp\/v2\/media\/36864"}],"wp:attachment":[{"href":"https:\/\/dev.93-93-113-41.plesk.page\/ca\/wp-json\/wp\/v2\/media?parent=38340"}],"wp:term":[{"taxonomy":"product_cat","embeddable":true,"href":"https:\/\/dev.93-93-113-41.plesk.page\/ca\/wp-json\/wp\/v2\/product_cat?post=38340"},{"taxonomy":"product_tag","embeddable":true,"href":"https:\/\/dev.93-93-113-41.plesk.page\/ca\/wp-json\/wp\/v2\/product_tag?post=38340"}],"curies":[{"name":"wp","href":"https:\/\/api.w.org\/{rel}","templated":true}]}}