{"id":8891,"date":"2015-06-17T18:34:32","date_gmt":"2015-06-17T16:34:32","guid":{"rendered":"https:\/\/dev.93-93-113-41.plesk.page\/?page_id=8891"},"modified":"2024-02-26T17:12:09","modified_gmt":"2024-02-26T16:12:09","slug":"colangiopancreatografia-retrograda-endoscopica-cpre","status":"publish","type":"page","link":"https:\/\/dev.93-93-113-41.plesk.page\/ca\/serveis\/endoscopia-digestiva\/colangiopancreatografia-retrograda-endoscopica-cpre\/","title":{"rendered":"Colangiopancreatografia Retr\u00f2grada Endosc\u00f2pica (CPRE)"},"content":{"rendered":"<p><strong>La Colangiopancreatografia Retr\u00f2grada Endosc\u00f2pica (CPRE) \u00e9s una t\u00e8cnica mixta, endosc\u00f2pica i radiol\u00f2gica que \u00e9s utilitzada per estudiar i, sobretot, tractar les malalties dels conductes biliars i del p\u00e0ncrees.<\/strong><\/p>\n<p>El\u00a0col\u00e8doc, conducte que condueix la bilis des del fetge i la ves\u00edcula biliar a l&#8217;intest\u00ed i el conducte de Virsug, que al seu torn recull la secreci\u00f3 pancre\u00e0tica, s&#8217;uneixen en l&#8217;anomenada papil\u00b7la de Vater, per tal d&#8217;abocar la secreci\u00f3 de tots dos al duod\u00e8, necess\u00e0ria per a la digesti\u00f3 dels aliments.<\/p>\n<p>Aquesta papil\u00b7la t\u00e9 un esf\u00ednter o m\u00fascul circular, que s&#8217;obre o tanca segons l&#8217;estat de la digesti\u00f3.<\/p>\n<p>La CPRE permet canalitzar la papil\u00b7la i injectar contrast dins de les vies biliar i pancre\u00e0tica, permetent el seu estudi radiol\u00f2gic.<\/p>\n","protected":false},"excerpt":{"rendered":"<div class=\"mh-excerpt\"><p>La Colangiopancreatografia Retr\u00f2grada Endosc\u00f2pica (CPRE) \u00e9s una t\u00e8cnica mixta, endosc\u00f2pica i radiol\u00f2gica que \u00e9s utilitzada per estudiar i, sobretot, tractar les malalties dels conductes biliars i del p\u00e0ncrees. El\u00a0col\u00e8doc, conducte que condueix la bilis des <a class=\"mh-excerpt-more\" href=\"https:\/\/dev.93-93-113-41.plesk.page\/ca\/serveis\/endoscopia-digestiva\/colangiopancreatografia-retrograda-endoscopica-cpre\/\" title=\"Colangiopancreatografia Retr\u00f2grada Endosc\u00f2pica (CPRE)\">[&#8230;]<\/a><\/p>\n<\/div>","protected":false},"author":1,"featured_media":0,"parent":133,"menu_order":30,"comment_status":"closed","ping_status":"closed","template":"","meta":{"footnotes":""},"class_list":["post-8891","page","type-page","status-publish"],"yoast_head":"<!-- This site is optimized with the Yoast SEO plugin v22.6 - https:\/\/yoast.com\/wordpress\/plugins\/seo\/ -->\n<title>Colangiopancreatografia Retr\u00f2grada Endosc\u00f2pica (CPRE) - Servidigest<\/title>\n<meta name=\"description\" content=\"Colangiopancreatografia Retr\u00f2grada Endosc\u00f2pica (CPRE). \u00c9s una t\u00e8cnica mixta, endosc\u00f2pica i radiol\u00f2gica que \u00e9s utilitzada per estudiar i, sobretot, tractar les malalties dels conductes biliars i del p\u00e0ncrees.\" \/>\n<meta name=\"robots\" content=\"index, follow, max-snippet:-1, max-image-preview:large, max-video-preview:-1\" \/>\n<link rel=\"canonical\" href=\"https:\/\/dev.93-93-113-41.plesk.page\/ca\/serveis\/endoscopia-digestiva\/colangiopancreatografia-retrograda-endoscopica-cpre\/\" \/>\n<meta property=\"og:locale\" content=\"ca_ES\" \/>\n<meta property=\"og:type\" content=\"article\" \/>\n<meta property=\"og:title\" content=\"Colangiopancreatografia Retr\u00f2grada Endosc\u00f2pica (CPRE) - Servidigest\" \/>\n<meta property=\"og:description\" content=\"Colangiopancreatografia Retr\u00f2grada Endosc\u00f2pica (CPRE). \u00c9s una t\u00e8cnica mixta, endosc\u00f2pica i radiol\u00f2gica que \u00e9s utilitzada per estudiar i, sobretot, tractar les malalties dels conductes biliars i del p\u00e0ncrees.\" \/>\n<meta property=\"og:url\" content=\"https:\/\/dev.93-93-113-41.plesk.page\/ca\/serveis\/endoscopia-digestiva\/colangiopancreatografia-retrograda-endoscopica-cpre\/\" \/>\n<meta property=\"og:site_name\" content=\"Servidigest\" \/>\n<meta property=\"article:publisher\" content=\"https:\/\/www.facebook.com\/servidigest\" \/>\n<meta property=\"article:modified_time\" content=\"2024-02-26T16:12:09+00:00\" \/>\n<meta name=\"twitter:card\" content=\"summary_large_image\" \/>\n<meta name=\"twitter:site\" content=\"@servidigest\" \/>\n<meta name=\"twitter:label1\" content=\"Est. reading time\" \/>\n\t<meta name=\"twitter:data1\" content=\"1 minute\" \/>\n<script type=\"application\/ld+json\" class=\"yoast-schema-graph\">{\"@context\":\"https:\/\/schema.org\",\"@graph\":[{\"@type\":\"WebPage\",\"@id\":\"https:\/\/dev.93-93-113-41.plesk.page\/ca\/serveis\/endoscopia-digestiva\/colangiopancreatografia-retrograda-endoscopica-cpre\/\",\"url\":\"https:\/\/dev.93-93-113-41.plesk.page\/ca\/serveis\/endoscopia-digestiva\/colangiopancreatografia-retrograda-endoscopica-cpre\/\",\"name\":\"Colangiopancreatografia Retr\u00f2grada Endosc\u00f2pica (CPRE) - Servidigest\",\"isPartOf\":{\"@id\":\"https:\/\/dev.93-93-113-41.plesk.page\/ca\/#website\"},\"datePublished\":\"2015-06-17T16:34:32+00:00\",\"dateModified\":\"2024-02-26T16:12:09+00:00\",\"description\":\"Colangiopancreatografia Retr\u00f2grada Endosc\u00f2pica (CPRE). \u00c9s una t\u00e8cnica mixta, endosc\u00f2pica i radiol\u00f2gica que \u00e9s utilitzada per estudiar i, sobretot, tractar les malalties dels conductes biliars i del p\u00e0ncrees.\",\"breadcrumb\":{\"@id\":\"https:\/\/dev.93-93-113-41.plesk.page\/ca\/serveis\/endoscopia-digestiva\/colangiopancreatografia-retrograda-endoscopica-cpre\/#breadcrumb\"},\"inLanguage\":\"ca\",\"potentialAction\":[{\"@type\":\"ReadAction\",\"target\":[\"https:\/\/dev.93-93-113-41.plesk.page\/ca\/serveis\/endoscopia-digestiva\/colangiopancreatografia-retrograda-endoscopica-cpre\/\"]}]},{\"@type\":\"BreadcrumbList\",\"@id\":\"https:\/\/dev.93-93-113-41.plesk.page\/ca\/serveis\/endoscopia-digestiva\/colangiopancreatografia-retrograda-endoscopica-cpre\/#breadcrumb\",\"itemListElement\":[{\"@type\":\"ListItem\",\"position\":1,\"name\":\"Serveis M\u00e8dics de Cl\u00ednica ServiDigest\",\"item\":\"https:\/\/dev.93-93-113-41.plesk.page\/ca\/servicios\/\"},{\"@type\":\"ListItem\",\"position\":2,\"name\":\"Endosc\u00f2pia Digestiva Terap\u00e8utica Avan\u00e7ada\",\"item\":\"https:\/\/dev.93-93-113-41.plesk.page\/ca\/servicios\/endoscopia-digestiva\/\"},{\"@type\":\"ListItem\",\"position\":3,\"name\":\"Colangiopancreatografia Retr\u00f2grada Endosc\u00f2pica (CPRE)\"}]},{\"@type\":\"WebSite\",\"@id\":\"https:\/\/dev.93-93-113-41.plesk.page\/ca\/#website\",\"url\":\"https:\/\/dev.93-93-113-41.plesk.page\/ca\/\",\"name\":\"Servidigest\",\"description\":\"\",\"publisher\":{\"@id\":\"https:\/\/dev.93-93-113-41.plesk.page\/ca\/#organization\"},\"potentialAction\":[{\"@type\":\"SearchAction\",\"target\":{\"@type\":\"EntryPoint\",\"urlTemplate\":\"https:\/\/dev.93-93-113-41.plesk.page\/ca\/?s={search_term_string}\"},\"query-input\":\"required name=search_term_string\"}],\"inLanguage\":\"ca\"},{\"@type\":\"Organization\",\"@id\":\"https:\/\/dev.93-93-113-41.plesk.page\/ca\/#organization\",\"name\":\"Servidigest\",\"url\":\"https:\/\/dev.93-93-113-41.plesk.page\/ca\/\",\"logo\":{\"@type\":\"ImageObject\",\"inLanguage\":\"ca\",\"@id\":\"https:\/\/dev.93-93-113-41.plesk.page\/ca\/#\/schema\/logo\/image\/\",\"url\":\"https:\/\/dev.93-93-113-41.plesk.page\/wp-content\/uploads\/2024\/01\/servidigest.png\",\"contentUrl\":\"https:\/\/dev.93-93-113-41.plesk.page\/wp-content\/uploads\/2024\/01\/servidigest.png\",\"width\":808,\"height\":88,\"caption\":\"Servidigest\"},\"image\":{\"@id\":\"https:\/\/dev.93-93-113-41.plesk.page\/ca\/#\/schema\/logo\/image\/\"},\"sameAs\":[\"https:\/\/www.facebook.com\/servidigest\",\"https:\/\/x.com\/servidigest\"]}]}<\/script>\n<!-- \/ Yoast SEO plugin. -->","yoast_head_json":{"title":"Colangiopancreatografia Retr\u00f2grada Endosc\u00f2pica (CPRE) - Servidigest","description":"Colangiopancreatografia Retr\u00f2grada Endosc\u00f2pica (CPRE). \u00c9s una t\u00e8cnica mixta, endosc\u00f2pica i radiol\u00f2gica que \u00e9s utilitzada per estudiar i, sobretot, tractar les malalties dels conductes biliars i del p\u00e0ncrees.","robots":{"index":"index","follow":"follow","max-snippet":"max-snippet:-1","max-image-preview":"max-image-preview:large","max-video-preview":"max-video-preview:-1"},"canonical":"https:\/\/dev.93-93-113-41.plesk.page\/ca\/serveis\/endoscopia-digestiva\/colangiopancreatografia-retrograda-endoscopica-cpre\/","og_locale":"ca_ES","og_type":"article","og_title":"Colangiopancreatografia Retr\u00f2grada Endosc\u00f2pica (CPRE) - Servidigest","og_description":"Colangiopancreatografia Retr\u00f2grada Endosc\u00f2pica (CPRE). \u00c9s una t\u00e8cnica mixta, endosc\u00f2pica i radiol\u00f2gica que \u00e9s utilitzada per estudiar i, sobretot, tractar les malalties dels conductes biliars i del p\u00e0ncrees.","og_url":"https:\/\/dev.93-93-113-41.plesk.page\/ca\/serveis\/endoscopia-digestiva\/colangiopancreatografia-retrograda-endoscopica-cpre\/","og_site_name":"Servidigest","article_publisher":"https:\/\/www.facebook.com\/servidigest","article_modified_time":"2024-02-26T16:12:09+00:00","twitter_card":"summary_large_image","twitter_site":"@servidigest","twitter_misc":{"Est. reading time":"1 minute"},"schema":{"@context":"https:\/\/schema.org","@graph":[{"@type":"WebPage","@id":"https:\/\/dev.93-93-113-41.plesk.page\/ca\/serveis\/endoscopia-digestiva\/colangiopancreatografia-retrograda-endoscopica-cpre\/","url":"https:\/\/dev.93-93-113-41.plesk.page\/ca\/serveis\/endoscopia-digestiva\/colangiopancreatografia-retrograda-endoscopica-cpre\/","name":"Colangiopancreatografia Retr\u00f2grada Endosc\u00f2pica (CPRE) - Servidigest","isPartOf":{"@id":"https:\/\/dev.93-93-113-41.plesk.page\/ca\/#website"},"datePublished":"2015-06-17T16:34:32+00:00","dateModified":"2024-02-26T16:12:09+00:00","description":"Colangiopancreatografia Retr\u00f2grada Endosc\u00f2pica (CPRE). \u00c9s una t\u00e8cnica mixta, endosc\u00f2pica i radiol\u00f2gica que \u00e9s utilitzada per estudiar i, sobretot, tractar les malalties dels conductes biliars i del p\u00e0ncrees.","breadcrumb":{"@id":"https:\/\/dev.93-93-113-41.plesk.page\/ca\/serveis\/endoscopia-digestiva\/colangiopancreatografia-retrograda-endoscopica-cpre\/#breadcrumb"},"inLanguage":"ca","potentialAction":[{"@type":"ReadAction","target":["https:\/\/dev.93-93-113-41.plesk.page\/ca\/serveis\/endoscopia-digestiva\/colangiopancreatografia-retrograda-endoscopica-cpre\/"]}]},{"@type":"BreadcrumbList","@id":"https:\/\/dev.93-93-113-41.plesk.page\/ca\/serveis\/endoscopia-digestiva\/colangiopancreatografia-retrograda-endoscopica-cpre\/#breadcrumb","itemListElement":[{"@type":"ListItem","position":1,"name":"Serveis M\u00e8dics de Cl\u00ednica ServiDigest","item":"https:\/\/dev.93-93-113-41.plesk.page\/ca\/servicios\/"},{"@type":"ListItem","position":2,"name":"Endosc\u00f2pia Digestiva Terap\u00e8utica Avan\u00e7ada","item":"https:\/\/dev.93-93-113-41.plesk.page\/ca\/servicios\/endoscopia-digestiva\/"},{"@type":"ListItem","position":3,"name":"Colangiopancreatografia Retr\u00f2grada Endosc\u00f2pica (CPRE)"}]},{"@type":"WebSite","@id":"https:\/\/dev.93-93-113-41.plesk.page\/ca\/#website","url":"https:\/\/dev.93-93-113-41.plesk.page\/ca\/","name":"Servidigest","description":"","publisher":{"@id":"https:\/\/dev.93-93-113-41.plesk.page\/ca\/#organization"},"potentialAction":[{"@type":"SearchAction","target":{"@type":"EntryPoint","urlTemplate":"https:\/\/dev.93-93-113-41.plesk.page\/ca\/?s={search_term_string}"},"query-input":"required name=search_term_string"}],"inLanguage":"ca"},{"@type":"Organization","@id":"https:\/\/dev.93-93-113-41.plesk.page\/ca\/#organization","name":"Servidigest","url":"https:\/\/dev.93-93-113-41.plesk.page\/ca\/","logo":{"@type":"ImageObject","inLanguage":"ca","@id":"https:\/\/dev.93-93-113-41.plesk.page\/ca\/#\/schema\/logo\/image\/","url":"https:\/\/dev.93-93-113-41.plesk.page\/wp-content\/uploads\/2024\/01\/servidigest.png","contentUrl":"https:\/\/dev.93-93-113-41.plesk.page\/wp-content\/uploads\/2024\/01\/servidigest.png","width":808,"height":88,"caption":"Servidigest"},"image":{"@id":"https:\/\/dev.93-93-113-41.plesk.page\/ca\/#\/schema\/logo\/image\/"},"sameAs":["https:\/\/www.facebook.com\/servidigest","https:\/\/x.com\/servidigest"]}]}},"_links":{"self":[{"href":"https:\/\/dev.93-93-113-41.plesk.page\/ca\/wp-json\/wp\/v2\/pages\/8891","targetHints":{"allow":["GET"]}}],"collection":[{"href":"https:\/\/dev.93-93-113-41.plesk.page\/ca\/wp-json\/wp\/v2\/pages"}],"about":[{"href":"https:\/\/dev.93-93-113-41.plesk.page\/ca\/wp-json\/wp\/v2\/types\/page"}],"author":[{"embeddable":true,"href":"https:\/\/dev.93-93-113-41.plesk.page\/ca\/wp-json\/wp\/v2\/users\/1"}],"replies":[{"embeddable":true,"href":"https:\/\/dev.93-93-113-41.plesk.page\/ca\/wp-json\/wp\/v2\/comments?post=8891"}],"version-history":[{"count":1,"href":"https:\/\/dev.93-93-113-41.plesk.page\/ca\/wp-json\/wp\/v2\/pages\/8891\/revisions"}],"predecessor-version":[{"id":34968,"href":"https:\/\/dev.93-93-113-41.plesk.page\/ca\/wp-json\/wp\/v2\/pages\/8891\/revisions\/34968"}],"up":[{"embeddable":true,"href":"https:\/\/dev.93-93-113-41.plesk.page\/ca\/wp-json\/wp\/v2\/pages\/133"}],"wp:attachment":[{"href":"https:\/\/dev.93-93-113-41.plesk.page\/ca\/wp-json\/wp\/v2\/media?parent=8891"}],"curies":[{"name":"wp","href":"https:\/\/api.w.org\/{rel}","templated":true}]}}