{"id":8778,"date":"2015-05-28T16:05:05","date_gmt":"2015-05-28T14:05:05","guid":{"rendered":"https:\/\/dev.93-93-113-41.plesk.page\/?page_id=8778"},"modified":"2024-02-26T17:11:56","modified_gmt":"2024-02-26T16:11:56","slug":"cancer-de-fetge-o-carcinoma-hepatocel-lular-chc","status":"publish","type":"page","link":"https:\/\/dev.93-93-113-41.plesk.page\/ca\/serveis\/aparell-digestiu\/hepatologia\/cancer-de-fetge-o-carcinoma-hepatocel-lular-chc\/","title":{"rendered":"C\u00e0ncer de Fetge o Carcinoma Hepatocel\u00b7lular (CHC)"},"content":{"rendered":"<p><span style=\"color: #3366ff;\">Qu\u00e8 \u00e9s el carcinoma hepatocel\u00b7lular (CHC)?<\/span><\/p>\n<p>El C\u00e0ncer de Fetge, Carcinoma Hepatocel\u00b7lular o Hepatocarcinoma, es produeix quan existeixen c\u00e8l\u00b7lules hep\u00e0tiques que es reprodueixen de forma an\u00f2mala i desordenada, ocupant l&#8217;espai de les c\u00e8l\u00b7lules normals. El m\u00e9s freq\u00fcent \u00e9s que aix\u00f2 passi en persones que tenen una malaltia del fetge pr\u00e8via. Com m\u00e9s temps d&#8217;evoluci\u00f3 tingui la malaltia, m\u00e9s probable \u00e9s que es produeixi el c\u00e0ncer de fetge.<\/p>\n<p><span style=\"color: #3366ff;\">Quins s\u00edmptomes t\u00e9?<\/span><\/p>\n<p>No hi ha s\u00edmptomes espec\u00edfics. \u00c9s freq\u00fcent el cansament, n\u00e0usees i falta de gana, mol\u00e8sties a la zona dreta per sota de les costelles, coloraci\u00f3 groguenca de la pell i la part blanca dels ulls.<\/p>\n<p><span style=\"color: #3366ff;\">\u00bfEs pot prevenir?<\/span><\/p>\n<p>Fins al moment no existeix cap tractament preventiu. No obstant aix\u00f2, la realitzaci\u00f3 de controls per Ecografia cada 6 mesos quan hi ha malalties hep\u00e0tiques cr\u00f2niques \u00e9s efectiva per poder diagnosticar l&#8217;aparici\u00f3 de c\u00e0ncer de forma preco\u00e7.<\/p>\n<p><span style=\"color: #3366ff;\">Com es diagnostica?<\/span><\/p>\n<p>En la gran majoria dels casos, amb una prova de diagn\u00f2stic per imatge com podria ser l&#8217;ecografia, la tomografia axial computeritzada (TAC) o la resson\u00e0ncia magn\u00e8tica (RM) es pot realitzar el diagn\u00f2stic.<br \/>\nLa Bi\u00f2psia hep\u00e0tica s&#8217;indicar\u00e0 en casos seleccionats.<\/p>\n<p><span style=\"color: #3366ff;\">Es pot curar?<\/span><\/p>\n<p>El tractament del Carcinoma hepatocel\u00b7lular dep\u00e8n d&#8217;una s\u00e8rie de factors que determinaran l&#8217;estadi tumoral. Segons l&#8217;estadi tumoral les opcions de tractament poden ser a nivell local, com podria ser la radiofreq\u00fc\u00e8ncia tumoral, la quimioembolitzaci\u00f3 transarterial o la resecci\u00f3 quir\u00fargica en casos seleccionats.<\/p>\n<p>En pacients amb malaltia m\u00e9s avan\u00e7ada pot optar per quimioter\u00e0pia per via oral. En pacients seleccionats es pot optar pel trasplantament hep\u00e0tic com a tractament primari o final.<\/p>\n","protected":false},"excerpt":{"rendered":"<div class=\"mh-excerpt\"><p>Qu\u00e8 \u00e9s el carcinoma hepatocel\u00b7lular (CHC)? El C\u00e0ncer de Fetge, Carcinoma Hepatocel\u00b7lular o Hepatocarcinoma, es produeix quan existeixen c\u00e8l\u00b7lules hep\u00e0tiques que es reprodueixen de forma an\u00f2mala i desordenada, ocupant l&#8217;espai de les c\u00e8l\u00b7lules normals. El <a class=\"mh-excerpt-more\" href=\"https:\/\/dev.93-93-113-41.plesk.page\/ca\/serveis\/aparell-digestiu\/hepatologia\/cancer-de-fetge-o-carcinoma-hepatocel-lular-chc\/\" title=\"C\u00e0ncer de Fetge o Carcinoma Hepatocel\u00b7lular (CHC)\">[&#8230;]<\/a><\/p>\n<\/div>","protected":false},"author":1,"featured_media":0,"parent":7391,"menu_order":18,"comment_status":"closed","ping_status":"closed","template":"","meta":{"footnotes":""},"class_list":["post-8778","page","type-page","status-publish"],"yoast_head":"<!-- This site is optimized with the Yoast SEO plugin v22.6 - https:\/\/yoast.com\/wordpress\/plugins\/seo\/ -->\n<title>C\u00e0ncer de Fetge o Carcinoma Hepatocel\u00b7lular (CHC) - Servidigest<\/title>\n<meta name=\"description\" content=\"C\u00e0ncer de Fetge\" \/>\n<meta name=\"robots\" content=\"index, follow, max-snippet:-1, max-image-preview:large, max-video-preview:-1\" \/>\n<link rel=\"canonical\" href=\"https:\/\/dev.93-93-113-41.plesk.page\/ca\/serveis\/aparell-digestiu\/hepatologia\/cancer-de-fetge-o-carcinoma-hepatocel-lular-chc\/\" \/>\n<meta property=\"og:locale\" content=\"ca_ES\" \/>\n<meta property=\"og:type\" content=\"article\" \/>\n<meta property=\"og:title\" content=\"C\u00e0ncer de Fetge o Carcinoma Hepatocel\u00b7lular (CHC) - Servidigest\" \/>\n<meta property=\"og:description\" content=\"C\u00e0ncer de Fetge\" \/>\n<meta property=\"og:url\" content=\"https:\/\/dev.93-93-113-41.plesk.page\/ca\/serveis\/aparell-digestiu\/hepatologia\/cancer-de-fetge-o-carcinoma-hepatocel-lular-chc\/\" \/>\n<meta property=\"og:site_name\" content=\"Servidigest\" \/>\n<meta property=\"article:publisher\" content=\"https:\/\/www.facebook.com\/servidigest\" \/>\n<meta property=\"article:modified_time\" content=\"2024-02-26T16:11:56+00:00\" \/>\n<meta name=\"twitter:card\" content=\"summary_large_image\" \/>\n<meta name=\"twitter:site\" content=\"@servidigest\" \/>\n<meta name=\"twitter:label1\" content=\"Est. reading time\" \/>\n\t<meta name=\"twitter:data1\" content=\"1 minute\" \/>\n<script type=\"application\/ld+json\" class=\"yoast-schema-graph\">{\"@context\":\"https:\/\/schema.org\",\"@graph\":[{\"@type\":\"WebPage\",\"@id\":\"https:\/\/dev.93-93-113-41.plesk.page\/ca\/serveis\/aparell-digestiu\/hepatologia\/cancer-de-fetge-o-carcinoma-hepatocel-lular-chc\/\",\"url\":\"https:\/\/dev.93-93-113-41.plesk.page\/ca\/serveis\/aparell-digestiu\/hepatologia\/cancer-de-fetge-o-carcinoma-hepatocel-lular-chc\/\",\"name\":\"C\u00e0ncer de Fetge o Carcinoma Hepatocel\u00b7lular (CHC) - Servidigest\",\"isPartOf\":{\"@id\":\"https:\/\/dev.93-93-113-41.plesk.page\/ca\/#website\"},\"datePublished\":\"2015-05-28T14:05:05+00:00\",\"dateModified\":\"2024-02-26T16:11:56+00:00\",\"description\":\"C\u00e0ncer de Fetge\",\"breadcrumb\":{\"@id\":\"https:\/\/dev.93-93-113-41.plesk.page\/ca\/serveis\/aparell-digestiu\/hepatologia\/cancer-de-fetge-o-carcinoma-hepatocel-lular-chc\/#breadcrumb\"},\"inLanguage\":\"ca\",\"potentialAction\":[{\"@type\":\"ReadAction\",\"target\":[\"https:\/\/dev.93-93-113-41.plesk.page\/ca\/serveis\/aparell-digestiu\/hepatologia\/cancer-de-fetge-o-carcinoma-hepatocel-lular-chc\/\"]}]},{\"@type\":\"BreadcrumbList\",\"@id\":\"https:\/\/dev.93-93-113-41.plesk.page\/ca\/serveis\/aparell-digestiu\/hepatologia\/cancer-de-fetge-o-carcinoma-hepatocel-lular-chc\/#breadcrumb\",\"itemListElement\":[{\"@type\":\"ListItem\",\"position\":1,\"name\":\"Serveis M\u00e8dics de Cl\u00ednica ServiDigest\",\"item\":\"https:\/\/dev.93-93-113-41.plesk.page\/ca\/servicios\/\"},{\"@type\":\"ListItem\",\"position\":2,\"name\":\"Aparell digestiu\",\"item\":\"https:\/\/dev.93-93-113-41.plesk.page\/ca\/servicios\/aparato-digestivo\/\"},{\"@type\":\"ListItem\",\"position\":3,\"name\":\"Hepatologia. Malalties del fetge\",\"item\":\"https:\/\/dev.93-93-113-41.plesk.page\/ca\/servicios\/aparato-digestivo\/hepatologia\/\"},{\"@type\":\"ListItem\",\"position\":4,\"name\":\"C\u00e0ncer de Fetge o Carcinoma Hepatocel\u00b7lular (CHC)\"}]},{\"@type\":\"WebSite\",\"@id\":\"https:\/\/dev.93-93-113-41.plesk.page\/ca\/#website\",\"url\":\"https:\/\/dev.93-93-113-41.plesk.page\/ca\/\",\"name\":\"Servidigest\",\"description\":\"\",\"publisher\":{\"@id\":\"https:\/\/dev.93-93-113-41.plesk.page\/ca\/#organization\"},\"potentialAction\":[{\"@type\":\"SearchAction\",\"target\":{\"@type\":\"EntryPoint\",\"urlTemplate\":\"https:\/\/dev.93-93-113-41.plesk.page\/ca\/?s={search_term_string}\"},\"query-input\":\"required name=search_term_string\"}],\"inLanguage\":\"ca\"},{\"@type\":\"Organization\",\"@id\":\"https:\/\/dev.93-93-113-41.plesk.page\/ca\/#organization\",\"name\":\"Servidigest\",\"url\":\"https:\/\/dev.93-93-113-41.plesk.page\/ca\/\",\"logo\":{\"@type\":\"ImageObject\",\"inLanguage\":\"ca\",\"@id\":\"https:\/\/dev.93-93-113-41.plesk.page\/ca\/#\/schema\/logo\/image\/\",\"url\":\"https:\/\/dev.93-93-113-41.plesk.page\/wp-content\/uploads\/2024\/01\/servidigest.png\",\"contentUrl\":\"https:\/\/dev.93-93-113-41.plesk.page\/wp-content\/uploads\/2024\/01\/servidigest.png\",\"width\":808,\"height\":88,\"caption\":\"Servidigest\"},\"image\":{\"@id\":\"https:\/\/dev.93-93-113-41.plesk.page\/ca\/#\/schema\/logo\/image\/\"},\"sameAs\":[\"https:\/\/www.facebook.com\/servidigest\",\"https:\/\/x.com\/servidigest\"]}]}<\/script>\n<!-- \/ Yoast SEO plugin. -->","yoast_head_json":{"title":"C\u00e0ncer de Fetge o Carcinoma Hepatocel\u00b7lular (CHC) - Servidigest","description":"C\u00e0ncer de Fetge","robots":{"index":"index","follow":"follow","max-snippet":"max-snippet:-1","max-image-preview":"max-image-preview:large","max-video-preview":"max-video-preview:-1"},"canonical":"https:\/\/dev.93-93-113-41.plesk.page\/ca\/serveis\/aparell-digestiu\/hepatologia\/cancer-de-fetge-o-carcinoma-hepatocel-lular-chc\/","og_locale":"ca_ES","og_type":"article","og_title":"C\u00e0ncer de Fetge o Carcinoma Hepatocel\u00b7lular (CHC) - Servidigest","og_description":"C\u00e0ncer de Fetge","og_url":"https:\/\/dev.93-93-113-41.plesk.page\/ca\/serveis\/aparell-digestiu\/hepatologia\/cancer-de-fetge-o-carcinoma-hepatocel-lular-chc\/","og_site_name":"Servidigest","article_publisher":"https:\/\/www.facebook.com\/servidigest","article_modified_time":"2024-02-26T16:11:56+00:00","twitter_card":"summary_large_image","twitter_site":"@servidigest","twitter_misc":{"Est. reading time":"1 minute"},"schema":{"@context":"https:\/\/schema.org","@graph":[{"@type":"WebPage","@id":"https:\/\/dev.93-93-113-41.plesk.page\/ca\/serveis\/aparell-digestiu\/hepatologia\/cancer-de-fetge-o-carcinoma-hepatocel-lular-chc\/","url":"https:\/\/dev.93-93-113-41.plesk.page\/ca\/serveis\/aparell-digestiu\/hepatologia\/cancer-de-fetge-o-carcinoma-hepatocel-lular-chc\/","name":"C\u00e0ncer de Fetge o Carcinoma Hepatocel\u00b7lular (CHC) - Servidigest","isPartOf":{"@id":"https:\/\/dev.93-93-113-41.plesk.page\/ca\/#website"},"datePublished":"2015-05-28T14:05:05+00:00","dateModified":"2024-02-26T16:11:56+00:00","description":"C\u00e0ncer de Fetge","breadcrumb":{"@id":"https:\/\/dev.93-93-113-41.plesk.page\/ca\/serveis\/aparell-digestiu\/hepatologia\/cancer-de-fetge-o-carcinoma-hepatocel-lular-chc\/#breadcrumb"},"inLanguage":"ca","potentialAction":[{"@type":"ReadAction","target":["https:\/\/dev.93-93-113-41.plesk.page\/ca\/serveis\/aparell-digestiu\/hepatologia\/cancer-de-fetge-o-carcinoma-hepatocel-lular-chc\/"]}]},{"@type":"BreadcrumbList","@id":"https:\/\/dev.93-93-113-41.plesk.page\/ca\/serveis\/aparell-digestiu\/hepatologia\/cancer-de-fetge-o-carcinoma-hepatocel-lular-chc\/#breadcrumb","itemListElement":[{"@type":"ListItem","position":1,"name":"Serveis M\u00e8dics de Cl\u00ednica ServiDigest","item":"https:\/\/dev.93-93-113-41.plesk.page\/ca\/servicios\/"},{"@type":"ListItem","position":2,"name":"Aparell digestiu","item":"https:\/\/dev.93-93-113-41.plesk.page\/ca\/servicios\/aparato-digestivo\/"},{"@type":"ListItem","position":3,"name":"Hepatologia. Malalties del fetge","item":"https:\/\/dev.93-93-113-41.plesk.page\/ca\/servicios\/aparato-digestivo\/hepatologia\/"},{"@type":"ListItem","position":4,"name":"C\u00e0ncer de Fetge o Carcinoma Hepatocel\u00b7lular (CHC)"}]},{"@type":"WebSite","@id":"https:\/\/dev.93-93-113-41.plesk.page\/ca\/#website","url":"https:\/\/dev.93-93-113-41.plesk.page\/ca\/","name":"Servidigest","description":"","publisher":{"@id":"https:\/\/dev.93-93-113-41.plesk.page\/ca\/#organization"},"potentialAction":[{"@type":"SearchAction","target":{"@type":"EntryPoint","urlTemplate":"https:\/\/dev.93-93-113-41.plesk.page\/ca\/?s={search_term_string}"},"query-input":"required name=search_term_string"}],"inLanguage":"ca"},{"@type":"Organization","@id":"https:\/\/dev.93-93-113-41.plesk.page\/ca\/#organization","name":"Servidigest","url":"https:\/\/dev.93-93-113-41.plesk.page\/ca\/","logo":{"@type":"ImageObject","inLanguage":"ca","@id":"https:\/\/dev.93-93-113-41.plesk.page\/ca\/#\/schema\/logo\/image\/","url":"https:\/\/dev.93-93-113-41.plesk.page\/wp-content\/uploads\/2024\/01\/servidigest.png","contentUrl":"https:\/\/dev.93-93-113-41.plesk.page\/wp-content\/uploads\/2024\/01\/servidigest.png","width":808,"height":88,"caption":"Servidigest"},"image":{"@id":"https:\/\/dev.93-93-113-41.plesk.page\/ca\/#\/schema\/logo\/image\/"},"sameAs":["https:\/\/www.facebook.com\/servidigest","https:\/\/x.com\/servidigest"]}]}},"_links":{"self":[{"href":"https:\/\/dev.93-93-113-41.plesk.page\/ca\/wp-json\/wp\/v2\/pages\/8778","targetHints":{"allow":["GET"]}}],"collection":[{"href":"https:\/\/dev.93-93-113-41.plesk.page\/ca\/wp-json\/wp\/v2\/pages"}],"about":[{"href":"https:\/\/dev.93-93-113-41.plesk.page\/ca\/wp-json\/wp\/v2\/types\/page"}],"author":[{"embeddable":true,"href":"https:\/\/dev.93-93-113-41.plesk.page\/ca\/wp-json\/wp\/v2\/users\/1"}],"replies":[{"embeddable":true,"href":"https:\/\/dev.93-93-113-41.plesk.page\/ca\/wp-json\/wp\/v2\/comments?post=8778"}],"version-history":[{"count":1,"href":"https:\/\/dev.93-93-113-41.plesk.page\/ca\/wp-json\/wp\/v2\/pages\/8778\/revisions"}],"predecessor-version":[{"id":34938,"href":"https:\/\/dev.93-93-113-41.plesk.page\/ca\/wp-json\/wp\/v2\/pages\/8778\/revisions\/34938"}],"up":[{"embeddable":true,"href":"https:\/\/dev.93-93-113-41.plesk.page\/ca\/wp-json\/wp\/v2\/pages\/7391"}],"wp:attachment":[{"href":"https:\/\/dev.93-93-113-41.plesk.page\/ca\/wp-json\/wp\/v2\/media?parent=8778"}],"curies":[{"name":"wp","href":"https:\/\/api.w.org\/{rel}","templated":true}]}}