{"id":8768,"date":"2015-05-28T15:36:01","date_gmt":"2015-05-28T13:36:01","guid":{"rendered":"https:\/\/dev.93-93-113-41.plesk.page\/?page_id=8768"},"modified":"2024-02-26T17:11:55","modified_gmt":"2024-02-26T16:11:55","slug":"hepatopatia-alcoholica","status":"publish","type":"page","link":"https:\/\/dev.93-93-113-41.plesk.page\/ca\/serveis\/aparell-digestiu\/hepatologia\/hepatopatia-alcoholica\/","title":{"rendered":"Hepatopatia Alcoh\u00f2lica"},"content":{"rendered":"<p><span style=\"color: #3366ff;\">Quins danys pot produir l&#8217;alcohol en el fetge?<\/span><\/p>\n<p>El fetge \u00e9s molt sensible a l&#8217;agressi\u00f3 que produeix l&#8217;alcohol. Quan hi ha una ingesta important d&#8217;alcohol (tant si \u00e9s puntual com si es consumeix massa alcohol de forma habitual) es poden observar diferents patrons: des de la hepatitis aguda alcoh\u00f2lica, infiltraci\u00f3 grassa amb inflamaci\u00f3 (esteatohepatitis) d&#8217;origen alcoh\u00f2lic o malaltia hep\u00e0tica terminal (cirrosi ). Quan una persona beu alcohol en exc\u00e9s \u00e9s important estudiar si la persona t\u00e9 depend\u00e8ncia a l&#8217;alcohol.<\/p>\n<p><span style=\"color: #3366ff;\">Quins s\u00edmptomes t\u00e9?<\/span><\/p>\n<p>Quan hi ha una hepatitis aguda, pot notar-se una tinci\u00f3 groguenca de la pell (icter\u00edcia), cansament o augment del per\u00edmetre de l&#8217;abdomen per acumulaci\u00f3 de l\u00edquid en el seu interior (ascites), entre altres signes. Quan la malaltia \u00e9s cr\u00f2nica, es poden objectivar els s\u00edmptomes t\u00edpics de la cirrosi, com el cansament, la p\u00e8rdua de massa muscular, la pres\u00e8ncia d&#8217;ascites, per\u00edodes de confusi\u00f3 o hemorr\u00e0gia digestiva si la malaltia es troba en una fase evolucionada.<\/p>\n<p><span style=\"color: #3366ff;\">Com es diagnostica?<\/span><\/p>\n<p>S&#8217;ha de sospitar en tot pacient amb consum excessiu d&#8217;alcohol. \u00c9s important realitzar una Ecografia per valorar l&#8217;estat del fetge, aix\u00ed com la realitzaci\u00f3 d&#8217;una Endosc\u00f2pia digestiva alta per descartar la pres\u00e8ncia de varius a l&#8217;es\u00f2fag.<br \/>\n\u00c9s recomanable la realitzaci\u00f3 d&#8217;una elastograf\u00eda de transici\u00f3 hep\u00e0tica (<a title=\"FibroScan 502 Touch-CAP\" href=\"\/?page_id=7399\">FibroScan CAP\u00ae<\/a>) per poder valorar el grau d&#8217;afectaci\u00f3 (fibrosi).<br \/>\nEn alguns casos pot ser necess\u00e0ria la bi\u00f2psia hep\u00e0tica.<\/p>\n<p><span style=\"color: #3366ff;\">Quin pron\u00f2stic t\u00e9?<\/span><\/p>\n<p>Consumir de forma cr\u00f2nica alcohol pot tenir conseq\u00fc\u00e8ncies nocives, sobretot a nivell del fetge. Quan hi ha una inflamaci\u00f3 cr\u00f2nica pot evolucionar a cirrosi hep\u00e0tica, que \u00e9s una condici\u00f3 irreversible. Deixar de beure alcohol abans que estigui instaurada la cirrosi pot prevenir la seva evoluci\u00f3.<\/p>\n<p><span style=\"color: #3366ff;\">Com es tracta?<\/span><\/p>\n<p>Abandonar el consum d&#8217;alcohol \u00e9s la primera mesura. Hi ha moltes unitats de suport per ajudar a la deshabituaci\u00f3. El tractament ha de ser individualitzat en funci\u00f3 del dany, el temps d&#8217;evoluci\u00f3, el tipus d&#8217;afectaci\u00f3 i les caracter\u00edstiques de cada pacient. En casos seleccionats es pot arribar a requerir el trasplantament hep\u00e0tic.<\/p>\n<p><span style=\"color: #3366ff;\">Com puc saber si bec massa alcohol?<\/span><\/p>\n<p>Existeixen diverses escales per con\u00e8ixer la quantitat d&#8217;alcohol que consumim, pot consultar al seu metge especialista per con\u00e8ixer si la quantitat del seu consum d&#8217;alcohol \u00e9s nociu.<\/p>\n","protected":false},"excerpt":{"rendered":"<div class=\"mh-excerpt\"><p>Quins danys pot produir l&#8217;alcohol en el fetge? El fetge \u00e9s molt sensible a l&#8217;agressi\u00f3 que produeix l&#8217;alcohol. Quan hi ha una ingesta important d&#8217;alcohol (tant si \u00e9s puntual com si es consumeix massa alcohol <a class=\"mh-excerpt-more\" href=\"https:\/\/dev.93-93-113-41.plesk.page\/ca\/serveis\/aparell-digestiu\/hepatologia\/hepatopatia-alcoholica\/\" title=\"Hepatopatia Alcoh\u00f2lica\">[&#8230;]<\/a><\/p>\n<\/div>","protected":false},"author":1,"featured_media":0,"parent":7391,"menu_order":14,"comment_status":"closed","ping_status":"closed","template":"","meta":{"footnotes":""},"class_list":["post-8768","page","type-page","status-publish"],"yoast_head":"<!-- This site is optimized with the Yoast SEO plugin v22.6 - https:\/\/yoast.com\/wordpress\/plugins\/seo\/ -->\n<title>Hepatopatia Alcoh\u00f2lica - Servidigest<\/title>\n<meta name=\"description\" content=\"El fetge \u00e9s molt sensible a l&#039;agressi\u00f3 que produeix l&#039;alcohol. Quan hi ha una ingesta important d&#039;alcohol (tant si \u00e9s puntual com si es consumeix massa alcohol de forma habitual) es poden observar diferents patrons: des de la hepatitis aguda alcoh\u00f2lica, infiltraci\u00f3 grassa amb inflamaci\u00f3 (esteatohepatitis) d&#039;origen alcoh\u00f2lic o malaltia hep\u00e0tica terminal (cirrosi ). Quan una persona beu alcohol en exc\u00e9s \u00e9s important estudiar si la persona t\u00e9 depend\u00e8ncia a l&#039;alcohol.\" \/>\n<meta name=\"robots\" content=\"index, follow, max-snippet:-1, max-image-preview:large, max-video-preview:-1\" \/>\n<link rel=\"canonical\" href=\"https:\/\/dev.93-93-113-41.plesk.page\/ca\/serveis\/aparell-digestiu\/hepatologia\/hepatopatia-alcoholica\/\" \/>\n<meta property=\"og:locale\" content=\"ca_ES\" \/>\n<meta property=\"og:type\" content=\"article\" \/>\n<meta property=\"og:title\" content=\"Hepatopatia Alcoh\u00f2lica - Servidigest\" \/>\n<meta property=\"og:description\" content=\"El fetge \u00e9s molt sensible a l&#039;agressi\u00f3 que produeix l&#039;alcohol. Quan hi ha una ingesta important d&#039;alcohol (tant si \u00e9s puntual com si es consumeix massa alcohol de forma habitual) es poden observar diferents patrons: des de la hepatitis aguda alcoh\u00f2lica, infiltraci\u00f3 grassa amb inflamaci\u00f3 (esteatohepatitis) d&#039;origen alcoh\u00f2lic o malaltia hep\u00e0tica terminal (cirrosi ). Quan una persona beu alcohol en exc\u00e9s \u00e9s important estudiar si la persona t\u00e9 depend\u00e8ncia a l&#039;alcohol.\" \/>\n<meta property=\"og:url\" content=\"https:\/\/dev.93-93-113-41.plesk.page\/ca\/serveis\/aparell-digestiu\/hepatologia\/hepatopatia-alcoholica\/\" \/>\n<meta property=\"og:site_name\" content=\"Servidigest\" \/>\n<meta property=\"article:publisher\" content=\"https:\/\/www.facebook.com\/servidigest\" \/>\n<meta property=\"article:modified_time\" content=\"2024-02-26T16:11:55+00:00\" \/>\n<meta name=\"twitter:card\" content=\"summary_large_image\" \/>\n<meta name=\"twitter:site\" content=\"@servidigest\" \/>\n<meta name=\"twitter:label1\" content=\"Est. reading time\" \/>\n\t<meta name=\"twitter:data1\" content=\"2 minutes\" \/>\n<script type=\"application\/ld+json\" class=\"yoast-schema-graph\">{\"@context\":\"https:\/\/schema.org\",\"@graph\":[{\"@type\":\"WebPage\",\"@id\":\"https:\/\/dev.93-93-113-41.plesk.page\/ca\/serveis\/aparell-digestiu\/hepatologia\/hepatopatia-alcoholica\/\",\"url\":\"https:\/\/dev.93-93-113-41.plesk.page\/ca\/serveis\/aparell-digestiu\/hepatologia\/hepatopatia-alcoholica\/\",\"name\":\"Hepatopatia Alcoh\u00f2lica - Servidigest\",\"isPartOf\":{\"@id\":\"https:\/\/dev.93-93-113-41.plesk.page\/ca\/#website\"},\"datePublished\":\"2015-05-28T13:36:01+00:00\",\"dateModified\":\"2024-02-26T16:11:55+00:00\",\"description\":\"El fetge \u00e9s molt sensible a l'agressi\u00f3 que produeix l'alcohol. Quan hi ha una ingesta important d'alcohol (tant si \u00e9s puntual com si es consumeix massa alcohol de forma habitual) es poden observar diferents patrons: des de la hepatitis aguda alcoh\u00f2lica, infiltraci\u00f3 grassa amb inflamaci\u00f3 (esteatohepatitis) d'origen alcoh\u00f2lic o malaltia hep\u00e0tica terminal (cirrosi ). Quan una persona beu alcohol en exc\u00e9s \u00e9s important estudiar si la persona t\u00e9 depend\u00e8ncia a l'alcohol.\",\"breadcrumb\":{\"@id\":\"https:\/\/dev.93-93-113-41.plesk.page\/ca\/serveis\/aparell-digestiu\/hepatologia\/hepatopatia-alcoholica\/#breadcrumb\"},\"inLanguage\":\"ca\",\"potentialAction\":[{\"@type\":\"ReadAction\",\"target\":[\"https:\/\/dev.93-93-113-41.plesk.page\/ca\/serveis\/aparell-digestiu\/hepatologia\/hepatopatia-alcoholica\/\"]}]},{\"@type\":\"BreadcrumbList\",\"@id\":\"https:\/\/dev.93-93-113-41.plesk.page\/ca\/serveis\/aparell-digestiu\/hepatologia\/hepatopatia-alcoholica\/#breadcrumb\",\"itemListElement\":[{\"@type\":\"ListItem\",\"position\":1,\"name\":\"Serveis M\u00e8dics de Cl\u00ednica ServiDigest\",\"item\":\"https:\/\/dev.93-93-113-41.plesk.page\/ca\/servicios\/\"},{\"@type\":\"ListItem\",\"position\":2,\"name\":\"Aparell digestiu\",\"item\":\"https:\/\/dev.93-93-113-41.plesk.page\/ca\/servicios\/aparato-digestivo\/\"},{\"@type\":\"ListItem\",\"position\":3,\"name\":\"Hepatologia. Malalties del fetge\",\"item\":\"https:\/\/dev.93-93-113-41.plesk.page\/ca\/servicios\/aparato-digestivo\/hepatologia\/\"},{\"@type\":\"ListItem\",\"position\":4,\"name\":\"Hepatopatia Alcoh\u00f2lica\"}]},{\"@type\":\"WebSite\",\"@id\":\"https:\/\/dev.93-93-113-41.plesk.page\/ca\/#website\",\"url\":\"https:\/\/dev.93-93-113-41.plesk.page\/ca\/\",\"name\":\"Servidigest\",\"description\":\"\",\"publisher\":{\"@id\":\"https:\/\/dev.93-93-113-41.plesk.page\/ca\/#organization\"},\"potentialAction\":[{\"@type\":\"SearchAction\",\"target\":{\"@type\":\"EntryPoint\",\"urlTemplate\":\"https:\/\/dev.93-93-113-41.plesk.page\/ca\/?s={search_term_string}\"},\"query-input\":\"required name=search_term_string\"}],\"inLanguage\":\"ca\"},{\"@type\":\"Organization\",\"@id\":\"https:\/\/dev.93-93-113-41.plesk.page\/ca\/#organization\",\"name\":\"Servidigest\",\"url\":\"https:\/\/dev.93-93-113-41.plesk.page\/ca\/\",\"logo\":{\"@type\":\"ImageObject\",\"inLanguage\":\"ca\",\"@id\":\"https:\/\/dev.93-93-113-41.plesk.page\/ca\/#\/schema\/logo\/image\/\",\"url\":\"https:\/\/dev.93-93-113-41.plesk.page\/wp-content\/uploads\/2024\/01\/servidigest.png\",\"contentUrl\":\"https:\/\/dev.93-93-113-41.plesk.page\/wp-content\/uploads\/2024\/01\/servidigest.png\",\"width\":808,\"height\":88,\"caption\":\"Servidigest\"},\"image\":{\"@id\":\"https:\/\/dev.93-93-113-41.plesk.page\/ca\/#\/schema\/logo\/image\/\"},\"sameAs\":[\"https:\/\/www.facebook.com\/servidigest\",\"https:\/\/x.com\/servidigest\"]}]}<\/script>\n<!-- \/ Yoast SEO plugin. -->","yoast_head_json":{"title":"Hepatopatia Alcoh\u00f2lica - Servidigest","description":"El fetge \u00e9s molt sensible a l'agressi\u00f3 que produeix l'alcohol. Quan hi ha una ingesta important d'alcohol (tant si \u00e9s puntual com si es consumeix massa alcohol de forma habitual) es poden observar diferents patrons: des de la hepatitis aguda alcoh\u00f2lica, infiltraci\u00f3 grassa amb inflamaci\u00f3 (esteatohepatitis) d'origen alcoh\u00f2lic o malaltia hep\u00e0tica terminal (cirrosi ). Quan una persona beu alcohol en exc\u00e9s \u00e9s important estudiar si la persona t\u00e9 depend\u00e8ncia a l'alcohol.","robots":{"index":"index","follow":"follow","max-snippet":"max-snippet:-1","max-image-preview":"max-image-preview:large","max-video-preview":"max-video-preview:-1"},"canonical":"https:\/\/dev.93-93-113-41.plesk.page\/ca\/serveis\/aparell-digestiu\/hepatologia\/hepatopatia-alcoholica\/","og_locale":"ca_ES","og_type":"article","og_title":"Hepatopatia Alcoh\u00f2lica - Servidigest","og_description":"El fetge \u00e9s molt sensible a l'agressi\u00f3 que produeix l'alcohol. Quan hi ha una ingesta important d'alcohol (tant si \u00e9s puntual com si es consumeix massa alcohol de forma habitual) es poden observar diferents patrons: des de la hepatitis aguda alcoh\u00f2lica, infiltraci\u00f3 grassa amb inflamaci\u00f3 (esteatohepatitis) d'origen alcoh\u00f2lic o malaltia hep\u00e0tica terminal (cirrosi ). Quan una persona beu alcohol en exc\u00e9s \u00e9s important estudiar si la persona t\u00e9 depend\u00e8ncia a l'alcohol.","og_url":"https:\/\/dev.93-93-113-41.plesk.page\/ca\/serveis\/aparell-digestiu\/hepatologia\/hepatopatia-alcoholica\/","og_site_name":"Servidigest","article_publisher":"https:\/\/www.facebook.com\/servidigest","article_modified_time":"2024-02-26T16:11:55+00:00","twitter_card":"summary_large_image","twitter_site":"@servidigest","twitter_misc":{"Est. reading time":"2 minutes"},"schema":{"@context":"https:\/\/schema.org","@graph":[{"@type":"WebPage","@id":"https:\/\/dev.93-93-113-41.plesk.page\/ca\/serveis\/aparell-digestiu\/hepatologia\/hepatopatia-alcoholica\/","url":"https:\/\/dev.93-93-113-41.plesk.page\/ca\/serveis\/aparell-digestiu\/hepatologia\/hepatopatia-alcoholica\/","name":"Hepatopatia Alcoh\u00f2lica - Servidigest","isPartOf":{"@id":"https:\/\/dev.93-93-113-41.plesk.page\/ca\/#website"},"datePublished":"2015-05-28T13:36:01+00:00","dateModified":"2024-02-26T16:11:55+00:00","description":"El fetge \u00e9s molt sensible a l'agressi\u00f3 que produeix l'alcohol. Quan hi ha una ingesta important d'alcohol (tant si \u00e9s puntual com si es consumeix massa alcohol de forma habitual) es poden observar diferents patrons: des de la hepatitis aguda alcoh\u00f2lica, infiltraci\u00f3 grassa amb inflamaci\u00f3 (esteatohepatitis) d'origen alcoh\u00f2lic o malaltia hep\u00e0tica terminal (cirrosi ). Quan una persona beu alcohol en exc\u00e9s \u00e9s important estudiar si la persona t\u00e9 depend\u00e8ncia a l'alcohol.","breadcrumb":{"@id":"https:\/\/dev.93-93-113-41.plesk.page\/ca\/serveis\/aparell-digestiu\/hepatologia\/hepatopatia-alcoholica\/#breadcrumb"},"inLanguage":"ca","potentialAction":[{"@type":"ReadAction","target":["https:\/\/dev.93-93-113-41.plesk.page\/ca\/serveis\/aparell-digestiu\/hepatologia\/hepatopatia-alcoholica\/"]}]},{"@type":"BreadcrumbList","@id":"https:\/\/dev.93-93-113-41.plesk.page\/ca\/serveis\/aparell-digestiu\/hepatologia\/hepatopatia-alcoholica\/#breadcrumb","itemListElement":[{"@type":"ListItem","position":1,"name":"Serveis M\u00e8dics de Cl\u00ednica ServiDigest","item":"https:\/\/dev.93-93-113-41.plesk.page\/ca\/servicios\/"},{"@type":"ListItem","position":2,"name":"Aparell digestiu","item":"https:\/\/dev.93-93-113-41.plesk.page\/ca\/servicios\/aparato-digestivo\/"},{"@type":"ListItem","position":3,"name":"Hepatologia. Malalties del fetge","item":"https:\/\/dev.93-93-113-41.plesk.page\/ca\/servicios\/aparato-digestivo\/hepatologia\/"},{"@type":"ListItem","position":4,"name":"Hepatopatia Alcoh\u00f2lica"}]},{"@type":"WebSite","@id":"https:\/\/dev.93-93-113-41.plesk.page\/ca\/#website","url":"https:\/\/dev.93-93-113-41.plesk.page\/ca\/","name":"Servidigest","description":"","publisher":{"@id":"https:\/\/dev.93-93-113-41.plesk.page\/ca\/#organization"},"potentialAction":[{"@type":"SearchAction","target":{"@type":"EntryPoint","urlTemplate":"https:\/\/dev.93-93-113-41.plesk.page\/ca\/?s={search_term_string}"},"query-input":"required name=search_term_string"}],"inLanguage":"ca"},{"@type":"Organization","@id":"https:\/\/dev.93-93-113-41.plesk.page\/ca\/#organization","name":"Servidigest","url":"https:\/\/dev.93-93-113-41.plesk.page\/ca\/","logo":{"@type":"ImageObject","inLanguage":"ca","@id":"https:\/\/dev.93-93-113-41.plesk.page\/ca\/#\/schema\/logo\/image\/","url":"https:\/\/dev.93-93-113-41.plesk.page\/wp-content\/uploads\/2024\/01\/servidigest.png","contentUrl":"https:\/\/dev.93-93-113-41.plesk.page\/wp-content\/uploads\/2024\/01\/servidigest.png","width":808,"height":88,"caption":"Servidigest"},"image":{"@id":"https:\/\/dev.93-93-113-41.plesk.page\/ca\/#\/schema\/logo\/image\/"},"sameAs":["https:\/\/www.facebook.com\/servidigest","https:\/\/x.com\/servidigest"]}]}},"_links":{"self":[{"href":"https:\/\/dev.93-93-113-41.plesk.page\/ca\/wp-json\/wp\/v2\/pages\/8768","targetHints":{"allow":["GET"]}}],"collection":[{"href":"https:\/\/dev.93-93-113-41.plesk.page\/ca\/wp-json\/wp\/v2\/pages"}],"about":[{"href":"https:\/\/dev.93-93-113-41.plesk.page\/ca\/wp-json\/wp\/v2\/types\/page"}],"author":[{"embeddable":true,"href":"https:\/\/dev.93-93-113-41.plesk.page\/ca\/wp-json\/wp\/v2\/users\/1"}],"replies":[{"embeddable":true,"href":"https:\/\/dev.93-93-113-41.plesk.page\/ca\/wp-json\/wp\/v2\/comments?post=8768"}],"version-history":[{"count":1,"href":"https:\/\/dev.93-93-113-41.plesk.page\/ca\/wp-json\/wp\/v2\/pages\/8768\/revisions"}],"predecessor-version":[{"id":34934,"href":"https:\/\/dev.93-93-113-41.plesk.page\/ca\/wp-json\/wp\/v2\/pages\/8768\/revisions\/34934"}],"up":[{"embeddable":true,"href":"https:\/\/dev.93-93-113-41.plesk.page\/ca\/wp-json\/wp\/v2\/pages\/7391"}],"wp:attachment":[{"href":"https:\/\/dev.93-93-113-41.plesk.page\/ca\/wp-json\/wp\/v2\/media?parent=8768"}],"curies":[{"name":"wp","href":"https:\/\/api.w.org\/{rel}","templated":true}]}}