{"id":8753,"date":"2015-05-28T15:07:52","date_gmt":"2015-05-28T13:07:52","guid":{"rendered":"https:\/\/dev.93-93-113-41.plesk.page\/?page_id=8753"},"modified":"2024-06-01T12:20:22","modified_gmt":"2024-06-01T10:20:22","slug":"cirrosi-biliar-primaria","status":"publish","type":"page","link":"https:\/\/dev.93-93-113-41.plesk.page\/ca\/serveis\/aparell-digestiu\/hepatologia\/cirrosi-biliar-primaria\/","title":{"rendered":"Cirrosi Biliar Prim\u00e0ria"},"content":{"rendered":"<h2>Qu\u00e8 \u00e9s la Cirrosi Biliar Prim\u00e0ria?<\/h2>\n<p>La Cirrosi Biliar Prim\u00e0ria (CBP) \u00e9s una malaltia cr\u00f2nica d&#8217;origen probablement autoimmune en la qual hi ha una desaparici\u00f3 de les vies biliars de mitj\u00e0 i petit calibre. Afecta sobretot a les dones entre els 40 i els 60 anys. Malgrat el seu nom, no tots els pacients que tenen aquesta malaltia s\u00f3n cirr\u00f2tics.<\/p>\n<h2>Quins s\u00edmptomes t\u00e9?<\/h2>\n<p>Els s\u00edmptomes s\u00f3n molt inespec\u00edfics. Fins a un quart dels pacients el diagn\u00f2stic es realitza com una troballa casual. El s\u00edmptoma predominant \u00e9s el cansament, seguit de la picor generalitzat. Alguns pacients presenten mol\u00e8sties a la part superior dreta de l&#8217;abdomen.<\/p>\n<h2>Quins signes t\u00e9?<\/h2>\n<p>En l&#8217;exploraci\u00f3 f\u00edsica es pot detectar un augment de la mida normal del fetge, aix\u00ed com un augment de la pigmentaci\u00f3 de la pell. La coloraci\u00f3 groguenca de la pell (icter\u00edcia) pot estar present tamb\u00e9. En fases avan\u00e7ades de la malaltia es poden trobar petits dip\u00f2sits de greix a les parpelles anomenats xantelasmes.<\/p>\n<p>Quan hi ha una malaltia hep\u00e0tica avan\u00e7ada poden trobar signes secundaris a l&#8217;augment de la pressi\u00f3 dels vasos venosos abdominals (hipertensi\u00f3 portal) com per exemple augment del per\u00edmetre abdominal per acumulaci\u00f3 de l\u00edquid (ascites) o augment de la mida de la melsa (esplenomeg\u00e0lia).<\/p>\n<h2>Com es diagnostica?<\/h2>\n<p>Per realitzar el diagn\u00f2stic cal fer una anal\u00edtica completa en la qual s&#8217;observi una elevaci\u00f3 dels enzims que indiquen dany en les vies biliars. La bilirubina pot estar elevada o no. Tamb\u00e9 \u00e9s freq\u00fcent trobar elevaci\u00f3 de la immunoglobulina M (IgM). El m\u00e9s espec\u00edfic per diagnosticar aquesta malaltia \u00e9s la positivitat per als anticossos antimitocondrials (AMA), que es troba fins en un 95% dels pacients. Hi pot haver alteraci\u00f3 dels enzims hep\u00e0tics o alteracions pr\u00f2pies de la hipertensi\u00f3 portal i la cirrosi en el cas que estiguin instaurades.<\/p>\n<p>\u00c9s important descartar una obstrucci\u00f3 de la via biliar mitjan\u00e7ant una prova d&#8217;imatge com ara la Ecografia, la tomografia axial computeritzada (TAC) o una resson\u00e0ncia magn\u00e8tica (RM). En ocasions es pot trobar inflamaci\u00f3 dels ganglis. Les proves d&#8217;imatge tamb\u00e9 s\u00f3n \u00fatils per estudiar signes de malaltia hep\u00e0tica avan\u00e7ada (cirrosi).<\/p>\n<p>La fibrosi es pot mesurar a trav\u00e9s de t\u00e8cniques de elastograf\u00eda de transici\u00f3 hep\u00e0tica (<a title=\"FibroScan 502 Touch-CAP\" href=\"\/?page_id=7399\">FibroScan CAP\u00ae<\/a>).<\/p>\n<h2>Quin pron\u00f2stic t\u00e9?<\/h2>\n<p>Un pacient diagnosticat de Cirrosi biliar prim\u00e0ria sense tractament, probablement progressar\u00e0 en el temps cap a una malaltia hep\u00e0tica avan\u00e7ada amb totes les complicacions derivades d&#8217;aquesta. No obstant aix\u00f2, amb un tractament adequat, es pot aconseguir frenar la malaltia de forma satisfact\u00f2ria. Un dels s\u00edmptomes que pot originar m\u00e9s mol\u00e8sties \u00e9s la picor de pell (pru\u00efja), per al qual hi ha m\u00faltiples alternatives terap\u00e8utiques.<\/p>\n<h2>Com es tracta?<\/h2>\n<p>El principal tractament \u00e9s l&#8217;\u00c0cid ursodesoxic\u00f2lic ja que aconsegueix frenar el curs de la malaltia.<br \/>\nExisteixen tractaments immunosupressors (com el Metotrexate) amb el qual es pot observar una millora de les an\u00e0lisis de laboratori aix\u00ed com de la histologia hep\u00e0tica.<br \/>\nPer al tractament de la picor de pell (pru\u00efja) ha m\u00faltiples opcions que van des de l&#8217;\u00fas d&#8217;antihistam\u00ednics fins el recanvi plasm\u00e0tic en casos greus i refractaris.<\/p>\n","protected":false},"excerpt":{"rendered":"<div class=\"mh-excerpt\"><p>Qu\u00e8 \u00e9s la Cirrosi Biliar Prim\u00e0ria? La Cirrosi Biliar Prim\u00e0ria (CBP) \u00e9s una malaltia cr\u00f2nica d&#8217;origen probablement autoimmune en la qual hi ha una desaparici\u00f3 de les vies biliars de mitj\u00e0 i petit calibre. Afecta <a class=\"mh-excerpt-more\" href=\"https:\/\/dev.93-93-113-41.plesk.page\/ca\/serveis\/aparell-digestiu\/hepatologia\/cirrosi-biliar-primaria\/\" title=\"Cirrosi Biliar Prim\u00e0ria\">[&#8230;]<\/a><\/p>\n<\/div>","protected":false},"author":1,"featured_media":0,"parent":7391,"menu_order":8,"comment_status":"closed","ping_status":"closed","template":"","meta":{"footnotes":""},"class_list":["post-8753","page","type-page","status-publish"],"yoast_head":"<!-- This site is optimized with the Yoast SEO plugin v22.6 - https:\/\/yoast.com\/wordpress\/plugins\/seo\/ -->\n<title>Cirrosi Biliar Prim\u00e0ria - Servidigest<\/title>\n<meta name=\"description\" content=\"La Cirrosi Biliar Prim\u00e0ria (CBP) \u00e9s una malaltia cr\u00f2nica d&#039;origen probablement autoimmune en la qual hi ha una desaparici\u00f3 de les vies biliars de mitj\u00e0 i petit calibre. Afecta sobretot a les dones entre els 40 i els 60 anys. Malgrat el seu nom, no tots els pacients que tenen aquesta malaltia s\u00f3n cirr\u00f2tics.\" \/>\n<meta name=\"robots\" content=\"index, follow, max-snippet:-1, max-image-preview:large, max-video-preview:-1\" \/>\n<link rel=\"canonical\" href=\"https:\/\/dev.93-93-113-41.plesk.page\/ca\/serveis\/aparell-digestiu\/hepatologia\/cirrosi-biliar-primaria\/\" \/>\n<meta property=\"og:locale\" content=\"ca_ES\" \/>\n<meta property=\"og:type\" content=\"article\" \/>\n<meta property=\"og:title\" content=\"Cirrosi Biliar Prim\u00e0ria - Servidigest\" \/>\n<meta property=\"og:description\" content=\"La Cirrosi Biliar Prim\u00e0ria (CBP) \u00e9s una malaltia cr\u00f2nica d&#039;origen probablement autoimmune en la qual hi ha una desaparici\u00f3 de les vies biliars de mitj\u00e0 i petit calibre. Afecta sobretot a les dones entre els 40 i els 60 anys. Malgrat el seu nom, no tots els pacients que tenen aquesta malaltia s\u00f3n cirr\u00f2tics.\" \/>\n<meta property=\"og:url\" content=\"https:\/\/dev.93-93-113-41.plesk.page\/ca\/serveis\/aparell-digestiu\/hepatologia\/cirrosi-biliar-primaria\/\" \/>\n<meta property=\"og:site_name\" content=\"Servidigest\" \/>\n<meta property=\"article:publisher\" content=\"https:\/\/www.facebook.com\/servidigest\" \/>\n<meta property=\"article:modified_time\" content=\"2024-06-01T10:20:22+00:00\" \/>\n<meta name=\"twitter:card\" content=\"summary_large_image\" \/>\n<meta name=\"twitter:site\" content=\"@servidigest\" \/>\n<meta name=\"twitter:label1\" content=\"Est. reading time\" \/>\n\t<meta name=\"twitter:data1\" content=\"3 minutes\" \/>\n<script type=\"application\/ld+json\" class=\"yoast-schema-graph\">{\"@context\":\"https:\/\/schema.org\",\"@graph\":[{\"@type\":\"WebPage\",\"@id\":\"https:\/\/dev.93-93-113-41.plesk.page\/ca\/serveis\/aparell-digestiu\/hepatologia\/cirrosi-biliar-primaria\/\",\"url\":\"https:\/\/dev.93-93-113-41.plesk.page\/ca\/serveis\/aparell-digestiu\/hepatologia\/cirrosi-biliar-primaria\/\",\"name\":\"Cirrosi Biliar Prim\u00e0ria - Servidigest\",\"isPartOf\":{\"@id\":\"https:\/\/dev.93-93-113-41.plesk.page\/ca\/#website\"},\"datePublished\":\"2015-05-28T13:07:52+00:00\",\"dateModified\":\"2024-06-01T10:20:22+00:00\",\"description\":\"La Cirrosi Biliar Prim\u00e0ria (CBP) \u00e9s una malaltia cr\u00f2nica d'origen probablement autoimmune en la qual hi ha una desaparici\u00f3 de les vies biliars de mitj\u00e0 i petit calibre. Afecta sobretot a les dones entre els 40 i els 60 anys. Malgrat el seu nom, no tots els pacients que tenen aquesta malaltia s\u00f3n cirr\u00f2tics.\",\"breadcrumb\":{\"@id\":\"https:\/\/dev.93-93-113-41.plesk.page\/ca\/serveis\/aparell-digestiu\/hepatologia\/cirrosi-biliar-primaria\/#breadcrumb\"},\"inLanguage\":\"ca\",\"potentialAction\":[{\"@type\":\"ReadAction\",\"target\":[\"https:\/\/dev.93-93-113-41.plesk.page\/ca\/serveis\/aparell-digestiu\/hepatologia\/cirrosi-biliar-primaria\/\"]}]},{\"@type\":\"BreadcrumbList\",\"@id\":\"https:\/\/dev.93-93-113-41.plesk.page\/ca\/serveis\/aparell-digestiu\/hepatologia\/cirrosi-biliar-primaria\/#breadcrumb\",\"itemListElement\":[{\"@type\":\"ListItem\",\"position\":1,\"name\":\"Serveis M\u00e8dics de Cl\u00ednica ServiDigest\",\"item\":\"https:\/\/dev.93-93-113-41.plesk.page\/ca\/servicios\/\"},{\"@type\":\"ListItem\",\"position\":2,\"name\":\"Aparell digestiu\",\"item\":\"https:\/\/dev.93-93-113-41.plesk.page\/ca\/servicios\/aparato-digestivo\/\"},{\"@type\":\"ListItem\",\"position\":3,\"name\":\"Hepatologia. Malalties del fetge\",\"item\":\"https:\/\/dev.93-93-113-41.plesk.page\/ca\/servicios\/aparato-digestivo\/hepatologia\/\"},{\"@type\":\"ListItem\",\"position\":4,\"name\":\"Cirrosi Biliar Prim\u00e0ria\"}]},{\"@type\":\"WebSite\",\"@id\":\"https:\/\/dev.93-93-113-41.plesk.page\/ca\/#website\",\"url\":\"https:\/\/dev.93-93-113-41.plesk.page\/ca\/\",\"name\":\"Servidigest\",\"description\":\"\",\"publisher\":{\"@id\":\"https:\/\/dev.93-93-113-41.plesk.page\/ca\/#organization\"},\"potentialAction\":[{\"@type\":\"SearchAction\",\"target\":{\"@type\":\"EntryPoint\",\"urlTemplate\":\"https:\/\/dev.93-93-113-41.plesk.page\/ca\/?s={search_term_string}\"},\"query-input\":\"required name=search_term_string\"}],\"inLanguage\":\"ca\"},{\"@type\":\"Organization\",\"@id\":\"https:\/\/dev.93-93-113-41.plesk.page\/ca\/#organization\",\"name\":\"Servidigest\",\"url\":\"https:\/\/dev.93-93-113-41.plesk.page\/ca\/\",\"logo\":{\"@type\":\"ImageObject\",\"inLanguage\":\"ca\",\"@id\":\"https:\/\/dev.93-93-113-41.plesk.page\/ca\/#\/schema\/logo\/image\/\",\"url\":\"https:\/\/dev.93-93-113-41.plesk.page\/wp-content\/uploads\/2024\/01\/servidigest.png\",\"contentUrl\":\"https:\/\/dev.93-93-113-41.plesk.page\/wp-content\/uploads\/2024\/01\/servidigest.png\",\"width\":808,\"height\":88,\"caption\":\"Servidigest\"},\"image\":{\"@id\":\"https:\/\/dev.93-93-113-41.plesk.page\/ca\/#\/schema\/logo\/image\/\"},\"sameAs\":[\"https:\/\/www.facebook.com\/servidigest\",\"https:\/\/x.com\/servidigest\"]}]}<\/script>\n<!-- \/ Yoast SEO plugin. -->","yoast_head_json":{"title":"Cirrosi Biliar Prim\u00e0ria - Servidigest","description":"La Cirrosi Biliar Prim\u00e0ria (CBP) \u00e9s una malaltia cr\u00f2nica d'origen probablement autoimmune en la qual hi ha una desaparici\u00f3 de les vies biliars de mitj\u00e0 i petit calibre. Afecta sobretot a les dones entre els 40 i els 60 anys. Malgrat el seu nom, no tots els pacients que tenen aquesta malaltia s\u00f3n cirr\u00f2tics.","robots":{"index":"index","follow":"follow","max-snippet":"max-snippet:-1","max-image-preview":"max-image-preview:large","max-video-preview":"max-video-preview:-1"},"canonical":"https:\/\/dev.93-93-113-41.plesk.page\/ca\/serveis\/aparell-digestiu\/hepatologia\/cirrosi-biliar-primaria\/","og_locale":"ca_ES","og_type":"article","og_title":"Cirrosi Biliar Prim\u00e0ria - Servidigest","og_description":"La Cirrosi Biliar Prim\u00e0ria (CBP) \u00e9s una malaltia cr\u00f2nica d'origen probablement autoimmune en la qual hi ha una desaparici\u00f3 de les vies biliars de mitj\u00e0 i petit calibre. Afecta sobretot a les dones entre els 40 i els 60 anys. Malgrat el seu nom, no tots els pacients que tenen aquesta malaltia s\u00f3n cirr\u00f2tics.","og_url":"https:\/\/dev.93-93-113-41.plesk.page\/ca\/serveis\/aparell-digestiu\/hepatologia\/cirrosi-biliar-primaria\/","og_site_name":"Servidigest","article_publisher":"https:\/\/www.facebook.com\/servidigest","article_modified_time":"2024-06-01T10:20:22+00:00","twitter_card":"summary_large_image","twitter_site":"@servidigest","twitter_misc":{"Est. reading time":"3 minutes"},"schema":{"@context":"https:\/\/schema.org","@graph":[{"@type":"WebPage","@id":"https:\/\/dev.93-93-113-41.plesk.page\/ca\/serveis\/aparell-digestiu\/hepatologia\/cirrosi-biliar-primaria\/","url":"https:\/\/dev.93-93-113-41.plesk.page\/ca\/serveis\/aparell-digestiu\/hepatologia\/cirrosi-biliar-primaria\/","name":"Cirrosi Biliar Prim\u00e0ria - Servidigest","isPartOf":{"@id":"https:\/\/dev.93-93-113-41.plesk.page\/ca\/#website"},"datePublished":"2015-05-28T13:07:52+00:00","dateModified":"2024-06-01T10:20:22+00:00","description":"La Cirrosi Biliar Prim\u00e0ria (CBP) \u00e9s una malaltia cr\u00f2nica d'origen probablement autoimmune en la qual hi ha una desaparici\u00f3 de les vies biliars de mitj\u00e0 i petit calibre. Afecta sobretot a les dones entre els 40 i els 60 anys. Malgrat el seu nom, no tots els pacients que tenen aquesta malaltia s\u00f3n cirr\u00f2tics.","breadcrumb":{"@id":"https:\/\/dev.93-93-113-41.plesk.page\/ca\/serveis\/aparell-digestiu\/hepatologia\/cirrosi-biliar-primaria\/#breadcrumb"},"inLanguage":"ca","potentialAction":[{"@type":"ReadAction","target":["https:\/\/dev.93-93-113-41.plesk.page\/ca\/serveis\/aparell-digestiu\/hepatologia\/cirrosi-biliar-primaria\/"]}]},{"@type":"BreadcrumbList","@id":"https:\/\/dev.93-93-113-41.plesk.page\/ca\/serveis\/aparell-digestiu\/hepatologia\/cirrosi-biliar-primaria\/#breadcrumb","itemListElement":[{"@type":"ListItem","position":1,"name":"Serveis M\u00e8dics de Cl\u00ednica ServiDigest","item":"https:\/\/dev.93-93-113-41.plesk.page\/ca\/servicios\/"},{"@type":"ListItem","position":2,"name":"Aparell digestiu","item":"https:\/\/dev.93-93-113-41.plesk.page\/ca\/servicios\/aparato-digestivo\/"},{"@type":"ListItem","position":3,"name":"Hepatologia. Malalties del fetge","item":"https:\/\/dev.93-93-113-41.plesk.page\/ca\/servicios\/aparato-digestivo\/hepatologia\/"},{"@type":"ListItem","position":4,"name":"Cirrosi Biliar Prim\u00e0ria"}]},{"@type":"WebSite","@id":"https:\/\/dev.93-93-113-41.plesk.page\/ca\/#website","url":"https:\/\/dev.93-93-113-41.plesk.page\/ca\/","name":"Servidigest","description":"","publisher":{"@id":"https:\/\/dev.93-93-113-41.plesk.page\/ca\/#organization"},"potentialAction":[{"@type":"SearchAction","target":{"@type":"EntryPoint","urlTemplate":"https:\/\/dev.93-93-113-41.plesk.page\/ca\/?s={search_term_string}"},"query-input":"required name=search_term_string"}],"inLanguage":"ca"},{"@type":"Organization","@id":"https:\/\/dev.93-93-113-41.plesk.page\/ca\/#organization","name":"Servidigest","url":"https:\/\/dev.93-93-113-41.plesk.page\/ca\/","logo":{"@type":"ImageObject","inLanguage":"ca","@id":"https:\/\/dev.93-93-113-41.plesk.page\/ca\/#\/schema\/logo\/image\/","url":"https:\/\/dev.93-93-113-41.plesk.page\/wp-content\/uploads\/2024\/01\/servidigest.png","contentUrl":"https:\/\/dev.93-93-113-41.plesk.page\/wp-content\/uploads\/2024\/01\/servidigest.png","width":808,"height":88,"caption":"Servidigest"},"image":{"@id":"https:\/\/dev.93-93-113-41.plesk.page\/ca\/#\/schema\/logo\/image\/"},"sameAs":["https:\/\/www.facebook.com\/servidigest","https:\/\/x.com\/servidigest"]}]}},"_links":{"self":[{"href":"https:\/\/dev.93-93-113-41.plesk.page\/ca\/wp-json\/wp\/v2\/pages\/8753","targetHints":{"allow":["GET"]}}],"collection":[{"href":"https:\/\/dev.93-93-113-41.plesk.page\/ca\/wp-json\/wp\/v2\/pages"}],"about":[{"href":"https:\/\/dev.93-93-113-41.plesk.page\/ca\/wp-json\/wp\/v2\/types\/page"}],"author":[{"embeddable":true,"href":"https:\/\/dev.93-93-113-41.plesk.page\/ca\/wp-json\/wp\/v2\/users\/1"}],"replies":[{"embeddable":true,"href":"https:\/\/dev.93-93-113-41.plesk.page\/ca\/wp-json\/wp\/v2\/comments?post=8753"}],"version-history":[{"count":2,"href":"https:\/\/dev.93-93-113-41.plesk.page\/ca\/wp-json\/wp\/v2\/pages\/8753\/revisions"}],"predecessor-version":[{"id":40769,"href":"https:\/\/dev.93-93-113-41.plesk.page\/ca\/wp-json\/wp\/v2\/pages\/8753\/revisions\/40769"}],"up":[{"embeddable":true,"href":"https:\/\/dev.93-93-113-41.plesk.page\/ca\/wp-json\/wp\/v2\/pages\/7391"}],"wp:attachment":[{"href":"https:\/\/dev.93-93-113-41.plesk.page\/ca\/wp-json\/wp\/v2\/media?parent=8753"}],"curies":[{"name":"wp","href":"https:\/\/api.w.org\/{rel}","templated":true}]}}