{"id":8748,"date":"2015-05-28T14:52:56","date_gmt":"2015-05-28T12:52:56","guid":{"rendered":"https:\/\/dev.93-93-113-41.plesk.page\/?page_id=8748"},"modified":"2024-06-01T12:05:05","modified_gmt":"2024-06-01T10:05:05","slug":"hepatitis-cronica-per-virus-hepatitis-b","status":"publish","type":"page","link":"https:\/\/dev.93-93-113-41.plesk.page\/ca\/serveis\/aparell-digestiu\/hepatologia\/hepatitis-cronica-per-virus-hepatitis-b\/","title":{"rendered":"Hepatitis Cr\u00f2nica per Virus Hepatitis B"},"content":{"rendered":"<h2>Qu\u00e8 \u00e9s l&#8217;Hepatitis B?<\/h2>\n<p>La infecci\u00f3 pel virus de l&#8217;hepatitis B \u00e9s una malaltia que pot cursar com una infecci\u00f3 viral no complicada que dura unes setmanes o comportar a una infecci\u00f3 cr\u00f2nica. Les formes de transmissi\u00f3 s\u00f3n variades: I) contagi en el moment del part de mares infectades, II) transmissi\u00f3 a trav\u00e9s de sang, semen o altres fluids corporals a trav\u00e9s del contacte sexual o al compartir agulles, xeringues amb una persona infectada.<\/p>\n<h2>Quins s\u00edmptomes presenta?<\/h2>\n<p>L&#8217;espectre de s\u00edmptomes varia de si \u00e9s una infecci\u00f3 aguda (\u00e9s a dir, recent) o cr\u00f2nica. En la infecci\u00f3 recent dels pacients poden presentar s\u00edmptomes com ara mal estat general, n\u00e0usees, v\u00f2mits, febre, coloraci\u00f3 groguenca de la part blanca dels ulls que pot persistir durant unes setmanes. La infecci\u00f3 recent pot ser transit\u00f2ria o pot evolucionar a una fase cr\u00f2nica. En la fase cr\u00f2nica dels pacients poden passar d&#8217;estar asimptom\u00e0tics fins a presentar s\u00edmptomes d&#8217;una malaltia m\u00e9s avan\u00e7ada com podria ser debilitat general, coloraci\u00f3 groguenca i persistent d&#8217;ulls i pell, p\u00e8rdua de pes, pres\u00e8ncia de l\u00edquid abdominal (ascites) o hemorr\u00e0gia digestiva per ruptura de varius a l&#8217;es\u00f2fag.<\/p>\n<h2>Com es diagnostica?<\/h2>\n<p>El seu metge li indicar\u00e0 realitzar el diagn\u00f2stic de la infecci\u00f3 aguda o cr\u00f2nica de la infecci\u00f3 per VHB a trav\u00e9s d&#8217;una an\u00e0lisi de sang on es demanaran diversos anticossos i, en cas necessari, quantificaci\u00f3 de la quantitat de virus en s\u00e8rum.<\/p>\n<h2>Quin \u00e9s el pron\u00f2stic i tractament?<\/h2>\n<p>La progressi\u00f3 d&#8217;hepatitis aguda a hepatitis cr\u00f2nica pel VHB dep\u00e8n de l&#8217;edat en el moment de la infecci\u00f3.<br \/>\nLa probabilitat que la infecci\u00f3 es torni cr\u00f2nica \u00e9s del 90% en el cas de les infeccions en el moment del part i d&#8217;un 5% si la infecci\u00f3 va oc\u00f3rrer en l&#8217;edat adulta.<br \/>\nEl tractament dep\u00e8n d&#8217;una s\u00e8rie de factors, com ara l&#8217;edat, les alteracions de la funci\u00f3 hep\u00e0tica objectivades en an\u00e0lisi de sang i el grau d&#8217;afectaci\u00f3 hep\u00e0tica valorat mitjan\u00e7ant proves no invasives com la elastografia de transici\u00f3 hep\u00e0tica (<a title=\"FibroScan 502 Touch-CAP\" href=\"\/?page_id=7399\">FibroScan CAP \u00ae<\/a>) o mitjan\u00e7ant bi\u00f2psia hep\u00e0tica.<\/p>\n<p>En general, les hepatitis agudes, requereixen valoraci\u00f3 i seguiment m\u00e8dic especialitzat per al diagn\u00f2stic i control estret de l&#8217;evoluci\u00f3 per evitar complicacions. Depenent de diversos factors com (l&#8217;edat, el grau d&#8217;activitat inflamat\u00f2ria, la c\u00e0rrega viral) el seu metge li indicar\u00e0 si necessita tractament.<\/p>\n<p>El tractament de l&#8217;hepatitis B cr\u00f2nica es realitza amb medicaci\u00f3 antiviral oral per controlar la malaltia i aturar o evitar la progressi\u00f3 a un dany avan\u00e7at del fetge. En casos seleccionats es poden utilitzar tractaments amb Interfer\u00f3. El tractament antiviral actual \u00e9s molt efectiu per aconseguir el control de la malaltia, per\u00f2 el temps de tractament s&#8217;indica de forma personalitzada per a cada pacient.<\/p>\n","protected":false},"excerpt":{"rendered":"<div class=\"mh-excerpt\"><p>Qu\u00e8 \u00e9s l&#8217;Hepatitis B? La infecci\u00f3 pel virus de l&#8217;hepatitis B \u00e9s una malaltia que pot cursar com una infecci\u00f3 viral no complicada que dura unes setmanes o comportar a una infecci\u00f3 cr\u00f2nica. Les formes <a class=\"mh-excerpt-more\" href=\"https:\/\/dev.93-93-113-41.plesk.page\/ca\/serveis\/aparell-digestiu\/hepatologia\/hepatitis-cronica-per-virus-hepatitis-b\/\" title=\"Hepatitis Cr\u00f2nica per Virus Hepatitis B\">[&#8230;]<\/a><\/p>\n<\/div>","protected":false},"author":1,"featured_media":0,"parent":7391,"menu_order":6,"comment_status":"closed","ping_status":"closed","template":"","meta":{"footnotes":""},"class_list":["post-8748","page","type-page","status-publish"],"yoast_head":"<!-- This site is optimized with the Yoast SEO plugin v22.6 - https:\/\/yoast.com\/wordpress\/plugins\/seo\/ -->\n<title>Hepatitis Cr\u00f2nica per Virus Hepatitis B - Servidigest<\/title>\n<meta name=\"description\" content=\"La infecci\u00f3 pel virus de l&#039;hepatitis B \u00e9s una malaltia que pot cursar com una infecci\u00f3 viral no complicada que dura unes setmanes o comportar a una infecci\u00f3 cr\u00f2nica. Les formes de transmissi\u00f3 s\u00f3n variades: I) contagi en el moment del part de mares infectades, II) transmissi\u00f3 a trav\u00e9s de sang, semen o altres fluids corporals a trav\u00e9s del contacte sexual o al compartir agulles, xeringues amb una persona infectada.\" \/>\n<meta name=\"robots\" content=\"index, follow, max-snippet:-1, max-image-preview:large, max-video-preview:-1\" \/>\n<link rel=\"canonical\" href=\"https:\/\/dev.93-93-113-41.plesk.page\/ca\/serveis\/aparell-digestiu\/hepatologia\/hepatitis-cronica-per-virus-hepatitis-b\/\" \/>\n<meta property=\"og:locale\" content=\"ca_ES\" \/>\n<meta property=\"og:type\" content=\"article\" \/>\n<meta property=\"og:title\" content=\"Hepatitis Cr\u00f2nica per Virus Hepatitis B - Servidigest\" \/>\n<meta property=\"og:description\" content=\"La infecci\u00f3 pel virus de l&#039;hepatitis B \u00e9s una malaltia que pot cursar com una infecci\u00f3 viral no complicada que dura unes setmanes o comportar a una infecci\u00f3 cr\u00f2nica. Les formes de transmissi\u00f3 s\u00f3n variades: I) contagi en el moment del part de mares infectades, II) transmissi\u00f3 a trav\u00e9s de sang, semen o altres fluids corporals a trav\u00e9s del contacte sexual o al compartir agulles, xeringues amb una persona infectada.\" \/>\n<meta property=\"og:url\" content=\"https:\/\/dev.93-93-113-41.plesk.page\/ca\/serveis\/aparell-digestiu\/hepatologia\/hepatitis-cronica-per-virus-hepatitis-b\/\" \/>\n<meta property=\"og:site_name\" content=\"Servidigest\" \/>\n<meta property=\"article:publisher\" content=\"https:\/\/www.facebook.com\/servidigest\" \/>\n<meta property=\"article:modified_time\" content=\"2024-06-01T10:05:05+00:00\" \/>\n<meta name=\"twitter:card\" content=\"summary_large_image\" \/>\n<meta name=\"twitter:site\" content=\"@servidigest\" \/>\n<meta name=\"twitter:label1\" content=\"Est. reading time\" \/>\n\t<meta name=\"twitter:data1\" content=\"2 minutes\" \/>\n<script type=\"application\/ld+json\" class=\"yoast-schema-graph\">{\"@context\":\"https:\/\/schema.org\",\"@graph\":[{\"@type\":\"WebPage\",\"@id\":\"https:\/\/dev.93-93-113-41.plesk.page\/ca\/serveis\/aparell-digestiu\/hepatologia\/hepatitis-cronica-per-virus-hepatitis-b\/\",\"url\":\"https:\/\/dev.93-93-113-41.plesk.page\/ca\/serveis\/aparell-digestiu\/hepatologia\/hepatitis-cronica-per-virus-hepatitis-b\/\",\"name\":\"Hepatitis Cr\u00f2nica per Virus Hepatitis B - Servidigest\",\"isPartOf\":{\"@id\":\"https:\/\/dev.93-93-113-41.plesk.page\/ca\/#website\"},\"datePublished\":\"2015-05-28T12:52:56+00:00\",\"dateModified\":\"2024-06-01T10:05:05+00:00\",\"description\":\"La infecci\u00f3 pel virus de l'hepatitis B \u00e9s una malaltia que pot cursar com una infecci\u00f3 viral no complicada que dura unes setmanes o comportar a una infecci\u00f3 cr\u00f2nica. Les formes de transmissi\u00f3 s\u00f3n variades: I) contagi en el moment del part de mares infectades, II) transmissi\u00f3 a trav\u00e9s de sang, semen o altres fluids corporals a trav\u00e9s del contacte sexual o al compartir agulles, xeringues amb una persona infectada.\",\"breadcrumb\":{\"@id\":\"https:\/\/dev.93-93-113-41.plesk.page\/ca\/serveis\/aparell-digestiu\/hepatologia\/hepatitis-cronica-per-virus-hepatitis-b\/#breadcrumb\"},\"inLanguage\":\"ca\",\"potentialAction\":[{\"@type\":\"ReadAction\",\"target\":[\"https:\/\/dev.93-93-113-41.plesk.page\/ca\/serveis\/aparell-digestiu\/hepatologia\/hepatitis-cronica-per-virus-hepatitis-b\/\"]}]},{\"@type\":\"BreadcrumbList\",\"@id\":\"https:\/\/dev.93-93-113-41.plesk.page\/ca\/serveis\/aparell-digestiu\/hepatologia\/hepatitis-cronica-per-virus-hepatitis-b\/#breadcrumb\",\"itemListElement\":[{\"@type\":\"ListItem\",\"position\":1,\"name\":\"Serveis M\u00e8dics de Cl\u00ednica ServiDigest\",\"item\":\"https:\/\/dev.93-93-113-41.plesk.page\/ca\/servicios\/\"},{\"@type\":\"ListItem\",\"position\":2,\"name\":\"Aparell digestiu\",\"item\":\"https:\/\/dev.93-93-113-41.plesk.page\/ca\/servicios\/aparato-digestivo\/\"},{\"@type\":\"ListItem\",\"position\":3,\"name\":\"Hepatologia. Malalties del fetge\",\"item\":\"https:\/\/dev.93-93-113-41.plesk.page\/ca\/servicios\/aparato-digestivo\/hepatologia\/\"},{\"@type\":\"ListItem\",\"position\":4,\"name\":\"Hepatitis Cr\u00f2nica per Virus Hepatitis B\"}]},{\"@type\":\"WebSite\",\"@id\":\"https:\/\/dev.93-93-113-41.plesk.page\/ca\/#website\",\"url\":\"https:\/\/dev.93-93-113-41.plesk.page\/ca\/\",\"name\":\"Servidigest\",\"description\":\"\",\"publisher\":{\"@id\":\"https:\/\/dev.93-93-113-41.plesk.page\/ca\/#organization\"},\"potentialAction\":[{\"@type\":\"SearchAction\",\"target\":{\"@type\":\"EntryPoint\",\"urlTemplate\":\"https:\/\/dev.93-93-113-41.plesk.page\/ca\/?s={search_term_string}\"},\"query-input\":\"required name=search_term_string\"}],\"inLanguage\":\"ca\"},{\"@type\":\"Organization\",\"@id\":\"https:\/\/dev.93-93-113-41.plesk.page\/ca\/#organization\",\"name\":\"Servidigest\",\"url\":\"https:\/\/dev.93-93-113-41.plesk.page\/ca\/\",\"logo\":{\"@type\":\"ImageObject\",\"inLanguage\":\"ca\",\"@id\":\"https:\/\/dev.93-93-113-41.plesk.page\/ca\/#\/schema\/logo\/image\/\",\"url\":\"https:\/\/dev.93-93-113-41.plesk.page\/wp-content\/uploads\/2024\/01\/servidigest.png\",\"contentUrl\":\"https:\/\/dev.93-93-113-41.plesk.page\/wp-content\/uploads\/2024\/01\/servidigest.png\",\"width\":808,\"height\":88,\"caption\":\"Servidigest\"},\"image\":{\"@id\":\"https:\/\/dev.93-93-113-41.plesk.page\/ca\/#\/schema\/logo\/image\/\"},\"sameAs\":[\"https:\/\/www.facebook.com\/servidigest\",\"https:\/\/x.com\/servidigest\"]}]}<\/script>\n<!-- \/ Yoast SEO plugin. -->","yoast_head_json":{"title":"Hepatitis Cr\u00f2nica per Virus Hepatitis B - Servidigest","description":"La infecci\u00f3 pel virus de l'hepatitis B \u00e9s una malaltia que pot cursar com una infecci\u00f3 viral no complicada que dura unes setmanes o comportar a una infecci\u00f3 cr\u00f2nica. Les formes de transmissi\u00f3 s\u00f3n variades: I) contagi en el moment del part de mares infectades, II) transmissi\u00f3 a trav\u00e9s de sang, semen o altres fluids corporals a trav\u00e9s del contacte sexual o al compartir agulles, xeringues amb una persona infectada.","robots":{"index":"index","follow":"follow","max-snippet":"max-snippet:-1","max-image-preview":"max-image-preview:large","max-video-preview":"max-video-preview:-1"},"canonical":"https:\/\/dev.93-93-113-41.plesk.page\/ca\/serveis\/aparell-digestiu\/hepatologia\/hepatitis-cronica-per-virus-hepatitis-b\/","og_locale":"ca_ES","og_type":"article","og_title":"Hepatitis Cr\u00f2nica per Virus Hepatitis B - Servidigest","og_description":"La infecci\u00f3 pel virus de l'hepatitis B \u00e9s una malaltia que pot cursar com una infecci\u00f3 viral no complicada que dura unes setmanes o comportar a una infecci\u00f3 cr\u00f2nica. Les formes de transmissi\u00f3 s\u00f3n variades: I) contagi en el moment del part de mares infectades, II) transmissi\u00f3 a trav\u00e9s de sang, semen o altres fluids corporals a trav\u00e9s del contacte sexual o al compartir agulles, xeringues amb una persona infectada.","og_url":"https:\/\/dev.93-93-113-41.plesk.page\/ca\/serveis\/aparell-digestiu\/hepatologia\/hepatitis-cronica-per-virus-hepatitis-b\/","og_site_name":"Servidigest","article_publisher":"https:\/\/www.facebook.com\/servidigest","article_modified_time":"2024-06-01T10:05:05+00:00","twitter_card":"summary_large_image","twitter_site":"@servidigest","twitter_misc":{"Est. reading time":"2 minutes"},"schema":{"@context":"https:\/\/schema.org","@graph":[{"@type":"WebPage","@id":"https:\/\/dev.93-93-113-41.plesk.page\/ca\/serveis\/aparell-digestiu\/hepatologia\/hepatitis-cronica-per-virus-hepatitis-b\/","url":"https:\/\/dev.93-93-113-41.plesk.page\/ca\/serveis\/aparell-digestiu\/hepatologia\/hepatitis-cronica-per-virus-hepatitis-b\/","name":"Hepatitis Cr\u00f2nica per Virus Hepatitis B - Servidigest","isPartOf":{"@id":"https:\/\/dev.93-93-113-41.plesk.page\/ca\/#website"},"datePublished":"2015-05-28T12:52:56+00:00","dateModified":"2024-06-01T10:05:05+00:00","description":"La infecci\u00f3 pel virus de l'hepatitis B \u00e9s una malaltia que pot cursar com una infecci\u00f3 viral no complicada que dura unes setmanes o comportar a una infecci\u00f3 cr\u00f2nica. Les formes de transmissi\u00f3 s\u00f3n variades: I) contagi en el moment del part de mares infectades, II) transmissi\u00f3 a trav\u00e9s de sang, semen o altres fluids corporals a trav\u00e9s del contacte sexual o al compartir agulles, xeringues amb una persona infectada.","breadcrumb":{"@id":"https:\/\/dev.93-93-113-41.plesk.page\/ca\/serveis\/aparell-digestiu\/hepatologia\/hepatitis-cronica-per-virus-hepatitis-b\/#breadcrumb"},"inLanguage":"ca","potentialAction":[{"@type":"ReadAction","target":["https:\/\/dev.93-93-113-41.plesk.page\/ca\/serveis\/aparell-digestiu\/hepatologia\/hepatitis-cronica-per-virus-hepatitis-b\/"]}]},{"@type":"BreadcrumbList","@id":"https:\/\/dev.93-93-113-41.plesk.page\/ca\/serveis\/aparell-digestiu\/hepatologia\/hepatitis-cronica-per-virus-hepatitis-b\/#breadcrumb","itemListElement":[{"@type":"ListItem","position":1,"name":"Serveis M\u00e8dics de Cl\u00ednica ServiDigest","item":"https:\/\/dev.93-93-113-41.plesk.page\/ca\/servicios\/"},{"@type":"ListItem","position":2,"name":"Aparell digestiu","item":"https:\/\/dev.93-93-113-41.plesk.page\/ca\/servicios\/aparato-digestivo\/"},{"@type":"ListItem","position":3,"name":"Hepatologia. Malalties del fetge","item":"https:\/\/dev.93-93-113-41.plesk.page\/ca\/servicios\/aparato-digestivo\/hepatologia\/"},{"@type":"ListItem","position":4,"name":"Hepatitis Cr\u00f2nica per Virus Hepatitis B"}]},{"@type":"WebSite","@id":"https:\/\/dev.93-93-113-41.plesk.page\/ca\/#website","url":"https:\/\/dev.93-93-113-41.plesk.page\/ca\/","name":"Servidigest","description":"","publisher":{"@id":"https:\/\/dev.93-93-113-41.plesk.page\/ca\/#organization"},"potentialAction":[{"@type":"SearchAction","target":{"@type":"EntryPoint","urlTemplate":"https:\/\/dev.93-93-113-41.plesk.page\/ca\/?s={search_term_string}"},"query-input":"required name=search_term_string"}],"inLanguage":"ca"},{"@type":"Organization","@id":"https:\/\/dev.93-93-113-41.plesk.page\/ca\/#organization","name":"Servidigest","url":"https:\/\/dev.93-93-113-41.plesk.page\/ca\/","logo":{"@type":"ImageObject","inLanguage":"ca","@id":"https:\/\/dev.93-93-113-41.plesk.page\/ca\/#\/schema\/logo\/image\/","url":"https:\/\/dev.93-93-113-41.plesk.page\/wp-content\/uploads\/2024\/01\/servidigest.png","contentUrl":"https:\/\/dev.93-93-113-41.plesk.page\/wp-content\/uploads\/2024\/01\/servidigest.png","width":808,"height":88,"caption":"Servidigest"},"image":{"@id":"https:\/\/dev.93-93-113-41.plesk.page\/ca\/#\/schema\/logo\/image\/"},"sameAs":["https:\/\/www.facebook.com\/servidigest","https:\/\/x.com\/servidigest"]}]}},"_links":{"self":[{"href":"https:\/\/dev.93-93-113-41.plesk.page\/ca\/wp-json\/wp\/v2\/pages\/8748","targetHints":{"allow":["GET"]}}],"collection":[{"href":"https:\/\/dev.93-93-113-41.plesk.page\/ca\/wp-json\/wp\/v2\/pages"}],"about":[{"href":"https:\/\/dev.93-93-113-41.plesk.page\/ca\/wp-json\/wp\/v2\/types\/page"}],"author":[{"embeddable":true,"href":"https:\/\/dev.93-93-113-41.plesk.page\/ca\/wp-json\/wp\/v2\/users\/1"}],"replies":[{"embeddable":true,"href":"https:\/\/dev.93-93-113-41.plesk.page\/ca\/wp-json\/wp\/v2\/comments?post=8748"}],"version-history":[{"count":2,"href":"https:\/\/dev.93-93-113-41.plesk.page\/ca\/wp-json\/wp\/v2\/pages\/8748\/revisions"}],"predecessor-version":[{"id":40761,"href":"https:\/\/dev.93-93-113-41.plesk.page\/ca\/wp-json\/wp\/v2\/pages\/8748\/revisions\/40761"}],"up":[{"embeddable":true,"href":"https:\/\/dev.93-93-113-41.plesk.page\/ca\/wp-json\/wp\/v2\/pages\/7391"}],"wp:attachment":[{"href":"https:\/\/dev.93-93-113-41.plesk.page\/ca\/wp-json\/wp\/v2\/media?parent=8748"}],"curies":[{"name":"wp","href":"https:\/\/api.w.org\/{rel}","templated":true}]}}