{"id":8683,"date":"2015-05-26T17:47:23","date_gmt":"2015-05-26T15:47:23","guid":{"rendered":"https:\/\/dev.93-93-113-41.plesk.page\/?page_id=8683"},"modified":"2024-02-26T17:11:44","modified_gmt":"2024-02-26T16:11:44","slug":"colangiocarcinoma","status":"publish","type":"page","link":"https:\/\/dev.93-93-113-41.plesk.page\/ca\/serveis\/aparell-digestiu\/pancrees-i-vies-biliars\/cancer-de-via-biliar\/colangiocarcinoma\/","title":{"rendered":"Colangiocarcinoma"},"content":{"rendered":"<p>El Colangiocarcinoma \u00e9s un tipus de c\u00e0ncer que s&#8217;origina en les c\u00e8l\u00b7lules que revesteixen les vies biliars.<\/p>\n<p>Es pot localitzar a les vies biliars de l&#8217;interior del fetge (intrahep\u00e0tic, en un 20-25% dels casos) o de l&#8217;exterior del fetge (extrahep\u00e0tic).<\/p>\n<p>El c\u00e0ncer extrahep\u00e0tic pot dividir-se en dos tipus: el situat m\u00e9s pr\u00f2xim al fetge i que es forma on es troben els conductes dret i esquerre (anomenat tumor perihiliar o tumor de Klatskin), que \u00e9s el m\u00e9s freq\u00fcent (50-60%), i el situat m\u00e9s proper al duod\u00e8 (tumor extrahep\u00e0tic distal, amb una freq\u00fc\u00e8ncia del 20-25%). En un 5% dels casos tenen una localitzaci\u00f3 multifocal.<\/p>\n<p>S\u00f3n factors de risc establerts d&#8217;aquest tumor algunes malalties que predisposen a la inflamaci\u00f3 cr\u00f2nica de la via biliar: la colangitis esclerosant prim\u00e0ria, la litiasi biliar intrahep\u00e0tica, els quists del col\u00e8doc i certes infeccions. Tamb\u00e9 es creu que s\u00f3n factors de risc la malaltia inflamat\u00f2ria cr\u00f2nica intestinal, la malaltia hep\u00e0tica cr\u00f2nica pel virus de l&#8217;hepatitis B o C, la cirrosi hep\u00e0tica, la diabetis, l&#8217;obesitat, l&#8217;alcohol i el tabac.<\/p>\n<p>Els s\u00edmptomes que ens poden fer sospitar un c\u00e0ncer de vies biliars s\u00f3n la coloraci\u00f3 groga de la pell (icter\u00edcia), la picor de pell (pru\u00efja) i l&#8217;orina de color fosc (col\u00faria), tot aix\u00f2 a causa de la interrupci\u00f3 de la sortida de la bilis del fetge. Tamb\u00e9 pot existir febre a causa de la infecci\u00f3 de la bilis estancada, i dolor abdominal. La falta de gana i p\u00e8rdua de pes sense causa aparent amb freq\u00fc\u00e8ncia ocorren quan la malaltia es diagnostica de manera avan\u00e7ada.<\/p>\n<p>L&#8217;anal\u00edtica de sang permet detectar la pres\u00e8ncia d&#8217;una alteraci\u00f3 de l&#8217;expulsi\u00f3 de la bilirubina en cas que hi hagi (bilirubina elevada), aix\u00ed com altres alteracions del funcionament hep\u00e0tic (transaminases, fosfatasa alcalina, &#8230; elevades).<\/p>\n<p>El marcador tumoral que pot estar elevat en aquest tumor \u00e9s el CA 19.9 per\u00f2 tamb\u00e9 pot estar elevat en moltes altres situacions pel que no serveix per fer el diagn\u00f2stic de la malaltia, sent m\u00e9s \u00fatil en el seu seguiment.<\/p>\n<p>La TC toracoabdominal permet confirmar l&#8217;exist\u00e8ncia del tumor, la seva localitzaci\u00f3, i valoraci\u00f3 d&#8217;extensi\u00f3 a \u00f2rgans ve\u00efns i allunyats del tumor, a vasos abdominals i a ganglis.<\/p>\n<p>De vegades una Colangiografia per resson\u00e0ncia (valora amb m\u00e9s deteniment la via biliar) pot definir millor l&#8217;extensi\u00f3 local del tumor i ajudar en la decisi\u00f3 de si un tumor \u00e9s operable o no.<\/p>\n<p>Es pot obtenir una bi\u00f2psia del tumor mitjan\u00e7ant una CPRE, una punci\u00f3 externa guiada amb ecografia abdominal o TC, o mitjan\u00e7ant una <a title=\"Ecoendosc\u00f2pia\" href=\"\/?page_id=24\">Ecoendosc\u00f2pia<\/a>. Per\u00f2 no sempre \u00e9s possible l&#8217;obtenci\u00f3 d&#8217;una bi\u00f2psia d&#8217;aquesta lesi\u00f3 a causa de la dif\u00edcil i profunda localitzaci\u00f3 del tumor. D&#8217;altra banda, en cas que el pacient sigui operable, tampoc la bi\u00f2psia pot ser necess\u00e0ria abans de la cirurgia.<\/p>\n<p>Previ a la cirurgia amb opci\u00f3 curativa de vegades es realitza una laparosc\u00f2pia exploradora per descartar amb m\u00e9s seguretat un tumor irresecable.<\/p>\n<p>L&#8217;opci\u00f3 de tractament curatiu \u00e9s la cirurgia. Hi ha diverses opcions segons el tram afecte de la via biliar: la duodenopancreatectomia cef\u00e0lica (extirpaci\u00f3 del cap del p\u00e0ncrees, part de l&#8217;est\u00f3mac, el duod\u00e8, el conducte biliar i la ves\u00edcula biliar) per tumors del conducte biliar distal, la resecci\u00f3 d&#8217;una porci\u00f3 del fetge en tumors hiliares i en alguns casos resecci\u00f3 exclusiva d&#8217;una porci\u00f3 de conducte biliar quan es localitza en una zona del conducte interm\u00e8dia (i per tant allunyada del fetge, del duodeno i p\u00e0ncrees).<\/p>\n<p>En alguns casos de tumor hiliar localment extens per\u00f2 sense malaltia en \u00f2rgans a dist\u00e0ncia ha l&#8217;opci\u00f3 de realitzar trasplantament hep\u00e0tic.<\/p>\n<p>La reconstrucci\u00f3 biliar sol realitzar-se mitjan\u00e7ant una hepaticoyeyunostom\u00eda en Y de Roux (entroncament de la via biliar pr\u00f2xima al fetge a un tram de l&#8217;intest\u00ed prim anomenat jej\u00fa).<\/p>\n<p>Entre les complicacions del tractament quir\u00fargic s&#8217;inclouen: la infecci\u00f3 intraabdominal (absc\u00e9s), la f\u00edstula biliar, o la decisi\u00f3 de la funci\u00f3 hep\u00e0tica de forma lleu, moderada o greu (en alguns casos que fa falta extirpar part del fetge per treure tot el tumor).<\/p>\n<p>Tot i que la cirurgia elimini tot el tumor, hi ha risc que torni a apar\u00e8ixer i per aix\u00f2 en alguns casos s&#8217;administra posteriorment quimioter\u00e0pia-radioter\u00e0pia (adjuvant). D&#8217;altra banda, tamb\u00e9 s&#8217;administra aquest tractament quan no ha estat possible realitzar l&#8217;extirpaci\u00f3 completa del tumor durant la cirurgia.<\/p>\n<p>Per\u00f2 \u00e9s m\u00e9s freq\u00fcent que el tumor es diagnostiqui massa tard i no sigui resecable, b\u00e9 per l&#8217;extensi\u00f3 local que envaeix estructures ve\u00efnes, o b\u00e9 per la pres\u00e8ncia de malaltia en \u00f2rgans allunyats del tumor (met\u00e0stasi).<\/p>\n<p>Moltes vegades es realitza un procediment de desviament de la via biliar perqu\u00e8 la bilis no quedi estancada i sorgeixin complicacions degudes a aix\u00f2. Es pot realitzar col\u2022locant un petit tub de pl\u00e0stic o de metall (pr\u00f2tesis) mitjan\u00e7ant CPRE, o des de fora de l&#8217;abdomen guiat per ecografia o TC, o b\u00e9 mitjan\u00e7ant Cirurgia. Ocasionalment tamb\u00e9 es realitza el drenatge de la via biliar abans de la cirurgia amb intenci\u00f3 curativa. A aquests pacients se&#8217;ls sol administrar tamb\u00e9 quimioter\u00e0pia amb o sense radioter\u00e0pia.<\/p>\n<p>\u00c9s important la valoraci\u00f3 multidisciplinari del pacient per especialistes experts en aquest tipus de tumors: digestiu, cirurgi\u00e0, radi\u00f2leg, onc\u00f2leg, radioterapeuta, &#8230; per realitzar un maneig adequat segons la situaci\u00f3 de cada pacient.<\/p>\n","protected":false},"excerpt":{"rendered":"<div class=\"mh-excerpt\"><p>El Colangiocarcinoma \u00e9s un tipus de c\u00e0ncer que s&#8217;origina en les c\u00e8l\u00b7lules que revesteixen les vies biliars. Es pot localitzar a les vies biliars de l&#8217;interior del fetge (intrahep\u00e0tic, en un 20-25% dels casos) o <a class=\"mh-excerpt-more\" href=\"https:\/\/dev.93-93-113-41.plesk.page\/ca\/serveis\/aparell-digestiu\/pancrees-i-vies-biliars\/cancer-de-via-biliar\/colangiocarcinoma\/\" title=\"Colangiocarcinoma\">[&#8230;]<\/a><\/p>\n<\/div>","protected":false},"author":1,"featured_media":0,"parent":8679,"menu_order":1,"comment_status":"closed","ping_status":"closed","template":"","meta":{"footnotes":""},"class_list":["post-8683","page","type-page","status-publish"],"yoast_head":"<!-- This site is optimized with the Yoast SEO plugin v22.6 - https:\/\/yoast.com\/wordpress\/plugins\/seo\/ -->\n<title>Colangiocarcinoma - Servidigest<\/title>\n<meta name=\"description\" content=\"El Colangiocarcinoma \u00e9s un tipus de c\u00e0ncer que s&#039;origina en les c\u00e8l\u2022lules que revesteixen les vies biliars.\" \/>\n<meta name=\"robots\" content=\"index, follow, max-snippet:-1, max-image-preview:large, max-video-preview:-1\" \/>\n<link rel=\"canonical\" href=\"https:\/\/dev.93-93-113-41.plesk.page\/ca\/serveis\/aparell-digestiu\/pancrees-i-vies-biliars\/cancer-de-via-biliar\/colangiocarcinoma\/\" \/>\n<meta property=\"og:locale\" content=\"ca_ES\" \/>\n<meta property=\"og:type\" content=\"article\" \/>\n<meta property=\"og:title\" content=\"Colangiocarcinoma - Servidigest\" \/>\n<meta property=\"og:description\" content=\"El Colangiocarcinoma \u00e9s un tipus de c\u00e0ncer que s&#039;origina en les c\u00e8l\u2022lules que revesteixen les vies biliars.\" \/>\n<meta property=\"og:url\" content=\"https:\/\/dev.93-93-113-41.plesk.page\/ca\/serveis\/aparell-digestiu\/pancrees-i-vies-biliars\/cancer-de-via-biliar\/colangiocarcinoma\/\" \/>\n<meta property=\"og:site_name\" content=\"Servidigest\" \/>\n<meta property=\"article:publisher\" content=\"https:\/\/www.facebook.com\/servidigest\" \/>\n<meta property=\"article:modified_time\" content=\"2024-02-26T16:11:44+00:00\" \/>\n<meta name=\"twitter:card\" content=\"summary_large_image\" \/>\n<meta name=\"twitter:site\" content=\"@servidigest\" \/>\n<meta name=\"twitter:label1\" content=\"Est. reading time\" \/>\n\t<meta name=\"twitter:data1\" content=\"5 minutes\" \/>\n<script type=\"application\/ld+json\" class=\"yoast-schema-graph\">{\"@context\":\"https:\/\/schema.org\",\"@graph\":[{\"@type\":\"WebPage\",\"@id\":\"https:\/\/dev.93-93-113-41.plesk.page\/ca\/serveis\/aparell-digestiu\/pancrees-i-vies-biliars\/cancer-de-via-biliar\/colangiocarcinoma\/\",\"url\":\"https:\/\/dev.93-93-113-41.plesk.page\/ca\/serveis\/aparell-digestiu\/pancrees-i-vies-biliars\/cancer-de-via-biliar\/colangiocarcinoma\/\",\"name\":\"Colangiocarcinoma - Servidigest\",\"isPartOf\":{\"@id\":\"https:\/\/dev.93-93-113-41.plesk.page\/ca\/#website\"},\"datePublished\":\"2015-05-26T15:47:23+00:00\",\"dateModified\":\"2024-02-26T16:11:44+00:00\",\"description\":\"El Colangiocarcinoma \u00e9s un tipus de c\u00e0ncer que s'origina en les c\u00e8l\u2022lules que revesteixen les vies biliars.\",\"breadcrumb\":{\"@id\":\"https:\/\/dev.93-93-113-41.plesk.page\/ca\/serveis\/aparell-digestiu\/pancrees-i-vies-biliars\/cancer-de-via-biliar\/colangiocarcinoma\/#breadcrumb\"},\"inLanguage\":\"ca\",\"potentialAction\":[{\"@type\":\"ReadAction\",\"target\":[\"https:\/\/dev.93-93-113-41.plesk.page\/ca\/serveis\/aparell-digestiu\/pancrees-i-vies-biliars\/cancer-de-via-biliar\/colangiocarcinoma\/\"]}]},{\"@type\":\"BreadcrumbList\",\"@id\":\"https:\/\/dev.93-93-113-41.plesk.page\/ca\/serveis\/aparell-digestiu\/pancrees-i-vies-biliars\/cancer-de-via-biliar\/colangiocarcinoma\/#breadcrumb\",\"itemListElement\":[{\"@type\":\"ListItem\",\"position\":1,\"name\":\"Serveis M\u00e8dics de Cl\u00ednica ServiDigest\",\"item\":\"https:\/\/dev.93-93-113-41.plesk.page\/ca\/servicios\/\"},{\"@type\":\"ListItem\",\"position\":2,\"name\":\"Aparell digestiu\",\"item\":\"https:\/\/dev.93-93-113-41.plesk.page\/ca\/servicios\/aparato-digestivo\/\"},{\"@type\":\"ListItem\",\"position\":3,\"name\":\"P\u00e0ncrees i Vies Biliars\",\"item\":\"https:\/\/dev.93-93-113-41.plesk.page\/ca\/servicios\/aparato-digestivo\/pancreas-y-vias-biliares\/\"},{\"@type\":\"ListItem\",\"position\":4,\"name\":\"C\u00e0ncer de Via Biliar\",\"item\":\"https:\/\/dev.93-93-113-41.plesk.page\/ca\/servicios\/aparato-digestivo\/pancreas-y-vias-biliares\/cancer-de-via-biliar\/\"},{\"@type\":\"ListItem\",\"position\":5,\"name\":\"Colangiocarcinoma\"}]},{\"@type\":\"WebSite\",\"@id\":\"https:\/\/dev.93-93-113-41.plesk.page\/ca\/#website\",\"url\":\"https:\/\/dev.93-93-113-41.plesk.page\/ca\/\",\"name\":\"Servidigest\",\"description\":\"\",\"publisher\":{\"@id\":\"https:\/\/dev.93-93-113-41.plesk.page\/ca\/#organization\"},\"potentialAction\":[{\"@type\":\"SearchAction\",\"target\":{\"@type\":\"EntryPoint\",\"urlTemplate\":\"https:\/\/dev.93-93-113-41.plesk.page\/ca\/?s={search_term_string}\"},\"query-input\":\"required name=search_term_string\"}],\"inLanguage\":\"ca\"},{\"@type\":\"Organization\",\"@id\":\"https:\/\/dev.93-93-113-41.plesk.page\/ca\/#organization\",\"name\":\"Servidigest\",\"url\":\"https:\/\/dev.93-93-113-41.plesk.page\/ca\/\",\"logo\":{\"@type\":\"ImageObject\",\"inLanguage\":\"ca\",\"@id\":\"https:\/\/dev.93-93-113-41.plesk.page\/ca\/#\/schema\/logo\/image\/\",\"url\":\"https:\/\/dev.93-93-113-41.plesk.page\/wp-content\/uploads\/2024\/01\/servidigest.png\",\"contentUrl\":\"https:\/\/dev.93-93-113-41.plesk.page\/wp-content\/uploads\/2024\/01\/servidigest.png\",\"width\":808,\"height\":88,\"caption\":\"Servidigest\"},\"image\":{\"@id\":\"https:\/\/dev.93-93-113-41.plesk.page\/ca\/#\/schema\/logo\/image\/\"},\"sameAs\":[\"https:\/\/www.facebook.com\/servidigest\",\"https:\/\/x.com\/servidigest\"]}]}<\/script>\n<!-- \/ Yoast SEO plugin. -->","yoast_head_json":{"title":"Colangiocarcinoma - Servidigest","description":"El Colangiocarcinoma \u00e9s un tipus de c\u00e0ncer que s'origina en les c\u00e8l\u2022lules que revesteixen les vies biliars.","robots":{"index":"index","follow":"follow","max-snippet":"max-snippet:-1","max-image-preview":"max-image-preview:large","max-video-preview":"max-video-preview:-1"},"canonical":"https:\/\/dev.93-93-113-41.plesk.page\/ca\/serveis\/aparell-digestiu\/pancrees-i-vies-biliars\/cancer-de-via-biliar\/colangiocarcinoma\/","og_locale":"ca_ES","og_type":"article","og_title":"Colangiocarcinoma - Servidigest","og_description":"El Colangiocarcinoma \u00e9s un tipus de c\u00e0ncer que s'origina en les c\u00e8l\u2022lules que revesteixen les vies biliars.","og_url":"https:\/\/dev.93-93-113-41.plesk.page\/ca\/serveis\/aparell-digestiu\/pancrees-i-vies-biliars\/cancer-de-via-biliar\/colangiocarcinoma\/","og_site_name":"Servidigest","article_publisher":"https:\/\/www.facebook.com\/servidigest","article_modified_time":"2024-02-26T16:11:44+00:00","twitter_card":"summary_large_image","twitter_site":"@servidigest","twitter_misc":{"Est. reading time":"5 minutes"},"schema":{"@context":"https:\/\/schema.org","@graph":[{"@type":"WebPage","@id":"https:\/\/dev.93-93-113-41.plesk.page\/ca\/serveis\/aparell-digestiu\/pancrees-i-vies-biliars\/cancer-de-via-biliar\/colangiocarcinoma\/","url":"https:\/\/dev.93-93-113-41.plesk.page\/ca\/serveis\/aparell-digestiu\/pancrees-i-vies-biliars\/cancer-de-via-biliar\/colangiocarcinoma\/","name":"Colangiocarcinoma - Servidigest","isPartOf":{"@id":"https:\/\/dev.93-93-113-41.plesk.page\/ca\/#website"},"datePublished":"2015-05-26T15:47:23+00:00","dateModified":"2024-02-26T16:11:44+00:00","description":"El Colangiocarcinoma \u00e9s un tipus de c\u00e0ncer que s'origina en les c\u00e8l\u2022lules que revesteixen les vies biliars.","breadcrumb":{"@id":"https:\/\/dev.93-93-113-41.plesk.page\/ca\/serveis\/aparell-digestiu\/pancrees-i-vies-biliars\/cancer-de-via-biliar\/colangiocarcinoma\/#breadcrumb"},"inLanguage":"ca","potentialAction":[{"@type":"ReadAction","target":["https:\/\/dev.93-93-113-41.plesk.page\/ca\/serveis\/aparell-digestiu\/pancrees-i-vies-biliars\/cancer-de-via-biliar\/colangiocarcinoma\/"]}]},{"@type":"BreadcrumbList","@id":"https:\/\/dev.93-93-113-41.plesk.page\/ca\/serveis\/aparell-digestiu\/pancrees-i-vies-biliars\/cancer-de-via-biliar\/colangiocarcinoma\/#breadcrumb","itemListElement":[{"@type":"ListItem","position":1,"name":"Serveis M\u00e8dics de Cl\u00ednica ServiDigest","item":"https:\/\/dev.93-93-113-41.plesk.page\/ca\/servicios\/"},{"@type":"ListItem","position":2,"name":"Aparell digestiu","item":"https:\/\/dev.93-93-113-41.plesk.page\/ca\/servicios\/aparato-digestivo\/"},{"@type":"ListItem","position":3,"name":"P\u00e0ncrees i Vies Biliars","item":"https:\/\/dev.93-93-113-41.plesk.page\/ca\/servicios\/aparato-digestivo\/pancreas-y-vias-biliares\/"},{"@type":"ListItem","position":4,"name":"C\u00e0ncer de Via Biliar","item":"https:\/\/dev.93-93-113-41.plesk.page\/ca\/servicios\/aparato-digestivo\/pancreas-y-vias-biliares\/cancer-de-via-biliar\/"},{"@type":"ListItem","position":5,"name":"Colangiocarcinoma"}]},{"@type":"WebSite","@id":"https:\/\/dev.93-93-113-41.plesk.page\/ca\/#website","url":"https:\/\/dev.93-93-113-41.plesk.page\/ca\/","name":"Servidigest","description":"","publisher":{"@id":"https:\/\/dev.93-93-113-41.plesk.page\/ca\/#organization"},"potentialAction":[{"@type":"SearchAction","target":{"@type":"EntryPoint","urlTemplate":"https:\/\/dev.93-93-113-41.plesk.page\/ca\/?s={search_term_string}"},"query-input":"required name=search_term_string"}],"inLanguage":"ca"},{"@type":"Organization","@id":"https:\/\/dev.93-93-113-41.plesk.page\/ca\/#organization","name":"Servidigest","url":"https:\/\/dev.93-93-113-41.plesk.page\/ca\/","logo":{"@type":"ImageObject","inLanguage":"ca","@id":"https:\/\/dev.93-93-113-41.plesk.page\/ca\/#\/schema\/logo\/image\/","url":"https:\/\/dev.93-93-113-41.plesk.page\/wp-content\/uploads\/2024\/01\/servidigest.png","contentUrl":"https:\/\/dev.93-93-113-41.plesk.page\/wp-content\/uploads\/2024\/01\/servidigest.png","width":808,"height":88,"caption":"Servidigest"},"image":{"@id":"https:\/\/dev.93-93-113-41.plesk.page\/ca\/#\/schema\/logo\/image\/"},"sameAs":["https:\/\/www.facebook.com\/servidigest","https:\/\/x.com\/servidigest"]}]}},"_links":{"self":[{"href":"https:\/\/dev.93-93-113-41.plesk.page\/ca\/wp-json\/wp\/v2\/pages\/8683","targetHints":{"allow":["GET"]}}],"collection":[{"href":"https:\/\/dev.93-93-113-41.plesk.page\/ca\/wp-json\/wp\/v2\/pages"}],"about":[{"href":"https:\/\/dev.93-93-113-41.plesk.page\/ca\/wp-json\/wp\/v2\/types\/page"}],"author":[{"embeddable":true,"href":"https:\/\/dev.93-93-113-41.plesk.page\/ca\/wp-json\/wp\/v2\/users\/1"}],"replies":[{"embeddable":true,"href":"https:\/\/dev.93-93-113-41.plesk.page\/ca\/wp-json\/wp\/v2\/comments?post=8683"}],"version-history":[{"count":1,"href":"https:\/\/dev.93-93-113-41.plesk.page\/ca\/wp-json\/wp\/v2\/pages\/8683\/revisions"}],"predecessor-version":[{"id":34912,"href":"https:\/\/dev.93-93-113-41.plesk.page\/ca\/wp-json\/wp\/v2\/pages\/8683\/revisions\/34912"}],"up":[{"embeddable":true,"href":"https:\/\/dev.93-93-113-41.plesk.page\/ca\/wp-json\/wp\/v2\/pages\/8679"}],"wp:attachment":[{"href":"https:\/\/dev.93-93-113-41.plesk.page\/ca\/wp-json\/wp\/v2\/media?parent=8683"}],"curies":[{"name":"wp","href":"https:\/\/api.w.org\/{rel}","templated":true}]}}