{"id":8674,"date":"2015-05-26T17:05:39","date_gmt":"2015-05-26T15:05:39","guid":{"rendered":"https:\/\/dev.93-93-113-41.plesk.page\/?page_id=8674"},"modified":"2024-02-26T17:11:41","modified_gmt":"2024-02-26T16:11:41","slug":"cancer-de-pancrees","status":"publish","type":"page","link":"https:\/\/dev.93-93-113-41.plesk.page\/ca\/serveis\/aparell-digestiu\/pancrees-i-vies-biliars\/cancer-de-pancrees\/","title":{"rendered":"C\u00e0ncer de P\u00e0ncrees"},"content":{"rendered":"<p>El tipus de c\u00e0ncer de p\u00e0ncrees m\u00e9s freq\u00fcent (95%) \u00e9s l&#8217;anomenat Carcinoma ductal i deriva de les c\u00e8l\u2022lules dels conductes pancre\u00e0tics.<\/p>\n<p>El c\u00e0ncer de p\u00e0ncrees \u00e9s la quarta causa m\u00e9s freq\u00fcent de mort per c\u00e0ncer en els pa\u00efsos occidentals. La superviv\u00e8ncia global als 5 anys des del moment del diagn\u00f2stic \u00e9s inferior al 5%. Aproximadament el 80% dels pacients es diagnostiquen en estadis avan\u00e7ats de la malaltia.<\/p>\n<p>L&#8217;edat mitjana en el diagn\u00f2stic se situa en la setena d\u00e8cada de la vida i s&#8217;han descrit els seg\u00fcents factors de risc: el tabac, el consum de carns &#8220;vermelles&#8221;, l&#8217;obesitat, la diabetis i la pancreatitis cr\u00f2nica.<\/p>\n<p>Un 5-10% dels pacients presenten agregaci\u00f3 familiar que es manifesta en tres formes: c\u00e0ncer de p\u00e0ncrees familiar, c\u00e0ncer de p\u00e0ncrees associat a altres s\u00edndromes hereditaris i antecedent de pancreatitis heredit\u00e0ria.<\/p>\n<p>Es recomana realitzar estudi de despistatge de c\u00e0ncer de p\u00e0ncrees en els individus d&#8217;alt risc amb una base gen\u00e8tica mitjan\u00e7ant<a title=\"Ecoendosc\u00f2pia\" href=\"\/?page_id=24\"> Ecoendosc\u00f2pia<\/a> o Colangiografia per Resson\u00e0ncia magn\u00e8tica.<\/p>\n<p>Els s\u00edmptomes varien segons la localitzaci\u00f3 al p\u00e0ncrees, per\u00f2 amb freq\u00fc\u00e8ncia presenten pigmentaci\u00f3 groga de la pell i els ulls, cansament, falta de gana, p\u00e8rdua de pes, mal d&#8217;esquena, depressi\u00f3, n\u00e0usees o debut recent de diabetis.<\/p>\n<p>Si un pacient presenta els s\u00edmptomes descrits s&#8217;ha de fer un esc\u00e0ner abdominal (TC multitall amb contrast) que informi de la localitzaci\u00f3 del tumor, la mida, la seva relaci\u00f3 amb els vasos abdominals i \u00f2rgans ve\u00efns, aix\u00ed com la pres\u00e8ncia de malaltia a dist\u00e0ncia del tumor ( met\u00e0stasi).<\/p>\n<p>De vegades es necessita complementar l&#8217;estudi amb una Ecoendosc\u00f2pia que a m\u00e9s permet la realitzaci\u00f3 de punci\u00f3 de la lesi\u00f3 per a estudi al laboratori d&#8217;anatomia patol\u00f2gica.<\/p>\n<p>Amb la informaci\u00f3 d&#8217;aquestes proves, el c\u00e0ncer de p\u00e0ncrees es classifica en resecable, resecable &#8220;marginalment&#8221; (en el l\u00edmit de resecci\u00f3), localment avan\u00e7at (irresecable) i metast\u00e0sic (amb malaltia a dist\u00e0ncia).<\/p>\n<p>\u00c9s molt important el diagn\u00f2stic preco\u00e7 i el tractament coordinat dels diferents especialistes (digestiu, cirurgi\u00e0, radi\u00f2leg, onc\u00f2leg, &#8230;) per realitzar un maneig adequat a l&#8217;estadi de la malaltia.<\/p>\n<p>En els tumors resecables (15-20% dels tumors), el tractament recomanat \u00e9s la resecci\u00f3 quir\u00fargica, associada a quimio-radioter\u00e0pia despr\u00e9s de la cirurgia (adjuvant) o pr\u00e8via a la mateixa (neoadjuvant). La superviv\u00e8ncia als 5 anys \u00e9s del 15-20%. Els factors pron\u00f2stics m\u00e9s importants s\u00f3n la grand\u00e0ria del tumor, el nombre de ganglis afectats i la invasi\u00f3 vascular i dels fascicles nerviosos peripancre\u00e0tics.<\/p>\n<p>El tumor es localitza amb m\u00e9s freq\u00fc\u00e8ncia en el cap del p\u00e0ncrees i la cirurgia m\u00e9s habitual \u00e9s la duodenopancreatectomia cef\u00e0lica, on s&#8217;extirpa el cap del p\u00e0ncrees, part de l&#8217;est\u00f3mac, el duod\u00e8, el conducte biliar i la ves\u00edcula biliar.<\/p>\n<p>La majoria dels pacients es diagnostiquen en estadis avan\u00e7ats, podent rebre quimioter\u00e0pia-radioter\u00e0pia pal\u2022liativa i \/ o tractaments per al control dels s\u00edmptomes. La superviv\u00e8ncia \u00e9s aproximadament de 10 mesos.<br \/>\nActualment s&#8217;investiga intensament en nous tractaments del c\u00e0ncer de p\u00e0ncrees.<\/p>\n","protected":false},"excerpt":{"rendered":"<div class=\"mh-excerpt\"><p>El tipus de c\u00e0ncer de p\u00e0ncrees m\u00e9s freq\u00fcent (95%) \u00e9s l&#8217;anomenat Carcinoma ductal i deriva de les c\u00e8l\u2022lules dels conductes pancre\u00e0tics. El c\u00e0ncer de p\u00e0ncrees \u00e9s la quarta causa m\u00e9s freq\u00fcent de mort per c\u00e0ncer <a class=\"mh-excerpt-more\" href=\"https:\/\/dev.93-93-113-41.plesk.page\/ca\/serveis\/aparell-digestiu\/pancrees-i-vies-biliars\/cancer-de-pancrees\/\" title=\"C\u00e0ncer de P\u00e0ncrees\">[&#8230;]<\/a><\/p>\n<\/div>","protected":false},"author":1,"featured_media":0,"parent":7817,"menu_order":5,"comment_status":"closed","ping_status":"closed","template":"","meta":{"footnotes":""},"class_list":["post-8674","page","type-page","status-publish"],"yoast_head":"<!-- This site is optimized with the Yoast SEO plugin v22.6 - https:\/\/yoast.com\/wordpress\/plugins\/seo\/ -->\n<title>C\u00e0ncer de P\u00e0ncrees - Servidigest<\/title>\n<meta name=\"description\" content=\"C\u00e0ncer de P\u00e0ncrees\" \/>\n<meta name=\"robots\" content=\"index, follow, max-snippet:-1, max-image-preview:large, max-video-preview:-1\" \/>\n<link rel=\"canonical\" href=\"https:\/\/dev.93-93-113-41.plesk.page\/ca\/serveis\/aparell-digestiu\/pancrees-i-vies-biliars\/cancer-de-pancrees\/\" \/>\n<meta property=\"og:locale\" content=\"ca_ES\" \/>\n<meta property=\"og:type\" content=\"article\" \/>\n<meta property=\"og:title\" content=\"C\u00e0ncer de P\u00e0ncrees - Servidigest\" \/>\n<meta property=\"og:description\" content=\"C\u00e0ncer de P\u00e0ncrees\" \/>\n<meta property=\"og:url\" content=\"https:\/\/dev.93-93-113-41.plesk.page\/ca\/serveis\/aparell-digestiu\/pancrees-i-vies-biliars\/cancer-de-pancrees\/\" \/>\n<meta property=\"og:site_name\" content=\"Servidigest\" \/>\n<meta property=\"article:publisher\" content=\"https:\/\/www.facebook.com\/servidigest\" \/>\n<meta property=\"article:modified_time\" content=\"2024-02-26T16:11:41+00:00\" \/>\n<meta name=\"twitter:card\" content=\"summary_large_image\" \/>\n<meta name=\"twitter:site\" content=\"@servidigest\" \/>\n<meta name=\"twitter:label1\" content=\"Est. reading time\" \/>\n\t<meta name=\"twitter:data1\" content=\"3 minutes\" \/>\n<script type=\"application\/ld+json\" class=\"yoast-schema-graph\">{\"@context\":\"https:\/\/schema.org\",\"@graph\":[{\"@type\":\"WebPage\",\"@id\":\"https:\/\/dev.93-93-113-41.plesk.page\/ca\/serveis\/aparell-digestiu\/pancrees-i-vies-biliars\/cancer-de-pancrees\/\",\"url\":\"https:\/\/dev.93-93-113-41.plesk.page\/ca\/serveis\/aparell-digestiu\/pancrees-i-vies-biliars\/cancer-de-pancrees\/\",\"name\":\"C\u00e0ncer de P\u00e0ncrees - Servidigest\",\"isPartOf\":{\"@id\":\"https:\/\/dev.93-93-113-41.plesk.page\/ca\/#website\"},\"datePublished\":\"2015-05-26T15:05:39+00:00\",\"dateModified\":\"2024-02-26T16:11:41+00:00\",\"description\":\"C\u00e0ncer de P\u00e0ncrees\",\"breadcrumb\":{\"@id\":\"https:\/\/dev.93-93-113-41.plesk.page\/ca\/serveis\/aparell-digestiu\/pancrees-i-vies-biliars\/cancer-de-pancrees\/#breadcrumb\"},\"inLanguage\":\"ca\",\"potentialAction\":[{\"@type\":\"ReadAction\",\"target\":[\"https:\/\/dev.93-93-113-41.plesk.page\/ca\/serveis\/aparell-digestiu\/pancrees-i-vies-biliars\/cancer-de-pancrees\/\"]}]},{\"@type\":\"BreadcrumbList\",\"@id\":\"https:\/\/dev.93-93-113-41.plesk.page\/ca\/serveis\/aparell-digestiu\/pancrees-i-vies-biliars\/cancer-de-pancrees\/#breadcrumb\",\"itemListElement\":[{\"@type\":\"ListItem\",\"position\":1,\"name\":\"Serveis M\u00e8dics de Cl\u00ednica ServiDigest\",\"item\":\"https:\/\/dev.93-93-113-41.plesk.page\/ca\/servicios\/\"},{\"@type\":\"ListItem\",\"position\":2,\"name\":\"Aparell digestiu\",\"item\":\"https:\/\/dev.93-93-113-41.plesk.page\/ca\/servicios\/aparato-digestivo\/\"},{\"@type\":\"ListItem\",\"position\":3,\"name\":\"P\u00e0ncrees i Vies Biliars\",\"item\":\"https:\/\/dev.93-93-113-41.plesk.page\/ca\/servicios\/aparato-digestivo\/pancreas-y-vias-biliares\/\"},{\"@type\":\"ListItem\",\"position\":4,\"name\":\"C\u00e0ncer de P\u00e0ncrees\"}]},{\"@type\":\"WebSite\",\"@id\":\"https:\/\/dev.93-93-113-41.plesk.page\/ca\/#website\",\"url\":\"https:\/\/dev.93-93-113-41.plesk.page\/ca\/\",\"name\":\"Servidigest\",\"description\":\"\",\"publisher\":{\"@id\":\"https:\/\/dev.93-93-113-41.plesk.page\/ca\/#organization\"},\"potentialAction\":[{\"@type\":\"SearchAction\",\"target\":{\"@type\":\"EntryPoint\",\"urlTemplate\":\"https:\/\/dev.93-93-113-41.plesk.page\/ca\/?s={search_term_string}\"},\"query-input\":\"required name=search_term_string\"}],\"inLanguage\":\"ca\"},{\"@type\":\"Organization\",\"@id\":\"https:\/\/dev.93-93-113-41.plesk.page\/ca\/#organization\",\"name\":\"Servidigest\",\"url\":\"https:\/\/dev.93-93-113-41.plesk.page\/ca\/\",\"logo\":{\"@type\":\"ImageObject\",\"inLanguage\":\"ca\",\"@id\":\"https:\/\/dev.93-93-113-41.plesk.page\/ca\/#\/schema\/logo\/image\/\",\"url\":\"https:\/\/dev.93-93-113-41.plesk.page\/wp-content\/uploads\/2024\/01\/servidigest.png\",\"contentUrl\":\"https:\/\/dev.93-93-113-41.plesk.page\/wp-content\/uploads\/2024\/01\/servidigest.png\",\"width\":808,\"height\":88,\"caption\":\"Servidigest\"},\"image\":{\"@id\":\"https:\/\/dev.93-93-113-41.plesk.page\/ca\/#\/schema\/logo\/image\/\"},\"sameAs\":[\"https:\/\/www.facebook.com\/servidigest\",\"https:\/\/x.com\/servidigest\"]}]}<\/script>\n<!-- \/ Yoast SEO plugin. -->","yoast_head_json":{"title":"C\u00e0ncer de P\u00e0ncrees - Servidigest","description":"C\u00e0ncer de P\u00e0ncrees","robots":{"index":"index","follow":"follow","max-snippet":"max-snippet:-1","max-image-preview":"max-image-preview:large","max-video-preview":"max-video-preview:-1"},"canonical":"https:\/\/dev.93-93-113-41.plesk.page\/ca\/serveis\/aparell-digestiu\/pancrees-i-vies-biliars\/cancer-de-pancrees\/","og_locale":"ca_ES","og_type":"article","og_title":"C\u00e0ncer de P\u00e0ncrees - Servidigest","og_description":"C\u00e0ncer de P\u00e0ncrees","og_url":"https:\/\/dev.93-93-113-41.plesk.page\/ca\/serveis\/aparell-digestiu\/pancrees-i-vies-biliars\/cancer-de-pancrees\/","og_site_name":"Servidigest","article_publisher":"https:\/\/www.facebook.com\/servidigest","article_modified_time":"2024-02-26T16:11:41+00:00","twitter_card":"summary_large_image","twitter_site":"@servidigest","twitter_misc":{"Est. reading time":"3 minutes"},"schema":{"@context":"https:\/\/schema.org","@graph":[{"@type":"WebPage","@id":"https:\/\/dev.93-93-113-41.plesk.page\/ca\/serveis\/aparell-digestiu\/pancrees-i-vies-biliars\/cancer-de-pancrees\/","url":"https:\/\/dev.93-93-113-41.plesk.page\/ca\/serveis\/aparell-digestiu\/pancrees-i-vies-biliars\/cancer-de-pancrees\/","name":"C\u00e0ncer de P\u00e0ncrees - Servidigest","isPartOf":{"@id":"https:\/\/dev.93-93-113-41.plesk.page\/ca\/#website"},"datePublished":"2015-05-26T15:05:39+00:00","dateModified":"2024-02-26T16:11:41+00:00","description":"C\u00e0ncer de P\u00e0ncrees","breadcrumb":{"@id":"https:\/\/dev.93-93-113-41.plesk.page\/ca\/serveis\/aparell-digestiu\/pancrees-i-vies-biliars\/cancer-de-pancrees\/#breadcrumb"},"inLanguage":"ca","potentialAction":[{"@type":"ReadAction","target":["https:\/\/dev.93-93-113-41.plesk.page\/ca\/serveis\/aparell-digestiu\/pancrees-i-vies-biliars\/cancer-de-pancrees\/"]}]},{"@type":"BreadcrumbList","@id":"https:\/\/dev.93-93-113-41.plesk.page\/ca\/serveis\/aparell-digestiu\/pancrees-i-vies-biliars\/cancer-de-pancrees\/#breadcrumb","itemListElement":[{"@type":"ListItem","position":1,"name":"Serveis M\u00e8dics de Cl\u00ednica ServiDigest","item":"https:\/\/dev.93-93-113-41.plesk.page\/ca\/servicios\/"},{"@type":"ListItem","position":2,"name":"Aparell digestiu","item":"https:\/\/dev.93-93-113-41.plesk.page\/ca\/servicios\/aparato-digestivo\/"},{"@type":"ListItem","position":3,"name":"P\u00e0ncrees i Vies Biliars","item":"https:\/\/dev.93-93-113-41.plesk.page\/ca\/servicios\/aparato-digestivo\/pancreas-y-vias-biliares\/"},{"@type":"ListItem","position":4,"name":"C\u00e0ncer de P\u00e0ncrees"}]},{"@type":"WebSite","@id":"https:\/\/dev.93-93-113-41.plesk.page\/ca\/#website","url":"https:\/\/dev.93-93-113-41.plesk.page\/ca\/","name":"Servidigest","description":"","publisher":{"@id":"https:\/\/dev.93-93-113-41.plesk.page\/ca\/#organization"},"potentialAction":[{"@type":"SearchAction","target":{"@type":"EntryPoint","urlTemplate":"https:\/\/dev.93-93-113-41.plesk.page\/ca\/?s={search_term_string}"},"query-input":"required name=search_term_string"}],"inLanguage":"ca"},{"@type":"Organization","@id":"https:\/\/dev.93-93-113-41.plesk.page\/ca\/#organization","name":"Servidigest","url":"https:\/\/dev.93-93-113-41.plesk.page\/ca\/","logo":{"@type":"ImageObject","inLanguage":"ca","@id":"https:\/\/dev.93-93-113-41.plesk.page\/ca\/#\/schema\/logo\/image\/","url":"https:\/\/dev.93-93-113-41.plesk.page\/wp-content\/uploads\/2024\/01\/servidigest.png","contentUrl":"https:\/\/dev.93-93-113-41.plesk.page\/wp-content\/uploads\/2024\/01\/servidigest.png","width":808,"height":88,"caption":"Servidigest"},"image":{"@id":"https:\/\/dev.93-93-113-41.plesk.page\/ca\/#\/schema\/logo\/image\/"},"sameAs":["https:\/\/www.facebook.com\/servidigest","https:\/\/x.com\/servidigest"]}]}},"_links":{"self":[{"href":"https:\/\/dev.93-93-113-41.plesk.page\/ca\/wp-json\/wp\/v2\/pages\/8674","targetHints":{"allow":["GET"]}}],"collection":[{"href":"https:\/\/dev.93-93-113-41.plesk.page\/ca\/wp-json\/wp\/v2\/pages"}],"about":[{"href":"https:\/\/dev.93-93-113-41.plesk.page\/ca\/wp-json\/wp\/v2\/types\/page"}],"author":[{"embeddable":true,"href":"https:\/\/dev.93-93-113-41.plesk.page\/ca\/wp-json\/wp\/v2\/users\/1"}],"replies":[{"embeddable":true,"href":"https:\/\/dev.93-93-113-41.plesk.page\/ca\/wp-json\/wp\/v2\/comments?post=8674"}],"version-history":[{"count":1,"href":"https:\/\/dev.93-93-113-41.plesk.page\/ca\/wp-json\/wp\/v2\/pages\/8674\/revisions"}],"predecessor-version":[{"id":34908,"href":"https:\/\/dev.93-93-113-41.plesk.page\/ca\/wp-json\/wp\/v2\/pages\/8674\/revisions\/34908"}],"up":[{"embeddable":true,"href":"https:\/\/dev.93-93-113-41.plesk.page\/ca\/wp-json\/wp\/v2\/pages\/7817"}],"wp:attachment":[{"href":"https:\/\/dev.93-93-113-41.plesk.page\/ca\/wp-json\/wp\/v2\/media?parent=8674"}],"curies":[{"name":"wp","href":"https:\/\/api.w.org\/{rel}","templated":true}]}}