{"id":7871,"date":"2015-02-23T16:10:43","date_gmt":"2015-02-23T15:10:43","guid":{"rendered":"https:\/\/dev.93-93-113-41.plesk.page\/?page_id=7871"},"modified":"2024-02-26T17:11:35","modified_gmt":"2024-02-26T16:11:35","slug":"test-dhidrogen-espirat","status":"publish","type":"page","link":"https:\/\/dev.93-93-113-41.plesk.page\/ca\/serveis\/proves-funcionals-digestives\/test-dhidrogen-espirat\/","title":{"rendered":"Proves d\u2019Al\u00e8 d\u2019Hidrogen espirat i Met\u00e0 (Breath Test H2 i CH4)"},"content":{"rendered":"<p>El test d&#8217;Hidrogen espirat consisteix en el mesurament d&#8217;hidrogen en l&#8217;aire que respirem despr\u00e9s de l&#8217;administraci\u00f3 d&#8217;un sucre (lactosa, fructosa, sorbitol, glucosa, lactulosa, xilosa, etc).<\/p>\n<p>Normalment els bacteris intestinals tenen la capacitat de descompondre els sucres alliberant Hidrogen, que passa al torrent circulatori i d&#8217;aqu\u00ed al pulm\u00f3, expulsant finalment a l&#8217;exterior mitjan\u00e7ant la respiraci\u00f3.<\/p>\n<p>El procediment consisteix en realitzar un mesurament basal d&#8217;Hidrogen i despr\u00e9s de l&#8217;administraci\u00f3 del sucre cada 10 o 30 minuts per un per\u00edode de 3 o 5 hores (depenent del sucre que estiguem avaluant).<\/p>\n<p>\u00c9s important realitzar una correcta preparaci\u00f3 el dia anterior seguint una dieta espec\u00edfica, acudir en dej\u00fa, no mastegar xiclets ni caramels, no fumar abans de l&#8217;estudi i no haver pres antibi\u00f2tics les setmanes pr\u00e8vies.<\/p>\n<p>Les indicacions fonamentals dels test d&#8217;hidrogen espirat solen ser la sospita d&#8217;intoler\u00e0ncia aliment\u00e0ries (test de lactosa, fructosa i sorbitol), sospita d&#8217;un sobrecreixement bacteri\u00e0 (test de lactulosa o glucosa) o b\u00e9 quadres de malabsorci\u00f3 (test de xilosa). \u00c9s possible que durant la realitzaci\u00f3 del test alguns pacients presenten s\u00edmptomes com gasos, inflor de l&#8217;abdomen, o ganes d&#8217;evacuar, que solen ser lleus i transitoris.<\/p>\n<p>Cl\u00ednica ServiDigest disposa d&#8217;un servei de Motilitat i Proves funcionals digestives que permet completar l&#8217;estudi i el tractament de malalties i alteracions funcionals digestives.<\/p>\n<div class=\"woocommerce \"><ul class=\"products columns-4\">\n<li class=\"product type-product post-38354 status-publish first instock product_cat-proves-mediques has-post-thumbnail virtual purchasable product-type-simple\">\n\t<a href=\"https:\/\/dev.93-93-113-41.plesk.page\/ca\/producte\/test-dhidrogen-espirat\/\" class=\"woocommerce-LoopProduct-link woocommerce-loop-product__link\"><img fetchpriority=\"high\" decoding=\"async\" width=\"300\" height=\"300\" src=\"https:\/\/dev.93-93-113-41.plesk.page\/wp-content\/uploads\/2017\/07\/comprar-test-de-hidrogeno-1-300x300.jpg\" class=\"attachment-woocommerce_thumbnail size-woocommerce_thumbnail\" alt=\"comprar test d&#039;hidrogen espirat\" srcset=\"https:\/\/dev.93-93-113-41.plesk.page\/wp-content\/uploads\/2017\/07\/comprar-test-de-hidrogeno-1-300x300.jpg 300w, https:\/\/dev.93-93-113-41.plesk.page\/wp-content\/uploads\/2017\/07\/comprar-test-de-hidrogeno-1-100x100.jpg 100w, https:\/\/dev.93-93-113-41.plesk.page\/wp-content\/uploads\/2017\/07\/comprar-test-de-hidrogeno-1-150x150.jpg 150w\" sizes=\"(max-width: 300px) 100vw, 300px\" \/><h2 class=\"woocommerce-loop-product__title\">Test d&#8217;hidrogen espirat<\/h2>\n\t<span class=\"price\"><span class=\"woocommerce-Price-amount amount\"><bdi>350,00&nbsp;<span class=\"woocommerce-Price-currencySymbol\">&euro;<\/span><\/bdi><\/span><\/span>\n<\/a><a href=\"?add-to-cart=38354\" data-quantity=\"1\" class=\"button product_type_simple add_to_cart_button ajax_add_to_cart\" data-product_id=\"38354\" data-product_sku=\"TEST-HIDROGENO\" aria-label=\"Add to cart: &ldquo;Test d&#039;hidrogen espirat&rdquo;\" aria-describedby=\"\" rel=\"nofollow\">Afegeix a la cistella<\/a><\/li>\n<\/ul>\n<\/div>\n","protected":false},"excerpt":{"rendered":"<div class=\"mh-excerpt\"><p>El test d&#8217;Hidrogen espirat consisteix en el mesurament d&#8217;hidrogen en l&#8217;aire que respirem despr\u00e9s de l&#8217;administraci\u00f3 d&#8217;un sucre (lactosa, fructosa, sorbitol, glucosa, lactulosa, xilosa, etc). Normalment els bacteris intestinals tenen la capacitat de descompondre els <a class=\"mh-excerpt-more\" href=\"https:\/\/dev.93-93-113-41.plesk.page\/ca\/serveis\/proves-funcionals-digestives\/test-dhidrogen-espirat\/\" title=\"Proves d\u2019Al\u00e8 d\u2019Hidrogen espirat i Met\u00e0 (Breath Test H2 i CH4)\">[&#8230;]<\/a><\/p>\n<\/div>","protected":false},"author":1,"featured_media":0,"parent":131,"menu_order":14,"comment_status":"closed","ping_status":"closed","template":"","meta":{"footnotes":""},"class_list":["post-7871","page","type-page","status-publish"],"yoast_head":"<!-- This site is optimized with the Yoast SEO plugin v22.6 - https:\/\/yoast.com\/wordpress\/plugins\/seo\/ -->\n<title>Proves d\u2019Al\u00e8 d\u2019Hidrogen espirat i Met\u00e0 (Breath Test H2 i CH4) - Servidigest<\/title>\n<meta name=\"description\" content=\"El test d&#039;Hidrogen espirat consisteix en el mesurament d&#039;hidrogen en l&#039;aire que respirem despr\u00e9s de l&#039;administraci\u00f3 d&#039;un sucre (lactosa, fructosa, sorbitol, glucosa, lactulosa, xilosa, etc).\" \/>\n<meta name=\"robots\" content=\"index, follow, max-snippet:-1, max-image-preview:large, max-video-preview:-1\" \/>\n<link rel=\"canonical\" href=\"https:\/\/dev.93-93-113-41.plesk.page\/ca\/serveis\/proves-funcionals-digestives\/test-dhidrogen-espirat\/\" \/>\n<meta property=\"og:locale\" content=\"ca_ES\" \/>\n<meta property=\"og:type\" content=\"article\" \/>\n<meta property=\"og:title\" content=\"Proves d\u2019Al\u00e8 d\u2019Hidrogen espirat i Met\u00e0 (Breath Test H2 i CH4) - Servidigest\" \/>\n<meta property=\"og:description\" content=\"El test d&#039;Hidrogen espirat consisteix en el mesurament d&#039;hidrogen en l&#039;aire que respirem despr\u00e9s de l&#039;administraci\u00f3 d&#039;un sucre (lactosa, fructosa, sorbitol, glucosa, lactulosa, xilosa, etc).\" \/>\n<meta property=\"og:url\" content=\"https:\/\/dev.93-93-113-41.plesk.page\/ca\/serveis\/proves-funcionals-digestives\/test-dhidrogen-espirat\/\" \/>\n<meta property=\"og:site_name\" content=\"Servidigest\" \/>\n<meta property=\"article:publisher\" content=\"https:\/\/www.facebook.com\/servidigest\" \/>\n<meta property=\"article:modified_time\" content=\"2024-02-26T16:11:35+00:00\" \/>\n<meta name=\"twitter:card\" content=\"summary_large_image\" \/>\n<meta name=\"twitter:site\" content=\"@servidigest\" \/>\n<meta name=\"twitter:label1\" content=\"Est. reading time\" \/>\n\t<meta name=\"twitter:data1\" content=\"1 minute\" \/>\n<script type=\"application\/ld+json\" class=\"yoast-schema-graph\">{\"@context\":\"https:\/\/schema.org\",\"@graph\":[{\"@type\":\"WebPage\",\"@id\":\"https:\/\/dev.93-93-113-41.plesk.page\/ca\/serveis\/proves-funcionals-digestives\/test-dhidrogen-espirat\/\",\"url\":\"https:\/\/dev.93-93-113-41.plesk.page\/ca\/serveis\/proves-funcionals-digestives\/test-dhidrogen-espirat\/\",\"name\":\"Proves d\u2019Al\u00e8 d\u2019Hidrogen espirat i Met\u00e0 (Breath Test H2 i CH4) - Servidigest\",\"isPartOf\":{\"@id\":\"https:\/\/dev.93-93-113-41.plesk.page\/ca\/#website\"},\"datePublished\":\"2015-02-23T15:10:43+00:00\",\"dateModified\":\"2024-02-26T16:11:35+00:00\",\"description\":\"El test d'Hidrogen espirat consisteix en el mesurament d'hidrogen en l'aire que respirem despr\u00e9s de l'administraci\u00f3 d'un sucre (lactosa, fructosa, sorbitol, glucosa, lactulosa, xilosa, etc).\",\"breadcrumb\":{\"@id\":\"https:\/\/dev.93-93-113-41.plesk.page\/ca\/serveis\/proves-funcionals-digestives\/test-dhidrogen-espirat\/#breadcrumb\"},\"inLanguage\":\"ca\",\"potentialAction\":[{\"@type\":\"ReadAction\",\"target\":[\"https:\/\/dev.93-93-113-41.plesk.page\/ca\/serveis\/proves-funcionals-digestives\/test-dhidrogen-espirat\/\"]}]},{\"@type\":\"BreadcrumbList\",\"@id\":\"https:\/\/dev.93-93-113-41.plesk.page\/ca\/serveis\/proves-funcionals-digestives\/test-dhidrogen-espirat\/#breadcrumb\",\"itemListElement\":[{\"@type\":\"ListItem\",\"position\":1,\"name\":\"Serveis M\u00e8dics de Cl\u00ednica ServiDigest\",\"item\":\"https:\/\/dev.93-93-113-41.plesk.page\/ca\/servicios\/\"},{\"@type\":\"ListItem\",\"position\":2,\"name\":\"Proves funcionals digestives\",\"item\":\"https:\/\/dev.93-93-113-41.plesk.page\/ca\/serveis\/proves-funcionals-digestives\/\"},{\"@type\":\"ListItem\",\"position\":3,\"name\":\"Proves d\u2019Al\u00e8 d\u2019Hidrogen espirat i Met\u00e0 (Breath Test H2 i CH4)\"}]},{\"@type\":\"WebSite\",\"@id\":\"https:\/\/dev.93-93-113-41.plesk.page\/ca\/#website\",\"url\":\"https:\/\/dev.93-93-113-41.plesk.page\/ca\/\",\"name\":\"Servidigest\",\"description\":\"\",\"publisher\":{\"@id\":\"https:\/\/dev.93-93-113-41.plesk.page\/ca\/#organization\"},\"potentialAction\":[{\"@type\":\"SearchAction\",\"target\":{\"@type\":\"EntryPoint\",\"urlTemplate\":\"https:\/\/dev.93-93-113-41.plesk.page\/ca\/?s={search_term_string}\"},\"query-input\":\"required name=search_term_string\"}],\"inLanguage\":\"ca\"},{\"@type\":\"Organization\",\"@id\":\"https:\/\/dev.93-93-113-41.plesk.page\/ca\/#organization\",\"name\":\"Servidigest\",\"url\":\"https:\/\/dev.93-93-113-41.plesk.page\/ca\/\",\"logo\":{\"@type\":\"ImageObject\",\"inLanguage\":\"ca\",\"@id\":\"https:\/\/dev.93-93-113-41.plesk.page\/ca\/#\/schema\/logo\/image\/\",\"url\":\"https:\/\/dev.93-93-113-41.plesk.page\/wp-content\/uploads\/2024\/01\/servidigest.png\",\"contentUrl\":\"https:\/\/dev.93-93-113-41.plesk.page\/wp-content\/uploads\/2024\/01\/servidigest.png\",\"width\":808,\"height\":88,\"caption\":\"Servidigest\"},\"image\":{\"@id\":\"https:\/\/dev.93-93-113-41.plesk.page\/ca\/#\/schema\/logo\/image\/\"},\"sameAs\":[\"https:\/\/www.facebook.com\/servidigest\",\"https:\/\/x.com\/servidigest\"]}]}<\/script>\n<!-- \/ Yoast SEO plugin. -->","yoast_head_json":{"title":"Proves d\u2019Al\u00e8 d\u2019Hidrogen espirat i Met\u00e0 (Breath Test H2 i CH4) - Servidigest","description":"El test d'Hidrogen espirat consisteix en el mesurament d'hidrogen en l'aire que respirem despr\u00e9s de l'administraci\u00f3 d'un sucre (lactosa, fructosa, sorbitol, glucosa, lactulosa, xilosa, etc).","robots":{"index":"index","follow":"follow","max-snippet":"max-snippet:-1","max-image-preview":"max-image-preview:large","max-video-preview":"max-video-preview:-1"},"canonical":"https:\/\/dev.93-93-113-41.plesk.page\/ca\/serveis\/proves-funcionals-digestives\/test-dhidrogen-espirat\/","og_locale":"ca_ES","og_type":"article","og_title":"Proves d\u2019Al\u00e8 d\u2019Hidrogen espirat i Met\u00e0 (Breath Test H2 i CH4) - Servidigest","og_description":"El test d'Hidrogen espirat consisteix en el mesurament d'hidrogen en l'aire que respirem despr\u00e9s de l'administraci\u00f3 d'un sucre (lactosa, fructosa, sorbitol, glucosa, lactulosa, xilosa, etc).","og_url":"https:\/\/dev.93-93-113-41.plesk.page\/ca\/serveis\/proves-funcionals-digestives\/test-dhidrogen-espirat\/","og_site_name":"Servidigest","article_publisher":"https:\/\/www.facebook.com\/servidigest","article_modified_time":"2024-02-26T16:11:35+00:00","twitter_card":"summary_large_image","twitter_site":"@servidigest","twitter_misc":{"Est. reading time":"1 minute"},"schema":{"@context":"https:\/\/schema.org","@graph":[{"@type":"WebPage","@id":"https:\/\/dev.93-93-113-41.plesk.page\/ca\/serveis\/proves-funcionals-digestives\/test-dhidrogen-espirat\/","url":"https:\/\/dev.93-93-113-41.plesk.page\/ca\/serveis\/proves-funcionals-digestives\/test-dhidrogen-espirat\/","name":"Proves d\u2019Al\u00e8 d\u2019Hidrogen espirat i Met\u00e0 (Breath Test H2 i CH4) - Servidigest","isPartOf":{"@id":"https:\/\/dev.93-93-113-41.plesk.page\/ca\/#website"},"datePublished":"2015-02-23T15:10:43+00:00","dateModified":"2024-02-26T16:11:35+00:00","description":"El test d'Hidrogen espirat consisteix en el mesurament d'hidrogen en l'aire que respirem despr\u00e9s de l'administraci\u00f3 d'un sucre (lactosa, fructosa, sorbitol, glucosa, lactulosa, xilosa, etc).","breadcrumb":{"@id":"https:\/\/dev.93-93-113-41.plesk.page\/ca\/serveis\/proves-funcionals-digestives\/test-dhidrogen-espirat\/#breadcrumb"},"inLanguage":"ca","potentialAction":[{"@type":"ReadAction","target":["https:\/\/dev.93-93-113-41.plesk.page\/ca\/serveis\/proves-funcionals-digestives\/test-dhidrogen-espirat\/"]}]},{"@type":"BreadcrumbList","@id":"https:\/\/dev.93-93-113-41.plesk.page\/ca\/serveis\/proves-funcionals-digestives\/test-dhidrogen-espirat\/#breadcrumb","itemListElement":[{"@type":"ListItem","position":1,"name":"Serveis M\u00e8dics de Cl\u00ednica ServiDigest","item":"https:\/\/dev.93-93-113-41.plesk.page\/ca\/servicios\/"},{"@type":"ListItem","position":2,"name":"Proves funcionals digestives","item":"https:\/\/dev.93-93-113-41.plesk.page\/ca\/serveis\/proves-funcionals-digestives\/"},{"@type":"ListItem","position":3,"name":"Proves d\u2019Al\u00e8 d\u2019Hidrogen espirat i Met\u00e0 (Breath Test H2 i CH4)"}]},{"@type":"WebSite","@id":"https:\/\/dev.93-93-113-41.plesk.page\/ca\/#website","url":"https:\/\/dev.93-93-113-41.plesk.page\/ca\/","name":"Servidigest","description":"","publisher":{"@id":"https:\/\/dev.93-93-113-41.plesk.page\/ca\/#organization"},"potentialAction":[{"@type":"SearchAction","target":{"@type":"EntryPoint","urlTemplate":"https:\/\/dev.93-93-113-41.plesk.page\/ca\/?s={search_term_string}"},"query-input":"required name=search_term_string"}],"inLanguage":"ca"},{"@type":"Organization","@id":"https:\/\/dev.93-93-113-41.plesk.page\/ca\/#organization","name":"Servidigest","url":"https:\/\/dev.93-93-113-41.plesk.page\/ca\/","logo":{"@type":"ImageObject","inLanguage":"ca","@id":"https:\/\/dev.93-93-113-41.plesk.page\/ca\/#\/schema\/logo\/image\/","url":"https:\/\/dev.93-93-113-41.plesk.page\/wp-content\/uploads\/2024\/01\/servidigest.png","contentUrl":"https:\/\/dev.93-93-113-41.plesk.page\/wp-content\/uploads\/2024\/01\/servidigest.png","width":808,"height":88,"caption":"Servidigest"},"image":{"@id":"https:\/\/dev.93-93-113-41.plesk.page\/ca\/#\/schema\/logo\/image\/"},"sameAs":["https:\/\/www.facebook.com\/servidigest","https:\/\/x.com\/servidigest"]}]}},"_links":{"self":[{"href":"https:\/\/dev.93-93-113-41.plesk.page\/ca\/wp-json\/wp\/v2\/pages\/7871","targetHints":{"allow":["GET"]}}],"collection":[{"href":"https:\/\/dev.93-93-113-41.plesk.page\/ca\/wp-json\/wp\/v2\/pages"}],"about":[{"href":"https:\/\/dev.93-93-113-41.plesk.page\/ca\/wp-json\/wp\/v2\/types\/page"}],"author":[{"embeddable":true,"href":"https:\/\/dev.93-93-113-41.plesk.page\/ca\/wp-json\/wp\/v2\/users\/1"}],"replies":[{"embeddable":true,"href":"https:\/\/dev.93-93-113-41.plesk.page\/ca\/wp-json\/wp\/v2\/comments?post=7871"}],"version-history":[{"count":1,"href":"https:\/\/dev.93-93-113-41.plesk.page\/ca\/wp-json\/wp\/v2\/pages\/7871\/revisions"}],"predecessor-version":[{"id":34898,"href":"https:\/\/dev.93-93-113-41.plesk.page\/ca\/wp-json\/wp\/v2\/pages\/7871\/revisions\/34898"}],"up":[{"embeddable":true,"href":"https:\/\/dev.93-93-113-41.plesk.page\/ca\/wp-json\/wp\/v2\/pages\/131"}],"wp:attachment":[{"href":"https:\/\/dev.93-93-113-41.plesk.page\/ca\/wp-json\/wp\/v2\/media?parent=7871"}],"curies":[{"name":"wp","href":"https:\/\/api.w.org\/{rel}","templated":true}]}}