{"id":7836,"date":"2015-02-23T15:02:54","date_gmt":"2015-02-23T14:02:54","guid":{"rendered":"https:\/\/dev.93-93-113-41.plesk.page\/?page_id=7836"},"modified":"2024-02-26T17:11:33","modified_gmt":"2024-02-26T16:11:33","slug":"derivacio-biliopancreatica-o-switch-duodenal","status":"publish","type":"page","link":"https:\/\/dev.93-93-113-41.plesk.page\/ca\/serveis\/cirurgia-metabolica-i-bariatrica\/derivacio-biliopancreatica-o-switch-duodenal\/","title":{"rendered":"Derivaci\u00f3 Biliopancre\u00e0tica amb Encreuament (Switch) Duodenal"},"content":{"rendered":"<p>La Derivaci\u00f3 Biliopancre\u00e0tica amb Encreuament (Switch) Duodenal, \u00e9s un procediment quir\u00fargic restrictiu, amb reducci\u00f3 de la capacitat g\u00e0strica, per\u00f2 sobretot malabsortiu, mitjan\u00e7ant la reconducci\u00f3 de les vies gastrointestinals i disminuci\u00f3 de la longitud de l&#8217;intest\u00ed prim. Es recomana en pacients adults (de 18 a 65 anys) afectes d&#8217;Obesitat tipus IV (sobretot en IMC&gt; 55 kg \/ m2), juntament amb un canvi d&#8217;estil de vida (dieta i exercici).<\/p>\n<p>Aquesta cirurgia va ser realitzada per primera vegada en 1976 per Scopinaro, introduint-se posteriorment per Hess el 1988, el encreuament (switch) duodenal. El 2011, corresponia a l&#8217;2,1% de les cirurgies realitzades per al tractament de l&#8217;Obesitat, per la seva indicaci\u00f3 nom\u00e9s en casos extrems.<\/p>\n<p>Com en el Bypass G\u00e0stric, s&#8217;aconsegueix la p\u00e8rdua de pes per dos mecanismes, combinant una gastrectomia vertical (component restrictiu), juntament amb un encreuament a l&#8217;intest\u00ed prim, perqu\u00e8 s&#8217;utilitzi nom\u00e9s el 50% d&#8217;aquest per a la digesti\u00f3 i absorci\u00f3 dels aliments (component malabsortiu). Per al component malabsortiu es realitza una secci\u00f3 a l&#8217;intest\u00ed prim, habitualment a 250 cm de la v\u00e0lvula ileocecal; la part distal s&#8217;uneix amb el duod\u00e8 (nansa aliment\u00e0ria) i la proximal es sutura al ili terminal, a uns 50 cm de la seva uni\u00f3 amb el cec.<\/p>\n<p>El procediment es realitza mitjan\u00e7ant laparosc\u00f2pia, i associa una colecistectomia sistem\u00e0tica. Donada la complexitat de la t\u00e8cnica, i amb l&#8217;objectiu de reduir el risc quir\u00fargic, es pot proposar una cirurgia en dos temps (primer gastrectomia tubular i, en un segon temps, la derivaci\u00f3 biliopancre\u00e0tica) o b\u00e9 existeix tamb\u00e9 la possibilitat de realitzar una intervenci\u00f3 m\u00e9s senzilla, amb una \u00fanica anastomosi duodeno-ileal, amb resultats prometedors. En presentar un component malabsortivo important, requereix d&#8217;un estricte control per endocrin\u00f2leg i nutricionista, per evitar possibles mancances nutricionals.<\/p>\n<p>La Derivaci\u00f3 Biliopancre\u00e0tica amb Encreuament (Switch) Duodenal, aconsegueix una p\u00e8rdua de l&#8217;exc\u00e9s de pes de m\u00e9s del 75% als 5 anys, juntament amb millora o fins i tot remissi\u00f3 de les comorbiditats associades a l&#8217;Obesitat, com la hipertensi\u00f3 arterial, <a href=\"\/?page_id=7311\">la diabetis mellitus tipus 2<\/a> , la <a href=\"\/?page_id=13492\">dislip\u00e8mia<\/a> i la s\u00edndrome d&#8217;apnea del son.<\/p>\n","protected":false},"excerpt":{"rendered":"<div class=\"mh-excerpt\"><p>La Derivaci\u00f3 Biliopancre\u00e0tica amb Encreuament (Switch) Duodenal, \u00e9s un procediment quir\u00fargic restrictiu, amb reducci\u00f3 de la capacitat g\u00e0strica, per\u00f2 sobretot malabsortiu, mitjan\u00e7ant la reconducci\u00f3 de les vies gastrointestinals i disminuci\u00f3 de la longitud de l&#8217;intest\u00ed <a class=\"mh-excerpt-more\" href=\"https:\/\/dev.93-93-113-41.plesk.page\/ca\/serveis\/cirurgia-metabolica-i-bariatrica\/derivacio-biliopancreatica-o-switch-duodenal\/\" title=\"Derivaci\u00f3 Biliopancre\u00e0tica amb Encreuament (Switch) Duodenal\">[&#8230;]<\/a><\/p>\n<\/div>","protected":false},"author":1,"featured_media":0,"parent":36491,"menu_order":6,"comment_status":"closed","ping_status":"closed","template":"","meta":{"footnotes":""},"class_list":["post-7836","page","type-page","status-publish"],"yoast_head":"<!-- This site is optimized with the Yoast SEO plugin v22.6 - https:\/\/yoast.com\/wordpress\/plugins\/seo\/ -->\n<title>Derivaci\u00f3 Biliopancre\u00e0tica amb Encreuament Duodenal - ServiDigest<\/title>\n<meta name=\"robots\" content=\"index, follow, max-snippet:-1, max-image-preview:large, max-video-preview:-1\" \/>\n<link rel=\"canonical\" href=\"https:\/\/dev.93-93-113-41.plesk.page\/ca\/serveis\/cirurgia-metabolica-i-bariatrica\/derivacio-biliopancreatica-o-switch-duodenal\/\" \/>\n<meta property=\"og:locale\" content=\"ca_ES\" \/>\n<meta property=\"og:type\" content=\"article\" \/>\n<meta property=\"og:title\" content=\"Derivaci\u00f3 Biliopancre\u00e0tica amb Encreuament Duodenal - ServiDigest\" \/>\n<meta property=\"og:description\" content=\"La Derivaci\u00f3 Biliopancre\u00e0tica amb Encreuament (Switch) Duodenal, \u00e9s un procediment quir\u00fargic restrictiu, amb reducci\u00f3 de la capacitat g\u00e0strica, per\u00f2 sobretot malabsortiu, mitjan\u00e7ant la reconducci\u00f3 de les vies gastrointestinals i disminuci\u00f3 de la longitud de l&#8217;intest\u00ed [...]\" \/>\n<meta property=\"og:url\" content=\"https:\/\/dev.93-93-113-41.plesk.page\/ca\/serveis\/cirurgia-metabolica-i-bariatrica\/derivacio-biliopancreatica-o-switch-duodenal\/\" \/>\n<meta property=\"og:site_name\" content=\"Servidigest\" \/>\n<meta property=\"article:publisher\" content=\"https:\/\/www.facebook.com\/servidigest\" \/>\n<meta property=\"article:modified_time\" content=\"2024-02-26T16:11:33+00:00\" \/>\n<meta name=\"twitter:card\" content=\"summary_large_image\" \/>\n<meta name=\"twitter:site\" content=\"@servidigest\" \/>\n<meta name=\"twitter:label1\" content=\"Est. reading time\" \/>\n\t<meta name=\"twitter:data1\" content=\"2 minutes\" \/>\n<script type=\"application\/ld+json\" class=\"yoast-schema-graph\">{\"@context\":\"https:\/\/schema.org\",\"@graph\":[{\"@type\":\"WebPage\",\"@id\":\"https:\/\/dev.93-93-113-41.plesk.page\/ca\/serveis\/cirurgia-metabolica-i-bariatrica\/derivacio-biliopancreatica-o-switch-duodenal\/\",\"url\":\"https:\/\/dev.93-93-113-41.plesk.page\/ca\/serveis\/cirurgia-metabolica-i-bariatrica\/derivacio-biliopancreatica-o-switch-duodenal\/\",\"name\":\"Derivaci\u00f3 Biliopancre\u00e0tica amb Encreuament Duodenal - ServiDigest\",\"isPartOf\":{\"@id\":\"https:\/\/dev.93-93-113-41.plesk.page\/ca\/#website\"},\"datePublished\":\"2015-02-23T14:02:54+00:00\",\"dateModified\":\"2024-02-26T16:11:33+00:00\",\"breadcrumb\":{\"@id\":\"https:\/\/dev.93-93-113-41.plesk.page\/ca\/serveis\/cirurgia-metabolica-i-bariatrica\/derivacio-biliopancreatica-o-switch-duodenal\/#breadcrumb\"},\"inLanguage\":\"ca\",\"potentialAction\":[{\"@type\":\"ReadAction\",\"target\":[\"https:\/\/dev.93-93-113-41.plesk.page\/ca\/serveis\/cirurgia-metabolica-i-bariatrica\/derivacio-biliopancreatica-o-switch-duodenal\/\"]}]},{\"@type\":\"BreadcrumbList\",\"@id\":\"https:\/\/dev.93-93-113-41.plesk.page\/ca\/serveis\/cirurgia-metabolica-i-bariatrica\/derivacio-biliopancreatica-o-switch-duodenal\/#breadcrumb\",\"itemListElement\":[{\"@type\":\"ListItem\",\"position\":1,\"name\":\"Serveis M\u00e8dics de Cl\u00ednica ServiDigest\",\"item\":\"https:\/\/dev.93-93-113-41.plesk.page\/ca\/servicios\/\"},{\"@type\":\"ListItem\",\"position\":2,\"name\":\"Cirurgia Metab\u00f2lica i Bari\u00e0trica\",\"item\":\"https:\/\/dev.93-93-113-41.plesk.page\/ca\/servicios\/cirugia-metabolica-y-bariatrica\/\"},{\"@type\":\"ListItem\",\"position\":3,\"name\":\"Derivaci\u00f3 Biliopancre\u00e0tica amb Encreuament (Switch) Duodenal\"}]},{\"@type\":\"WebSite\",\"@id\":\"https:\/\/dev.93-93-113-41.plesk.page\/ca\/#website\",\"url\":\"https:\/\/dev.93-93-113-41.plesk.page\/ca\/\",\"name\":\"Servidigest\",\"description\":\"\",\"publisher\":{\"@id\":\"https:\/\/dev.93-93-113-41.plesk.page\/ca\/#organization\"},\"potentialAction\":[{\"@type\":\"SearchAction\",\"target\":{\"@type\":\"EntryPoint\",\"urlTemplate\":\"https:\/\/dev.93-93-113-41.plesk.page\/ca\/?s={search_term_string}\"},\"query-input\":\"required name=search_term_string\"}],\"inLanguage\":\"ca\"},{\"@type\":\"Organization\",\"@id\":\"https:\/\/dev.93-93-113-41.plesk.page\/ca\/#organization\",\"name\":\"Servidigest\",\"url\":\"https:\/\/dev.93-93-113-41.plesk.page\/ca\/\",\"logo\":{\"@type\":\"ImageObject\",\"inLanguage\":\"ca\",\"@id\":\"https:\/\/dev.93-93-113-41.plesk.page\/ca\/#\/schema\/logo\/image\/\",\"url\":\"https:\/\/dev.93-93-113-41.plesk.page\/wp-content\/uploads\/2024\/01\/servidigest.png\",\"contentUrl\":\"https:\/\/dev.93-93-113-41.plesk.page\/wp-content\/uploads\/2024\/01\/servidigest.png\",\"width\":808,\"height\":88,\"caption\":\"Servidigest\"},\"image\":{\"@id\":\"https:\/\/dev.93-93-113-41.plesk.page\/ca\/#\/schema\/logo\/image\/\"},\"sameAs\":[\"https:\/\/www.facebook.com\/servidigest\",\"https:\/\/x.com\/servidigest\"]}]}<\/script>\n<!-- \/ Yoast SEO plugin. -->","yoast_head_json":{"title":"Derivaci\u00f3 Biliopancre\u00e0tica amb Encreuament Duodenal - ServiDigest","robots":{"index":"index","follow":"follow","max-snippet":"max-snippet:-1","max-image-preview":"max-image-preview:large","max-video-preview":"max-video-preview:-1"},"canonical":"https:\/\/dev.93-93-113-41.plesk.page\/ca\/serveis\/cirurgia-metabolica-i-bariatrica\/derivacio-biliopancreatica-o-switch-duodenal\/","og_locale":"ca_ES","og_type":"article","og_title":"Derivaci\u00f3 Biliopancre\u00e0tica amb Encreuament Duodenal - ServiDigest","og_description":"La Derivaci\u00f3 Biliopancre\u00e0tica amb Encreuament (Switch) Duodenal, \u00e9s un procediment quir\u00fargic restrictiu, amb reducci\u00f3 de la capacitat g\u00e0strica, per\u00f2 sobretot malabsortiu, mitjan\u00e7ant la reconducci\u00f3 de les vies gastrointestinals i disminuci\u00f3 de la longitud de l&#8217;intest\u00ed [...]","og_url":"https:\/\/dev.93-93-113-41.plesk.page\/ca\/serveis\/cirurgia-metabolica-i-bariatrica\/derivacio-biliopancreatica-o-switch-duodenal\/","og_site_name":"Servidigest","article_publisher":"https:\/\/www.facebook.com\/servidigest","article_modified_time":"2024-02-26T16:11:33+00:00","twitter_card":"summary_large_image","twitter_site":"@servidigest","twitter_misc":{"Est. reading time":"2 minutes"},"schema":{"@context":"https:\/\/schema.org","@graph":[{"@type":"WebPage","@id":"https:\/\/dev.93-93-113-41.plesk.page\/ca\/serveis\/cirurgia-metabolica-i-bariatrica\/derivacio-biliopancreatica-o-switch-duodenal\/","url":"https:\/\/dev.93-93-113-41.plesk.page\/ca\/serveis\/cirurgia-metabolica-i-bariatrica\/derivacio-biliopancreatica-o-switch-duodenal\/","name":"Derivaci\u00f3 Biliopancre\u00e0tica amb Encreuament Duodenal - ServiDigest","isPartOf":{"@id":"https:\/\/dev.93-93-113-41.plesk.page\/ca\/#website"},"datePublished":"2015-02-23T14:02:54+00:00","dateModified":"2024-02-26T16:11:33+00:00","breadcrumb":{"@id":"https:\/\/dev.93-93-113-41.plesk.page\/ca\/serveis\/cirurgia-metabolica-i-bariatrica\/derivacio-biliopancreatica-o-switch-duodenal\/#breadcrumb"},"inLanguage":"ca","potentialAction":[{"@type":"ReadAction","target":["https:\/\/dev.93-93-113-41.plesk.page\/ca\/serveis\/cirurgia-metabolica-i-bariatrica\/derivacio-biliopancreatica-o-switch-duodenal\/"]}]},{"@type":"BreadcrumbList","@id":"https:\/\/dev.93-93-113-41.plesk.page\/ca\/serveis\/cirurgia-metabolica-i-bariatrica\/derivacio-biliopancreatica-o-switch-duodenal\/#breadcrumb","itemListElement":[{"@type":"ListItem","position":1,"name":"Serveis M\u00e8dics de Cl\u00ednica ServiDigest","item":"https:\/\/dev.93-93-113-41.plesk.page\/ca\/servicios\/"},{"@type":"ListItem","position":2,"name":"Cirurgia Metab\u00f2lica i Bari\u00e0trica","item":"https:\/\/dev.93-93-113-41.plesk.page\/ca\/servicios\/cirugia-metabolica-y-bariatrica\/"},{"@type":"ListItem","position":3,"name":"Derivaci\u00f3 Biliopancre\u00e0tica amb Encreuament (Switch) Duodenal"}]},{"@type":"WebSite","@id":"https:\/\/dev.93-93-113-41.plesk.page\/ca\/#website","url":"https:\/\/dev.93-93-113-41.plesk.page\/ca\/","name":"Servidigest","description":"","publisher":{"@id":"https:\/\/dev.93-93-113-41.plesk.page\/ca\/#organization"},"potentialAction":[{"@type":"SearchAction","target":{"@type":"EntryPoint","urlTemplate":"https:\/\/dev.93-93-113-41.plesk.page\/ca\/?s={search_term_string}"},"query-input":"required name=search_term_string"}],"inLanguage":"ca"},{"@type":"Organization","@id":"https:\/\/dev.93-93-113-41.plesk.page\/ca\/#organization","name":"Servidigest","url":"https:\/\/dev.93-93-113-41.plesk.page\/ca\/","logo":{"@type":"ImageObject","inLanguage":"ca","@id":"https:\/\/dev.93-93-113-41.plesk.page\/ca\/#\/schema\/logo\/image\/","url":"https:\/\/dev.93-93-113-41.plesk.page\/wp-content\/uploads\/2024\/01\/servidigest.png","contentUrl":"https:\/\/dev.93-93-113-41.plesk.page\/wp-content\/uploads\/2024\/01\/servidigest.png","width":808,"height":88,"caption":"Servidigest"},"image":{"@id":"https:\/\/dev.93-93-113-41.plesk.page\/ca\/#\/schema\/logo\/image\/"},"sameAs":["https:\/\/www.facebook.com\/servidigest","https:\/\/x.com\/servidigest"]}]}},"_links":{"self":[{"href":"https:\/\/dev.93-93-113-41.plesk.page\/ca\/wp-json\/wp\/v2\/pages\/7836","targetHints":{"allow":["GET"]}}],"collection":[{"href":"https:\/\/dev.93-93-113-41.plesk.page\/ca\/wp-json\/wp\/v2\/pages"}],"about":[{"href":"https:\/\/dev.93-93-113-41.plesk.page\/ca\/wp-json\/wp\/v2\/types\/page"}],"author":[{"embeddable":true,"href":"https:\/\/dev.93-93-113-41.plesk.page\/ca\/wp-json\/wp\/v2\/users\/1"}],"replies":[{"embeddable":true,"href":"https:\/\/dev.93-93-113-41.plesk.page\/ca\/wp-json\/wp\/v2\/comments?post=7836"}],"version-history":[{"count":1,"href":"https:\/\/dev.93-93-113-41.plesk.page\/ca\/wp-json\/wp\/v2\/pages\/7836\/revisions"}],"predecessor-version":[{"id":34893,"href":"https:\/\/dev.93-93-113-41.plesk.page\/ca\/wp-json\/wp\/v2\/pages\/7836\/revisions\/34893"}],"up":[{"embeddable":true,"href":"https:\/\/dev.93-93-113-41.plesk.page\/ca\/wp-json\/wp\/v2\/pages\/36491"}],"wp:attachment":[{"href":"https:\/\/dev.93-93-113-41.plesk.page\/ca\/wp-json\/wp\/v2\/media?parent=7836"}],"curies":[{"name":"wp","href":"https:\/\/api.w.org\/{rel}","templated":true}]}}