{"id":7828,"date":"2015-02-23T14:57:25","date_gmt":"2015-02-23T13:57:25","guid":{"rendered":"https:\/\/dev.93-93-113-41.plesk.page\/?page_id=7828"},"modified":"2024-02-26T17:11:30","modified_gmt":"2024-02-26T16:11:30","slug":"gastrectomia-tubular-o-sleeve-gastrectomy","status":"publish","type":"page","link":"https:\/\/dev.93-93-113-41.plesk.page\/ca\/serveis\/cirurgia-metabolica-i-bariatrica\/gastrectomia-tubular-o-sleeve-gastrectomy\/","title":{"rendered":"Gastrectomia tubular (Sleeve Gastrectomy)"},"content":{"rendered":"<p>La Gastrectomia tubular (Sleeve Gastrectomy) \u00e9s un procediment quir\u00fargic que consisteix a reduir la capacitat g\u00e0strica per aconseguir sensaci\u00f3 de sacietat amb ingestes inferiors a l&#8217;habitual. Est\u00e0 indicada en pacients de 18 a 65 anys amb Obesitat tipus III (IMC&gt; 40 kg \/ m2) o Obesitat tipus II amb comorbiditats majors (hipertensi\u00f3 arterial, diabetis mellitus tipus 2, dislip\u00e8mia, s\u00edndrome d&#8217;apnea del son) que no aconsegueixen perdre pes tot i canvis en el seu estil de vida. No es recomana aquesta t\u00e8cnica en pacients que presentin reflux gastroesof\u00e0gic.<\/p>\n<p>Inicialment formava part de l&#8217;<a href=\"\/?page_id=7836\">encreuament duodenal<\/a>, per\u00f2 va comen\u00e7ar a realitzar-se en malalts d&#8217;alt risc com a primer temps quir\u00fargic, per despr\u00e9s indicar-se com t\u00e8cnica \u00fanica. El 2011, corresponia al 27,1% de les cirurgies realitzades per al tractament de l&#8217;Obesitat, un percentatge que es troba en augment, aconseguint el 60-80% en molts centres.<\/p>\n<p>Mitjan\u00e7ant aquesta t\u00e8cnica restrictiva, el cirurgi\u00e0 extirpa aproximadament el 80% del volum de l&#8217;est\u00f3mac, deixant un romanent de menys de 100cc de capacitat. Per a aix\u00f2, es ressequen el cos i fundus g\u00e0stric (curvatura major), mantenint un petit &#8220;sleeve&#8221; o tub a nivell de la curvatura menor. El antre es preserva per mantenir el buidament g\u00e0stric.<\/p>\n<p>El procediment es realitza mitjan\u00e7ant t\u00e8cniques laparosc\u00f2piques, amb una durada mitjana de 90 minuts. Posteriorment, el pacient haur\u00e0 d&#8217;estar hospitalitzat unes 24-48 hores, i pot reprendre la seva vida habitual en 2-3 setmanes.<\/p>\n<p>La Gastrectomia tubular aconsegueix una p\u00e8rdua de l&#8217;exc\u00e9s de pes d&#8217;entre el 50-60% als 5 anys, juntament amb millora o fins i tot remissi\u00f3 de les comorbiditats associades a l&#8217;Obesitat, com la hipertensi\u00f3 arterial, la <a href=\"\/?page_id=7311\">diabetis mellitus tipus 2<\/a>, la <a href=\"\/?page_id=13492\">dislip\u00e8mia<\/a> i la s\u00edndrome d&#8217;apnea del son, i sense importants requeriments substitutius des del punt de vista nutricional i endocrinol\u00f2gic.<\/p>\n<p>&nbsp;<\/p>\n<p><img fetchpriority=\"high\" decoding=\"async\" class=\"aligncenter size-medium wp-image-12985\" src=\"https:\/\/dev.93-93-113-41.plesk.page\/wp-content\/uploads\/2015\/02\/Sleev-188x300.png\" alt=\"Sleev\" width=\"188\" height=\"300\" srcset=\"https:\/\/dev.93-93-113-41.plesk.page\/wp-content\/uploads\/2015\/02\/Sleev-188x300.png 188w, https:\/\/dev.93-93-113-41.plesk.page\/wp-content\/uploads\/2015\/02\/Sleev.png 330w\" sizes=\"(max-width: 188px) 100vw, 188px\" \/><\/p>\n","protected":false},"excerpt":{"rendered":"<div class=\"mh-excerpt\"><p>La Gastrectomia tubular (Sleeve Gastrectomy) \u00e9s un procediment quir\u00fargic que consisteix a reduir la capacitat g\u00e0strica per aconseguir sensaci\u00f3 de sacietat amb ingestes inferiors a l&#8217;habitual. Est\u00e0 indicada en pacients de 18 a 65 anys <a class=\"mh-excerpt-more\" href=\"https:\/\/dev.93-93-113-41.plesk.page\/ca\/serveis\/cirurgia-metabolica-i-bariatrica\/gastrectomia-tubular-o-sleeve-gastrectomy\/\" title=\"Gastrectomia tubular (Sleeve Gastrectomy)\">[&#8230;]<\/a><\/p>\n<\/div>","protected":false},"author":1,"featured_media":0,"parent":36491,"menu_order":2,"comment_status":"closed","ping_status":"closed","template":"","meta":{"footnotes":""},"class_list":["post-7828","page","type-page","status-publish"],"yoast_head":"<!-- This site is optimized with the Yoast SEO plugin v22.6 - https:\/\/yoast.com\/wordpress\/plugins\/seo\/ -->\n<title>Gastrectomia tubular (Sleeve Gastrectomy) - Servidigest<\/title>\n<meta name=\"description\" content=\"La Gastrectom\u00eda tubular (Sleeve Gastrectomy) consisteix en reduir la capacitat g\u00e0strica per aconseguir una sensaci\u00f3 de sacietat\" \/>\n<meta name=\"robots\" content=\"index, follow, max-snippet:-1, max-image-preview:large, max-video-preview:-1\" \/>\n<link rel=\"canonical\" href=\"https:\/\/dev.93-93-113-41.plesk.page\/ca\/serveis\/cirurgia-metabolica-i-bariatrica\/gastrectomia-tubular-o-sleeve-gastrectomy\/\" \/>\n<meta property=\"og:locale\" content=\"ca_ES\" \/>\n<meta property=\"og:type\" content=\"article\" \/>\n<meta property=\"og:title\" content=\"Gastrectomia tubular (Sleeve Gastrectomy) - Servidigest\" \/>\n<meta property=\"og:description\" content=\"La Gastrectom\u00eda tubular (Sleeve Gastrectomy) consisteix en reduir la capacitat g\u00e0strica per aconseguir una sensaci\u00f3 de sacietat\" \/>\n<meta property=\"og:url\" content=\"https:\/\/dev.93-93-113-41.plesk.page\/ca\/serveis\/cirurgia-metabolica-i-bariatrica\/gastrectomia-tubular-o-sleeve-gastrectomy\/\" \/>\n<meta property=\"og:site_name\" content=\"Servidigest\" \/>\n<meta property=\"article:publisher\" content=\"https:\/\/www.facebook.com\/servidigest\" \/>\n<meta property=\"article:modified_time\" content=\"2024-02-26T16:11:30+00:00\" \/>\n<meta property=\"og:image\" content=\"https:\/\/dev.93-93-113-41.plesk.page\/wp-content\/uploads\/2015\/02\/Sleev-188x300.png\" \/>\n<meta name=\"twitter:card\" content=\"summary_large_image\" \/>\n<meta name=\"twitter:site\" content=\"@servidigest\" \/>\n<meta name=\"twitter:label1\" content=\"Est. reading time\" \/>\n\t<meta name=\"twitter:data1\" content=\"2 minutes\" \/>\n<script type=\"application\/ld+json\" class=\"yoast-schema-graph\">{\"@context\":\"https:\/\/schema.org\",\"@graph\":[{\"@type\":\"WebPage\",\"@id\":\"https:\/\/dev.93-93-113-41.plesk.page\/ca\/serveis\/cirurgia-metabolica-i-bariatrica\/gastrectomia-tubular-o-sleeve-gastrectomy\/\",\"url\":\"https:\/\/dev.93-93-113-41.plesk.page\/ca\/serveis\/cirurgia-metabolica-i-bariatrica\/gastrectomia-tubular-o-sleeve-gastrectomy\/\",\"name\":\"Gastrectomia tubular (Sleeve Gastrectomy) - Servidigest\",\"isPartOf\":{\"@id\":\"https:\/\/dev.93-93-113-41.plesk.page\/ca\/#website\"},\"primaryImageOfPage\":{\"@id\":\"https:\/\/dev.93-93-113-41.plesk.page\/ca\/serveis\/cirurgia-metabolica-i-bariatrica\/gastrectomia-tubular-o-sleeve-gastrectomy\/#primaryimage\"},\"image\":{\"@id\":\"https:\/\/dev.93-93-113-41.plesk.page\/ca\/serveis\/cirurgia-metabolica-i-bariatrica\/gastrectomia-tubular-o-sleeve-gastrectomy\/#primaryimage\"},\"thumbnailUrl\":\"https:\/\/dev.93-93-113-41.plesk.page\/wp-content\/uploads\/2015\/02\/Sleev-188x300.png\",\"datePublished\":\"2015-02-23T13:57:25+00:00\",\"dateModified\":\"2024-02-26T16:11:30+00:00\",\"description\":\"La Gastrectom\u00eda tubular (Sleeve Gastrectomy) consisteix en reduir la capacitat g\u00e0strica per aconseguir una sensaci\u00f3 de sacietat\",\"breadcrumb\":{\"@id\":\"https:\/\/dev.93-93-113-41.plesk.page\/ca\/serveis\/cirurgia-metabolica-i-bariatrica\/gastrectomia-tubular-o-sleeve-gastrectomy\/#breadcrumb\"},\"inLanguage\":\"ca\",\"potentialAction\":[{\"@type\":\"ReadAction\",\"target\":[\"https:\/\/dev.93-93-113-41.plesk.page\/ca\/serveis\/cirurgia-metabolica-i-bariatrica\/gastrectomia-tubular-o-sleeve-gastrectomy\/\"]}]},{\"@type\":\"ImageObject\",\"inLanguage\":\"ca\",\"@id\":\"https:\/\/dev.93-93-113-41.plesk.page\/ca\/serveis\/cirurgia-metabolica-i-bariatrica\/gastrectomia-tubular-o-sleeve-gastrectomy\/#primaryimage\",\"url\":\"https:\/\/dev.93-93-113-41.plesk.page\/wp-content\/uploads\/2015\/02\/Sleev-188x300.png\",\"contentUrl\":\"https:\/\/dev.93-93-113-41.plesk.page\/wp-content\/uploads\/2015\/02\/Sleev-188x300.png\"},{\"@type\":\"BreadcrumbList\",\"@id\":\"https:\/\/dev.93-93-113-41.plesk.page\/ca\/serveis\/cirurgia-metabolica-i-bariatrica\/gastrectomia-tubular-o-sleeve-gastrectomy\/#breadcrumb\",\"itemListElement\":[{\"@type\":\"ListItem\",\"position\":1,\"name\":\"Serveis M\u00e8dics de Cl\u00ednica ServiDigest\",\"item\":\"https:\/\/dev.93-93-113-41.plesk.page\/ca\/servicios\/\"},{\"@type\":\"ListItem\",\"position\":2,\"name\":\"Cirurgia Metab\u00f2lica i Bari\u00e0trica\",\"item\":\"https:\/\/dev.93-93-113-41.plesk.page\/ca\/servicios\/cirugia-metabolica-y-bariatrica\/\"},{\"@type\":\"ListItem\",\"position\":3,\"name\":\"Gastrectomia tubular (Sleeve Gastrectomy)\"}]},{\"@type\":\"WebSite\",\"@id\":\"https:\/\/dev.93-93-113-41.plesk.page\/ca\/#website\",\"url\":\"https:\/\/dev.93-93-113-41.plesk.page\/ca\/\",\"name\":\"Servidigest\",\"description\":\"\",\"publisher\":{\"@id\":\"https:\/\/dev.93-93-113-41.plesk.page\/ca\/#organization\"},\"potentialAction\":[{\"@type\":\"SearchAction\",\"target\":{\"@type\":\"EntryPoint\",\"urlTemplate\":\"https:\/\/dev.93-93-113-41.plesk.page\/ca\/?s={search_term_string}\"},\"query-input\":\"required name=search_term_string\"}],\"inLanguage\":\"ca\"},{\"@type\":\"Organization\",\"@id\":\"https:\/\/dev.93-93-113-41.plesk.page\/ca\/#organization\",\"name\":\"Servidigest\",\"url\":\"https:\/\/dev.93-93-113-41.plesk.page\/ca\/\",\"logo\":{\"@type\":\"ImageObject\",\"inLanguage\":\"ca\",\"@id\":\"https:\/\/dev.93-93-113-41.plesk.page\/ca\/#\/schema\/logo\/image\/\",\"url\":\"https:\/\/dev.93-93-113-41.plesk.page\/wp-content\/uploads\/2024\/01\/servidigest.png\",\"contentUrl\":\"https:\/\/dev.93-93-113-41.plesk.page\/wp-content\/uploads\/2024\/01\/servidigest.png\",\"width\":808,\"height\":88,\"caption\":\"Servidigest\"},\"image\":{\"@id\":\"https:\/\/dev.93-93-113-41.plesk.page\/ca\/#\/schema\/logo\/image\/\"},\"sameAs\":[\"https:\/\/www.facebook.com\/servidigest\",\"https:\/\/x.com\/servidigest\"]}]}<\/script>\n<!-- \/ Yoast SEO plugin. -->","yoast_head_json":{"title":"Gastrectomia tubular (Sleeve Gastrectomy) - Servidigest","description":"La Gastrectom\u00eda tubular (Sleeve Gastrectomy) consisteix en reduir la capacitat g\u00e0strica per aconseguir una sensaci\u00f3 de sacietat","robots":{"index":"index","follow":"follow","max-snippet":"max-snippet:-1","max-image-preview":"max-image-preview:large","max-video-preview":"max-video-preview:-1"},"canonical":"https:\/\/dev.93-93-113-41.plesk.page\/ca\/serveis\/cirurgia-metabolica-i-bariatrica\/gastrectomia-tubular-o-sleeve-gastrectomy\/","og_locale":"ca_ES","og_type":"article","og_title":"Gastrectomia tubular (Sleeve Gastrectomy) - Servidigest","og_description":"La Gastrectom\u00eda tubular (Sleeve Gastrectomy) consisteix en reduir la capacitat g\u00e0strica per aconseguir una sensaci\u00f3 de sacietat","og_url":"https:\/\/dev.93-93-113-41.plesk.page\/ca\/serveis\/cirurgia-metabolica-i-bariatrica\/gastrectomia-tubular-o-sleeve-gastrectomy\/","og_site_name":"Servidigest","article_publisher":"https:\/\/www.facebook.com\/servidigest","article_modified_time":"2024-02-26T16:11:30+00:00","og_image":[{"url":"https:\/\/dev.93-93-113-41.plesk.page\/wp-content\/uploads\/2015\/02\/Sleev-188x300.png"}],"twitter_card":"summary_large_image","twitter_site":"@servidigest","twitter_misc":{"Est. reading time":"2 minutes"},"schema":{"@context":"https:\/\/schema.org","@graph":[{"@type":"WebPage","@id":"https:\/\/dev.93-93-113-41.plesk.page\/ca\/serveis\/cirurgia-metabolica-i-bariatrica\/gastrectomia-tubular-o-sleeve-gastrectomy\/","url":"https:\/\/dev.93-93-113-41.plesk.page\/ca\/serveis\/cirurgia-metabolica-i-bariatrica\/gastrectomia-tubular-o-sleeve-gastrectomy\/","name":"Gastrectomia tubular (Sleeve Gastrectomy) - Servidigest","isPartOf":{"@id":"https:\/\/dev.93-93-113-41.plesk.page\/ca\/#website"},"primaryImageOfPage":{"@id":"https:\/\/dev.93-93-113-41.plesk.page\/ca\/serveis\/cirurgia-metabolica-i-bariatrica\/gastrectomia-tubular-o-sleeve-gastrectomy\/#primaryimage"},"image":{"@id":"https:\/\/dev.93-93-113-41.plesk.page\/ca\/serveis\/cirurgia-metabolica-i-bariatrica\/gastrectomia-tubular-o-sleeve-gastrectomy\/#primaryimage"},"thumbnailUrl":"https:\/\/dev.93-93-113-41.plesk.page\/wp-content\/uploads\/2015\/02\/Sleev-188x300.png","datePublished":"2015-02-23T13:57:25+00:00","dateModified":"2024-02-26T16:11:30+00:00","description":"La Gastrectom\u00eda tubular (Sleeve Gastrectomy) consisteix en reduir la capacitat g\u00e0strica per aconseguir una sensaci\u00f3 de sacietat","breadcrumb":{"@id":"https:\/\/dev.93-93-113-41.plesk.page\/ca\/serveis\/cirurgia-metabolica-i-bariatrica\/gastrectomia-tubular-o-sleeve-gastrectomy\/#breadcrumb"},"inLanguage":"ca","potentialAction":[{"@type":"ReadAction","target":["https:\/\/dev.93-93-113-41.plesk.page\/ca\/serveis\/cirurgia-metabolica-i-bariatrica\/gastrectomia-tubular-o-sleeve-gastrectomy\/"]}]},{"@type":"ImageObject","inLanguage":"ca","@id":"https:\/\/dev.93-93-113-41.plesk.page\/ca\/serveis\/cirurgia-metabolica-i-bariatrica\/gastrectomia-tubular-o-sleeve-gastrectomy\/#primaryimage","url":"https:\/\/dev.93-93-113-41.plesk.page\/wp-content\/uploads\/2015\/02\/Sleev-188x300.png","contentUrl":"https:\/\/dev.93-93-113-41.plesk.page\/wp-content\/uploads\/2015\/02\/Sleev-188x300.png"},{"@type":"BreadcrumbList","@id":"https:\/\/dev.93-93-113-41.plesk.page\/ca\/serveis\/cirurgia-metabolica-i-bariatrica\/gastrectomia-tubular-o-sleeve-gastrectomy\/#breadcrumb","itemListElement":[{"@type":"ListItem","position":1,"name":"Serveis M\u00e8dics de Cl\u00ednica ServiDigest","item":"https:\/\/dev.93-93-113-41.plesk.page\/ca\/servicios\/"},{"@type":"ListItem","position":2,"name":"Cirurgia Metab\u00f2lica i Bari\u00e0trica","item":"https:\/\/dev.93-93-113-41.plesk.page\/ca\/servicios\/cirugia-metabolica-y-bariatrica\/"},{"@type":"ListItem","position":3,"name":"Gastrectomia tubular (Sleeve Gastrectomy)"}]},{"@type":"WebSite","@id":"https:\/\/dev.93-93-113-41.plesk.page\/ca\/#website","url":"https:\/\/dev.93-93-113-41.plesk.page\/ca\/","name":"Servidigest","description":"","publisher":{"@id":"https:\/\/dev.93-93-113-41.plesk.page\/ca\/#organization"},"potentialAction":[{"@type":"SearchAction","target":{"@type":"EntryPoint","urlTemplate":"https:\/\/dev.93-93-113-41.plesk.page\/ca\/?s={search_term_string}"},"query-input":"required name=search_term_string"}],"inLanguage":"ca"},{"@type":"Organization","@id":"https:\/\/dev.93-93-113-41.plesk.page\/ca\/#organization","name":"Servidigest","url":"https:\/\/dev.93-93-113-41.plesk.page\/ca\/","logo":{"@type":"ImageObject","inLanguage":"ca","@id":"https:\/\/dev.93-93-113-41.plesk.page\/ca\/#\/schema\/logo\/image\/","url":"https:\/\/dev.93-93-113-41.plesk.page\/wp-content\/uploads\/2024\/01\/servidigest.png","contentUrl":"https:\/\/dev.93-93-113-41.plesk.page\/wp-content\/uploads\/2024\/01\/servidigest.png","width":808,"height":88,"caption":"Servidigest"},"image":{"@id":"https:\/\/dev.93-93-113-41.plesk.page\/ca\/#\/schema\/logo\/image\/"},"sameAs":["https:\/\/www.facebook.com\/servidigest","https:\/\/x.com\/servidigest"]}]}},"_links":{"self":[{"href":"https:\/\/dev.93-93-113-41.plesk.page\/ca\/wp-json\/wp\/v2\/pages\/7828","targetHints":{"allow":["GET"]}}],"collection":[{"href":"https:\/\/dev.93-93-113-41.plesk.page\/ca\/wp-json\/wp\/v2\/pages"}],"about":[{"href":"https:\/\/dev.93-93-113-41.plesk.page\/ca\/wp-json\/wp\/v2\/types\/page"}],"author":[{"embeddable":true,"href":"https:\/\/dev.93-93-113-41.plesk.page\/ca\/wp-json\/wp\/v2\/users\/1"}],"replies":[{"embeddable":true,"href":"https:\/\/dev.93-93-113-41.plesk.page\/ca\/wp-json\/wp\/v2\/comments?post=7828"}],"version-history":[{"count":1,"href":"https:\/\/dev.93-93-113-41.plesk.page\/ca\/wp-json\/wp\/v2\/pages\/7828\/revisions"}],"predecessor-version":[{"id":34885,"href":"https:\/\/dev.93-93-113-41.plesk.page\/ca\/wp-json\/wp\/v2\/pages\/7828\/revisions\/34885"}],"up":[{"embeddable":true,"href":"https:\/\/dev.93-93-113-41.plesk.page\/ca\/wp-json\/wp\/v2\/pages\/36491"}],"wp:attachment":[{"href":"https:\/\/dev.93-93-113-41.plesk.page\/ca\/wp-json\/wp\/v2\/media?parent=7828"}],"curies":[{"name":"wp","href":"https:\/\/api.w.org\/{rel}","templated":true}]}}