{"id":782,"date":"2014-06-30T08:35:00","date_gmt":"2014-06-30T08:35:00","guid":{"rendered":"https:\/\/dev.93-93-113-41.plesk.page\/?page_id=782"},"modified":"2024-05-22T12:49:50","modified_gmt":"2024-05-22T10:49:50","slug":"balo-intragastric","status":"publish","type":"page","link":"https:\/\/dev.93-93-113-41.plesk.page\/ca\/serveis\/obesitat\/balo-intragastric\/","title":{"rendered":"Bal\u00f3 Intrag\u00e0stric"},"content":{"rendered":"<h2 id=\"presentacio\">El Bal\u00f3 intrag\u00e0stric: Com perdre pes sense passar per quir\u00f2fan?<\/h2>\n<p>El sobrep\u00e8s i l&#8217;obesitat s\u00f3n malalties cr\u00f2niques amb repercussi\u00f3 tant des del punt de vista f\u00edsic com ps\u00edquic, freq\u00fcentment amb conseq\u00fc\u00e8ncies greus.<\/p>\n<p>La seva resoluci\u00f3 dep\u00e8n d&#8217;un correcte tractament, b\u00e0sicament a partir d&#8217;unes adequades mesures diet\u00e8tiques complementades amb la realitzaci\u00f3 d&#8217;un regular exercici f\u00edsic controlat. Per aquells casos que aquestes mesures no siguin suficients, s&#8217;han ideat una s\u00e8rie d&#8217;alternatives terap\u00e8utiques que poden ajudar i complementar el tractament m\u00e8dic.<\/p>\n<p>Quan est\u00e0 indicat, una d&#8217;aquestes alternatives \u00e9s el <strong>Bal\u00f3 Intrag\u00e0stric Endosc\u00f2pic<\/strong> (BIE).<\/p>\n<h2 id=\"que-es-el-balo-intragastric\">Qu\u00e8 \u00e9s el bal\u00f3 intrag\u00e0stric?<\/h2>\n<p>El Bal\u00f3 Intrag\u00e0stric consisteix en la introducci\u00f3 a l&#8217;est\u00f3mac d&#8217;un globus suau, expansible i resistent de silicona, que es col\u00b7loca endosc\u00f2picament i es deixa flotant lliurement dins l&#8217;est\u00f3mac, omplint-lo parcialment i provocant la sensaci\u00f3 de plenitud i sacietat que facilita el seguiment d&#8217;una pauta nutricional i diet\u00e8tica establerta.<\/p>\n<p>El gran valor del Bal\u00f3 Intrag\u00e0stric o Bal\u00f3 G\u00e0stric \u00e9s que <strong>obliga a regular la quantitat d&#8217;ingesta<\/strong>, evitant que es mengi en exc\u00e9s i ajudant a seguir una <strong>reeducaci\u00f3 diet\u00e8tica<\/strong> determinada per adquirir uns h\u00e0bits diet\u00e8tics i nutricionals adequats que, a m\u00e9s d\u2019aconseguir perdre pes, facilitin seguir mantenint el pes perdut una vegada retirat el bal\u00f3.<\/p>\n<h2>Bal\u00f3 intrag\u00e0stric 6 mesos<\/h2>\n<p>Indicat per als pacients que necessiten perdre pes i no han tingut \u00e8xit despr\u00e9s de provar m\u00faltiples dietes i que tinguin capacitat d&#8217;adquirir nous h\u00e0bits nutricionals durant aquest per\u00edode.<\/p>\n<p>Combina la millor tecnologia del bal\u00f3 intrag\u00e0stric amb la prestaci\u00f3 d&#8217;assist\u00e8ncia per un equip multidisciplinari d&#8217;experts i un pla personalitzat de dieta i exercici en un mateix programa.<\/p>\n<p>Aquest programa integral combina la part de control que ofereix el bal\u00f3 intrag\u00e0stric, amb el nostre assessorament a llarg termini per ajudar al pacient a adoptar un estil de vida saludable que li permeti aprimar.<\/p>\n<h2 id=\"indicacions\">Quan est\u00e0 indicat el bal\u00f3 intrag\u00e0stric?<\/h2>\n<p>Sempre sota supervisi\u00f3 m\u00e8dica, el Bal\u00f3 Intrag\u00e0stric o BIE est\u00e0 <strong>indicat en aquells casos de pacients que, havent seguit m\u00faltiples tractaments diet\u00e8tics i\/o farmacol\u00f2gics, no hagin aconseguit una reducci\u00f3 significativa del seu pes<\/strong>, pricipalment en aquells casos d&#8217;obesitat moderada i algunes situacions de sobrep\u00e8s i obesitat lleu.<\/p>\n<p>Les principals <strong>indicacions del Bal\u00f3 Intrag\u00e0stric<\/strong> s\u00f3n:<\/p>\n<ul>\n<li>Pacients que han intentat m\u00faltiples dietes sense \u00e8xit.<\/li>\n<li>Capacitat per a entendre els objectius del tractament i el seguiment a realitzar.<\/li>\n<\/ul>\n<p>Criteris segons l&#8217;IMC:<\/p>\n<ul>\n<li>En alguns casos de sobrep\u00e8s i obesitat lleu amb IMC&lt;30.<\/li>\n<li>En obesitat moderada amb IMC entre 30 \u2013 35.<\/li>\n<li>En alguns casos d&#8217;obesitat severa amb IMC entre 35 \u2013 40 sense malalties associades.<\/li>\n<li>Quan l&#8217;IMC&gt;40, el millor tractament \u00e9s la cirurgia bari\u00e0trica, encara que en determinats pacients que rebutgen la cirurgia es pot intentar utilitzar com alternativa no quir\u00fargica.<\/li>\n<\/ul>\n<p>L&#8217;edat aconsellable per a realitzar el tractament amb bal\u00f3 intrag\u00e0stric \u00e9s entre els 18 i els 65 anys.<\/p>\n<h2 id=\"collocacio\">Com es col\u00b7loca el Bal\u00f3 Intrag\u00e0stric?<\/h2>\n<p><strong>\u00c9s un procediment senzill, r\u00e0pid i sense efectes adversos.<\/strong><\/p>\n<p>El procediment consisteix en col\u00b7locar per via endosc\u00f2pica (no quir\u00fargica) el bal\u00f3 desinflat dins l&#8217;est\u00f3mac, omplir-lo amb una soluci\u00f3 salina est\u00e8ril i deixar-lo flotant lliurement.<\/p>\n<p>\u00c9s un <strong>procediment segur i r\u00e0pid<\/strong>, que es realitza sota sedaci\u00f3 profunda, motiu pel qual <strong>el pacient no sent cap mol\u00e8stia ni dolor<\/strong>.<\/p>\n<p>A m\u00e9s, \u00e9s un procediment ambulatori, de tal manera que <strong>una vegada realitzada la col\u00b7locaci\u00f3 del bal\u00f3, el pacient torna al seu domicili, podent realitzar la seva activitat habitual en els pr\u00f2xims dies<\/strong>.<\/p>\n<p>En general, \u00e9s normal que els primers dies d\u2019adaptaci\u00f3 al bal\u00f3 es presentin mol\u00e8sties g\u00e0striques, n\u00e0usees i fins i tot inicialment algun v\u00f2mit, motiu pel qual ha de seguir una dieta i una medicaci\u00f3 establertes.<\/p>\n<p><strong>\u00c9s un tractament segur i les complicacions s\u00f3n m\u00ednimes i infreq\u00fcents<\/strong>, malgrat tot i at\u00e9s que excepcionalment poden presentar-se, \u00e9s convenient que es valori amb el metge especialista per a individualitzar-ne els riscs i informar-se adequadament.<\/p>\n<p>Abans del procediment, cada persona ha de donar pr\u00e8viament i per escrit la seva autoritzaci\u00f3 conforme ha rebut la informaci\u00f3 completa per a realitzar aquest tractament.<\/p>\n<p><iframe title=\"Colocaci\u00f3n del bal\u00f3n intrag\u00e1strico en Cl\u00ednica ServiDigest\" width=\"500\" height=\"375\" src=\"https:\/\/www.youtube.com\/embed\/opzJnYxkl9k?feature=oembed\" frameborder=\"0\" allow=\"accelerometer; autoplay; clipboard-write; encrypted-media; gyroscope; picture-in-picture; web-share\" referrerpolicy=\"strict-origin-when-cross-origin\" allowfullscreen><\/iframe><\/p>\n<h2 id=\"contraindicacions\">Contraindicacions del bal\u00f3 intrag\u00e0stric<\/h2>\n<p>Les principals contraindicacions consisteixen en algunes malalties digestives importants, algunes intervencions quir\u00fargiques pr\u00e8vies, l&#8217;alcoholisme o la drogoaddicci\u00f3 actius, l&#8217;embar\u00e0s, alguns tractaments farmacol\u00f2gics i algunes malalties psiqui\u00e0triques que el metge responsable s&#8217;encarregar\u00e0 de valorar.<\/p>\n<h2 id=\"evolucio\">Quina \u00e9s l&#8217;evoluci\u00f3 natural del Bal\u00f3 Intrag\u00e0stric?<\/h2>\n<p><strong>El tractament amb el bal\u00f3 dins l&#8217;est\u00f3mac \u00e9s de 6 mesos.<\/strong> Una vegada completats, <strong>la seva extracci\u00f3 \u00e9s igualment segura i senzilla<\/strong>, tornant la morfologia g\u00e0strica a les caracter\u00edstiques i dimensions semblants a la que presentava pr\u00e8viament a la col\u00b7locaci\u00f3, per\u00f2 acostumat a uns altres h\u00e0bits alimentaris.<\/p>\n<p>Encara que no es pot garantir una determinada p\u00e8rdua de pes, <strong>la taxa de bons resultats oscil\u00b7la en torn al 80% dels pacients tractats<\/strong>, amb una <strong>mitjana de reducci\u00f3 de pes entre 15 i 20 Kg<\/strong>, encara que variable segons les caracter\u00edstiques i el correcte seguiment de cada persona, podent aconseguir resultats inferiors o fins i tot superiors (fins a 30 kg).<\/p>\n<p>Tanmateix, els sis mesos que dura el tractament han de servir com a <strong>incentiu i motivaci\u00f3 per a reeducar al pacient en els seus h\u00e0bits alimentaris i en el seu estil de vida<\/strong>, ajudant-lo aix\u00ed a mantenir el pes perdut.<\/p>\n<p>En aquest sentit, \u00e9s aconsellable plantejar un programa de manteniment del pes perdut, a ser possible controlat per especialistes en endocrinologia, nutrici\u00f3, diet\u00e8tica i\/o psicologia si es precisa.<\/p>\n<p><iframe title=\"Extracci\u00f3n del bal\u00f3n intrag\u00e1strico en Cl\u00ednica ServiDigest, Barcelona\" width=\"500\" height=\"375\" src=\"https:\/\/www.youtube.com\/embed\/KD_TcnbZuyM?feature=oembed\" frameborder=\"0\" allow=\"accelerometer; autoplay; clipboard-write; encrypted-media; gyroscope; picture-in-picture; web-share\" referrerpolicy=\"strict-origin-when-cross-origin\" allowfullscreen><\/iframe><\/p>\n<h2 id=\"preu-del-balo-intragastric\">Quin \u00e9s el preu del bal\u00f3 intrag\u00e0stric?<\/h2>\n<p>Ara pots comprar online el teu tractament amb Bal\u00f3 Intrag\u00e0stric a Cl\u00ednica ServiDigest.<\/p>\n<p><div class=\"woocommerce \"><ul class=\"products columns-4\">\n<li class=\"product type-product post-38376 status-publish first instock product_cat-tractaments-obesitat has-post-thumbnail virtual purchasable product-type-simple\">\n\t<a href=\"https:\/\/dev.93-93-113-41.plesk.page\/ca\/producte\/balo-intragastric-obesitat\/\" class=\"woocommerce-LoopProduct-link woocommerce-loop-product__link\"><img fetchpriority=\"high\" decoding=\"async\" width=\"300\" height=\"300\" src=\"https:\/\/dev.93-93-113-41.plesk.page\/wp-content\/uploads\/2024\/03\/Balon-ecommerce-300x300.jpg\" class=\"attachment-woocommerce_thumbnail size-woocommerce_thumbnail\" alt=\"\" srcset=\"https:\/\/dev.93-93-113-41.plesk.page\/wp-content\/uploads\/2024\/03\/Balon-ecommerce-300x300.jpg 300w, https:\/\/dev.93-93-113-41.plesk.page\/wp-content\/uploads\/2024\/03\/Balon-ecommerce-150x150.jpg 150w, https:\/\/dev.93-93-113-41.plesk.page\/wp-content\/uploads\/2024\/03\/Balon-ecommerce-100x100.jpg 100w\" sizes=\"(max-width: 300px) 100vw, 300px\" \/><h2 class=\"woocommerce-loop-product__title\">Bal\u00f3 Intrag\u00e0stric 6 mesos<\/h2>\n\t<span class=\"price\"><span class=\"woocommerce-Price-amount amount\"><bdi>4.800,00&nbsp;<span class=\"woocommerce-Price-currencySymbol\">&euro;<\/span><\/bdi><\/span><\/span>\n<\/a><a href=\"?add-to-cart=38376\" data-quantity=\"1\" class=\"button product_type_simple add_to_cart_button ajax_add_to_cart\" data-product_id=\"38376\" data-product_sku=\"BALON\" aria-label=\"Add to cart: &ldquo;Bal\u00f3 Intrag\u00e0stric 6 mesos&rdquo;\" aria-describedby=\"\" rel=\"nofollow\">Afegeix a la cistella<\/a><\/li>\n<\/ul>\n<\/div><div class=\"woocommerce \"><ul class=\"products columns-4\">\n<li class=\"product type-product post-39328 status-publish first instock product_cat-tractaments-obesitat has-post-thumbnail shipping-taxable purchasable product-type-simple\">\n\t<a href=\"https:\/\/dev.93-93-113-41.plesk.page\/ca\/producte\/balo-intragastric-12-mesos-reajustable\/\" class=\"woocommerce-LoopProduct-link woocommerce-loop-product__link\"><img decoding=\"async\" width=\"300\" height=\"300\" src=\"https:\/\/dev.93-93-113-41.plesk.page\/wp-content\/uploads\/2024\/05\/Balon-Intragastrico-12-meses-reajustable-300x300.jpg\" class=\"attachment-woocommerce_thumbnail size-woocommerce_thumbnail\" alt=\"\" srcset=\"https:\/\/dev.93-93-113-41.plesk.page\/wp-content\/uploads\/2024\/05\/Balon-Intragastrico-12-meses-reajustable-300x300.jpg 300w, https:\/\/dev.93-93-113-41.plesk.page\/wp-content\/uploads\/2024\/05\/Balon-Intragastrico-12-meses-reajustable-150x150.jpg 150w, https:\/\/dev.93-93-113-41.plesk.page\/wp-content\/uploads\/2024\/05\/Balon-Intragastrico-12-meses-reajustable-100x100.jpg 100w\" sizes=\"(max-width: 300px) 100vw, 300px\" \/><h2 class=\"woocommerce-loop-product__title\">Bal\u00f3 Intrag\u00e0stric 12 mesos reajustable<\/h2>\n\t<span class=\"price\"><span class=\"woocommerce-Price-amount amount\"><bdi>5.800,00&nbsp;<span class=\"woocommerce-Price-currencySymbol\">&euro;<\/span><\/bdi><\/span><\/span>\n<\/a><a href=\"?add-to-cart=39328\" data-quantity=\"1\" class=\"button product_type_simple add_to_cart_button ajax_add_to_cart\" data-product_id=\"39328\" data-product_sku=\"BALON12M\" aria-label=\"Add to cart: &ldquo;Bal\u00f3 Intrag\u00e0stric 12 mesos reajustable&rdquo;\" aria-describedby=\"\" rel=\"nofollow\">Afegeix a la cistella<\/a><\/li>\n<\/ul>\n<\/div><\/p>\n","protected":false},"excerpt":{"rendered":"<div class=\"mh-excerpt\"><p>El Bal\u00f3 intrag\u00e0stric: Com perdre pes sense passar per quir\u00f2fan? El sobrep\u00e8s i l&#8217;obesitat s\u00f3n malalties cr\u00f2niques amb repercussi\u00f3 tant des del punt de vista f\u00edsic com ps\u00edquic, freq\u00fcentment amb conseq\u00fc\u00e8ncies greus. La seva resoluci\u00f3 <a class=\"mh-excerpt-more\" href=\"https:\/\/dev.93-93-113-41.plesk.page\/ca\/serveis\/obesitat\/balo-intragastric\/\" title=\"Bal\u00f3 Intrag\u00e0stric\">[&#8230;]<\/a><\/p>\n<\/div>","protected":false},"author":1,"featured_media":0,"parent":733,"menu_order":0,"comment_status":"closed","ping_status":"closed","template":"","meta":{"footnotes":""},"class_list":["post-782","page","type-page","status-publish"],"yoast_head":"<!-- This site is optimized with the Yoast SEO plugin v22.6 - https:\/\/yoast.com\/wordpress\/plugins\/seo\/ -->\n<title>Bal\u00f3 Intrag\u00e0stric - Perd pes sense passar per quir\u00f2fan - Cl\u00ednica ServiDigest<\/title>\n<meta name=\"description\" content=\"Tens sobrep\u00e8s o obesitat i no aconsegueixes aprimar fent dieta? Vols perdre pes sense passar per quir\u00f2fan? Informa&#039;t sobre el tractament amb bal\u00f3 intrag\u00e0stric a Cl\u00ednica ServiDigest, al carrer Balmes de Barcelona. Truca&#039;ns al 93 415 34 64 i demana la teva cita informativa gratu\u00efta, o escriu-nos i et contactarem.\" \/>\n<meta name=\"robots\" content=\"index, follow, max-snippet:-1, max-image-preview:large, max-video-preview:-1\" \/>\n<link rel=\"canonical\" href=\"https:\/\/dev.93-93-113-41.plesk.page\/ca\/serveis\/obesitat\/balo-intragastric\/\" \/>\n<meta property=\"og:locale\" content=\"ca_ES\" \/>\n<meta property=\"og:type\" content=\"article\" \/>\n<meta property=\"og:title\" content=\"Bal\u00f3 Intrag\u00e0stric - Perd pes sense passar per quir\u00f2fan - Cl\u00ednica ServiDigest\" \/>\n<meta property=\"og:description\" content=\"Tens sobrep\u00e8s o obesitat i no aconsegueixes aprimar fent dieta? Vols perdre pes sense passar per quir\u00f2fan? Informa&#039;t sobre el tractament amb bal\u00f3 intrag\u00e0stric a Cl\u00ednica ServiDigest, al carrer Balmes de Barcelona. Truca&#039;ns al 93 415 34 64 i demana la teva cita informativa gratu\u00efta, o escriu-nos i et contactarem.\" \/>\n<meta property=\"og:url\" content=\"https:\/\/dev.93-93-113-41.plesk.page\/ca\/serveis\/obesitat\/balo-intragastric\/\" \/>\n<meta property=\"og:site_name\" content=\"Servidigest\" \/>\n<meta property=\"article:publisher\" content=\"https:\/\/www.facebook.com\/servidigest\" \/>\n<meta property=\"article:modified_time\" content=\"2024-05-22T10:49:50+00:00\" \/>\n<meta name=\"twitter:card\" content=\"summary_large_image\" \/>\n<meta name=\"twitter:site\" content=\"@servidigest\" \/>\n<meta name=\"twitter:label1\" content=\"Est. reading time\" \/>\n\t<meta name=\"twitter:data1\" content=\"5 minutes\" \/>\n<script type=\"application\/ld+json\" class=\"yoast-schema-graph\">{\"@context\":\"https:\/\/schema.org\",\"@graph\":[{\"@type\":\"WebPage\",\"@id\":\"https:\/\/dev.93-93-113-41.plesk.page\/ca\/serveis\/obesitat\/balo-intragastric\/\",\"url\":\"https:\/\/dev.93-93-113-41.plesk.page\/ca\/serveis\/obesitat\/balo-intragastric\/\",\"name\":\"Bal\u00f3 Intrag\u00e0stric - Perd pes sense passar per quir\u00f2fan - Cl\u00ednica ServiDigest\",\"isPartOf\":{\"@id\":\"https:\/\/dev.93-93-113-41.plesk.page\/ca\/#website\"},\"datePublished\":\"2014-06-30T08:35:00+00:00\",\"dateModified\":\"2024-05-22T10:49:50+00:00\",\"description\":\"Tens sobrep\u00e8s o obesitat i no aconsegueixes aprimar fent dieta? Vols perdre pes sense passar per quir\u00f2fan? Informa't sobre el tractament amb bal\u00f3 intrag\u00e0stric a Cl\u00ednica ServiDigest, al carrer Balmes de Barcelona. Truca'ns al 93 415 34 64 i demana la teva cita informativa gratu\u00efta, o escriu-nos i et contactarem.\",\"breadcrumb\":{\"@id\":\"https:\/\/dev.93-93-113-41.plesk.page\/ca\/serveis\/obesitat\/balo-intragastric\/#breadcrumb\"},\"inLanguage\":\"ca\",\"potentialAction\":[{\"@type\":\"ReadAction\",\"target\":[\"https:\/\/dev.93-93-113-41.plesk.page\/ca\/serveis\/obesitat\/balo-intragastric\/\"]}]},{\"@type\":\"BreadcrumbList\",\"@id\":\"https:\/\/dev.93-93-113-41.plesk.page\/ca\/serveis\/obesitat\/balo-intragastric\/#breadcrumb\",\"itemListElement\":[{\"@type\":\"ListItem\",\"position\":1,\"name\":\"Serveis M\u00e8dics de Cl\u00ednica ServiDigest\",\"item\":\"https:\/\/dev.93-93-113-41.plesk.page\/ca\/servicios\/\"},{\"@type\":\"ListItem\",\"position\":2,\"name\":\"Tractament de l&#8217;Obesitat i el Sobrep\u00e8s\",\"item\":\"https:\/\/dev.93-93-113-41.plesk.page\/ca\/servicios\/obesidad\/\"},{\"@type\":\"ListItem\",\"position\":3,\"name\":\"Bal\u00f3 Intrag\u00e0stric\"}]},{\"@type\":\"WebSite\",\"@id\":\"https:\/\/dev.93-93-113-41.plesk.page\/ca\/#website\",\"url\":\"https:\/\/dev.93-93-113-41.plesk.page\/ca\/\",\"name\":\"Servidigest\",\"description\":\"\",\"publisher\":{\"@id\":\"https:\/\/dev.93-93-113-41.plesk.page\/ca\/#organization\"},\"potentialAction\":[{\"@type\":\"SearchAction\",\"target\":{\"@type\":\"EntryPoint\",\"urlTemplate\":\"https:\/\/dev.93-93-113-41.plesk.page\/ca\/?s={search_term_string}\"},\"query-input\":\"required name=search_term_string\"}],\"inLanguage\":\"ca\"},{\"@type\":\"Organization\",\"@id\":\"https:\/\/dev.93-93-113-41.plesk.page\/ca\/#organization\",\"name\":\"Servidigest\",\"url\":\"https:\/\/dev.93-93-113-41.plesk.page\/ca\/\",\"logo\":{\"@type\":\"ImageObject\",\"inLanguage\":\"ca\",\"@id\":\"https:\/\/dev.93-93-113-41.plesk.page\/ca\/#\/schema\/logo\/image\/\",\"url\":\"https:\/\/dev.93-93-113-41.plesk.page\/wp-content\/uploads\/2024\/01\/servidigest.png\",\"contentUrl\":\"https:\/\/dev.93-93-113-41.plesk.page\/wp-content\/uploads\/2024\/01\/servidigest.png\",\"width\":808,\"height\":88,\"caption\":\"Servidigest\"},\"image\":{\"@id\":\"https:\/\/dev.93-93-113-41.plesk.page\/ca\/#\/schema\/logo\/image\/\"},\"sameAs\":[\"https:\/\/www.facebook.com\/servidigest\",\"https:\/\/x.com\/servidigest\"]}]}<\/script>\n<!-- \/ Yoast SEO plugin. -->","yoast_head_json":{"title":"Bal\u00f3 Intrag\u00e0stric - Perd pes sense passar per quir\u00f2fan - Cl\u00ednica ServiDigest","description":"Tens sobrep\u00e8s o obesitat i no aconsegueixes aprimar fent dieta? Vols perdre pes sense passar per quir\u00f2fan? Informa't sobre el tractament amb bal\u00f3 intrag\u00e0stric a Cl\u00ednica ServiDigest, al carrer Balmes de Barcelona. Truca'ns al 93 415 34 64 i demana la teva cita informativa gratu\u00efta, o escriu-nos i et contactarem.","robots":{"index":"index","follow":"follow","max-snippet":"max-snippet:-1","max-image-preview":"max-image-preview:large","max-video-preview":"max-video-preview:-1"},"canonical":"https:\/\/dev.93-93-113-41.plesk.page\/ca\/serveis\/obesitat\/balo-intragastric\/","og_locale":"ca_ES","og_type":"article","og_title":"Bal\u00f3 Intrag\u00e0stric - Perd pes sense passar per quir\u00f2fan - Cl\u00ednica ServiDigest","og_description":"Tens sobrep\u00e8s o obesitat i no aconsegueixes aprimar fent dieta? Vols perdre pes sense passar per quir\u00f2fan? Informa't sobre el tractament amb bal\u00f3 intrag\u00e0stric a Cl\u00ednica ServiDigest, al carrer Balmes de Barcelona. Truca'ns al 93 415 34 64 i demana la teva cita informativa gratu\u00efta, o escriu-nos i et contactarem.","og_url":"https:\/\/dev.93-93-113-41.plesk.page\/ca\/serveis\/obesitat\/balo-intragastric\/","og_site_name":"Servidigest","article_publisher":"https:\/\/www.facebook.com\/servidigest","article_modified_time":"2024-05-22T10:49:50+00:00","twitter_card":"summary_large_image","twitter_site":"@servidigest","twitter_misc":{"Est. reading time":"5 minutes"},"schema":{"@context":"https:\/\/schema.org","@graph":[{"@type":"WebPage","@id":"https:\/\/dev.93-93-113-41.plesk.page\/ca\/serveis\/obesitat\/balo-intragastric\/","url":"https:\/\/dev.93-93-113-41.plesk.page\/ca\/serveis\/obesitat\/balo-intragastric\/","name":"Bal\u00f3 Intrag\u00e0stric - Perd pes sense passar per quir\u00f2fan - Cl\u00ednica ServiDigest","isPartOf":{"@id":"https:\/\/dev.93-93-113-41.plesk.page\/ca\/#website"},"datePublished":"2014-06-30T08:35:00+00:00","dateModified":"2024-05-22T10:49:50+00:00","description":"Tens sobrep\u00e8s o obesitat i no aconsegueixes aprimar fent dieta? Vols perdre pes sense passar per quir\u00f2fan? Informa't sobre el tractament amb bal\u00f3 intrag\u00e0stric a Cl\u00ednica ServiDigest, al carrer Balmes de Barcelona. Truca'ns al 93 415 34 64 i demana la teva cita informativa gratu\u00efta, o escriu-nos i et contactarem.","breadcrumb":{"@id":"https:\/\/dev.93-93-113-41.plesk.page\/ca\/serveis\/obesitat\/balo-intragastric\/#breadcrumb"},"inLanguage":"ca","potentialAction":[{"@type":"ReadAction","target":["https:\/\/dev.93-93-113-41.plesk.page\/ca\/serveis\/obesitat\/balo-intragastric\/"]}]},{"@type":"BreadcrumbList","@id":"https:\/\/dev.93-93-113-41.plesk.page\/ca\/serveis\/obesitat\/balo-intragastric\/#breadcrumb","itemListElement":[{"@type":"ListItem","position":1,"name":"Serveis M\u00e8dics de Cl\u00ednica ServiDigest","item":"https:\/\/dev.93-93-113-41.plesk.page\/ca\/servicios\/"},{"@type":"ListItem","position":2,"name":"Tractament de l&#8217;Obesitat i el Sobrep\u00e8s","item":"https:\/\/dev.93-93-113-41.plesk.page\/ca\/servicios\/obesidad\/"},{"@type":"ListItem","position":3,"name":"Bal\u00f3 Intrag\u00e0stric"}]},{"@type":"WebSite","@id":"https:\/\/dev.93-93-113-41.plesk.page\/ca\/#website","url":"https:\/\/dev.93-93-113-41.plesk.page\/ca\/","name":"Servidigest","description":"","publisher":{"@id":"https:\/\/dev.93-93-113-41.plesk.page\/ca\/#organization"},"potentialAction":[{"@type":"SearchAction","target":{"@type":"EntryPoint","urlTemplate":"https:\/\/dev.93-93-113-41.plesk.page\/ca\/?s={search_term_string}"},"query-input":"required name=search_term_string"}],"inLanguage":"ca"},{"@type":"Organization","@id":"https:\/\/dev.93-93-113-41.plesk.page\/ca\/#organization","name":"Servidigest","url":"https:\/\/dev.93-93-113-41.plesk.page\/ca\/","logo":{"@type":"ImageObject","inLanguage":"ca","@id":"https:\/\/dev.93-93-113-41.plesk.page\/ca\/#\/schema\/logo\/image\/","url":"https:\/\/dev.93-93-113-41.plesk.page\/wp-content\/uploads\/2024\/01\/servidigest.png","contentUrl":"https:\/\/dev.93-93-113-41.plesk.page\/wp-content\/uploads\/2024\/01\/servidigest.png","width":808,"height":88,"caption":"Servidigest"},"image":{"@id":"https:\/\/dev.93-93-113-41.plesk.page\/ca\/#\/schema\/logo\/image\/"},"sameAs":["https:\/\/www.facebook.com\/servidigest","https:\/\/x.com\/servidigest"]}]}},"_links":{"self":[{"href":"https:\/\/dev.93-93-113-41.plesk.page\/ca\/wp-json\/wp\/v2\/pages\/782","targetHints":{"allow":["GET"]}}],"collection":[{"href":"https:\/\/dev.93-93-113-41.plesk.page\/ca\/wp-json\/wp\/v2\/pages"}],"about":[{"href":"https:\/\/dev.93-93-113-41.plesk.page\/ca\/wp-json\/wp\/v2\/types\/page"}],"author":[{"embeddable":true,"href":"https:\/\/dev.93-93-113-41.plesk.page\/ca\/wp-json\/wp\/v2\/users\/1"}],"replies":[{"embeddable":true,"href":"https:\/\/dev.93-93-113-41.plesk.page\/ca\/wp-json\/wp\/v2\/comments?post=782"}],"version-history":[{"count":2,"href":"https:\/\/dev.93-93-113-41.plesk.page\/ca\/wp-json\/wp\/v2\/pages\/782\/revisions"}],"predecessor-version":[{"id":37569,"href":"https:\/\/dev.93-93-113-41.plesk.page\/ca\/wp-json\/wp\/v2\/pages\/782\/revisions\/37569"}],"up":[{"embeddable":true,"href":"https:\/\/dev.93-93-113-41.plesk.page\/ca\/wp-json\/wp\/v2\/pages\/733"}],"wp:attachment":[{"href":"https:\/\/dev.93-93-113-41.plesk.page\/ca\/wp-json\/wp\/v2\/media?parent=782"}],"curies":[{"name":"wp","href":"https:\/\/api.w.org\/{rel}","templated":true}]}}