{"id":7817,"date":"2015-02-21T19:39:02","date_gmt":"2015-02-21T18:39:02","guid":{"rendered":"https:\/\/dev.93-93-113-41.plesk.page\/?page_id=7817"},"modified":"2024-02-26T17:11:28","modified_gmt":"2024-02-26T16:11:28","slug":"pancrees-i-vies-biliars","status":"publish","type":"page","link":"https:\/\/dev.93-93-113-41.plesk.page\/ca\/serveis\/aparell-digestiu\/pancrees-i-vies-biliars\/","title":{"rendered":"P\u00e0ncrees i Vies Biliars"},"content":{"rendered":"<p>Cl\u00ednica ServiDigest disposa d&#8217;un Departament medicoquir\u00fargic d&#8217;Aparell Digestiu amb una Unitat especialitzada en P\u00e0ncrees i Vies biliars per a la prevenci\u00f3, estudi i tractament d&#8217;aquestes patologies.<\/p>\n<p><span style=\"color: #3366ff;\">P\u00c0NCREES<\/span><\/p>\n<p>El p\u00e0ncrees \u00e9s un \u00f2rgan allargat, situat de dreta a esquerra a la part superior de l&#8217;abdomen, per darrere de l&#8217;est\u00f3mac i de l&#8217;intest\u00ed i per davant de la columna vertebral. L&#8217;extrem m\u00e9s ample del p\u00e0ncrees es diu cap (localitzat a la part dreta de l&#8217;\u00f2rgan), el tram mitj\u00e0 es diu cos i l&#8217;extrem prim es diu cua (localitzat a la part esquerra). El conducte del p\u00e0ncrees travessa des de la cua fins al cap i desemboca en el primer tram de l&#8217;intest\u00ed prim (duod\u00e8) juntament amb el conducte biliar (col\u00e8doc), que transporta la bilis del fetge i la ves\u00edcula. El p\u00e0ncrees participa en l&#8217;absorci\u00f3 dels aliments, produint un l\u00edquid que cont\u00e9 bicarbonat i enzims que els digereixen. Tamb\u00e9 produeix insulina i glucag\u00f3 que controla els nivells de sucre en la sang (gluc\u00e8mia).<\/p>\n<p><span style=\"color: #3366ff;\">VIES BILIARS I VES\u00cdCULA<\/span><\/p>\n<p>El sistema de drenatge biliar comen\u00e7a al fetge, on molts conductes petits recullen la bilis (un l\u00edquid que el fetge produeix per digerir els greixos). Els conductes petits s&#8217;uneixen per formar les vies biliars hep\u00e0tiques dreta i esquerra. Les dues vies s&#8217;uneixen fora del fetge i formen l&#8217;anomenat conducte hep\u00e0tic com\u00fa. Des d&#8217;aqu\u00ed passa la bilis a trav\u00e9s d&#8217;un altre conducte (conducte c\u00edstic) fins a la ves\u00edcula biliar on queda emmagatzemada la bilis.<br \/>\nQuan es digereixen els aliments a l&#8217;est\u00f3mac i a l\u2019 intest\u00ed, s&#8217;allibera aquesta bilis emmagatzemada a la ves\u00edcula biliar que passa a trav\u00e9s del conducte c\u00edstic fins al conducte biliar com\u00fa (col\u00e9doco) per finalitzar a l&#8217;intest\u00ed prim (duod\u00e8).<\/p>\n<p>La ves\u00edcula \u00e9s un sac amb forma de pera localitzat sota el fetge, on s&#8217;emmagatzema i concentra la bilis produ\u00efda al mateix fetge, i que \u00e9s necess\u00e0ria per a la digesti\u00f3 i absorci\u00f3 dels greixos.<\/p>\n<p>A la Unitat Bilio-Pancre\u00e0tica de ServiDigest, som especialistes en el diagn\u00f2stic, tractament i control de les malalties de la Ves\u00edcula, Vies biliars i P\u00e0ncrees:<\/p>\n<ul>\n<li>Pancreatitis Aguda<\/li>\n<\/ul>\n<ul>\n<li>Pancreatitis Cr\u00f2nica<\/li>\n<\/ul>\n<ul>\n<li>Pancreatitis Autoimmune<\/li>\n<\/ul>\n<ul>\n<li>Litiasis Biliar<\/li>\n<\/ul>\n<ul>\n<li>C\u00e0ncer de P\u00e0ncrees<\/li>\n<\/ul>\n<ul>\n<li>C\u00e0ncer de Via Biliar<\/li>\n<\/ul>\n<ul>\n<li>Lesions qu\u00edstiques del P\u00e0ncrees<\/li>\n<\/ul>\n","protected":false},"excerpt":{"rendered":"<div class=\"mh-excerpt\"><p>Cl\u00ednica ServiDigest disposa d&#8217;un Departament medicoquir\u00fargic d&#8217;Aparell Digestiu amb una Unitat especialitzada en P\u00e0ncrees i Vies biliars per a la prevenci\u00f3, estudi i tractament d&#8217;aquestes patologies. P\u00c0NCREES El p\u00e0ncrees \u00e9s un \u00f2rgan allargat, situat de <a class=\"mh-excerpt-more\" href=\"https:\/\/dev.93-93-113-41.plesk.page\/ca\/serveis\/aparell-digestiu\/pancrees-i-vies-biliars\/\" title=\"P\u00e0ncrees i Vies Biliars\">[&#8230;]<\/a><\/p>\n<\/div>","protected":false},"author":1,"featured_media":40111,"parent":34536,"menu_order":10,"comment_status":"closed","ping_status":"closed","template":"","meta":{"footnotes":""},"class_list":["post-7817","page","type-page","status-publish","has-post-thumbnail"],"yoast_head":"<!-- This site is optimized with the Yoast SEO plugin v22.6 - https:\/\/yoast.com\/wordpress\/plugins\/seo\/ -->\n<title>P\u00e0ncrees i Vies Biliars - Servidigest<\/title>\n<meta name=\"description\" content=\"P\u00e0ncrees i Vies Biliars\" \/>\n<meta name=\"robots\" content=\"index, follow, max-snippet:-1, max-image-preview:large, max-video-preview:-1\" \/>\n<link rel=\"canonical\" href=\"https:\/\/dev.93-93-113-41.plesk.page\/ca\/serveis\/aparell-digestiu\/pancrees-i-vies-biliars\/\" \/>\n<meta property=\"og:locale\" content=\"ca_ES\" \/>\n<meta property=\"og:type\" content=\"article\" \/>\n<meta property=\"og:title\" content=\"P\u00e0ncrees i Vies Biliars - Servidigest\" \/>\n<meta property=\"og:description\" content=\"P\u00e0ncrees i Vies Biliars\" \/>\n<meta property=\"og:url\" content=\"https:\/\/dev.93-93-113-41.plesk.page\/ca\/serveis\/aparell-digestiu\/pancrees-i-vies-biliars\/\" \/>\n<meta property=\"og:site_name\" content=\"Servidigest\" \/>\n<meta property=\"article:publisher\" content=\"https:\/\/www.facebook.com\/servidigest\" \/>\n<meta property=\"article:modified_time\" content=\"2024-02-26T16:11:28+00:00\" \/>\n<meta property=\"og:image\" content=\"https:\/\/dev.93-93-113-41.plesk.page\/wp-content\/uploads\/2024\/05\/Aparato-Digestivo.jpg\" \/>\n\t<meta property=\"og:image:width\" content=\"768\" \/>\n\t<meta property=\"og:image:height\" content=\"327\" \/>\n\t<meta property=\"og:image:type\" content=\"image\/jpeg\" \/>\n<meta name=\"twitter:card\" content=\"summary_large_image\" \/>\n<meta name=\"twitter:site\" content=\"@servidigest\" \/>\n<meta name=\"twitter:label1\" content=\"Est. reading time\" \/>\n\t<meta name=\"twitter:data1\" content=\"2 minutes\" \/>\n<script type=\"application\/ld+json\" class=\"yoast-schema-graph\">{\"@context\":\"https:\/\/schema.org\",\"@graph\":[{\"@type\":\"WebPage\",\"@id\":\"https:\/\/dev.93-93-113-41.plesk.page\/ca\/serveis\/aparell-digestiu\/pancrees-i-vies-biliars\/\",\"url\":\"https:\/\/dev.93-93-113-41.plesk.page\/ca\/serveis\/aparell-digestiu\/pancrees-i-vies-biliars\/\",\"name\":\"P\u00e0ncrees i Vies Biliars - Servidigest\",\"isPartOf\":{\"@id\":\"https:\/\/dev.93-93-113-41.plesk.page\/ca\/#website\"},\"primaryImageOfPage\":{\"@id\":\"https:\/\/dev.93-93-113-41.plesk.page\/ca\/serveis\/aparell-digestiu\/pancrees-i-vies-biliars\/#primaryimage\"},\"image\":{\"@id\":\"https:\/\/dev.93-93-113-41.plesk.page\/ca\/serveis\/aparell-digestiu\/pancrees-i-vies-biliars\/#primaryimage\"},\"thumbnailUrl\":\"https:\/\/dev.93-93-113-41.plesk.page\/wp-content\/uploads\/2024\/05\/Aparato-Digestivo.jpg\",\"datePublished\":\"2015-02-21T18:39:02+00:00\",\"dateModified\":\"2024-02-26T16:11:28+00:00\",\"description\":\"P\u00e0ncrees i Vies Biliars\",\"breadcrumb\":{\"@id\":\"https:\/\/dev.93-93-113-41.plesk.page\/ca\/serveis\/aparell-digestiu\/pancrees-i-vies-biliars\/#breadcrumb\"},\"inLanguage\":\"ca\",\"potentialAction\":[{\"@type\":\"ReadAction\",\"target\":[\"https:\/\/dev.93-93-113-41.plesk.page\/ca\/serveis\/aparell-digestiu\/pancrees-i-vies-biliars\/\"]}]},{\"@type\":\"ImageObject\",\"inLanguage\":\"ca\",\"@id\":\"https:\/\/dev.93-93-113-41.plesk.page\/ca\/serveis\/aparell-digestiu\/pancrees-i-vies-biliars\/#primaryimage\",\"url\":\"https:\/\/dev.93-93-113-41.plesk.page\/wp-content\/uploads\/2024\/05\/Aparato-Digestivo.jpg\",\"contentUrl\":\"https:\/\/dev.93-93-113-41.plesk.page\/wp-content\/uploads\/2024\/05\/Aparato-Digestivo.jpg\",\"width\":768,\"height\":327},{\"@type\":\"BreadcrumbList\",\"@id\":\"https:\/\/dev.93-93-113-41.plesk.page\/ca\/serveis\/aparell-digestiu\/pancrees-i-vies-biliars\/#breadcrumb\",\"itemListElement\":[{\"@type\":\"ListItem\",\"position\":1,\"name\":\"Serveis M\u00e8dics de Cl\u00ednica ServiDigest\",\"item\":\"https:\/\/dev.93-93-113-41.plesk.page\/ca\/servicios\/\"},{\"@type\":\"ListItem\",\"position\":2,\"name\":\"Aparell digestiu\",\"item\":\"https:\/\/dev.93-93-113-41.plesk.page\/ca\/servicios\/aparato-digestivo\/\"},{\"@type\":\"ListItem\",\"position\":3,\"name\":\"P\u00e0ncrees i Vies Biliars\"}]},{\"@type\":\"WebSite\",\"@id\":\"https:\/\/dev.93-93-113-41.plesk.page\/ca\/#website\",\"url\":\"https:\/\/dev.93-93-113-41.plesk.page\/ca\/\",\"name\":\"Servidigest\",\"description\":\"\",\"publisher\":{\"@id\":\"https:\/\/dev.93-93-113-41.plesk.page\/ca\/#organization\"},\"potentialAction\":[{\"@type\":\"SearchAction\",\"target\":{\"@type\":\"EntryPoint\",\"urlTemplate\":\"https:\/\/dev.93-93-113-41.plesk.page\/ca\/?s={search_term_string}\"},\"query-input\":\"required name=search_term_string\"}],\"inLanguage\":\"ca\"},{\"@type\":\"Organization\",\"@id\":\"https:\/\/dev.93-93-113-41.plesk.page\/ca\/#organization\",\"name\":\"Servidigest\",\"url\":\"https:\/\/dev.93-93-113-41.plesk.page\/ca\/\",\"logo\":{\"@type\":\"ImageObject\",\"inLanguage\":\"ca\",\"@id\":\"https:\/\/dev.93-93-113-41.plesk.page\/ca\/#\/schema\/logo\/image\/\",\"url\":\"https:\/\/dev.93-93-113-41.plesk.page\/wp-content\/uploads\/2024\/01\/servidigest.png\",\"contentUrl\":\"https:\/\/dev.93-93-113-41.plesk.page\/wp-content\/uploads\/2024\/01\/servidigest.png\",\"width\":808,\"height\":88,\"caption\":\"Servidigest\"},\"image\":{\"@id\":\"https:\/\/dev.93-93-113-41.plesk.page\/ca\/#\/schema\/logo\/image\/\"},\"sameAs\":[\"https:\/\/www.facebook.com\/servidigest\",\"https:\/\/x.com\/servidigest\"]}]}<\/script>\n<!-- \/ Yoast SEO plugin. -->","yoast_head_json":{"title":"P\u00e0ncrees i Vies Biliars - Servidigest","description":"P\u00e0ncrees i Vies Biliars","robots":{"index":"index","follow":"follow","max-snippet":"max-snippet:-1","max-image-preview":"max-image-preview:large","max-video-preview":"max-video-preview:-1"},"canonical":"https:\/\/dev.93-93-113-41.plesk.page\/ca\/serveis\/aparell-digestiu\/pancrees-i-vies-biliars\/","og_locale":"ca_ES","og_type":"article","og_title":"P\u00e0ncrees i Vies Biliars - Servidigest","og_description":"P\u00e0ncrees i Vies Biliars","og_url":"https:\/\/dev.93-93-113-41.plesk.page\/ca\/serveis\/aparell-digestiu\/pancrees-i-vies-biliars\/","og_site_name":"Servidigest","article_publisher":"https:\/\/www.facebook.com\/servidigest","article_modified_time":"2024-02-26T16:11:28+00:00","og_image":[{"width":768,"height":327,"url":"https:\/\/dev.93-93-113-41.plesk.page\/wp-content\/uploads\/2024\/05\/Aparato-Digestivo.jpg","type":"image\/jpeg"}],"twitter_card":"summary_large_image","twitter_site":"@servidigest","twitter_misc":{"Est. reading time":"2 minutes"},"schema":{"@context":"https:\/\/schema.org","@graph":[{"@type":"WebPage","@id":"https:\/\/dev.93-93-113-41.plesk.page\/ca\/serveis\/aparell-digestiu\/pancrees-i-vies-biliars\/","url":"https:\/\/dev.93-93-113-41.plesk.page\/ca\/serveis\/aparell-digestiu\/pancrees-i-vies-biliars\/","name":"P\u00e0ncrees i Vies Biliars - Servidigest","isPartOf":{"@id":"https:\/\/dev.93-93-113-41.plesk.page\/ca\/#website"},"primaryImageOfPage":{"@id":"https:\/\/dev.93-93-113-41.plesk.page\/ca\/serveis\/aparell-digestiu\/pancrees-i-vies-biliars\/#primaryimage"},"image":{"@id":"https:\/\/dev.93-93-113-41.plesk.page\/ca\/serveis\/aparell-digestiu\/pancrees-i-vies-biliars\/#primaryimage"},"thumbnailUrl":"https:\/\/dev.93-93-113-41.plesk.page\/wp-content\/uploads\/2024\/05\/Aparato-Digestivo.jpg","datePublished":"2015-02-21T18:39:02+00:00","dateModified":"2024-02-26T16:11:28+00:00","description":"P\u00e0ncrees i Vies Biliars","breadcrumb":{"@id":"https:\/\/dev.93-93-113-41.plesk.page\/ca\/serveis\/aparell-digestiu\/pancrees-i-vies-biliars\/#breadcrumb"},"inLanguage":"ca","potentialAction":[{"@type":"ReadAction","target":["https:\/\/dev.93-93-113-41.plesk.page\/ca\/serveis\/aparell-digestiu\/pancrees-i-vies-biliars\/"]}]},{"@type":"ImageObject","inLanguage":"ca","@id":"https:\/\/dev.93-93-113-41.plesk.page\/ca\/serveis\/aparell-digestiu\/pancrees-i-vies-biliars\/#primaryimage","url":"https:\/\/dev.93-93-113-41.plesk.page\/wp-content\/uploads\/2024\/05\/Aparato-Digestivo.jpg","contentUrl":"https:\/\/dev.93-93-113-41.plesk.page\/wp-content\/uploads\/2024\/05\/Aparato-Digestivo.jpg","width":768,"height":327},{"@type":"BreadcrumbList","@id":"https:\/\/dev.93-93-113-41.plesk.page\/ca\/serveis\/aparell-digestiu\/pancrees-i-vies-biliars\/#breadcrumb","itemListElement":[{"@type":"ListItem","position":1,"name":"Serveis M\u00e8dics de Cl\u00ednica ServiDigest","item":"https:\/\/dev.93-93-113-41.plesk.page\/ca\/servicios\/"},{"@type":"ListItem","position":2,"name":"Aparell digestiu","item":"https:\/\/dev.93-93-113-41.plesk.page\/ca\/servicios\/aparato-digestivo\/"},{"@type":"ListItem","position":3,"name":"P\u00e0ncrees i Vies Biliars"}]},{"@type":"WebSite","@id":"https:\/\/dev.93-93-113-41.plesk.page\/ca\/#website","url":"https:\/\/dev.93-93-113-41.plesk.page\/ca\/","name":"Servidigest","description":"","publisher":{"@id":"https:\/\/dev.93-93-113-41.plesk.page\/ca\/#organization"},"potentialAction":[{"@type":"SearchAction","target":{"@type":"EntryPoint","urlTemplate":"https:\/\/dev.93-93-113-41.plesk.page\/ca\/?s={search_term_string}"},"query-input":"required name=search_term_string"}],"inLanguage":"ca"},{"@type":"Organization","@id":"https:\/\/dev.93-93-113-41.plesk.page\/ca\/#organization","name":"Servidigest","url":"https:\/\/dev.93-93-113-41.plesk.page\/ca\/","logo":{"@type":"ImageObject","inLanguage":"ca","@id":"https:\/\/dev.93-93-113-41.plesk.page\/ca\/#\/schema\/logo\/image\/","url":"https:\/\/dev.93-93-113-41.plesk.page\/wp-content\/uploads\/2024\/01\/servidigest.png","contentUrl":"https:\/\/dev.93-93-113-41.plesk.page\/wp-content\/uploads\/2024\/01\/servidigest.png","width":808,"height":88,"caption":"Servidigest"},"image":{"@id":"https:\/\/dev.93-93-113-41.plesk.page\/ca\/#\/schema\/logo\/image\/"},"sameAs":["https:\/\/www.facebook.com\/servidigest","https:\/\/x.com\/servidigest"]}]}},"_links":{"self":[{"href":"https:\/\/dev.93-93-113-41.plesk.page\/ca\/wp-json\/wp\/v2\/pages\/7817","targetHints":{"allow":["GET"]}}],"collection":[{"href":"https:\/\/dev.93-93-113-41.plesk.page\/ca\/wp-json\/wp\/v2\/pages"}],"about":[{"href":"https:\/\/dev.93-93-113-41.plesk.page\/ca\/wp-json\/wp\/v2\/types\/page"}],"author":[{"embeddable":true,"href":"https:\/\/dev.93-93-113-41.plesk.page\/ca\/wp-json\/wp\/v2\/users\/1"}],"replies":[{"embeddable":true,"href":"https:\/\/dev.93-93-113-41.plesk.page\/ca\/wp-json\/wp\/v2\/comments?post=7817"}],"version-history":[{"count":1,"href":"https:\/\/dev.93-93-113-41.plesk.page\/ca\/wp-json\/wp\/v2\/pages\/7817\/revisions"}],"predecessor-version":[{"id":34878,"href":"https:\/\/dev.93-93-113-41.plesk.page\/ca\/wp-json\/wp\/v2\/pages\/7817\/revisions\/34878"}],"up":[{"embeddable":true,"href":"https:\/\/dev.93-93-113-41.plesk.page\/ca\/wp-json\/wp\/v2\/pages\/34536"}],"wp:featuredmedia":[{"embeddable":true,"href":"https:\/\/dev.93-93-113-41.plesk.page\/ca\/wp-json\/wp\/v2\/media\/40111"}],"wp:attachment":[{"href":"https:\/\/dev.93-93-113-41.plesk.page\/ca\/wp-json\/wp\/v2\/media?parent=7817"}],"curies":[{"name":"wp","href":"https:\/\/api.w.org\/{rel}","templated":true}]}}