{"id":7779,"date":"2015-02-18T19:20:03","date_gmt":"2015-02-18T18:20:03","guid":{"rendered":"https:\/\/dev.93-93-113-41.plesk.page\/?page_id=7779"},"modified":"2024-03-22T10:18:47","modified_gmt":"2024-03-22T09:18:47","slug":"nutri-incode","status":"publish","type":"page","link":"https:\/\/dev.93-93-113-41.plesk.page\/ca\/serveis\/estudi-genetic-preventiu\/nutri-incode\/","title":{"rendered":"Nutri inCode, estudi gen\u00e8tic"},"content":{"rendered":"<p><strong>Nutri inCode \u00e9s un estudi gen\u00e8tic per aconseguir el millor tractament contra el Sobrep\u00e8s i l&#8217;Obesitat.<\/strong><\/p>\n<p>A m\u00e9s dels mals h\u00e0bits alimentaris, la manca d&#8217;exercici, l&#8217;edat o el sexe del pacient que pateix sobrep\u00e8s i obesitat, \u00e9s important tenir en compte tamb\u00e9 la predisposici\u00f3 gen\u00e8tica.<\/p>\n<p>La composici\u00f3 gen\u00e8tica de cada persona (la informaci\u00f3 que cont\u00e9 el nostre ADN) influeix en la susceptibilitat individual per guanyar pes.<\/p>\n<p>Actualment, el 50% dels casos de Sobrep\u00e8s i Obesitat es deuen a factors gen\u00e8tics heretats.<\/p>\n<p>Con\u00e8ixer el nostre perfil gen\u00e8tic ens proporciona una informaci\u00f3 clau per poder desenvolupar un programa integral de p\u00e8rdua de pes totalment personalitzat.<\/p>\n<p>Utilitzant l&#8217;ADN del pacient provinent de mostres de saliva o sang, aquesta eina de genotipat indica les caracter\u00edstiques gen\u00e8tiques del pacient i ofereix informaci\u00f3 de gran valor per a identificar les mesures preventives i \/ o terap\u00e8utiques m\u00e9s adequades per al control del pes i ens ajudar\u00e0 tamb\u00e9 a prevenir i \/ o tractar les malalties associades al Sobrep\u00e8s i Obesitat (diabetis, hipertensi\u00f3, dislip\u00e8mies, esteatosi hep\u00e0tica, malalties cardiovasculars, etc.)<\/p>\n<p>Con\u00e8ixer el perfil l gen\u00e8tic est\u00e0 especialment indicat en aquells casos en qu\u00e8:<\/p>\n<ul style=\"margin-bottom: 20px;\">\n<li>S&#8217;han provat moltes dietes sense \u00e8xit.<\/li>\n<li>S&#8217;hagi recuperat f\u00e0cilment el pes perdut, despr\u00e9s de seguir diferents dietes d&#8217;aprimament.<\/li>\n<li>Nens o joves, quan les causes d&#8217;obesitat no estan clares.<\/li>\n<\/ul>\n<div class=\"woocommerce \"><ul class=\"products columns-4\">\n<li class=\"product type-product post-38368 status-publish first instock product_cat-estudis-genetics has-post-thumbnail shipping-taxable purchasable product-type-simple\">\n\t<a href=\"https:\/\/dev.93-93-113-41.plesk.page\/ca\/producte\/estudi-genetic-preventiu-obesitat-nutri-incode\/\" class=\"woocommerce-LoopProduct-link woocommerce-loop-product__link\"><img fetchpriority=\"high\" decoding=\"async\" width=\"300\" height=\"300\" src=\"https:\/\/dev.93-93-113-41.plesk.page\/wp-content\/uploads\/2016\/02\/comprar-estudio-genetico-obesidad-1-300x300.jpg\" class=\"attachment-woocommerce_thumbnail size-woocommerce_thumbnail\" alt=\"Comprar Estudi Gen\u00e8tic Preventiu Obesitat\" srcset=\"https:\/\/dev.93-93-113-41.plesk.page\/wp-content\/uploads\/2016\/02\/comprar-estudio-genetico-obesidad-1-300x300.jpg 300w, https:\/\/dev.93-93-113-41.plesk.page\/wp-content\/uploads\/2016\/02\/comprar-estudio-genetico-obesidad-1-100x100.jpg 100w, https:\/\/dev.93-93-113-41.plesk.page\/wp-content\/uploads\/2016\/02\/comprar-estudio-genetico-obesidad-1-150x150.jpg 150w\" sizes=\"(max-width: 300px) 100vw, 300px\" \/><h2 class=\"woocommerce-loop-product__title\">Estudi Gen\u00e8tic Preventiu Obesitat Nutri inCode<\/h2>\n\t<span class=\"price\"><span class=\"woocommerce-Price-amount amount\"><bdi>390,00&nbsp;<span class=\"woocommerce-Price-currencySymbol\">&euro;<\/span><\/bdi><\/span><\/span>\n<\/a><a href=\"?add-to-cart=38368\" data-quantity=\"1\" class=\"button product_type_simple add_to_cart_button ajax_add_to_cart\" data-product_id=\"38368\" data-product_sku=\"nutri-incode\" aria-label=\"Add to cart: &ldquo;Estudi Gen\u00e8tic Preventiu Obesitat Nutri inCode&rdquo;\" aria-describedby=\"\" rel=\"nofollow\">Afegeix a la cistella<\/a><\/li>\n<\/ul>\n<\/div>\n<p><iframe title=\"Prevenci\u00f3 de l&#039;Obesitat amb l&#039;estudi gen\u00e8tic Nutri inCode a Cl\u00ednica ServiDigest - Barcelona\" width=\"500\" height=\"281\" src=\"https:\/\/www.youtube.com\/embed\/blzfJ2IaswA?feature=oembed\" frameborder=\"0\" allow=\"accelerometer; autoplay; clipboard-write; encrypted-media; gyroscope; picture-in-picture; web-share\" referrerpolicy=\"strict-origin-when-cross-origin\" allowfullscreen><\/iframe><\/p>\n","protected":false},"excerpt":{"rendered":"<div class=\"mh-excerpt\"><p>Nutri inCode \u00e9s un estudi gen\u00e8tic per aconseguir el millor tractament contra el Sobrep\u00e8s i l&#8217;Obesitat. A m\u00e9s dels mals h\u00e0bits alimentaris, la manca d&#8217;exercici, l&#8217;edat o el sexe del pacient que pateix sobrep\u00e8s i <a class=\"mh-excerpt-more\" href=\"https:\/\/dev.93-93-113-41.plesk.page\/ca\/serveis\/estudi-genetic-preventiu\/nutri-incode\/\" title=\"Nutri inCode, estudi gen\u00e8tic\">[&#8230;]<\/a><\/p>\n<\/div>","protected":false},"author":1,"featured_media":0,"parent":7498,"menu_order":2,"comment_status":"closed","ping_status":"closed","template":"","meta":{"footnotes":""},"class_list":["post-7779","page","type-page","status-publish"],"yoast_head":"<!-- This site is optimized with the Yoast SEO plugin v22.6 - https:\/\/yoast.com\/wordpress\/plugins\/seo\/ -->\n<title>Nutri inCode, estudi gen\u00e8tic - Servidigest<\/title>\n<meta name=\"description\" content=\"Nutri inCode \u00e9s un estudi gen\u00e8tic per aconseguir el millor tractament contra el Sobrep\u00e8s i l&#039;Obesitat. Con\u00e8ixer el teu perfil gen\u00e8tic t&#039;ajudar\u00e0 a perdre pes\" \/>\n<meta name=\"robots\" content=\"index, follow, max-snippet:-1, max-image-preview:large, max-video-preview:-1\" \/>\n<link rel=\"canonical\" href=\"https:\/\/dev.93-93-113-41.plesk.page\/ca\/serveis\/estudi-genetic-preventiu\/nutri-incode\/\" \/>\n<meta property=\"og:locale\" content=\"ca_ES\" \/>\n<meta property=\"og:type\" content=\"article\" \/>\n<meta property=\"og:title\" content=\"Nutri inCode, estudi gen\u00e8tic - Servidigest\" \/>\n<meta property=\"og:description\" content=\"Nutri inCode \u00e9s un estudi gen\u00e8tic per aconseguir el millor tractament contra el Sobrep\u00e8s i l&#039;Obesitat. Con\u00e8ixer el teu perfil gen\u00e8tic t&#039;ajudar\u00e0 a perdre pes\" \/>\n<meta property=\"og:url\" content=\"https:\/\/dev.93-93-113-41.plesk.page\/ca\/serveis\/estudi-genetic-preventiu\/nutri-incode\/\" \/>\n<meta property=\"og:site_name\" content=\"Servidigest\" \/>\n<meta property=\"article:publisher\" content=\"https:\/\/www.facebook.com\/servidigest\" \/>\n<meta property=\"article:modified_time\" content=\"2024-03-22T09:18:47+00:00\" \/>\n<meta name=\"twitter:card\" content=\"summary_large_image\" \/>\n<meta name=\"twitter:site\" content=\"@servidigest\" \/>\n<meta name=\"twitter:label1\" content=\"Est. reading time\" \/>\n\t<meta name=\"twitter:data1\" content=\"1 minute\" \/>\n<script type=\"application\/ld+json\" class=\"yoast-schema-graph\">{\"@context\":\"https:\/\/schema.org\",\"@graph\":[{\"@type\":\"WebPage\",\"@id\":\"https:\/\/dev.93-93-113-41.plesk.page\/ca\/serveis\/estudi-genetic-preventiu\/nutri-incode\/\",\"url\":\"https:\/\/dev.93-93-113-41.plesk.page\/ca\/serveis\/estudi-genetic-preventiu\/nutri-incode\/\",\"name\":\"Nutri inCode, estudi gen\u00e8tic - Servidigest\",\"isPartOf\":{\"@id\":\"https:\/\/dev.93-93-113-41.plesk.page\/ca\/#website\"},\"datePublished\":\"2015-02-18T18:20:03+00:00\",\"dateModified\":\"2024-03-22T09:18:47+00:00\",\"description\":\"Nutri inCode \u00e9s un estudi gen\u00e8tic per aconseguir el millor tractament contra el Sobrep\u00e8s i l'Obesitat. Con\u00e8ixer el teu perfil gen\u00e8tic t'ajudar\u00e0 a perdre pes\",\"breadcrumb\":{\"@id\":\"https:\/\/dev.93-93-113-41.plesk.page\/ca\/serveis\/estudi-genetic-preventiu\/nutri-incode\/#breadcrumb\"},\"inLanguage\":\"ca\",\"potentialAction\":[{\"@type\":\"ReadAction\",\"target\":[\"https:\/\/dev.93-93-113-41.plesk.page\/ca\/serveis\/estudi-genetic-preventiu\/nutri-incode\/\"]}]},{\"@type\":\"BreadcrumbList\",\"@id\":\"https:\/\/dev.93-93-113-41.plesk.page\/ca\/serveis\/estudi-genetic-preventiu\/nutri-incode\/#breadcrumb\",\"itemListElement\":[{\"@type\":\"ListItem\",\"position\":1,\"name\":\"Serveis M\u00e8dics de Cl\u00ednica ServiDigest\",\"item\":\"https:\/\/dev.93-93-113-41.plesk.page\/ca\/servicios\/\"},{\"@type\":\"ListItem\",\"position\":2,\"name\":\"Estudi Gen\u00e8tic Preventiu\",\"item\":\"https:\/\/dev.93-93-113-41.plesk.page\/ca\/serveis\/estudi-genetic-preventiu\/\"},{\"@type\":\"ListItem\",\"position\":3,\"name\":\"Nutri inCode, estudi gen\u00e8tic\"}]},{\"@type\":\"WebSite\",\"@id\":\"https:\/\/dev.93-93-113-41.plesk.page\/ca\/#website\",\"url\":\"https:\/\/dev.93-93-113-41.plesk.page\/ca\/\",\"name\":\"Servidigest\",\"description\":\"\",\"publisher\":{\"@id\":\"https:\/\/dev.93-93-113-41.plesk.page\/ca\/#organization\"},\"potentialAction\":[{\"@type\":\"SearchAction\",\"target\":{\"@type\":\"EntryPoint\",\"urlTemplate\":\"https:\/\/dev.93-93-113-41.plesk.page\/ca\/?s={search_term_string}\"},\"query-input\":\"required name=search_term_string\"}],\"inLanguage\":\"ca\"},{\"@type\":\"Organization\",\"@id\":\"https:\/\/dev.93-93-113-41.plesk.page\/ca\/#organization\",\"name\":\"Servidigest\",\"url\":\"https:\/\/dev.93-93-113-41.plesk.page\/ca\/\",\"logo\":{\"@type\":\"ImageObject\",\"inLanguage\":\"ca\",\"@id\":\"https:\/\/dev.93-93-113-41.plesk.page\/ca\/#\/schema\/logo\/image\/\",\"url\":\"https:\/\/dev.93-93-113-41.plesk.page\/wp-content\/uploads\/2024\/01\/servidigest.png\",\"contentUrl\":\"https:\/\/dev.93-93-113-41.plesk.page\/wp-content\/uploads\/2024\/01\/servidigest.png\",\"width\":808,\"height\":88,\"caption\":\"Servidigest\"},\"image\":{\"@id\":\"https:\/\/dev.93-93-113-41.plesk.page\/ca\/#\/schema\/logo\/image\/\"},\"sameAs\":[\"https:\/\/www.facebook.com\/servidigest\",\"https:\/\/x.com\/servidigest\"]}]}<\/script>\n<!-- \/ Yoast SEO plugin. -->","yoast_head_json":{"title":"Nutri inCode, estudi gen\u00e8tic - Servidigest","description":"Nutri inCode \u00e9s un estudi gen\u00e8tic per aconseguir el millor tractament contra el Sobrep\u00e8s i l'Obesitat. Con\u00e8ixer el teu perfil gen\u00e8tic t'ajudar\u00e0 a perdre pes","robots":{"index":"index","follow":"follow","max-snippet":"max-snippet:-1","max-image-preview":"max-image-preview:large","max-video-preview":"max-video-preview:-1"},"canonical":"https:\/\/dev.93-93-113-41.plesk.page\/ca\/serveis\/estudi-genetic-preventiu\/nutri-incode\/","og_locale":"ca_ES","og_type":"article","og_title":"Nutri inCode, estudi gen\u00e8tic - Servidigest","og_description":"Nutri inCode \u00e9s un estudi gen\u00e8tic per aconseguir el millor tractament contra el Sobrep\u00e8s i l'Obesitat. Con\u00e8ixer el teu perfil gen\u00e8tic t'ajudar\u00e0 a perdre pes","og_url":"https:\/\/dev.93-93-113-41.plesk.page\/ca\/serveis\/estudi-genetic-preventiu\/nutri-incode\/","og_site_name":"Servidigest","article_publisher":"https:\/\/www.facebook.com\/servidigest","article_modified_time":"2024-03-22T09:18:47+00:00","twitter_card":"summary_large_image","twitter_site":"@servidigest","twitter_misc":{"Est. reading time":"1 minute"},"schema":{"@context":"https:\/\/schema.org","@graph":[{"@type":"WebPage","@id":"https:\/\/dev.93-93-113-41.plesk.page\/ca\/serveis\/estudi-genetic-preventiu\/nutri-incode\/","url":"https:\/\/dev.93-93-113-41.plesk.page\/ca\/serveis\/estudi-genetic-preventiu\/nutri-incode\/","name":"Nutri inCode, estudi gen\u00e8tic - Servidigest","isPartOf":{"@id":"https:\/\/dev.93-93-113-41.plesk.page\/ca\/#website"},"datePublished":"2015-02-18T18:20:03+00:00","dateModified":"2024-03-22T09:18:47+00:00","description":"Nutri inCode \u00e9s un estudi gen\u00e8tic per aconseguir el millor tractament contra el Sobrep\u00e8s i l'Obesitat. Con\u00e8ixer el teu perfil gen\u00e8tic t'ajudar\u00e0 a perdre pes","breadcrumb":{"@id":"https:\/\/dev.93-93-113-41.plesk.page\/ca\/serveis\/estudi-genetic-preventiu\/nutri-incode\/#breadcrumb"},"inLanguage":"ca","potentialAction":[{"@type":"ReadAction","target":["https:\/\/dev.93-93-113-41.plesk.page\/ca\/serveis\/estudi-genetic-preventiu\/nutri-incode\/"]}]},{"@type":"BreadcrumbList","@id":"https:\/\/dev.93-93-113-41.plesk.page\/ca\/serveis\/estudi-genetic-preventiu\/nutri-incode\/#breadcrumb","itemListElement":[{"@type":"ListItem","position":1,"name":"Serveis M\u00e8dics de Cl\u00ednica ServiDigest","item":"https:\/\/dev.93-93-113-41.plesk.page\/ca\/servicios\/"},{"@type":"ListItem","position":2,"name":"Estudi Gen\u00e8tic Preventiu","item":"https:\/\/dev.93-93-113-41.plesk.page\/ca\/serveis\/estudi-genetic-preventiu\/"},{"@type":"ListItem","position":3,"name":"Nutri inCode, estudi gen\u00e8tic"}]},{"@type":"WebSite","@id":"https:\/\/dev.93-93-113-41.plesk.page\/ca\/#website","url":"https:\/\/dev.93-93-113-41.plesk.page\/ca\/","name":"Servidigest","description":"","publisher":{"@id":"https:\/\/dev.93-93-113-41.plesk.page\/ca\/#organization"},"potentialAction":[{"@type":"SearchAction","target":{"@type":"EntryPoint","urlTemplate":"https:\/\/dev.93-93-113-41.plesk.page\/ca\/?s={search_term_string}"},"query-input":"required name=search_term_string"}],"inLanguage":"ca"},{"@type":"Organization","@id":"https:\/\/dev.93-93-113-41.plesk.page\/ca\/#organization","name":"Servidigest","url":"https:\/\/dev.93-93-113-41.plesk.page\/ca\/","logo":{"@type":"ImageObject","inLanguage":"ca","@id":"https:\/\/dev.93-93-113-41.plesk.page\/ca\/#\/schema\/logo\/image\/","url":"https:\/\/dev.93-93-113-41.plesk.page\/wp-content\/uploads\/2024\/01\/servidigest.png","contentUrl":"https:\/\/dev.93-93-113-41.plesk.page\/wp-content\/uploads\/2024\/01\/servidigest.png","width":808,"height":88,"caption":"Servidigest"},"image":{"@id":"https:\/\/dev.93-93-113-41.plesk.page\/ca\/#\/schema\/logo\/image\/"},"sameAs":["https:\/\/www.facebook.com\/servidigest","https:\/\/x.com\/servidigest"]}]}},"_links":{"self":[{"href":"https:\/\/dev.93-93-113-41.plesk.page\/ca\/wp-json\/wp\/v2\/pages\/7779","targetHints":{"allow":["GET"]}}],"collection":[{"href":"https:\/\/dev.93-93-113-41.plesk.page\/ca\/wp-json\/wp\/v2\/pages"}],"about":[{"href":"https:\/\/dev.93-93-113-41.plesk.page\/ca\/wp-json\/wp\/v2\/types\/page"}],"author":[{"embeddable":true,"href":"https:\/\/dev.93-93-113-41.plesk.page\/ca\/wp-json\/wp\/v2\/users\/1"}],"replies":[{"embeddable":true,"href":"https:\/\/dev.93-93-113-41.plesk.page\/ca\/wp-json\/wp\/v2\/comments?post=7779"}],"version-history":[{"count":2,"href":"https:\/\/dev.93-93-113-41.plesk.page\/ca\/wp-json\/wp\/v2\/pages\/7779\/revisions"}],"predecessor-version":[{"id":37776,"href":"https:\/\/dev.93-93-113-41.plesk.page\/ca\/wp-json\/wp\/v2\/pages\/7779\/revisions\/37776"}],"up":[{"embeddable":true,"href":"https:\/\/dev.93-93-113-41.plesk.page\/ca\/wp-json\/wp\/v2\/pages\/7498"}],"wp:attachment":[{"href":"https:\/\/dev.93-93-113-41.plesk.page\/ca\/wp-json\/wp\/v2\/media?parent=7779"}],"curies":[{"name":"wp","href":"https:\/\/api.w.org\/{rel}","templated":true}]}}