{"id":7768,"date":"2015-02-18T19:02:02","date_gmt":"2015-02-18T19:02:02","guid":{"rendered":"https:\/\/dev.93-93-113-41.plesk.page\/?page_id=7768"},"modified":"2024-02-26T17:11:24","modified_gmt":"2024-02-26T16:11:24","slug":"tractament-psicologic-del-sobrepes-i-obesitat","status":"publish","type":"page","link":"https:\/\/dev.93-93-113-41.plesk.page\/ca\/serveis\/servei-de-psicologia-clinica-i-de-la-salut\/tractament-psicologic-del-sobrepes-i-obesitat\/","title":{"rendered":"Tractament Psicol\u00f2gic del Sobrep\u00e8s i Obesitat"},"content":{"rendered":"<p>La intervenci\u00f3 psicol\u00f2gica \u00e9s fonamental en la gran majoria dels pacients que presenten Sobrep\u00e8s i Obesitat.<br \/>\nNombrosos estudis demostren que algunes variables psicol\u00f2giques constitueixen factors de risc per al desenvolupament i \/ o manteniment d&#8217;aquesta problem\u00e0tica, i algunes d&#8217;elles poden constituir un trastorn en si mateix.<\/p>\n<p>Entre les m\u00e9s habituals destaquem:<\/p>\n<ul>\n<li>Pres\u00e8ncia d&#8217;ansietat i \/ o depressi\u00f3<\/li>\n<li>Episodis de afartaments<\/li>\n<li>Duels complicats<\/li>\n<li>Pres\u00e8ncia de estressors: familiars, parella, laborals, etc.<\/li>\n<li>Dificultats en les relacions interpersonals<\/li>\n<li>Estils de comunicaci\u00f3 caracteritzats per la passivitat i \/ o l&#8217;agressivitat<\/li>\n<li>Mals h\u00e0bits en relaci\u00f3 a la conducta de menjar<\/li>\n<li>Pensaments distorsionats en relaci\u00f3 a la pr\u00f2pia imatge, el pes i el menjar<\/li>\n<\/ul>\n<p>Ens trobem davant d&#8217;un problema est\u00e8tic i sobretot de Salut, el qual apareix i es mant\u00e9 per causes gen\u00e8tiques, psicol\u00f2giques i ambientals.<\/p>\n<p>A Cl\u00ednica ServiDigest treballem seguint aquest marc multicausal.<br \/>\nEl nostre servei de Psicologia Cl\u00ednica i de la Salut interv\u00e9 seguint el model cognitiu-conductual, l&#8217;efectivitat est\u00e0 avalada cient\u00edficament. Al rigor metodol\u00f2gic sumem el nostre tracte personalitzat, sabem que no hi ha dos pacients amb obesitat iguals.<\/p>\n<p>El frac\u00e0s de realitzar nombroses dietes, posa de manifest que \u00e9s imprescindible la introducci\u00f3 de diferents t\u00e8cniques amb uns objectius principals: la modificaci\u00f3 d&#8217;h\u00e0bits d&#8217;alimentaci\u00f3 que permetin una major adhesi\u00f3 al tractament i un canvi d&#8217;actitud davant el seu problema, la millora dels pensaments sobre el propi cos, el pes i el menjar.<br \/>\nAix\u00ed com el desenvolupar estats emocionals positius i major autonomia respecte als altres i el propi ambient.<br \/>\nEs tracta de desenvolupar factors protectors que ens ajudin a combatre els factors de risc.<\/p>\n<p>A Cl\u00ednica ServiDigest ensenyem als nostres pacients a com fer per perdre pes, ajustant les expectatives per no produir frustraci\u00f3. Sabem que aix\u00f2 nom\u00e9s \u00e9s el tractament inicial, el m\u00e9s important i un repte m\u00e9s gran \u00e9s mantenir aquesta p\u00e8rdua mitjan\u00e7ant l&#8217;adquisici\u00f3 de nous h\u00e0bits.<\/p>\n<p>El servei de Psicologia Cl\u00ednica i de la Salut treballa, de forma coordinada i multidisciplinar amb els altres serveis m\u00e8dics, per promoure aquesta millora a curt termini i sobretot consolidar-la a llarg termini.<\/p>\n<p>Entre les t\u00e8cniques i procediments que formen part de la intervenci\u00f3 psicol\u00f2gica, trobem:<\/p>\n<ul>\n<li>Psicoeducaci\u00f3 del Sobrep\u00e8s i l&#8217;Obesitat<\/li>\n<li>Millora de l&#8217;estil d&#8217;afrontament<\/li>\n<li>Entrenament en habilitats socials<\/li>\n<li>Estil de comunicaci\u00f3 assertiu<\/li>\n<li>T\u00e8cniques per eliminar la ingesta emocional i la s\u00edndrome d&#8217;ingesta nocturna<\/li>\n<li>T\u00e8cniques de Relaxaci\u00f3 i Respiraci\u00f3<\/li>\n<li>Control de claus i Reeducaci\u00f3 de la conducta de menjar<\/li>\n<li>Reestructuraci\u00f3 cognitiva<\/li>\n<\/ul>\n","protected":false},"excerpt":{"rendered":"<div class=\"mh-excerpt\"><p>La intervenci\u00f3 psicol\u00f2gica \u00e9s fonamental en la gran majoria dels pacients que presenten Sobrep\u00e8s i Obesitat. Nombrosos estudis demostren que algunes variables psicol\u00f2giques constitueixen factors de risc per al desenvolupament i \/ o manteniment d&#8217;aquesta <a class=\"mh-excerpt-more\" href=\"https:\/\/dev.93-93-113-41.plesk.page\/ca\/serveis\/servei-de-psicologia-clinica-i-de-la-salut\/tractament-psicologic-del-sobrepes-i-obesitat\/\" title=\"Tractament Psicol\u00f2gic del Sobrep\u00e8s i Obesitat\">[&#8230;]<\/a><\/p>\n<\/div>","protected":false},"author":1,"featured_media":0,"parent":7766,"menu_order":2,"comment_status":"closed","ping_status":"closed","template":"","meta":{"footnotes":""},"class_list":["post-7768","page","type-page","status-publish"],"yoast_head":"<!-- This site is optimized with the Yoast SEO plugin v22.6 - https:\/\/yoast.com\/wordpress\/plugins\/seo\/ -->\n<title>Tractament Psicol\u00f2gic del Sobrep\u00e8s i Obesitat - Servidigest<\/title>\n<meta name=\"description\" content=\"La intervenci\u00f3 psicol\u00f2gica \u00e9s fonamental en la gran majoria dels pacients que presenten Sobrep\u00e8s i Obesitat.\" \/>\n<meta name=\"robots\" content=\"index, follow, max-snippet:-1, max-image-preview:large, max-video-preview:-1\" \/>\n<link rel=\"canonical\" href=\"https:\/\/dev.93-93-113-41.plesk.page\/ca\/serveis\/servei-de-psicologia-clinica-i-de-la-salut\/tractament-psicologic-del-sobrepes-i-obesitat\/\" \/>\n<meta property=\"og:locale\" content=\"ca_ES\" \/>\n<meta property=\"og:type\" content=\"article\" \/>\n<meta property=\"og:title\" content=\"Tractament Psicol\u00f2gic del Sobrep\u00e8s i Obesitat - Servidigest\" \/>\n<meta property=\"og:description\" content=\"La intervenci\u00f3 psicol\u00f2gica \u00e9s fonamental en la gran majoria dels pacients que presenten Sobrep\u00e8s i Obesitat.\" \/>\n<meta property=\"og:url\" content=\"https:\/\/dev.93-93-113-41.plesk.page\/ca\/serveis\/servei-de-psicologia-clinica-i-de-la-salut\/tractament-psicologic-del-sobrepes-i-obesitat\/\" \/>\n<meta property=\"og:site_name\" content=\"Servidigest\" \/>\n<meta property=\"article:publisher\" content=\"https:\/\/www.facebook.com\/servidigest\" \/>\n<meta property=\"article:modified_time\" content=\"2024-02-26T16:11:24+00:00\" \/>\n<meta name=\"twitter:card\" content=\"summary_large_image\" \/>\n<meta name=\"twitter:site\" content=\"@servidigest\" \/>\n<meta name=\"twitter:label1\" content=\"Est. reading time\" \/>\n\t<meta name=\"twitter:data1\" content=\"2 minutes\" \/>\n<script type=\"application\/ld+json\" class=\"yoast-schema-graph\">{\"@context\":\"https:\/\/schema.org\",\"@graph\":[{\"@type\":\"WebPage\",\"@id\":\"https:\/\/dev.93-93-113-41.plesk.page\/ca\/serveis\/servei-de-psicologia-clinica-i-de-la-salut\/tractament-psicologic-del-sobrepes-i-obesitat\/\",\"url\":\"https:\/\/dev.93-93-113-41.plesk.page\/ca\/serveis\/servei-de-psicologia-clinica-i-de-la-salut\/tractament-psicologic-del-sobrepes-i-obesitat\/\",\"name\":\"Tractament Psicol\u00f2gic del Sobrep\u00e8s i Obesitat - Servidigest\",\"isPartOf\":{\"@id\":\"https:\/\/dev.93-93-113-41.plesk.page\/ca\/#website\"},\"datePublished\":\"2015-02-18T19:02:02+00:00\",\"dateModified\":\"2024-02-26T16:11:24+00:00\",\"description\":\"La intervenci\u00f3 psicol\u00f2gica \u00e9s fonamental en la gran majoria dels pacients que presenten Sobrep\u00e8s i Obesitat.\",\"breadcrumb\":{\"@id\":\"https:\/\/dev.93-93-113-41.plesk.page\/ca\/serveis\/servei-de-psicologia-clinica-i-de-la-salut\/tractament-psicologic-del-sobrepes-i-obesitat\/#breadcrumb\"},\"inLanguage\":\"ca\",\"potentialAction\":[{\"@type\":\"ReadAction\",\"target\":[\"https:\/\/dev.93-93-113-41.plesk.page\/ca\/serveis\/servei-de-psicologia-clinica-i-de-la-salut\/tractament-psicologic-del-sobrepes-i-obesitat\/\"]}]},{\"@type\":\"BreadcrumbList\",\"@id\":\"https:\/\/dev.93-93-113-41.plesk.page\/ca\/serveis\/servei-de-psicologia-clinica-i-de-la-salut\/tractament-psicologic-del-sobrepes-i-obesitat\/#breadcrumb\",\"itemListElement\":[{\"@type\":\"ListItem\",\"position\":1,\"name\":\"Serveis M\u00e8dics de Cl\u00ednica ServiDigest\",\"item\":\"https:\/\/dev.93-93-113-41.plesk.page\/ca\/servicios\/\"},{\"@type\":\"ListItem\",\"position\":2,\"name\":\"Psicologia Cl\u00ednica i de la Salut\",\"item\":\"https:\/\/dev.93-93-113-41.plesk.page\/ca\/servicios\/servicio-de-psicologia-clinica-y-de-la-salud\/\"},{\"@type\":\"ListItem\",\"position\":3,\"name\":\"Tractament Psicol\u00f2gic del Sobrep\u00e8s i Obesitat\"}]},{\"@type\":\"WebSite\",\"@id\":\"https:\/\/dev.93-93-113-41.plesk.page\/ca\/#website\",\"url\":\"https:\/\/dev.93-93-113-41.plesk.page\/ca\/\",\"name\":\"Servidigest\",\"description\":\"\",\"publisher\":{\"@id\":\"https:\/\/dev.93-93-113-41.plesk.page\/ca\/#organization\"},\"potentialAction\":[{\"@type\":\"SearchAction\",\"target\":{\"@type\":\"EntryPoint\",\"urlTemplate\":\"https:\/\/dev.93-93-113-41.plesk.page\/ca\/?s={search_term_string}\"},\"query-input\":\"required name=search_term_string\"}],\"inLanguage\":\"ca\"},{\"@type\":\"Organization\",\"@id\":\"https:\/\/dev.93-93-113-41.plesk.page\/ca\/#organization\",\"name\":\"Servidigest\",\"url\":\"https:\/\/dev.93-93-113-41.plesk.page\/ca\/\",\"logo\":{\"@type\":\"ImageObject\",\"inLanguage\":\"ca\",\"@id\":\"https:\/\/dev.93-93-113-41.plesk.page\/ca\/#\/schema\/logo\/image\/\",\"url\":\"https:\/\/dev.93-93-113-41.plesk.page\/wp-content\/uploads\/2024\/01\/servidigest.png\",\"contentUrl\":\"https:\/\/dev.93-93-113-41.plesk.page\/wp-content\/uploads\/2024\/01\/servidigest.png\",\"width\":808,\"height\":88,\"caption\":\"Servidigest\"},\"image\":{\"@id\":\"https:\/\/dev.93-93-113-41.plesk.page\/ca\/#\/schema\/logo\/image\/\"},\"sameAs\":[\"https:\/\/www.facebook.com\/servidigest\",\"https:\/\/x.com\/servidigest\"]}]}<\/script>\n<!-- \/ Yoast SEO plugin. -->","yoast_head_json":{"title":"Tractament Psicol\u00f2gic del Sobrep\u00e8s i Obesitat - Servidigest","description":"La intervenci\u00f3 psicol\u00f2gica \u00e9s fonamental en la gran majoria dels pacients que presenten Sobrep\u00e8s i Obesitat.","robots":{"index":"index","follow":"follow","max-snippet":"max-snippet:-1","max-image-preview":"max-image-preview:large","max-video-preview":"max-video-preview:-1"},"canonical":"https:\/\/dev.93-93-113-41.plesk.page\/ca\/serveis\/servei-de-psicologia-clinica-i-de-la-salut\/tractament-psicologic-del-sobrepes-i-obesitat\/","og_locale":"ca_ES","og_type":"article","og_title":"Tractament Psicol\u00f2gic del Sobrep\u00e8s i Obesitat - Servidigest","og_description":"La intervenci\u00f3 psicol\u00f2gica \u00e9s fonamental en la gran majoria dels pacients que presenten Sobrep\u00e8s i Obesitat.","og_url":"https:\/\/dev.93-93-113-41.plesk.page\/ca\/serveis\/servei-de-psicologia-clinica-i-de-la-salut\/tractament-psicologic-del-sobrepes-i-obesitat\/","og_site_name":"Servidigest","article_publisher":"https:\/\/www.facebook.com\/servidigest","article_modified_time":"2024-02-26T16:11:24+00:00","twitter_card":"summary_large_image","twitter_site":"@servidigest","twitter_misc":{"Est. reading time":"2 minutes"},"schema":{"@context":"https:\/\/schema.org","@graph":[{"@type":"WebPage","@id":"https:\/\/dev.93-93-113-41.plesk.page\/ca\/serveis\/servei-de-psicologia-clinica-i-de-la-salut\/tractament-psicologic-del-sobrepes-i-obesitat\/","url":"https:\/\/dev.93-93-113-41.plesk.page\/ca\/serveis\/servei-de-psicologia-clinica-i-de-la-salut\/tractament-psicologic-del-sobrepes-i-obesitat\/","name":"Tractament Psicol\u00f2gic del Sobrep\u00e8s i Obesitat - Servidigest","isPartOf":{"@id":"https:\/\/dev.93-93-113-41.plesk.page\/ca\/#website"},"datePublished":"2015-02-18T19:02:02+00:00","dateModified":"2024-02-26T16:11:24+00:00","description":"La intervenci\u00f3 psicol\u00f2gica \u00e9s fonamental en la gran majoria dels pacients que presenten Sobrep\u00e8s i Obesitat.","breadcrumb":{"@id":"https:\/\/dev.93-93-113-41.plesk.page\/ca\/serveis\/servei-de-psicologia-clinica-i-de-la-salut\/tractament-psicologic-del-sobrepes-i-obesitat\/#breadcrumb"},"inLanguage":"ca","potentialAction":[{"@type":"ReadAction","target":["https:\/\/dev.93-93-113-41.plesk.page\/ca\/serveis\/servei-de-psicologia-clinica-i-de-la-salut\/tractament-psicologic-del-sobrepes-i-obesitat\/"]}]},{"@type":"BreadcrumbList","@id":"https:\/\/dev.93-93-113-41.plesk.page\/ca\/serveis\/servei-de-psicologia-clinica-i-de-la-salut\/tractament-psicologic-del-sobrepes-i-obesitat\/#breadcrumb","itemListElement":[{"@type":"ListItem","position":1,"name":"Serveis M\u00e8dics de Cl\u00ednica ServiDigest","item":"https:\/\/dev.93-93-113-41.plesk.page\/ca\/servicios\/"},{"@type":"ListItem","position":2,"name":"Psicologia Cl\u00ednica i de la Salut","item":"https:\/\/dev.93-93-113-41.plesk.page\/ca\/servicios\/servicio-de-psicologia-clinica-y-de-la-salud\/"},{"@type":"ListItem","position":3,"name":"Tractament Psicol\u00f2gic del Sobrep\u00e8s i Obesitat"}]},{"@type":"WebSite","@id":"https:\/\/dev.93-93-113-41.plesk.page\/ca\/#website","url":"https:\/\/dev.93-93-113-41.plesk.page\/ca\/","name":"Servidigest","description":"","publisher":{"@id":"https:\/\/dev.93-93-113-41.plesk.page\/ca\/#organization"},"potentialAction":[{"@type":"SearchAction","target":{"@type":"EntryPoint","urlTemplate":"https:\/\/dev.93-93-113-41.plesk.page\/ca\/?s={search_term_string}"},"query-input":"required name=search_term_string"}],"inLanguage":"ca"},{"@type":"Organization","@id":"https:\/\/dev.93-93-113-41.plesk.page\/ca\/#organization","name":"Servidigest","url":"https:\/\/dev.93-93-113-41.plesk.page\/ca\/","logo":{"@type":"ImageObject","inLanguage":"ca","@id":"https:\/\/dev.93-93-113-41.plesk.page\/ca\/#\/schema\/logo\/image\/","url":"https:\/\/dev.93-93-113-41.plesk.page\/wp-content\/uploads\/2024\/01\/servidigest.png","contentUrl":"https:\/\/dev.93-93-113-41.plesk.page\/wp-content\/uploads\/2024\/01\/servidigest.png","width":808,"height":88,"caption":"Servidigest"},"image":{"@id":"https:\/\/dev.93-93-113-41.plesk.page\/ca\/#\/schema\/logo\/image\/"},"sameAs":["https:\/\/www.facebook.com\/servidigest","https:\/\/x.com\/servidigest"]}]}},"_links":{"self":[{"href":"https:\/\/dev.93-93-113-41.plesk.page\/ca\/wp-json\/wp\/v2\/pages\/7768","targetHints":{"allow":["GET"]}}],"collection":[{"href":"https:\/\/dev.93-93-113-41.plesk.page\/ca\/wp-json\/wp\/v2\/pages"}],"about":[{"href":"https:\/\/dev.93-93-113-41.plesk.page\/ca\/wp-json\/wp\/v2\/types\/page"}],"author":[{"embeddable":true,"href":"https:\/\/dev.93-93-113-41.plesk.page\/ca\/wp-json\/wp\/v2\/users\/1"}],"replies":[{"embeddable":true,"href":"https:\/\/dev.93-93-113-41.plesk.page\/ca\/wp-json\/wp\/v2\/comments?post=7768"}],"version-history":[{"count":1,"href":"https:\/\/dev.93-93-113-41.plesk.page\/ca\/wp-json\/wp\/v2\/pages\/7768\/revisions"}],"predecessor-version":[{"id":34869,"href":"https:\/\/dev.93-93-113-41.plesk.page\/ca\/wp-json\/wp\/v2\/pages\/7768\/revisions\/34869"}],"up":[{"embeddable":true,"href":"https:\/\/dev.93-93-113-41.plesk.page\/ca\/wp-json\/wp\/v2\/pages\/7766"}],"wp:attachment":[{"href":"https:\/\/dev.93-93-113-41.plesk.page\/ca\/wp-json\/wp\/v2\/media?parent=7768"}],"curies":[{"name":"wp","href":"https:\/\/api.w.org\/{rel}","templated":true}]}}