{"id":7766,"date":"2015-02-18T18:53:32","date_gmt":"2015-02-18T17:53:32","guid":{"rendered":"https:\/\/dev.93-93-113-41.plesk.page\/?page_id=7766"},"modified":"2024-03-11T14:26:32","modified_gmt":"2024-03-11T13:26:32","slug":"servei-de-psicologia-clinica-i-de-la-salut","status":"publish","type":"page","link":"https:\/\/dev.93-93-113-41.plesk.page\/ca\/serveis\/servei-de-psicologia-clinica-i-de-la-salut\/","title":{"rendered":"Psicologia Cl\u00ednica i de la Salut"},"content":{"rendered":"<p>A Cl\u00ednica ServiDigest apostem pel car\u00e0cter multidisciplinari de la salut que estableix l&#8217;Organitzaci\u00f3 Mundial de la Salut (OMS), posant a disposici\u00f3 dels nostres pacients el Servei de Psicologia Cl\u00ednica i de la Salut.<\/p>\n<p>L&#8217; OMS defineix la salut com &#8220;un estat de complet benestar f\u00edsic, mental i social, i no nom\u00e9s l&#8217;abs\u00e8ncia de malalties&#8221;.<\/p>\n<p>El nostre gran objectiu \u00e9s promoure un estil de vida saludable en els tres grans \u00e0mbits de la psicologia: Emocional, Conductual i Cognitiu.<\/p>\n<p>Per a aix\u00f2 comptem amb professionals amb \u00e0mplia formaci\u00f3 i experi\u00e8ncia, que treballen de forma conjunta amb la resta d&#8217;especialistes m\u00e8dics i professionals sanitaris de\u00a0Cl\u00ednica\u00a0ServiDigest.<\/p>\n<p>Per assolir aquest objectiu, el nostre Servei de Psicologia Cl\u00ednica i de la Salut avalua, assessora i \/ o interv\u00e9 en les variables psicol\u00f2giques que estan relacionades amb l&#8217;aparici\u00f3 i el manteniment de les diferents malalties digestives, endocrines, metab\u00f2liques, nutricionals i especialment amb el Sobrep\u00e8s i l&#8217;Obesitat, i que a la vegada poden interferir en el compliment del tractament m\u00e8dic i la seva posterior \u00e8xit.<\/p>\n<p>Quines s\u00f3n aquestes variables psicol\u00f2giques m\u00e9s habituals i que poden constituir factors de risc?<\/p>\n<ul>\n<li>Alteracions de l&#8217;estat d&#8217;\u00e0nim<\/li>\n<li>Nivells d&#8217;ansietat desadaptatius<\/li>\n<li>Pres\u00e8ncia de duels complicats<\/li>\n<li>Conflictes interpersonals<\/li>\n<li>Estils de comunicaci\u00f3 passius i \/ o agressius<\/li>\n<li>Predomini de l&#8217;afecte negatiu<\/li>\n<li>Abandonament personal<\/li>\n<\/ul>\n<p>Algunes, en funci\u00f3 de la seva gravetat, poden constituir un trastorn en si mateix, com \u00e9s el cas d&#8217;una alteraci\u00f3 de l&#8217;estat d&#8217;\u00e0nim, que pot derivar en depressi\u00f3, o un duel complicat motivat per una p\u00e8rdua que sentim com irreparable.<\/p>\n<p>En qu\u00e8 consisteix l&#8217;assessorament i \/ o intervenci\u00f3 psicol\u00f2gica?<\/p>\n<p>Sempre des d&#8217;un tracte hum\u00e0 i prioritzant establir un bon vincle terap\u00e8utic amb el pacient, la intervenci\u00f3 se centra principalment en aquelles variables psicol\u00f2giques que poden dificultar la millora de la seva patologia f\u00edsica.<\/p>\n<p>Seguint el model cognitiu-conductual, el servei de Psicologia interv\u00e9 sobre aspectes com:<\/p>\n<ul>\n<li>Psicoeducaci\u00f3 respecte a la malaltia<\/li>\n<li>Fomentar l&#8217;adher\u00e8ncia al tractament m\u00e8dic<\/li>\n<li>Estils d&#8217;afrontament<\/li>\n<li>Gesti\u00f3 de les emocions<\/li>\n<li>Reestructuraci\u00f3 de pensaments desadaptatius<\/li>\n<li>Estrat\u00e8gies conductuals per al seguiment del tractament m\u00e8dic<\/li>\n<li>Millores de les Habilitats Socials<\/li>\n<li>Estils de comunicaci\u00f3<\/li>\n<\/ul>\n<p>A Cl\u00ednica ServiDigest creiem que \u00e9s important que el pacient es responsabilitzi del seu tractament, o el que \u00e9s el mateix, de la seva salut.<\/p>\n<p>Per aix\u00f2 el nostre servei de Psicologia Cl\u00ednica i de la Salut personalitza els tractaments amb l&#8217;objectiu que siguin efica\u00e7os a llarg termini.<br \/>\nSempre de forma multidisciplin\u00e0ria i complement\u00e0ria al tractament que estan seguint amb la resta d&#8217;especialistes m\u00e8dics i professionals sanitaris.<\/p>\n<div class=\"mh-row\">\n<div class=\"mh-col-1-2 especialidades-block\"><a href=\"https:\/\/dev.93-93-113-41.plesk.page\/ca\/serveis\/servei-de-psicologia-clinica-i-de-la-salut\/tractament-psicologic-del-sobrepes-i-obesitat\/\">Avaluacions i Ter\u00e0pies conductuals en tractaments de Sobrep\u00e8s i Obesitat<\/a><\/div>\n<\/div>\n","protected":false},"excerpt":{"rendered":"<div class=\"mh-excerpt\"><p>A Cl\u00ednica ServiDigest apostem pel car\u00e0cter multidisciplinari de la salut que estableix l&#8217;Organitzaci\u00f3 Mundial de la Salut (OMS), posant a disposici\u00f3 dels nostres pacients el Servei de Psicologia Cl\u00ednica i de la Salut. L&#8217; OMS <a class=\"mh-excerpt-more\" href=\"https:\/\/dev.93-93-113-41.plesk.page\/ca\/serveis\/servei-de-psicologia-clinica-i-de-la-salut\/\" title=\"Psicologia Cl\u00ednica i de la Salut\">[&#8230;]<\/a><\/p>\n<\/div>","protected":false},"author":1,"featured_media":0,"parent":36232,"menu_order":18,"comment_status":"closed","ping_status":"closed","template":"","meta":{"footnotes":""},"class_list":["post-7766","page","type-page","status-publish"],"yoast_head":"<!-- This site is optimized with the Yoast SEO plugin v22.6 - https:\/\/yoast.com\/wordpress\/plugins\/seo\/ -->\n<title>Psicologia Cl\u00ednica i de la Salut - Servidigest<\/title>\n<meta name=\"description\" content=\"A Centre M\u00e8dic ServiDigest apostem pel car\u00e0cter multidisciplinari de la salut que estableix l&#039;Organitzaci\u00f3 Mundial de la Salut (OMS), posant a disposici\u00f3 dels nostres pacients el Servei de Psicologia Cl\u00ednica i de la Salut.\" \/>\n<meta name=\"robots\" content=\"index, follow, max-snippet:-1, max-image-preview:large, max-video-preview:-1\" \/>\n<link rel=\"canonical\" href=\"https:\/\/dev.93-93-113-41.plesk.page\/ca\/serveis\/servei-de-psicologia-clinica-i-de-la-salut\/\" \/>\n<meta property=\"og:locale\" content=\"ca_ES\" \/>\n<meta property=\"og:type\" content=\"article\" \/>\n<meta property=\"og:title\" content=\"Psicologia Cl\u00ednica i de la Salut - Servidigest\" \/>\n<meta property=\"og:description\" content=\"A Centre M\u00e8dic ServiDigest apostem pel car\u00e0cter multidisciplinari de la salut que estableix l&#039;Organitzaci\u00f3 Mundial de la Salut (OMS), posant a disposici\u00f3 dels nostres pacients el Servei de Psicologia Cl\u00ednica i de la Salut.\" \/>\n<meta property=\"og:url\" content=\"https:\/\/dev.93-93-113-41.plesk.page\/ca\/serveis\/servei-de-psicologia-clinica-i-de-la-salut\/\" \/>\n<meta property=\"og:site_name\" content=\"Servidigest\" \/>\n<meta property=\"article:publisher\" content=\"https:\/\/www.facebook.com\/servidigest\" \/>\n<meta property=\"article:modified_time\" content=\"2024-03-11T13:26:32+00:00\" \/>\n<meta name=\"twitter:card\" content=\"summary_large_image\" \/>\n<meta name=\"twitter:site\" content=\"@servidigest\" \/>\n<meta name=\"twitter:label1\" content=\"Est. reading time\" \/>\n\t<meta name=\"twitter:data1\" content=\"2 minutes\" \/>\n<script type=\"application\/ld+json\" class=\"yoast-schema-graph\">{\"@context\":\"https:\/\/schema.org\",\"@graph\":[{\"@type\":\"WebPage\",\"@id\":\"https:\/\/dev.93-93-113-41.plesk.page\/ca\/serveis\/servei-de-psicologia-clinica-i-de-la-salut\/\",\"url\":\"https:\/\/dev.93-93-113-41.plesk.page\/ca\/serveis\/servei-de-psicologia-clinica-i-de-la-salut\/\",\"name\":\"Psicologia Cl\u00ednica i de la Salut - Servidigest\",\"isPartOf\":{\"@id\":\"https:\/\/dev.93-93-113-41.plesk.page\/ca\/#website\"},\"datePublished\":\"2015-02-18T17:53:32+00:00\",\"dateModified\":\"2024-03-11T13:26:32+00:00\",\"description\":\"A Centre M\u00e8dic ServiDigest apostem pel car\u00e0cter multidisciplinari de la salut que estableix l'Organitzaci\u00f3 Mundial de la Salut (OMS), posant a disposici\u00f3 dels nostres pacients el Servei de Psicologia Cl\u00ednica i de la Salut.\",\"breadcrumb\":{\"@id\":\"https:\/\/dev.93-93-113-41.plesk.page\/ca\/serveis\/servei-de-psicologia-clinica-i-de-la-salut\/#breadcrumb\"},\"inLanguage\":\"ca\",\"potentialAction\":[{\"@type\":\"ReadAction\",\"target\":[\"https:\/\/dev.93-93-113-41.plesk.page\/ca\/serveis\/servei-de-psicologia-clinica-i-de-la-salut\/\"]}]},{\"@type\":\"BreadcrumbList\",\"@id\":\"https:\/\/dev.93-93-113-41.plesk.page\/ca\/serveis\/servei-de-psicologia-clinica-i-de-la-salut\/#breadcrumb\",\"itemListElement\":[{\"@type\":\"ListItem\",\"position\":1,\"name\":\"Serveis M\u00e8dics de Cl\u00ednica ServiDigest\",\"item\":\"https:\/\/dev.93-93-113-41.plesk.page\/ca\/servicios\/\"},{\"@type\":\"ListItem\",\"position\":2,\"name\":\"Psicologia Cl\u00ednica i de la Salut\"}]},{\"@type\":\"WebSite\",\"@id\":\"https:\/\/dev.93-93-113-41.plesk.page\/ca\/#website\",\"url\":\"https:\/\/dev.93-93-113-41.plesk.page\/ca\/\",\"name\":\"Servidigest\",\"description\":\"\",\"publisher\":{\"@id\":\"https:\/\/dev.93-93-113-41.plesk.page\/ca\/#organization\"},\"potentialAction\":[{\"@type\":\"SearchAction\",\"target\":{\"@type\":\"EntryPoint\",\"urlTemplate\":\"https:\/\/dev.93-93-113-41.plesk.page\/ca\/?s={search_term_string}\"},\"query-input\":\"required name=search_term_string\"}],\"inLanguage\":\"ca\"},{\"@type\":\"Organization\",\"@id\":\"https:\/\/dev.93-93-113-41.plesk.page\/ca\/#organization\",\"name\":\"Servidigest\",\"url\":\"https:\/\/dev.93-93-113-41.plesk.page\/ca\/\",\"logo\":{\"@type\":\"ImageObject\",\"inLanguage\":\"ca\",\"@id\":\"https:\/\/dev.93-93-113-41.plesk.page\/ca\/#\/schema\/logo\/image\/\",\"url\":\"https:\/\/dev.93-93-113-41.plesk.page\/wp-content\/uploads\/2024\/01\/servidigest.png\",\"contentUrl\":\"https:\/\/dev.93-93-113-41.plesk.page\/wp-content\/uploads\/2024\/01\/servidigest.png\",\"width\":808,\"height\":88,\"caption\":\"Servidigest\"},\"image\":{\"@id\":\"https:\/\/dev.93-93-113-41.plesk.page\/ca\/#\/schema\/logo\/image\/\"},\"sameAs\":[\"https:\/\/www.facebook.com\/servidigest\",\"https:\/\/x.com\/servidigest\"]}]}<\/script>\n<!-- \/ Yoast SEO plugin. -->","yoast_head_json":{"title":"Psicologia Cl\u00ednica i de la Salut - Servidigest","description":"A Centre M\u00e8dic ServiDigest apostem pel car\u00e0cter multidisciplinari de la salut que estableix l'Organitzaci\u00f3 Mundial de la Salut (OMS), posant a disposici\u00f3 dels nostres pacients el Servei de Psicologia Cl\u00ednica i de la Salut.","robots":{"index":"index","follow":"follow","max-snippet":"max-snippet:-1","max-image-preview":"max-image-preview:large","max-video-preview":"max-video-preview:-1"},"canonical":"https:\/\/dev.93-93-113-41.plesk.page\/ca\/serveis\/servei-de-psicologia-clinica-i-de-la-salut\/","og_locale":"ca_ES","og_type":"article","og_title":"Psicologia Cl\u00ednica i de la Salut - Servidigest","og_description":"A Centre M\u00e8dic ServiDigest apostem pel car\u00e0cter multidisciplinari de la salut que estableix l'Organitzaci\u00f3 Mundial de la Salut (OMS), posant a disposici\u00f3 dels nostres pacients el Servei de Psicologia Cl\u00ednica i de la Salut.","og_url":"https:\/\/dev.93-93-113-41.plesk.page\/ca\/serveis\/servei-de-psicologia-clinica-i-de-la-salut\/","og_site_name":"Servidigest","article_publisher":"https:\/\/www.facebook.com\/servidigest","article_modified_time":"2024-03-11T13:26:32+00:00","twitter_card":"summary_large_image","twitter_site":"@servidigest","twitter_misc":{"Est. reading time":"2 minutes"},"schema":{"@context":"https:\/\/schema.org","@graph":[{"@type":"WebPage","@id":"https:\/\/dev.93-93-113-41.plesk.page\/ca\/serveis\/servei-de-psicologia-clinica-i-de-la-salut\/","url":"https:\/\/dev.93-93-113-41.plesk.page\/ca\/serveis\/servei-de-psicologia-clinica-i-de-la-salut\/","name":"Psicologia Cl\u00ednica i de la Salut - Servidigest","isPartOf":{"@id":"https:\/\/dev.93-93-113-41.plesk.page\/ca\/#website"},"datePublished":"2015-02-18T17:53:32+00:00","dateModified":"2024-03-11T13:26:32+00:00","description":"A Centre M\u00e8dic ServiDigest apostem pel car\u00e0cter multidisciplinari de la salut que estableix l'Organitzaci\u00f3 Mundial de la Salut (OMS), posant a disposici\u00f3 dels nostres pacients el Servei de Psicologia Cl\u00ednica i de la Salut.","breadcrumb":{"@id":"https:\/\/dev.93-93-113-41.plesk.page\/ca\/serveis\/servei-de-psicologia-clinica-i-de-la-salut\/#breadcrumb"},"inLanguage":"ca","potentialAction":[{"@type":"ReadAction","target":["https:\/\/dev.93-93-113-41.plesk.page\/ca\/serveis\/servei-de-psicologia-clinica-i-de-la-salut\/"]}]},{"@type":"BreadcrumbList","@id":"https:\/\/dev.93-93-113-41.plesk.page\/ca\/serveis\/servei-de-psicologia-clinica-i-de-la-salut\/#breadcrumb","itemListElement":[{"@type":"ListItem","position":1,"name":"Serveis M\u00e8dics de Cl\u00ednica ServiDigest","item":"https:\/\/dev.93-93-113-41.plesk.page\/ca\/servicios\/"},{"@type":"ListItem","position":2,"name":"Psicologia Cl\u00ednica i de la Salut"}]},{"@type":"WebSite","@id":"https:\/\/dev.93-93-113-41.plesk.page\/ca\/#website","url":"https:\/\/dev.93-93-113-41.plesk.page\/ca\/","name":"Servidigest","description":"","publisher":{"@id":"https:\/\/dev.93-93-113-41.plesk.page\/ca\/#organization"},"potentialAction":[{"@type":"SearchAction","target":{"@type":"EntryPoint","urlTemplate":"https:\/\/dev.93-93-113-41.plesk.page\/ca\/?s={search_term_string}"},"query-input":"required name=search_term_string"}],"inLanguage":"ca"},{"@type":"Organization","@id":"https:\/\/dev.93-93-113-41.plesk.page\/ca\/#organization","name":"Servidigest","url":"https:\/\/dev.93-93-113-41.plesk.page\/ca\/","logo":{"@type":"ImageObject","inLanguage":"ca","@id":"https:\/\/dev.93-93-113-41.plesk.page\/ca\/#\/schema\/logo\/image\/","url":"https:\/\/dev.93-93-113-41.plesk.page\/wp-content\/uploads\/2024\/01\/servidigest.png","contentUrl":"https:\/\/dev.93-93-113-41.plesk.page\/wp-content\/uploads\/2024\/01\/servidigest.png","width":808,"height":88,"caption":"Servidigest"},"image":{"@id":"https:\/\/dev.93-93-113-41.plesk.page\/ca\/#\/schema\/logo\/image\/"},"sameAs":["https:\/\/www.facebook.com\/servidigest","https:\/\/x.com\/servidigest"]}]}},"_links":{"self":[{"href":"https:\/\/dev.93-93-113-41.plesk.page\/ca\/wp-json\/wp\/v2\/pages\/7766","targetHints":{"allow":["GET"]}}],"collection":[{"href":"https:\/\/dev.93-93-113-41.plesk.page\/ca\/wp-json\/wp\/v2\/pages"}],"about":[{"href":"https:\/\/dev.93-93-113-41.plesk.page\/ca\/wp-json\/wp\/v2\/types\/page"}],"author":[{"embeddable":true,"href":"https:\/\/dev.93-93-113-41.plesk.page\/ca\/wp-json\/wp\/v2\/users\/1"}],"replies":[{"embeddable":true,"href":"https:\/\/dev.93-93-113-41.plesk.page\/ca\/wp-json\/wp\/v2\/comments?post=7766"}],"version-history":[{"count":4,"href":"https:\/\/dev.93-93-113-41.plesk.page\/ca\/wp-json\/wp\/v2\/pages\/7766\/revisions"}],"predecessor-version":[{"id":36469,"href":"https:\/\/dev.93-93-113-41.plesk.page\/ca\/wp-json\/wp\/v2\/pages\/7766\/revisions\/36469"}],"up":[{"embeddable":true,"href":"https:\/\/dev.93-93-113-41.plesk.page\/ca\/wp-json\/wp\/v2\/pages\/36232"}],"wp:attachment":[{"href":"https:\/\/dev.93-93-113-41.plesk.page\/ca\/wp-json\/wp\/v2\/media?parent=7766"}],"curies":[{"name":"wp","href":"https:\/\/api.w.org\/{rel}","templated":true}]}}