{"id":7741,"date":"2015-02-17T20:02:22","date_gmt":"2015-02-17T19:02:22","guid":{"rendered":"https:\/\/dev.93-93-113-41.plesk.page\/?page_id=7741"},"modified":"2024-02-26T17:11:19","modified_gmt":"2024-02-26T16:11:19","slug":"manometria-anorectal","status":"publish","type":"page","link":"https:\/\/dev.93-93-113-41.plesk.page\/ca\/serveis\/proves-funcionals-digestives\/manometria-anorectal\/","title":{"rendered":"Manometria anorectal convencional"},"content":{"rendered":"<p>La Manometria anorectal \u00e9s un procediment diagn\u00f2stic segur i \u00fatil per a l&#8217;estudi la funci\u00f3 anorectal (pressions de esf\u00ednter anal, sensibilitat del recte, distensibilitat, reflexos neuronals, relaxaci\u00f3 dels esf\u00ednters durant maniobres expulsives).<\/p>\n<p>S&#8217;indica habitualment en pacients amb restrenyiment, amb incontin\u00e8ncia, i com a estudi previ a la intervenci\u00f3 quir\u00fargica d&#8217;hemorroides o fissures.<\/p>\n<p>La preparaci\u00f3 necess\u00e0ria per realitzar el procediment consisteix a col\u00b7locar un \u00e8nema evacuatori 2 hores abans de la prova.<\/p>\n<p>L&#8217;examen dura aproximadament 20 minuts, temps durant el qual el pacient es recolza sobre el seu costat esquerre, mentre el metge introdueix primes sondes a trav\u00e9s de l&#8217;anus, que es troben connectades a una m\u00e0quina que registra les diferents pressions.<\/p>\n<p>Se li sol\u00b7licitar\u00e0 al pacient que col\u00b7labori en alguns moments de la prova (prement o tancant esf\u00ednters, fent esfor\u00e7 evacuatori i tossint).<\/p>\n<p>En cas de detectar alteraci\u00f3 en la for\u00e7a o relaxaci\u00f3 dels esf\u00ednters dels pacients poden beneficiar d&#8217;exercicis especials de reeducaci\u00f3 (biofeedback).<\/p>\n<p>Tant la Manometria anorectal com el biofeedback s\u00f3n t\u00e8cniques no doloroses que no tenen riscos rellevants.<\/p>\n<p>Cl\u00ednica ServiDigest disposa d&#8217;un servei de Motilitat i Proves funcionals digestives que permet completar l&#8217;estudi i el tractament de malalties i alteracions funcionals digestives.<\/p>\n<div class=\"woocommerce \"><ul class=\"products columns-4\">\n<li class=\"product type-product post-38359 status-publish first instock product_cat-proves-mediques has-post-thumbnail virtual purchasable product-type-simple\">\n\t<a href=\"https:\/\/dev.93-93-113-41.plesk.page\/ca\/producte\/manometria-anus-rectal\/\" class=\"woocommerce-LoopProduct-link woocommerce-loop-product__link\"><img fetchpriority=\"high\" decoding=\"async\" width=\"300\" height=\"300\" src=\"https:\/\/dev.93-93-113-41.plesk.page\/wp-content\/uploads\/2016\/02\/comprar-manometria-ano-rectal-1-300x300.jpg\" class=\"attachment-woocommerce_thumbnail size-woocommerce_thumbnail\" alt=\"Comprar manometria anus-rectal a Barcelona\" srcset=\"https:\/\/dev.93-93-113-41.plesk.page\/wp-content\/uploads\/2016\/02\/comprar-manometria-ano-rectal-1-300x300.jpg 300w, https:\/\/dev.93-93-113-41.plesk.page\/wp-content\/uploads\/2016\/02\/comprar-manometria-ano-rectal-1-100x100.jpg 100w, https:\/\/dev.93-93-113-41.plesk.page\/wp-content\/uploads\/2016\/02\/comprar-manometria-ano-rectal-1-150x150.jpg 150w\" sizes=\"(max-width: 300px) 100vw, 300px\" \/><h2 class=\"woocommerce-loop-product__title\">Manometria anus-rectal<\/h2>\n\t<span class=\"price\"><span class=\"woocommerce-Price-amount amount\"><bdi>590,00&nbsp;<span class=\"woocommerce-Price-currencySymbol\">&euro;<\/span><\/bdi><\/span><\/span>\n<\/a><a href=\"?add-to-cart=38359\" data-quantity=\"1\" class=\"button product_type_simple add_to_cart_button ajax_add_to_cart\" data-product_id=\"38359\" data-product_sku=\"ANO-RECTAL\" aria-label=\"Add to cart: &ldquo;Manometria anus-rectal&rdquo;\" aria-describedby=\"\" rel=\"nofollow\">Afegeix a la cistella<\/a><\/li>\n<\/ul>\n<\/div>\n","protected":false},"excerpt":{"rendered":"<div class=\"mh-excerpt\"><p>La Manometria anorectal \u00e9s un procediment diagn\u00f2stic segur i \u00fatil per a l&#8217;estudi la funci\u00f3 anorectal (pressions de esf\u00ednter anal, sensibilitat del recte, distensibilitat, reflexos neuronals, relaxaci\u00f3 dels esf\u00ednters durant maniobres expulsives). S&#8217;indica habitualment en <a class=\"mh-excerpt-more\" href=\"https:\/\/dev.93-93-113-41.plesk.page\/ca\/serveis\/proves-funcionals-digestives\/manometria-anorectal\/\" title=\"Manometria anorectal convencional\">[&#8230;]<\/a><\/p>\n<\/div>","protected":false},"author":1,"featured_media":0,"parent":131,"menu_order":2,"comment_status":"closed","ping_status":"closed","template":"","meta":{"footnotes":""},"class_list":["post-7741","page","type-page","status-publish"],"yoast_head":"<!-- This site is optimized with the Yoast SEO plugin v22.6 - https:\/\/yoast.com\/wordpress\/plugins\/seo\/ -->\n<title>Manometria anorectal convencional - Servidigest<\/title>\n<meta name=\"robots\" content=\"index, follow, max-snippet:-1, max-image-preview:large, max-video-preview:-1\" \/>\n<link rel=\"canonical\" href=\"https:\/\/dev.93-93-113-41.plesk.page\/ca\/serveis\/proves-funcionals-digestives\/manometria-anorectal\/\" \/>\n<meta property=\"og:locale\" content=\"ca_ES\" \/>\n<meta property=\"og:type\" content=\"article\" \/>\n<meta property=\"og:title\" content=\"Manometria anorectal convencional - Servidigest\" \/>\n<meta property=\"og:description\" content=\"La Manometria anorectal \u00e9s un procediment diagn\u00f2stic segur i \u00fatil per a l&#8217;estudi la funci\u00f3 anorectal (pressions de esf\u00ednter anal, sensibilitat del recte, distensibilitat, reflexos neuronals, relaxaci\u00f3 dels esf\u00ednters durant maniobres expulsives). S&#8217;indica habitualment en [...]\" \/>\n<meta property=\"og:url\" content=\"https:\/\/dev.93-93-113-41.plesk.page\/ca\/serveis\/proves-funcionals-digestives\/manometria-anorectal\/\" \/>\n<meta property=\"og:site_name\" content=\"Servidigest\" \/>\n<meta property=\"article:publisher\" content=\"https:\/\/www.facebook.com\/servidigest\" \/>\n<meta property=\"article:modified_time\" content=\"2024-02-26T16:11:19+00:00\" \/>\n<meta name=\"twitter:card\" content=\"summary_large_image\" \/>\n<meta name=\"twitter:site\" content=\"@servidigest\" \/>\n<meta name=\"twitter:label1\" content=\"Est. reading time\" \/>\n\t<meta name=\"twitter:data1\" content=\"1 minute\" \/>\n<script type=\"application\/ld+json\" class=\"yoast-schema-graph\">{\"@context\":\"https:\/\/schema.org\",\"@graph\":[{\"@type\":\"WebPage\",\"@id\":\"https:\/\/dev.93-93-113-41.plesk.page\/ca\/serveis\/proves-funcionals-digestives\/manometria-anorectal\/\",\"url\":\"https:\/\/dev.93-93-113-41.plesk.page\/ca\/serveis\/proves-funcionals-digestives\/manometria-anorectal\/\",\"name\":\"Manometria anorectal convencional - Servidigest\",\"isPartOf\":{\"@id\":\"https:\/\/dev.93-93-113-41.plesk.page\/ca\/#website\"},\"datePublished\":\"2015-02-17T19:02:22+00:00\",\"dateModified\":\"2024-02-26T16:11:19+00:00\",\"breadcrumb\":{\"@id\":\"https:\/\/dev.93-93-113-41.plesk.page\/ca\/serveis\/proves-funcionals-digestives\/manometria-anorectal\/#breadcrumb\"},\"inLanguage\":\"ca\",\"potentialAction\":[{\"@type\":\"ReadAction\",\"target\":[\"https:\/\/dev.93-93-113-41.plesk.page\/ca\/serveis\/proves-funcionals-digestives\/manometria-anorectal\/\"]}]},{\"@type\":\"BreadcrumbList\",\"@id\":\"https:\/\/dev.93-93-113-41.plesk.page\/ca\/serveis\/proves-funcionals-digestives\/manometria-anorectal\/#breadcrumb\",\"itemListElement\":[{\"@type\":\"ListItem\",\"position\":1,\"name\":\"Serveis M\u00e8dics de Cl\u00ednica ServiDigest\",\"item\":\"https:\/\/dev.93-93-113-41.plesk.page\/ca\/servicios\/\"},{\"@type\":\"ListItem\",\"position\":2,\"name\":\"Proves funcionals digestives\",\"item\":\"https:\/\/dev.93-93-113-41.plesk.page\/ca\/serveis\/proves-funcionals-digestives\/\"},{\"@type\":\"ListItem\",\"position\":3,\"name\":\"Manometria anorectal convencional\"}]},{\"@type\":\"WebSite\",\"@id\":\"https:\/\/dev.93-93-113-41.plesk.page\/ca\/#website\",\"url\":\"https:\/\/dev.93-93-113-41.plesk.page\/ca\/\",\"name\":\"Servidigest\",\"description\":\"\",\"publisher\":{\"@id\":\"https:\/\/dev.93-93-113-41.plesk.page\/ca\/#organization\"},\"potentialAction\":[{\"@type\":\"SearchAction\",\"target\":{\"@type\":\"EntryPoint\",\"urlTemplate\":\"https:\/\/dev.93-93-113-41.plesk.page\/ca\/?s={search_term_string}\"},\"query-input\":\"required name=search_term_string\"}],\"inLanguage\":\"ca\"},{\"@type\":\"Organization\",\"@id\":\"https:\/\/dev.93-93-113-41.plesk.page\/ca\/#organization\",\"name\":\"Servidigest\",\"url\":\"https:\/\/dev.93-93-113-41.plesk.page\/ca\/\",\"logo\":{\"@type\":\"ImageObject\",\"inLanguage\":\"ca\",\"@id\":\"https:\/\/dev.93-93-113-41.plesk.page\/ca\/#\/schema\/logo\/image\/\",\"url\":\"https:\/\/dev.93-93-113-41.plesk.page\/wp-content\/uploads\/2024\/01\/servidigest.png\",\"contentUrl\":\"https:\/\/dev.93-93-113-41.plesk.page\/wp-content\/uploads\/2024\/01\/servidigest.png\",\"width\":808,\"height\":88,\"caption\":\"Servidigest\"},\"image\":{\"@id\":\"https:\/\/dev.93-93-113-41.plesk.page\/ca\/#\/schema\/logo\/image\/\"},\"sameAs\":[\"https:\/\/www.facebook.com\/servidigest\",\"https:\/\/x.com\/servidigest\"]}]}<\/script>\n<!-- \/ Yoast SEO plugin. -->","yoast_head_json":{"title":"Manometria anorectal convencional - Servidigest","robots":{"index":"index","follow":"follow","max-snippet":"max-snippet:-1","max-image-preview":"max-image-preview:large","max-video-preview":"max-video-preview:-1"},"canonical":"https:\/\/dev.93-93-113-41.plesk.page\/ca\/serveis\/proves-funcionals-digestives\/manometria-anorectal\/","og_locale":"ca_ES","og_type":"article","og_title":"Manometria anorectal convencional - Servidigest","og_description":"La Manometria anorectal \u00e9s un procediment diagn\u00f2stic segur i \u00fatil per a l&#8217;estudi la funci\u00f3 anorectal (pressions de esf\u00ednter anal, sensibilitat del recte, distensibilitat, reflexos neuronals, relaxaci\u00f3 dels esf\u00ednters durant maniobres expulsives). S&#8217;indica habitualment en [...]","og_url":"https:\/\/dev.93-93-113-41.plesk.page\/ca\/serveis\/proves-funcionals-digestives\/manometria-anorectal\/","og_site_name":"Servidigest","article_publisher":"https:\/\/www.facebook.com\/servidigest","article_modified_time":"2024-02-26T16:11:19+00:00","twitter_card":"summary_large_image","twitter_site":"@servidigest","twitter_misc":{"Est. reading time":"1 minute"},"schema":{"@context":"https:\/\/schema.org","@graph":[{"@type":"WebPage","@id":"https:\/\/dev.93-93-113-41.plesk.page\/ca\/serveis\/proves-funcionals-digestives\/manometria-anorectal\/","url":"https:\/\/dev.93-93-113-41.plesk.page\/ca\/serveis\/proves-funcionals-digestives\/manometria-anorectal\/","name":"Manometria anorectal convencional - Servidigest","isPartOf":{"@id":"https:\/\/dev.93-93-113-41.plesk.page\/ca\/#website"},"datePublished":"2015-02-17T19:02:22+00:00","dateModified":"2024-02-26T16:11:19+00:00","breadcrumb":{"@id":"https:\/\/dev.93-93-113-41.plesk.page\/ca\/serveis\/proves-funcionals-digestives\/manometria-anorectal\/#breadcrumb"},"inLanguage":"ca","potentialAction":[{"@type":"ReadAction","target":["https:\/\/dev.93-93-113-41.plesk.page\/ca\/serveis\/proves-funcionals-digestives\/manometria-anorectal\/"]}]},{"@type":"BreadcrumbList","@id":"https:\/\/dev.93-93-113-41.plesk.page\/ca\/serveis\/proves-funcionals-digestives\/manometria-anorectal\/#breadcrumb","itemListElement":[{"@type":"ListItem","position":1,"name":"Serveis M\u00e8dics de Cl\u00ednica ServiDigest","item":"https:\/\/dev.93-93-113-41.plesk.page\/ca\/servicios\/"},{"@type":"ListItem","position":2,"name":"Proves funcionals digestives","item":"https:\/\/dev.93-93-113-41.plesk.page\/ca\/serveis\/proves-funcionals-digestives\/"},{"@type":"ListItem","position":3,"name":"Manometria anorectal convencional"}]},{"@type":"WebSite","@id":"https:\/\/dev.93-93-113-41.plesk.page\/ca\/#website","url":"https:\/\/dev.93-93-113-41.plesk.page\/ca\/","name":"Servidigest","description":"","publisher":{"@id":"https:\/\/dev.93-93-113-41.plesk.page\/ca\/#organization"},"potentialAction":[{"@type":"SearchAction","target":{"@type":"EntryPoint","urlTemplate":"https:\/\/dev.93-93-113-41.plesk.page\/ca\/?s={search_term_string}"},"query-input":"required name=search_term_string"}],"inLanguage":"ca"},{"@type":"Organization","@id":"https:\/\/dev.93-93-113-41.plesk.page\/ca\/#organization","name":"Servidigest","url":"https:\/\/dev.93-93-113-41.plesk.page\/ca\/","logo":{"@type":"ImageObject","inLanguage":"ca","@id":"https:\/\/dev.93-93-113-41.plesk.page\/ca\/#\/schema\/logo\/image\/","url":"https:\/\/dev.93-93-113-41.plesk.page\/wp-content\/uploads\/2024\/01\/servidigest.png","contentUrl":"https:\/\/dev.93-93-113-41.plesk.page\/wp-content\/uploads\/2024\/01\/servidigest.png","width":808,"height":88,"caption":"Servidigest"},"image":{"@id":"https:\/\/dev.93-93-113-41.plesk.page\/ca\/#\/schema\/logo\/image\/"},"sameAs":["https:\/\/www.facebook.com\/servidigest","https:\/\/x.com\/servidigest"]}]}},"_links":{"self":[{"href":"https:\/\/dev.93-93-113-41.plesk.page\/ca\/wp-json\/wp\/v2\/pages\/7741","targetHints":{"allow":["GET"]}}],"collection":[{"href":"https:\/\/dev.93-93-113-41.plesk.page\/ca\/wp-json\/wp\/v2\/pages"}],"about":[{"href":"https:\/\/dev.93-93-113-41.plesk.page\/ca\/wp-json\/wp\/v2\/types\/page"}],"author":[{"embeddable":true,"href":"https:\/\/dev.93-93-113-41.plesk.page\/ca\/wp-json\/wp\/v2\/users\/1"}],"replies":[{"embeddable":true,"href":"https:\/\/dev.93-93-113-41.plesk.page\/ca\/wp-json\/wp\/v2\/comments?post=7741"}],"version-history":[{"count":1,"href":"https:\/\/dev.93-93-113-41.plesk.page\/ca\/wp-json\/wp\/v2\/pages\/7741\/revisions"}],"predecessor-version":[{"id":34857,"href":"https:\/\/dev.93-93-113-41.plesk.page\/ca\/wp-json\/wp\/v2\/pages\/7741\/revisions\/34857"}],"up":[{"embeddable":true,"href":"https:\/\/dev.93-93-113-41.plesk.page\/ca\/wp-json\/wp\/v2\/pages\/131"}],"wp:attachment":[{"href":"https:\/\/dev.93-93-113-41.plesk.page\/ca\/wp-json\/wp\/v2\/media?parent=7741"}],"curies":[{"name":"wp","href":"https:\/\/api.w.org\/{rel}","templated":true}]}}