{"id":7732,"date":"2015-02-17T19:53:29","date_gmt":"2015-02-17T19:53:29","guid":{"rendered":"https:\/\/dev.93-93-113-41.plesk.page\/?page_id=7732"},"modified":"2024-02-26T17:11:17","modified_gmt":"2024-02-26T16:11:17","slug":"manometria-esofagica","status":"publish","type":"page","link":"https:\/\/dev.93-93-113-41.plesk.page\/ca\/serveis\/proves-funcionals-digestives\/manometria-esofagica\/","title":{"rendered":"Manometria esof\u00e0gica convencional"},"content":{"rendered":"<p>La Manometria esof\u00e0gica \u00e9s l&#8217;estudi per avaluar la motilitat de l&#8217;es\u00f2fag i els seus esf\u00ednters.<\/p>\n<p>S&#8217;indica generalment com a part de l&#8217;estudi de la patologia digestiva esof\u00e0gica davant s\u00edmptomes de disf\u00e0gia funcional, o reflux gastro-esof\u00e0gic (al costat de la pH-metria) entre d&#8217;altres exploracions.<\/p>\n<p>\u00c9s aconsellable realitzar una vegada que s&#8217;han descartat lesions org\u00e0niques de l&#8217;es\u00f2fag mitjan\u00e7ant gastrosc\u00f2pia o esofagograma.<\/p>\n<p>La prova consisteix en la col\u00b7locaci\u00f3 d&#8217;una petita sonda flexible per via nasal fins a l&#8217;est\u00f3mac que registra pressions a diferents nivells, i que es troba connectada a un aparell de registre que transmet finalment la informaci\u00f3 a un ordinador.<\/p>\n<p>Durant la prova es retirar\u00e0 suaument la sonda per anar fent diferents mesuraments, sent necessari en algunes ocasions que el pacient empassi volunt\u00e0riament petites quantitats d&#8217;aigua i en altres que deixi d&#8217;empassar.<\/p>\n<p>Per realitzar aquest procediment, \u00e9s imprescindible que el pacient acudeixi en dej\u00fa de 6 hores, evitar els dies previs f\u00e0rmacs que puguin alterar la motilitat (procin\u00e8tics, anti-em\u00e9ticos, espasmol\u00edtics, etc.).<\/p>\n<p>La manometria esof\u00e0gica \u00e9s una exploraci\u00f3 no dolorosa que t\u00e9 una durada mitjana de 20 minuts.<br \/>\nPer aconseguir un bon registre durant l&#8217;exploraci\u00f3 \u00e9s fonamental que el pacient es trobi tranquil seguint les indicacions del metge per facilitar tot el proc\u00e9s.<\/p>\n<p>Cl\u00ednica ServiDigest disposa d&#8217;un servei de Motilitat i Proves funcionals digestives que permet completar l&#8217;estudi i el tractament de malalties i alteracions funcionals digestives.<\/p>\n<div class=\"woocommerce \"><ul class=\"products columns-4\">\n<li class=\"product type-product post-38356 status-publish first instock product_cat-proves-mediques has-post-thumbnail virtual purchasable product-type-simple\">\n\t<a href=\"https:\/\/dev.93-93-113-41.plesk.page\/ca\/producte\/manometria-esofagica\/\" class=\"woocommerce-LoopProduct-link woocommerce-loop-product__link\"><img fetchpriority=\"high\" decoding=\"async\" width=\"300\" height=\"300\" src=\"https:\/\/dev.93-93-113-41.plesk.page\/wp-content\/uploads\/2017\/07\/comprar-manometria-esofagica-300x300.jpg\" class=\"attachment-woocommerce_thumbnail size-woocommerce_thumbnail\" alt=\"Comprar manometria esof\u00e0gica\" srcset=\"https:\/\/dev.93-93-113-41.plesk.page\/wp-content\/uploads\/2017\/07\/comprar-manometria-esofagica-300x300.jpg 300w, https:\/\/dev.93-93-113-41.plesk.page\/wp-content\/uploads\/2017\/07\/comprar-manometria-esofagica-100x100.jpg 100w, https:\/\/dev.93-93-113-41.plesk.page\/wp-content\/uploads\/2017\/07\/comprar-manometria-esofagica-150x150.jpg 150w\" sizes=\"(max-width: 300px) 100vw, 300px\" \/><h2 class=\"woocommerce-loop-product__title\">Manometria esof\u00e0gica<\/h2>\n\t<span class=\"price\"><span class=\"woocommerce-Price-amount amount\"><bdi>590,00&nbsp;<span class=\"woocommerce-Price-currencySymbol\">&euro;<\/span><\/bdi><\/span><\/span>\n<\/a><a href=\"?add-to-cart=38356\" data-quantity=\"1\" class=\"button product_type_simple add_to_cart_button ajax_add_to_cart\" data-product_id=\"38356\" data-product_sku=\"MANOMETRIA-ESOFAGICA\" aria-label=\"Add to cart: &ldquo;Manometria esof\u00e0gica&rdquo;\" aria-describedby=\"\" rel=\"nofollow\">Afegeix a la cistella<\/a><\/li>\n<\/ul>\n<\/div>\n","protected":false},"excerpt":{"rendered":"<div class=\"mh-excerpt\"><p>La Manometria esof\u00e0gica \u00e9s l&#8217;estudi per avaluar la motilitat de l&#8217;es\u00f2fag i els seus esf\u00ednters. S&#8217;indica generalment com a part de l&#8217;estudi de la patologia digestiva esof\u00e0gica davant s\u00edmptomes de disf\u00e0gia funcional, o reflux gastro-esof\u00e0gic <a class=\"mh-excerpt-more\" href=\"https:\/\/dev.93-93-113-41.plesk.page\/ca\/serveis\/proves-funcionals-digestives\/manometria-esofagica\/\" title=\"Manometria esof\u00e0gica convencional\">[&#8230;]<\/a><\/p>\n<\/div>","protected":false},"author":1,"featured_media":0,"parent":131,"menu_order":4,"comment_status":"closed","ping_status":"closed","template":"","meta":{"footnotes":""},"class_list":["post-7732","page","type-page","status-publish"],"yoast_head":"<!-- This site is optimized with the Yoast SEO plugin v22.6 - https:\/\/yoast.com\/wordpress\/plugins\/seo\/ -->\n<title>Manometria esof\u00e0gica convencional - Servidigest<\/title>\n<meta name=\"robots\" content=\"index, follow, max-snippet:-1, max-image-preview:large, max-video-preview:-1\" \/>\n<link rel=\"canonical\" href=\"https:\/\/dev.93-93-113-41.plesk.page\/ca\/serveis\/proves-funcionals-digestives\/manometria-esofagica\/\" \/>\n<meta property=\"og:locale\" content=\"ca_ES\" \/>\n<meta property=\"og:type\" content=\"article\" \/>\n<meta property=\"og:title\" content=\"Manometria esof\u00e0gica convencional - Servidigest\" \/>\n<meta property=\"og:description\" content=\"La Manometria esof\u00e0gica \u00e9s l&#8217;estudi per avaluar la motilitat de l&#8217;es\u00f2fag i els seus esf\u00ednters. S&#8217;indica generalment com a part de l&#8217;estudi de la patologia digestiva esof\u00e0gica davant s\u00edmptomes de disf\u00e0gia funcional, o reflux gastro-esof\u00e0gic [...]\" \/>\n<meta property=\"og:url\" content=\"https:\/\/dev.93-93-113-41.plesk.page\/ca\/serveis\/proves-funcionals-digestives\/manometria-esofagica\/\" \/>\n<meta property=\"og:site_name\" content=\"Servidigest\" \/>\n<meta property=\"article:publisher\" content=\"https:\/\/www.facebook.com\/servidigest\" \/>\n<meta property=\"article:modified_time\" content=\"2024-02-26T16:11:17+00:00\" \/>\n<meta name=\"twitter:card\" content=\"summary_large_image\" \/>\n<meta name=\"twitter:site\" content=\"@servidigest\" \/>\n<meta name=\"twitter:label1\" content=\"Est. reading time\" \/>\n\t<meta name=\"twitter:data1\" content=\"1 minute\" \/>\n<script type=\"application\/ld+json\" class=\"yoast-schema-graph\">{\"@context\":\"https:\/\/schema.org\",\"@graph\":[{\"@type\":\"WebPage\",\"@id\":\"https:\/\/dev.93-93-113-41.plesk.page\/ca\/serveis\/proves-funcionals-digestives\/manometria-esofagica\/\",\"url\":\"https:\/\/dev.93-93-113-41.plesk.page\/ca\/serveis\/proves-funcionals-digestives\/manometria-esofagica\/\",\"name\":\"Manometria esof\u00e0gica convencional - Servidigest\",\"isPartOf\":{\"@id\":\"https:\/\/dev.93-93-113-41.plesk.page\/ca\/#website\"},\"datePublished\":\"2015-02-17T19:53:29+00:00\",\"dateModified\":\"2024-02-26T16:11:17+00:00\",\"breadcrumb\":{\"@id\":\"https:\/\/dev.93-93-113-41.plesk.page\/ca\/serveis\/proves-funcionals-digestives\/manometria-esofagica\/#breadcrumb\"},\"inLanguage\":\"ca\",\"potentialAction\":[{\"@type\":\"ReadAction\",\"target\":[\"https:\/\/dev.93-93-113-41.plesk.page\/ca\/serveis\/proves-funcionals-digestives\/manometria-esofagica\/\"]}]},{\"@type\":\"BreadcrumbList\",\"@id\":\"https:\/\/dev.93-93-113-41.plesk.page\/ca\/serveis\/proves-funcionals-digestives\/manometria-esofagica\/#breadcrumb\",\"itemListElement\":[{\"@type\":\"ListItem\",\"position\":1,\"name\":\"Serveis M\u00e8dics de Cl\u00ednica ServiDigest\",\"item\":\"https:\/\/dev.93-93-113-41.plesk.page\/ca\/servicios\/\"},{\"@type\":\"ListItem\",\"position\":2,\"name\":\"Proves funcionals digestives\",\"item\":\"https:\/\/dev.93-93-113-41.plesk.page\/ca\/serveis\/proves-funcionals-digestives\/\"},{\"@type\":\"ListItem\",\"position\":3,\"name\":\"Manometria esof\u00e0gica convencional\"}]},{\"@type\":\"WebSite\",\"@id\":\"https:\/\/dev.93-93-113-41.plesk.page\/ca\/#website\",\"url\":\"https:\/\/dev.93-93-113-41.plesk.page\/ca\/\",\"name\":\"Servidigest\",\"description\":\"\",\"publisher\":{\"@id\":\"https:\/\/dev.93-93-113-41.plesk.page\/ca\/#organization\"},\"potentialAction\":[{\"@type\":\"SearchAction\",\"target\":{\"@type\":\"EntryPoint\",\"urlTemplate\":\"https:\/\/dev.93-93-113-41.plesk.page\/ca\/?s={search_term_string}\"},\"query-input\":\"required name=search_term_string\"}],\"inLanguage\":\"ca\"},{\"@type\":\"Organization\",\"@id\":\"https:\/\/dev.93-93-113-41.plesk.page\/ca\/#organization\",\"name\":\"Servidigest\",\"url\":\"https:\/\/dev.93-93-113-41.plesk.page\/ca\/\",\"logo\":{\"@type\":\"ImageObject\",\"inLanguage\":\"ca\",\"@id\":\"https:\/\/dev.93-93-113-41.plesk.page\/ca\/#\/schema\/logo\/image\/\",\"url\":\"https:\/\/dev.93-93-113-41.plesk.page\/wp-content\/uploads\/2024\/01\/servidigest.png\",\"contentUrl\":\"https:\/\/dev.93-93-113-41.plesk.page\/wp-content\/uploads\/2024\/01\/servidigest.png\",\"width\":808,\"height\":88,\"caption\":\"Servidigest\"},\"image\":{\"@id\":\"https:\/\/dev.93-93-113-41.plesk.page\/ca\/#\/schema\/logo\/image\/\"},\"sameAs\":[\"https:\/\/www.facebook.com\/servidigest\",\"https:\/\/x.com\/servidigest\"]}]}<\/script>\n<!-- \/ Yoast SEO plugin. -->","yoast_head_json":{"title":"Manometria esof\u00e0gica convencional - Servidigest","robots":{"index":"index","follow":"follow","max-snippet":"max-snippet:-1","max-image-preview":"max-image-preview:large","max-video-preview":"max-video-preview:-1"},"canonical":"https:\/\/dev.93-93-113-41.plesk.page\/ca\/serveis\/proves-funcionals-digestives\/manometria-esofagica\/","og_locale":"ca_ES","og_type":"article","og_title":"Manometria esof\u00e0gica convencional - Servidigest","og_description":"La Manometria esof\u00e0gica \u00e9s l&#8217;estudi per avaluar la motilitat de l&#8217;es\u00f2fag i els seus esf\u00ednters. S&#8217;indica generalment com a part de l&#8217;estudi de la patologia digestiva esof\u00e0gica davant s\u00edmptomes de disf\u00e0gia funcional, o reflux gastro-esof\u00e0gic [...]","og_url":"https:\/\/dev.93-93-113-41.plesk.page\/ca\/serveis\/proves-funcionals-digestives\/manometria-esofagica\/","og_site_name":"Servidigest","article_publisher":"https:\/\/www.facebook.com\/servidigest","article_modified_time":"2024-02-26T16:11:17+00:00","twitter_card":"summary_large_image","twitter_site":"@servidigest","twitter_misc":{"Est. reading time":"1 minute"},"schema":{"@context":"https:\/\/schema.org","@graph":[{"@type":"WebPage","@id":"https:\/\/dev.93-93-113-41.plesk.page\/ca\/serveis\/proves-funcionals-digestives\/manometria-esofagica\/","url":"https:\/\/dev.93-93-113-41.plesk.page\/ca\/serveis\/proves-funcionals-digestives\/manometria-esofagica\/","name":"Manometria esof\u00e0gica convencional - Servidigest","isPartOf":{"@id":"https:\/\/dev.93-93-113-41.plesk.page\/ca\/#website"},"datePublished":"2015-02-17T19:53:29+00:00","dateModified":"2024-02-26T16:11:17+00:00","breadcrumb":{"@id":"https:\/\/dev.93-93-113-41.plesk.page\/ca\/serveis\/proves-funcionals-digestives\/manometria-esofagica\/#breadcrumb"},"inLanguage":"ca","potentialAction":[{"@type":"ReadAction","target":["https:\/\/dev.93-93-113-41.plesk.page\/ca\/serveis\/proves-funcionals-digestives\/manometria-esofagica\/"]}]},{"@type":"BreadcrumbList","@id":"https:\/\/dev.93-93-113-41.plesk.page\/ca\/serveis\/proves-funcionals-digestives\/manometria-esofagica\/#breadcrumb","itemListElement":[{"@type":"ListItem","position":1,"name":"Serveis M\u00e8dics de Cl\u00ednica ServiDigest","item":"https:\/\/dev.93-93-113-41.plesk.page\/ca\/servicios\/"},{"@type":"ListItem","position":2,"name":"Proves funcionals digestives","item":"https:\/\/dev.93-93-113-41.plesk.page\/ca\/serveis\/proves-funcionals-digestives\/"},{"@type":"ListItem","position":3,"name":"Manometria esof\u00e0gica convencional"}]},{"@type":"WebSite","@id":"https:\/\/dev.93-93-113-41.plesk.page\/ca\/#website","url":"https:\/\/dev.93-93-113-41.plesk.page\/ca\/","name":"Servidigest","description":"","publisher":{"@id":"https:\/\/dev.93-93-113-41.plesk.page\/ca\/#organization"},"potentialAction":[{"@type":"SearchAction","target":{"@type":"EntryPoint","urlTemplate":"https:\/\/dev.93-93-113-41.plesk.page\/ca\/?s={search_term_string}"},"query-input":"required name=search_term_string"}],"inLanguage":"ca"},{"@type":"Organization","@id":"https:\/\/dev.93-93-113-41.plesk.page\/ca\/#organization","name":"Servidigest","url":"https:\/\/dev.93-93-113-41.plesk.page\/ca\/","logo":{"@type":"ImageObject","inLanguage":"ca","@id":"https:\/\/dev.93-93-113-41.plesk.page\/ca\/#\/schema\/logo\/image\/","url":"https:\/\/dev.93-93-113-41.plesk.page\/wp-content\/uploads\/2024\/01\/servidigest.png","contentUrl":"https:\/\/dev.93-93-113-41.plesk.page\/wp-content\/uploads\/2024\/01\/servidigest.png","width":808,"height":88,"caption":"Servidigest"},"image":{"@id":"https:\/\/dev.93-93-113-41.plesk.page\/ca\/#\/schema\/logo\/image\/"},"sameAs":["https:\/\/www.facebook.com\/servidigest","https:\/\/x.com\/servidigest"]}]}},"_links":{"self":[{"href":"https:\/\/dev.93-93-113-41.plesk.page\/ca\/wp-json\/wp\/v2\/pages\/7732","targetHints":{"allow":["GET"]}}],"collection":[{"href":"https:\/\/dev.93-93-113-41.plesk.page\/ca\/wp-json\/wp\/v2\/pages"}],"about":[{"href":"https:\/\/dev.93-93-113-41.plesk.page\/ca\/wp-json\/wp\/v2\/types\/page"}],"author":[{"embeddable":true,"href":"https:\/\/dev.93-93-113-41.plesk.page\/ca\/wp-json\/wp\/v2\/users\/1"}],"replies":[{"embeddable":true,"href":"https:\/\/dev.93-93-113-41.plesk.page\/ca\/wp-json\/wp\/v2\/comments?post=7732"}],"version-history":[{"count":1,"href":"https:\/\/dev.93-93-113-41.plesk.page\/ca\/wp-json\/wp\/v2\/pages\/7732\/revisions"}],"predecessor-version":[{"id":34856,"href":"https:\/\/dev.93-93-113-41.plesk.page\/ca\/wp-json\/wp\/v2\/pages\/7732\/revisions\/34856"}],"up":[{"embeddable":true,"href":"https:\/\/dev.93-93-113-41.plesk.page\/ca\/wp-json\/wp\/v2\/pages\/131"}],"wp:attachment":[{"href":"https:\/\/dev.93-93-113-41.plesk.page\/ca\/wp-json\/wp\/v2\/media?parent=7732"}],"curies":[{"name":"wp","href":"https:\/\/api.w.org\/{rel}","templated":true}]}}