{"id":7724,"date":"2015-02-17T19:15:25","date_gmt":"2015-02-17T18:15:25","guid":{"rendered":"https:\/\/dev.93-93-113-41.plesk.page\/?page_id=7724"},"modified":"2024-06-01T13:41:48","modified_gmt":"2024-06-01T11:41:48","slug":"colonoscopia","status":"publish","type":"page","link":"https:\/\/dev.93-93-113-41.plesk.page\/ca\/serveis\/endoscopia-digestiva\/colonoscopia\/","title":{"rendered":"Colonosc\u00f2pia"},"content":{"rendered":"<h2>Qu\u00e8 \u00e9s una colonosc\u00f2pia?<\/h2>\n<p>La <strong>Colonosc\u00f2pia<\/strong> (tamb\u00e9 coneguda com <strong>fibrocolonosc\u00f2pia<\/strong> o <strong>videocolonosc\u00f2pia<\/strong>) <strong>\u00e9s un procediment diagn\u00f2stic segur i efica\u00e7 que permet l&#8217;exploraci\u00f3 del recte, del c\u00f2lon en tota la seva extensi\u00f3 i en ocasions de l&#8217;\u00faltima porci\u00f3 de l&#8217;intest\u00ed prim o ili terminal.<\/strong><\/p>\n<p>Tamb\u00e9 es denomina Pancolonosc\u00f2pia o Colonosc\u00f2pia total. Si s&#8217;efectua una exploraci\u00f3 m\u00e9s curta, el que pot estar indicat en alguns casos, parlem llavors de Rectosigmoidosc\u00f2pia o Colonosc\u00f2pia esquerra.<\/p>\n<p>La Colonosc\u00f2pia <strong>\u00e9s una prova de capital import\u00e0ncia en el diagn\u00f2stic i prevenci\u00f3 dels p\u00f2lips de c\u00f2lon i del c\u00e0ncer colorectal<\/strong>, possibilitant una exploraci\u00f3 detallada de tot el recorregut del c\u00f2lon i permetent la presa de bi\u00f2psies o l&#8217;extirpaci\u00f3 de lesions de diversos tipus, sobretot p\u00f2lips.<\/p>\n<p>En general, <strong>qualsevol malaltia de tipus inflamatori o tumoral del c\u00f2lon pot ser diagnosticada mitjan\u00e7ant aquesta t\u00e8cnica<\/strong>.<\/p>\n<h2>Preparaci\u00f3 per la colonosc\u00f2pia<\/h2>\n<p>Per a aix\u00f2, la preparaci\u00f3 del c\u00f2lon ha de ser \u00f2ptima, havent de seguir el pacient estrictament les indicacions de la <strong>dieta<\/strong> i prendre una <strong>preparaci\u00f3 laxant pr\u00e8via en sobres<\/strong>.<\/p>\n<p>La possibilitat d&#8217;efectuar una <a title=\"Hidroter\u00e0pia de C\u00f2lon\" href=\"https:\/\/dev.93-93-113-41.plesk.page\/ca\/serveis\/aparell-digestiu\/hidroterapia-de-colon\/\">Hidroter\u00e0pia de C\u00f2lon<\/a> abans de l&#8217;exploraci\u00f3 millora d&#8217;una manera notable la neteja del mateix, facilitant en gran mesura la realitzaci\u00f3 de la prova.<\/p>\n<h2>Com es realitza una colonosc\u00f2pia?<\/h2>\n<p>Per a la pr\u00e0ctica de la Colonosc\u00f2pia s&#8217;utilitza un instrument tubular llarg i flexible que s&#8217;introdueix a trav\u00e9s de l&#8217;anus, i que disposa d&#8217;una c\u00e0mera en el seu extrem distal, que projecta una imatge en temps real sobre un monitor. \u00c9s una t\u00e8cnica que <strong>es realitza de forma ambulat\u00f2ria i sota sedaci\u00f3 pel que el pacient no sent dolor durant el procediment<\/strong>.<\/p>\n<h2>Indicacions de la colonosc\u00f2pia<\/h2>\n<p>Les principals indicacions de la colonosc\u00f2pia s\u00f3n els <strong>programes de prevenci\u00f3 de c\u00e0ncer colorectal<\/strong>, el c<strong>ontrol de p\u00f2lips<\/strong>, l&#8217;estudi de <strong>s\u00edmptomes abdominals inexplicables<\/strong>, la sospita de <a href=\"https:\/\/dev.93-93-113-41.plesk.page\/ca\/serveis\/aparell-digestiu\/malatia-inflamatoria-intestinal\/\">malaltia inflamat\u00f2ria intestinal<\/a>, o els <strong>canvis en l&#8217;h\u00e0bit evacuatori<\/strong>, entre d&#8217;altres.<\/p>\n<p>Igual que amb altres t\u00e8cniques endosc\u00f2piques, durant una colonosc\u00f2pia, \u00e9s possible no nom\u00e9s el diagn\u00f2stic macrosc\u00f2pic de lesions, sin\u00f3 tamb\u00e9 la realitzaci\u00f3 de bi\u00f2psies, l&#8217;extirpaci\u00f3 de lesions, dilatar estenosis, controlar sagnats, i tot aix\u00f2 gr\u00e0cies a la utilitzaci\u00f3 d&#8217;eines que es poden introduir a trav\u00e9s del canal de treball (pinces, nanses de polipectomia, agulles d&#8217;esclerosi, etc.).<\/p>\n<p>Si b\u00e9 \u00e9s una <strong>t\u00e8cnica segura<\/strong>, s&#8217;ha de fer per metges endoscopistes especialitzats en centres i unitats preparades.<\/p>\n<p>Cl\u00ednica ServiDigest disposa d&#8217;una unitat especialitzada en el tractament endosc\u00f2pic de patologies digestives i metab\u00f2liques.<\/p>\n<h2>Preu d&#8217;una colonosc\u00f2pia<\/h2>\n<p>La majoria de <a href=\"https:\/\/dev.93-93-113-41.plesk.page\/ca\/clinica-servidigest\/companyies-asseguradores\/\">m\u00fatues de salut<\/a> donen cobertura a la colonosc\u00f2pia quan est\u00e0 indicada i prescrita per un especialista. Tamb\u00e9 es pot comprar la prova de manera privada.<\/p>\n<div class=\"woocommerce \"><ul class=\"products columns-4\">\n<li class=\"product type-product post-38370 status-publish first instock product_cat-revisions-mediques has-post-thumbnail virtual purchasable product-type-simple\">\n\t<a href=\"https:\/\/dev.93-93-113-41.plesk.page\/ca\/producte\/colonoscopia\/\" class=\"woocommerce-LoopProduct-link woocommerce-loop-product__link\"><img fetchpriority=\"high\" decoding=\"async\" width=\"300\" height=\"300\" src=\"https:\/\/dev.93-93-113-41.plesk.page\/wp-content\/uploads\/2016\/01\/comprar-colonoscopia-300x300.jpg\" class=\"attachment-woocommerce_thumbnail size-woocommerce_thumbnail\" alt=\"Comprar Colonosc\u00f2pia\" srcset=\"https:\/\/dev.93-93-113-41.plesk.page\/wp-content\/uploads\/2016\/01\/comprar-colonoscopia-300x300.jpg 300w, https:\/\/dev.93-93-113-41.plesk.page\/wp-content\/uploads\/2016\/01\/comprar-colonoscopia-100x100.jpg 100w, https:\/\/dev.93-93-113-41.plesk.page\/wp-content\/uploads\/2016\/01\/comprar-colonoscopia-150x150.jpg 150w\" sizes=\"(max-width: 300px) 100vw, 300px\" \/><h2 class=\"woocommerce-loop-product__title\">Colonosc\u00f2pia<\/h2>\n\t<span class=\"price\"><span class=\"woocommerce-Price-amount amount\"><bdi>620,00&nbsp;<span class=\"woocommerce-Price-currencySymbol\">&euro;<\/span><\/bdi><\/span><\/span>\n<\/a><a href=\"?add-to-cart=38370\" data-quantity=\"1\" class=\"button product_type_simple add_to_cart_button ajax_add_to_cart\" data-product_id=\"38370\" data-product_sku=\"COLONO\" aria-label=\"Add to cart: &ldquo;Colonosc\u00f2pia&rdquo;\" aria-describedby=\"\" rel=\"nofollow\">Afegeix a la cistella<\/a><\/li>\n<\/ul>\n<\/div>\n","protected":false},"excerpt":{"rendered":"<div class=\"mh-excerpt\"><p>Qu\u00e8 \u00e9s una colonosc\u00f2pia? La Colonosc\u00f2pia (tamb\u00e9 coneguda com fibrocolonosc\u00f2pia o videocolonosc\u00f2pia) \u00e9s un procediment diagn\u00f2stic segur i efica\u00e7 que permet l&#8217;exploraci\u00f3 del recte, del c\u00f2lon en tota la seva extensi\u00f3 i en ocasions de <a class=\"mh-excerpt-more\" href=\"https:\/\/dev.93-93-113-41.plesk.page\/ca\/serveis\/endoscopia-digestiva\/colonoscopia\/\" title=\"Colonosc\u00f2pia\">[&#8230;]<\/a><\/p>\n<\/div>","protected":false},"author":1,"featured_media":0,"parent":133,"menu_order":8,"comment_status":"closed","ping_status":"closed","template":"","meta":{"footnotes":""},"class_list":["post-7724","page","type-page","status-publish"],"yoast_head":"<!-- This site is optimized with the Yoast SEO plugin v22.6 - https:\/\/yoast.com\/wordpress\/plugins\/seo\/ -->\n<title>Colonosc\u00f2pia a Barcelona - Informa&#039;t a Cl\u00ednica ServiDigest<\/title>\n<meta name=\"description\" content=\"La Colonosc\u00f2pia: t&#039;expliquem qu\u00e8 \u00e9s, quan est\u00e0 indicada, com \u00e9s la preparaci\u00f3 per a una colonosc\u00f2pia, com es realitza i quin \u00e9s el seu preu. Informa&#039;t a Cl\u00ednica ServiDigest, som especialistes en aparell digestiu.\" \/>\n<meta name=\"robots\" content=\"index, follow, max-snippet:-1, max-image-preview:large, max-video-preview:-1\" \/>\n<link rel=\"canonical\" href=\"https:\/\/dev.93-93-113-41.plesk.page\/ca\/serveis\/endoscopia-digestiva\/colonoscopia\/\" \/>\n<meta property=\"og:locale\" content=\"ca_ES\" \/>\n<meta property=\"og:type\" content=\"article\" \/>\n<meta property=\"og:title\" content=\"Colonosc\u00f2pia a Barcelona - Informa&#039;t a Cl\u00ednica ServiDigest\" \/>\n<meta property=\"og:description\" content=\"La Colonosc\u00f2pia: t&#039;expliquem qu\u00e8 \u00e9s, quan est\u00e0 indicada, com \u00e9s la preparaci\u00f3 per a una colonosc\u00f2pia, com es realitza i quin \u00e9s el seu preu. Informa&#039;t a Cl\u00ednica ServiDigest, som especialistes en aparell digestiu.\" \/>\n<meta property=\"og:url\" content=\"https:\/\/dev.93-93-113-41.plesk.page\/ca\/serveis\/endoscopia-digestiva\/colonoscopia\/\" \/>\n<meta property=\"og:site_name\" content=\"Servidigest\" \/>\n<meta property=\"article:publisher\" content=\"https:\/\/www.facebook.com\/servidigest\" \/>\n<meta property=\"article:modified_time\" content=\"2024-06-01T11:41:48+00:00\" \/>\n<meta name=\"twitter:card\" content=\"summary_large_image\" \/>\n<meta name=\"twitter:site\" content=\"@servidigest\" \/>\n<meta name=\"twitter:label1\" content=\"Est. reading time\" \/>\n\t<meta name=\"twitter:data1\" content=\"2 minutes\" \/>\n<script type=\"application\/ld+json\" class=\"yoast-schema-graph\">{\"@context\":\"https:\/\/schema.org\",\"@graph\":[{\"@type\":\"WebPage\",\"@id\":\"https:\/\/dev.93-93-113-41.plesk.page\/ca\/serveis\/endoscopia-digestiva\/colonoscopia\/\",\"url\":\"https:\/\/dev.93-93-113-41.plesk.page\/ca\/serveis\/endoscopia-digestiva\/colonoscopia\/\",\"name\":\"Colonosc\u00f2pia a Barcelona - Informa't a Cl\u00ednica ServiDigest\",\"isPartOf\":{\"@id\":\"https:\/\/dev.93-93-113-41.plesk.page\/ca\/#website\"},\"datePublished\":\"2015-02-17T18:15:25+00:00\",\"dateModified\":\"2024-06-01T11:41:48+00:00\",\"description\":\"La Colonosc\u00f2pia: t'expliquem qu\u00e8 \u00e9s, quan est\u00e0 indicada, com \u00e9s la preparaci\u00f3 per a una colonosc\u00f2pia, com es realitza i quin \u00e9s el seu preu. Informa't a Cl\u00ednica ServiDigest, som especialistes en aparell digestiu.\",\"breadcrumb\":{\"@id\":\"https:\/\/dev.93-93-113-41.plesk.page\/ca\/serveis\/endoscopia-digestiva\/colonoscopia\/#breadcrumb\"},\"inLanguage\":\"ca\",\"potentialAction\":[{\"@type\":\"ReadAction\",\"target\":[\"https:\/\/dev.93-93-113-41.plesk.page\/ca\/serveis\/endoscopia-digestiva\/colonoscopia\/\"]}]},{\"@type\":\"BreadcrumbList\",\"@id\":\"https:\/\/dev.93-93-113-41.plesk.page\/ca\/serveis\/endoscopia-digestiva\/colonoscopia\/#breadcrumb\",\"itemListElement\":[{\"@type\":\"ListItem\",\"position\":1,\"name\":\"Serveis M\u00e8dics de Cl\u00ednica ServiDigest\",\"item\":\"https:\/\/dev.93-93-113-41.plesk.page\/ca\/servicios\/\"},{\"@type\":\"ListItem\",\"position\":2,\"name\":\"Endosc\u00f2pia Digestiva Terap\u00e8utica Avan\u00e7ada\",\"item\":\"https:\/\/dev.93-93-113-41.plesk.page\/ca\/servicios\/endoscopia-digestiva\/\"},{\"@type\":\"ListItem\",\"position\":3,\"name\":\"Colonosc\u00f2pia\"}]},{\"@type\":\"WebSite\",\"@id\":\"https:\/\/dev.93-93-113-41.plesk.page\/ca\/#website\",\"url\":\"https:\/\/dev.93-93-113-41.plesk.page\/ca\/\",\"name\":\"Servidigest\",\"description\":\"\",\"publisher\":{\"@id\":\"https:\/\/dev.93-93-113-41.plesk.page\/ca\/#organization\"},\"potentialAction\":[{\"@type\":\"SearchAction\",\"target\":{\"@type\":\"EntryPoint\",\"urlTemplate\":\"https:\/\/dev.93-93-113-41.plesk.page\/ca\/?s={search_term_string}\"},\"query-input\":\"required name=search_term_string\"}],\"inLanguage\":\"ca\"},{\"@type\":\"Organization\",\"@id\":\"https:\/\/dev.93-93-113-41.plesk.page\/ca\/#organization\",\"name\":\"Servidigest\",\"url\":\"https:\/\/dev.93-93-113-41.plesk.page\/ca\/\",\"logo\":{\"@type\":\"ImageObject\",\"inLanguage\":\"ca\",\"@id\":\"https:\/\/dev.93-93-113-41.plesk.page\/ca\/#\/schema\/logo\/image\/\",\"url\":\"https:\/\/dev.93-93-113-41.plesk.page\/wp-content\/uploads\/2024\/01\/servidigest.png\",\"contentUrl\":\"https:\/\/dev.93-93-113-41.plesk.page\/wp-content\/uploads\/2024\/01\/servidigest.png\",\"width\":808,\"height\":88,\"caption\":\"Servidigest\"},\"image\":{\"@id\":\"https:\/\/dev.93-93-113-41.plesk.page\/ca\/#\/schema\/logo\/image\/\"},\"sameAs\":[\"https:\/\/www.facebook.com\/servidigest\",\"https:\/\/x.com\/servidigest\"]}]}<\/script>\n<!-- \/ Yoast SEO plugin. -->","yoast_head_json":{"title":"Colonosc\u00f2pia a Barcelona - Informa't a Cl\u00ednica ServiDigest","description":"La Colonosc\u00f2pia: t'expliquem qu\u00e8 \u00e9s, quan est\u00e0 indicada, com \u00e9s la preparaci\u00f3 per a una colonosc\u00f2pia, com es realitza i quin \u00e9s el seu preu. Informa't a Cl\u00ednica ServiDigest, som especialistes en aparell digestiu.","robots":{"index":"index","follow":"follow","max-snippet":"max-snippet:-1","max-image-preview":"max-image-preview:large","max-video-preview":"max-video-preview:-1"},"canonical":"https:\/\/dev.93-93-113-41.plesk.page\/ca\/serveis\/endoscopia-digestiva\/colonoscopia\/","og_locale":"ca_ES","og_type":"article","og_title":"Colonosc\u00f2pia a Barcelona - Informa't a Cl\u00ednica ServiDigest","og_description":"La Colonosc\u00f2pia: t'expliquem qu\u00e8 \u00e9s, quan est\u00e0 indicada, com \u00e9s la preparaci\u00f3 per a una colonosc\u00f2pia, com es realitza i quin \u00e9s el seu preu. Informa't a Cl\u00ednica ServiDigest, som especialistes en aparell digestiu.","og_url":"https:\/\/dev.93-93-113-41.plesk.page\/ca\/serveis\/endoscopia-digestiva\/colonoscopia\/","og_site_name":"Servidigest","article_publisher":"https:\/\/www.facebook.com\/servidigest","article_modified_time":"2024-06-01T11:41:48+00:00","twitter_card":"summary_large_image","twitter_site":"@servidigest","twitter_misc":{"Est. reading time":"2 minutes"},"schema":{"@context":"https:\/\/schema.org","@graph":[{"@type":"WebPage","@id":"https:\/\/dev.93-93-113-41.plesk.page\/ca\/serveis\/endoscopia-digestiva\/colonoscopia\/","url":"https:\/\/dev.93-93-113-41.plesk.page\/ca\/serveis\/endoscopia-digestiva\/colonoscopia\/","name":"Colonosc\u00f2pia a Barcelona - Informa't a Cl\u00ednica ServiDigest","isPartOf":{"@id":"https:\/\/dev.93-93-113-41.plesk.page\/ca\/#website"},"datePublished":"2015-02-17T18:15:25+00:00","dateModified":"2024-06-01T11:41:48+00:00","description":"La Colonosc\u00f2pia: t'expliquem qu\u00e8 \u00e9s, quan est\u00e0 indicada, com \u00e9s la preparaci\u00f3 per a una colonosc\u00f2pia, com es realitza i quin \u00e9s el seu preu. Informa't a Cl\u00ednica ServiDigest, som especialistes en aparell digestiu.","breadcrumb":{"@id":"https:\/\/dev.93-93-113-41.plesk.page\/ca\/serveis\/endoscopia-digestiva\/colonoscopia\/#breadcrumb"},"inLanguage":"ca","potentialAction":[{"@type":"ReadAction","target":["https:\/\/dev.93-93-113-41.plesk.page\/ca\/serveis\/endoscopia-digestiva\/colonoscopia\/"]}]},{"@type":"BreadcrumbList","@id":"https:\/\/dev.93-93-113-41.plesk.page\/ca\/serveis\/endoscopia-digestiva\/colonoscopia\/#breadcrumb","itemListElement":[{"@type":"ListItem","position":1,"name":"Serveis M\u00e8dics de Cl\u00ednica ServiDigest","item":"https:\/\/dev.93-93-113-41.plesk.page\/ca\/servicios\/"},{"@type":"ListItem","position":2,"name":"Endosc\u00f2pia Digestiva Terap\u00e8utica Avan\u00e7ada","item":"https:\/\/dev.93-93-113-41.plesk.page\/ca\/servicios\/endoscopia-digestiva\/"},{"@type":"ListItem","position":3,"name":"Colonosc\u00f2pia"}]},{"@type":"WebSite","@id":"https:\/\/dev.93-93-113-41.plesk.page\/ca\/#website","url":"https:\/\/dev.93-93-113-41.plesk.page\/ca\/","name":"Servidigest","description":"","publisher":{"@id":"https:\/\/dev.93-93-113-41.plesk.page\/ca\/#organization"},"potentialAction":[{"@type":"SearchAction","target":{"@type":"EntryPoint","urlTemplate":"https:\/\/dev.93-93-113-41.plesk.page\/ca\/?s={search_term_string}"},"query-input":"required name=search_term_string"}],"inLanguage":"ca"},{"@type":"Organization","@id":"https:\/\/dev.93-93-113-41.plesk.page\/ca\/#organization","name":"Servidigest","url":"https:\/\/dev.93-93-113-41.plesk.page\/ca\/","logo":{"@type":"ImageObject","inLanguage":"ca","@id":"https:\/\/dev.93-93-113-41.plesk.page\/ca\/#\/schema\/logo\/image\/","url":"https:\/\/dev.93-93-113-41.plesk.page\/wp-content\/uploads\/2024\/01\/servidigest.png","contentUrl":"https:\/\/dev.93-93-113-41.plesk.page\/wp-content\/uploads\/2024\/01\/servidigest.png","width":808,"height":88,"caption":"Servidigest"},"image":{"@id":"https:\/\/dev.93-93-113-41.plesk.page\/ca\/#\/schema\/logo\/image\/"},"sameAs":["https:\/\/www.facebook.com\/servidigest","https:\/\/x.com\/servidigest"]}]}},"_links":{"self":[{"href":"https:\/\/dev.93-93-113-41.plesk.page\/ca\/wp-json\/wp\/v2\/pages\/7724","targetHints":{"allow":["GET"]}}],"collection":[{"href":"https:\/\/dev.93-93-113-41.plesk.page\/ca\/wp-json\/wp\/v2\/pages"}],"about":[{"href":"https:\/\/dev.93-93-113-41.plesk.page\/ca\/wp-json\/wp\/v2\/types\/page"}],"author":[{"embeddable":true,"href":"https:\/\/dev.93-93-113-41.plesk.page\/ca\/wp-json\/wp\/v2\/users\/1"}],"replies":[{"embeddable":true,"href":"https:\/\/dev.93-93-113-41.plesk.page\/ca\/wp-json\/wp\/v2\/comments?post=7724"}],"version-history":[{"count":2,"href":"https:\/\/dev.93-93-113-41.plesk.page\/ca\/wp-json\/wp\/v2\/pages\/7724\/revisions"}],"predecessor-version":[{"id":40787,"href":"https:\/\/dev.93-93-113-41.plesk.page\/ca\/wp-json\/wp\/v2\/pages\/7724\/revisions\/40787"}],"up":[{"embeddable":true,"href":"https:\/\/dev.93-93-113-41.plesk.page\/ca\/wp-json\/wp\/v2\/pages\/133"}],"wp:attachment":[{"href":"https:\/\/dev.93-93-113-41.plesk.page\/ca\/wp-json\/wp\/v2\/media?parent=7724"}],"curies":[{"name":"wp","href":"https:\/\/api.w.org\/{rel}","templated":true}]}}