{"id":7718,"date":"2015-02-17T19:02:10","date_gmt":"2015-02-17T18:02:10","guid":{"rendered":"https:\/\/dev.93-93-113-41.plesk.page\/?page_id=7718"},"modified":"2024-02-26T17:11:13","modified_gmt":"2024-02-26T16:11:13","slug":"endoscopia-digestiva-alta","status":"publish","type":"page","link":"https:\/\/dev.93-93-113-41.plesk.page\/ca\/serveis\/endoscopia-digestiva\/endoscopia-digestiva-alta\/","title":{"rendered":"Gastrosc\u00f2pia"},"content":{"rendered":"<p><strong>La Gastrosc\u00f2pia<\/strong>\u00a0o\u00a0<strong>Endosc\u00f2pia digestiva alta<\/strong> o <strong>Gastrosc\u00f2pia digestiva<\/strong> (tamb\u00e9 coneguda com panedoscopia oral, esofagogastroduodenoscopia o videogastroscopia), \u00e9s una t\u00e8cnica que permet l&#8217;exploraci\u00f3 de l&#8217;aparell digestiu superior (des de la boca fins a la segona porci\u00f3 duodenal).<\/p>\n<p>S&#8217;utilitza per a aix\u00f2 instrument tubular llarg i flexible que s&#8217;introdueix a trav\u00e9s de la boca, i que disposa d&#8217;una c\u00e0mera en el seu extrem distal, que projecta una imatge en temps real sobre un monitor.<\/p>\n<h2>Gastrosc\u00f2pia amb sedaci\u00f3<\/h2>\n<p>\u00c9s una t\u00e8cnica que <strong>es realitza de forma ambulat\u00f2ria i sota sedaci\u00f3<\/strong> pel que el pacient no sent dolor durant el procediment, sent de gran utilitat per a detectar qualsevol alteraci\u00f3 org\u00e0nica que pugui existir des de l&#8217;inici de l&#8217;es\u00f2fag fins a la segona porci\u00f3 del duod\u00e8: esofagitis, h\u00e8rnia hiatal, gastritis, \u00falceres a diferents nivells o tumoracions diverses.<\/p>\n<h2>Quina \u00e9s la durada d&#8217;una gastrosc\u00f2pia?<\/h2>\n<p>La durada del procediment \u00e9s variable sent en general una <strong>t\u00e8cnica r\u00e0pida<\/strong>, entre cinc o deu minuts i que presenta, amb el pacient adormit, una toler\u00e0ncia molt bona.<\/p>\n<h2>Com es realitza una Endosc\u00f2pia digestiva alta?<\/h2>\n<p>La possibilitat de prendre bi\u00f2psies de diferents teixits a trav\u00e9s del canal de l&#8217;endoscopi permet portar mostres al laboratori d&#8217;anatomia patol\u00f2gica, a fi d&#8217;analitzar-les i aconseguir un diagn\u00f2stic m\u00e9s exacte.<\/p>\n<p>Aquest procediment endosc\u00f2pic tamb\u00e9 pot ser practicat d&#8217;urg\u00e8ncia, en els casos d&#8217;hemorr\u00e0gia pel tracte digestiu superior o ingesta d&#8217;algun cos estrany, permetent fer el tractament m\u00e9s convenient en cada cas.<\/p>\n<p>Tot i ser considerada una <strong>t\u00e8cnica segura amb una baixa taxa de complicacions<\/strong>, l&#8217;endosc\u00f2pia digestiva alta s&#8217;ha de fer per metges endoscopistes especialitzats en centres i unitats preparades.<\/p>\n<p>Cl\u00ednica ServiDigest disposa d&#8217;una unitat especialitzada en el tractament endosc\u00f2pic de patologies digestives i metab\u00f2liques.<\/p>\n<h2>Quin \u00e9s el preu d&#8217;una gastrosc\u00f2pia?<\/h2>\n<div class=\"woocommerce \"><ul class=\"products columns-4\">\n<li class=\"product type-product post-38369 status-publish first instock product_cat-revisions-mediques has-post-thumbnail virtual purchasable product-type-simple\">\n\t<a href=\"https:\/\/dev.93-93-113-41.plesk.page\/ca\/producte\/gastroscopia-digestiva\/\" class=\"woocommerce-LoopProduct-link woocommerce-loop-product__link\"><img fetchpriority=\"high\" decoding=\"async\" width=\"300\" height=\"300\" src=\"https:\/\/dev.93-93-113-41.plesk.page\/wp-content\/uploads\/2024\/03\/Gastoscopia-Digestiva-ecommerce-300x300.jpg\" class=\"attachment-woocommerce_thumbnail size-woocommerce_thumbnail\" alt=\"\" srcset=\"https:\/\/dev.93-93-113-41.plesk.page\/wp-content\/uploads\/2024\/03\/Gastoscopia-Digestiva-ecommerce-300x300.jpg 300w, https:\/\/dev.93-93-113-41.plesk.page\/wp-content\/uploads\/2024\/03\/Gastoscopia-Digestiva-ecommerce-150x150.jpg 150w, https:\/\/dev.93-93-113-41.plesk.page\/wp-content\/uploads\/2024\/03\/Gastoscopia-Digestiva-ecommerce-100x100.jpg 100w\" sizes=\"(max-width: 300px) 100vw, 300px\" \/><h2 class=\"woocommerce-loop-product__title\">Gastrosc\u00f2pia digestiva<\/h2>\n\t<span class=\"price\"><span class=\"woocommerce-Price-amount amount\"><bdi>610,00&nbsp;<span class=\"woocommerce-Price-currencySymbol\">&euro;<\/span><\/bdi><\/span><\/span>\n<\/a><a href=\"?add-to-cart=38369\" data-quantity=\"1\" class=\"button product_type_simple add_to_cart_button ajax_add_to_cart\" data-product_id=\"38369\" data-product_sku=\"GASTROSCOPIA\" aria-label=\"Add to cart: &ldquo;Gastrosc\u00f2pia digestiva&rdquo;\" aria-describedby=\"\" rel=\"nofollow\">Afegeix a la cistella<\/a><\/li>\n<\/ul>\n<\/div>\n","protected":false},"excerpt":{"rendered":"<div class=\"mh-excerpt\"><p>La Gastrosc\u00f2pia\u00a0o\u00a0Endosc\u00f2pia digestiva alta o Gastrosc\u00f2pia digestiva (tamb\u00e9 coneguda com panedoscopia oral, esofagogastroduodenoscopia o videogastroscopia), \u00e9s una t\u00e8cnica que permet l&#8217;exploraci\u00f3 de l&#8217;aparell digestiu superior (des de la boca fins a la segona porci\u00f3 duodenal). <a class=\"mh-excerpt-more\" href=\"https:\/\/dev.93-93-113-41.plesk.page\/ca\/serveis\/endoscopia-digestiva\/endoscopia-digestiva-alta\/\" title=\"Gastrosc\u00f2pia\">[&#8230;]<\/a><\/p>\n<\/div>","protected":false},"author":1,"featured_media":0,"parent":133,"menu_order":4,"comment_status":"closed","ping_status":"closed","template":"","meta":{"footnotes":""},"class_list":["post-7718","page","type-page","status-publish"],"yoast_head":"<!-- This site is optimized with the Yoast SEO plugin v22.6 - https:\/\/yoast.com\/wordpress\/plugins\/seo\/ -->\n<title>Gastrosc\u00f2pia - Servidigest<\/title>\n<meta name=\"description\" content=\"L&#039; Endosc\u00f2pia digestiva alta (tamb\u00e9 coneguda com panedoscopia oral, esofagogastroduodenoscopia, gastrosc\u00f2pia o videogastroscopia), \u00e9s una t\u00e8cnica que permet l&#039;exploraci\u00f3 de l&#039;aparell digestiu superior (des de la boca fins a la segona porci\u00f3 duodenal).\" \/>\n<meta name=\"robots\" content=\"index, follow, max-snippet:-1, max-image-preview:large, max-video-preview:-1\" \/>\n<link rel=\"canonical\" href=\"https:\/\/dev.93-93-113-41.plesk.page\/ca\/serveis\/endoscopia-digestiva\/endoscopia-digestiva-alta\/\" \/>\n<meta property=\"og:locale\" content=\"ca_ES\" \/>\n<meta property=\"og:type\" content=\"article\" \/>\n<meta property=\"og:title\" content=\"Gastrosc\u00f2pia - Servidigest\" \/>\n<meta property=\"og:description\" content=\"L&#039; Endosc\u00f2pia digestiva alta (tamb\u00e9 coneguda com panedoscopia oral, esofagogastroduodenoscopia, gastrosc\u00f2pia o videogastroscopia), \u00e9s una t\u00e8cnica que permet l&#039;exploraci\u00f3 de l&#039;aparell digestiu superior (des de la boca fins a la segona porci\u00f3 duodenal).\" \/>\n<meta property=\"og:url\" content=\"https:\/\/dev.93-93-113-41.plesk.page\/ca\/serveis\/endoscopia-digestiva\/endoscopia-digestiva-alta\/\" \/>\n<meta property=\"og:site_name\" content=\"Servidigest\" \/>\n<meta property=\"article:publisher\" content=\"https:\/\/www.facebook.com\/servidigest\" \/>\n<meta property=\"article:modified_time\" content=\"2024-02-26T16:11:13+00:00\" \/>\n<meta name=\"twitter:card\" content=\"summary_large_image\" \/>\n<meta name=\"twitter:site\" content=\"@servidigest\" \/>\n<meta name=\"twitter:label1\" content=\"Est. reading time\" \/>\n\t<meta name=\"twitter:data1\" content=\"2 minutes\" \/>\n<script type=\"application\/ld+json\" class=\"yoast-schema-graph\">{\"@context\":\"https:\/\/schema.org\",\"@graph\":[{\"@type\":\"WebPage\",\"@id\":\"https:\/\/dev.93-93-113-41.plesk.page\/ca\/serveis\/endoscopia-digestiva\/endoscopia-digestiva-alta\/\",\"url\":\"https:\/\/dev.93-93-113-41.plesk.page\/ca\/serveis\/endoscopia-digestiva\/endoscopia-digestiva-alta\/\",\"name\":\"Gastrosc\u00f2pia - Servidigest\",\"isPartOf\":{\"@id\":\"https:\/\/dev.93-93-113-41.plesk.page\/ca\/#website\"},\"datePublished\":\"2015-02-17T18:02:10+00:00\",\"dateModified\":\"2024-02-26T16:11:13+00:00\",\"description\":\"L' Endosc\u00f2pia digestiva alta (tamb\u00e9 coneguda com panedoscopia oral, esofagogastroduodenoscopia, gastrosc\u00f2pia o videogastroscopia), \u00e9s una t\u00e8cnica que permet l'exploraci\u00f3 de l'aparell digestiu superior (des de la boca fins a la segona porci\u00f3 duodenal).\",\"breadcrumb\":{\"@id\":\"https:\/\/dev.93-93-113-41.plesk.page\/ca\/serveis\/endoscopia-digestiva\/endoscopia-digestiva-alta\/#breadcrumb\"},\"inLanguage\":\"ca\",\"potentialAction\":[{\"@type\":\"ReadAction\",\"target\":[\"https:\/\/dev.93-93-113-41.plesk.page\/ca\/serveis\/endoscopia-digestiva\/endoscopia-digestiva-alta\/\"]}]},{\"@type\":\"BreadcrumbList\",\"@id\":\"https:\/\/dev.93-93-113-41.plesk.page\/ca\/serveis\/endoscopia-digestiva\/endoscopia-digestiva-alta\/#breadcrumb\",\"itemListElement\":[{\"@type\":\"ListItem\",\"position\":1,\"name\":\"Serveis M\u00e8dics de Cl\u00ednica ServiDigest\",\"item\":\"https:\/\/dev.93-93-113-41.plesk.page\/ca\/servicios\/\"},{\"@type\":\"ListItem\",\"position\":2,\"name\":\"Endosc\u00f2pia Digestiva Terap\u00e8utica Avan\u00e7ada\",\"item\":\"https:\/\/dev.93-93-113-41.plesk.page\/ca\/servicios\/endoscopia-digestiva\/\"},{\"@type\":\"ListItem\",\"position\":3,\"name\":\"Gastrosc\u00f2pia\"}]},{\"@type\":\"WebSite\",\"@id\":\"https:\/\/dev.93-93-113-41.plesk.page\/ca\/#website\",\"url\":\"https:\/\/dev.93-93-113-41.plesk.page\/ca\/\",\"name\":\"Servidigest\",\"description\":\"\",\"publisher\":{\"@id\":\"https:\/\/dev.93-93-113-41.plesk.page\/ca\/#organization\"},\"potentialAction\":[{\"@type\":\"SearchAction\",\"target\":{\"@type\":\"EntryPoint\",\"urlTemplate\":\"https:\/\/dev.93-93-113-41.plesk.page\/ca\/?s={search_term_string}\"},\"query-input\":\"required name=search_term_string\"}],\"inLanguage\":\"ca\"},{\"@type\":\"Organization\",\"@id\":\"https:\/\/dev.93-93-113-41.plesk.page\/ca\/#organization\",\"name\":\"Servidigest\",\"url\":\"https:\/\/dev.93-93-113-41.plesk.page\/ca\/\",\"logo\":{\"@type\":\"ImageObject\",\"inLanguage\":\"ca\",\"@id\":\"https:\/\/dev.93-93-113-41.plesk.page\/ca\/#\/schema\/logo\/image\/\",\"url\":\"https:\/\/dev.93-93-113-41.plesk.page\/wp-content\/uploads\/2024\/01\/servidigest.png\",\"contentUrl\":\"https:\/\/dev.93-93-113-41.plesk.page\/wp-content\/uploads\/2024\/01\/servidigest.png\",\"width\":808,\"height\":88,\"caption\":\"Servidigest\"},\"image\":{\"@id\":\"https:\/\/dev.93-93-113-41.plesk.page\/ca\/#\/schema\/logo\/image\/\"},\"sameAs\":[\"https:\/\/www.facebook.com\/servidigest\",\"https:\/\/x.com\/servidigest\"]}]}<\/script>\n<!-- \/ Yoast SEO plugin. -->","yoast_head_json":{"title":"Gastrosc\u00f2pia - Servidigest","description":"L' Endosc\u00f2pia digestiva alta (tamb\u00e9 coneguda com panedoscopia oral, esofagogastroduodenoscopia, gastrosc\u00f2pia o videogastroscopia), \u00e9s una t\u00e8cnica que permet l'exploraci\u00f3 de l'aparell digestiu superior (des de la boca fins a la segona porci\u00f3 duodenal).","robots":{"index":"index","follow":"follow","max-snippet":"max-snippet:-1","max-image-preview":"max-image-preview:large","max-video-preview":"max-video-preview:-1"},"canonical":"https:\/\/dev.93-93-113-41.plesk.page\/ca\/serveis\/endoscopia-digestiva\/endoscopia-digestiva-alta\/","og_locale":"ca_ES","og_type":"article","og_title":"Gastrosc\u00f2pia - Servidigest","og_description":"L' Endosc\u00f2pia digestiva alta (tamb\u00e9 coneguda com panedoscopia oral, esofagogastroduodenoscopia, gastrosc\u00f2pia o videogastroscopia), \u00e9s una t\u00e8cnica que permet l'exploraci\u00f3 de l'aparell digestiu superior (des de la boca fins a la segona porci\u00f3 duodenal).","og_url":"https:\/\/dev.93-93-113-41.plesk.page\/ca\/serveis\/endoscopia-digestiva\/endoscopia-digestiva-alta\/","og_site_name":"Servidigest","article_publisher":"https:\/\/www.facebook.com\/servidigest","article_modified_time":"2024-02-26T16:11:13+00:00","twitter_card":"summary_large_image","twitter_site":"@servidigest","twitter_misc":{"Est. reading time":"2 minutes"},"schema":{"@context":"https:\/\/schema.org","@graph":[{"@type":"WebPage","@id":"https:\/\/dev.93-93-113-41.plesk.page\/ca\/serveis\/endoscopia-digestiva\/endoscopia-digestiva-alta\/","url":"https:\/\/dev.93-93-113-41.plesk.page\/ca\/serveis\/endoscopia-digestiva\/endoscopia-digestiva-alta\/","name":"Gastrosc\u00f2pia - Servidigest","isPartOf":{"@id":"https:\/\/dev.93-93-113-41.plesk.page\/ca\/#website"},"datePublished":"2015-02-17T18:02:10+00:00","dateModified":"2024-02-26T16:11:13+00:00","description":"L' Endosc\u00f2pia digestiva alta (tamb\u00e9 coneguda com panedoscopia oral, esofagogastroduodenoscopia, gastrosc\u00f2pia o videogastroscopia), \u00e9s una t\u00e8cnica que permet l'exploraci\u00f3 de l'aparell digestiu superior (des de la boca fins a la segona porci\u00f3 duodenal).","breadcrumb":{"@id":"https:\/\/dev.93-93-113-41.plesk.page\/ca\/serveis\/endoscopia-digestiva\/endoscopia-digestiva-alta\/#breadcrumb"},"inLanguage":"ca","potentialAction":[{"@type":"ReadAction","target":["https:\/\/dev.93-93-113-41.plesk.page\/ca\/serveis\/endoscopia-digestiva\/endoscopia-digestiva-alta\/"]}]},{"@type":"BreadcrumbList","@id":"https:\/\/dev.93-93-113-41.plesk.page\/ca\/serveis\/endoscopia-digestiva\/endoscopia-digestiva-alta\/#breadcrumb","itemListElement":[{"@type":"ListItem","position":1,"name":"Serveis M\u00e8dics de Cl\u00ednica ServiDigest","item":"https:\/\/dev.93-93-113-41.plesk.page\/ca\/servicios\/"},{"@type":"ListItem","position":2,"name":"Endosc\u00f2pia Digestiva Terap\u00e8utica Avan\u00e7ada","item":"https:\/\/dev.93-93-113-41.plesk.page\/ca\/servicios\/endoscopia-digestiva\/"},{"@type":"ListItem","position":3,"name":"Gastrosc\u00f2pia"}]},{"@type":"WebSite","@id":"https:\/\/dev.93-93-113-41.plesk.page\/ca\/#website","url":"https:\/\/dev.93-93-113-41.plesk.page\/ca\/","name":"Servidigest","description":"","publisher":{"@id":"https:\/\/dev.93-93-113-41.plesk.page\/ca\/#organization"},"potentialAction":[{"@type":"SearchAction","target":{"@type":"EntryPoint","urlTemplate":"https:\/\/dev.93-93-113-41.plesk.page\/ca\/?s={search_term_string}"},"query-input":"required name=search_term_string"}],"inLanguage":"ca"},{"@type":"Organization","@id":"https:\/\/dev.93-93-113-41.plesk.page\/ca\/#organization","name":"Servidigest","url":"https:\/\/dev.93-93-113-41.plesk.page\/ca\/","logo":{"@type":"ImageObject","inLanguage":"ca","@id":"https:\/\/dev.93-93-113-41.plesk.page\/ca\/#\/schema\/logo\/image\/","url":"https:\/\/dev.93-93-113-41.plesk.page\/wp-content\/uploads\/2024\/01\/servidigest.png","contentUrl":"https:\/\/dev.93-93-113-41.plesk.page\/wp-content\/uploads\/2024\/01\/servidigest.png","width":808,"height":88,"caption":"Servidigest"},"image":{"@id":"https:\/\/dev.93-93-113-41.plesk.page\/ca\/#\/schema\/logo\/image\/"},"sameAs":["https:\/\/www.facebook.com\/servidigest","https:\/\/x.com\/servidigest"]}]}},"_links":{"self":[{"href":"https:\/\/dev.93-93-113-41.plesk.page\/ca\/wp-json\/wp\/v2\/pages\/7718","targetHints":{"allow":["GET"]}}],"collection":[{"href":"https:\/\/dev.93-93-113-41.plesk.page\/ca\/wp-json\/wp\/v2\/pages"}],"about":[{"href":"https:\/\/dev.93-93-113-41.plesk.page\/ca\/wp-json\/wp\/v2\/types\/page"}],"author":[{"embeddable":true,"href":"https:\/\/dev.93-93-113-41.plesk.page\/ca\/wp-json\/wp\/v2\/users\/1"}],"replies":[{"embeddable":true,"href":"https:\/\/dev.93-93-113-41.plesk.page\/ca\/wp-json\/wp\/v2\/comments?post=7718"}],"version-history":[{"count":1,"href":"https:\/\/dev.93-93-113-41.plesk.page\/ca\/wp-json\/wp\/v2\/pages\/7718\/revisions"}],"predecessor-version":[{"id":34846,"href":"https:\/\/dev.93-93-113-41.plesk.page\/ca\/wp-json\/wp\/v2\/pages\/7718\/revisions\/34846"}],"up":[{"embeddable":true,"href":"https:\/\/dev.93-93-113-41.plesk.page\/ca\/wp-json\/wp\/v2\/pages\/133"}],"wp:attachment":[{"href":"https:\/\/dev.93-93-113-41.plesk.page\/ca\/wp-json\/wp\/v2\/media?parent=7718"}],"curies":[{"name":"wp","href":"https:\/\/api.w.org\/{rel}","templated":true}]}}