{"id":7677,"date":"2015-02-13T19:40:50","date_gmt":"2015-02-13T18:40:50","guid":{"rendered":"https:\/\/dev.93-93-113-41.plesk.page\/?page_id=7677"},"modified":"2024-02-26T17:11:12","modified_gmt":"2024-02-26T16:11:12","slug":"pruija-anal","status":"publish","type":"page","link":"https:\/\/dev.93-93-113-41.plesk.page\/ca\/serveis\/aparell-digestiu\/pruija-anal\/","title":{"rendered":"Pru\u00efja anal"},"content":{"rendered":"<p>El terme pru\u00efja anal fa refer\u00e8ncia al picor recurrent en la regi\u00f3 de l&#8217;anus i pell circumdant.<\/p>\n<p>Es calcula que afecta entre un 1 i 5% de la poblaci\u00f3 general, sent m\u00e9s predominant en homes.<\/p>\n<p>Segons la causa que el produeixi pot ser primari (idiop\u00e0tic o sense causa identificada) o secundari a una causa concreta (hemorroides, fissures, incontin\u00e8ncia, proctitis, carcinoma anal, p\u00f2lips, infeccions, f\u00e0rmacs, malalties de la pell com la psoriasi, dieta, h\u00e0bits de neteja, malalties sist\u00e8miques com la diabetis, etc.).<\/p>\n<p>En alguns casos el rascat que produeix la pru\u00efja anal ocasiona lesions que perpetuen la picor, i fins i tot poden produir-se sobreinfecci\u00f3 de les mateixes.<\/p>\n<p>Per al diagn\u00f2stic sol ser necess\u00e0ria una acurada anamnesi i examen f\u00edsic, al que se li pot sumar, segons la sospita cl\u00ednica, determinacions anal\u00edtiques, estudis de femta, exsudat anal i \/ o valoraci\u00f3 per part de dermat\u00f2leg.<\/p>\n<p>Sol ser recomanable suspendre els f\u00e0rmacs potencialment relacionats, aix\u00ed com evitar els aliments que puguin desencadenar la simptomatologia (te, caf\u00e8, xocolata, esp\u00e8cies, alcohol, c\u00edtrics, fruits secs), no utilitzar peces de vestir ajustades,\u00a0portar les ungles curtes i mantenir la zona neta i seca mitjan\u00e7ant banys de seient (despr\u00e9s de la defecaci\u00f3) seguit d&#8217;un assecat acurat de la zona (evitar paper higi\u00e8nic i sabons).<\/p>\n<p>No obstant aix\u00f2, \u00a0tot i que la majoria de pacients milloren amb el tractament, la recurr\u00e8ncia dels s\u00edmptomes \u00e9s molt freq\u00fcent.<\/p>\n<p>Cl\u00ednica ServiDigest disposa d&#8217;una unitat especialitzada per a l&#8217;estudi i tractament d&#8217;aquesta patologia.<\/p>\n","protected":false},"excerpt":{"rendered":"<div class=\"mh-excerpt\"><p>El terme pru\u00efja anal fa refer\u00e8ncia al picor recurrent en la regi\u00f3 de l&#8217;anus i pell circumdant. Es calcula que afecta entre un 1 i 5% de la poblaci\u00f3 general, sent m\u00e9s predominant en homes. <a class=\"mh-excerpt-more\" href=\"https:\/\/dev.93-93-113-41.plesk.page\/ca\/serveis\/aparell-digestiu\/pruija-anal\/\" title=\"Pru\u00efja anal\">[&#8230;]<\/a><\/p>\n<\/div>","protected":false},"author":1,"featured_media":40111,"parent":34536,"menu_order":14,"comment_status":"closed","ping_status":"closed","template":"","meta":{"footnotes":""},"class_list":["post-7677","page","type-page","status-publish","has-post-thumbnail"],"yoast_head":"<!-- This site is optimized with the Yoast SEO plugin v22.6 - https:\/\/yoast.com\/wordpress\/plugins\/seo\/ -->\n<title>Pru\u00efja anal - Servidigest<\/title>\n<meta name=\"description\" content=\"Pru\u00efja anal\" \/>\n<meta name=\"robots\" content=\"index, follow, max-snippet:-1, max-image-preview:large, max-video-preview:-1\" \/>\n<link rel=\"canonical\" href=\"https:\/\/dev.93-93-113-41.plesk.page\/ca\/serveis\/aparell-digestiu\/pruija-anal\/\" \/>\n<meta property=\"og:locale\" content=\"ca_ES\" \/>\n<meta property=\"og:type\" content=\"article\" \/>\n<meta property=\"og:title\" content=\"Pru\u00efja anal - Servidigest\" \/>\n<meta property=\"og:description\" content=\"Pru\u00efja anal\" \/>\n<meta property=\"og:url\" content=\"https:\/\/dev.93-93-113-41.plesk.page\/ca\/serveis\/aparell-digestiu\/pruija-anal\/\" \/>\n<meta property=\"og:site_name\" content=\"Servidigest\" \/>\n<meta property=\"article:publisher\" content=\"https:\/\/www.facebook.com\/servidigest\" \/>\n<meta property=\"article:modified_time\" content=\"2024-02-26T16:11:12+00:00\" \/>\n<meta property=\"og:image\" content=\"https:\/\/dev.93-93-113-41.plesk.page\/wp-content\/uploads\/2024\/05\/Aparato-Digestivo.jpg\" \/>\n\t<meta property=\"og:image:width\" content=\"768\" \/>\n\t<meta property=\"og:image:height\" content=\"327\" \/>\n\t<meta property=\"og:image:type\" content=\"image\/jpeg\" \/>\n<meta name=\"twitter:card\" content=\"summary_large_image\" \/>\n<meta name=\"twitter:site\" content=\"@servidigest\" \/>\n<meta name=\"twitter:label1\" content=\"Est. reading time\" \/>\n\t<meta name=\"twitter:data1\" content=\"1 minute\" \/>\n<script type=\"application\/ld+json\" class=\"yoast-schema-graph\">{\"@context\":\"https:\/\/schema.org\",\"@graph\":[{\"@type\":\"WebPage\",\"@id\":\"https:\/\/dev.93-93-113-41.plesk.page\/ca\/serveis\/aparell-digestiu\/pruija-anal\/\",\"url\":\"https:\/\/dev.93-93-113-41.plesk.page\/ca\/serveis\/aparell-digestiu\/pruija-anal\/\",\"name\":\"Pru\u00efja anal - Servidigest\",\"isPartOf\":{\"@id\":\"https:\/\/dev.93-93-113-41.plesk.page\/ca\/#website\"},\"primaryImageOfPage\":{\"@id\":\"https:\/\/dev.93-93-113-41.plesk.page\/ca\/serveis\/aparell-digestiu\/pruija-anal\/#primaryimage\"},\"image\":{\"@id\":\"https:\/\/dev.93-93-113-41.plesk.page\/ca\/serveis\/aparell-digestiu\/pruija-anal\/#primaryimage\"},\"thumbnailUrl\":\"https:\/\/dev.93-93-113-41.plesk.page\/wp-content\/uploads\/2024\/05\/Aparato-Digestivo.jpg\",\"datePublished\":\"2015-02-13T18:40:50+00:00\",\"dateModified\":\"2024-02-26T16:11:12+00:00\",\"description\":\"Pru\u00efja anal\",\"breadcrumb\":{\"@id\":\"https:\/\/dev.93-93-113-41.plesk.page\/ca\/serveis\/aparell-digestiu\/pruija-anal\/#breadcrumb\"},\"inLanguage\":\"ca\",\"potentialAction\":[{\"@type\":\"ReadAction\",\"target\":[\"https:\/\/dev.93-93-113-41.plesk.page\/ca\/serveis\/aparell-digestiu\/pruija-anal\/\"]}]},{\"@type\":\"ImageObject\",\"inLanguage\":\"ca\",\"@id\":\"https:\/\/dev.93-93-113-41.plesk.page\/ca\/serveis\/aparell-digestiu\/pruija-anal\/#primaryimage\",\"url\":\"https:\/\/dev.93-93-113-41.plesk.page\/wp-content\/uploads\/2024\/05\/Aparato-Digestivo.jpg\",\"contentUrl\":\"https:\/\/dev.93-93-113-41.plesk.page\/wp-content\/uploads\/2024\/05\/Aparato-Digestivo.jpg\",\"width\":768,\"height\":327},{\"@type\":\"BreadcrumbList\",\"@id\":\"https:\/\/dev.93-93-113-41.plesk.page\/ca\/serveis\/aparell-digestiu\/pruija-anal\/#breadcrumb\",\"itemListElement\":[{\"@type\":\"ListItem\",\"position\":1,\"name\":\"Serveis M\u00e8dics de Cl\u00ednica ServiDigest\",\"item\":\"https:\/\/dev.93-93-113-41.plesk.page\/ca\/servicios\/\"},{\"@type\":\"ListItem\",\"position\":2,\"name\":\"Aparell digestiu\",\"item\":\"https:\/\/dev.93-93-113-41.plesk.page\/ca\/servicios\/aparato-digestivo\/\"},{\"@type\":\"ListItem\",\"position\":3,\"name\":\"Pru\u00efja anal\"}]},{\"@type\":\"WebSite\",\"@id\":\"https:\/\/dev.93-93-113-41.plesk.page\/ca\/#website\",\"url\":\"https:\/\/dev.93-93-113-41.plesk.page\/ca\/\",\"name\":\"Servidigest\",\"description\":\"\",\"publisher\":{\"@id\":\"https:\/\/dev.93-93-113-41.plesk.page\/ca\/#organization\"},\"potentialAction\":[{\"@type\":\"SearchAction\",\"target\":{\"@type\":\"EntryPoint\",\"urlTemplate\":\"https:\/\/dev.93-93-113-41.plesk.page\/ca\/?s={search_term_string}\"},\"query-input\":\"required name=search_term_string\"}],\"inLanguage\":\"ca\"},{\"@type\":\"Organization\",\"@id\":\"https:\/\/dev.93-93-113-41.plesk.page\/ca\/#organization\",\"name\":\"Servidigest\",\"url\":\"https:\/\/dev.93-93-113-41.plesk.page\/ca\/\",\"logo\":{\"@type\":\"ImageObject\",\"inLanguage\":\"ca\",\"@id\":\"https:\/\/dev.93-93-113-41.plesk.page\/ca\/#\/schema\/logo\/image\/\",\"url\":\"https:\/\/dev.93-93-113-41.plesk.page\/wp-content\/uploads\/2024\/01\/servidigest.png\",\"contentUrl\":\"https:\/\/dev.93-93-113-41.plesk.page\/wp-content\/uploads\/2024\/01\/servidigest.png\",\"width\":808,\"height\":88,\"caption\":\"Servidigest\"},\"image\":{\"@id\":\"https:\/\/dev.93-93-113-41.plesk.page\/ca\/#\/schema\/logo\/image\/\"},\"sameAs\":[\"https:\/\/www.facebook.com\/servidigest\",\"https:\/\/x.com\/servidigest\"]}]}<\/script>\n<!-- \/ Yoast SEO plugin. -->","yoast_head_json":{"title":"Pru\u00efja anal - Servidigest","description":"Pru\u00efja anal","robots":{"index":"index","follow":"follow","max-snippet":"max-snippet:-1","max-image-preview":"max-image-preview:large","max-video-preview":"max-video-preview:-1"},"canonical":"https:\/\/dev.93-93-113-41.plesk.page\/ca\/serveis\/aparell-digestiu\/pruija-anal\/","og_locale":"ca_ES","og_type":"article","og_title":"Pru\u00efja anal - Servidigest","og_description":"Pru\u00efja anal","og_url":"https:\/\/dev.93-93-113-41.plesk.page\/ca\/serveis\/aparell-digestiu\/pruija-anal\/","og_site_name":"Servidigest","article_publisher":"https:\/\/www.facebook.com\/servidigest","article_modified_time":"2024-02-26T16:11:12+00:00","og_image":[{"width":768,"height":327,"url":"https:\/\/dev.93-93-113-41.plesk.page\/wp-content\/uploads\/2024\/05\/Aparato-Digestivo.jpg","type":"image\/jpeg"}],"twitter_card":"summary_large_image","twitter_site":"@servidigest","twitter_misc":{"Est. reading time":"1 minute"},"schema":{"@context":"https:\/\/schema.org","@graph":[{"@type":"WebPage","@id":"https:\/\/dev.93-93-113-41.plesk.page\/ca\/serveis\/aparell-digestiu\/pruija-anal\/","url":"https:\/\/dev.93-93-113-41.plesk.page\/ca\/serveis\/aparell-digestiu\/pruija-anal\/","name":"Pru\u00efja anal - Servidigest","isPartOf":{"@id":"https:\/\/dev.93-93-113-41.plesk.page\/ca\/#website"},"primaryImageOfPage":{"@id":"https:\/\/dev.93-93-113-41.plesk.page\/ca\/serveis\/aparell-digestiu\/pruija-anal\/#primaryimage"},"image":{"@id":"https:\/\/dev.93-93-113-41.plesk.page\/ca\/serveis\/aparell-digestiu\/pruija-anal\/#primaryimage"},"thumbnailUrl":"https:\/\/dev.93-93-113-41.plesk.page\/wp-content\/uploads\/2024\/05\/Aparato-Digestivo.jpg","datePublished":"2015-02-13T18:40:50+00:00","dateModified":"2024-02-26T16:11:12+00:00","description":"Pru\u00efja anal","breadcrumb":{"@id":"https:\/\/dev.93-93-113-41.plesk.page\/ca\/serveis\/aparell-digestiu\/pruija-anal\/#breadcrumb"},"inLanguage":"ca","potentialAction":[{"@type":"ReadAction","target":["https:\/\/dev.93-93-113-41.plesk.page\/ca\/serveis\/aparell-digestiu\/pruija-anal\/"]}]},{"@type":"ImageObject","inLanguage":"ca","@id":"https:\/\/dev.93-93-113-41.plesk.page\/ca\/serveis\/aparell-digestiu\/pruija-anal\/#primaryimage","url":"https:\/\/dev.93-93-113-41.plesk.page\/wp-content\/uploads\/2024\/05\/Aparato-Digestivo.jpg","contentUrl":"https:\/\/dev.93-93-113-41.plesk.page\/wp-content\/uploads\/2024\/05\/Aparato-Digestivo.jpg","width":768,"height":327},{"@type":"BreadcrumbList","@id":"https:\/\/dev.93-93-113-41.plesk.page\/ca\/serveis\/aparell-digestiu\/pruija-anal\/#breadcrumb","itemListElement":[{"@type":"ListItem","position":1,"name":"Serveis M\u00e8dics de Cl\u00ednica ServiDigest","item":"https:\/\/dev.93-93-113-41.plesk.page\/ca\/servicios\/"},{"@type":"ListItem","position":2,"name":"Aparell digestiu","item":"https:\/\/dev.93-93-113-41.plesk.page\/ca\/servicios\/aparato-digestivo\/"},{"@type":"ListItem","position":3,"name":"Pru\u00efja anal"}]},{"@type":"WebSite","@id":"https:\/\/dev.93-93-113-41.plesk.page\/ca\/#website","url":"https:\/\/dev.93-93-113-41.plesk.page\/ca\/","name":"Servidigest","description":"","publisher":{"@id":"https:\/\/dev.93-93-113-41.plesk.page\/ca\/#organization"},"potentialAction":[{"@type":"SearchAction","target":{"@type":"EntryPoint","urlTemplate":"https:\/\/dev.93-93-113-41.plesk.page\/ca\/?s={search_term_string}"},"query-input":"required name=search_term_string"}],"inLanguage":"ca"},{"@type":"Organization","@id":"https:\/\/dev.93-93-113-41.plesk.page\/ca\/#organization","name":"Servidigest","url":"https:\/\/dev.93-93-113-41.plesk.page\/ca\/","logo":{"@type":"ImageObject","inLanguage":"ca","@id":"https:\/\/dev.93-93-113-41.plesk.page\/ca\/#\/schema\/logo\/image\/","url":"https:\/\/dev.93-93-113-41.plesk.page\/wp-content\/uploads\/2024\/01\/servidigest.png","contentUrl":"https:\/\/dev.93-93-113-41.plesk.page\/wp-content\/uploads\/2024\/01\/servidigest.png","width":808,"height":88,"caption":"Servidigest"},"image":{"@id":"https:\/\/dev.93-93-113-41.plesk.page\/ca\/#\/schema\/logo\/image\/"},"sameAs":["https:\/\/www.facebook.com\/servidigest","https:\/\/x.com\/servidigest"]}]}},"_links":{"self":[{"href":"https:\/\/dev.93-93-113-41.plesk.page\/ca\/wp-json\/wp\/v2\/pages\/7677","targetHints":{"allow":["GET"]}}],"collection":[{"href":"https:\/\/dev.93-93-113-41.plesk.page\/ca\/wp-json\/wp\/v2\/pages"}],"about":[{"href":"https:\/\/dev.93-93-113-41.plesk.page\/ca\/wp-json\/wp\/v2\/types\/page"}],"author":[{"embeddable":true,"href":"https:\/\/dev.93-93-113-41.plesk.page\/ca\/wp-json\/wp\/v2\/users\/1"}],"replies":[{"embeddable":true,"href":"https:\/\/dev.93-93-113-41.plesk.page\/ca\/wp-json\/wp\/v2\/comments?post=7677"}],"version-history":[{"count":1,"href":"https:\/\/dev.93-93-113-41.plesk.page\/ca\/wp-json\/wp\/v2\/pages\/7677\/revisions"}],"predecessor-version":[{"id":34844,"href":"https:\/\/dev.93-93-113-41.plesk.page\/ca\/wp-json\/wp\/v2\/pages\/7677\/revisions\/34844"}],"up":[{"embeddable":true,"href":"https:\/\/dev.93-93-113-41.plesk.page\/ca\/wp-json\/wp\/v2\/pages\/34536"}],"wp:featuredmedia":[{"embeddable":true,"href":"https:\/\/dev.93-93-113-41.plesk.page\/ca\/wp-json\/wp\/v2\/media\/40111"}],"wp:attachment":[{"href":"https:\/\/dev.93-93-113-41.plesk.page\/ca\/wp-json\/wp\/v2\/media?parent=7677"}],"curies":[{"name":"wp","href":"https:\/\/api.w.org\/{rel}","templated":true}]}}