{"id":7665,"date":"2015-02-13T19:03:21","date_gmt":"2015-02-13T18:03:21","guid":{"rendered":"https:\/\/dev.93-93-113-41.plesk.page\/?page_id=7665"},"modified":"2024-02-26T17:11:11","modified_gmt":"2024-02-26T16:11:11","slug":"hemorroides","status":"publish","type":"page","link":"https:\/\/dev.93-93-113-41.plesk.page\/ca\/serveis\/cirurgia-general-i-digestiva\/hemorroides\/","title":{"rendered":"Hemorroides"},"content":{"rendered":"<p>Les hemorroides s\u00f3n plexes vasculars arterio-venosos distribu\u00efts al voltant del canal anal.<\/p>\n<p>La malaltia hemorro\u00efdal succeeix quan es produeixen s\u00edmptomes i signes secundaris a una alteraci\u00f3 estructural de les hemorroides.<\/p>\n<p>La classificaci\u00f3 m\u00e9s utilitzada \u00e9s la que les divideix en quatre graus, grau I (sobresurten al canal anal per\u00f2 no descendeixen per sota de la l\u00ednia dentada), grau II (prolapsan al canal anal davant maniobres de defecaci\u00f3 per\u00f2 desapareixen espont\u00e0niament en cessar l&#8217;esfor\u00e7 ), grau III (el prolapse descendeix per sota del marge anal i nom\u00e9s es redueixen amb maniobres digitals), grau IV (el prolapse es mant\u00e9 cont\u00ednuament per sota del marge anal).<\/p>\n<p>Els s\u00edmptomes cl\u00e0ssics de la malaltia hemorro\u00efdal s\u00f3n el dolor, pru\u00efja, prolapse o sagnat, que sol ser de sang vermella, fresca, i d&#8217;escassa quantitat.<\/p>\n<p>El diagn\u00f2stic de la malaltia hemorro\u00efdal s&#8217;estableix mitjan\u00e7ant examen f\u00edsic (inspecci\u00f3 anal, tacte rectal), sent necess\u00e0ria en alguns casos la realitzaci\u00f3 de rectosigmoidosc\u00f2pia o colonosc\u00f2pia.<\/p>\n<p>Pel que fa al tractament, es recomana a tots els pacients que adoptin mesures higi\u00e8nic-diet\u00e8tiques per aconseguir un h\u00e0bit evacuatori sense esfor\u00e7, amb reducci\u00f3 de la consist\u00e8ncia d&#8217;excrements, i que realitzin una neteja suau de la regi\u00f3 anal.<\/p>\n<p>En ocasions pot ser necess\u00e0ria la utilitzaci\u00f3 de pomades anti-hemorroidales t\u00f2piques que contenen corticosteroides, anest\u00e8sics i antis\u00e8ptics en diferents proporcions.<\/p>\n<p>En cas de frac\u00e0s a les mesures pr\u00e8viament comentades i en pacients amb hemorroides grau II-III, es poden aplicar tractaments m\u00ednimament invasius com la lligadura amb banda el\u00e0stica, la escleroter\u00e0pia, l\u00e0ser, infrarojos, o la coagulaci\u00f3 bipolar.<\/p>\n<p>En refractaris amb graus III-IV, sol recomanar el tractament quir\u00fargic cl\u00e0ssic. \u00c9s important destacar que davant l&#8217;aparici\u00f3 d&#8217;un dolor intens i agut s&#8217;ha de descartar la pres\u00e8ncia d&#8217;una trombosi hemorro\u00efdal que requereix d&#8217;un tractament espec\u00edfic quir\u00fargic (trombectom\u00eda). En aquests casos sol ser necessari afegir analg\u00e8sics i antiinflamatoris almenys els primers dies.<\/p>\n<p>\u00c9s important que en cas de presentar alguns dels s\u00edmptomes anteriorment descrits, consulti a un especialista per determinar les causes, seleccionar el millor tractament, a m\u00e9s de con\u00e8ixer el control i seguiment apropiat en cada cas individual.<\/p>\n<p>Cl\u00ednica ServiDigest disposa d&#8217;una unitat especialitzada per a l&#8217;estudi i tractament d&#8217;aquesta patologia.<\/p>\n","protected":false},"excerpt":{"rendered":"<div class=\"mh-excerpt\"><p>Les hemorroides s\u00f3n plexes vasculars arterio-venosos distribu\u00efts al voltant del canal anal. La malaltia hemorro\u00efdal succeeix quan es produeixen s\u00edmptomes i signes secundaris a una alteraci\u00f3 estructural de les hemorroides. La classificaci\u00f3 m\u00e9s utilitzada \u00e9s <a class=\"mh-excerpt-more\" href=\"https:\/\/dev.93-93-113-41.plesk.page\/ca\/serveis\/cirurgia-general-i-digestiva\/hemorroides\/\" title=\"Hemorroides\">[&#8230;]<\/a><\/p>\n<\/div>","protected":false},"author":1,"featured_media":0,"parent":731,"menu_order":10,"comment_status":"closed","ping_status":"closed","template":"","meta":{"footnotes":""},"class_list":["post-7665","page","type-page","status-publish"],"yoast_head":"<!-- This site is optimized with the Yoast SEO plugin v22.6 - https:\/\/yoast.com\/wordpress\/plugins\/seo\/ -->\n<title>Hemorroides - Servidigest<\/title>\n<meta name=\"description\" content=\"Hemorroides\" \/>\n<meta name=\"robots\" content=\"index, follow, max-snippet:-1, max-image-preview:large, max-video-preview:-1\" \/>\n<link rel=\"canonical\" href=\"https:\/\/dev.93-93-113-41.plesk.page\/ca\/serveis\/cirurgia-general-i-digestiva\/hemorroides\/\" \/>\n<meta property=\"og:locale\" content=\"ca_ES\" \/>\n<meta property=\"og:type\" content=\"article\" \/>\n<meta property=\"og:title\" content=\"Hemorroides - Servidigest\" \/>\n<meta property=\"og:description\" content=\"Hemorroides\" \/>\n<meta property=\"og:url\" content=\"https:\/\/dev.93-93-113-41.plesk.page\/ca\/serveis\/cirurgia-general-i-digestiva\/hemorroides\/\" \/>\n<meta property=\"og:site_name\" content=\"Servidigest\" \/>\n<meta property=\"article:publisher\" content=\"https:\/\/www.facebook.com\/servidigest\" \/>\n<meta property=\"article:modified_time\" content=\"2024-02-26T16:11:11+00:00\" \/>\n<meta name=\"twitter:card\" content=\"summary_large_image\" \/>\n<meta name=\"twitter:site\" content=\"@servidigest\" \/>\n<meta name=\"twitter:label1\" content=\"Est. reading time\" \/>\n\t<meta name=\"twitter:data1\" content=\"2 minutes\" \/>\n<script type=\"application\/ld+json\" class=\"yoast-schema-graph\">{\"@context\":\"https:\/\/schema.org\",\"@graph\":[{\"@type\":\"WebPage\",\"@id\":\"https:\/\/dev.93-93-113-41.plesk.page\/ca\/serveis\/cirurgia-general-i-digestiva\/hemorroides\/\",\"url\":\"https:\/\/dev.93-93-113-41.plesk.page\/ca\/serveis\/cirurgia-general-i-digestiva\/hemorroides\/\",\"name\":\"Hemorroides - Servidigest\",\"isPartOf\":{\"@id\":\"https:\/\/dev.93-93-113-41.plesk.page\/ca\/#website\"},\"datePublished\":\"2015-02-13T18:03:21+00:00\",\"dateModified\":\"2024-02-26T16:11:11+00:00\",\"description\":\"Hemorroides\",\"breadcrumb\":{\"@id\":\"https:\/\/dev.93-93-113-41.plesk.page\/ca\/serveis\/cirurgia-general-i-digestiva\/hemorroides\/#breadcrumb\"},\"inLanguage\":\"ca\",\"potentialAction\":[{\"@type\":\"ReadAction\",\"target\":[\"https:\/\/dev.93-93-113-41.plesk.page\/ca\/serveis\/cirurgia-general-i-digestiva\/hemorroides\/\"]}]},{\"@type\":\"BreadcrumbList\",\"@id\":\"https:\/\/dev.93-93-113-41.plesk.page\/ca\/serveis\/cirurgia-general-i-digestiva\/hemorroides\/#breadcrumb\",\"itemListElement\":[{\"@type\":\"ListItem\",\"position\":1,\"name\":\"Serveis M\u00e8dics de Cl\u00ednica ServiDigest\",\"item\":\"https:\/\/dev.93-93-113-41.plesk.page\/ca\/servicios\/\"},{\"@type\":\"ListItem\",\"position\":2,\"name\":\"Cirurgia General i Digestiva\",\"item\":\"https:\/\/dev.93-93-113-41.plesk.page\/ca\/servicios\/cirugia-general-y-digestiva\/\"},{\"@type\":\"ListItem\",\"position\":3,\"name\":\"Hemorroides\"}]},{\"@type\":\"WebSite\",\"@id\":\"https:\/\/dev.93-93-113-41.plesk.page\/ca\/#website\",\"url\":\"https:\/\/dev.93-93-113-41.plesk.page\/ca\/\",\"name\":\"Servidigest\",\"description\":\"\",\"publisher\":{\"@id\":\"https:\/\/dev.93-93-113-41.plesk.page\/ca\/#organization\"},\"potentialAction\":[{\"@type\":\"SearchAction\",\"target\":{\"@type\":\"EntryPoint\",\"urlTemplate\":\"https:\/\/dev.93-93-113-41.plesk.page\/ca\/?s={search_term_string}\"},\"query-input\":\"required name=search_term_string\"}],\"inLanguage\":\"ca\"},{\"@type\":\"Organization\",\"@id\":\"https:\/\/dev.93-93-113-41.plesk.page\/ca\/#organization\",\"name\":\"Servidigest\",\"url\":\"https:\/\/dev.93-93-113-41.plesk.page\/ca\/\",\"logo\":{\"@type\":\"ImageObject\",\"inLanguage\":\"ca\",\"@id\":\"https:\/\/dev.93-93-113-41.plesk.page\/ca\/#\/schema\/logo\/image\/\",\"url\":\"https:\/\/dev.93-93-113-41.plesk.page\/wp-content\/uploads\/2024\/01\/servidigest.png\",\"contentUrl\":\"https:\/\/dev.93-93-113-41.plesk.page\/wp-content\/uploads\/2024\/01\/servidigest.png\",\"width\":808,\"height\":88,\"caption\":\"Servidigest\"},\"image\":{\"@id\":\"https:\/\/dev.93-93-113-41.plesk.page\/ca\/#\/schema\/logo\/image\/\"},\"sameAs\":[\"https:\/\/www.facebook.com\/servidigest\",\"https:\/\/x.com\/servidigest\"]}]}<\/script>\n<!-- \/ Yoast SEO plugin. -->","yoast_head_json":{"title":"Hemorroides - Servidigest","description":"Hemorroides","robots":{"index":"index","follow":"follow","max-snippet":"max-snippet:-1","max-image-preview":"max-image-preview:large","max-video-preview":"max-video-preview:-1"},"canonical":"https:\/\/dev.93-93-113-41.plesk.page\/ca\/serveis\/cirurgia-general-i-digestiva\/hemorroides\/","og_locale":"ca_ES","og_type":"article","og_title":"Hemorroides - Servidigest","og_description":"Hemorroides","og_url":"https:\/\/dev.93-93-113-41.plesk.page\/ca\/serveis\/cirurgia-general-i-digestiva\/hemorroides\/","og_site_name":"Servidigest","article_publisher":"https:\/\/www.facebook.com\/servidigest","article_modified_time":"2024-02-26T16:11:11+00:00","twitter_card":"summary_large_image","twitter_site":"@servidigest","twitter_misc":{"Est. reading time":"2 minutes"},"schema":{"@context":"https:\/\/schema.org","@graph":[{"@type":"WebPage","@id":"https:\/\/dev.93-93-113-41.plesk.page\/ca\/serveis\/cirurgia-general-i-digestiva\/hemorroides\/","url":"https:\/\/dev.93-93-113-41.plesk.page\/ca\/serveis\/cirurgia-general-i-digestiva\/hemorroides\/","name":"Hemorroides - Servidigest","isPartOf":{"@id":"https:\/\/dev.93-93-113-41.plesk.page\/ca\/#website"},"datePublished":"2015-02-13T18:03:21+00:00","dateModified":"2024-02-26T16:11:11+00:00","description":"Hemorroides","breadcrumb":{"@id":"https:\/\/dev.93-93-113-41.plesk.page\/ca\/serveis\/cirurgia-general-i-digestiva\/hemorroides\/#breadcrumb"},"inLanguage":"ca","potentialAction":[{"@type":"ReadAction","target":["https:\/\/dev.93-93-113-41.plesk.page\/ca\/serveis\/cirurgia-general-i-digestiva\/hemorroides\/"]}]},{"@type":"BreadcrumbList","@id":"https:\/\/dev.93-93-113-41.plesk.page\/ca\/serveis\/cirurgia-general-i-digestiva\/hemorroides\/#breadcrumb","itemListElement":[{"@type":"ListItem","position":1,"name":"Serveis M\u00e8dics de Cl\u00ednica ServiDigest","item":"https:\/\/dev.93-93-113-41.plesk.page\/ca\/servicios\/"},{"@type":"ListItem","position":2,"name":"Cirurgia General i Digestiva","item":"https:\/\/dev.93-93-113-41.plesk.page\/ca\/servicios\/cirugia-general-y-digestiva\/"},{"@type":"ListItem","position":3,"name":"Hemorroides"}]},{"@type":"WebSite","@id":"https:\/\/dev.93-93-113-41.plesk.page\/ca\/#website","url":"https:\/\/dev.93-93-113-41.plesk.page\/ca\/","name":"Servidigest","description":"","publisher":{"@id":"https:\/\/dev.93-93-113-41.plesk.page\/ca\/#organization"},"potentialAction":[{"@type":"SearchAction","target":{"@type":"EntryPoint","urlTemplate":"https:\/\/dev.93-93-113-41.plesk.page\/ca\/?s={search_term_string}"},"query-input":"required name=search_term_string"}],"inLanguage":"ca"},{"@type":"Organization","@id":"https:\/\/dev.93-93-113-41.plesk.page\/ca\/#organization","name":"Servidigest","url":"https:\/\/dev.93-93-113-41.plesk.page\/ca\/","logo":{"@type":"ImageObject","inLanguage":"ca","@id":"https:\/\/dev.93-93-113-41.plesk.page\/ca\/#\/schema\/logo\/image\/","url":"https:\/\/dev.93-93-113-41.plesk.page\/wp-content\/uploads\/2024\/01\/servidigest.png","contentUrl":"https:\/\/dev.93-93-113-41.plesk.page\/wp-content\/uploads\/2024\/01\/servidigest.png","width":808,"height":88,"caption":"Servidigest"},"image":{"@id":"https:\/\/dev.93-93-113-41.plesk.page\/ca\/#\/schema\/logo\/image\/"},"sameAs":["https:\/\/www.facebook.com\/servidigest","https:\/\/x.com\/servidigest"]}]}},"_links":{"self":[{"href":"https:\/\/dev.93-93-113-41.plesk.page\/ca\/wp-json\/wp\/v2\/pages\/7665","targetHints":{"allow":["GET"]}}],"collection":[{"href":"https:\/\/dev.93-93-113-41.plesk.page\/ca\/wp-json\/wp\/v2\/pages"}],"about":[{"href":"https:\/\/dev.93-93-113-41.plesk.page\/ca\/wp-json\/wp\/v2\/types\/page"}],"author":[{"embeddable":true,"href":"https:\/\/dev.93-93-113-41.plesk.page\/ca\/wp-json\/wp\/v2\/users\/1"}],"replies":[{"embeddable":true,"href":"https:\/\/dev.93-93-113-41.plesk.page\/ca\/wp-json\/wp\/v2\/comments?post=7665"}],"version-history":[{"count":1,"href":"https:\/\/dev.93-93-113-41.plesk.page\/ca\/wp-json\/wp\/v2\/pages\/7665\/revisions"}],"predecessor-version":[{"id":34838,"href":"https:\/\/dev.93-93-113-41.plesk.page\/ca\/wp-json\/wp\/v2\/pages\/7665\/revisions\/34838"}],"up":[{"embeddable":true,"href":"https:\/\/dev.93-93-113-41.plesk.page\/ca\/wp-json\/wp\/v2\/pages\/731"}],"wp:attachment":[{"href":"https:\/\/dev.93-93-113-41.plesk.page\/ca\/wp-json\/wp\/v2\/media?parent=7665"}],"curies":[{"name":"wp","href":"https:\/\/api.w.org\/{rel}","templated":true}]}}