{"id":766,"date":"2014-06-20T12:56:23","date_gmt":"2014-06-20T10:56:23","guid":{"rendered":"https:\/\/dev.93-93-113-41.plesk.page\/?page_id=766"},"modified":"2024-02-26T17:10:25","modified_gmt":"2024-02-26T16:10:25","slug":"quan-no","status":"publish","type":"page","link":"https:\/\/dev.93-93-113-41.plesk.page\/ca\/serveis\/aparell-digestiu\/hidroterapia-de-colon\/quan-no\/","title":{"rendered":"Quan no?"},"content":{"rendered":"<p><strong>Contraindicacions: Quan no farem una Hidroter\u00e0pia del C\u00f2lon?<\/strong><\/p>\n<ul>\n<li>Embar\u00e0s.<\/li>\n<li>Abdomen agut.<\/li>\n<li>Malalties anals en fase de brot agut per impossibilitat d\u2019introduir la c\u00e0nula.<\/li>\n<li>Diverticulitis aguda.<\/li>\n<li>Malaltia inflamat\u00f2ria intestinal (colitis ulcerosa I malaltia de Crohn) en fase aguda.<\/li>\n<li>Postcirurgia o radioterapia abdominal o de rectocolon recent.<\/li>\n<li>Cardiopaties severes. Cirrosi hep\u00e0tica. Insufici\u00e8ncia renal.<\/li>\n<\/ul>\n<p><strong>La Hidroter\u00e0pia de C\u00f2lon \u00e9s un tractament complicat?<\/strong><\/p>\n<p><strong>No \u00e9s necessari cap preparaci\u00f3 ni tractament previ<\/strong> i no t\u00e9 cap efecte indesitjable encara que si pateix alguna malaltia que plantegi algun dubte, pot realitzar-se una visita pr\u00e8via amb un metge especialista de <strong>ServiDigest<\/strong> per tal de valorar les indicacions en el seu cas i descartar que pugui existir alguna contraindicaci\u00f3.<\/p>\n<p>Tamb\u00e9 si ho desitja pot programar-se un control m\u00e8dic posterior per valorar els resultats i instaurar les mesures higi\u00e8nic-diet\u00e8tiques o tractaments que siguin precisos per mantenir els beneficis obtinguts.<\/p>\n<p>El rentat, a trav\u00e9s d&#8217;una c\u00e0nula especialment dissenyada i d&#8217;un sol \u00fas que s&#8217;introdueix per l&#8217;anus, provoca successives pressions d&#8217;evacuaci\u00f3, eliminant les mat\u00e8ries fecals adherides a les parets del c\u00f2lon i els gasos, sense esfor\u00e7 per part del pacient, i neteja la mucosa intestinal tornant-li la seva elasticitat i assegurant-li un bon funcionament.<\/p>\n<p><strong>Un tractament complet de tot el c\u00f2lon sol necessitar unes tres sessions. Cada sessi\u00f3 dura aproximadament uns 45 minuts.<\/strong><\/p>\n<p>En general es recomana ,per a una persona aparentment sana, un tractament complet cada 6-12 mesos per mantenir una higiene intestinal en perfecte estat, per\u00f2 <strong>cal individualitzar la freq\u00fc\u00e8ncia segons les diferents indicacions i els resultats obtinguts<\/strong>.<\/p>\n","protected":false},"excerpt":{"rendered":"<div class=\"mh-excerpt\"><p>Contraindicacions: Quan no farem una Hidroter\u00e0pia del C\u00f2lon? Embar\u00e0s. Abdomen agut. Malalties anals en fase de brot agut per impossibilitat d\u2019introduir la c\u00e0nula. Diverticulitis aguda. Malaltia inflamat\u00f2ria intestinal (colitis ulcerosa I malaltia de Crohn) en <a class=\"mh-excerpt-more\" href=\"https:\/\/dev.93-93-113-41.plesk.page\/ca\/serveis\/aparell-digestiu\/hidroterapia-de-colon\/quan-no\/\" title=\"Quan no?\">[&#8230;]<\/a><\/p>\n<\/div>","protected":false},"author":1,"featured_media":0,"parent":754,"menu_order":8,"comment_status":"closed","ping_status":"closed","template":"","meta":{"footnotes":""},"class_list":["post-766","page","type-page","status-publish"],"yoast_head":"<!-- This site is optimized with the Yoast SEO plugin v22.6 - https:\/\/yoast.com\/wordpress\/plugins\/seo\/ -->\n<title>Quan no? - Servidigest<\/title>\n<meta name=\"robots\" content=\"index, follow, max-snippet:-1, max-image-preview:large, max-video-preview:-1\" \/>\n<link rel=\"canonical\" href=\"https:\/\/dev.93-93-113-41.plesk.page\/ca\/serveis\/aparell-digestiu\/hidroterapia-de-colon\/quan-no\/\" \/>\n<meta property=\"og:locale\" content=\"ca_ES\" \/>\n<meta property=\"og:type\" content=\"article\" \/>\n<meta property=\"og:title\" content=\"Quan no? - Servidigest\" \/>\n<meta property=\"og:description\" content=\"Contraindicacions: Quan no farem una Hidroter\u00e0pia del C\u00f2lon? Embar\u00e0s. Abdomen agut. Malalties anals en fase de brot agut per impossibilitat d\u2019introduir la c\u00e0nula. Diverticulitis aguda. Malaltia inflamat\u00f2ria intestinal (colitis ulcerosa I malaltia de Crohn) en [...]\" \/>\n<meta property=\"og:url\" content=\"https:\/\/dev.93-93-113-41.plesk.page\/ca\/serveis\/aparell-digestiu\/hidroterapia-de-colon\/quan-no\/\" \/>\n<meta property=\"og:site_name\" content=\"Servidigest\" \/>\n<meta property=\"article:publisher\" content=\"https:\/\/www.facebook.com\/servidigest\" \/>\n<meta property=\"article:modified_time\" content=\"2024-02-26T16:10:25+00:00\" \/>\n<meta name=\"twitter:card\" content=\"summary_large_image\" \/>\n<meta name=\"twitter:site\" content=\"@servidigest\" \/>\n<meta name=\"twitter:label1\" content=\"Est. reading time\" \/>\n\t<meta name=\"twitter:data1\" content=\"1 minute\" \/>\n<script type=\"application\/ld+json\" class=\"yoast-schema-graph\">{\"@context\":\"https:\/\/schema.org\",\"@graph\":[{\"@type\":\"WebPage\",\"@id\":\"https:\/\/dev.93-93-113-41.plesk.page\/ca\/serveis\/aparell-digestiu\/hidroterapia-de-colon\/quan-no\/\",\"url\":\"https:\/\/dev.93-93-113-41.plesk.page\/ca\/serveis\/aparell-digestiu\/hidroterapia-de-colon\/quan-no\/\",\"name\":\"Quan no? - Servidigest\",\"isPartOf\":{\"@id\":\"https:\/\/dev.93-93-113-41.plesk.page\/ca\/#website\"},\"datePublished\":\"2014-06-20T10:56:23+00:00\",\"dateModified\":\"2024-02-26T16:10:25+00:00\",\"breadcrumb\":{\"@id\":\"https:\/\/dev.93-93-113-41.plesk.page\/ca\/serveis\/aparell-digestiu\/hidroterapia-de-colon\/quan-no\/#breadcrumb\"},\"inLanguage\":\"ca\",\"potentialAction\":[{\"@type\":\"ReadAction\",\"target\":[\"https:\/\/dev.93-93-113-41.plesk.page\/ca\/serveis\/aparell-digestiu\/hidroterapia-de-colon\/quan-no\/\"]}]},{\"@type\":\"BreadcrumbList\",\"@id\":\"https:\/\/dev.93-93-113-41.plesk.page\/ca\/serveis\/aparell-digestiu\/hidroterapia-de-colon\/quan-no\/#breadcrumb\",\"itemListElement\":[{\"@type\":\"ListItem\",\"position\":1,\"name\":\"Serveis M\u00e8dics de Cl\u00ednica ServiDigest\",\"item\":\"https:\/\/dev.93-93-113-41.plesk.page\/ca\/servicios\/\"},{\"@type\":\"ListItem\",\"position\":2,\"name\":\"Aparell digestiu\",\"item\":\"https:\/\/dev.93-93-113-41.plesk.page\/ca\/servicios\/aparato-digestivo\/\"},{\"@type\":\"ListItem\",\"position\":3,\"name\":\"Hidroter\u00e0pia de C\u00f2lon\",\"item\":\"https:\/\/dev.93-93-113-41.plesk.page\/ca\/serveis\/aparell-digestiu\/hidroterapia-de-colon\/\"},{\"@type\":\"ListItem\",\"position\":4,\"name\":\"Quan no?\"}]},{\"@type\":\"WebSite\",\"@id\":\"https:\/\/dev.93-93-113-41.plesk.page\/ca\/#website\",\"url\":\"https:\/\/dev.93-93-113-41.plesk.page\/ca\/\",\"name\":\"Servidigest\",\"description\":\"\",\"publisher\":{\"@id\":\"https:\/\/dev.93-93-113-41.plesk.page\/ca\/#organization\"},\"potentialAction\":[{\"@type\":\"SearchAction\",\"target\":{\"@type\":\"EntryPoint\",\"urlTemplate\":\"https:\/\/dev.93-93-113-41.plesk.page\/ca\/?s={search_term_string}\"},\"query-input\":\"required name=search_term_string\"}],\"inLanguage\":\"ca\"},{\"@type\":\"Organization\",\"@id\":\"https:\/\/dev.93-93-113-41.plesk.page\/ca\/#organization\",\"name\":\"Servidigest\",\"url\":\"https:\/\/dev.93-93-113-41.plesk.page\/ca\/\",\"logo\":{\"@type\":\"ImageObject\",\"inLanguage\":\"ca\",\"@id\":\"https:\/\/dev.93-93-113-41.plesk.page\/ca\/#\/schema\/logo\/image\/\",\"url\":\"https:\/\/dev.93-93-113-41.plesk.page\/wp-content\/uploads\/2024\/01\/servidigest.png\",\"contentUrl\":\"https:\/\/dev.93-93-113-41.plesk.page\/wp-content\/uploads\/2024\/01\/servidigest.png\",\"width\":808,\"height\":88,\"caption\":\"Servidigest\"},\"image\":{\"@id\":\"https:\/\/dev.93-93-113-41.plesk.page\/ca\/#\/schema\/logo\/image\/\"},\"sameAs\":[\"https:\/\/www.facebook.com\/servidigest\",\"https:\/\/x.com\/servidigest\"]}]}<\/script>\n<!-- \/ Yoast SEO plugin. -->","yoast_head_json":{"title":"Quan no? - Servidigest","robots":{"index":"index","follow":"follow","max-snippet":"max-snippet:-1","max-image-preview":"max-image-preview:large","max-video-preview":"max-video-preview:-1"},"canonical":"https:\/\/dev.93-93-113-41.plesk.page\/ca\/serveis\/aparell-digestiu\/hidroterapia-de-colon\/quan-no\/","og_locale":"ca_ES","og_type":"article","og_title":"Quan no? - Servidigest","og_description":"Contraindicacions: Quan no farem una Hidroter\u00e0pia del C\u00f2lon? Embar\u00e0s. Abdomen agut. Malalties anals en fase de brot agut per impossibilitat d\u2019introduir la c\u00e0nula. Diverticulitis aguda. Malaltia inflamat\u00f2ria intestinal (colitis ulcerosa I malaltia de Crohn) en [...]","og_url":"https:\/\/dev.93-93-113-41.plesk.page\/ca\/serveis\/aparell-digestiu\/hidroterapia-de-colon\/quan-no\/","og_site_name":"Servidigest","article_publisher":"https:\/\/www.facebook.com\/servidigest","article_modified_time":"2024-02-26T16:10:25+00:00","twitter_card":"summary_large_image","twitter_site":"@servidigest","twitter_misc":{"Est. reading time":"1 minute"},"schema":{"@context":"https:\/\/schema.org","@graph":[{"@type":"WebPage","@id":"https:\/\/dev.93-93-113-41.plesk.page\/ca\/serveis\/aparell-digestiu\/hidroterapia-de-colon\/quan-no\/","url":"https:\/\/dev.93-93-113-41.plesk.page\/ca\/serveis\/aparell-digestiu\/hidroterapia-de-colon\/quan-no\/","name":"Quan no? - Servidigest","isPartOf":{"@id":"https:\/\/dev.93-93-113-41.plesk.page\/ca\/#website"},"datePublished":"2014-06-20T10:56:23+00:00","dateModified":"2024-02-26T16:10:25+00:00","breadcrumb":{"@id":"https:\/\/dev.93-93-113-41.plesk.page\/ca\/serveis\/aparell-digestiu\/hidroterapia-de-colon\/quan-no\/#breadcrumb"},"inLanguage":"ca","potentialAction":[{"@type":"ReadAction","target":["https:\/\/dev.93-93-113-41.plesk.page\/ca\/serveis\/aparell-digestiu\/hidroterapia-de-colon\/quan-no\/"]}]},{"@type":"BreadcrumbList","@id":"https:\/\/dev.93-93-113-41.plesk.page\/ca\/serveis\/aparell-digestiu\/hidroterapia-de-colon\/quan-no\/#breadcrumb","itemListElement":[{"@type":"ListItem","position":1,"name":"Serveis M\u00e8dics de Cl\u00ednica ServiDigest","item":"https:\/\/dev.93-93-113-41.plesk.page\/ca\/servicios\/"},{"@type":"ListItem","position":2,"name":"Aparell digestiu","item":"https:\/\/dev.93-93-113-41.plesk.page\/ca\/servicios\/aparato-digestivo\/"},{"@type":"ListItem","position":3,"name":"Hidroter\u00e0pia de C\u00f2lon","item":"https:\/\/dev.93-93-113-41.plesk.page\/ca\/serveis\/aparell-digestiu\/hidroterapia-de-colon\/"},{"@type":"ListItem","position":4,"name":"Quan no?"}]},{"@type":"WebSite","@id":"https:\/\/dev.93-93-113-41.plesk.page\/ca\/#website","url":"https:\/\/dev.93-93-113-41.plesk.page\/ca\/","name":"Servidigest","description":"","publisher":{"@id":"https:\/\/dev.93-93-113-41.plesk.page\/ca\/#organization"},"potentialAction":[{"@type":"SearchAction","target":{"@type":"EntryPoint","urlTemplate":"https:\/\/dev.93-93-113-41.plesk.page\/ca\/?s={search_term_string}"},"query-input":"required name=search_term_string"}],"inLanguage":"ca"},{"@type":"Organization","@id":"https:\/\/dev.93-93-113-41.plesk.page\/ca\/#organization","name":"Servidigest","url":"https:\/\/dev.93-93-113-41.plesk.page\/ca\/","logo":{"@type":"ImageObject","inLanguage":"ca","@id":"https:\/\/dev.93-93-113-41.plesk.page\/ca\/#\/schema\/logo\/image\/","url":"https:\/\/dev.93-93-113-41.plesk.page\/wp-content\/uploads\/2024\/01\/servidigest.png","contentUrl":"https:\/\/dev.93-93-113-41.plesk.page\/wp-content\/uploads\/2024\/01\/servidigest.png","width":808,"height":88,"caption":"Servidigest"},"image":{"@id":"https:\/\/dev.93-93-113-41.plesk.page\/ca\/#\/schema\/logo\/image\/"},"sameAs":["https:\/\/www.facebook.com\/servidigest","https:\/\/x.com\/servidigest"]}]}},"_links":{"self":[{"href":"https:\/\/dev.93-93-113-41.plesk.page\/ca\/wp-json\/wp\/v2\/pages\/766","targetHints":{"allow":["GET"]}}],"collection":[{"href":"https:\/\/dev.93-93-113-41.plesk.page\/ca\/wp-json\/wp\/v2\/pages"}],"about":[{"href":"https:\/\/dev.93-93-113-41.plesk.page\/ca\/wp-json\/wp\/v2\/types\/page"}],"author":[{"embeddable":true,"href":"https:\/\/dev.93-93-113-41.plesk.page\/ca\/wp-json\/wp\/v2\/users\/1"}],"replies":[{"embeddable":true,"href":"https:\/\/dev.93-93-113-41.plesk.page\/ca\/wp-json\/wp\/v2\/comments?post=766"}],"version-history":[{"count":1,"href":"https:\/\/dev.93-93-113-41.plesk.page\/ca\/wp-json\/wp\/v2\/pages\/766\/revisions"}],"predecessor-version":[{"id":34736,"href":"https:\/\/dev.93-93-113-41.plesk.page\/ca\/wp-json\/wp\/v2\/pages\/766\/revisions\/34736"}],"up":[{"embeddable":true,"href":"https:\/\/dev.93-93-113-41.plesk.page\/ca\/wp-json\/wp\/v2\/pages\/754"}],"wp:attachment":[{"href":"https:\/\/dev.93-93-113-41.plesk.page\/ca\/wp-json\/wp\/v2\/media?parent=766"}],"curies":[{"name":"wp","href":"https:\/\/api.w.org\/{rel}","templated":true}]}}