{"id":764,"date":"2014-06-20T12:52:10","date_gmt":"2014-06-20T10:52:10","guid":{"rendered":"https:\/\/dev.93-93-113-41.plesk.page\/?page_id=764"},"modified":"2024-02-26T17:10:23","modified_gmt":"2024-02-26T16:10:23","slug":"indicacions","status":"publish","type":"page","link":"https:\/\/dev.93-93-113-41.plesk.page\/ca\/serveis\/aparell-digestiu\/hidroterapia-de-colon\/indicacions\/","title":{"rendered":"Indicacions"},"content":{"rendered":"<p><strong>Per a qu\u00e8 est\u00e0 indicada la Hidroter\u00e0pia de C\u00f2lon?<\/strong><\/p>\n<ul>\n<li>Tractament del restrenyiment.<\/li>\n<li>Disminuci\u00f3 de possibilitats d&#8217;aparicio d&#8217;Hemorroides.<\/li>\n<li>Cefalees (efecte benefici\u00f3s pel tractament del restrenyiment, per l&#8217;eliminaci\u00f3 de toxines i per la relaxaci\u00f3 sobre el sistema m\u00fasculesquel\u00e8tic).<\/li>\n<li>Millora en alteracions circulatories i linf\u00e0tiques, varius, cel\u00b7lulitis&#8230;<\/li>\n<li>Disminuci\u00f3 d&#8217;alteracions dermatol\u00f2giques i al\u00e8rgiques com acne, \u00e8czemes, pru\u00efja, urtic\u00e0ries, sequedad de pell&#8230;<\/li>\n<li>Eliminaci\u00f3 r\u00e0pida i c\u00f2moda dels contrasts de bari postexploracions radiol\u00f3giques. (enema opaca).<\/li>\n<li>Benefici\u00f2s en el tractament de la malaltia diverticular del C\u00f2lon i del S\u00edndrome de C\u00f2lon irritable.<\/li>\n<li>Obesitat (sobretot en l&#8217;inici de dietes d&#8217;aprimament amb p\u00e8rdues de pes per sessi\u00f3 que estimulen el pacient a seguir una dieta equilibrada).<\/li>\n<li>Preparci\u00f3 del C\u00f2lon previ a intervencions de cirurgia digestiva.<\/li>\n<li>Preparaci\u00f3 del c\u00f2lon pr\u00e8via a exploracions endosc\u00f2piques i radiol\u00f2giques o complement\u00e0ria a les preparacions est\u00e0ndard actuals en els casos que no s&#8217;aconsegueixi una netedat correcta, estalviant repetir la dieta i la soluci\u00f3 evacuant.<\/li>\n<\/ul>\n","protected":false},"excerpt":{"rendered":"<div class=\"mh-excerpt\"><p>Per a qu\u00e8 est\u00e0 indicada la Hidroter\u00e0pia de C\u00f2lon? Tractament del restrenyiment. Disminuci\u00f3 de possibilitats d&#8217;aparicio d&#8217;Hemorroides. Cefalees (efecte benefici\u00f3s pel tractament del restrenyiment, per l&#8217;eliminaci\u00f3 de toxines i per la relaxaci\u00f3 sobre el sistema <a class=\"mh-excerpt-more\" href=\"https:\/\/dev.93-93-113-41.plesk.page\/ca\/serveis\/aparell-digestiu\/hidroterapia-de-colon\/indicacions\/\" title=\"Indicacions\">[&#8230;]<\/a><\/p>\n<\/div>","protected":false},"author":1,"featured_media":0,"parent":754,"menu_order":6,"comment_status":"closed","ping_status":"closed","template":"","meta":{"footnotes":""},"class_list":["post-764","page","type-page","status-publish"],"yoast_head":"<!-- This site is optimized with the Yoast SEO plugin v22.6 - https:\/\/yoast.com\/wordpress\/plugins\/seo\/ -->\n<title>Indicacions de la Hidroter\u00e0pia de C\u00f2lon - Cl\u00ednica ServiDigest - Barcelona<\/title>\n<meta name=\"robots\" content=\"index, follow, max-snippet:-1, max-image-preview:large, max-video-preview:-1\" \/>\n<link rel=\"canonical\" href=\"https:\/\/dev.93-93-113-41.plesk.page\/ca\/serveis\/aparell-digestiu\/hidroterapia-de-colon\/indicacions\/\" \/>\n<meta property=\"og:locale\" content=\"ca_ES\" \/>\n<meta property=\"og:type\" content=\"article\" \/>\n<meta property=\"og:title\" content=\"Indicacions de la Hidroter\u00e0pia de C\u00f2lon - Cl\u00ednica ServiDigest - Barcelona\" \/>\n<meta property=\"og:description\" content=\"Per a qu\u00e8 est\u00e0 indicada la Hidroter\u00e0pia de C\u00f2lon? Tractament del restrenyiment. Disminuci\u00f3 de possibilitats d&#8217;aparicio d&#8217;Hemorroides. Cefalees (efecte benefici\u00f3s pel tractament del restrenyiment, per l&#8217;eliminaci\u00f3 de toxines i per la relaxaci\u00f3 sobre el sistema [...]\" \/>\n<meta property=\"og:url\" content=\"https:\/\/dev.93-93-113-41.plesk.page\/ca\/serveis\/aparell-digestiu\/hidroterapia-de-colon\/indicacions\/\" \/>\n<meta property=\"og:site_name\" content=\"Servidigest\" \/>\n<meta property=\"article:publisher\" content=\"https:\/\/www.facebook.com\/servidigest\" \/>\n<meta property=\"article:modified_time\" content=\"2024-02-26T16:10:23+00:00\" \/>\n<meta name=\"twitter:card\" content=\"summary_large_image\" \/>\n<meta name=\"twitter:site\" content=\"@servidigest\" \/>\n<meta name=\"twitter:label1\" content=\"Est. reading time\" \/>\n\t<meta name=\"twitter:data1\" content=\"1 minute\" \/>\n<script type=\"application\/ld+json\" class=\"yoast-schema-graph\">{\"@context\":\"https:\/\/schema.org\",\"@graph\":[{\"@type\":\"WebPage\",\"@id\":\"https:\/\/dev.93-93-113-41.plesk.page\/ca\/serveis\/aparell-digestiu\/hidroterapia-de-colon\/indicacions\/\",\"url\":\"https:\/\/dev.93-93-113-41.plesk.page\/ca\/serveis\/aparell-digestiu\/hidroterapia-de-colon\/indicacions\/\",\"name\":\"Indicacions de la Hidroter\u00e0pia de C\u00f2lon - Cl\u00ednica ServiDigest - Barcelona\",\"isPartOf\":{\"@id\":\"https:\/\/dev.93-93-113-41.plesk.page\/ca\/#website\"},\"datePublished\":\"2014-06-20T10:52:10+00:00\",\"dateModified\":\"2024-02-26T16:10:23+00:00\",\"breadcrumb\":{\"@id\":\"https:\/\/dev.93-93-113-41.plesk.page\/ca\/serveis\/aparell-digestiu\/hidroterapia-de-colon\/indicacions\/#breadcrumb\"},\"inLanguage\":\"ca\",\"potentialAction\":[{\"@type\":\"ReadAction\",\"target\":[\"https:\/\/dev.93-93-113-41.plesk.page\/ca\/serveis\/aparell-digestiu\/hidroterapia-de-colon\/indicacions\/\"]}]},{\"@type\":\"BreadcrumbList\",\"@id\":\"https:\/\/dev.93-93-113-41.plesk.page\/ca\/serveis\/aparell-digestiu\/hidroterapia-de-colon\/indicacions\/#breadcrumb\",\"itemListElement\":[{\"@type\":\"ListItem\",\"position\":1,\"name\":\"Serveis M\u00e8dics de Cl\u00ednica ServiDigest\",\"item\":\"https:\/\/dev.93-93-113-41.plesk.page\/ca\/servicios\/\"},{\"@type\":\"ListItem\",\"position\":2,\"name\":\"Aparell digestiu\",\"item\":\"https:\/\/dev.93-93-113-41.plesk.page\/ca\/servicios\/aparato-digestivo\/\"},{\"@type\":\"ListItem\",\"position\":3,\"name\":\"Hidroter\u00e0pia de C\u00f2lon\",\"item\":\"https:\/\/dev.93-93-113-41.plesk.page\/ca\/serveis\/aparell-digestiu\/hidroterapia-de-colon\/\"},{\"@type\":\"ListItem\",\"position\":4,\"name\":\"Indicacions\"}]},{\"@type\":\"WebSite\",\"@id\":\"https:\/\/dev.93-93-113-41.plesk.page\/ca\/#website\",\"url\":\"https:\/\/dev.93-93-113-41.plesk.page\/ca\/\",\"name\":\"Servidigest\",\"description\":\"\",\"publisher\":{\"@id\":\"https:\/\/dev.93-93-113-41.plesk.page\/ca\/#organization\"},\"potentialAction\":[{\"@type\":\"SearchAction\",\"target\":{\"@type\":\"EntryPoint\",\"urlTemplate\":\"https:\/\/dev.93-93-113-41.plesk.page\/ca\/?s={search_term_string}\"},\"query-input\":\"required name=search_term_string\"}],\"inLanguage\":\"ca\"},{\"@type\":\"Organization\",\"@id\":\"https:\/\/dev.93-93-113-41.plesk.page\/ca\/#organization\",\"name\":\"Servidigest\",\"url\":\"https:\/\/dev.93-93-113-41.plesk.page\/ca\/\",\"logo\":{\"@type\":\"ImageObject\",\"inLanguage\":\"ca\",\"@id\":\"https:\/\/dev.93-93-113-41.plesk.page\/ca\/#\/schema\/logo\/image\/\",\"url\":\"https:\/\/dev.93-93-113-41.plesk.page\/wp-content\/uploads\/2024\/01\/servidigest.png\",\"contentUrl\":\"https:\/\/dev.93-93-113-41.plesk.page\/wp-content\/uploads\/2024\/01\/servidigest.png\",\"width\":808,\"height\":88,\"caption\":\"Servidigest\"},\"image\":{\"@id\":\"https:\/\/dev.93-93-113-41.plesk.page\/ca\/#\/schema\/logo\/image\/\"},\"sameAs\":[\"https:\/\/www.facebook.com\/servidigest\",\"https:\/\/x.com\/servidigest\"]}]}<\/script>\n<!-- \/ Yoast SEO plugin. -->","yoast_head_json":{"title":"Indicacions de la Hidroter\u00e0pia de C\u00f2lon - Cl\u00ednica ServiDigest - Barcelona","robots":{"index":"index","follow":"follow","max-snippet":"max-snippet:-1","max-image-preview":"max-image-preview:large","max-video-preview":"max-video-preview:-1"},"canonical":"https:\/\/dev.93-93-113-41.plesk.page\/ca\/serveis\/aparell-digestiu\/hidroterapia-de-colon\/indicacions\/","og_locale":"ca_ES","og_type":"article","og_title":"Indicacions de la Hidroter\u00e0pia de C\u00f2lon - Cl\u00ednica ServiDigest - Barcelona","og_description":"Per a qu\u00e8 est\u00e0 indicada la Hidroter\u00e0pia de C\u00f2lon? Tractament del restrenyiment. Disminuci\u00f3 de possibilitats d&#8217;aparicio d&#8217;Hemorroides. Cefalees (efecte benefici\u00f3s pel tractament del restrenyiment, per l&#8217;eliminaci\u00f3 de toxines i per la relaxaci\u00f3 sobre el sistema [...]","og_url":"https:\/\/dev.93-93-113-41.plesk.page\/ca\/serveis\/aparell-digestiu\/hidroterapia-de-colon\/indicacions\/","og_site_name":"Servidigest","article_publisher":"https:\/\/www.facebook.com\/servidigest","article_modified_time":"2024-02-26T16:10:23+00:00","twitter_card":"summary_large_image","twitter_site":"@servidigest","twitter_misc":{"Est. reading time":"1 minute"},"schema":{"@context":"https:\/\/schema.org","@graph":[{"@type":"WebPage","@id":"https:\/\/dev.93-93-113-41.plesk.page\/ca\/serveis\/aparell-digestiu\/hidroterapia-de-colon\/indicacions\/","url":"https:\/\/dev.93-93-113-41.plesk.page\/ca\/serveis\/aparell-digestiu\/hidroterapia-de-colon\/indicacions\/","name":"Indicacions de la Hidroter\u00e0pia de C\u00f2lon - Cl\u00ednica ServiDigest - Barcelona","isPartOf":{"@id":"https:\/\/dev.93-93-113-41.plesk.page\/ca\/#website"},"datePublished":"2014-06-20T10:52:10+00:00","dateModified":"2024-02-26T16:10:23+00:00","breadcrumb":{"@id":"https:\/\/dev.93-93-113-41.plesk.page\/ca\/serveis\/aparell-digestiu\/hidroterapia-de-colon\/indicacions\/#breadcrumb"},"inLanguage":"ca","potentialAction":[{"@type":"ReadAction","target":["https:\/\/dev.93-93-113-41.plesk.page\/ca\/serveis\/aparell-digestiu\/hidroterapia-de-colon\/indicacions\/"]}]},{"@type":"BreadcrumbList","@id":"https:\/\/dev.93-93-113-41.plesk.page\/ca\/serveis\/aparell-digestiu\/hidroterapia-de-colon\/indicacions\/#breadcrumb","itemListElement":[{"@type":"ListItem","position":1,"name":"Serveis M\u00e8dics de Cl\u00ednica ServiDigest","item":"https:\/\/dev.93-93-113-41.plesk.page\/ca\/servicios\/"},{"@type":"ListItem","position":2,"name":"Aparell digestiu","item":"https:\/\/dev.93-93-113-41.plesk.page\/ca\/servicios\/aparato-digestivo\/"},{"@type":"ListItem","position":3,"name":"Hidroter\u00e0pia de C\u00f2lon","item":"https:\/\/dev.93-93-113-41.plesk.page\/ca\/serveis\/aparell-digestiu\/hidroterapia-de-colon\/"},{"@type":"ListItem","position":4,"name":"Indicacions"}]},{"@type":"WebSite","@id":"https:\/\/dev.93-93-113-41.plesk.page\/ca\/#website","url":"https:\/\/dev.93-93-113-41.plesk.page\/ca\/","name":"Servidigest","description":"","publisher":{"@id":"https:\/\/dev.93-93-113-41.plesk.page\/ca\/#organization"},"potentialAction":[{"@type":"SearchAction","target":{"@type":"EntryPoint","urlTemplate":"https:\/\/dev.93-93-113-41.plesk.page\/ca\/?s={search_term_string}"},"query-input":"required name=search_term_string"}],"inLanguage":"ca"},{"@type":"Organization","@id":"https:\/\/dev.93-93-113-41.plesk.page\/ca\/#organization","name":"Servidigest","url":"https:\/\/dev.93-93-113-41.plesk.page\/ca\/","logo":{"@type":"ImageObject","inLanguage":"ca","@id":"https:\/\/dev.93-93-113-41.plesk.page\/ca\/#\/schema\/logo\/image\/","url":"https:\/\/dev.93-93-113-41.plesk.page\/wp-content\/uploads\/2024\/01\/servidigest.png","contentUrl":"https:\/\/dev.93-93-113-41.plesk.page\/wp-content\/uploads\/2024\/01\/servidigest.png","width":808,"height":88,"caption":"Servidigest"},"image":{"@id":"https:\/\/dev.93-93-113-41.plesk.page\/ca\/#\/schema\/logo\/image\/"},"sameAs":["https:\/\/www.facebook.com\/servidigest","https:\/\/x.com\/servidigest"]}]}},"_links":{"self":[{"href":"https:\/\/dev.93-93-113-41.plesk.page\/ca\/wp-json\/wp\/v2\/pages\/764","targetHints":{"allow":["GET"]}}],"collection":[{"href":"https:\/\/dev.93-93-113-41.plesk.page\/ca\/wp-json\/wp\/v2\/pages"}],"about":[{"href":"https:\/\/dev.93-93-113-41.plesk.page\/ca\/wp-json\/wp\/v2\/types\/page"}],"author":[{"embeddable":true,"href":"https:\/\/dev.93-93-113-41.plesk.page\/ca\/wp-json\/wp\/v2\/users\/1"}],"replies":[{"embeddable":true,"href":"https:\/\/dev.93-93-113-41.plesk.page\/ca\/wp-json\/wp\/v2\/comments?post=764"}],"version-history":[{"count":1,"href":"https:\/\/dev.93-93-113-41.plesk.page\/ca\/wp-json\/wp\/v2\/pages\/764\/revisions"}],"predecessor-version":[{"id":34732,"href":"https:\/\/dev.93-93-113-41.plesk.page\/ca\/wp-json\/wp\/v2\/pages\/764\/revisions\/34732"}],"up":[{"embeddable":true,"href":"https:\/\/dev.93-93-113-41.plesk.page\/ca\/wp-json\/wp\/v2\/pages\/754"}],"wp:attachment":[{"href":"https:\/\/dev.93-93-113-41.plesk.page\/ca\/wp-json\/wp\/v2\/media?parent=764"}],"curies":[{"name":"wp","href":"https:\/\/api.w.org\/{rel}","templated":true}]}}