{"id":7622,"date":"2015-02-13T15:55:54","date_gmt":"2015-02-13T14:55:54","guid":{"rendered":"https:\/\/dev.93-93-113-41.plesk.page\/?page_id=7622"},"modified":"2024-02-26T17:11:05","modified_gmt":"2024-02-26T16:11:05","slug":"malatia-inflamatoria-intestinal","status":"publish","type":"page","link":"https:\/\/dev.93-93-113-41.plesk.page\/ca\/serveis\/aparell-digestiu\/malatia-inflamatoria-intestinal\/","title":{"rendered":"Malaltia Inflamat\u00f2ria Intestinal"},"content":{"rendered":"<p>La\u00a0Malaltia Inflamat\u00f2ria Intestinal\u00a0\u00e9s una\u00a0patologia caracteritzada per dolor o mol\u00e8sties abdominals, associades a una alteraci\u00f3 en l&#8217;h\u00e0bit deposicional.<\/p>\n<p>En\u00a0la majoria dels pacients no hi ha una causa que expliqui aquests s\u00edmptomes i es cataloga com a trastorn funcional (anomalies de motilitat o sensibilitat intestinal).<\/p>\n<p>Depenent de la consist\u00e8ncia de la femta, la Malaltia Inflamat\u00f2ria Intestinal\u00a0es pot dividir amb predomini de diarrea o amb predomini de restrenyiment, sent bastant freq\u00fcent que un mateix pacient presenti dues caracter\u00edstiques.<\/p>\n<p>No hi ha cap prova complement\u00e0ria que estableixi el diagn\u00f2stic d&#8217;aquesta malaltia de forma definitiva.<\/p>\n<p>La majoria de les vegades els procediments indicats en aquests pacients estan destinats a descartar altres causes que podrien produir simptomatologia similar.<\/p>\n<p>Depenent de cada cas s&#8217;haur\u00e0 de rec\u00f3rrer per al diagn\u00f2stic diferencial a proves de laboratori, cultius de femta, estudis endosc\u00f2pic, test d&#8217;intoler\u00e0ncies aliment\u00e0ries, estudi de tr\u00e0nsit col\u00f2nic, manometria anorectal, etc.<\/p>\n<h2>Tractament de la Malaltia Inflamat\u00f2ria Intestinal<\/h2>\n<p>Pel que fa al tractament de la Malaltia Inflamat\u00f2ria Intestinal\u00a0es recomana com a norma general la<strong> pr\u00e0ctica d&#8217;exercici f\u00edsic de forma regular<\/strong>, portar una <strong>dieta equilibrada<\/strong>, i dedicar temps a la defecaci\u00f3.<\/p>\n<p>En relaci\u00f3 a la dieta, \u00a0no hi ha evid\u00e8ncia que aquesta malaltia es relacioni a alguna al\u00b7l\u00e8rgia o intoler\u00e0ncia a algun aliment espec\u00edfic, per la qual cosa hem d&#8217;intentar evitar les dietes d&#8217;exclusi\u00f3 i seguir una dieta equilibrada.<\/p>\n<p>Depenent del predomini de diarrea o restrenyiment poden utilizar-se f\u00e0rmacs laxants o antidiarreics. En els\u00a0darrers anys s&#8217;ha demostrat que alguns f\u00e0rmacs antidepressius, antibi\u00f2tics i prebi\u00f2tics podrien tenir un efecte benefici\u00f3s en casos seleccionats de Malaltia Inflamat\u00f2ria Intestinal.<\/p>\n<p>\u00c9s important que en cas de presentar alguns dels s\u00edmptomes anteriorment descrits, consulti a un especialista per determinar les causes, seleccionar el millor tractament, a m\u00e9s de con\u00e8ixer el control i seguiment apropiat en cada cas individual.<\/p>\n<p>Cl\u00ednica ServiDigest disposa d&#8217;una unitat especialitzada en Gastroenterologia per a l&#8217;estudi i tractament d&#8217;aquesta patologia.<\/p>\n<p><iframe title=\"\u00bfQu\u00e9 es la Enfermedad Inflamatoria Intestinal? - Cl\u00ednica ServiDigest\" width=\"500\" height=\"281\" src=\"https:\/\/www.youtube.com\/embed\/5ShOQswIdWo?feature=oembed\" frameborder=\"0\" allow=\"accelerometer; autoplay; clipboard-write; encrypted-media; gyroscope; picture-in-picture; web-share\" referrerpolicy=\"strict-origin-when-cross-origin\" allowfullscreen><\/iframe><\/p>\n<p><iframe title=\"Salud intestinal - Enfermedad Inflamatoria Intestinal\" width=\"500\" height=\"281\" src=\"https:\/\/www.youtube.com\/embed\/UV_6lIbzH4I?feature=oembed\" frameborder=\"0\" allow=\"accelerometer; autoplay; clipboard-write; encrypted-media; gyroscope; picture-in-picture; web-share\" referrerpolicy=\"strict-origin-when-cross-origin\" allowfullscreen><\/iframe><\/p>\n","protected":false},"excerpt":{"rendered":"<div class=\"mh-excerpt\"><p>La\u00a0Malaltia Inflamat\u00f2ria Intestinal\u00a0\u00e9s una\u00a0patologia caracteritzada per dolor o mol\u00e8sties abdominals, associades a una alteraci\u00f3 en l&#8217;h\u00e0bit deposicional. En\u00a0la majoria dels pacients no hi ha una causa que expliqui aquests s\u00edmptomes i es cataloga com a <a class=\"mh-excerpt-more\" href=\"https:\/\/dev.93-93-113-41.plesk.page\/ca\/serveis\/aparell-digestiu\/malatia-inflamatoria-intestinal\/\" title=\"Malaltia Inflamat\u00f2ria Intestinal\">[&#8230;]<\/a><\/p>\n<\/div>","protected":false},"author":1,"featured_media":0,"parent":34536,"menu_order":8,"comment_status":"closed","ping_status":"closed","template":"","meta":{"footnotes":""},"class_list":["post-7622","page","type-page","status-publish"],"yoast_head":"<!-- This site is optimized with the Yoast SEO plugin v22.6 - https:\/\/yoast.com\/wordpress\/plugins\/seo\/ -->\n<title>Malaltia Inflamat\u00f2ria Intestinal - Cl\u00ednica ServiDigest - Barcelona<\/title>\n<meta name=\"description\" content=\"Cl\u00ednica ServiDigest disposa d&#039;una unitat especialitzada en Gastroenterologia per a l&#039;estudi i tractament de la Malaltia Inflamat\u00f2ria Intestinal.\" \/>\n<meta name=\"robots\" content=\"index, follow, max-snippet:-1, max-image-preview:large, max-video-preview:-1\" \/>\n<link rel=\"canonical\" href=\"https:\/\/dev.93-93-113-41.plesk.page\/ca\/serveis\/aparell-digestiu\/malatia-inflamatoria-intestinal\/\" \/>\n<meta property=\"og:locale\" content=\"ca_ES\" \/>\n<meta property=\"og:type\" content=\"article\" \/>\n<meta property=\"og:title\" content=\"Malaltia Inflamat\u00f2ria Intestinal - Cl\u00ednica ServiDigest - Barcelona\" \/>\n<meta property=\"og:description\" content=\"Cl\u00ednica ServiDigest disposa d&#039;una unitat especialitzada en Gastroenterologia per a l&#039;estudi i tractament de la Malaltia Inflamat\u00f2ria Intestinal.\" \/>\n<meta property=\"og:url\" content=\"https:\/\/dev.93-93-113-41.plesk.page\/ca\/serveis\/aparell-digestiu\/malatia-inflamatoria-intestinal\/\" \/>\n<meta property=\"og:site_name\" content=\"Servidigest\" \/>\n<meta property=\"article:publisher\" content=\"https:\/\/www.facebook.com\/servidigest\" \/>\n<meta property=\"article:modified_time\" content=\"2024-02-26T16:11:05+00:00\" \/>\n<meta name=\"twitter:card\" content=\"summary_large_image\" \/>\n<meta name=\"twitter:site\" content=\"@servidigest\" \/>\n<meta name=\"twitter:label1\" content=\"Est. reading time\" \/>\n\t<meta name=\"twitter:data1\" content=\"2 minutes\" \/>\n<script type=\"application\/ld+json\" class=\"yoast-schema-graph\">{\"@context\":\"https:\/\/schema.org\",\"@graph\":[{\"@type\":\"WebPage\",\"@id\":\"https:\/\/dev.93-93-113-41.plesk.page\/ca\/serveis\/aparell-digestiu\/malatia-inflamatoria-intestinal\/\",\"url\":\"https:\/\/dev.93-93-113-41.plesk.page\/ca\/serveis\/aparell-digestiu\/malatia-inflamatoria-intestinal\/\",\"name\":\"Malaltia Inflamat\u00f2ria Intestinal - Cl\u00ednica ServiDigest - Barcelona\",\"isPartOf\":{\"@id\":\"https:\/\/dev.93-93-113-41.plesk.page\/ca\/#website\"},\"datePublished\":\"2015-02-13T14:55:54+00:00\",\"dateModified\":\"2024-02-26T16:11:05+00:00\",\"description\":\"Cl\u00ednica ServiDigest disposa d'una unitat especialitzada en Gastroenterologia per a l'estudi i tractament de la Malaltia Inflamat\u00f2ria Intestinal.\",\"breadcrumb\":{\"@id\":\"https:\/\/dev.93-93-113-41.plesk.page\/ca\/serveis\/aparell-digestiu\/malatia-inflamatoria-intestinal\/#breadcrumb\"},\"inLanguage\":\"ca\",\"potentialAction\":[{\"@type\":\"ReadAction\",\"target\":[\"https:\/\/dev.93-93-113-41.plesk.page\/ca\/serveis\/aparell-digestiu\/malatia-inflamatoria-intestinal\/\"]}]},{\"@type\":\"BreadcrumbList\",\"@id\":\"https:\/\/dev.93-93-113-41.plesk.page\/ca\/serveis\/aparell-digestiu\/malatia-inflamatoria-intestinal\/#breadcrumb\",\"itemListElement\":[{\"@type\":\"ListItem\",\"position\":1,\"name\":\"Serveis M\u00e8dics de Cl\u00ednica ServiDigest\",\"item\":\"https:\/\/dev.93-93-113-41.plesk.page\/ca\/servicios\/\"},{\"@type\":\"ListItem\",\"position\":2,\"name\":\"Aparell digestiu\",\"item\":\"https:\/\/dev.93-93-113-41.plesk.page\/ca\/servicios\/aparato-digestivo\/\"},{\"@type\":\"ListItem\",\"position\":3,\"name\":\"Malaltia Inflamat\u00f2ria Intestinal\"}]},{\"@type\":\"WebSite\",\"@id\":\"https:\/\/dev.93-93-113-41.plesk.page\/ca\/#website\",\"url\":\"https:\/\/dev.93-93-113-41.plesk.page\/ca\/\",\"name\":\"Servidigest\",\"description\":\"\",\"publisher\":{\"@id\":\"https:\/\/dev.93-93-113-41.plesk.page\/ca\/#organization\"},\"potentialAction\":[{\"@type\":\"SearchAction\",\"target\":{\"@type\":\"EntryPoint\",\"urlTemplate\":\"https:\/\/dev.93-93-113-41.plesk.page\/ca\/?s={search_term_string}\"},\"query-input\":\"required name=search_term_string\"}],\"inLanguage\":\"ca\"},{\"@type\":\"Organization\",\"@id\":\"https:\/\/dev.93-93-113-41.plesk.page\/ca\/#organization\",\"name\":\"Servidigest\",\"url\":\"https:\/\/dev.93-93-113-41.plesk.page\/ca\/\",\"logo\":{\"@type\":\"ImageObject\",\"inLanguage\":\"ca\",\"@id\":\"https:\/\/dev.93-93-113-41.plesk.page\/ca\/#\/schema\/logo\/image\/\",\"url\":\"https:\/\/dev.93-93-113-41.plesk.page\/wp-content\/uploads\/2024\/01\/servidigest.png\",\"contentUrl\":\"https:\/\/dev.93-93-113-41.plesk.page\/wp-content\/uploads\/2024\/01\/servidigest.png\",\"width\":808,\"height\":88,\"caption\":\"Servidigest\"},\"image\":{\"@id\":\"https:\/\/dev.93-93-113-41.plesk.page\/ca\/#\/schema\/logo\/image\/\"},\"sameAs\":[\"https:\/\/www.facebook.com\/servidigest\",\"https:\/\/x.com\/servidigest\"]}]}<\/script>\n<!-- \/ Yoast SEO plugin. -->","yoast_head_json":{"title":"Malaltia Inflamat\u00f2ria Intestinal - Cl\u00ednica ServiDigest - Barcelona","description":"Cl\u00ednica ServiDigest disposa d'una unitat especialitzada en Gastroenterologia per a l'estudi i tractament de la Malaltia Inflamat\u00f2ria Intestinal.","robots":{"index":"index","follow":"follow","max-snippet":"max-snippet:-1","max-image-preview":"max-image-preview:large","max-video-preview":"max-video-preview:-1"},"canonical":"https:\/\/dev.93-93-113-41.plesk.page\/ca\/serveis\/aparell-digestiu\/malatia-inflamatoria-intestinal\/","og_locale":"ca_ES","og_type":"article","og_title":"Malaltia Inflamat\u00f2ria Intestinal - Cl\u00ednica ServiDigest - Barcelona","og_description":"Cl\u00ednica ServiDigest disposa d'una unitat especialitzada en Gastroenterologia per a l'estudi i tractament de la Malaltia Inflamat\u00f2ria Intestinal.","og_url":"https:\/\/dev.93-93-113-41.plesk.page\/ca\/serveis\/aparell-digestiu\/malatia-inflamatoria-intestinal\/","og_site_name":"Servidigest","article_publisher":"https:\/\/www.facebook.com\/servidigest","article_modified_time":"2024-02-26T16:11:05+00:00","twitter_card":"summary_large_image","twitter_site":"@servidigest","twitter_misc":{"Est. reading time":"2 minutes"},"schema":{"@context":"https:\/\/schema.org","@graph":[{"@type":"WebPage","@id":"https:\/\/dev.93-93-113-41.plesk.page\/ca\/serveis\/aparell-digestiu\/malatia-inflamatoria-intestinal\/","url":"https:\/\/dev.93-93-113-41.plesk.page\/ca\/serveis\/aparell-digestiu\/malatia-inflamatoria-intestinal\/","name":"Malaltia Inflamat\u00f2ria Intestinal - Cl\u00ednica ServiDigest - Barcelona","isPartOf":{"@id":"https:\/\/dev.93-93-113-41.plesk.page\/ca\/#website"},"datePublished":"2015-02-13T14:55:54+00:00","dateModified":"2024-02-26T16:11:05+00:00","description":"Cl\u00ednica ServiDigest disposa d'una unitat especialitzada en Gastroenterologia per a l'estudi i tractament de la Malaltia Inflamat\u00f2ria Intestinal.","breadcrumb":{"@id":"https:\/\/dev.93-93-113-41.plesk.page\/ca\/serveis\/aparell-digestiu\/malatia-inflamatoria-intestinal\/#breadcrumb"},"inLanguage":"ca","potentialAction":[{"@type":"ReadAction","target":["https:\/\/dev.93-93-113-41.plesk.page\/ca\/serveis\/aparell-digestiu\/malatia-inflamatoria-intestinal\/"]}]},{"@type":"BreadcrumbList","@id":"https:\/\/dev.93-93-113-41.plesk.page\/ca\/serveis\/aparell-digestiu\/malatia-inflamatoria-intestinal\/#breadcrumb","itemListElement":[{"@type":"ListItem","position":1,"name":"Serveis M\u00e8dics de Cl\u00ednica ServiDigest","item":"https:\/\/dev.93-93-113-41.plesk.page\/ca\/servicios\/"},{"@type":"ListItem","position":2,"name":"Aparell digestiu","item":"https:\/\/dev.93-93-113-41.plesk.page\/ca\/servicios\/aparato-digestivo\/"},{"@type":"ListItem","position":3,"name":"Malaltia Inflamat\u00f2ria Intestinal"}]},{"@type":"WebSite","@id":"https:\/\/dev.93-93-113-41.plesk.page\/ca\/#website","url":"https:\/\/dev.93-93-113-41.plesk.page\/ca\/","name":"Servidigest","description":"","publisher":{"@id":"https:\/\/dev.93-93-113-41.plesk.page\/ca\/#organization"},"potentialAction":[{"@type":"SearchAction","target":{"@type":"EntryPoint","urlTemplate":"https:\/\/dev.93-93-113-41.plesk.page\/ca\/?s={search_term_string}"},"query-input":"required name=search_term_string"}],"inLanguage":"ca"},{"@type":"Organization","@id":"https:\/\/dev.93-93-113-41.plesk.page\/ca\/#organization","name":"Servidigest","url":"https:\/\/dev.93-93-113-41.plesk.page\/ca\/","logo":{"@type":"ImageObject","inLanguage":"ca","@id":"https:\/\/dev.93-93-113-41.plesk.page\/ca\/#\/schema\/logo\/image\/","url":"https:\/\/dev.93-93-113-41.plesk.page\/wp-content\/uploads\/2024\/01\/servidigest.png","contentUrl":"https:\/\/dev.93-93-113-41.plesk.page\/wp-content\/uploads\/2024\/01\/servidigest.png","width":808,"height":88,"caption":"Servidigest"},"image":{"@id":"https:\/\/dev.93-93-113-41.plesk.page\/ca\/#\/schema\/logo\/image\/"},"sameAs":["https:\/\/www.facebook.com\/servidigest","https:\/\/x.com\/servidigest"]}]}},"_links":{"self":[{"href":"https:\/\/dev.93-93-113-41.plesk.page\/ca\/wp-json\/wp\/v2\/pages\/7622","targetHints":{"allow":["GET"]}}],"collection":[{"href":"https:\/\/dev.93-93-113-41.plesk.page\/ca\/wp-json\/wp\/v2\/pages"}],"about":[{"href":"https:\/\/dev.93-93-113-41.plesk.page\/ca\/wp-json\/wp\/v2\/types\/page"}],"author":[{"embeddable":true,"href":"https:\/\/dev.93-93-113-41.plesk.page\/ca\/wp-json\/wp\/v2\/users\/1"}],"replies":[{"embeddable":true,"href":"https:\/\/dev.93-93-113-41.plesk.page\/ca\/wp-json\/wp\/v2\/comments?post=7622"}],"version-history":[{"count":1,"href":"https:\/\/dev.93-93-113-41.plesk.page\/ca\/wp-json\/wp\/v2\/pages\/7622\/revisions"}],"predecessor-version":[{"id":34826,"href":"https:\/\/dev.93-93-113-41.plesk.page\/ca\/wp-json\/wp\/v2\/pages\/7622\/revisions\/34826"}],"up":[{"embeddable":true,"href":"https:\/\/dev.93-93-113-41.plesk.page\/ca\/wp-json\/wp\/v2\/pages\/34536"}],"wp:attachment":[{"href":"https:\/\/dev.93-93-113-41.plesk.page\/ca\/wp-json\/wp\/v2\/media?parent=7622"}],"curies":[{"name":"wp","href":"https:\/\/api.w.org\/{rel}","templated":true}]}}