{"id":7586,"date":"2015-02-12T19:39:50","date_gmt":"2015-02-12T18:39:50","guid":{"rendered":"https:\/\/dev.93-93-113-41.plesk.page\/?page_id=7586"},"modified":"2024-06-01T11:57:49","modified_gmt":"2024-06-01T09:57:49","slug":"malaltia-celiaca","status":"publish","type":"page","link":"https:\/\/dev.93-93-113-41.plesk.page\/ca\/serveis\/aparell-digestiu\/malaltia-celiaca\/","title":{"rendered":"Malaltia cel\u00edaca"},"content":{"rendered":"<p>La Malaltia cel\u00edaca \u00e9s una patologia intestinal d&#8217;origen immunol\u00f2gic, que es produeix com a conseq\u00fc\u00e8ncia d&#8217;una intoler\u00e0ncia al gluten en individus amb una predisposici\u00f3 gen\u00e8tica.<\/p>\n<p>El\u00a0gluten pertany a\u00a0un grup de prote\u00efnes presents en el blat (gliadina), s\u00e8gol (secalina), ordi (horde\u00edna) i triticale (h\u00edbrid del blat i del s\u00e8gol).<\/p>\n<p>A difer\u00e8ncia del que hist\u00f2ricament es pensava, la malaltia cel\u00edaca no nom\u00e9s afecta a nens. Actualment la majoria de casos es diagnostiquen entre els 30 i els 50 anys, i no \u00e9s infreq\u00fcent el diagn\u00f2stic en les persones grans.<\/p>\n<p>La causa de la malaltia no \u00e9s del tot coneguda, per\u00f2 es creu que seria conseq\u00fc\u00e8ncia d&#8217;una interacci\u00f3 entre factors gen\u00e8tics, immunol\u00f2gics, i ambientals.<\/p>\n<p>La forma de presentaci\u00f3 cl\u00e0ssica \u00e9s la que afecta als nens despr\u00e9s de la introducci\u00f3 del gluten en la dieta i cursa amb s\u00edmptomes de malabsorci\u00f3 amb diarrea cr\u00f2nica, distensi\u00f3 abdominal, irritabilitat i retard del creixement.<\/p>\n<p>En l&#8217;adult s\u00f3n m\u00e9s freq\u00fcents els s\u00edmptomes at\u00edpics com la disp\u00e8psia, flatul\u00e8ncies, diarrea amb caracter\u00edstiques funcionals, v\u00f2mits, o en alguns casos extradigestius com an\u00e8mia ferrop\u00e8nica, osteop\u00e8nia o osteoporosi, dermatitis, aftes bucals, alteraci\u00f3 de la bioqu\u00edmica hep\u00e0tica (hipertransaminas\u00e8mia), cansament , irritabilitat, ansietat, miopaties, neuropaties, cefalees &#8230;<\/p>\n<p>El diagn\u00f2stic de la malaltia es basa en la simptomatologia, les bi\u00f2psies de duod\u00e8, proves gen\u00e8tiques, proves serol\u00f2giques\u00a0i la millora despr\u00e9s d&#8217;un per\u00edode amb dieta sense gluten.<\/p>\n<p>La demostraci\u00f3 de l&#8217;exist\u00e8ncia de lesi\u00f3 en les bi\u00f2psies duodenals, segueix sent el patr\u00f3 de refer\u00e8ncia per establir el diagn\u00f2stic de la Malaltia cel\u00edaca.<\/p>\n<p>El\u00a0pacient amb aquesta patologia diagnosticada, ha de realitzar una dieta excloent el gluten de forma estricta i indefinida.<\/p>\n<p>La base de la dieta d&#8217;aquests pacients la constitueixen els aliments que en el seu origen no contenen gluten com lactis, carns, ous, peix, fruites, verdures, hortalisses, llegums i cereals sense gluten (arr\u00f2s, blat de moro &#8230;).<\/p>\n<p>Si presenta els s\u00edmptomes esmentats o ha estat diagnosticat de malaltia cel\u00edaca acudeixi a un centre m\u00e8dic especialitzat en malalties de l&#8217;aparell digestiu per a un correcte diagn\u00f2stic, tractament o control de la malaltia.<\/p>\n<p>Cl\u00ednica ServiDigest disposa d\u2019una unitat especialitzada en Gastroenterologia per a l\u2019estudi i tractament d\u2019aquesta patolog\u00eda.<\/p>\n<p><iframe title=\"\u00bfQu\u00e9 es la Enfermedad cel\u00edaca? - Cl\u00ednica ServiDigest - Barcelona\" width=\"500\" height=\"281\" src=\"https:\/\/www.youtube.com\/embed\/FEoGyre5_fw?feature=oembed\" frameborder=\"0\" allow=\"accelerometer; autoplay; clipboard-write; encrypted-media; gyroscope; picture-in-picture; web-share\" referrerpolicy=\"strict-origin-when-cross-origin\" allowfullscreen><\/iframe><\/p>\n","protected":false},"excerpt":{"rendered":"<div class=\"mh-excerpt\"><p>La Malaltia cel\u00edaca \u00e9s una patologia intestinal d&#8217;origen immunol\u00f2gic, que es produeix com a conseq\u00fc\u00e8ncia d&#8217;una intoler\u00e0ncia al gluten en individus amb una predisposici\u00f3 gen\u00e8tica. El\u00a0gluten pertany a\u00a0un grup de prote\u00efnes presents en el blat <a class=\"mh-excerpt-more\" href=\"https:\/\/dev.93-93-113-41.plesk.page\/ca\/serveis\/aparell-digestiu\/malaltia-celiaca\/\" title=\"Malaltia cel\u00edaca\">[&#8230;]<\/a><\/p>\n<\/div>","protected":false},"author":1,"featured_media":40111,"parent":34536,"menu_order":10,"comment_status":"closed","ping_status":"closed","template":"","meta":{"footnotes":""},"class_list":["post-7586","page","type-page","status-publish","has-post-thumbnail"],"yoast_head":"<!-- This site is optimized with the Yoast SEO plugin v22.6 - https:\/\/yoast.com\/wordpress\/plugins\/seo\/ -->\n<title>Malaltia cel\u00edaca - Servidigest<\/title>\n<meta name=\"description\" content=\"La Malaltia cel\u00edaca \u00e9s una patologia intestinal que es produeix com a conseq\u00fc\u00e8ncia d&#039;una intoler\u00e0ncia al gluten en individus amb una predisposici\u00f3 gen\u00e8tica.\" \/>\n<meta name=\"robots\" content=\"index, follow, max-snippet:-1, max-image-preview:large, max-video-preview:-1\" \/>\n<link rel=\"canonical\" href=\"https:\/\/dev.93-93-113-41.plesk.page\/ca\/serveis\/aparell-digestiu\/malaltia-celiaca\/\" \/>\n<meta property=\"og:locale\" content=\"ca_ES\" \/>\n<meta property=\"og:type\" content=\"article\" \/>\n<meta property=\"og:title\" content=\"Malaltia cel\u00edaca - Servidigest\" \/>\n<meta property=\"og:description\" content=\"La Malaltia cel\u00edaca \u00e9s una patologia intestinal que es produeix com a conseq\u00fc\u00e8ncia d&#039;una intoler\u00e0ncia al gluten en individus amb una predisposici\u00f3 gen\u00e8tica.\" \/>\n<meta property=\"og:url\" content=\"https:\/\/dev.93-93-113-41.plesk.page\/ca\/serveis\/aparell-digestiu\/malaltia-celiaca\/\" \/>\n<meta property=\"og:site_name\" content=\"Servidigest\" \/>\n<meta property=\"article:publisher\" content=\"https:\/\/www.facebook.com\/servidigest\" \/>\n<meta property=\"article:modified_time\" content=\"2024-06-01T09:57:49+00:00\" \/>\n<meta property=\"og:image\" content=\"https:\/\/dev.93-93-113-41.plesk.page\/wp-content\/uploads\/2024\/05\/Aparato-Digestivo.jpg\" \/>\n\t<meta property=\"og:image:width\" content=\"768\" \/>\n\t<meta property=\"og:image:height\" content=\"327\" \/>\n\t<meta property=\"og:image:type\" content=\"image\/jpeg\" \/>\n<meta name=\"twitter:card\" content=\"summary_large_image\" \/>\n<meta name=\"twitter:site\" content=\"@servidigest\" \/>\n<meta name=\"twitter:label1\" content=\"Est. reading time\" \/>\n\t<meta name=\"twitter:data1\" content=\"2 minutes\" \/>\n<script type=\"application\/ld+json\" class=\"yoast-schema-graph\">{\"@context\":\"https:\/\/schema.org\",\"@graph\":[{\"@type\":\"WebPage\",\"@id\":\"https:\/\/dev.93-93-113-41.plesk.page\/ca\/serveis\/aparell-digestiu\/malaltia-celiaca\/\",\"url\":\"https:\/\/dev.93-93-113-41.plesk.page\/ca\/serveis\/aparell-digestiu\/malaltia-celiaca\/\",\"name\":\"Malaltia cel\u00edaca - Servidigest\",\"isPartOf\":{\"@id\":\"https:\/\/dev.93-93-113-41.plesk.page\/ca\/#website\"},\"primaryImageOfPage\":{\"@id\":\"https:\/\/dev.93-93-113-41.plesk.page\/ca\/serveis\/aparell-digestiu\/malaltia-celiaca\/#primaryimage\"},\"image\":{\"@id\":\"https:\/\/dev.93-93-113-41.plesk.page\/ca\/serveis\/aparell-digestiu\/malaltia-celiaca\/#primaryimage\"},\"thumbnailUrl\":\"https:\/\/dev.93-93-113-41.plesk.page\/wp-content\/uploads\/2024\/05\/Aparato-Digestivo.jpg\",\"datePublished\":\"2015-02-12T18:39:50+00:00\",\"dateModified\":\"2024-06-01T09:57:49+00:00\",\"description\":\"La Malaltia cel\u00edaca \u00e9s una patologia intestinal que es produeix com a conseq\u00fc\u00e8ncia d'una intoler\u00e0ncia al gluten en individus amb una predisposici\u00f3 gen\u00e8tica.\",\"breadcrumb\":{\"@id\":\"https:\/\/dev.93-93-113-41.plesk.page\/ca\/serveis\/aparell-digestiu\/malaltia-celiaca\/#breadcrumb\"},\"inLanguage\":\"ca\",\"potentialAction\":[{\"@type\":\"ReadAction\",\"target\":[\"https:\/\/dev.93-93-113-41.plesk.page\/ca\/serveis\/aparell-digestiu\/malaltia-celiaca\/\"]}]},{\"@type\":\"ImageObject\",\"inLanguage\":\"ca\",\"@id\":\"https:\/\/dev.93-93-113-41.plesk.page\/ca\/serveis\/aparell-digestiu\/malaltia-celiaca\/#primaryimage\",\"url\":\"https:\/\/dev.93-93-113-41.plesk.page\/wp-content\/uploads\/2024\/05\/Aparato-Digestivo.jpg\",\"contentUrl\":\"https:\/\/dev.93-93-113-41.plesk.page\/wp-content\/uploads\/2024\/05\/Aparato-Digestivo.jpg\",\"width\":768,\"height\":327},{\"@type\":\"BreadcrumbList\",\"@id\":\"https:\/\/dev.93-93-113-41.plesk.page\/ca\/serveis\/aparell-digestiu\/malaltia-celiaca\/#breadcrumb\",\"itemListElement\":[{\"@type\":\"ListItem\",\"position\":1,\"name\":\"Serveis M\u00e8dics de Cl\u00ednica ServiDigest\",\"item\":\"https:\/\/dev.93-93-113-41.plesk.page\/ca\/servicios\/\"},{\"@type\":\"ListItem\",\"position\":2,\"name\":\"Aparell digestiu\",\"item\":\"https:\/\/dev.93-93-113-41.plesk.page\/ca\/servicios\/aparato-digestivo\/\"},{\"@type\":\"ListItem\",\"position\":3,\"name\":\"Malaltia cel\u00edaca\"}]},{\"@type\":\"WebSite\",\"@id\":\"https:\/\/dev.93-93-113-41.plesk.page\/ca\/#website\",\"url\":\"https:\/\/dev.93-93-113-41.plesk.page\/ca\/\",\"name\":\"Servidigest\",\"description\":\"\",\"publisher\":{\"@id\":\"https:\/\/dev.93-93-113-41.plesk.page\/ca\/#organization\"},\"potentialAction\":[{\"@type\":\"SearchAction\",\"target\":{\"@type\":\"EntryPoint\",\"urlTemplate\":\"https:\/\/dev.93-93-113-41.plesk.page\/ca\/?s={search_term_string}\"},\"query-input\":\"required name=search_term_string\"}],\"inLanguage\":\"ca\"},{\"@type\":\"Organization\",\"@id\":\"https:\/\/dev.93-93-113-41.plesk.page\/ca\/#organization\",\"name\":\"Servidigest\",\"url\":\"https:\/\/dev.93-93-113-41.plesk.page\/ca\/\",\"logo\":{\"@type\":\"ImageObject\",\"inLanguage\":\"ca\",\"@id\":\"https:\/\/dev.93-93-113-41.plesk.page\/ca\/#\/schema\/logo\/image\/\",\"url\":\"https:\/\/dev.93-93-113-41.plesk.page\/wp-content\/uploads\/2024\/01\/servidigest.png\",\"contentUrl\":\"https:\/\/dev.93-93-113-41.plesk.page\/wp-content\/uploads\/2024\/01\/servidigest.png\",\"width\":808,\"height\":88,\"caption\":\"Servidigest\"},\"image\":{\"@id\":\"https:\/\/dev.93-93-113-41.plesk.page\/ca\/#\/schema\/logo\/image\/\"},\"sameAs\":[\"https:\/\/www.facebook.com\/servidigest\",\"https:\/\/x.com\/servidigest\"]}]}<\/script>\n<!-- \/ Yoast SEO plugin. -->","yoast_head_json":{"title":"Malaltia cel\u00edaca - Servidigest","description":"La Malaltia cel\u00edaca \u00e9s una patologia intestinal que es produeix com a conseq\u00fc\u00e8ncia d'una intoler\u00e0ncia al gluten en individus amb una predisposici\u00f3 gen\u00e8tica.","robots":{"index":"index","follow":"follow","max-snippet":"max-snippet:-1","max-image-preview":"max-image-preview:large","max-video-preview":"max-video-preview:-1"},"canonical":"https:\/\/dev.93-93-113-41.plesk.page\/ca\/serveis\/aparell-digestiu\/malaltia-celiaca\/","og_locale":"ca_ES","og_type":"article","og_title":"Malaltia cel\u00edaca - Servidigest","og_description":"La Malaltia cel\u00edaca \u00e9s una patologia intestinal que es produeix com a conseq\u00fc\u00e8ncia d'una intoler\u00e0ncia al gluten en individus amb una predisposici\u00f3 gen\u00e8tica.","og_url":"https:\/\/dev.93-93-113-41.plesk.page\/ca\/serveis\/aparell-digestiu\/malaltia-celiaca\/","og_site_name":"Servidigest","article_publisher":"https:\/\/www.facebook.com\/servidigest","article_modified_time":"2024-06-01T09:57:49+00:00","og_image":[{"width":768,"height":327,"url":"https:\/\/dev.93-93-113-41.plesk.page\/wp-content\/uploads\/2024\/05\/Aparato-Digestivo.jpg","type":"image\/jpeg"}],"twitter_card":"summary_large_image","twitter_site":"@servidigest","twitter_misc":{"Est. reading time":"2 minutes"},"schema":{"@context":"https:\/\/schema.org","@graph":[{"@type":"WebPage","@id":"https:\/\/dev.93-93-113-41.plesk.page\/ca\/serveis\/aparell-digestiu\/malaltia-celiaca\/","url":"https:\/\/dev.93-93-113-41.plesk.page\/ca\/serveis\/aparell-digestiu\/malaltia-celiaca\/","name":"Malaltia cel\u00edaca - Servidigest","isPartOf":{"@id":"https:\/\/dev.93-93-113-41.plesk.page\/ca\/#website"},"primaryImageOfPage":{"@id":"https:\/\/dev.93-93-113-41.plesk.page\/ca\/serveis\/aparell-digestiu\/malaltia-celiaca\/#primaryimage"},"image":{"@id":"https:\/\/dev.93-93-113-41.plesk.page\/ca\/serveis\/aparell-digestiu\/malaltia-celiaca\/#primaryimage"},"thumbnailUrl":"https:\/\/dev.93-93-113-41.plesk.page\/wp-content\/uploads\/2024\/05\/Aparato-Digestivo.jpg","datePublished":"2015-02-12T18:39:50+00:00","dateModified":"2024-06-01T09:57:49+00:00","description":"La Malaltia cel\u00edaca \u00e9s una patologia intestinal que es produeix com a conseq\u00fc\u00e8ncia d'una intoler\u00e0ncia al gluten en individus amb una predisposici\u00f3 gen\u00e8tica.","breadcrumb":{"@id":"https:\/\/dev.93-93-113-41.plesk.page\/ca\/serveis\/aparell-digestiu\/malaltia-celiaca\/#breadcrumb"},"inLanguage":"ca","potentialAction":[{"@type":"ReadAction","target":["https:\/\/dev.93-93-113-41.plesk.page\/ca\/serveis\/aparell-digestiu\/malaltia-celiaca\/"]}]},{"@type":"ImageObject","inLanguage":"ca","@id":"https:\/\/dev.93-93-113-41.plesk.page\/ca\/serveis\/aparell-digestiu\/malaltia-celiaca\/#primaryimage","url":"https:\/\/dev.93-93-113-41.plesk.page\/wp-content\/uploads\/2024\/05\/Aparato-Digestivo.jpg","contentUrl":"https:\/\/dev.93-93-113-41.plesk.page\/wp-content\/uploads\/2024\/05\/Aparato-Digestivo.jpg","width":768,"height":327},{"@type":"BreadcrumbList","@id":"https:\/\/dev.93-93-113-41.plesk.page\/ca\/serveis\/aparell-digestiu\/malaltia-celiaca\/#breadcrumb","itemListElement":[{"@type":"ListItem","position":1,"name":"Serveis M\u00e8dics de Cl\u00ednica ServiDigest","item":"https:\/\/dev.93-93-113-41.plesk.page\/ca\/servicios\/"},{"@type":"ListItem","position":2,"name":"Aparell digestiu","item":"https:\/\/dev.93-93-113-41.plesk.page\/ca\/servicios\/aparato-digestivo\/"},{"@type":"ListItem","position":3,"name":"Malaltia cel\u00edaca"}]},{"@type":"WebSite","@id":"https:\/\/dev.93-93-113-41.plesk.page\/ca\/#website","url":"https:\/\/dev.93-93-113-41.plesk.page\/ca\/","name":"Servidigest","description":"","publisher":{"@id":"https:\/\/dev.93-93-113-41.plesk.page\/ca\/#organization"},"potentialAction":[{"@type":"SearchAction","target":{"@type":"EntryPoint","urlTemplate":"https:\/\/dev.93-93-113-41.plesk.page\/ca\/?s={search_term_string}"},"query-input":"required name=search_term_string"}],"inLanguage":"ca"},{"@type":"Organization","@id":"https:\/\/dev.93-93-113-41.plesk.page\/ca\/#organization","name":"Servidigest","url":"https:\/\/dev.93-93-113-41.plesk.page\/ca\/","logo":{"@type":"ImageObject","inLanguage":"ca","@id":"https:\/\/dev.93-93-113-41.plesk.page\/ca\/#\/schema\/logo\/image\/","url":"https:\/\/dev.93-93-113-41.plesk.page\/wp-content\/uploads\/2024\/01\/servidigest.png","contentUrl":"https:\/\/dev.93-93-113-41.plesk.page\/wp-content\/uploads\/2024\/01\/servidigest.png","width":808,"height":88,"caption":"Servidigest"},"image":{"@id":"https:\/\/dev.93-93-113-41.plesk.page\/ca\/#\/schema\/logo\/image\/"},"sameAs":["https:\/\/www.facebook.com\/servidigest","https:\/\/x.com\/servidigest"]}]}},"_links":{"self":[{"href":"https:\/\/dev.93-93-113-41.plesk.page\/ca\/wp-json\/wp\/v2\/pages\/7586","targetHints":{"allow":["GET"]}}],"collection":[{"href":"https:\/\/dev.93-93-113-41.plesk.page\/ca\/wp-json\/wp\/v2\/pages"}],"about":[{"href":"https:\/\/dev.93-93-113-41.plesk.page\/ca\/wp-json\/wp\/v2\/types\/page"}],"author":[{"embeddable":true,"href":"https:\/\/dev.93-93-113-41.plesk.page\/ca\/wp-json\/wp\/v2\/users\/1"}],"replies":[{"embeddable":true,"href":"https:\/\/dev.93-93-113-41.plesk.page\/ca\/wp-json\/wp\/v2\/comments?post=7586"}],"version-history":[{"count":1,"href":"https:\/\/dev.93-93-113-41.plesk.page\/ca\/wp-json\/wp\/v2\/pages\/7586\/revisions"}],"predecessor-version":[{"id":34819,"href":"https:\/\/dev.93-93-113-41.plesk.page\/ca\/wp-json\/wp\/v2\/pages\/7586\/revisions\/34819"}],"up":[{"embeddable":true,"href":"https:\/\/dev.93-93-113-41.plesk.page\/ca\/wp-json\/wp\/v2\/pages\/34536"}],"wp:featuredmedia":[{"embeddable":true,"href":"https:\/\/dev.93-93-113-41.plesk.page\/ca\/wp-json\/wp\/v2\/media\/40111"}],"wp:attachment":[{"href":"https:\/\/dev.93-93-113-41.plesk.page\/ca\/wp-json\/wp\/v2\/media?parent=7586"}],"curies":[{"name":"wp","href":"https:\/\/api.w.org\/{rel}","templated":true}]}}