{"id":7579,"date":"2015-02-12T19:19:58","date_gmt":"2015-02-12T18:19:58","guid":{"rendered":"https:\/\/dev.93-93-113-41.plesk.page\/?page_id=7579"},"modified":"2024-05-08T10:15:48","modified_gmt":"2024-05-08T08:15:48","slug":"cancer-gastric","status":"publish","type":"page","link":"https:\/\/dev.93-93-113-41.plesk.page\/ca\/serveis\/aparell-digestiu\/cancer-gastric\/","title":{"rendered":"C\u00e0ncer d&#8217;est\u00f3mac"},"content":{"rendered":"<p>A l&#8217;est\u00f3mac es poden desenvolupar diferents tipus de tumors malignes entre els quals destaquen l&#8217;adenocarcinoma, el limfoma no Hodgkin, els tumors de l&#8217;estroma gastrointestinal (GIST) i els carcinoides.<\/p>\n<p>Els s\u00edmptomes m\u00e9s freq\u00fcents del c\u00e0ncer d&#8217;est\u00f3mac solen ser dolor abdominal, sacietat preco\u00e7, pesadesa postprandial, p\u00e8rdua de gana, n\u00e0usees, eructes, p\u00e8rdua de pes, sent dif\u00edcils de diferenciar dels s\u00edmptomes d&#8217;altres patologies estomacals benignes.<\/p>\n<p>La Gastrosc\u00f2pia \u00e9s la t\u00e8cnica d&#8217;elecci\u00f3 per al diagn\u00f2stic d&#8217;aquestes lesions permetent a m\u00e9s la presa de bi\u00f2psies per a l&#8217;estudi anatomopatol\u00f2gic, sent necessari tamb\u00e9 realitzar un estudi d&#8217;extensi\u00f3 locoregional i a distancia, \u00a0mitjan\u00e7ant ultrasonografia endosc\u00f2pica o ecoendoscopia\u00a0 i \/ o tomografia computada (TC ) en la majoria de casos.<\/p>\n<p>El tipus de tumor m\u00e9s freq\u00fcent \u00e9s l&#8217;adenocarcinoma, \u00a0que representa m\u00e9s del 90% de tots els tumors malignes g\u00e0strics.<\/p>\n<p>Entre els factors de risc per a aquest tipus de tumor es troben el sexe mascul\u00ed, ser major de 50 anys, la ingesta\u00a0d&#8217;aliments fumats, el tabac, els antecedents familiars de c\u00e0ncer g\u00e0stric, i la infecci\u00f3 per Helicobacter pylori.<\/p>\n<p>Depenent de l&#8217;estadi en qu\u00e8 es troba el tumor, s&#8217;aplicaran diferents tractaments, curatius o pal\u00b7liatius.<\/p>\n<p>El tractament endosc\u00f2pic de adenocarcinomes g\u00e0strics \u00e9s aplicable a tumors b\u00e9 o moderadament diferenciats amb invasi\u00f3 limitada a mucosa o submucosa.<\/p>\n<p>No obstant aix\u00f2,\u00a0a la majoria de casos en qu\u00e8 el tumor es diagnostica en etapes m\u00e9s avan\u00e7ades, \u00e9s la cirurgia (amb o sense quimioter\u00e0pia) l&#8217;\u00fanic tractament aplicable amb intenci\u00f3 curativa (Gastrectomia total o subtotal).<\/p>\n<p>\u00c9s important que en cas de presentar alguns dels s\u00edmptomes anteriorment descrits, consulti a un especialista per determinar les causes, seleccionar el millor tractament, a m\u00e9s de con\u00e8ixer el control i seguiment apropiat en cada cas individual.<\/p>\n<p>Cl\u00ednica ServiDigest disposa d\u2019una unitat especialitzada en Gastroenterologia per a l\u2019estudi i tractament d\u2019aquesta patolog\u00eda.<\/p>\n","protected":false},"excerpt":{"rendered":"<div class=\"mh-excerpt\"><p>A l&#8217;est\u00f3mac es poden desenvolupar diferents tipus de tumors malignes entre els quals destaquen l&#8217;adenocarcinoma, el limfoma no Hodgkin, els tumors de l&#8217;estroma gastrointestinal (GIST) i els carcinoides. Els s\u00edmptomes m\u00e9s freq\u00fcents del c\u00e0ncer d&#8217;est\u00f3mac <a class=\"mh-excerpt-more\" href=\"https:\/\/dev.93-93-113-41.plesk.page\/ca\/serveis\/aparell-digestiu\/cancer-gastric\/\" title=\"C\u00e0ncer d&#8217;est\u00f3mac\">[&#8230;]<\/a><\/p>\n<\/div>","protected":false},"author":1,"featured_media":39162,"parent":34536,"menu_order":6,"comment_status":"closed","ping_status":"closed","template":"","meta":{"footnotes":""},"class_list":["post-7579","page","type-page","status-publish","has-post-thumbnail"],"yoast_head":"<!-- This site is optimized with the Yoast SEO plugin v22.6 - https:\/\/yoast.com\/wordpress\/plugins\/seo\/ -->\n<title>C\u00e0ncer d&#039;est\u00f3mac - Servidigest<\/title>\n<meta name=\"description\" content=\"Els s\u00edmptomes m\u00e9s freq\u00fcents del c\u00e0ncer d&#039;est\u00f3mac solen ser dolor abdominal, sacietat preco\u00e7, p\u00e8rdua de gana, n\u00e0usees, eructes, p\u00e8rdua de pes, entre d&#039;altres\" \/>\n<meta name=\"robots\" content=\"index, follow, max-snippet:-1, max-image-preview:large, max-video-preview:-1\" \/>\n<link rel=\"canonical\" href=\"https:\/\/dev.93-93-113-41.plesk.page\/ca\/serveis\/aparell-digestiu\/cancer-gastric\/\" \/>\n<meta property=\"og:locale\" content=\"ca_ES\" \/>\n<meta property=\"og:type\" content=\"article\" \/>\n<meta property=\"og:title\" content=\"C\u00e0ncer d&#039;est\u00f3mac - Servidigest\" \/>\n<meta property=\"og:description\" content=\"Els s\u00edmptomes m\u00e9s freq\u00fcents del c\u00e0ncer d&#039;est\u00f3mac solen ser dolor abdominal, sacietat preco\u00e7, p\u00e8rdua de gana, n\u00e0usees, eructes, p\u00e8rdua de pes, entre d&#039;altres\" \/>\n<meta property=\"og:url\" content=\"https:\/\/dev.93-93-113-41.plesk.page\/ca\/serveis\/aparell-digestiu\/cancer-gastric\/\" \/>\n<meta property=\"og:site_name\" content=\"Servidigest\" \/>\n<meta property=\"article:publisher\" content=\"https:\/\/www.facebook.com\/servidigest\" \/>\n<meta property=\"article:modified_time\" content=\"2024-05-08T08:15:48+00:00\" \/>\n<meta property=\"og:image\" content=\"https:\/\/dev.93-93-113-41.plesk.page\/wp-content\/uploads\/2024\/05\/5-patologias-Aparato-Digestivo.jpg\" \/>\n\t<meta property=\"og:image:width\" content=\"1644\" \/>\n\t<meta property=\"og:image:height\" content=\"700\" \/>\n\t<meta property=\"og:image:type\" content=\"image\/jpeg\" \/>\n<meta name=\"twitter:card\" content=\"summary_large_image\" \/>\n<meta name=\"twitter:site\" content=\"@servidigest\" \/>\n<meta name=\"twitter:label1\" content=\"Est. reading time\" \/>\n\t<meta name=\"twitter:data1\" content=\"2 minutes\" \/>\n<script type=\"application\/ld+json\" class=\"yoast-schema-graph\">{\"@context\":\"https:\/\/schema.org\",\"@graph\":[{\"@type\":\"WebPage\",\"@id\":\"https:\/\/dev.93-93-113-41.plesk.page\/ca\/serveis\/aparell-digestiu\/cancer-gastric\/\",\"url\":\"https:\/\/dev.93-93-113-41.plesk.page\/ca\/serveis\/aparell-digestiu\/cancer-gastric\/\",\"name\":\"C\u00e0ncer d'est\u00f3mac - Servidigest\",\"isPartOf\":{\"@id\":\"https:\/\/dev.93-93-113-41.plesk.page\/ca\/#website\"},\"primaryImageOfPage\":{\"@id\":\"https:\/\/dev.93-93-113-41.plesk.page\/ca\/serveis\/aparell-digestiu\/cancer-gastric\/#primaryimage\"},\"image\":{\"@id\":\"https:\/\/dev.93-93-113-41.plesk.page\/ca\/serveis\/aparell-digestiu\/cancer-gastric\/#primaryimage\"},\"thumbnailUrl\":\"https:\/\/dev.93-93-113-41.plesk.page\/wp-content\/uploads\/2024\/05\/5-patologias-Aparato-Digestivo.jpg\",\"datePublished\":\"2015-02-12T18:19:58+00:00\",\"dateModified\":\"2024-05-08T08:15:48+00:00\",\"description\":\"Els s\u00edmptomes m\u00e9s freq\u00fcents del c\u00e0ncer d'est\u00f3mac solen ser dolor abdominal, sacietat preco\u00e7, p\u00e8rdua de gana, n\u00e0usees, eructes, p\u00e8rdua de pes, entre d'altres\",\"breadcrumb\":{\"@id\":\"https:\/\/dev.93-93-113-41.plesk.page\/ca\/serveis\/aparell-digestiu\/cancer-gastric\/#breadcrumb\"},\"inLanguage\":\"ca\",\"potentialAction\":[{\"@type\":\"ReadAction\",\"target\":[\"https:\/\/dev.93-93-113-41.plesk.page\/ca\/serveis\/aparell-digestiu\/cancer-gastric\/\"]}]},{\"@type\":\"ImageObject\",\"inLanguage\":\"ca\",\"@id\":\"https:\/\/dev.93-93-113-41.plesk.page\/ca\/serveis\/aparell-digestiu\/cancer-gastric\/#primaryimage\",\"url\":\"https:\/\/dev.93-93-113-41.plesk.page\/wp-content\/uploads\/2024\/05\/5-patologias-Aparato-Digestivo.jpg\",\"contentUrl\":\"https:\/\/dev.93-93-113-41.plesk.page\/wp-content\/uploads\/2024\/05\/5-patologias-Aparato-Digestivo.jpg\",\"width\":1644,\"height\":700},{\"@type\":\"BreadcrumbList\",\"@id\":\"https:\/\/dev.93-93-113-41.plesk.page\/ca\/serveis\/aparell-digestiu\/cancer-gastric\/#breadcrumb\",\"itemListElement\":[{\"@type\":\"ListItem\",\"position\":1,\"name\":\"Serveis M\u00e8dics de Cl\u00ednica ServiDigest\",\"item\":\"https:\/\/dev.93-93-113-41.plesk.page\/ca\/servicios\/\"},{\"@type\":\"ListItem\",\"position\":2,\"name\":\"Aparell digestiu\",\"item\":\"https:\/\/dev.93-93-113-41.plesk.page\/ca\/servicios\/aparato-digestivo\/\"},{\"@type\":\"ListItem\",\"position\":3,\"name\":\"C\u00e0ncer d&#8217;est\u00f3mac\"}]},{\"@type\":\"WebSite\",\"@id\":\"https:\/\/dev.93-93-113-41.plesk.page\/ca\/#website\",\"url\":\"https:\/\/dev.93-93-113-41.plesk.page\/ca\/\",\"name\":\"Servidigest\",\"description\":\"\",\"publisher\":{\"@id\":\"https:\/\/dev.93-93-113-41.plesk.page\/ca\/#organization\"},\"potentialAction\":[{\"@type\":\"SearchAction\",\"target\":{\"@type\":\"EntryPoint\",\"urlTemplate\":\"https:\/\/dev.93-93-113-41.plesk.page\/ca\/?s={search_term_string}\"},\"query-input\":\"required name=search_term_string\"}],\"inLanguage\":\"ca\"},{\"@type\":\"Organization\",\"@id\":\"https:\/\/dev.93-93-113-41.plesk.page\/ca\/#organization\",\"name\":\"Servidigest\",\"url\":\"https:\/\/dev.93-93-113-41.plesk.page\/ca\/\",\"logo\":{\"@type\":\"ImageObject\",\"inLanguage\":\"ca\",\"@id\":\"https:\/\/dev.93-93-113-41.plesk.page\/ca\/#\/schema\/logo\/image\/\",\"url\":\"https:\/\/dev.93-93-113-41.plesk.page\/wp-content\/uploads\/2024\/01\/servidigest.png\",\"contentUrl\":\"https:\/\/dev.93-93-113-41.plesk.page\/wp-content\/uploads\/2024\/01\/servidigest.png\",\"width\":808,\"height\":88,\"caption\":\"Servidigest\"},\"image\":{\"@id\":\"https:\/\/dev.93-93-113-41.plesk.page\/ca\/#\/schema\/logo\/image\/\"},\"sameAs\":[\"https:\/\/www.facebook.com\/servidigest\",\"https:\/\/x.com\/servidigest\"]}]}<\/script>\n<!-- \/ Yoast SEO plugin. -->","yoast_head_json":{"title":"C\u00e0ncer d'est\u00f3mac - Servidigest","description":"Els s\u00edmptomes m\u00e9s freq\u00fcents del c\u00e0ncer d'est\u00f3mac solen ser dolor abdominal, sacietat preco\u00e7, p\u00e8rdua de gana, n\u00e0usees, eructes, p\u00e8rdua de pes, entre d'altres","robots":{"index":"index","follow":"follow","max-snippet":"max-snippet:-1","max-image-preview":"max-image-preview:large","max-video-preview":"max-video-preview:-1"},"canonical":"https:\/\/dev.93-93-113-41.plesk.page\/ca\/serveis\/aparell-digestiu\/cancer-gastric\/","og_locale":"ca_ES","og_type":"article","og_title":"C\u00e0ncer d'est\u00f3mac - Servidigest","og_description":"Els s\u00edmptomes m\u00e9s freq\u00fcents del c\u00e0ncer d'est\u00f3mac solen ser dolor abdominal, sacietat preco\u00e7, p\u00e8rdua de gana, n\u00e0usees, eructes, p\u00e8rdua de pes, entre d'altres","og_url":"https:\/\/dev.93-93-113-41.plesk.page\/ca\/serveis\/aparell-digestiu\/cancer-gastric\/","og_site_name":"Servidigest","article_publisher":"https:\/\/www.facebook.com\/servidigest","article_modified_time":"2024-05-08T08:15:48+00:00","og_image":[{"width":1644,"height":700,"url":"https:\/\/dev.93-93-113-41.plesk.page\/wp-content\/uploads\/2024\/05\/5-patologias-Aparato-Digestivo.jpg","type":"image\/jpeg"}],"twitter_card":"summary_large_image","twitter_site":"@servidigest","twitter_misc":{"Est. reading time":"2 minutes"},"schema":{"@context":"https:\/\/schema.org","@graph":[{"@type":"WebPage","@id":"https:\/\/dev.93-93-113-41.plesk.page\/ca\/serveis\/aparell-digestiu\/cancer-gastric\/","url":"https:\/\/dev.93-93-113-41.plesk.page\/ca\/serveis\/aparell-digestiu\/cancer-gastric\/","name":"C\u00e0ncer d'est\u00f3mac - Servidigest","isPartOf":{"@id":"https:\/\/dev.93-93-113-41.plesk.page\/ca\/#website"},"primaryImageOfPage":{"@id":"https:\/\/dev.93-93-113-41.plesk.page\/ca\/serveis\/aparell-digestiu\/cancer-gastric\/#primaryimage"},"image":{"@id":"https:\/\/dev.93-93-113-41.plesk.page\/ca\/serveis\/aparell-digestiu\/cancer-gastric\/#primaryimage"},"thumbnailUrl":"https:\/\/dev.93-93-113-41.plesk.page\/wp-content\/uploads\/2024\/05\/5-patologias-Aparato-Digestivo.jpg","datePublished":"2015-02-12T18:19:58+00:00","dateModified":"2024-05-08T08:15:48+00:00","description":"Els s\u00edmptomes m\u00e9s freq\u00fcents del c\u00e0ncer d'est\u00f3mac solen ser dolor abdominal, sacietat preco\u00e7, p\u00e8rdua de gana, n\u00e0usees, eructes, p\u00e8rdua de pes, entre d'altres","breadcrumb":{"@id":"https:\/\/dev.93-93-113-41.plesk.page\/ca\/serveis\/aparell-digestiu\/cancer-gastric\/#breadcrumb"},"inLanguage":"ca","potentialAction":[{"@type":"ReadAction","target":["https:\/\/dev.93-93-113-41.plesk.page\/ca\/serveis\/aparell-digestiu\/cancer-gastric\/"]}]},{"@type":"ImageObject","inLanguage":"ca","@id":"https:\/\/dev.93-93-113-41.plesk.page\/ca\/serveis\/aparell-digestiu\/cancer-gastric\/#primaryimage","url":"https:\/\/dev.93-93-113-41.plesk.page\/wp-content\/uploads\/2024\/05\/5-patologias-Aparato-Digestivo.jpg","contentUrl":"https:\/\/dev.93-93-113-41.plesk.page\/wp-content\/uploads\/2024\/05\/5-patologias-Aparato-Digestivo.jpg","width":1644,"height":700},{"@type":"BreadcrumbList","@id":"https:\/\/dev.93-93-113-41.plesk.page\/ca\/serveis\/aparell-digestiu\/cancer-gastric\/#breadcrumb","itemListElement":[{"@type":"ListItem","position":1,"name":"Serveis M\u00e8dics de Cl\u00ednica ServiDigest","item":"https:\/\/dev.93-93-113-41.plesk.page\/ca\/servicios\/"},{"@type":"ListItem","position":2,"name":"Aparell digestiu","item":"https:\/\/dev.93-93-113-41.plesk.page\/ca\/servicios\/aparato-digestivo\/"},{"@type":"ListItem","position":3,"name":"C\u00e0ncer d&#8217;est\u00f3mac"}]},{"@type":"WebSite","@id":"https:\/\/dev.93-93-113-41.plesk.page\/ca\/#website","url":"https:\/\/dev.93-93-113-41.plesk.page\/ca\/","name":"Servidigest","description":"","publisher":{"@id":"https:\/\/dev.93-93-113-41.plesk.page\/ca\/#organization"},"potentialAction":[{"@type":"SearchAction","target":{"@type":"EntryPoint","urlTemplate":"https:\/\/dev.93-93-113-41.plesk.page\/ca\/?s={search_term_string}"},"query-input":"required name=search_term_string"}],"inLanguage":"ca"},{"@type":"Organization","@id":"https:\/\/dev.93-93-113-41.plesk.page\/ca\/#organization","name":"Servidigest","url":"https:\/\/dev.93-93-113-41.plesk.page\/ca\/","logo":{"@type":"ImageObject","inLanguage":"ca","@id":"https:\/\/dev.93-93-113-41.plesk.page\/ca\/#\/schema\/logo\/image\/","url":"https:\/\/dev.93-93-113-41.plesk.page\/wp-content\/uploads\/2024\/01\/servidigest.png","contentUrl":"https:\/\/dev.93-93-113-41.plesk.page\/wp-content\/uploads\/2024\/01\/servidigest.png","width":808,"height":88,"caption":"Servidigest"},"image":{"@id":"https:\/\/dev.93-93-113-41.plesk.page\/ca\/#\/schema\/logo\/image\/"},"sameAs":["https:\/\/www.facebook.com\/servidigest","https:\/\/x.com\/servidigest"]}]}},"_links":{"self":[{"href":"https:\/\/dev.93-93-113-41.plesk.page\/ca\/wp-json\/wp\/v2\/pages\/7579","targetHints":{"allow":["GET"]}}],"collection":[{"href":"https:\/\/dev.93-93-113-41.plesk.page\/ca\/wp-json\/wp\/v2\/pages"}],"about":[{"href":"https:\/\/dev.93-93-113-41.plesk.page\/ca\/wp-json\/wp\/v2\/types\/page"}],"author":[{"embeddable":true,"href":"https:\/\/dev.93-93-113-41.plesk.page\/ca\/wp-json\/wp\/v2\/users\/1"}],"replies":[{"embeddable":true,"href":"https:\/\/dev.93-93-113-41.plesk.page\/ca\/wp-json\/wp\/v2\/comments?post=7579"}],"version-history":[{"count":1,"href":"https:\/\/dev.93-93-113-41.plesk.page\/ca\/wp-json\/wp\/v2\/pages\/7579\/revisions"}],"predecessor-version":[{"id":34815,"href":"https:\/\/dev.93-93-113-41.plesk.page\/ca\/wp-json\/wp\/v2\/pages\/7579\/revisions\/34815"}],"up":[{"embeddable":true,"href":"https:\/\/dev.93-93-113-41.plesk.page\/ca\/wp-json\/wp\/v2\/pages\/34536"}],"wp:featuredmedia":[{"embeddable":true,"href":"https:\/\/dev.93-93-113-41.plesk.page\/ca\/wp-json\/wp\/v2\/media\/39162"}],"wp:attachment":[{"href":"https:\/\/dev.93-93-113-41.plesk.page\/ca\/wp-json\/wp\/v2\/media?parent=7579"}],"curies":[{"name":"wp","href":"https:\/\/api.w.org\/{rel}","templated":true}]}}