{"id":7575,"date":"2015-02-12T19:08:46","date_gmt":"2015-02-12T18:08:46","guid":{"rendered":"https:\/\/dev.93-93-113-41.plesk.page\/?page_id=7575"},"modified":"2024-02-26T17:11:00","modified_gmt":"2024-02-26T16:11:00","slug":"helicobacter-pylori","status":"publish","type":"page","link":"https:\/\/dev.93-93-113-41.plesk.page\/ca\/serveis\/aparell-digestiu\/helicobacter-pylori\/","title":{"rendered":"Helicobacter Pylori"},"content":{"rendered":"<p>La infecci\u00f3 per Helicobacter Pylori \u00e9s molt freq\u00fcent afectant m\u00e9s de la meitat de la poblaci\u00f3 mundial, especialment a individus que viuen en pa\u00efsos en vies de desenvolupament.<\/p>\n<p>Les principals vies de contagi s\u00f3n l&#8217;oral-oral i la fecal-oral, ja sigui per ingesta d&#8217;aigua o aliments que continguin el bacteri o b\u00e9 per males condicions d&#8217;higiene.<\/p>\n<p>Aquest bacteri \u00e9s responsable de processos patol\u00f2gics que ocasionen gastritis activa cr\u00f2nica, \u00falcera p\u00e8ptica, c\u00e0ncer g\u00e0stric i linfoma g\u00e0stric.<\/p>\n<p>En alguns\u00a0casos s&#8217;associa amb malalties extradigestives cardiovasculars, dermatol\u00f2giques, autoimmunes &#8230;<\/p>\n<p>Els s\u00edmptomes relacionats a aquest bacteri s\u00f3n variats i entre ells destaquen la disp\u00e8psia, la distensi\u00f3 abdominal o l&#8217;acidesa d&#8217;est\u00f3mac.<\/p>\n<p>Els m\u00e8todes diagn\u00f2stics es divideixen en directes (histologia, prova de ureasa mitjan\u00e7ant bi\u00f2psia, cultiu) o b\u00e9 indirectes (serologia, prova d&#8217;al\u00e8 amb urea, test d&#8217;antigen en femta).<\/p>\n<p>La Gastrosc\u00f2pia \u00e9s el principal procediment\u00a0per determinar lesions a la mucosa produ\u00efda pel Helicobacter pylori, permetent a m\u00e9s la presa de bi\u00f2psies per estudi histol\u00f2gic, test d&#8217;ureasa, o b\u00e9 per a cultiu.<\/p>\n<p>Entre les proves no invasives destaca la Prova de l&#8217;al\u00e8 o Prova de la urea, el fonament consisteix a detectar l&#8217;activitat de la ureasa (enzim present en el bacteri), despr\u00e9s de l&#8217;administraci\u00f3 oral d&#8217;urea.<br \/>\nAquesta prova t\u00e9 una alta sensibilitat (98%) i especificitat (97%), sent considerada el m\u00e8tode d&#8217;elecci\u00f3 per confirmar l&#8217;eradicaci\u00f3 de la infecci\u00f3 per Helicobacter pylori.<\/p>\n<p>El tractament d&#8217;elecci\u00f3 d&#8217;aquest bacteri consisteix a administrar una combinaci\u00f3 d&#8217;antibi\u00f2tics associats a antisecretors, havent-se detectat en els \u00faltims anys una resist\u00e8ncia creixent a alguns antibi\u00f2tics que fa que en molts casos s&#8217;hagi de repetir el tractament modificant algun dels f\u00e0rmacs utilitzats.<\/p>\n<p>\u00c9s important que en cas de presentar alguns dels s\u00edmptomes anteriorment descrits, consulti a un especialista per determinar les causes, seleccionar el millor tractament, a m\u00e9s de con\u00e8ixer el control i seguiment apropiat en cada cas individual.<\/p>\n<p>Cl\u00ednica ServiDigest disposa d\u2019una unitat especialitzada en Gastroenterologia per a l\u2019estudi i tractament d\u2019aquesta patolog\u00eda.<\/p>\n","protected":false},"excerpt":{"rendered":"<div class=\"mh-excerpt\"><p>La infecci\u00f3 per Helicobacter Pylori \u00e9s molt freq\u00fcent afectant m\u00e9s de la meitat de la poblaci\u00f3 mundial, especialment a individus que viuen en pa\u00efsos en vies de desenvolupament. Les principals vies de contagi s\u00f3n l&#8217;oral-oral <a class=\"mh-excerpt-more\" href=\"https:\/\/dev.93-93-113-41.plesk.page\/ca\/serveis\/aparell-digestiu\/helicobacter-pylori\/\" title=\"Helicobacter Pylori\">[&#8230;]<\/a><\/p>\n<\/div>","protected":false},"author":1,"featured_media":0,"parent":34536,"menu_order":18,"comment_status":"closed","ping_status":"closed","template":"","meta":{"footnotes":""},"class_list":["post-7575","page","type-page","status-publish"],"yoast_head":"<!-- This site is optimized with the Yoast SEO plugin v22.6 - https:\/\/yoast.com\/wordpress\/plugins\/seo\/ -->\n<title>Helicobacter Pylori - Servidigest<\/title>\n<meta name=\"description\" content=\"Helicobacter Pylori\" \/>\n<meta name=\"robots\" content=\"index, follow, max-snippet:-1, max-image-preview:large, max-video-preview:-1\" \/>\n<link rel=\"canonical\" href=\"https:\/\/dev.93-93-113-41.plesk.page\/ca\/serveis\/aparell-digestiu\/helicobacter-pylori\/\" \/>\n<meta property=\"og:locale\" content=\"ca_ES\" \/>\n<meta property=\"og:type\" content=\"article\" \/>\n<meta property=\"og:title\" content=\"Helicobacter Pylori - Servidigest\" \/>\n<meta property=\"og:description\" content=\"Helicobacter Pylori\" \/>\n<meta property=\"og:url\" content=\"https:\/\/dev.93-93-113-41.plesk.page\/ca\/serveis\/aparell-digestiu\/helicobacter-pylori\/\" \/>\n<meta property=\"og:site_name\" content=\"Servidigest\" \/>\n<meta property=\"article:publisher\" content=\"https:\/\/www.facebook.com\/servidigest\" \/>\n<meta property=\"article:modified_time\" content=\"2024-02-26T16:11:00+00:00\" \/>\n<meta name=\"twitter:card\" content=\"summary_large_image\" \/>\n<meta name=\"twitter:site\" content=\"@servidigest\" \/>\n<meta name=\"twitter:label1\" content=\"Est. reading time\" \/>\n\t<meta name=\"twitter:data1\" content=\"2 minutes\" \/>\n<script type=\"application\/ld+json\" class=\"yoast-schema-graph\">{\"@context\":\"https:\/\/schema.org\",\"@graph\":[{\"@type\":\"WebPage\",\"@id\":\"https:\/\/dev.93-93-113-41.plesk.page\/ca\/serveis\/aparell-digestiu\/helicobacter-pylori\/\",\"url\":\"https:\/\/dev.93-93-113-41.plesk.page\/ca\/serveis\/aparell-digestiu\/helicobacter-pylori\/\",\"name\":\"Helicobacter Pylori - Servidigest\",\"isPartOf\":{\"@id\":\"https:\/\/dev.93-93-113-41.plesk.page\/ca\/#website\"},\"datePublished\":\"2015-02-12T18:08:46+00:00\",\"dateModified\":\"2024-02-26T16:11:00+00:00\",\"description\":\"Helicobacter Pylori\",\"breadcrumb\":{\"@id\":\"https:\/\/dev.93-93-113-41.plesk.page\/ca\/serveis\/aparell-digestiu\/helicobacter-pylori\/#breadcrumb\"},\"inLanguage\":\"ca\",\"potentialAction\":[{\"@type\":\"ReadAction\",\"target\":[\"https:\/\/dev.93-93-113-41.plesk.page\/ca\/serveis\/aparell-digestiu\/helicobacter-pylori\/\"]}]},{\"@type\":\"BreadcrumbList\",\"@id\":\"https:\/\/dev.93-93-113-41.plesk.page\/ca\/serveis\/aparell-digestiu\/helicobacter-pylori\/#breadcrumb\",\"itemListElement\":[{\"@type\":\"ListItem\",\"position\":1,\"name\":\"Serveis M\u00e8dics de Cl\u00ednica ServiDigest\",\"item\":\"https:\/\/dev.93-93-113-41.plesk.page\/ca\/servicios\/\"},{\"@type\":\"ListItem\",\"position\":2,\"name\":\"Aparell digestiu\",\"item\":\"https:\/\/dev.93-93-113-41.plesk.page\/ca\/servicios\/aparato-digestivo\/\"},{\"@type\":\"ListItem\",\"position\":3,\"name\":\"Helicobacter Pylori\"}]},{\"@type\":\"WebSite\",\"@id\":\"https:\/\/dev.93-93-113-41.plesk.page\/ca\/#website\",\"url\":\"https:\/\/dev.93-93-113-41.plesk.page\/ca\/\",\"name\":\"Servidigest\",\"description\":\"\",\"publisher\":{\"@id\":\"https:\/\/dev.93-93-113-41.plesk.page\/ca\/#organization\"},\"potentialAction\":[{\"@type\":\"SearchAction\",\"target\":{\"@type\":\"EntryPoint\",\"urlTemplate\":\"https:\/\/dev.93-93-113-41.plesk.page\/ca\/?s={search_term_string}\"},\"query-input\":\"required name=search_term_string\"}],\"inLanguage\":\"ca\"},{\"@type\":\"Organization\",\"@id\":\"https:\/\/dev.93-93-113-41.plesk.page\/ca\/#organization\",\"name\":\"Servidigest\",\"url\":\"https:\/\/dev.93-93-113-41.plesk.page\/ca\/\",\"logo\":{\"@type\":\"ImageObject\",\"inLanguage\":\"ca\",\"@id\":\"https:\/\/dev.93-93-113-41.plesk.page\/ca\/#\/schema\/logo\/image\/\",\"url\":\"https:\/\/dev.93-93-113-41.plesk.page\/wp-content\/uploads\/2024\/01\/servidigest.png\",\"contentUrl\":\"https:\/\/dev.93-93-113-41.plesk.page\/wp-content\/uploads\/2024\/01\/servidigest.png\",\"width\":808,\"height\":88,\"caption\":\"Servidigest\"},\"image\":{\"@id\":\"https:\/\/dev.93-93-113-41.plesk.page\/ca\/#\/schema\/logo\/image\/\"},\"sameAs\":[\"https:\/\/www.facebook.com\/servidigest\",\"https:\/\/x.com\/servidigest\"]}]}<\/script>\n<!-- \/ Yoast SEO plugin. -->","yoast_head_json":{"title":"Helicobacter Pylori - Servidigest","description":"Helicobacter Pylori","robots":{"index":"index","follow":"follow","max-snippet":"max-snippet:-1","max-image-preview":"max-image-preview:large","max-video-preview":"max-video-preview:-1"},"canonical":"https:\/\/dev.93-93-113-41.plesk.page\/ca\/serveis\/aparell-digestiu\/helicobacter-pylori\/","og_locale":"ca_ES","og_type":"article","og_title":"Helicobacter Pylori - Servidigest","og_description":"Helicobacter Pylori","og_url":"https:\/\/dev.93-93-113-41.plesk.page\/ca\/serveis\/aparell-digestiu\/helicobacter-pylori\/","og_site_name":"Servidigest","article_publisher":"https:\/\/www.facebook.com\/servidigest","article_modified_time":"2024-02-26T16:11:00+00:00","twitter_card":"summary_large_image","twitter_site":"@servidigest","twitter_misc":{"Est. reading time":"2 minutes"},"schema":{"@context":"https:\/\/schema.org","@graph":[{"@type":"WebPage","@id":"https:\/\/dev.93-93-113-41.plesk.page\/ca\/serveis\/aparell-digestiu\/helicobacter-pylori\/","url":"https:\/\/dev.93-93-113-41.plesk.page\/ca\/serveis\/aparell-digestiu\/helicobacter-pylori\/","name":"Helicobacter Pylori - Servidigest","isPartOf":{"@id":"https:\/\/dev.93-93-113-41.plesk.page\/ca\/#website"},"datePublished":"2015-02-12T18:08:46+00:00","dateModified":"2024-02-26T16:11:00+00:00","description":"Helicobacter Pylori","breadcrumb":{"@id":"https:\/\/dev.93-93-113-41.plesk.page\/ca\/serveis\/aparell-digestiu\/helicobacter-pylori\/#breadcrumb"},"inLanguage":"ca","potentialAction":[{"@type":"ReadAction","target":["https:\/\/dev.93-93-113-41.plesk.page\/ca\/serveis\/aparell-digestiu\/helicobacter-pylori\/"]}]},{"@type":"BreadcrumbList","@id":"https:\/\/dev.93-93-113-41.plesk.page\/ca\/serveis\/aparell-digestiu\/helicobacter-pylori\/#breadcrumb","itemListElement":[{"@type":"ListItem","position":1,"name":"Serveis M\u00e8dics de Cl\u00ednica ServiDigest","item":"https:\/\/dev.93-93-113-41.plesk.page\/ca\/servicios\/"},{"@type":"ListItem","position":2,"name":"Aparell digestiu","item":"https:\/\/dev.93-93-113-41.plesk.page\/ca\/servicios\/aparato-digestivo\/"},{"@type":"ListItem","position":3,"name":"Helicobacter Pylori"}]},{"@type":"WebSite","@id":"https:\/\/dev.93-93-113-41.plesk.page\/ca\/#website","url":"https:\/\/dev.93-93-113-41.plesk.page\/ca\/","name":"Servidigest","description":"","publisher":{"@id":"https:\/\/dev.93-93-113-41.plesk.page\/ca\/#organization"},"potentialAction":[{"@type":"SearchAction","target":{"@type":"EntryPoint","urlTemplate":"https:\/\/dev.93-93-113-41.plesk.page\/ca\/?s={search_term_string}"},"query-input":"required name=search_term_string"}],"inLanguage":"ca"},{"@type":"Organization","@id":"https:\/\/dev.93-93-113-41.plesk.page\/ca\/#organization","name":"Servidigest","url":"https:\/\/dev.93-93-113-41.plesk.page\/ca\/","logo":{"@type":"ImageObject","inLanguage":"ca","@id":"https:\/\/dev.93-93-113-41.plesk.page\/ca\/#\/schema\/logo\/image\/","url":"https:\/\/dev.93-93-113-41.plesk.page\/wp-content\/uploads\/2024\/01\/servidigest.png","contentUrl":"https:\/\/dev.93-93-113-41.plesk.page\/wp-content\/uploads\/2024\/01\/servidigest.png","width":808,"height":88,"caption":"Servidigest"},"image":{"@id":"https:\/\/dev.93-93-113-41.plesk.page\/ca\/#\/schema\/logo\/image\/"},"sameAs":["https:\/\/www.facebook.com\/servidigest","https:\/\/x.com\/servidigest"]}]}},"_links":{"self":[{"href":"https:\/\/dev.93-93-113-41.plesk.page\/ca\/wp-json\/wp\/v2\/pages\/7575","targetHints":{"allow":["GET"]}}],"collection":[{"href":"https:\/\/dev.93-93-113-41.plesk.page\/ca\/wp-json\/wp\/v2\/pages"}],"about":[{"href":"https:\/\/dev.93-93-113-41.plesk.page\/ca\/wp-json\/wp\/v2\/types\/page"}],"author":[{"embeddable":true,"href":"https:\/\/dev.93-93-113-41.plesk.page\/ca\/wp-json\/wp\/v2\/users\/1"}],"replies":[{"embeddable":true,"href":"https:\/\/dev.93-93-113-41.plesk.page\/ca\/wp-json\/wp\/v2\/comments?post=7575"}],"version-history":[{"count":1,"href":"https:\/\/dev.93-93-113-41.plesk.page\/ca\/wp-json\/wp\/v2\/pages\/7575\/revisions"}],"predecessor-version":[{"id":34811,"href":"https:\/\/dev.93-93-113-41.plesk.page\/ca\/wp-json\/wp\/v2\/pages\/7575\/revisions\/34811"}],"up":[{"embeddable":true,"href":"https:\/\/dev.93-93-113-41.plesk.page\/ca\/wp-json\/wp\/v2\/pages\/34536"}],"wp:attachment":[{"href":"https:\/\/dev.93-93-113-41.plesk.page\/ca\/wp-json\/wp\/v2\/media?parent=7575"}],"curies":[{"name":"wp","href":"https:\/\/api.w.org\/{rel}","templated":true}]}}