{"id":7570,"date":"2015-02-12T18:55:53","date_gmt":"2015-02-12T17:55:53","guid":{"rendered":"https:\/\/dev.93-93-113-41.plesk.page\/?page_id=7570"},"modified":"2024-02-26T17:10:59","modified_gmt":"2024-02-26T16:10:59","slug":"ulcera-peptica","status":"publish","type":"page","link":"https:\/\/dev.93-93-113-41.plesk.page\/ca\/serveis\/aparell-digestiu\/ulcera-peptica\/","title":{"rendered":"\u00dalcera g\u00e0strica i duodenal"},"content":{"rendered":"<p>L&#8217;\u00falcera g\u00e0strica i duodenal \u00e9s la pres\u00e8ncia d&#8217;una lesi\u00f3 (ferida, llaga) en el recobriment muc\u00f3s g\u00e0stric o duodenal. Les dues causes m\u00e9s freq\u00fcents d&#8217;aquesta malaltia s\u00f3n la infecci\u00f3 per Helicobacter Pylori i el consum d&#8217;antiinflamatoris no estero\u00efdals.<\/p>\n<p>Aproximadament un 10% dels pacients debuten amb s\u00edmptomes secundaris a alguna de les complicacions de l&#8217;\u00a0\u00falcera g\u00e0strica i duodenal com hemorr\u00e0gia digestiva,\u00a0dolor epig\u00e0stric i la disp\u00e8psia.<\/p>\n<p>Aquests s\u00edmptomes s&#8217;inicien habitualment a les 2 o 3 hores despr\u00e9s de la ingesta i cedeix amb l&#8217;alimentaci\u00f3 o amb la presa de antisecretors.<\/p>\n<p>Nom\u00e9s en rares ocasions, davant la pres\u00e8ncia de complicacions, pot ser necessari el tractament quir\u00fargic del pacient.<\/p>\n<p>\u00c9s important destacar que es recomana sempre la comprovaci\u00f3 de la cicatritzaci\u00f3 de les \u00falceres g\u00e0striques 12 setmanes despr\u00e9s del tractament per confirmar la cicatritzaci\u00f3 i descartar que es tracti d&#8217;una \u00falcera maligna (c\u00e0ncer g\u00e0stric), mentre que les \u00falceres duodenals no requereixen control at\u00e8s que no s\u00f3n malignes pr\u00e0cticament mai.<\/p>\n<p>La Gastrosc\u00f2pia \u00e9s el m\u00e8tode diagn\u00f2stic m\u00e9s adequat, permetent a m\u00e9s la presa de bi\u00f2psies i el tractament d&#8217;algunes de les complicacions.<\/p>\n<p>\u00c9s important comprovar sempre la pres\u00e8ncia d&#8217;Helicobacter pylori en tot pacient amb \u00falcera g\u00e0strica i duodenal, at\u00e8s que la seva eradicaci\u00f3 contribueix a la cicatritzaci\u00f3 de la lesi\u00f3 i evita que reaparegui.<\/p>\n<p>\u00c9s recomanable que en cas de presentar alguns dels s\u00edmptomes anteriorment descrits, consulti a un especialista per determinar les causes, seleccionar el millor tractament, a m\u00e9s de con\u00e8ixer el control i seguiment apropiat en cada cas individual.<\/p>\n<p>Cl\u00ednica ServiDigest disposa d\u2019una unitat especialitzada en Gastroenterologia per a l\u2019estudi i tractament d\u2019aquesta patolog\u00eda.<\/p>\n","protected":false},"excerpt":{"rendered":"<div class=\"mh-excerpt\"><p>L&#8217;\u00falcera g\u00e0strica i duodenal \u00e9s la pres\u00e8ncia d&#8217;una lesi\u00f3 (ferida, llaga) en el recobriment muc\u00f3s g\u00e0stric o duodenal. Les dues causes m\u00e9s freq\u00fcents d&#8217;aquesta malaltia s\u00f3n la infecci\u00f3 per Helicobacter Pylori i el consum d&#8217;antiinflamatoris <a class=\"mh-excerpt-more\" href=\"https:\/\/dev.93-93-113-41.plesk.page\/ca\/serveis\/aparell-digestiu\/ulcera-peptica\/\" title=\"\u00dalcera g\u00e0strica i duodenal\">[&#8230;]<\/a><\/p>\n<\/div>","protected":false},"author":1,"featured_media":40111,"parent":34536,"menu_order":24,"comment_status":"closed","ping_status":"closed","template":"","meta":{"footnotes":""},"class_list":["post-7570","page","type-page","status-publish","has-post-thumbnail"],"yoast_head":"<!-- This site is optimized with the Yoast SEO plugin v22.6 - https:\/\/yoast.com\/wordpress\/plugins\/seo\/ -->\n<title>\u00dalcera p\u00e8ptica, definici\u00f3 i tractament - Cl\u00ednica ServiDigest - Barcelona<\/title>\n<meta name=\"description\" content=\"L&#039;\u00falcera p\u00e8ptica \u00e9s la pres\u00e8ncia d&#039;una lesi\u00f3 (ferida, llaga) en el recobriment muc\u00f3s g\u00e0stric o duodenal. Informa&#039;t a Cl\u00ednica ServiDigest, a Barcelona.\" \/>\n<meta name=\"robots\" content=\"index, follow, max-snippet:-1, max-image-preview:large, max-video-preview:-1\" \/>\n<link rel=\"canonical\" href=\"https:\/\/dev.93-93-113-41.plesk.page\/ca\/serveis\/aparell-digestiu\/ulcera-peptica\/\" \/>\n<meta property=\"og:locale\" content=\"ca_ES\" \/>\n<meta property=\"og:type\" content=\"article\" \/>\n<meta property=\"og:title\" content=\"\u00dalcera p\u00e8ptica, definici\u00f3 i tractament - Cl\u00ednica ServiDigest - Barcelona\" \/>\n<meta property=\"og:description\" content=\"L&#039;\u00falcera p\u00e8ptica \u00e9s la pres\u00e8ncia d&#039;una lesi\u00f3 (ferida, llaga) en el recobriment muc\u00f3s g\u00e0stric o duodenal. Informa&#039;t a Cl\u00ednica ServiDigest, a Barcelona.\" \/>\n<meta property=\"og:url\" content=\"https:\/\/dev.93-93-113-41.plesk.page\/ca\/serveis\/aparell-digestiu\/ulcera-peptica\/\" \/>\n<meta property=\"og:site_name\" content=\"Servidigest\" \/>\n<meta property=\"article:publisher\" content=\"https:\/\/www.facebook.com\/servidigest\" \/>\n<meta property=\"article:modified_time\" content=\"2024-02-26T16:10:59+00:00\" \/>\n<meta property=\"og:image\" content=\"https:\/\/dev.93-93-113-41.plesk.page\/wp-content\/uploads\/2024\/05\/Aparato-Digestivo.jpg\" \/>\n\t<meta property=\"og:image:width\" content=\"768\" \/>\n\t<meta property=\"og:image:height\" content=\"327\" \/>\n\t<meta property=\"og:image:type\" content=\"image\/jpeg\" \/>\n<meta name=\"twitter:card\" content=\"summary_large_image\" \/>\n<meta name=\"twitter:site\" content=\"@servidigest\" \/>\n<meta name=\"twitter:label1\" content=\"Est. reading time\" \/>\n\t<meta name=\"twitter:data1\" content=\"2 minutes\" \/>\n<script type=\"application\/ld+json\" class=\"yoast-schema-graph\">{\"@context\":\"https:\/\/schema.org\",\"@graph\":[{\"@type\":\"WebPage\",\"@id\":\"https:\/\/dev.93-93-113-41.plesk.page\/ca\/serveis\/aparell-digestiu\/ulcera-peptica\/\",\"url\":\"https:\/\/dev.93-93-113-41.plesk.page\/ca\/serveis\/aparell-digestiu\/ulcera-peptica\/\",\"name\":\"\u00dalcera p\u00e8ptica, definici\u00f3 i tractament - Cl\u00ednica ServiDigest - Barcelona\",\"isPartOf\":{\"@id\":\"https:\/\/dev.93-93-113-41.plesk.page\/ca\/#website\"},\"primaryImageOfPage\":{\"@id\":\"https:\/\/dev.93-93-113-41.plesk.page\/ca\/serveis\/aparell-digestiu\/ulcera-peptica\/#primaryimage\"},\"image\":{\"@id\":\"https:\/\/dev.93-93-113-41.plesk.page\/ca\/serveis\/aparell-digestiu\/ulcera-peptica\/#primaryimage\"},\"thumbnailUrl\":\"https:\/\/dev.93-93-113-41.plesk.page\/wp-content\/uploads\/2024\/05\/Aparato-Digestivo.jpg\",\"datePublished\":\"2015-02-12T17:55:53+00:00\",\"dateModified\":\"2024-02-26T16:10:59+00:00\",\"description\":\"L'\u00falcera p\u00e8ptica \u00e9s la pres\u00e8ncia d'una lesi\u00f3 (ferida, llaga) en el recobriment muc\u00f3s g\u00e0stric o duodenal. Informa't a Cl\u00ednica ServiDigest, a Barcelona.\",\"breadcrumb\":{\"@id\":\"https:\/\/dev.93-93-113-41.plesk.page\/ca\/serveis\/aparell-digestiu\/ulcera-peptica\/#breadcrumb\"},\"inLanguage\":\"ca\",\"potentialAction\":[{\"@type\":\"ReadAction\",\"target\":[\"https:\/\/dev.93-93-113-41.plesk.page\/ca\/serveis\/aparell-digestiu\/ulcera-peptica\/\"]}]},{\"@type\":\"ImageObject\",\"inLanguage\":\"ca\",\"@id\":\"https:\/\/dev.93-93-113-41.plesk.page\/ca\/serveis\/aparell-digestiu\/ulcera-peptica\/#primaryimage\",\"url\":\"https:\/\/dev.93-93-113-41.plesk.page\/wp-content\/uploads\/2024\/05\/Aparato-Digestivo.jpg\",\"contentUrl\":\"https:\/\/dev.93-93-113-41.plesk.page\/wp-content\/uploads\/2024\/05\/Aparato-Digestivo.jpg\",\"width\":768,\"height\":327},{\"@type\":\"BreadcrumbList\",\"@id\":\"https:\/\/dev.93-93-113-41.plesk.page\/ca\/serveis\/aparell-digestiu\/ulcera-peptica\/#breadcrumb\",\"itemListElement\":[{\"@type\":\"ListItem\",\"position\":1,\"name\":\"Serveis M\u00e8dics de Cl\u00ednica ServiDigest\",\"item\":\"https:\/\/dev.93-93-113-41.plesk.page\/ca\/servicios\/\"},{\"@type\":\"ListItem\",\"position\":2,\"name\":\"Aparell digestiu\",\"item\":\"https:\/\/dev.93-93-113-41.plesk.page\/ca\/servicios\/aparato-digestivo\/\"},{\"@type\":\"ListItem\",\"position\":3,\"name\":\"\u00dalcera g\u00e0strica i duodenal\"}]},{\"@type\":\"WebSite\",\"@id\":\"https:\/\/dev.93-93-113-41.plesk.page\/ca\/#website\",\"url\":\"https:\/\/dev.93-93-113-41.plesk.page\/ca\/\",\"name\":\"Servidigest\",\"description\":\"\",\"publisher\":{\"@id\":\"https:\/\/dev.93-93-113-41.plesk.page\/ca\/#organization\"},\"potentialAction\":[{\"@type\":\"SearchAction\",\"target\":{\"@type\":\"EntryPoint\",\"urlTemplate\":\"https:\/\/dev.93-93-113-41.plesk.page\/ca\/?s={search_term_string}\"},\"query-input\":\"required name=search_term_string\"}],\"inLanguage\":\"ca\"},{\"@type\":\"Organization\",\"@id\":\"https:\/\/dev.93-93-113-41.plesk.page\/ca\/#organization\",\"name\":\"Servidigest\",\"url\":\"https:\/\/dev.93-93-113-41.plesk.page\/ca\/\",\"logo\":{\"@type\":\"ImageObject\",\"inLanguage\":\"ca\",\"@id\":\"https:\/\/dev.93-93-113-41.plesk.page\/ca\/#\/schema\/logo\/image\/\",\"url\":\"https:\/\/dev.93-93-113-41.plesk.page\/wp-content\/uploads\/2024\/01\/servidigest.png\",\"contentUrl\":\"https:\/\/dev.93-93-113-41.plesk.page\/wp-content\/uploads\/2024\/01\/servidigest.png\",\"width\":808,\"height\":88,\"caption\":\"Servidigest\"},\"image\":{\"@id\":\"https:\/\/dev.93-93-113-41.plesk.page\/ca\/#\/schema\/logo\/image\/\"},\"sameAs\":[\"https:\/\/www.facebook.com\/servidigest\",\"https:\/\/x.com\/servidigest\"]}]}<\/script>\n<!-- \/ Yoast SEO plugin. -->","yoast_head_json":{"title":"\u00dalcera p\u00e8ptica, definici\u00f3 i tractament - Cl\u00ednica ServiDigest - Barcelona","description":"L'\u00falcera p\u00e8ptica \u00e9s la pres\u00e8ncia d'una lesi\u00f3 (ferida, llaga) en el recobriment muc\u00f3s g\u00e0stric o duodenal. Informa't a Cl\u00ednica ServiDigest, a Barcelona.","robots":{"index":"index","follow":"follow","max-snippet":"max-snippet:-1","max-image-preview":"max-image-preview:large","max-video-preview":"max-video-preview:-1"},"canonical":"https:\/\/dev.93-93-113-41.plesk.page\/ca\/serveis\/aparell-digestiu\/ulcera-peptica\/","og_locale":"ca_ES","og_type":"article","og_title":"\u00dalcera p\u00e8ptica, definici\u00f3 i tractament - Cl\u00ednica ServiDigest - Barcelona","og_description":"L'\u00falcera p\u00e8ptica \u00e9s la pres\u00e8ncia d'una lesi\u00f3 (ferida, llaga) en el recobriment muc\u00f3s g\u00e0stric o duodenal. Informa't a Cl\u00ednica ServiDigest, a Barcelona.","og_url":"https:\/\/dev.93-93-113-41.plesk.page\/ca\/serveis\/aparell-digestiu\/ulcera-peptica\/","og_site_name":"Servidigest","article_publisher":"https:\/\/www.facebook.com\/servidigest","article_modified_time":"2024-02-26T16:10:59+00:00","og_image":[{"width":768,"height":327,"url":"https:\/\/dev.93-93-113-41.plesk.page\/wp-content\/uploads\/2024\/05\/Aparato-Digestivo.jpg","type":"image\/jpeg"}],"twitter_card":"summary_large_image","twitter_site":"@servidigest","twitter_misc":{"Est. reading time":"2 minutes"},"schema":{"@context":"https:\/\/schema.org","@graph":[{"@type":"WebPage","@id":"https:\/\/dev.93-93-113-41.plesk.page\/ca\/serveis\/aparell-digestiu\/ulcera-peptica\/","url":"https:\/\/dev.93-93-113-41.plesk.page\/ca\/serveis\/aparell-digestiu\/ulcera-peptica\/","name":"\u00dalcera p\u00e8ptica, definici\u00f3 i tractament - Cl\u00ednica ServiDigest - Barcelona","isPartOf":{"@id":"https:\/\/dev.93-93-113-41.plesk.page\/ca\/#website"},"primaryImageOfPage":{"@id":"https:\/\/dev.93-93-113-41.plesk.page\/ca\/serveis\/aparell-digestiu\/ulcera-peptica\/#primaryimage"},"image":{"@id":"https:\/\/dev.93-93-113-41.plesk.page\/ca\/serveis\/aparell-digestiu\/ulcera-peptica\/#primaryimage"},"thumbnailUrl":"https:\/\/dev.93-93-113-41.plesk.page\/wp-content\/uploads\/2024\/05\/Aparato-Digestivo.jpg","datePublished":"2015-02-12T17:55:53+00:00","dateModified":"2024-02-26T16:10:59+00:00","description":"L'\u00falcera p\u00e8ptica \u00e9s la pres\u00e8ncia d'una lesi\u00f3 (ferida, llaga) en el recobriment muc\u00f3s g\u00e0stric o duodenal. Informa't a Cl\u00ednica ServiDigest, a Barcelona.","breadcrumb":{"@id":"https:\/\/dev.93-93-113-41.plesk.page\/ca\/serveis\/aparell-digestiu\/ulcera-peptica\/#breadcrumb"},"inLanguage":"ca","potentialAction":[{"@type":"ReadAction","target":["https:\/\/dev.93-93-113-41.plesk.page\/ca\/serveis\/aparell-digestiu\/ulcera-peptica\/"]}]},{"@type":"ImageObject","inLanguage":"ca","@id":"https:\/\/dev.93-93-113-41.plesk.page\/ca\/serveis\/aparell-digestiu\/ulcera-peptica\/#primaryimage","url":"https:\/\/dev.93-93-113-41.plesk.page\/wp-content\/uploads\/2024\/05\/Aparato-Digestivo.jpg","contentUrl":"https:\/\/dev.93-93-113-41.plesk.page\/wp-content\/uploads\/2024\/05\/Aparato-Digestivo.jpg","width":768,"height":327},{"@type":"BreadcrumbList","@id":"https:\/\/dev.93-93-113-41.plesk.page\/ca\/serveis\/aparell-digestiu\/ulcera-peptica\/#breadcrumb","itemListElement":[{"@type":"ListItem","position":1,"name":"Serveis M\u00e8dics de Cl\u00ednica ServiDigest","item":"https:\/\/dev.93-93-113-41.plesk.page\/ca\/servicios\/"},{"@type":"ListItem","position":2,"name":"Aparell digestiu","item":"https:\/\/dev.93-93-113-41.plesk.page\/ca\/servicios\/aparato-digestivo\/"},{"@type":"ListItem","position":3,"name":"\u00dalcera g\u00e0strica i duodenal"}]},{"@type":"WebSite","@id":"https:\/\/dev.93-93-113-41.plesk.page\/ca\/#website","url":"https:\/\/dev.93-93-113-41.plesk.page\/ca\/","name":"Servidigest","description":"","publisher":{"@id":"https:\/\/dev.93-93-113-41.plesk.page\/ca\/#organization"},"potentialAction":[{"@type":"SearchAction","target":{"@type":"EntryPoint","urlTemplate":"https:\/\/dev.93-93-113-41.plesk.page\/ca\/?s={search_term_string}"},"query-input":"required name=search_term_string"}],"inLanguage":"ca"},{"@type":"Organization","@id":"https:\/\/dev.93-93-113-41.plesk.page\/ca\/#organization","name":"Servidigest","url":"https:\/\/dev.93-93-113-41.plesk.page\/ca\/","logo":{"@type":"ImageObject","inLanguage":"ca","@id":"https:\/\/dev.93-93-113-41.plesk.page\/ca\/#\/schema\/logo\/image\/","url":"https:\/\/dev.93-93-113-41.plesk.page\/wp-content\/uploads\/2024\/01\/servidigest.png","contentUrl":"https:\/\/dev.93-93-113-41.plesk.page\/wp-content\/uploads\/2024\/01\/servidigest.png","width":808,"height":88,"caption":"Servidigest"},"image":{"@id":"https:\/\/dev.93-93-113-41.plesk.page\/ca\/#\/schema\/logo\/image\/"},"sameAs":["https:\/\/www.facebook.com\/servidigest","https:\/\/x.com\/servidigest"]}]}},"_links":{"self":[{"href":"https:\/\/dev.93-93-113-41.plesk.page\/ca\/wp-json\/wp\/v2\/pages\/7570","targetHints":{"allow":["GET"]}}],"collection":[{"href":"https:\/\/dev.93-93-113-41.plesk.page\/ca\/wp-json\/wp\/v2\/pages"}],"about":[{"href":"https:\/\/dev.93-93-113-41.plesk.page\/ca\/wp-json\/wp\/v2\/types\/page"}],"author":[{"embeddable":true,"href":"https:\/\/dev.93-93-113-41.plesk.page\/ca\/wp-json\/wp\/v2\/users\/1"}],"replies":[{"embeddable":true,"href":"https:\/\/dev.93-93-113-41.plesk.page\/ca\/wp-json\/wp\/v2\/comments?post=7570"}],"version-history":[{"count":1,"href":"https:\/\/dev.93-93-113-41.plesk.page\/ca\/wp-json\/wp\/v2\/pages\/7570\/revisions"}],"predecessor-version":[{"id":34807,"href":"https:\/\/dev.93-93-113-41.plesk.page\/ca\/wp-json\/wp\/v2\/pages\/7570\/revisions\/34807"}],"up":[{"embeddable":true,"href":"https:\/\/dev.93-93-113-41.plesk.page\/ca\/wp-json\/wp\/v2\/pages\/34536"}],"wp:featuredmedia":[{"embeddable":true,"href":"https:\/\/dev.93-93-113-41.plesk.page\/ca\/wp-json\/wp\/v2\/media\/40111"}],"wp:attachment":[{"href":"https:\/\/dev.93-93-113-41.plesk.page\/ca\/wp-json\/wp\/v2\/media?parent=7570"}],"curies":[{"name":"wp","href":"https:\/\/api.w.org\/{rel}","templated":true}]}}