{"id":7561,"date":"2015-02-12T18:32:34","date_gmt":"2015-02-12T17:32:34","guid":{"rendered":"https:\/\/dev.93-93-113-41.plesk.page\/?page_id=7561"},"modified":"2024-05-08T10:06:51","modified_gmt":"2024-05-08T08:06:51","slug":"cancer-desofag","status":"publish","type":"page","link":"https:\/\/dev.93-93-113-41.plesk.page\/ca\/serveis\/aparell-digestiu\/cancer-desofag\/","title":{"rendered":"C\u00e0ncer d&#8217;es\u00f2fag"},"content":{"rendered":"<p>Els tumors malignes de l&#8217;es\u00f2fag m\u00e9s freq\u00fcents s\u00f3n el carcinoma escat\u00f3s (CE) i l&#8217;adenocarcinoma (AC).<\/p>\n<p>El Carcinoma Escamoso sol estar associat al consum cr\u00f2nic de tabac i alcohol. Per contra el Adenocarcinoma es presenta en pacients amb es\u00f2fag de Barret.<\/p>\n<p>Els s\u00edmptomes del c\u00e1ncer d&#8217;es\u00f2fag en fases inicials (reflux gastroesof\u00e0gic, co\u00efssor) solen passar desapercebuts amb freq\u00fc\u00e8ncia. Ja en etapes m\u00e9s avan\u00e7ades, els pacients refereixen dificultat per empassar (disf\u00e0gia), dolor en empassar (odinof\u00e0gia), falta de gana (anor\u00e8xia), i \/ o p\u00e8rdua de pes.<\/p>\n<p>El diagn\u00f2stic s&#8217;estableix mitjan\u00e7ant Gastrosc\u00f2pia amb bi\u00f2psies de la lesi\u00f3, sent en ocasions necess\u00e0ria la realitzaci\u00f3 d&#8217;Ecoendosc\u00f2pia per avaluar l&#8217;extensi\u00f3 local i la dist\u00e0ncia del tumor.<\/p>\n<p>El tractament del c\u00e0ncer d&#8217;es\u00f2fag dependr\u00e0 del tipus, mida, i extensi\u00f3 de la lesi\u00f3, sent les opcions terap\u00e8utiques habituals, la quir\u00fargica, associada o no a radioter\u00e0pia \/ quimioter\u00e0pia, o b\u00e9 en casos seleccionats, les t\u00e8cniques endosc\u00f2piques tant amb fins curatius (resecci\u00f3 de lesions en fases inicials) com pal\u00b7liatius (dilataci\u00f3 d&#8217;estenosi, col\u00b7locaci\u00f3 de pr\u00f2tesis).<\/p>\n<p>En cas de presentar els s\u00edmptomes esmentats \u00e9s recomanable que faci una consulta sense demora en un centre m\u00e8dic especialitzat en patologia digestiva.<\/p>\n<p>Cl\u00ednica ServiDigest disposa d\u2019una unitat especialitzada en Gastroenterologia per a l\u2019estudi i tractament d\u2019aquesta patolog\u00eda.<\/p>\n","protected":false},"excerpt":{"rendered":"<div class=\"mh-excerpt\"><p>Els tumors malignes de l&#8217;es\u00f2fag m\u00e9s freq\u00fcents s\u00f3n el carcinoma escat\u00f3s (CE) i l&#8217;adenocarcinoma (AC). El Carcinoma Escamoso sol estar associat al consum cr\u00f2nic de tabac i alcohol. Per contra el Adenocarcinoma es presenta en <a class=\"mh-excerpt-more\" href=\"https:\/\/dev.93-93-113-41.plesk.page\/ca\/serveis\/aparell-digestiu\/cancer-desofag\/\" title=\"C\u00e0ncer d&#8217;es\u00f2fag\">[&#8230;]<\/a><\/p>\n<\/div>","protected":false},"author":1,"featured_media":39162,"parent":34536,"menu_order":4,"comment_status":"closed","ping_status":"closed","template":"","meta":{"footnotes":""},"class_list":["post-7561","page","type-page","status-publish","has-post-thumbnail"],"yoast_head":"<!-- This site is optimized with the Yoast SEO plugin v22.6 - https:\/\/yoast.com\/wordpress\/plugins\/seo\/ -->\n<title>C\u00e0ncer d&#039;es\u00f2fag - Servidigest<\/title>\n<meta name=\"description\" content=\"Els s\u00edmptomes del c\u00e1ncer d&#039;es\u00f2fag en fases inicials (reflux gastroesof\u00e0gic, co\u00efssor) solen passar desapercebuts amb freq\u00fc\u00e8ncia.\" \/>\n<meta name=\"robots\" content=\"index, follow, max-snippet:-1, max-image-preview:large, max-video-preview:-1\" \/>\n<link rel=\"canonical\" href=\"https:\/\/dev.93-93-113-41.plesk.page\/ca\/serveis\/aparell-digestiu\/cancer-desofag\/\" \/>\n<meta property=\"og:locale\" content=\"ca_ES\" \/>\n<meta property=\"og:type\" content=\"article\" \/>\n<meta property=\"og:title\" content=\"C\u00e0ncer d&#039;es\u00f2fag - Servidigest\" \/>\n<meta property=\"og:description\" content=\"Els s\u00edmptomes del c\u00e1ncer d&#039;es\u00f2fag en fases inicials (reflux gastroesof\u00e0gic, co\u00efssor) solen passar desapercebuts amb freq\u00fc\u00e8ncia.\" \/>\n<meta property=\"og:url\" content=\"https:\/\/dev.93-93-113-41.plesk.page\/ca\/serveis\/aparell-digestiu\/cancer-desofag\/\" \/>\n<meta property=\"og:site_name\" content=\"Servidigest\" \/>\n<meta property=\"article:publisher\" content=\"https:\/\/www.facebook.com\/servidigest\" \/>\n<meta property=\"article:modified_time\" content=\"2024-05-08T08:06:51+00:00\" \/>\n<meta property=\"og:image\" content=\"https:\/\/dev.93-93-113-41.plesk.page\/wp-content\/uploads\/2024\/05\/5-patologias-Aparato-Digestivo.jpg\" \/>\n\t<meta property=\"og:image:width\" content=\"1644\" \/>\n\t<meta property=\"og:image:height\" content=\"700\" \/>\n\t<meta property=\"og:image:type\" content=\"image\/jpeg\" \/>\n<meta name=\"twitter:card\" content=\"summary_large_image\" \/>\n<meta name=\"twitter:site\" content=\"@servidigest\" \/>\n<meta name=\"twitter:label1\" content=\"Est. reading time\" \/>\n\t<meta name=\"twitter:data1\" content=\"1 minute\" \/>\n<script type=\"application\/ld+json\" class=\"yoast-schema-graph\">{\"@context\":\"https:\/\/schema.org\",\"@graph\":[{\"@type\":\"WebPage\",\"@id\":\"https:\/\/dev.93-93-113-41.plesk.page\/ca\/serveis\/aparell-digestiu\/cancer-desofag\/\",\"url\":\"https:\/\/dev.93-93-113-41.plesk.page\/ca\/serveis\/aparell-digestiu\/cancer-desofag\/\",\"name\":\"C\u00e0ncer d'es\u00f2fag - Servidigest\",\"isPartOf\":{\"@id\":\"https:\/\/dev.93-93-113-41.plesk.page\/ca\/#website\"},\"primaryImageOfPage\":{\"@id\":\"https:\/\/dev.93-93-113-41.plesk.page\/ca\/serveis\/aparell-digestiu\/cancer-desofag\/#primaryimage\"},\"image\":{\"@id\":\"https:\/\/dev.93-93-113-41.plesk.page\/ca\/serveis\/aparell-digestiu\/cancer-desofag\/#primaryimage\"},\"thumbnailUrl\":\"https:\/\/dev.93-93-113-41.plesk.page\/wp-content\/uploads\/2024\/05\/5-patologias-Aparato-Digestivo.jpg\",\"datePublished\":\"2015-02-12T17:32:34+00:00\",\"dateModified\":\"2024-05-08T08:06:51+00:00\",\"description\":\"Els s\u00edmptomes del c\u00e1ncer d'es\u00f2fag en fases inicials (reflux gastroesof\u00e0gic, co\u00efssor) solen passar desapercebuts amb freq\u00fc\u00e8ncia.\",\"breadcrumb\":{\"@id\":\"https:\/\/dev.93-93-113-41.plesk.page\/ca\/serveis\/aparell-digestiu\/cancer-desofag\/#breadcrumb\"},\"inLanguage\":\"ca\",\"potentialAction\":[{\"@type\":\"ReadAction\",\"target\":[\"https:\/\/dev.93-93-113-41.plesk.page\/ca\/serveis\/aparell-digestiu\/cancer-desofag\/\"]}]},{\"@type\":\"ImageObject\",\"inLanguage\":\"ca\",\"@id\":\"https:\/\/dev.93-93-113-41.plesk.page\/ca\/serveis\/aparell-digestiu\/cancer-desofag\/#primaryimage\",\"url\":\"https:\/\/dev.93-93-113-41.plesk.page\/wp-content\/uploads\/2024\/05\/5-patologias-Aparato-Digestivo.jpg\",\"contentUrl\":\"https:\/\/dev.93-93-113-41.plesk.page\/wp-content\/uploads\/2024\/05\/5-patologias-Aparato-Digestivo.jpg\",\"width\":1644,\"height\":700},{\"@type\":\"BreadcrumbList\",\"@id\":\"https:\/\/dev.93-93-113-41.plesk.page\/ca\/serveis\/aparell-digestiu\/cancer-desofag\/#breadcrumb\",\"itemListElement\":[{\"@type\":\"ListItem\",\"position\":1,\"name\":\"Serveis M\u00e8dics de Cl\u00ednica ServiDigest\",\"item\":\"https:\/\/dev.93-93-113-41.plesk.page\/ca\/servicios\/\"},{\"@type\":\"ListItem\",\"position\":2,\"name\":\"Aparell digestiu\",\"item\":\"https:\/\/dev.93-93-113-41.plesk.page\/ca\/servicios\/aparato-digestivo\/\"},{\"@type\":\"ListItem\",\"position\":3,\"name\":\"C\u00e0ncer d&#8217;es\u00f2fag\"}]},{\"@type\":\"WebSite\",\"@id\":\"https:\/\/dev.93-93-113-41.plesk.page\/ca\/#website\",\"url\":\"https:\/\/dev.93-93-113-41.plesk.page\/ca\/\",\"name\":\"Servidigest\",\"description\":\"\",\"publisher\":{\"@id\":\"https:\/\/dev.93-93-113-41.plesk.page\/ca\/#organization\"},\"potentialAction\":[{\"@type\":\"SearchAction\",\"target\":{\"@type\":\"EntryPoint\",\"urlTemplate\":\"https:\/\/dev.93-93-113-41.plesk.page\/ca\/?s={search_term_string}\"},\"query-input\":\"required name=search_term_string\"}],\"inLanguage\":\"ca\"},{\"@type\":\"Organization\",\"@id\":\"https:\/\/dev.93-93-113-41.plesk.page\/ca\/#organization\",\"name\":\"Servidigest\",\"url\":\"https:\/\/dev.93-93-113-41.plesk.page\/ca\/\",\"logo\":{\"@type\":\"ImageObject\",\"inLanguage\":\"ca\",\"@id\":\"https:\/\/dev.93-93-113-41.plesk.page\/ca\/#\/schema\/logo\/image\/\",\"url\":\"https:\/\/dev.93-93-113-41.plesk.page\/wp-content\/uploads\/2024\/01\/servidigest.png\",\"contentUrl\":\"https:\/\/dev.93-93-113-41.plesk.page\/wp-content\/uploads\/2024\/01\/servidigest.png\",\"width\":808,\"height\":88,\"caption\":\"Servidigest\"},\"image\":{\"@id\":\"https:\/\/dev.93-93-113-41.plesk.page\/ca\/#\/schema\/logo\/image\/\"},\"sameAs\":[\"https:\/\/www.facebook.com\/servidigest\",\"https:\/\/x.com\/servidigest\"]}]}<\/script>\n<!-- \/ Yoast SEO plugin. -->","yoast_head_json":{"title":"C\u00e0ncer d'es\u00f2fag - Servidigest","description":"Els s\u00edmptomes del c\u00e1ncer d'es\u00f2fag en fases inicials (reflux gastroesof\u00e0gic, co\u00efssor) solen passar desapercebuts amb freq\u00fc\u00e8ncia.","robots":{"index":"index","follow":"follow","max-snippet":"max-snippet:-1","max-image-preview":"max-image-preview:large","max-video-preview":"max-video-preview:-1"},"canonical":"https:\/\/dev.93-93-113-41.plesk.page\/ca\/serveis\/aparell-digestiu\/cancer-desofag\/","og_locale":"ca_ES","og_type":"article","og_title":"C\u00e0ncer d'es\u00f2fag - Servidigest","og_description":"Els s\u00edmptomes del c\u00e1ncer d'es\u00f2fag en fases inicials (reflux gastroesof\u00e0gic, co\u00efssor) solen passar desapercebuts amb freq\u00fc\u00e8ncia.","og_url":"https:\/\/dev.93-93-113-41.plesk.page\/ca\/serveis\/aparell-digestiu\/cancer-desofag\/","og_site_name":"Servidigest","article_publisher":"https:\/\/www.facebook.com\/servidigest","article_modified_time":"2024-05-08T08:06:51+00:00","og_image":[{"width":1644,"height":700,"url":"https:\/\/dev.93-93-113-41.plesk.page\/wp-content\/uploads\/2024\/05\/5-patologias-Aparato-Digestivo.jpg","type":"image\/jpeg"}],"twitter_card":"summary_large_image","twitter_site":"@servidigest","twitter_misc":{"Est. reading time":"1 minute"},"schema":{"@context":"https:\/\/schema.org","@graph":[{"@type":"WebPage","@id":"https:\/\/dev.93-93-113-41.plesk.page\/ca\/serveis\/aparell-digestiu\/cancer-desofag\/","url":"https:\/\/dev.93-93-113-41.plesk.page\/ca\/serveis\/aparell-digestiu\/cancer-desofag\/","name":"C\u00e0ncer d'es\u00f2fag - Servidigest","isPartOf":{"@id":"https:\/\/dev.93-93-113-41.plesk.page\/ca\/#website"},"primaryImageOfPage":{"@id":"https:\/\/dev.93-93-113-41.plesk.page\/ca\/serveis\/aparell-digestiu\/cancer-desofag\/#primaryimage"},"image":{"@id":"https:\/\/dev.93-93-113-41.plesk.page\/ca\/serveis\/aparell-digestiu\/cancer-desofag\/#primaryimage"},"thumbnailUrl":"https:\/\/dev.93-93-113-41.plesk.page\/wp-content\/uploads\/2024\/05\/5-patologias-Aparato-Digestivo.jpg","datePublished":"2015-02-12T17:32:34+00:00","dateModified":"2024-05-08T08:06:51+00:00","description":"Els s\u00edmptomes del c\u00e1ncer d'es\u00f2fag en fases inicials (reflux gastroesof\u00e0gic, co\u00efssor) solen passar desapercebuts amb freq\u00fc\u00e8ncia.","breadcrumb":{"@id":"https:\/\/dev.93-93-113-41.plesk.page\/ca\/serveis\/aparell-digestiu\/cancer-desofag\/#breadcrumb"},"inLanguage":"ca","potentialAction":[{"@type":"ReadAction","target":["https:\/\/dev.93-93-113-41.plesk.page\/ca\/serveis\/aparell-digestiu\/cancer-desofag\/"]}]},{"@type":"ImageObject","inLanguage":"ca","@id":"https:\/\/dev.93-93-113-41.plesk.page\/ca\/serveis\/aparell-digestiu\/cancer-desofag\/#primaryimage","url":"https:\/\/dev.93-93-113-41.plesk.page\/wp-content\/uploads\/2024\/05\/5-patologias-Aparato-Digestivo.jpg","contentUrl":"https:\/\/dev.93-93-113-41.plesk.page\/wp-content\/uploads\/2024\/05\/5-patologias-Aparato-Digestivo.jpg","width":1644,"height":700},{"@type":"BreadcrumbList","@id":"https:\/\/dev.93-93-113-41.plesk.page\/ca\/serveis\/aparell-digestiu\/cancer-desofag\/#breadcrumb","itemListElement":[{"@type":"ListItem","position":1,"name":"Serveis M\u00e8dics de Cl\u00ednica ServiDigest","item":"https:\/\/dev.93-93-113-41.plesk.page\/ca\/servicios\/"},{"@type":"ListItem","position":2,"name":"Aparell digestiu","item":"https:\/\/dev.93-93-113-41.plesk.page\/ca\/servicios\/aparato-digestivo\/"},{"@type":"ListItem","position":3,"name":"C\u00e0ncer d&#8217;es\u00f2fag"}]},{"@type":"WebSite","@id":"https:\/\/dev.93-93-113-41.plesk.page\/ca\/#website","url":"https:\/\/dev.93-93-113-41.plesk.page\/ca\/","name":"Servidigest","description":"","publisher":{"@id":"https:\/\/dev.93-93-113-41.plesk.page\/ca\/#organization"},"potentialAction":[{"@type":"SearchAction","target":{"@type":"EntryPoint","urlTemplate":"https:\/\/dev.93-93-113-41.plesk.page\/ca\/?s={search_term_string}"},"query-input":"required name=search_term_string"}],"inLanguage":"ca"},{"@type":"Organization","@id":"https:\/\/dev.93-93-113-41.plesk.page\/ca\/#organization","name":"Servidigest","url":"https:\/\/dev.93-93-113-41.plesk.page\/ca\/","logo":{"@type":"ImageObject","inLanguage":"ca","@id":"https:\/\/dev.93-93-113-41.plesk.page\/ca\/#\/schema\/logo\/image\/","url":"https:\/\/dev.93-93-113-41.plesk.page\/wp-content\/uploads\/2024\/01\/servidigest.png","contentUrl":"https:\/\/dev.93-93-113-41.plesk.page\/wp-content\/uploads\/2024\/01\/servidigest.png","width":808,"height":88,"caption":"Servidigest"},"image":{"@id":"https:\/\/dev.93-93-113-41.plesk.page\/ca\/#\/schema\/logo\/image\/"},"sameAs":["https:\/\/www.facebook.com\/servidigest","https:\/\/x.com\/servidigest"]}]}},"_links":{"self":[{"href":"https:\/\/dev.93-93-113-41.plesk.page\/ca\/wp-json\/wp\/v2\/pages\/7561","targetHints":{"allow":["GET"]}}],"collection":[{"href":"https:\/\/dev.93-93-113-41.plesk.page\/ca\/wp-json\/wp\/v2\/pages"}],"about":[{"href":"https:\/\/dev.93-93-113-41.plesk.page\/ca\/wp-json\/wp\/v2\/types\/page"}],"author":[{"embeddable":true,"href":"https:\/\/dev.93-93-113-41.plesk.page\/ca\/wp-json\/wp\/v2\/users\/1"}],"replies":[{"embeddable":true,"href":"https:\/\/dev.93-93-113-41.plesk.page\/ca\/wp-json\/wp\/v2\/comments?post=7561"}],"version-history":[{"count":1,"href":"https:\/\/dev.93-93-113-41.plesk.page\/ca\/wp-json\/wp\/v2\/pages\/7561\/revisions"}],"predecessor-version":[{"id":34800,"href":"https:\/\/dev.93-93-113-41.plesk.page\/ca\/wp-json\/wp\/v2\/pages\/7561\/revisions\/34800"}],"up":[{"embeddable":true,"href":"https:\/\/dev.93-93-113-41.plesk.page\/ca\/wp-json\/wp\/v2\/pages\/34536"}],"wp:featuredmedia":[{"embeddable":true,"href":"https:\/\/dev.93-93-113-41.plesk.page\/ca\/wp-json\/wp\/v2\/media\/39162"}],"wp:attachment":[{"href":"https:\/\/dev.93-93-113-41.plesk.page\/ca\/wp-json\/wp\/v2\/media?parent=7561"}],"curies":[{"name":"wp","href":"https:\/\/api.w.org\/{rel}","templated":true}]}}