{"id":7545,"date":"2015-02-12T18:00:23","date_gmt":"2015-02-12T17:00:23","guid":{"rendered":"https:\/\/dev.93-93-113-41.plesk.page\/?page_id=7545"},"modified":"2024-03-15T11:40:58","modified_gmt":"2024-03-15T10:40:58","slug":"esofag-de-barrett","status":"publish","type":"page","link":"https:\/\/dev.93-93-113-41.plesk.page\/ca\/serveis\/aparell-digestiu\/esofag-de-barrett\/","title":{"rendered":"Es\u00f2fag de Barrett"},"content":{"rendered":"<h2 id=\"esofago-de-barrett\">Qu\u00e8 \u00e9s l&#8217;es\u00f2fag de Barrett?<\/h2>\n<p>L&#8217;Es\u00f2fag de Barrett es produeix quan el revestiment esof\u00e0gic que \u00e9s a prop de la zona on s&#8217;uneixen l&#8217;es\u00f2fag i l&#8217;est\u00f3mac, es modifica.<\/p>\n<p>\u00c9s una patologia que <strong>afecta la mucosa de l&#8217;es\u00f2fag<\/strong> , a causa del reflux incontrolat dels \u00e0cids de l&#8217;est\u00f3mac que rep, <strong>substituint les c\u00e8l\u00b7lules escamoses normals de l&#8217;es\u00f2fag per c\u00e8l\u00b7lules epitelials anormals<\/strong> , cosa que representa un risc que pot evolucionar a displ\u00e0sia.<\/p>\n<p><strong>L&#8217;es\u00f2fag de Barrett \u00e9s un dels factors de risc relacionats directament amb l&#8217;adenocarcinoma d&#8217;es\u00f2fag.<\/strong> El risc de <a href=\"\/?page_id=7559\">c\u00e0ncer d&#8217;es\u00f2fag<\/a> est\u00e0 clarament relacionat amb el grau de displ\u00e0sia.<\/p>\n<p><iframe title=\"Es\u00f3fago de Barrett - Cl\u00ednica ServiDigest - Barcelona\" width=\"500\" height=\"281\" src=\"https:\/\/www.youtube.com\/embed\/VhtfkfpwUrw?feature=oembed\" frameborder=\"0\" allow=\"accelerometer; autoplay; clipboard-write; encrypted-media; gyroscope; picture-in-picture; web-share\" referrerpolicy=\"strict-origin-when-cross-origin\" allowfullscreen><\/iframe><\/p>\n<h2 id=\"displasia\">Qu\u00e8 \u00e9s la displ\u00e0sia?<\/h2>\n<p><strong>La displ\u00e0sia \u00e9s un epiteli anormal en qu\u00e8 les c\u00e8l\u00b7lules es troben desorganitzades, que t\u00e9 un risc important d&#8217;evolucionar a <a href=\"\/?page_id=7559\">c\u00e0ncer d&#8217;es\u00f2fag<\/a> si no es tracta adequadament.<\/strong><\/p>\n<p>Encara que a la majoria dels pacients amb Es\u00f2fag de Barrett no ha d&#8217;apar\u00e8ixer c\u00e0ncer, en alguns es pot produir aquesta modificaci\u00f3 precancerosa del teixit.<\/p>\n<p>La displ\u00e0sia nom\u00e9s es pot diagnosticar examinant mostres de teixit extrets per bi\u00f2psia. Aquestes mostres de teixit es categoritzen com d&#8217;alt grau, baix grau o indefinit per a displ\u00e0sia.<\/p>\n<p>A la displ\u00e0sia d&#8217;alt grau hi ha modificacions anormals en moltes c\u00e8l\u00b7lules amb un perfil de creixement anormal. La displ\u00e0sia de baix grau indica que es troben algunes modificacions anormals a la mostra de teixit per\u00f2 que no inclouen la majoria de les c\u00e8l\u00b7lules i el perfil de creixement cel\u00b7lular encara \u00e9s normal. \u201cIndefinit per a displ\u00e0sia\u201d significa que no es pot verificar si les modificacions del teixit s\u00f3n causades o no per una displ\u00e0sia. Algunes alteracions com la inflamaci\u00f3 del revestiment esof\u00e0gic poden fer que les c\u00e8l\u00b7lules semblin ser displ\u00e0siques quan \u00e9s possible que no ho siguin.<\/p>\n<p><strong>Si es confirma la displ\u00e0sia, l&#8217;especialista determinar\u00e0 l&#8217;opci\u00f3 de tractament m\u00e9s recomanable segons l&#8217;aven\u00e7 que presenti i l&#8217;estat de salut general del pacient.<\/strong><\/p>\n<h2 id=\"causas\">Causes de l&#8217;Es\u00f2fag de Barrett<\/h2>\n<p><strong>Una de les causes principals de l&#8217;aparici\u00f3 de l&#8217;es\u00f2fag de Barrett \u00e9s la inflamaci\u00f3 cr\u00f2nica produ\u00efda per la <a href=\"\/?page_id=7537\">malaltia per reflux gastroesof\u00e0gic<\/a> (ERGE).<\/strong><\/p>\n<p>La malaltia per reflux gastroesof\u00e0gic afecta fins al 20% de la poblaci\u00f3 i es presenta quan hi ha reflux del contingut g\u00e0stric cap a l&#8217;es\u00f2fag, causant s\u00edmptomes molestos en el pacient.<\/p>\n<p>\u00c9s important tenir en compte els s\u00edmptomes de l&#8217;ERGE sent el m\u00e9s destacat l&#8217; <strong>acidesa o cremor restroesternal<\/strong> , encara que en ocasions alguns pacients refereixen s\u00edmptomes at\u00edpics com singlot, n\u00e0usees, dolor tor\u00e0cic, o fins i tot tos seca, laringitis, o irritaci\u00f3 far\u00edngia.<\/p>\n<h2 id=\"incidencia\">Incid\u00e8ncia de l&#8217;Es\u00f2fag de Barrett<\/h2>\n<p>L&#8217;Es\u00f2fag de Barrett <strong>\u00e9s m\u00e9s com\u00fa en pacients que hagin patit <a href=\"\/?page_id=7537\">Malaltia del Reflux Gastroesof\u00e0gic<\/a> (ERGE) durant molts anys<\/strong> i generalment es produeix m\u00e9s en homes que en dones.<\/p>\n<p>Tot i que no tots els pacients que presenten acidesa poden patir d&#8217;Es\u00f2fag de Barrett, \u00e9s recomanable fer una <a href=\"\/?page_id=7716\">gastrosc\u00f2pia<\/a> als pacients que hagin tingut acidesa significativa o que hagin requerit l&#8217;\u00fas de medicaments per controlar-la durant diversos anys.<\/p>\n<h2 id=\"sintomas\">S\u00edmptomes de l&#8217;Es\u00f2fag de Barrett<\/h2>\n<p>La import\u00e0ncia en el <strong>diagn\u00f2stic i el tractament preco\u00e7<\/strong> d&#8217;aquesta malaltia rau en la seva potencial progressi\u00f3 cap a un <a href=\"\/?page_id=7559\">adenocarcinoma esof\u00e0gic<\/a> .<\/p>\n<p>Els s\u00edmptomes que presenten s\u00f3n:<\/p>\n<ul>\n<li>Acidesa estomacal freq\u00fcent i de llarga durada.<\/li>\n<li>Dificultat per empassar (disf\u00e0gia).<\/li>\n<li>Regurgitaci\u00f3 sagnant (hematemesi).<\/li>\n<li>Dolor retroesternal, al punt en qu\u00e8 l&#8217;est\u00f3mac i l&#8217;es\u00f2fag s&#8217;uneixen.<\/li>\n<li>P\u00e8rdua de pes per ra\u00f3 de la dificultat de menjar.<\/li>\n<\/ul>\n<h2 id=\"diagnostico\">Diagn\u00f2stic: Com es diagnostica l&#8217;es\u00f2fag de Barrett?<\/h2>\n<p><strong>El diagn\u00f2stic d&#8217;aquesta patologia es fa mitjan\u00e7ant una <a href=\"\/?page_id=7716\">gastrosc\u00f2pia<\/a> i la detecci\u00f3 de modificacions al teixit esof\u00e0gic es pot confirmar amb una bi\u00f2psia.<\/strong><\/p>\n<p>L&#8217;especialista en Aparell Digestiu realitza un estudi de l&#8217;es\u00f2fag mitjan\u00e7ant una endosc\u00f2pia alta (gastrosc\u00f2pia), per observar si hi ha prou modificacions en el teixit que indiquin que hi ha Es\u00f2fag de Barrett. Aquesta exploraci\u00f3 inclou l&#8217;observaci\u00f3 de l&#8217;es\u00f2fag, l&#8217;est\u00f3mac i el duod\u00e8. En cas que l&#8217;especialista sospiti que hi ha Es\u00f2fag de Barrett, es prenen mostres de teixit (bi\u00f2psia) per fer un diagn\u00f2stic definitiu.<\/p>\n<p>La <a href=\"\/?page_id=1012\">C\u00e0psula Endosc\u00f2pica<\/a> \u00e9s un altre procediment que pot diagnosticar l&#8217;Es\u00f2fag de Barrett, encara que en aquest examen, el metge no pot prendre mostra de teixits (bi\u00f2psia).<\/p>\n<p>Ambdues t\u00e8cniques permeten observar l&#8217;extrem de l&#8217;es\u00f2fag i determinar si s&#8217;ha modificat el revestiment normal de les parets, per\u00f2 es recomana principalment la pr\u00e0ctica de la gastrosc\u00f2pia, ja que \u00e9s la que permet fer bi\u00f2psies per confirmar el diagn\u00f2stic amb seguretat.<\/p>\n<h2 id=\"tratamiento\">Tractament: Com es tracta l&#8217;es\u00f2fag de Barrett?<\/h2>\n<h2>Ablaci\u00f3 per Radiofreq\u00fc\u00e8ncia<\/h2>\n<p>Hi ha diversos tractaments que poden eradicar el teixit que produeix l&#8217;Es\u00f2fag de Barrett.  <strong>Actualment l&#8217;Ablaci\u00f3 per Radiofreq\u00fc\u00e8ncia es considera el tractament d&#8217;elecci\u00f3 en els casos d&#8217;Es\u00f2fag de Barrett associats a displ\u00e0sia, atesa la seva efic\u00e0cia i seguretat.<\/strong><\/p>\n<p>Es tracta de l&#8217;aplicaci\u00f3 d&#8217;energia de radiofreq\u00fc\u00e8ncia mitjan\u00e7ant el\u00e8ctrodes bipolars, causant l&#8217;escalfament r\u00e0pid del teixit tractat a una profunditat establerta i reprodu\u00efble. Aquest procediment es fa generalment de manera ambulat\u00f2ria i requereix \u00fanicament sedaci\u00f3 profunda. A m\u00e9s, la incid\u00e8ncia de recidiva despr\u00e9s del tractament amb Ablaci\u00f3 Endosc\u00f2pica amb Radiofreq\u00fc\u00e8ncia \u00e9s molt inferior a altres t\u00e8cniques d&#8217;ablaci\u00f3.<\/p>\n<p><strong>La implantaci\u00f3 d&#8217;aquesta t\u00e8cnica ha estat precedida per m\u00faltiples estudis que avalen els resultats esperan\u00e7adors.<\/strong><\/p>\n<p>Un dels avantatges principals del tractament endosc\u00f2pic en els pacients que presenten un adenocarcinoma superficial \u00e9s la baixa taxa de complicacions respecte al tractament que fins ara es considerava est\u00e0ndard: l&#8217; <strong>esofagectomia<\/strong> (extracci\u00f3 de la porci\u00f3 d&#8217;es\u00f2fag afecte mitjan\u00e7ant cirurgia).<\/p>\n<h2 id=\"recomendaciones\">Recomanacions sobre l&#8217;Es\u00f2fag de Barrett<\/h2>\n<p>Tot i que <strong>el risc que un pacient amb Es\u00f2fag de Barrett tingui c\u00e0ncer d&#8217;es\u00f2fag \u00e9s for\u00e7a baix<\/strong> , \u00e9s recomanable practicar <strong>ex\u00e0mens endosc\u00f2pics peri\u00f2dics<\/strong> .<\/p>\n<p><a href=\"http:\/\/comunicacionempresarial.net\/mono_articulo.php?ida=5402&amp;idpb=312\" target=\"_blank\" rel=\"noopener\">Cl\u00ednica ServiDigest a La Vanguardia<\/a><\/p>\n","protected":false},"excerpt":{"rendered":"<div class=\"mh-excerpt\"><p>Qu\u00e8 \u00e9s l&#8217;es\u00f2fag de Barrett? L&#8217;Es\u00f2fag de Barrett es produeix quan el revestiment esof\u00e0gic que \u00e9s a prop de la zona on s&#8217;uneixen l&#8217;es\u00f2fag i l&#8217;est\u00f3mac, es modifica. \u00c9s una patologia que afecta la mucosa <a class=\"mh-excerpt-more\" href=\"https:\/\/dev.93-93-113-41.plesk.page\/ca\/serveis\/aparell-digestiu\/esofag-de-barrett\/\" title=\"Es\u00f2fag de Barrett\">[&#8230;]<\/a><\/p>\n<\/div>","protected":false},"author":1,"featured_media":40111,"parent":34536,"menu_order":16,"comment_status":"closed","ping_status":"closed","template":"","meta":{"footnotes":""},"class_list":["post-7545","page","type-page","status-publish","has-post-thumbnail"],"yoast_head":"<!-- This site is optimized with the Yoast SEO plugin v22.6 - https:\/\/yoast.com\/wordpress\/plugins\/seo\/ -->\n<title>Es\u00f2fag de Barrett i Ablaci\u00f3 Endosc\u00f2pica amb Radiofreq\u00fc\u00e8ncia - Barcelona<\/title>\n<meta name=\"description\" content=\"Busques informaci\u00f3 sobre l&#039;Es\u00f2fag de Barrett? A Cl\u00ednica ServiDigest som especialistes en el diagn\u00f2stic i tractament d&#039;aquesta malaltia. T&#039;expliquem qu\u00e8 \u00e9s, en qu\u00e8 consisteix la displ\u00e0sia, les seves causes, incid\u00e8ncia, s\u00edmptomes, diagn\u00f2stic i tractament de l&#039;Es\u00f2fag de Barrett.\" \/>\n<meta name=\"robots\" content=\"index, follow, max-snippet:-1, max-image-preview:large, max-video-preview:-1\" \/>\n<link rel=\"canonical\" href=\"https:\/\/dev.93-93-113-41.plesk.page\/ca\/serveis\/aparell-digestiu\/esofag-de-barrett\/\" \/>\n<meta property=\"og:locale\" content=\"ca_ES\" \/>\n<meta property=\"og:type\" content=\"article\" \/>\n<meta property=\"og:title\" content=\"Es\u00f2fag de Barrett i Ablaci\u00f3 Endosc\u00f2pica amb Radiofreq\u00fc\u00e8ncia - Barcelona\" \/>\n<meta property=\"og:description\" content=\"Busques informaci\u00f3 sobre l&#039;Es\u00f2fag de Barrett? A Cl\u00ednica ServiDigest som especialistes en el diagn\u00f2stic i tractament d&#039;aquesta malaltia. T&#039;expliquem qu\u00e8 \u00e9s, en qu\u00e8 consisteix la displ\u00e0sia, les seves causes, incid\u00e8ncia, s\u00edmptomes, diagn\u00f2stic i tractament de l&#039;Es\u00f2fag de Barrett.\" \/>\n<meta property=\"og:url\" content=\"https:\/\/dev.93-93-113-41.plesk.page\/ca\/serveis\/aparell-digestiu\/esofag-de-barrett\/\" \/>\n<meta property=\"og:site_name\" content=\"Servidigest\" \/>\n<meta property=\"article:publisher\" content=\"https:\/\/www.facebook.com\/servidigest\" \/>\n<meta property=\"article:modified_time\" content=\"2024-03-15T10:40:58+00:00\" \/>\n<meta property=\"og:image\" content=\"https:\/\/dev.93-93-113-41.plesk.page\/wp-content\/uploads\/2024\/05\/Aparato-Digestivo.jpg\" \/>\n\t<meta property=\"og:image:width\" content=\"768\" \/>\n\t<meta property=\"og:image:height\" content=\"327\" \/>\n\t<meta property=\"og:image:type\" content=\"image\/jpeg\" \/>\n<meta name=\"twitter:card\" content=\"summary_large_image\" \/>\n<meta name=\"twitter:site\" content=\"@servidigest\" \/>\n<meta name=\"twitter:label1\" content=\"Est. reading time\" \/>\n\t<meta name=\"twitter:data1\" content=\"5 minutes\" \/>\n<script type=\"application\/ld+json\" class=\"yoast-schema-graph\">{\"@context\":\"https:\/\/schema.org\",\"@graph\":[{\"@type\":\"WebPage\",\"@id\":\"https:\/\/dev.93-93-113-41.plesk.page\/ca\/serveis\/aparell-digestiu\/esofag-de-barrett\/\",\"url\":\"https:\/\/dev.93-93-113-41.plesk.page\/ca\/serveis\/aparell-digestiu\/esofag-de-barrett\/\",\"name\":\"Es\u00f2fag de Barrett i Ablaci\u00f3 Endosc\u00f2pica amb Radiofreq\u00fc\u00e8ncia - Barcelona\",\"isPartOf\":{\"@id\":\"https:\/\/dev.93-93-113-41.plesk.page\/ca\/#website\"},\"primaryImageOfPage\":{\"@id\":\"https:\/\/dev.93-93-113-41.plesk.page\/ca\/serveis\/aparell-digestiu\/esofag-de-barrett\/#primaryimage\"},\"image\":{\"@id\":\"https:\/\/dev.93-93-113-41.plesk.page\/ca\/serveis\/aparell-digestiu\/esofag-de-barrett\/#primaryimage\"},\"thumbnailUrl\":\"https:\/\/dev.93-93-113-41.plesk.page\/wp-content\/uploads\/2024\/05\/Aparato-Digestivo.jpg\",\"datePublished\":\"2015-02-12T17:00:23+00:00\",\"dateModified\":\"2024-03-15T10:40:58+00:00\",\"description\":\"Busques informaci\u00f3 sobre l'Es\u00f2fag de Barrett? A Cl\u00ednica ServiDigest som especialistes en el diagn\u00f2stic i tractament d'aquesta malaltia. T'expliquem qu\u00e8 \u00e9s, en qu\u00e8 consisteix la displ\u00e0sia, les seves causes, incid\u00e8ncia, s\u00edmptomes, diagn\u00f2stic i tractament de l'Es\u00f2fag de Barrett.\",\"breadcrumb\":{\"@id\":\"https:\/\/dev.93-93-113-41.plesk.page\/ca\/serveis\/aparell-digestiu\/esofag-de-barrett\/#breadcrumb\"},\"inLanguage\":\"ca\",\"potentialAction\":[{\"@type\":\"ReadAction\",\"target\":[\"https:\/\/dev.93-93-113-41.plesk.page\/ca\/serveis\/aparell-digestiu\/esofag-de-barrett\/\"]}]},{\"@type\":\"ImageObject\",\"inLanguage\":\"ca\",\"@id\":\"https:\/\/dev.93-93-113-41.plesk.page\/ca\/serveis\/aparell-digestiu\/esofag-de-barrett\/#primaryimage\",\"url\":\"https:\/\/dev.93-93-113-41.plesk.page\/wp-content\/uploads\/2024\/05\/Aparato-Digestivo.jpg\",\"contentUrl\":\"https:\/\/dev.93-93-113-41.plesk.page\/wp-content\/uploads\/2024\/05\/Aparato-Digestivo.jpg\",\"width\":768,\"height\":327},{\"@type\":\"BreadcrumbList\",\"@id\":\"https:\/\/dev.93-93-113-41.plesk.page\/ca\/serveis\/aparell-digestiu\/esofag-de-barrett\/#breadcrumb\",\"itemListElement\":[{\"@type\":\"ListItem\",\"position\":1,\"name\":\"Serveis M\u00e8dics de Cl\u00ednica ServiDigest\",\"item\":\"https:\/\/dev.93-93-113-41.plesk.page\/ca\/servicios\/\"},{\"@type\":\"ListItem\",\"position\":2,\"name\":\"Aparell digestiu\",\"item\":\"https:\/\/dev.93-93-113-41.plesk.page\/ca\/servicios\/aparato-digestivo\/\"},{\"@type\":\"ListItem\",\"position\":3,\"name\":\"Es\u00f2fag de Barrett\"}]},{\"@type\":\"WebSite\",\"@id\":\"https:\/\/dev.93-93-113-41.plesk.page\/ca\/#website\",\"url\":\"https:\/\/dev.93-93-113-41.plesk.page\/ca\/\",\"name\":\"Servidigest\",\"description\":\"\",\"publisher\":{\"@id\":\"https:\/\/dev.93-93-113-41.plesk.page\/ca\/#organization\"},\"potentialAction\":[{\"@type\":\"SearchAction\",\"target\":{\"@type\":\"EntryPoint\",\"urlTemplate\":\"https:\/\/dev.93-93-113-41.plesk.page\/ca\/?s={search_term_string}\"},\"query-input\":\"required name=search_term_string\"}],\"inLanguage\":\"ca\"},{\"@type\":\"Organization\",\"@id\":\"https:\/\/dev.93-93-113-41.plesk.page\/ca\/#organization\",\"name\":\"Servidigest\",\"url\":\"https:\/\/dev.93-93-113-41.plesk.page\/ca\/\",\"logo\":{\"@type\":\"ImageObject\",\"inLanguage\":\"ca\",\"@id\":\"https:\/\/dev.93-93-113-41.plesk.page\/ca\/#\/schema\/logo\/image\/\",\"url\":\"https:\/\/dev.93-93-113-41.plesk.page\/wp-content\/uploads\/2024\/01\/servidigest.png\",\"contentUrl\":\"https:\/\/dev.93-93-113-41.plesk.page\/wp-content\/uploads\/2024\/01\/servidigest.png\",\"width\":808,\"height\":88,\"caption\":\"Servidigest\"},\"image\":{\"@id\":\"https:\/\/dev.93-93-113-41.plesk.page\/ca\/#\/schema\/logo\/image\/\"},\"sameAs\":[\"https:\/\/www.facebook.com\/servidigest\",\"https:\/\/x.com\/servidigest\"]}]}<\/script>\n<!-- \/ Yoast SEO plugin. -->","yoast_head_json":{"title":"Es\u00f2fag de Barrett i Ablaci\u00f3 Endosc\u00f2pica amb Radiofreq\u00fc\u00e8ncia - Barcelona","description":"Busques informaci\u00f3 sobre l'Es\u00f2fag de Barrett? A Cl\u00ednica ServiDigest som especialistes en el diagn\u00f2stic i tractament d'aquesta malaltia. T'expliquem qu\u00e8 \u00e9s, en qu\u00e8 consisteix la displ\u00e0sia, les seves causes, incid\u00e8ncia, s\u00edmptomes, diagn\u00f2stic i tractament de l'Es\u00f2fag de Barrett.","robots":{"index":"index","follow":"follow","max-snippet":"max-snippet:-1","max-image-preview":"max-image-preview:large","max-video-preview":"max-video-preview:-1"},"canonical":"https:\/\/dev.93-93-113-41.plesk.page\/ca\/serveis\/aparell-digestiu\/esofag-de-barrett\/","og_locale":"ca_ES","og_type":"article","og_title":"Es\u00f2fag de Barrett i Ablaci\u00f3 Endosc\u00f2pica amb Radiofreq\u00fc\u00e8ncia - Barcelona","og_description":"Busques informaci\u00f3 sobre l'Es\u00f2fag de Barrett? A Cl\u00ednica ServiDigest som especialistes en el diagn\u00f2stic i tractament d'aquesta malaltia. T'expliquem qu\u00e8 \u00e9s, en qu\u00e8 consisteix la displ\u00e0sia, les seves causes, incid\u00e8ncia, s\u00edmptomes, diagn\u00f2stic i tractament de l'Es\u00f2fag de Barrett.","og_url":"https:\/\/dev.93-93-113-41.plesk.page\/ca\/serveis\/aparell-digestiu\/esofag-de-barrett\/","og_site_name":"Servidigest","article_publisher":"https:\/\/www.facebook.com\/servidigest","article_modified_time":"2024-03-15T10:40:58+00:00","og_image":[{"width":768,"height":327,"url":"https:\/\/dev.93-93-113-41.plesk.page\/wp-content\/uploads\/2024\/05\/Aparato-Digestivo.jpg","type":"image\/jpeg"}],"twitter_card":"summary_large_image","twitter_site":"@servidigest","twitter_misc":{"Est. reading time":"5 minutes"},"schema":{"@context":"https:\/\/schema.org","@graph":[{"@type":"WebPage","@id":"https:\/\/dev.93-93-113-41.plesk.page\/ca\/serveis\/aparell-digestiu\/esofag-de-barrett\/","url":"https:\/\/dev.93-93-113-41.plesk.page\/ca\/serveis\/aparell-digestiu\/esofag-de-barrett\/","name":"Es\u00f2fag de Barrett i Ablaci\u00f3 Endosc\u00f2pica amb Radiofreq\u00fc\u00e8ncia - Barcelona","isPartOf":{"@id":"https:\/\/dev.93-93-113-41.plesk.page\/ca\/#website"},"primaryImageOfPage":{"@id":"https:\/\/dev.93-93-113-41.plesk.page\/ca\/serveis\/aparell-digestiu\/esofag-de-barrett\/#primaryimage"},"image":{"@id":"https:\/\/dev.93-93-113-41.plesk.page\/ca\/serveis\/aparell-digestiu\/esofag-de-barrett\/#primaryimage"},"thumbnailUrl":"https:\/\/dev.93-93-113-41.plesk.page\/wp-content\/uploads\/2024\/05\/Aparato-Digestivo.jpg","datePublished":"2015-02-12T17:00:23+00:00","dateModified":"2024-03-15T10:40:58+00:00","description":"Busques informaci\u00f3 sobre l'Es\u00f2fag de Barrett? A Cl\u00ednica ServiDigest som especialistes en el diagn\u00f2stic i tractament d'aquesta malaltia. T'expliquem qu\u00e8 \u00e9s, en qu\u00e8 consisteix la displ\u00e0sia, les seves causes, incid\u00e8ncia, s\u00edmptomes, diagn\u00f2stic i tractament de l'Es\u00f2fag de Barrett.","breadcrumb":{"@id":"https:\/\/dev.93-93-113-41.plesk.page\/ca\/serveis\/aparell-digestiu\/esofag-de-barrett\/#breadcrumb"},"inLanguage":"ca","potentialAction":[{"@type":"ReadAction","target":["https:\/\/dev.93-93-113-41.plesk.page\/ca\/serveis\/aparell-digestiu\/esofag-de-barrett\/"]}]},{"@type":"ImageObject","inLanguage":"ca","@id":"https:\/\/dev.93-93-113-41.plesk.page\/ca\/serveis\/aparell-digestiu\/esofag-de-barrett\/#primaryimage","url":"https:\/\/dev.93-93-113-41.plesk.page\/wp-content\/uploads\/2024\/05\/Aparato-Digestivo.jpg","contentUrl":"https:\/\/dev.93-93-113-41.plesk.page\/wp-content\/uploads\/2024\/05\/Aparato-Digestivo.jpg","width":768,"height":327},{"@type":"BreadcrumbList","@id":"https:\/\/dev.93-93-113-41.plesk.page\/ca\/serveis\/aparell-digestiu\/esofag-de-barrett\/#breadcrumb","itemListElement":[{"@type":"ListItem","position":1,"name":"Serveis M\u00e8dics de Cl\u00ednica ServiDigest","item":"https:\/\/dev.93-93-113-41.plesk.page\/ca\/servicios\/"},{"@type":"ListItem","position":2,"name":"Aparell digestiu","item":"https:\/\/dev.93-93-113-41.plesk.page\/ca\/servicios\/aparato-digestivo\/"},{"@type":"ListItem","position":3,"name":"Es\u00f2fag de Barrett"}]},{"@type":"WebSite","@id":"https:\/\/dev.93-93-113-41.plesk.page\/ca\/#website","url":"https:\/\/dev.93-93-113-41.plesk.page\/ca\/","name":"Servidigest","description":"","publisher":{"@id":"https:\/\/dev.93-93-113-41.plesk.page\/ca\/#organization"},"potentialAction":[{"@type":"SearchAction","target":{"@type":"EntryPoint","urlTemplate":"https:\/\/dev.93-93-113-41.plesk.page\/ca\/?s={search_term_string}"},"query-input":"required name=search_term_string"}],"inLanguage":"ca"},{"@type":"Organization","@id":"https:\/\/dev.93-93-113-41.plesk.page\/ca\/#organization","name":"Servidigest","url":"https:\/\/dev.93-93-113-41.plesk.page\/ca\/","logo":{"@type":"ImageObject","inLanguage":"ca","@id":"https:\/\/dev.93-93-113-41.plesk.page\/ca\/#\/schema\/logo\/image\/","url":"https:\/\/dev.93-93-113-41.plesk.page\/wp-content\/uploads\/2024\/01\/servidigest.png","contentUrl":"https:\/\/dev.93-93-113-41.plesk.page\/wp-content\/uploads\/2024\/01\/servidigest.png","width":808,"height":88,"caption":"Servidigest"},"image":{"@id":"https:\/\/dev.93-93-113-41.plesk.page\/ca\/#\/schema\/logo\/image\/"},"sameAs":["https:\/\/www.facebook.com\/servidigest","https:\/\/x.com\/servidigest"]}]}},"_links":{"self":[{"href":"https:\/\/dev.93-93-113-41.plesk.page\/ca\/wp-json\/wp\/v2\/pages\/7545","targetHints":{"allow":["GET"]}}],"collection":[{"href":"https:\/\/dev.93-93-113-41.plesk.page\/ca\/wp-json\/wp\/v2\/pages"}],"about":[{"href":"https:\/\/dev.93-93-113-41.plesk.page\/ca\/wp-json\/wp\/v2\/types\/page"}],"author":[{"embeddable":true,"href":"https:\/\/dev.93-93-113-41.plesk.page\/ca\/wp-json\/wp\/v2\/users\/1"}],"replies":[{"embeddable":true,"href":"https:\/\/dev.93-93-113-41.plesk.page\/ca\/wp-json\/wp\/v2\/comments?post=7545"}],"version-history":[{"count":2,"href":"https:\/\/dev.93-93-113-41.plesk.page\/ca\/wp-json\/wp\/v2\/pages\/7545\/revisions"}],"predecessor-version":[{"id":37563,"href":"https:\/\/dev.93-93-113-41.plesk.page\/ca\/wp-json\/wp\/v2\/pages\/7545\/revisions\/37563"}],"up":[{"embeddable":true,"href":"https:\/\/dev.93-93-113-41.plesk.page\/ca\/wp-json\/wp\/v2\/pages\/34536"}],"wp:featuredmedia":[{"embeddable":true,"href":"https:\/\/dev.93-93-113-41.plesk.page\/ca\/wp-json\/wp\/v2\/media\/40111"}],"wp:attachment":[{"href":"https:\/\/dev.93-93-113-41.plesk.page\/ca\/wp-json\/wp\/v2\/media?parent=7545"}],"curies":[{"name":"wp","href":"https:\/\/api.w.org\/{rel}","templated":true}]}}