{"id":754,"date":"2014-06-20T12:40:52","date_gmt":"2014-06-20T12:40:52","guid":{"rendered":"https:\/\/dev.93-93-113-41.plesk.page\/?page_id=754"},"modified":"2024-06-01T12:33:09","modified_gmt":"2024-06-01T10:33:09","slug":"hidroterapia-de-colon","status":"publish","type":"page","link":"https:\/\/dev.93-93-113-41.plesk.page\/ca\/serveis\/aparell-digestiu\/hidroterapia-de-colon\/","title":{"rendered":"Hidroter\u00e0pia de C\u00f2lon"},"content":{"rendered":"<p>La <strong>Hidroter\u00e0pia de C\u00f2lon<\/strong> \u00e9s b\u00e0sicament un <strong>tractament de salut<\/strong>.<\/p>\n<p>Tot el que pugui ajudar, d\u2019una forma natural, a una millora de l\u2019estat i funcionament del C\u00f2lon pot ser benefici\u00f3s per la nostra salut.<\/p>\n<p><strong>Una mala alimentaci\u00f3, l&#8217;\u00fas de conservants, colorants, l&#8217;ab\u00fas de medicaments i laxants, l&#8217;estr\u00e8s, la manca d&#8217;exercici&#8230; provoquen desordres que afecten el nostre aparell digestiu<\/strong> i influeixen sobre l&#8217;equilibri de la flora intestinal i del sistema immunitari.<\/p>\n<p><strong>La Hidroter\u00e0pia de C\u00f2lon \u00e9s un tractament de Salut c\u00f2mode, net, indolor i altament efectiu<\/strong> consistent en un rentat profund de l&#8217;intest\u00ed gros mitjan\u00e7ant la irrigaci\u00f3 d&#8217;aigua filtrada i purificada, que <strong>depura una de les zones de l&#8217;organisme que acumula m\u00e9s residus, reduint directament les toxines acumulades i alliberant de pressi\u00f3 a la zona abdominal.<\/strong><\/p>\n<p>No cal cap preparaci\u00f3 ni tractament previ i no t\u00e9 cap efecte indesitjable.<\/p>\n<p>La sessi\u00f3 dura aproximadament 45 minuts. Immediatament despr\u00e9s de la Hidroter\u00e0pia de C\u00f2lon es pot fer una vida completament normal i atendre qualsevol comprom\u00eds social.<\/p>\n<p>Tant si el tr\u00e0nsit intestinal \u00e9s adequat com si hi ha restrenyiment, sempre queden residus entre els plecs de C\u00f2lon que no s&#8217;eliminen amb l&#8217;evacuaci\u00f3 regular.<\/p>\n<p>Aquests residus s\u00f3n fermentats per part de la flora intestinal, produint gasos i toxines. Quan aquestes toxines es mantenen en contacte amb el C\u00f2lon durant cert temps, s\u00f3n reabsorbides i passen a l&#8217;organisme. Per aquest motiu, encara que el C\u00f2lon sigui un \u00f2rgan que sempre est\u00e0 en contacte amb residus, el que aconseguim amb la <strong>Hidroter\u00e0pia de C\u00f2lon<\/strong> \u00e9s eliminar les restes m\u00e9s antigues adherides a les parets i plecs col\u00f2nics.<\/p>\n<p>M\u00faltiples alteracions i malalties es relacionen amb l&#8217;excessiu c\u00famul de toxines fermentades i la seva reabsorci\u00f3 al C\u00f2lon. Patologies dermatol\u00f2giques, migranyes, flatul\u00e8ncia, mol\u00e8sties abdominals, dolors musculars, sobretot a la regi\u00f3 lumbar, estr\u00e8s&#8230;<\/p>\n<p>Les indicacions de la Hidroter\u00e0pia de C\u00f2lon s\u00f3n diverses, i com a tots els tractaments de Salut, tamb\u00e9 te algunes contraindicacions, \u00e9s a dir, situacions en qu\u00e8 no s&#8217;ha de fer.<\/p>\n<p>A Cl\u00ednica ServiDigest disposem de tres modalitats de tractament:<\/p>\n<p><a href=\"https:\/\/dev.93-93-113-41.plesk.page\/ca\/producte\/hidroterapia-de-colon\/\">Sessi\u00f3 d&#8217;Hidroter\u00e0pia de Colon<\/a><br \/>\n<a href=\"https:\/\/dev.93-93-113-41.plesk.page\/ca\/producte\/hidroterapia-de-colon-amb-ozo\/\"> Sessi\u00f3 d&#8217;Hidroter\u00e0pia de Colon + Tractament d&#8217;Oz\u00f3<\/a><br \/>\n<a href=\"https:\/\/dev.93-93-113-41.plesk.page\/ca\/producte\/pack-complet-hidroterapia-de-colon-amb-ozo\/\"> Tractament Neteja Completa de tres sessions d&#8217;hidroter\u00e0pia<\/a><\/p>\n<p>Aquesta modalitat consisteix en tres hidroter\u00e0pies en un per\u00edode de 2 setmanes, deixant un per\u00edode de 4 dies entre cada hidroter\u00e0pia per a la recuperaci\u00f3 de la flora intestinal. En aquest pack oferim a l&#8217;\u00faltima sessi\u00f3 un Tractament d&#8217;Oz\u00f3 (reg de l&#8217;intest\u00ed amb aigua osmotitzada i enriquida amb major quantitat d&#8217;oxigen, sense cost.)<\/p>\n<p>La Hidroter\u00e0pia de C\u00f2lon est\u00e0 supervisada pel Servei d&#8217;Aparell Digestiu de ServiDigest, membre de l&#8217;Associaci\u00f3 Nacional i Internacional per a l&#8217;estudi i difusi\u00f3 de la Hidroter\u00e0pia de C\u00f2lon.<\/p>\n<div class=\"woocommerce columns-4 \"><ul class=\"products columns-4\">\n<li class=\"product type-product post-38373 status-publish first instock product_cat-hidroterapia-del-colon has-post-thumbnail virtual purchasable product-type-simple\">\n\t<a href=\"https:\/\/dev.93-93-113-41.plesk.page\/ca\/producte\/hidroterapia-de-colon\/\" class=\"woocommerce-LoopProduct-link woocommerce-loop-product__link\"><img fetchpriority=\"high\" decoding=\"async\" width=\"300\" height=\"300\" src=\"https:\/\/dev.93-93-113-41.plesk.page\/wp-content\/uploads\/2016\/02\/comprar-hidroterapia-de-colon-1-300x300.jpg\" class=\"attachment-woocommerce_thumbnail size-woocommerce_thumbnail\" alt=\"Comprar hidroter\u00e0pia de c\u00f2lon\" srcset=\"https:\/\/dev.93-93-113-41.plesk.page\/wp-content\/uploads\/2016\/02\/comprar-hidroterapia-de-colon-1-300x300.jpg 300w, https:\/\/dev.93-93-113-41.plesk.page\/wp-content\/uploads\/2016\/02\/comprar-hidroterapia-de-colon-1-100x100.jpg 100w, https:\/\/dev.93-93-113-41.plesk.page\/wp-content\/uploads\/2016\/02\/comprar-hidroterapia-de-colon-1-150x150.jpg 150w\" sizes=\"(max-width: 300px) 100vw, 300px\" \/><h2 class=\"woocommerce-loop-product__title\">Hidroter\u00e0pia de C\u00f2lon<\/h2>\n\t<span class=\"price\"><span class=\"woocommerce-Price-amount amount\"><bdi>110,00&nbsp;<span class=\"woocommerce-Price-currencySymbol\">&euro;<\/span><\/bdi><\/span><\/span>\n<\/a><a href=\"?add-to-cart=38373\" data-quantity=\"1\" class=\"button product_type_simple add_to_cart_button ajax_add_to_cart\" data-product_id=\"38373\" data-product_sku=\"HIDRO\" aria-label=\"Add to cart: &ldquo;Hidroter\u00e0pia de C\u00f2lon&rdquo;\" aria-describedby=\"\" rel=\"nofollow\">Afegeix a la cistella<\/a><\/li>\n<li class=\"product type-product post-38372 status-publish instock product_cat-hidroterapia-del-colon has-post-thumbnail virtual purchasable product-type-simple\">\n\t<a href=\"https:\/\/dev.93-93-113-41.plesk.page\/ca\/producte\/hidroterapia-de-colon-amb-ozo\/\" class=\"woocommerce-LoopProduct-link woocommerce-loop-product__link\"><img decoding=\"async\" width=\"300\" height=\"300\" src=\"https:\/\/dev.93-93-113-41.plesk.page\/wp-content\/uploads\/2016\/02\/comprar-hidroterapia-de-colon-con-ozono-1-300x300.jpg\" class=\"attachment-woocommerce_thumbnail size-woocommerce_thumbnail\" alt=\"comprar hidroter\u00e0pia de c\u00f2lon amb oz\u00f3\" srcset=\"https:\/\/dev.93-93-113-41.plesk.page\/wp-content\/uploads\/2016\/02\/comprar-hidroterapia-de-colon-con-ozono-1-300x300.jpg 300w, https:\/\/dev.93-93-113-41.plesk.page\/wp-content\/uploads\/2016\/02\/comprar-hidroterapia-de-colon-con-ozono-1-100x100.jpg 100w, https:\/\/dev.93-93-113-41.plesk.page\/wp-content\/uploads\/2016\/02\/comprar-hidroterapia-de-colon-con-ozono-1-150x150.jpg 150w\" sizes=\"(max-width: 300px) 100vw, 300px\" \/><h2 class=\"woocommerce-loop-product__title\">Hidroter\u00e0pia de C\u00f2lon \u200b\u200bamb Oz\u00f3<\/h2>\n\t<span class=\"price\"><span class=\"woocommerce-Price-amount amount\"><bdi>150,00&nbsp;<span class=\"woocommerce-Price-currencySymbol\">&euro;<\/span><\/bdi><\/span><\/span>\n<\/a><a href=\"?add-to-cart=38372\" data-quantity=\"1\" class=\"button product_type_simple add_to_cart_button ajax_add_to_cart\" data-product_id=\"38372\" data-product_sku=\"HIDRO-OZONO\" aria-label=\"Add to cart: &ldquo;Hidroter\u00e0pia de C\u00f2lon \u200b\u200bamb Oz\u00f3&rdquo;\" aria-describedby=\"\" rel=\"nofollow\">Afegeix a la cistella<\/a><\/li>\n<li class=\"product type-product post-38371 status-publish instock product_cat-hidroterapia-del-colon has-post-thumbnail virtual purchasable product-type-simple\">\n\t<a href=\"https:\/\/dev.93-93-113-41.plesk.page\/ca\/producte\/pack-complet-hidroterapia-de-colon-amb-ozo\/\" class=\"woocommerce-LoopProduct-link woocommerce-loop-product__link\"><img decoding=\"async\" width=\"300\" height=\"300\" src=\"https:\/\/dev.93-93-113-41.plesk.page\/wp-content\/uploads\/2016\/02\/comprar-pack-hidroterapia-de-colon-1-300x300.jpg\" class=\"attachment-woocommerce_thumbnail size-woocommerce_thumbnail\" alt=\"Pack complet Hidroter\u00e0pia de C\u00f2lon\" srcset=\"https:\/\/dev.93-93-113-41.plesk.page\/wp-content\/uploads\/2016\/02\/comprar-pack-hidroterapia-de-colon-1-300x300.jpg 300w, https:\/\/dev.93-93-113-41.plesk.page\/wp-content\/uploads\/2016\/02\/comprar-pack-hidroterapia-de-colon-1-100x100.jpg 100w, https:\/\/dev.93-93-113-41.plesk.page\/wp-content\/uploads\/2016\/02\/comprar-pack-hidroterapia-de-colon-1-150x150.jpg 150w\" sizes=\"(max-width: 300px) 100vw, 300px\" \/><h2 class=\"woocommerce-loop-product__title\">Pack Complet Hidroter\u00e0pia de C\u00f2lon \u200b\u200bamb Oz\u00f3<\/h2>\n\t<span class=\"price\"><span class=\"woocommerce-Price-amount amount\"><bdi>300,00&nbsp;<span class=\"woocommerce-Price-currencySymbol\">&euro;<\/span><\/bdi><\/span><\/span>\n<\/a><a href=\"?add-to-cart=38371\" data-quantity=\"1\" class=\"button product_type_simple add_to_cart_button ajax_add_to_cart\" data-product_id=\"38371\" data-product_sku=\"PACK-HIDRO-OZONO\" aria-label=\"Add to cart: &ldquo;Pack Complet Hidroter\u00e0pia de C\u00f2lon \u200b\u200bamb Oz\u00f3&rdquo;\" aria-describedby=\"\" rel=\"nofollow\">Afegeix a la cistella<\/a><\/li>\n<\/ul>\n<\/div>\n","protected":false},"excerpt":{"rendered":"<div class=\"mh-excerpt\"><p>La Hidroter\u00e0pia de C\u00f2lon \u00e9s b\u00e0sicament un tractament de salut. Tot el que pugui ajudar, d\u2019una forma natural, a una millora de l\u2019estat i funcionament del C\u00f2lon pot ser benefici\u00f3s per la nostra salut. Una <a class=\"mh-excerpt-more\" href=\"https:\/\/dev.93-93-113-41.plesk.page\/ca\/serveis\/aparell-digestiu\/hidroterapia-de-colon\/\" title=\"Hidroter\u00e0pia de C\u00f2lon\">[&#8230;]<\/a><\/p>\n<\/div>","protected":false},"author":1,"featured_media":39168,"parent":34536,"menu_order":22,"comment_status":"closed","ping_status":"closed","template":"","meta":{"footnotes":""},"class_list":["post-754","page","type-page","status-publish","has-post-thumbnail"],"yoast_head":"<!-- This site is optimized with the Yoast SEO plugin v22.6 - https:\/\/yoast.com\/wordpress\/plugins\/seo\/ -->\n<title>Hidroter\u00e0pia de C\u00f2lon - Servidigest<\/title>\n<meta name=\"robots\" content=\"index, follow, max-snippet:-1, max-image-preview:large, max-video-preview:-1\" \/>\n<link rel=\"canonical\" href=\"https:\/\/dev.93-93-113-41.plesk.page\/ca\/serveis\/aparell-digestiu\/hidroterapia-de-colon\/\" \/>\n<meta property=\"og:locale\" content=\"ca_ES\" \/>\n<meta property=\"og:type\" content=\"article\" \/>\n<meta property=\"og:title\" content=\"Hidroter\u00e0pia de C\u00f2lon - Servidigest\" \/>\n<meta property=\"og:description\" content=\"La Hidroter\u00e0pia de C\u00f2lon \u00e9s b\u00e0sicament un tractament de salut. Tot el que pugui ajudar, d\u2019una forma natural, a una millora de l\u2019estat i funcionament del C\u00f2lon pot ser benefici\u00f3s per la nostra salut. Una [...]\" \/>\n<meta property=\"og:url\" content=\"https:\/\/dev.93-93-113-41.plesk.page\/ca\/serveis\/aparell-digestiu\/hidroterapia-de-colon\/\" \/>\n<meta property=\"og:site_name\" content=\"Servidigest\" \/>\n<meta property=\"article:publisher\" content=\"https:\/\/www.facebook.com\/servidigest\" \/>\n<meta property=\"article:modified_time\" content=\"2024-06-01T10:33:09+00:00\" \/>\n<meta property=\"og:image\" content=\"https:\/\/dev.93-93-113-41.plesk.page\/wp-content\/uploads\/2024\/05\/6-Hidroterapia.jpg\" \/>\n\t<meta property=\"og:image:width\" content=\"1620\" \/>\n\t<meta property=\"og:image:height\" content=\"1080\" \/>\n\t<meta property=\"og:image:type\" content=\"image\/jpeg\" \/>\n<meta name=\"twitter:card\" content=\"summary_large_image\" \/>\n<meta name=\"twitter:site\" content=\"@servidigest\" \/>\n<meta name=\"twitter:label1\" content=\"Est. reading time\" \/>\n\t<meta name=\"twitter:data1\" content=\"2 minutes\" \/>\n<script type=\"application\/ld+json\" class=\"yoast-schema-graph\">{\"@context\":\"https:\/\/schema.org\",\"@graph\":[{\"@type\":\"WebPage\",\"@id\":\"https:\/\/dev.93-93-113-41.plesk.page\/ca\/serveis\/aparell-digestiu\/hidroterapia-de-colon\/\",\"url\":\"https:\/\/dev.93-93-113-41.plesk.page\/ca\/serveis\/aparell-digestiu\/hidroterapia-de-colon\/\",\"name\":\"Hidroter\u00e0pia de C\u00f2lon - Servidigest\",\"isPartOf\":{\"@id\":\"https:\/\/dev.93-93-113-41.plesk.page\/ca\/#website\"},\"primaryImageOfPage\":{\"@id\":\"https:\/\/dev.93-93-113-41.plesk.page\/ca\/serveis\/aparell-digestiu\/hidroterapia-de-colon\/#primaryimage\"},\"image\":{\"@id\":\"https:\/\/dev.93-93-113-41.plesk.page\/ca\/serveis\/aparell-digestiu\/hidroterapia-de-colon\/#primaryimage\"},\"thumbnailUrl\":\"https:\/\/dev.93-93-113-41.plesk.page\/wp-content\/uploads\/2024\/05\/6-Hidroterapia.jpg\",\"datePublished\":\"2014-06-20T12:40:52+00:00\",\"dateModified\":\"2024-06-01T10:33:09+00:00\",\"breadcrumb\":{\"@id\":\"https:\/\/dev.93-93-113-41.plesk.page\/ca\/serveis\/aparell-digestiu\/hidroterapia-de-colon\/#breadcrumb\"},\"inLanguage\":\"ca\",\"potentialAction\":[{\"@type\":\"ReadAction\",\"target\":[\"https:\/\/dev.93-93-113-41.plesk.page\/ca\/serveis\/aparell-digestiu\/hidroterapia-de-colon\/\"]}]},{\"@type\":\"ImageObject\",\"inLanguage\":\"ca\",\"@id\":\"https:\/\/dev.93-93-113-41.plesk.page\/ca\/serveis\/aparell-digestiu\/hidroterapia-de-colon\/#primaryimage\",\"url\":\"https:\/\/dev.93-93-113-41.plesk.page\/wp-content\/uploads\/2024\/05\/6-Hidroterapia.jpg\",\"contentUrl\":\"https:\/\/dev.93-93-113-41.plesk.page\/wp-content\/uploads\/2024\/05\/6-Hidroterapia.jpg\",\"width\":1620,\"height\":1080},{\"@type\":\"BreadcrumbList\",\"@id\":\"https:\/\/dev.93-93-113-41.plesk.page\/ca\/serveis\/aparell-digestiu\/hidroterapia-de-colon\/#breadcrumb\",\"itemListElement\":[{\"@type\":\"ListItem\",\"position\":1,\"name\":\"Serveis M\u00e8dics de Cl\u00ednica ServiDigest\",\"item\":\"https:\/\/dev.93-93-113-41.plesk.page\/ca\/servicios\/\"},{\"@type\":\"ListItem\",\"position\":2,\"name\":\"Aparell digestiu\",\"item\":\"https:\/\/dev.93-93-113-41.plesk.page\/ca\/servicios\/aparato-digestivo\/\"},{\"@type\":\"ListItem\",\"position\":3,\"name\":\"Hidroter\u00e0pia de C\u00f2lon\"}]},{\"@type\":\"WebSite\",\"@id\":\"https:\/\/dev.93-93-113-41.plesk.page\/ca\/#website\",\"url\":\"https:\/\/dev.93-93-113-41.plesk.page\/ca\/\",\"name\":\"Servidigest\",\"description\":\"\",\"publisher\":{\"@id\":\"https:\/\/dev.93-93-113-41.plesk.page\/ca\/#organization\"},\"potentialAction\":[{\"@type\":\"SearchAction\",\"target\":{\"@type\":\"EntryPoint\",\"urlTemplate\":\"https:\/\/dev.93-93-113-41.plesk.page\/ca\/?s={search_term_string}\"},\"query-input\":\"required name=search_term_string\"}],\"inLanguage\":\"ca\"},{\"@type\":\"Organization\",\"@id\":\"https:\/\/dev.93-93-113-41.plesk.page\/ca\/#organization\",\"name\":\"Servidigest\",\"url\":\"https:\/\/dev.93-93-113-41.plesk.page\/ca\/\",\"logo\":{\"@type\":\"ImageObject\",\"inLanguage\":\"ca\",\"@id\":\"https:\/\/dev.93-93-113-41.plesk.page\/ca\/#\/schema\/logo\/image\/\",\"url\":\"https:\/\/dev.93-93-113-41.plesk.page\/wp-content\/uploads\/2024\/01\/servidigest.png\",\"contentUrl\":\"https:\/\/dev.93-93-113-41.plesk.page\/wp-content\/uploads\/2024\/01\/servidigest.png\",\"width\":808,\"height\":88,\"caption\":\"Servidigest\"},\"image\":{\"@id\":\"https:\/\/dev.93-93-113-41.plesk.page\/ca\/#\/schema\/logo\/image\/\"},\"sameAs\":[\"https:\/\/www.facebook.com\/servidigest\",\"https:\/\/x.com\/servidigest\"]}]}<\/script>\n<!-- \/ Yoast SEO plugin. -->","yoast_head_json":{"title":"Hidroter\u00e0pia de C\u00f2lon - Servidigest","robots":{"index":"index","follow":"follow","max-snippet":"max-snippet:-1","max-image-preview":"max-image-preview:large","max-video-preview":"max-video-preview:-1"},"canonical":"https:\/\/dev.93-93-113-41.plesk.page\/ca\/serveis\/aparell-digestiu\/hidroterapia-de-colon\/","og_locale":"ca_ES","og_type":"article","og_title":"Hidroter\u00e0pia de C\u00f2lon - Servidigest","og_description":"La Hidroter\u00e0pia de C\u00f2lon \u00e9s b\u00e0sicament un tractament de salut. Tot el que pugui ajudar, d\u2019una forma natural, a una millora de l\u2019estat i funcionament del C\u00f2lon pot ser benefici\u00f3s per la nostra salut. Una [...]","og_url":"https:\/\/dev.93-93-113-41.plesk.page\/ca\/serveis\/aparell-digestiu\/hidroterapia-de-colon\/","og_site_name":"Servidigest","article_publisher":"https:\/\/www.facebook.com\/servidigest","article_modified_time":"2024-06-01T10:33:09+00:00","og_image":[{"width":1620,"height":1080,"url":"https:\/\/dev.93-93-113-41.plesk.page\/wp-content\/uploads\/2024\/05\/6-Hidroterapia.jpg","type":"image\/jpeg"}],"twitter_card":"summary_large_image","twitter_site":"@servidigest","twitter_misc":{"Est. reading time":"2 minutes"},"schema":{"@context":"https:\/\/schema.org","@graph":[{"@type":"WebPage","@id":"https:\/\/dev.93-93-113-41.plesk.page\/ca\/serveis\/aparell-digestiu\/hidroterapia-de-colon\/","url":"https:\/\/dev.93-93-113-41.plesk.page\/ca\/serveis\/aparell-digestiu\/hidroterapia-de-colon\/","name":"Hidroter\u00e0pia de C\u00f2lon - Servidigest","isPartOf":{"@id":"https:\/\/dev.93-93-113-41.plesk.page\/ca\/#website"},"primaryImageOfPage":{"@id":"https:\/\/dev.93-93-113-41.plesk.page\/ca\/serveis\/aparell-digestiu\/hidroterapia-de-colon\/#primaryimage"},"image":{"@id":"https:\/\/dev.93-93-113-41.plesk.page\/ca\/serveis\/aparell-digestiu\/hidroterapia-de-colon\/#primaryimage"},"thumbnailUrl":"https:\/\/dev.93-93-113-41.plesk.page\/wp-content\/uploads\/2024\/05\/6-Hidroterapia.jpg","datePublished":"2014-06-20T12:40:52+00:00","dateModified":"2024-06-01T10:33:09+00:00","breadcrumb":{"@id":"https:\/\/dev.93-93-113-41.plesk.page\/ca\/serveis\/aparell-digestiu\/hidroterapia-de-colon\/#breadcrumb"},"inLanguage":"ca","potentialAction":[{"@type":"ReadAction","target":["https:\/\/dev.93-93-113-41.plesk.page\/ca\/serveis\/aparell-digestiu\/hidroterapia-de-colon\/"]}]},{"@type":"ImageObject","inLanguage":"ca","@id":"https:\/\/dev.93-93-113-41.plesk.page\/ca\/serveis\/aparell-digestiu\/hidroterapia-de-colon\/#primaryimage","url":"https:\/\/dev.93-93-113-41.plesk.page\/wp-content\/uploads\/2024\/05\/6-Hidroterapia.jpg","contentUrl":"https:\/\/dev.93-93-113-41.plesk.page\/wp-content\/uploads\/2024\/05\/6-Hidroterapia.jpg","width":1620,"height":1080},{"@type":"BreadcrumbList","@id":"https:\/\/dev.93-93-113-41.plesk.page\/ca\/serveis\/aparell-digestiu\/hidroterapia-de-colon\/#breadcrumb","itemListElement":[{"@type":"ListItem","position":1,"name":"Serveis M\u00e8dics de Cl\u00ednica ServiDigest","item":"https:\/\/dev.93-93-113-41.plesk.page\/ca\/servicios\/"},{"@type":"ListItem","position":2,"name":"Aparell digestiu","item":"https:\/\/dev.93-93-113-41.plesk.page\/ca\/servicios\/aparato-digestivo\/"},{"@type":"ListItem","position":3,"name":"Hidroter\u00e0pia de C\u00f2lon"}]},{"@type":"WebSite","@id":"https:\/\/dev.93-93-113-41.plesk.page\/ca\/#website","url":"https:\/\/dev.93-93-113-41.plesk.page\/ca\/","name":"Servidigest","description":"","publisher":{"@id":"https:\/\/dev.93-93-113-41.plesk.page\/ca\/#organization"},"potentialAction":[{"@type":"SearchAction","target":{"@type":"EntryPoint","urlTemplate":"https:\/\/dev.93-93-113-41.plesk.page\/ca\/?s={search_term_string}"},"query-input":"required name=search_term_string"}],"inLanguage":"ca"},{"@type":"Organization","@id":"https:\/\/dev.93-93-113-41.plesk.page\/ca\/#organization","name":"Servidigest","url":"https:\/\/dev.93-93-113-41.plesk.page\/ca\/","logo":{"@type":"ImageObject","inLanguage":"ca","@id":"https:\/\/dev.93-93-113-41.plesk.page\/ca\/#\/schema\/logo\/image\/","url":"https:\/\/dev.93-93-113-41.plesk.page\/wp-content\/uploads\/2024\/01\/servidigest.png","contentUrl":"https:\/\/dev.93-93-113-41.plesk.page\/wp-content\/uploads\/2024\/01\/servidigest.png","width":808,"height":88,"caption":"Servidigest"},"image":{"@id":"https:\/\/dev.93-93-113-41.plesk.page\/ca\/#\/schema\/logo\/image\/"},"sameAs":["https:\/\/www.facebook.com\/servidigest","https:\/\/x.com\/servidigest"]}]}},"_links":{"self":[{"href":"https:\/\/dev.93-93-113-41.plesk.page\/ca\/wp-json\/wp\/v2\/pages\/754","targetHints":{"allow":["GET"]}}],"collection":[{"href":"https:\/\/dev.93-93-113-41.plesk.page\/ca\/wp-json\/wp\/v2\/pages"}],"about":[{"href":"https:\/\/dev.93-93-113-41.plesk.page\/ca\/wp-json\/wp\/v2\/types\/page"}],"author":[{"embeddable":true,"href":"https:\/\/dev.93-93-113-41.plesk.page\/ca\/wp-json\/wp\/v2\/users\/1"}],"replies":[{"embeddable":true,"href":"https:\/\/dev.93-93-113-41.plesk.page\/ca\/wp-json\/wp\/v2\/comments?post=754"}],"version-history":[{"count":3,"href":"https:\/\/dev.93-93-113-41.plesk.page\/ca\/wp-json\/wp\/v2\/pages\/754\/revisions"}],"predecessor-version":[{"id":40775,"href":"https:\/\/dev.93-93-113-41.plesk.page\/ca\/wp-json\/wp\/v2\/pages\/754\/revisions\/40775"}],"up":[{"embeddable":true,"href":"https:\/\/dev.93-93-113-41.plesk.page\/ca\/wp-json\/wp\/v2\/pages\/34536"}],"wp:featuredmedia":[{"embeddable":true,"href":"https:\/\/dev.93-93-113-41.plesk.page\/ca\/wp-json\/wp\/v2\/media\/39168"}],"wp:attachment":[{"href":"https:\/\/dev.93-93-113-41.plesk.page\/ca\/wp-json\/wp\/v2\/media?parent=754"}],"curies":[{"name":"wp","href":"https:\/\/api.w.org\/{rel}","templated":true}]}}