{"id":7539,"date":"2015-02-12T17:47:59","date_gmt":"2015-02-12T16:47:59","guid":{"rendered":"https:\/\/dev.93-93-113-41.plesk.page\/?page_id=7539"},"modified":"2024-02-26T17:10:51","modified_gmt":"2024-02-26T16:10:51","slug":"malaltia-per-reflux-gastroesofagic","status":"publish","type":"page","link":"https:\/\/dev.93-93-113-41.plesk.page\/ca\/serveis\/aparell-digestiu\/malaltia-per-reflux-gastroesofagic\/","title":{"rendered":"Malaltia per Reflux Gastroesof\u00e0gic"},"content":{"rendered":"<p>La Malaltia per Reflux gastroesof\u00e0gic \u00e9s una malaltia molt freq\u00fcent que afecta fins al 20% de la poblaci\u00f3, presentant-se quan hi ha reflux del contingut g\u00e0stric cap a l&#8217;es\u00f2fag, causant s\u00edmptomes\u00a0inc\u00f2modes en el pacient.<\/p>\n<p>Aquests s\u00edmptomes s\u00f3n la regurgitaci\u00f3 \u00e0cida o cremor retroesternal que sol alleujar-se amb tractament antisecretor. De vegades els pacients amb MRGE refereixen s\u00edmptomes at\u00edpics com singlot, n\u00e0usees, dolor tor\u00e0cic, sensaci\u00f3 de globus retroesternal o fins i tot tos seca, laringitis, o irritaci\u00f3 far\u00edngia.<\/p>\n<p>El diagn\u00f2stic d&#8217;aquesta malaltia pot establir-se mitjan\u00e7ant criteris cl\u00ednics,\u00a0malgrat que\u00a0de vegades\u00a0sol ser necessari rec\u00f3rrer a procediments diagn\u00f2stics complementaris com la gastrosc\u00f2pia i \/ o la ph-metria de 24 hores.<\/p>\n<p>La majoria de pacients solen presentar bona resposta al tractament farmacol\u00f2gic en combinaci\u00f3 amb canvis en l&#8217;estil de vida, sent nom\u00e9s necessari en casos seleccionats rec\u00f3rrer a tractaments endosc\u00f2pics o quir\u00fargics.<\/p>\n<p>\u00c9s important que davant els s\u00edmptomes de la Malaltia per Reflux Gastroesof\u00e0gic, sol\u00b7liciti una consulta amb un especialista en aparell digestiu per a un correcte diagn\u00f2stic i tractament d&#8217;aquesta malaltia.<\/p>\n<p>Cl\u00ednica ServiDigest disposa d&#8217;una unitat especialitzada en Gastroenterologia per a l&#8217;estudi i tractament d&#8217;aquesta patologia.<\/p>\n","protected":false},"excerpt":{"rendered":"<div class=\"mh-excerpt\"><p>La Malaltia per Reflux gastroesof\u00e0gic \u00e9s una malaltia molt freq\u00fcent que afecta fins al 20% de la poblaci\u00f3, presentant-se quan hi ha reflux del contingut g\u00e0stric cap a l&#8217;es\u00f2fag, causant s\u00edmptomes\u00a0inc\u00f2modes en el pacient. Aquests <a class=\"mh-excerpt-more\" href=\"https:\/\/dev.93-93-113-41.plesk.page\/ca\/serveis\/aparell-digestiu\/malaltia-per-reflux-gastroesofagic\/\" title=\"Malaltia per Reflux Gastroesof\u00e0gic\">[&#8230;]<\/a><\/p>\n<\/div>","protected":false},"author":1,"featured_media":40111,"parent":34536,"menu_order":12,"comment_status":"closed","ping_status":"closed","template":"","meta":{"footnotes":""},"class_list":["post-7539","page","type-page","status-publish","has-post-thumbnail"],"yoast_head":"<!-- This site is optimized with the Yoast SEO plugin v22.6 - https:\/\/yoast.com\/wordpress\/plugins\/seo\/ -->\n<title>Malaltia per Reflux Gastroesof\u00e0gic - Servidigest<\/title>\n<meta name=\"description\" content=\"Malaltia per Reflux Gastroesof\u00e0gic\" \/>\n<meta name=\"robots\" content=\"index, follow, max-snippet:-1, max-image-preview:large, max-video-preview:-1\" \/>\n<link rel=\"canonical\" href=\"https:\/\/dev.93-93-113-41.plesk.page\/ca\/serveis\/aparell-digestiu\/malaltia-per-reflux-gastroesofagic\/\" \/>\n<meta property=\"og:locale\" content=\"ca_ES\" \/>\n<meta property=\"og:type\" content=\"article\" \/>\n<meta property=\"og:title\" content=\"Malaltia per Reflux Gastroesof\u00e0gic - Servidigest\" \/>\n<meta property=\"og:description\" content=\"Malaltia per Reflux Gastroesof\u00e0gic\" \/>\n<meta property=\"og:url\" content=\"https:\/\/dev.93-93-113-41.plesk.page\/ca\/serveis\/aparell-digestiu\/malaltia-per-reflux-gastroesofagic\/\" \/>\n<meta property=\"og:site_name\" content=\"Servidigest\" \/>\n<meta property=\"article:publisher\" content=\"https:\/\/www.facebook.com\/servidigest\" \/>\n<meta property=\"article:modified_time\" content=\"2024-02-26T16:10:51+00:00\" \/>\n<meta property=\"og:image\" content=\"https:\/\/dev.93-93-113-41.plesk.page\/wp-content\/uploads\/2024\/05\/Aparato-Digestivo.jpg\" \/>\n\t<meta property=\"og:image:width\" content=\"768\" \/>\n\t<meta property=\"og:image:height\" content=\"327\" \/>\n\t<meta property=\"og:image:type\" content=\"image\/jpeg\" \/>\n<meta name=\"twitter:card\" content=\"summary_large_image\" \/>\n<meta name=\"twitter:site\" content=\"@servidigest\" \/>\n<meta name=\"twitter:label1\" content=\"Est. reading time\" \/>\n\t<meta name=\"twitter:data1\" content=\"1 minute\" \/>\n<script type=\"application\/ld+json\" class=\"yoast-schema-graph\">{\"@context\":\"https:\/\/schema.org\",\"@graph\":[{\"@type\":\"WebPage\",\"@id\":\"https:\/\/dev.93-93-113-41.plesk.page\/ca\/serveis\/aparell-digestiu\/malaltia-per-reflux-gastroesofagic\/\",\"url\":\"https:\/\/dev.93-93-113-41.plesk.page\/ca\/serveis\/aparell-digestiu\/malaltia-per-reflux-gastroesofagic\/\",\"name\":\"Malaltia per Reflux Gastroesof\u00e0gic - Servidigest\",\"isPartOf\":{\"@id\":\"https:\/\/dev.93-93-113-41.plesk.page\/ca\/#website\"},\"primaryImageOfPage\":{\"@id\":\"https:\/\/dev.93-93-113-41.plesk.page\/ca\/serveis\/aparell-digestiu\/malaltia-per-reflux-gastroesofagic\/#primaryimage\"},\"image\":{\"@id\":\"https:\/\/dev.93-93-113-41.plesk.page\/ca\/serveis\/aparell-digestiu\/malaltia-per-reflux-gastroesofagic\/#primaryimage\"},\"thumbnailUrl\":\"https:\/\/dev.93-93-113-41.plesk.page\/wp-content\/uploads\/2024\/05\/Aparato-Digestivo.jpg\",\"datePublished\":\"2015-02-12T16:47:59+00:00\",\"dateModified\":\"2024-02-26T16:10:51+00:00\",\"description\":\"Malaltia per Reflux Gastroesof\u00e0gic\",\"breadcrumb\":{\"@id\":\"https:\/\/dev.93-93-113-41.plesk.page\/ca\/serveis\/aparell-digestiu\/malaltia-per-reflux-gastroesofagic\/#breadcrumb\"},\"inLanguage\":\"ca\",\"potentialAction\":[{\"@type\":\"ReadAction\",\"target\":[\"https:\/\/dev.93-93-113-41.plesk.page\/ca\/serveis\/aparell-digestiu\/malaltia-per-reflux-gastroesofagic\/\"]}]},{\"@type\":\"ImageObject\",\"inLanguage\":\"ca\",\"@id\":\"https:\/\/dev.93-93-113-41.plesk.page\/ca\/serveis\/aparell-digestiu\/malaltia-per-reflux-gastroesofagic\/#primaryimage\",\"url\":\"https:\/\/dev.93-93-113-41.plesk.page\/wp-content\/uploads\/2024\/05\/Aparato-Digestivo.jpg\",\"contentUrl\":\"https:\/\/dev.93-93-113-41.plesk.page\/wp-content\/uploads\/2024\/05\/Aparato-Digestivo.jpg\",\"width\":768,\"height\":327},{\"@type\":\"BreadcrumbList\",\"@id\":\"https:\/\/dev.93-93-113-41.plesk.page\/ca\/serveis\/aparell-digestiu\/malaltia-per-reflux-gastroesofagic\/#breadcrumb\",\"itemListElement\":[{\"@type\":\"ListItem\",\"position\":1,\"name\":\"Serveis M\u00e8dics de Cl\u00ednica ServiDigest\",\"item\":\"https:\/\/dev.93-93-113-41.plesk.page\/ca\/servicios\/\"},{\"@type\":\"ListItem\",\"position\":2,\"name\":\"Aparell digestiu\",\"item\":\"https:\/\/dev.93-93-113-41.plesk.page\/ca\/servicios\/aparato-digestivo\/\"},{\"@type\":\"ListItem\",\"position\":3,\"name\":\"Malaltia per Reflux Gastroesof\u00e0gic\"}]},{\"@type\":\"WebSite\",\"@id\":\"https:\/\/dev.93-93-113-41.plesk.page\/ca\/#website\",\"url\":\"https:\/\/dev.93-93-113-41.plesk.page\/ca\/\",\"name\":\"Servidigest\",\"description\":\"\",\"publisher\":{\"@id\":\"https:\/\/dev.93-93-113-41.plesk.page\/ca\/#organization\"},\"potentialAction\":[{\"@type\":\"SearchAction\",\"target\":{\"@type\":\"EntryPoint\",\"urlTemplate\":\"https:\/\/dev.93-93-113-41.plesk.page\/ca\/?s={search_term_string}\"},\"query-input\":\"required name=search_term_string\"}],\"inLanguage\":\"ca\"},{\"@type\":\"Organization\",\"@id\":\"https:\/\/dev.93-93-113-41.plesk.page\/ca\/#organization\",\"name\":\"Servidigest\",\"url\":\"https:\/\/dev.93-93-113-41.plesk.page\/ca\/\",\"logo\":{\"@type\":\"ImageObject\",\"inLanguage\":\"ca\",\"@id\":\"https:\/\/dev.93-93-113-41.plesk.page\/ca\/#\/schema\/logo\/image\/\",\"url\":\"https:\/\/dev.93-93-113-41.plesk.page\/wp-content\/uploads\/2024\/01\/servidigest.png\",\"contentUrl\":\"https:\/\/dev.93-93-113-41.plesk.page\/wp-content\/uploads\/2024\/01\/servidigest.png\",\"width\":808,\"height\":88,\"caption\":\"Servidigest\"},\"image\":{\"@id\":\"https:\/\/dev.93-93-113-41.plesk.page\/ca\/#\/schema\/logo\/image\/\"},\"sameAs\":[\"https:\/\/www.facebook.com\/servidigest\",\"https:\/\/x.com\/servidigest\"]}]}<\/script>\n<!-- \/ Yoast SEO plugin. -->","yoast_head_json":{"title":"Malaltia per Reflux Gastroesof\u00e0gic - Servidigest","description":"Malaltia per Reflux Gastroesof\u00e0gic","robots":{"index":"index","follow":"follow","max-snippet":"max-snippet:-1","max-image-preview":"max-image-preview:large","max-video-preview":"max-video-preview:-1"},"canonical":"https:\/\/dev.93-93-113-41.plesk.page\/ca\/serveis\/aparell-digestiu\/malaltia-per-reflux-gastroesofagic\/","og_locale":"ca_ES","og_type":"article","og_title":"Malaltia per Reflux Gastroesof\u00e0gic - Servidigest","og_description":"Malaltia per Reflux Gastroesof\u00e0gic","og_url":"https:\/\/dev.93-93-113-41.plesk.page\/ca\/serveis\/aparell-digestiu\/malaltia-per-reflux-gastroesofagic\/","og_site_name":"Servidigest","article_publisher":"https:\/\/www.facebook.com\/servidigest","article_modified_time":"2024-02-26T16:10:51+00:00","og_image":[{"width":768,"height":327,"url":"https:\/\/dev.93-93-113-41.plesk.page\/wp-content\/uploads\/2024\/05\/Aparato-Digestivo.jpg","type":"image\/jpeg"}],"twitter_card":"summary_large_image","twitter_site":"@servidigest","twitter_misc":{"Est. reading time":"1 minute"},"schema":{"@context":"https:\/\/schema.org","@graph":[{"@type":"WebPage","@id":"https:\/\/dev.93-93-113-41.plesk.page\/ca\/serveis\/aparell-digestiu\/malaltia-per-reflux-gastroesofagic\/","url":"https:\/\/dev.93-93-113-41.plesk.page\/ca\/serveis\/aparell-digestiu\/malaltia-per-reflux-gastroesofagic\/","name":"Malaltia per Reflux Gastroesof\u00e0gic - Servidigest","isPartOf":{"@id":"https:\/\/dev.93-93-113-41.plesk.page\/ca\/#website"},"primaryImageOfPage":{"@id":"https:\/\/dev.93-93-113-41.plesk.page\/ca\/serveis\/aparell-digestiu\/malaltia-per-reflux-gastroesofagic\/#primaryimage"},"image":{"@id":"https:\/\/dev.93-93-113-41.plesk.page\/ca\/serveis\/aparell-digestiu\/malaltia-per-reflux-gastroesofagic\/#primaryimage"},"thumbnailUrl":"https:\/\/dev.93-93-113-41.plesk.page\/wp-content\/uploads\/2024\/05\/Aparato-Digestivo.jpg","datePublished":"2015-02-12T16:47:59+00:00","dateModified":"2024-02-26T16:10:51+00:00","description":"Malaltia per Reflux Gastroesof\u00e0gic","breadcrumb":{"@id":"https:\/\/dev.93-93-113-41.plesk.page\/ca\/serveis\/aparell-digestiu\/malaltia-per-reflux-gastroesofagic\/#breadcrumb"},"inLanguage":"ca","potentialAction":[{"@type":"ReadAction","target":["https:\/\/dev.93-93-113-41.plesk.page\/ca\/serveis\/aparell-digestiu\/malaltia-per-reflux-gastroesofagic\/"]}]},{"@type":"ImageObject","inLanguage":"ca","@id":"https:\/\/dev.93-93-113-41.plesk.page\/ca\/serveis\/aparell-digestiu\/malaltia-per-reflux-gastroesofagic\/#primaryimage","url":"https:\/\/dev.93-93-113-41.plesk.page\/wp-content\/uploads\/2024\/05\/Aparato-Digestivo.jpg","contentUrl":"https:\/\/dev.93-93-113-41.plesk.page\/wp-content\/uploads\/2024\/05\/Aparato-Digestivo.jpg","width":768,"height":327},{"@type":"BreadcrumbList","@id":"https:\/\/dev.93-93-113-41.plesk.page\/ca\/serveis\/aparell-digestiu\/malaltia-per-reflux-gastroesofagic\/#breadcrumb","itemListElement":[{"@type":"ListItem","position":1,"name":"Serveis M\u00e8dics de Cl\u00ednica ServiDigest","item":"https:\/\/dev.93-93-113-41.plesk.page\/ca\/servicios\/"},{"@type":"ListItem","position":2,"name":"Aparell digestiu","item":"https:\/\/dev.93-93-113-41.plesk.page\/ca\/servicios\/aparato-digestivo\/"},{"@type":"ListItem","position":3,"name":"Malaltia per Reflux Gastroesof\u00e0gic"}]},{"@type":"WebSite","@id":"https:\/\/dev.93-93-113-41.plesk.page\/ca\/#website","url":"https:\/\/dev.93-93-113-41.plesk.page\/ca\/","name":"Servidigest","description":"","publisher":{"@id":"https:\/\/dev.93-93-113-41.plesk.page\/ca\/#organization"},"potentialAction":[{"@type":"SearchAction","target":{"@type":"EntryPoint","urlTemplate":"https:\/\/dev.93-93-113-41.plesk.page\/ca\/?s={search_term_string}"},"query-input":"required name=search_term_string"}],"inLanguage":"ca"},{"@type":"Organization","@id":"https:\/\/dev.93-93-113-41.plesk.page\/ca\/#organization","name":"Servidigest","url":"https:\/\/dev.93-93-113-41.plesk.page\/ca\/","logo":{"@type":"ImageObject","inLanguage":"ca","@id":"https:\/\/dev.93-93-113-41.plesk.page\/ca\/#\/schema\/logo\/image\/","url":"https:\/\/dev.93-93-113-41.plesk.page\/wp-content\/uploads\/2024\/01\/servidigest.png","contentUrl":"https:\/\/dev.93-93-113-41.plesk.page\/wp-content\/uploads\/2024\/01\/servidigest.png","width":808,"height":88,"caption":"Servidigest"},"image":{"@id":"https:\/\/dev.93-93-113-41.plesk.page\/ca\/#\/schema\/logo\/image\/"},"sameAs":["https:\/\/www.facebook.com\/servidigest","https:\/\/x.com\/servidigest"]}]}},"_links":{"self":[{"href":"https:\/\/dev.93-93-113-41.plesk.page\/ca\/wp-json\/wp\/v2\/pages\/7539","targetHints":{"allow":["GET"]}}],"collection":[{"href":"https:\/\/dev.93-93-113-41.plesk.page\/ca\/wp-json\/wp\/v2\/pages"}],"about":[{"href":"https:\/\/dev.93-93-113-41.plesk.page\/ca\/wp-json\/wp\/v2\/types\/page"}],"author":[{"embeddable":true,"href":"https:\/\/dev.93-93-113-41.plesk.page\/ca\/wp-json\/wp\/v2\/users\/1"}],"replies":[{"embeddable":true,"href":"https:\/\/dev.93-93-113-41.plesk.page\/ca\/wp-json\/wp\/v2\/comments?post=7539"}],"version-history":[{"count":1,"href":"https:\/\/dev.93-93-113-41.plesk.page\/ca\/wp-json\/wp\/v2\/pages\/7539\/revisions"}],"predecessor-version":[{"id":34786,"href":"https:\/\/dev.93-93-113-41.plesk.page\/ca\/wp-json\/wp\/v2\/pages\/7539\/revisions\/34786"}],"up":[{"embeddable":true,"href":"https:\/\/dev.93-93-113-41.plesk.page\/ca\/wp-json\/wp\/v2\/pages\/34536"}],"wp:featuredmedia":[{"embeddable":true,"href":"https:\/\/dev.93-93-113-41.plesk.page\/ca\/wp-json\/wp\/v2\/media\/40111"}],"wp:attachment":[{"href":"https:\/\/dev.93-93-113-41.plesk.page\/ca\/wp-json\/wp\/v2\/media?parent=7539"}],"curies":[{"name":"wp","href":"https:\/\/api.w.org\/{rel}","templated":true}]}}