{"id":7498,"date":"2015-02-11T18:22:40","date_gmt":"2015-02-11T17:22:40","guid":{"rendered":"https:\/\/dev.93-93-113-41.plesk.page\/?page_id=7498"},"modified":"2024-06-03T11:53:20","modified_gmt":"2024-06-03T09:53:20","slug":"estudi-genetic-preventiu","status":"publish","type":"page","link":"https:\/\/dev.93-93-113-41.plesk.page\/ca\/serveis\/estudi-genetic-preventiu\/","title":{"rendered":"Estudi Gen\u00e8tic Preventiu"},"content":{"rendered":"<p>Cl\u00ednica ServiDigest disposa d&#8217;una Unitat de Gen\u00e8tica per informar, seleccionar, fomentar i desenvolupar els estudis gen\u00e8tics que permetin aplicar als nostres pacients el tractament preventiu i personalitzat m\u00e9s adequat per combatre les malalties digestives, metab\u00f2liques i cardiovasculars.<\/p>\n<div class=\"mh-row\">\n<div class=\"mh-col-1-2 especialidades-block\"><a href=\"https:\/\/dev.93-93-113-41.plesk.page\/ca\/serveis\/estudi-genetic-preventiu\/cardio-incode\/\">Estudi Gen\u00e8tic Cardio InCode<\/a><\/div>\n<div class=\"mh-col-1-2 especialidades-block\"><a href=\"https:\/\/dev.93-93-113-41.plesk.page\/ca\/serveis\/estudi-genetic-preventiu\/lipid-incode\/\">Estudi Gen\u00e8tic Lipid InCode<\/a><\/div>\n<\/div>\n<div class=\"mh-row\">\n<div class=\"mh-col-1-2 especialidades-block\"><a href=\"https:\/\/dev.93-93-113-41.plesk.page\/ca\/serveis\/estudi-genetic-preventiu\/nutri-incode\/\">Estudi Gen\u00e8tic Nutri InCode<\/a><\/div>\n<\/div>\n<div class=\"clearfix\"><\/div>\n<p>Hem de\u00a0situar e identificar\u00a0la <strong>prevenci\u00f3<\/strong> com una de les grans eines de qu\u00e8 disposem per combatre les malalties, fer un diagn\u00f2stic preco\u00e7 de les mateixes i\u00a0aplicar el millor i m\u00e9s adequat tractament.<\/p>\n<p>Amb la creaci\u00f3 d&#8217;aquesta Unitat, Cl\u00ednica ServiDigest incorpora de nou la tecnologia m\u00e9s avan\u00e7ada per al tractament dels seus pacients.<\/p>\n","protected":false},"excerpt":{"rendered":"<div class=\"mh-excerpt\"><p>Cl\u00ednica ServiDigest disposa d&#8217;una Unitat de Gen\u00e8tica per informar, seleccionar, fomentar i desenvolupar els estudis gen\u00e8tics que permetin aplicar als nostres pacients el tractament preventiu i personalitzat m\u00e9s adequat per combatre les malalties digestives, metab\u00f2liques <a class=\"mh-excerpt-more\" href=\"https:\/\/dev.93-93-113-41.plesk.page\/ca\/serveis\/estudi-genetic-preventiu\/\" title=\"Estudi Gen\u00e8tic Preventiu\">[&#8230;]<\/a><\/p>\n<\/div>","protected":false},"author":1,"featured_media":0,"parent":36232,"menu_order":24,"comment_status":"closed","ping_status":"closed","template":"","meta":{"footnotes":""},"class_list":["post-7498","page","type-page","status-publish"],"yoast_head":"<!-- This site is optimized with the Yoast SEO plugin v22.6 - https:\/\/yoast.com\/wordpress\/plugins\/seo\/ -->\n<title>Estudi Gen\u00e8tic Preventiu - Servidigest<\/title>\n<meta name=\"description\" content=\"Estudi gen\u00e8tic preventiu permet aplicar als nostres pacients el tractament preventiu i personalitzat m\u00e9s adequat per combatre les malalties digestives, metab\u00f2liques i cardiovasculars.\" \/>\n<meta name=\"robots\" content=\"index, follow, max-snippet:-1, max-image-preview:large, max-video-preview:-1\" \/>\n<link rel=\"canonical\" href=\"https:\/\/dev.93-93-113-41.plesk.page\/ca\/serveis\/estudi-genetic-preventiu\/\" \/>\n<meta property=\"og:locale\" content=\"ca_ES\" \/>\n<meta property=\"og:type\" content=\"article\" \/>\n<meta property=\"og:title\" content=\"Estudi Gen\u00e8tic Preventiu - Servidigest\" \/>\n<meta property=\"og:description\" content=\"Estudi gen\u00e8tic preventiu permet aplicar als nostres pacients el tractament preventiu i personalitzat m\u00e9s adequat per combatre les malalties digestives, metab\u00f2liques i cardiovasculars.\" \/>\n<meta property=\"og:url\" content=\"https:\/\/dev.93-93-113-41.plesk.page\/ca\/serveis\/estudi-genetic-preventiu\/\" \/>\n<meta property=\"og:site_name\" content=\"Servidigest\" \/>\n<meta property=\"article:publisher\" content=\"https:\/\/www.facebook.com\/servidigest\" \/>\n<meta property=\"article:modified_time\" content=\"2024-06-03T09:53:20+00:00\" \/>\n<meta name=\"twitter:card\" content=\"summary_large_image\" \/>\n<meta name=\"twitter:site\" content=\"@servidigest\" \/>\n<meta name=\"twitter:label1\" content=\"Est. reading time\" \/>\n\t<meta name=\"twitter:data1\" content=\"1 minute\" \/>\n<script type=\"application\/ld+json\" class=\"yoast-schema-graph\">{\"@context\":\"https:\/\/schema.org\",\"@graph\":[{\"@type\":\"WebPage\",\"@id\":\"https:\/\/dev.93-93-113-41.plesk.page\/ca\/serveis\/estudi-genetic-preventiu\/\",\"url\":\"https:\/\/dev.93-93-113-41.plesk.page\/ca\/serveis\/estudi-genetic-preventiu\/\",\"name\":\"Estudi Gen\u00e8tic Preventiu - Servidigest\",\"isPartOf\":{\"@id\":\"https:\/\/dev.93-93-113-41.plesk.page\/ca\/#website\"},\"datePublished\":\"2015-02-11T17:22:40+00:00\",\"dateModified\":\"2024-06-03T09:53:20+00:00\",\"description\":\"Estudi gen\u00e8tic preventiu permet aplicar als nostres pacients el tractament preventiu i personalitzat m\u00e9s adequat per combatre les malalties digestives, metab\u00f2liques i cardiovasculars.\",\"breadcrumb\":{\"@id\":\"https:\/\/dev.93-93-113-41.plesk.page\/ca\/serveis\/estudi-genetic-preventiu\/#breadcrumb\"},\"inLanguage\":\"ca\",\"potentialAction\":[{\"@type\":\"ReadAction\",\"target\":[\"https:\/\/dev.93-93-113-41.plesk.page\/ca\/serveis\/estudi-genetic-preventiu\/\"]}]},{\"@type\":\"BreadcrumbList\",\"@id\":\"https:\/\/dev.93-93-113-41.plesk.page\/ca\/serveis\/estudi-genetic-preventiu\/#breadcrumb\",\"itemListElement\":[{\"@type\":\"ListItem\",\"position\":1,\"name\":\"Serveis M\u00e8dics de Cl\u00ednica ServiDigest\",\"item\":\"https:\/\/dev.93-93-113-41.plesk.page\/ca\/servicios\/\"},{\"@type\":\"ListItem\",\"position\":2,\"name\":\"Estudi Gen\u00e8tic Preventiu\"}]},{\"@type\":\"WebSite\",\"@id\":\"https:\/\/dev.93-93-113-41.plesk.page\/ca\/#website\",\"url\":\"https:\/\/dev.93-93-113-41.plesk.page\/ca\/\",\"name\":\"Servidigest\",\"description\":\"\",\"publisher\":{\"@id\":\"https:\/\/dev.93-93-113-41.plesk.page\/ca\/#organization\"},\"potentialAction\":[{\"@type\":\"SearchAction\",\"target\":{\"@type\":\"EntryPoint\",\"urlTemplate\":\"https:\/\/dev.93-93-113-41.plesk.page\/ca\/?s={search_term_string}\"},\"query-input\":\"required name=search_term_string\"}],\"inLanguage\":\"ca\"},{\"@type\":\"Organization\",\"@id\":\"https:\/\/dev.93-93-113-41.plesk.page\/ca\/#organization\",\"name\":\"Servidigest\",\"url\":\"https:\/\/dev.93-93-113-41.plesk.page\/ca\/\",\"logo\":{\"@type\":\"ImageObject\",\"inLanguage\":\"ca\",\"@id\":\"https:\/\/dev.93-93-113-41.plesk.page\/ca\/#\/schema\/logo\/image\/\",\"url\":\"https:\/\/dev.93-93-113-41.plesk.page\/wp-content\/uploads\/2024\/01\/servidigest.png\",\"contentUrl\":\"https:\/\/dev.93-93-113-41.plesk.page\/wp-content\/uploads\/2024\/01\/servidigest.png\",\"width\":808,\"height\":88,\"caption\":\"Servidigest\"},\"image\":{\"@id\":\"https:\/\/dev.93-93-113-41.plesk.page\/ca\/#\/schema\/logo\/image\/\"},\"sameAs\":[\"https:\/\/www.facebook.com\/servidigest\",\"https:\/\/x.com\/servidigest\"]}]}<\/script>\n<!-- \/ Yoast SEO plugin. -->","yoast_head_json":{"title":"Estudi Gen\u00e8tic Preventiu - Servidigest","description":"Estudi gen\u00e8tic preventiu permet aplicar als nostres pacients el tractament preventiu i personalitzat m\u00e9s adequat per combatre les malalties digestives, metab\u00f2liques i cardiovasculars.","robots":{"index":"index","follow":"follow","max-snippet":"max-snippet:-1","max-image-preview":"max-image-preview:large","max-video-preview":"max-video-preview:-1"},"canonical":"https:\/\/dev.93-93-113-41.plesk.page\/ca\/serveis\/estudi-genetic-preventiu\/","og_locale":"ca_ES","og_type":"article","og_title":"Estudi Gen\u00e8tic Preventiu - Servidigest","og_description":"Estudi gen\u00e8tic preventiu permet aplicar als nostres pacients el tractament preventiu i personalitzat m\u00e9s adequat per combatre les malalties digestives, metab\u00f2liques i cardiovasculars.","og_url":"https:\/\/dev.93-93-113-41.plesk.page\/ca\/serveis\/estudi-genetic-preventiu\/","og_site_name":"Servidigest","article_publisher":"https:\/\/www.facebook.com\/servidigest","article_modified_time":"2024-06-03T09:53:20+00:00","twitter_card":"summary_large_image","twitter_site":"@servidigest","twitter_misc":{"Est. reading time":"1 minute"},"schema":{"@context":"https:\/\/schema.org","@graph":[{"@type":"WebPage","@id":"https:\/\/dev.93-93-113-41.plesk.page\/ca\/serveis\/estudi-genetic-preventiu\/","url":"https:\/\/dev.93-93-113-41.plesk.page\/ca\/serveis\/estudi-genetic-preventiu\/","name":"Estudi Gen\u00e8tic Preventiu - Servidigest","isPartOf":{"@id":"https:\/\/dev.93-93-113-41.plesk.page\/ca\/#website"},"datePublished":"2015-02-11T17:22:40+00:00","dateModified":"2024-06-03T09:53:20+00:00","description":"Estudi gen\u00e8tic preventiu permet aplicar als nostres pacients el tractament preventiu i personalitzat m\u00e9s adequat per combatre les malalties digestives, metab\u00f2liques i cardiovasculars.","breadcrumb":{"@id":"https:\/\/dev.93-93-113-41.plesk.page\/ca\/serveis\/estudi-genetic-preventiu\/#breadcrumb"},"inLanguage":"ca","potentialAction":[{"@type":"ReadAction","target":["https:\/\/dev.93-93-113-41.plesk.page\/ca\/serveis\/estudi-genetic-preventiu\/"]}]},{"@type":"BreadcrumbList","@id":"https:\/\/dev.93-93-113-41.plesk.page\/ca\/serveis\/estudi-genetic-preventiu\/#breadcrumb","itemListElement":[{"@type":"ListItem","position":1,"name":"Serveis M\u00e8dics de Cl\u00ednica ServiDigest","item":"https:\/\/dev.93-93-113-41.plesk.page\/ca\/servicios\/"},{"@type":"ListItem","position":2,"name":"Estudi Gen\u00e8tic Preventiu"}]},{"@type":"WebSite","@id":"https:\/\/dev.93-93-113-41.plesk.page\/ca\/#website","url":"https:\/\/dev.93-93-113-41.plesk.page\/ca\/","name":"Servidigest","description":"","publisher":{"@id":"https:\/\/dev.93-93-113-41.plesk.page\/ca\/#organization"},"potentialAction":[{"@type":"SearchAction","target":{"@type":"EntryPoint","urlTemplate":"https:\/\/dev.93-93-113-41.plesk.page\/ca\/?s={search_term_string}"},"query-input":"required name=search_term_string"}],"inLanguage":"ca"},{"@type":"Organization","@id":"https:\/\/dev.93-93-113-41.plesk.page\/ca\/#organization","name":"Servidigest","url":"https:\/\/dev.93-93-113-41.plesk.page\/ca\/","logo":{"@type":"ImageObject","inLanguage":"ca","@id":"https:\/\/dev.93-93-113-41.plesk.page\/ca\/#\/schema\/logo\/image\/","url":"https:\/\/dev.93-93-113-41.plesk.page\/wp-content\/uploads\/2024\/01\/servidigest.png","contentUrl":"https:\/\/dev.93-93-113-41.plesk.page\/wp-content\/uploads\/2024\/01\/servidigest.png","width":808,"height":88,"caption":"Servidigest"},"image":{"@id":"https:\/\/dev.93-93-113-41.plesk.page\/ca\/#\/schema\/logo\/image\/"},"sameAs":["https:\/\/www.facebook.com\/servidigest","https:\/\/x.com\/servidigest"]}]}},"_links":{"self":[{"href":"https:\/\/dev.93-93-113-41.plesk.page\/ca\/wp-json\/wp\/v2\/pages\/7498","targetHints":{"allow":["GET"]}}],"collection":[{"href":"https:\/\/dev.93-93-113-41.plesk.page\/ca\/wp-json\/wp\/v2\/pages"}],"about":[{"href":"https:\/\/dev.93-93-113-41.plesk.page\/ca\/wp-json\/wp\/v2\/types\/page"}],"author":[{"embeddable":true,"href":"https:\/\/dev.93-93-113-41.plesk.page\/ca\/wp-json\/wp\/v2\/users\/1"}],"replies":[{"embeddable":true,"href":"https:\/\/dev.93-93-113-41.plesk.page\/ca\/wp-json\/wp\/v2\/comments?post=7498"}],"version-history":[{"count":4,"href":"https:\/\/dev.93-93-113-41.plesk.page\/ca\/wp-json\/wp\/v2\/pages\/7498\/revisions"}],"predecessor-version":[{"id":40849,"href":"https:\/\/dev.93-93-113-41.plesk.page\/ca\/wp-json\/wp\/v2\/pages\/7498\/revisions\/40849"}],"up":[{"embeddable":true,"href":"https:\/\/dev.93-93-113-41.plesk.page\/ca\/wp-json\/wp\/v2\/pages\/36232"}],"wp:attachment":[{"href":"https:\/\/dev.93-93-113-41.plesk.page\/ca\/wp-json\/wp\/v2\/media?parent=7498"}],"curies":[{"name":"wp","href":"https:\/\/api.w.org\/{rel}","templated":true}]}}