{"id":7399,"date":"2015-01-21T20:37:52","date_gmt":"2015-01-21T19:37:52","guid":{"rendered":"https:\/\/dev.93-93-113-41.plesk.page\/?page_id=7399"},"modified":"2024-05-22T11:14:30","modified_gmt":"2024-05-22T09:14:30","slug":"fibroscan","status":"publish","type":"page","link":"https:\/\/dev.93-93-113-41.plesk.page\/ca\/serveis\/ecografia-i-elastografia\/fibroscan\/","title":{"rendered":"FibroScan 502 Touch-CAP"},"content":{"rendered":"<p>Cl\u00ednica ServiDigest disposa d&#8217;un Departament medicoquir\u00fargic d&#8217;Aparell Digestiu amb una Unitat especialitzada en Hepatologia per a la <strong>prevenci\u00f3, estudi i tractament de les malalties hep\u00e0tiques<\/strong>.<\/p>\n<h2>Qu\u00e8 \u00e9s el FibroScan CAP\u00ae?<\/h2>\n<p>L&#8217;<strong>Elastografia de Transici\u00f3<\/strong> (FibroScan CAP\u00ae) \u00e9s una t\u00e8cnica avan\u00e7ada amb la que es pot <strong>quantificar l&#8217;elasticitat del fetge<\/strong>, el que \u00e9s un reflex del grau de rigidesa o <strong>fibrosi hep\u00e0tica<\/strong>.<\/p>\n<p>\u00c9s un m\u00e8tode no invasiu, indolor i reprodu\u00efble que proporciona informaci\u00f3 \u00fatil per <strong>prendre decisions<\/strong> respecte al tractament, seguiment o pron\u00f2stic a curt o llarg termini d&#8217;una <strong>malaltia hep\u00e0tica determinada<\/strong>.<\/p>\n<p>Valora un volum de teixit 100 vegades superior al de la bi\u00f2psia hep\u00e0tica. En mancar de complicacions, el FibroScan CAP\u00ae pot repetir-se per fer un seguiment de les malalties hep\u00e0tiques.<\/p>\n<p>El CAP (Coeficient Attenuated Parameter) \u00e9s el par\u00e0metre d&#8217;atenuaci\u00f3 controlat. Es realitza al mateix temps que la elastograf\u00eda de transici\u00f3 i serveix per <strong>quantificar el percentatge d&#8217;infiltraci\u00f3 grassa del fetge<\/strong> (<a href=\"\/?page_id=8764\">Esteatosi hep\u00e0tica<\/a>).<\/p>\n<h2>Com es realitza el FibroScan? Preparaci\u00f3<\/h2>\n<p>El pacient ha d&#8217;acudir <strong>en dej\u00fa i sense fumar des de 3 hores abans<\/strong> de l&#8217;exploraci\u00f3.<\/p>\n<p>El seu metge li demanar\u00e0 que es recolzi sobre una llitera en posici\u00f3 horitzontal amb la mirada cap amunt i que posicioni la seva m\u00e0 dreta sota del seu cap.<\/p>\n<p>Sobre la part inferior del costat dret del t\u00f2rax es col\u2022locar\u00e0 una sonda que pot ser est\u00e0ndard (M) o gran-sobrep\u00e8s (XL), segons les caracter\u00edstiques de cada pacient. Aquestes sondes porten acoblades en la seva punta un ultras\u00f2 que mesura la velocitat de propagaci\u00f3 d&#8217;una ona el\u00e0stica pr\u00e8viament produ\u00efda per un pols mec\u00e0nic, el qual sentir\u00e0 en la forma d&#8217;una lleu pressi\u00f3 sobre la pell, que no produeix dolor.<\/p>\n<p>El seu metge revisar\u00e0 els resultats dels mesuraments en una pantalla i valorar\u00e0 si la prova \u00e9s v\u00e0lida.<\/p>\n<h2>Hi ha alguna contraindicaci\u00f3 per realitzar un FibroScan?<\/h2>\n<p>El FibroScan CAP\u00ae est\u00e0 contraindicat en <strong>dones embarassades<\/strong> i en pacients portadors de <strong>marcapassos<\/strong> i \/ o <strong>desfibril\u2022lador card\u00edac<\/strong>, o altres dispositius implantats actius, i en el cas de presentar ascites (l\u00edquid en la cavitat abdominal) que podria impedir l&#8217;obtenci\u00f3 d&#8217;amidaments v\u00e0lides.<\/p>\n<h2>Puc presentar algun efecte secundari posterior a la prova?<\/h2>\n<p>El FibroScan CAP\u00ae no produeix radiaci\u00f3 ni pot arribar a produir cap efecte secundari.<\/p>\n<h2>Quan est\u00e0 indicat la realitzaci\u00f3 d&#8217;un FibroScan CAP\u00ae?<\/h2>\n<p>El FibroScan CAP\u00ae est\u00e0 indicat per a l&#8217;<strong>estudi i la quantificaci\u00f3 del grau de fibrosi i infiltraci\u00f3 grassa<\/strong> de les malalties hep\u00e0tiques:<\/p>\n<p>\u2022 <a href=\"\/?page_id=8741\">Hepatitis C Cr\u00f2nica<\/a> (VHC)<br \/>\n\u2022 <a href=\"\/?page_id=8748\">Hepatitis B Cr\u00f2nica<\/a> (VHB)<br \/>\n\u2022 <a href=\"\/?page_id=8768\">Esteatosi o Malaltia Hep\u00e0tica Alcoh\u00f2lica<\/a> (EHA)<br \/>\n\u2022 <a href=\"\/?page_id=8764\">Esteatosi Hep\u00e0tica No Alcoh\u00f2lica<\/a> (EHNA)<br \/>\n\u2022 <a href=\"\/?page_id=8774\">Hepatitis Autoimmune<\/a> (HAI)<br \/>\n\u2022 Malalties biliars<br \/>\na. <a href=\"\/?page_id=8753\">Cirrosi Biliar Prim\u00e0ria<\/a> (CBP)<br \/>\nb. <a href=\"\/?page_id=8755\">Colangitis esclerosant prim\u00e0ria<\/a> (CEP)<\/p>\n<h2>On em puc realitzar un FibroScan CAP\u00ae?<\/h2>\n<p>Cl\u00ednica\u00a0ServiDigest disposa d&#8217;un Servei de FibroScan CAP, amb la tecnologia m\u00e9s avan\u00e7ada 502 Touch-CAP que incorpora els dos tipus de sondes M i XL, per a la realitzaci\u00f3 d&#8217;aquests estudis especialitzats de les malalties hep\u00e0tiques.<\/p>\n<h2>Quin \u00e9s el preu del FibroScan CAP\u00ae?<\/h2>\n<div class=\"woocommerce \"><ul class=\"products columns-4\">\n<li class=\"product type-product post-38366 status-publish first instock product_cat-proves-mediques has-post-thumbnail virtual purchasable product-type-simple\">\n\t<a href=\"https:\/\/dev.93-93-113-41.plesk.page\/ca\/producte\/fibroscan-cap\/\" class=\"woocommerce-LoopProduct-link woocommerce-loop-product__link\"><img fetchpriority=\"high\" decoding=\"async\" width=\"300\" height=\"300\" src=\"https:\/\/dev.93-93-113-41.plesk.page\/wp-content\/uploads\/2016\/02\/comprar-fibroscan-cap-1-300x300.jpg\" class=\"attachment-woocommerce_thumbnail size-woocommerce_thumbnail\" alt=\"Comprar Fibroscan &amp; Cap\" srcset=\"https:\/\/dev.93-93-113-41.plesk.page\/wp-content\/uploads\/2016\/02\/comprar-fibroscan-cap-1-300x300.jpg 300w, https:\/\/dev.93-93-113-41.plesk.page\/wp-content\/uploads\/2016\/02\/comprar-fibroscan-cap-1-100x100.jpg 100w, https:\/\/dev.93-93-113-41.plesk.page\/wp-content\/uploads\/2016\/02\/comprar-fibroscan-cap-1-150x150.jpg 150w\" sizes=\"(max-width: 300px) 100vw, 300px\" \/><h2 class=\"woocommerce-loop-product__title\">Fibroscan &amp; Cap<\/h2>\n\t<span class=\"price\"><span class=\"woocommerce-Price-amount amount\"><bdi>250,00&nbsp;<span class=\"woocommerce-Price-currencySymbol\">&euro;<\/span><\/bdi><\/span><\/span>\n<\/a><a href=\"?add-to-cart=38366\" data-quantity=\"1\" class=\"button product_type_simple add_to_cart_button ajax_add_to_cart\" data-product_id=\"38366\" data-product_sku=\"FIBROSCAN-CAP\" aria-label=\"Add to cart: &ldquo;Fibroscan &amp; Cap&rdquo;\" aria-describedby=\"\" rel=\"nofollow\">Afegeix a la cistella<\/a><\/li>\n<\/ul>\n<\/div>\n<h3>V\u00eddeos sobre el FibroScan<\/h3>\n<p><iframe title=\"FibroScan per avaluar les malalties hep\u00e0tiques - Cl\u00ednica ServiDigest - Barcelona\" width=\"500\" height=\"281\" src=\"https:\/\/www.youtube.com\/embed\/WuqK_IqmyHw?feature=oembed\" frameborder=\"0\" allow=\"accelerometer; autoplay; clipboard-write; encrypted-media; gyroscope; picture-in-picture; web-share\" referrerpolicy=\"strict-origin-when-cross-origin\" allowfullscreen><\/iframe><\/p>\n","protected":false},"excerpt":{"rendered":"<div class=\"mh-excerpt\"><p>Cl\u00ednica ServiDigest disposa d&#8217;un Departament medicoquir\u00fargic d&#8217;Aparell Digestiu amb una Unitat especialitzada en Hepatologia per a la prevenci\u00f3, estudi i tractament de les malalties hep\u00e0tiques. Qu\u00e8 \u00e9s el FibroScan CAP\u00ae? L&#8217;Elastografia de Transici\u00f3 (FibroScan CAP\u00ae) <a class=\"mh-excerpt-more\" href=\"https:\/\/dev.93-93-113-41.plesk.page\/ca\/serveis\/ecografia-i-elastografia\/fibroscan\/\" title=\"FibroScan 502 Touch-CAP\">[&#8230;]<\/a><\/p>\n<\/div>","protected":false},"author":1,"featured_media":0,"parent":36472,"menu_order":10,"comment_status":"closed","ping_status":"closed","template":"","meta":{"footnotes":""},"class_list":["post-7399","page","type-page","status-publish"],"yoast_head":"<!-- This site is optimized with the Yoast SEO plugin v22.6 - https:\/\/yoast.com\/wordpress\/plugins\/seo\/ -->\n<title>FibroScan 502 Touch-CAP - Servidigest<\/title>\n<meta name=\"description\" content=\"El FibroScan 502 Touch \u00e9s un dispositiu m\u00e8dic d&#039;\u00faltima generaci\u00f3 que utilitza la tecnologia NO INVASIVA m\u00e9s avan\u00e7ada.\" \/>\n<meta name=\"robots\" content=\"index, follow, max-snippet:-1, max-image-preview:large, max-video-preview:-1\" \/>\n<link rel=\"canonical\" href=\"https:\/\/dev.93-93-113-41.plesk.page\/ca\/serveis\/ecografia-i-elastografia\/fibroscan\/\" \/>\n<meta property=\"og:locale\" content=\"ca_ES\" \/>\n<meta property=\"og:type\" content=\"article\" \/>\n<meta property=\"og:title\" content=\"FibroScan 502 Touch-CAP - Servidigest\" \/>\n<meta property=\"og:description\" content=\"El FibroScan 502 Touch \u00e9s un dispositiu m\u00e8dic d&#039;\u00faltima generaci\u00f3 que utilitza la tecnologia NO INVASIVA m\u00e9s avan\u00e7ada.\" \/>\n<meta property=\"og:url\" content=\"https:\/\/dev.93-93-113-41.plesk.page\/ca\/serveis\/ecografia-i-elastografia\/fibroscan\/\" \/>\n<meta property=\"og:site_name\" content=\"Servidigest\" \/>\n<meta property=\"article:publisher\" content=\"https:\/\/www.facebook.com\/servidigest\" \/>\n<meta property=\"article:modified_time\" content=\"2024-05-22T09:14:30+00:00\" \/>\n<meta name=\"twitter:card\" content=\"summary_large_image\" \/>\n<meta name=\"twitter:site\" content=\"@servidigest\" \/>\n<meta name=\"twitter:label1\" content=\"Est. reading time\" \/>\n\t<meta name=\"twitter:data1\" content=\"3 minutes\" \/>\n<script type=\"application\/ld+json\" class=\"yoast-schema-graph\">{\"@context\":\"https:\/\/schema.org\",\"@graph\":[{\"@type\":\"WebPage\",\"@id\":\"https:\/\/dev.93-93-113-41.plesk.page\/ca\/serveis\/ecografia-i-elastografia\/fibroscan\/\",\"url\":\"https:\/\/dev.93-93-113-41.plesk.page\/ca\/serveis\/ecografia-i-elastografia\/fibroscan\/\",\"name\":\"FibroScan 502 Touch-CAP - Servidigest\",\"isPartOf\":{\"@id\":\"https:\/\/dev.93-93-113-41.plesk.page\/ca\/#website\"},\"datePublished\":\"2015-01-21T19:37:52+00:00\",\"dateModified\":\"2024-05-22T09:14:30+00:00\",\"description\":\"El FibroScan 502 Touch \u00e9s un dispositiu m\u00e8dic d'\u00faltima generaci\u00f3 que utilitza la tecnologia NO INVASIVA m\u00e9s avan\u00e7ada.\",\"breadcrumb\":{\"@id\":\"https:\/\/dev.93-93-113-41.plesk.page\/ca\/serveis\/ecografia-i-elastografia\/fibroscan\/#breadcrumb\"},\"inLanguage\":\"ca\",\"potentialAction\":[{\"@type\":\"ReadAction\",\"target\":[\"https:\/\/dev.93-93-113-41.plesk.page\/ca\/serveis\/ecografia-i-elastografia\/fibroscan\/\"]}]},{\"@type\":\"BreadcrumbList\",\"@id\":\"https:\/\/dev.93-93-113-41.plesk.page\/ca\/serveis\/ecografia-i-elastografia\/fibroscan\/#breadcrumb\",\"itemListElement\":[{\"@type\":\"ListItem\",\"position\":1,\"name\":\"Serveis M\u00e8dics de Cl\u00ednica ServiDigest\",\"item\":\"https:\/\/dev.93-93-113-41.plesk.page\/ca\/servicios\/\"},{\"@type\":\"ListItem\",\"position\":2,\"name\":\"Ecografia i Elastografia\",\"item\":\"https:\/\/dev.93-93-113-41.plesk.page\/ca\/serveis\/ecografia-i-elastografia\/\"},{\"@type\":\"ListItem\",\"position\":3,\"name\":\"FibroScan 502 Touch-CAP\"}]},{\"@type\":\"WebSite\",\"@id\":\"https:\/\/dev.93-93-113-41.plesk.page\/ca\/#website\",\"url\":\"https:\/\/dev.93-93-113-41.plesk.page\/ca\/\",\"name\":\"Servidigest\",\"description\":\"\",\"publisher\":{\"@id\":\"https:\/\/dev.93-93-113-41.plesk.page\/ca\/#organization\"},\"potentialAction\":[{\"@type\":\"SearchAction\",\"target\":{\"@type\":\"EntryPoint\",\"urlTemplate\":\"https:\/\/dev.93-93-113-41.plesk.page\/ca\/?s={search_term_string}\"},\"query-input\":\"required name=search_term_string\"}],\"inLanguage\":\"ca\"},{\"@type\":\"Organization\",\"@id\":\"https:\/\/dev.93-93-113-41.plesk.page\/ca\/#organization\",\"name\":\"Servidigest\",\"url\":\"https:\/\/dev.93-93-113-41.plesk.page\/ca\/\",\"logo\":{\"@type\":\"ImageObject\",\"inLanguage\":\"ca\",\"@id\":\"https:\/\/dev.93-93-113-41.plesk.page\/ca\/#\/schema\/logo\/image\/\",\"url\":\"https:\/\/dev.93-93-113-41.plesk.page\/wp-content\/uploads\/2024\/01\/servidigest.png\",\"contentUrl\":\"https:\/\/dev.93-93-113-41.plesk.page\/wp-content\/uploads\/2024\/01\/servidigest.png\",\"width\":808,\"height\":88,\"caption\":\"Servidigest\"},\"image\":{\"@id\":\"https:\/\/dev.93-93-113-41.plesk.page\/ca\/#\/schema\/logo\/image\/\"},\"sameAs\":[\"https:\/\/www.facebook.com\/servidigest\",\"https:\/\/x.com\/servidigest\"]}]}<\/script>\n<!-- \/ Yoast SEO plugin. -->","yoast_head_json":{"title":"FibroScan 502 Touch-CAP - Servidigest","description":"El FibroScan 502 Touch \u00e9s un dispositiu m\u00e8dic d'\u00faltima generaci\u00f3 que utilitza la tecnologia NO INVASIVA m\u00e9s avan\u00e7ada.","robots":{"index":"index","follow":"follow","max-snippet":"max-snippet:-1","max-image-preview":"max-image-preview:large","max-video-preview":"max-video-preview:-1"},"canonical":"https:\/\/dev.93-93-113-41.plesk.page\/ca\/serveis\/ecografia-i-elastografia\/fibroscan\/","og_locale":"ca_ES","og_type":"article","og_title":"FibroScan 502 Touch-CAP - Servidigest","og_description":"El FibroScan 502 Touch \u00e9s un dispositiu m\u00e8dic d'\u00faltima generaci\u00f3 que utilitza la tecnologia NO INVASIVA m\u00e9s avan\u00e7ada.","og_url":"https:\/\/dev.93-93-113-41.plesk.page\/ca\/serveis\/ecografia-i-elastografia\/fibroscan\/","og_site_name":"Servidigest","article_publisher":"https:\/\/www.facebook.com\/servidigest","article_modified_time":"2024-05-22T09:14:30+00:00","twitter_card":"summary_large_image","twitter_site":"@servidigest","twitter_misc":{"Est. reading time":"3 minutes"},"schema":{"@context":"https:\/\/schema.org","@graph":[{"@type":"WebPage","@id":"https:\/\/dev.93-93-113-41.plesk.page\/ca\/serveis\/ecografia-i-elastografia\/fibroscan\/","url":"https:\/\/dev.93-93-113-41.plesk.page\/ca\/serveis\/ecografia-i-elastografia\/fibroscan\/","name":"FibroScan 502 Touch-CAP - Servidigest","isPartOf":{"@id":"https:\/\/dev.93-93-113-41.plesk.page\/ca\/#website"},"datePublished":"2015-01-21T19:37:52+00:00","dateModified":"2024-05-22T09:14:30+00:00","description":"El FibroScan 502 Touch \u00e9s un dispositiu m\u00e8dic d'\u00faltima generaci\u00f3 que utilitza la tecnologia NO INVASIVA m\u00e9s avan\u00e7ada.","breadcrumb":{"@id":"https:\/\/dev.93-93-113-41.plesk.page\/ca\/serveis\/ecografia-i-elastografia\/fibroscan\/#breadcrumb"},"inLanguage":"ca","potentialAction":[{"@type":"ReadAction","target":["https:\/\/dev.93-93-113-41.plesk.page\/ca\/serveis\/ecografia-i-elastografia\/fibroscan\/"]}]},{"@type":"BreadcrumbList","@id":"https:\/\/dev.93-93-113-41.plesk.page\/ca\/serveis\/ecografia-i-elastografia\/fibroscan\/#breadcrumb","itemListElement":[{"@type":"ListItem","position":1,"name":"Serveis M\u00e8dics de Cl\u00ednica ServiDigest","item":"https:\/\/dev.93-93-113-41.plesk.page\/ca\/servicios\/"},{"@type":"ListItem","position":2,"name":"Ecografia i Elastografia","item":"https:\/\/dev.93-93-113-41.plesk.page\/ca\/serveis\/ecografia-i-elastografia\/"},{"@type":"ListItem","position":3,"name":"FibroScan 502 Touch-CAP"}]},{"@type":"WebSite","@id":"https:\/\/dev.93-93-113-41.plesk.page\/ca\/#website","url":"https:\/\/dev.93-93-113-41.plesk.page\/ca\/","name":"Servidigest","description":"","publisher":{"@id":"https:\/\/dev.93-93-113-41.plesk.page\/ca\/#organization"},"potentialAction":[{"@type":"SearchAction","target":{"@type":"EntryPoint","urlTemplate":"https:\/\/dev.93-93-113-41.plesk.page\/ca\/?s={search_term_string}"},"query-input":"required name=search_term_string"}],"inLanguage":"ca"},{"@type":"Organization","@id":"https:\/\/dev.93-93-113-41.plesk.page\/ca\/#organization","name":"Servidigest","url":"https:\/\/dev.93-93-113-41.plesk.page\/ca\/","logo":{"@type":"ImageObject","inLanguage":"ca","@id":"https:\/\/dev.93-93-113-41.plesk.page\/ca\/#\/schema\/logo\/image\/","url":"https:\/\/dev.93-93-113-41.plesk.page\/wp-content\/uploads\/2024\/01\/servidigest.png","contentUrl":"https:\/\/dev.93-93-113-41.plesk.page\/wp-content\/uploads\/2024\/01\/servidigest.png","width":808,"height":88,"caption":"Servidigest"},"image":{"@id":"https:\/\/dev.93-93-113-41.plesk.page\/ca\/#\/schema\/logo\/image\/"},"sameAs":["https:\/\/www.facebook.com\/servidigest","https:\/\/x.com\/servidigest"]}]}},"_links":{"self":[{"href":"https:\/\/dev.93-93-113-41.plesk.page\/ca\/wp-json\/wp\/v2\/pages\/7399","targetHints":{"allow":["GET"]}}],"collection":[{"href":"https:\/\/dev.93-93-113-41.plesk.page\/ca\/wp-json\/wp\/v2\/pages"}],"about":[{"href":"https:\/\/dev.93-93-113-41.plesk.page\/ca\/wp-json\/wp\/v2\/types\/page"}],"author":[{"embeddable":true,"href":"https:\/\/dev.93-93-113-41.plesk.page\/ca\/wp-json\/wp\/v2\/users\/1"}],"replies":[{"embeddable":true,"href":"https:\/\/dev.93-93-113-41.plesk.page\/ca\/wp-json\/wp\/v2\/comments?post=7399"}],"version-history":[{"count":3,"href":"https:\/\/dev.93-93-113-41.plesk.page\/ca\/wp-json\/wp\/v2\/pages\/7399\/revisions"}],"predecessor-version":[{"id":40213,"href":"https:\/\/dev.93-93-113-41.plesk.page\/ca\/wp-json\/wp\/v2\/pages\/7399\/revisions\/40213"}],"up":[{"embeddable":true,"href":"https:\/\/dev.93-93-113-41.plesk.page\/ca\/wp-json\/wp\/v2\/pages\/36472"}],"wp:attachment":[{"href":"https:\/\/dev.93-93-113-41.plesk.page\/ca\/wp-json\/wp\/v2\/media?parent=7399"}],"curies":[{"name":"wp","href":"https:\/\/api.w.org\/{rel}","templated":true}]}}